{"id":34733,"date":"2021-01-04T17:57:37","date_gmt":"2021-01-04T17:57:37","guid":{"rendered":"https:\/\/www.accuratereviews.com\/?page_id=34733"},"modified":"2021-01-25T15:15:28","modified_gmt":"2021-01-25T15:15:28","slug":"test-invite-recensione","status":"publish","type":"page","link":"https:\/\/www.accuratereviews.com\/it\/piattaforme-esami-online-lista\/test-invite-recensione\/","title":{"rendered":"Test Invite"},"content":{"rendered":"<p><b>Test Invite<\/b><span style=\"font-weight: 400;\"> \u00e8 un programma che permette a insegnanti, formatori e reclutatori di <\/span><b>creare esami online<\/b><span style=\"font-weight: 400;\"> per i propri studenti. Si tratta di un software basato sul <\/span><b>cloud <\/b><span style=\"font-weight: 400;\">tramite il quale puoi consultare una libreria delle valutazioni da cui trarre ispirazione per creare il tuo <\/span><b>test online<\/b><span style=\"font-weight: 400;\">. Per renderlo pi\u00f9 sicuro ed eliminare la possibilit\u00e0 di ingannare durante la prova, \u00e8 stato inserito il blocco del browser e la possibilit\u00e0 di registrare lo schermo dei partecipanti con la webcam.<br \/>\n<\/span><b> Test Invite<\/b><span style=\"font-weight: 400;\"> \u00e8 operativo dal 2015 ed \u00e8 utilizzato da pi\u00f9 di 5000 clienti proveniente da pi\u00f9 di 50 paesi. La sua popolarit\u00e0 \u00e8 dovuta alla facilit\u00e0 d\u2019uso, al <\/span><b>monitoraggio degli esami online<\/b><span style=\"font-weight: 400;\">, alle numerose funzionalit\u00e0 avanzate e alla sicurezza che offre. <\/span><span style=\"font-weight: 400;\"><br \/>\n<\/span><span style=\"font-weight: 400;\">Dispone inoltre di un canale YouTube in cui \u00e8 possibile trovare numerosi video tutorial che ti guideranno meglio nel suo utilizzo.<\/span><\/p>\n<h2>TEST INVITE &#8211; TUTORIAL<\/h2>\n<p>Diamo un&#8217;occhiata ad uno dei video del canale per capire meglio di cosa si occupa:<\/p>\n<div id=\"fluid-wrapper-counter-1\" class=\"g1-fluid-wrapper \" style=\"width:686px;\">\n<div style=\"padding-bottom:56.268221574344%;\"><iframe loading=\"lazy\" title=\"Test Invite Exam Software Overview\" width=\"686\" height=\"386\" src=\"https:\/\/www.youtube.com\/embed\/fVk4VNVZlb8?feature=oembed&amp;wmode=transparent&amp;autohide=1&amp;autoplay=0&amp;disablekb=0&amp;fs=1&amp;loop=0&amp;enablejsapi=1&amp;rel=0&amp;controls=2&amp;showinfo=0&amp;wmode=transparent&amp;autohide=2&amp;autoplay=0&amp;disablekb=0&amp;fs=1&amp;loop=0&amp;enablejsapi=1&amp;rel=0&amp;controls=2&amp;showinfo=1\" frameborder=\"0\" allow=\"accelerometer; autoplay; clipboard-write; encrypted-media; gyroscope; picture-in-picture\" allowfullscreen><\/iframe><\/div>\n<\/div>\n<h3>TEST INVITE &#8211; CARATTERISTICHE<\/h3>\n<p>Di seguito le sue principali caratteristiche:<\/p>\n<ul>\n<li style=\"font-weight: 400;\" aria-level=\"1\"><b>Creazione e preparazione degli esami<\/b><span style=\"font-weight: 400;\">: prepara e personalizza i tuoi esami utilizzando le funzioni avanzate di questo software. Suddividi il test in pi\u00f9 sezioni, mescolando le domande a tuo piacimento, impostando dei limiti di tempo, inserendo grafici e qualsiasi cosa tu voglia<\/span><\/li>\n<li style=\"font-weight: 400;\" aria-level=\"1\"><b>Banca delle domande<\/b><span style=\"font-weight: 400;\">: utilizza questa funzione per gestire e archiviare tutte le domande in apposite cartelle, raccolte in un luogo centrale, la Banca delle domande. Per trovarle, ti baster\u00e0 assegnare loro un tag personalizzato che ti permetter\u00e0 di scremare la ricerca e trovare subito quella che stai cercando<\/span><\/li>\n<li style=\"font-weight: 400;\" aria-level=\"1\"><b>Google Cloud<\/b><span style=\"font-weight: 400;\">: essendo basato sul Cloud, ti permette di effettuare moltissimi esami contemporaneamente<\/span><\/li>\n<li style=\"font-weight: 400;\" aria-level=\"1\"><b>Monitoraggio e controllo degli esami in tempo reale<\/b><span style=\"font-weight: 400;\">: resta aggiornato su ogni passaggio dell\u2019esame grazie all\u2019infrastruttura high-tech che ti consente di sapere quante persone e quali persone hanno iniziato il test, a quante domande hanno risposto e altro ancora<\/span><\/li>\n<li style=\"font-weight: 400;\" aria-level=\"1\"><b>Sistema di statistiche e report<\/b>: il software ti aggiorner\u00e0 costantemente sui progressi creando automaticamente report e statistiche sul numero delle risposte, delle visualizzazioni, delle pagine e del tempo trascorso.<\/li>\n<\/ul>\n<h3>LE RECENSIONI DEGLI UTENTI<\/h3>\n<p><strong>&#8220;Ottima piattaforma per testare i candidati&#8221;<\/strong><\/p>\n<p>IN GENERALE: test di candidati per il reclutamento<br \/>\nPRO: &#8211; facile da usare<br \/>\n&#8211; personalizzabile<br \/>\n&#8211; dal costo ragionevole<br \/>\n&#8211; con molteplici funzionalit\u00e0<br \/>\nCONTRO: il design non \u00e8 molto carino.\u00a0Alcuni bug e alcune funzionalit\u00e0 richiedono di contattare l&#8217;assistenza<\/p>\n<p><strong> &#8220;Esperienza utente positiva&#8221;<\/strong><br \/>\nIN GENERALE: ho avuto un&#8217;ottima esperienza con i candidati tecnologici, il feedback dei candidati che hanno utilizzato la piattaforma \u00e8 stato molto buono<br \/>\nPRO: Poter guardare in tempo reale, avendo vari tipi di domande. Oltre alle domande a scelta multipla, \u00e8 possibile creare domande aperte<br \/>\nCONTRO: La qualit\u00e0 video era molto scarsa, ma non so se fosse il mio dispositivo o il software, un valore di acquisto troppo alto, avrebbe potuto ridurre i piani offerti al servizio delle piccole imprese.<\/p>\n<p><strong>&#8220;Piattaforma di test facile da usare, ricca di idee a cui non avevi nemmeno pensato e con un ottimo rapporto qualit\u00e0-prezzo&#8221;<\/strong><br \/>\nIN GENERALE: emozionante, non vedo l&#8217;ora di continuare a usarlo<br \/>\nPRO: facilit\u00e0 di utilizzo, prezzo per test, assistenza clienti, attenzione alle richieste del cliente<br \/>\nCONTRO: alcune cose che mancano ancora, ma sono sicuro che verranno aggiunte al sistema nel prossimo futuro &#8211; come la possibilit\u00e0 di vedere facilmente un intero test nella sua &#8220;modalit\u00e0 di progettazione&#8221; (non anteprima).<\/p>\n","protected":false},"excerpt":{"rendered":"<p>Test Invite \u00e8 un programma che permette a insegnanti, formatori e reclutatori di creare esami online per i propri studenti. Si tratta di un software basato sul cloud tramite il quale puoi consultare una libreria delle valutazioni da cui trarre ispirazione per creare il tuo test online. <\/p>\n","protected":false},"author":17,"featured_media":34742,"parent":34687,"menu_order":0,"comment_status":"open","ping_status":"closed","template":"g1_template_page_review_new.php","meta":{"_acf_changed":false,"cwp_meta_box_check":"No","cwp_rev_product_name":"","cwp_rev_product_image":"","wppr_links":[],"cwp_rev_price":"","wppr_options":[],"wppr_pros":[],"wppr_cons":[],"_monsterinsights_skip_tracking":false,"_monsterinsights_sitenote_active":false,"_monsterinsights_sitenote_note":"","_monsterinsights_sitenote_category":0,"footnotes":""},"categories":[4660],"tags":[4692,4662,4666,3256,4661,4664,4663,4685],"features":[],"class_list":{"0":"post-34733","1":"page","2":"type-page","3":"status-publish","4":"has-post-thumbnail","6":"category-piattaforme-di-esami-online","7":"tag-didattica-online","8":"tag-esami-online","9":"tag-istruzione-online","10":"tag-learning-management-system","11":"tag-piattaforma-esami-online","12":"tag-programma-esami-online","13":"tag-software-esami-online","14":"tag-soluzione-per-esami-online"},"wppr_data":{"cwp_meta_box_check":"No"},"acf":[],"yoast_head":"<!-- This site is optimized with the Yoast SEO plugin v27.4 - https:\/\/yoast.com\/product\/yoast-seo-wordpress\/ -->\n<title>Test Invite: piattaforma di esami online recensione - Accurate Reviews<\/title>\n<meta name=\"description\" content=\"Test Invite: recensione del programma che permette a insegnanti, formatori e reclutatori di creare esami online per i propri studenti.\" \/>\n<meta name=\"robots\" content=\"index, follow, max-snippet:-1, max-image-preview:large, max-video-preview:-1\" \/>\n<link rel=\"canonical\" href=\"https:\/\/www.accuratereviews.com\/it\/piattaforme-esami-online-lista\/test-invite-recensione\/\" \/>\n<meta property=\"og:locale\" content=\"it_IT\" \/>\n<meta property=\"og:type\" content=\"article\" \/>\n<meta property=\"og:title\" content=\"Test Invite: piattaforma di esami online recensione - Accurate Reviews\" \/>\n<meta property=\"og:description\" content=\"Test Invite: recensione del programma che permette a insegnanti, formatori e reclutatori di creare esami online per i propri studenti.\" \/>\n<meta property=\"og:url\" content=\"https:\/\/www.accuratereviews.com\/it\/piattaforme-esami-online-lista\/test-invite-recensione\/\" \/>\n<meta property=\"og:site_name\" content=\"Accurate Reviews\" \/>\n<meta property=\"article:modified_time\" content=\"2021-01-25T15:15:28+00:00\" \/>\n<meta property=\"og:image\" content=\"https:\/\/www.accuratereviews.com\/wp-content\/uploads\/2021\/01\/Schermata-2021-01-04-alle-15.40.48-1.png\" \/>\n\t<meta property=\"og:image:width\" content=\"642\" \/>\n\t<meta property=\"og:image:height\" content=\"200\" \/>\n\t<meta property=\"og:image:type\" content=\"image\/png\" \/>\n<meta name=\"twitter:card\" content=\"summary_large_image\" \/>\n<meta name=\"twitter:label1\" content=\"Tempo di lettura stimato\" \/>\n\t<meta name=\"twitter:data1\" content=\"3 minuti\" \/>\n<script type=\"application\/ld+json\" class=\"yoast-schema-graph\">{\"@context\":\"https:\\\/\\\/schema.org\",\"@graph\":[{\"@type\":\"WebPage\",\"@id\":\"https:\\\/\\\/www.accuratereviews.com\\\/it\\\/piattaforme-esami-online-lista\\\/test-invite-recensione\\\/\",\"url\":\"https:\\\/\\\/www.accuratereviews.com\\\/it\\\/piattaforme-esami-online-lista\\\/test-invite-recensione\\\/\",\"name\":\"Test Invite: piattaforma di esami online recensione - Accurate Reviews\",\"isPartOf\":{\"@id\":\"https:\\\/\\\/www.accuratereviews.com\\\/it\\\/#website\"},\"primaryImageOfPage\":{\"@id\":\"https:\\\/\\\/www.accuratereviews.com\\\/it\\\/piattaforme-esami-online-lista\\\/test-invite-recensione\\\/#primaryimage\"},\"image\":{\"@id\":\"https:\\\/\\\/www.accuratereviews.com\\\/it\\\/piattaforme-esami-online-lista\\\/test-invite-recensione\\\/#primaryimage\"},\"thumbnailUrl\":\"https:\\\/\\\/www.accuratereviews.com\\\/wp-content\\\/uploads\\\/2021\\\/01\\\/Schermata-2021-01-04-alle-15.40.48-1.png\",\"datePublished\":\"2021-01-04T17:57:37+00:00\",\"dateModified\":\"2021-01-25T15:15:28+00:00\",\"description\":\"Test Invite: recensione del programma che permette a insegnanti, formatori e reclutatori di creare esami online per i propri studenti.\",\"breadcrumb\":{\"@id\":\"https:\\\/\\\/www.accuratereviews.com\\\/it\\\/piattaforme-esami-online-lista\\\/test-invite-recensione\\\/#breadcrumb\"},\"inLanguage\":\"it-IT\",\"potentialAction\":[{\"@type\":\"ReadAction\",\"target\":[\"https:\\\/\\\/www.accuratereviews.com\\\/it\\\/piattaforme-esami-online-lista\\\/test-invite-recensione\\\/\"]}]},{\"@type\":\"ImageObject\",\"inLanguage\":\"it-IT\",\"@id\":\"https:\\\/\\\/www.accuratereviews.com\\\/it\\\/piattaforme-esami-online-lista\\\/test-invite-recensione\\\/#primaryimage\",\"url\":\"https:\\\/\\\/www.accuratereviews.com\\\/wp-content\\\/uploads\\\/2021\\\/01\\\/Schermata-2021-01-04-alle-15.40.48-1.png\",\"contentUrl\":\"https:\\\/\\\/www.accuratereviews.com\\\/wp-content\\\/uploads\\\/2021\\\/01\\\/Schermata-2021-01-04-alle-15.40.48-1.png\",\"width\":642,\"height\":200},{\"@type\":\"BreadcrumbList\",\"@id\":\"https:\\\/\\\/www.accuratereviews.com\\\/it\\\/piattaforme-esami-online-lista\\\/test-invite-recensione\\\/#breadcrumb\",\"itemListElement\":[{\"@type\":\"ListItem\",\"position\":1,\"name\":\"Home\",\"item\":\"https:\\\/\\\/www.accuratereviews.com\\\/it\\\/\"},{\"@type\":\"ListItem\",\"position\":2,\"name\":\"Piattaforme di esami online\",\"item\":\"https:\\\/\\\/www.accuratereviews.com\\\/it\\\/piattaforme-esami-online-lista\\\/\"},{\"@type\":\"ListItem\",\"position\":3,\"name\":\"Test Invite\"}]},{\"@type\":\"WebSite\",\"@id\":\"https:\\\/\\\/www.accuratereviews.com\\\/it\\\/#website\",\"url\":\"https:\\\/\\\/www.accuratereviews.com\\\/it\\\/\",\"name\":\"Accurate Reviews\",\"description\":\"\",\"potentialAction\":[{\"@type\":\"SearchAction\",\"target\":{\"@type\":\"EntryPoint\",\"urlTemplate\":\"https:\\\/\\\/www.accuratereviews.com\\\/it\\\/?s={search_term_string}\"},\"query-input\":{\"@type\":\"PropertyValueSpecification\",\"valueRequired\":true,\"valueName\":\"search_term_string\"}}],\"inLanguage\":\"it-IT\"}]}<\/script>\n<!-- \/ Yoast SEO plugin. -->","yoast_head_json":{"title":"Test Invite: piattaforma di esami online recensione - Accurate Reviews","description":"Test Invite: recensione del programma che permette a insegnanti, formatori e reclutatori di creare esami online per i propri studenti.","robots":{"index":"index","follow":"follow","max-snippet":"max-snippet:-1","max-image-preview":"max-image-preview:large","max-video-preview":"max-video-preview:-1"},"canonical":"https:\/\/www.accuratereviews.com\/it\/piattaforme-esami-online-lista\/test-invite-recensione\/","og_locale":"it_IT","og_type":"article","og_title":"Test Invite: piattaforma di esami online recensione - Accurate Reviews","og_description":"Test Invite: recensione del programma che permette a insegnanti, formatori e reclutatori di creare esami online per i propri studenti.","og_url":"https:\/\/www.accuratereviews.com\/it\/piattaforme-esami-online-lista\/test-invite-recensione\/","og_site_name":"Accurate Reviews","article_modified_time":"2021-01-25T15:15:28+00:00","og_image":[{"width":642,"height":200,"url":"https:\/\/www.accuratereviews.com\/wp-content\/uploads\/2021\/01\/Schermata-2021-01-04-alle-15.40.48-1.png","type":"image\/png"}],"twitter_card":"summary_large_image","twitter_misc":{"Tempo di lettura stimato":"3 minuti"},"schema":{"@context":"https:\/\/schema.org","@graph":[{"@type":"WebPage","@id":"https:\/\/www.accuratereviews.com\/it\/piattaforme-esami-online-lista\/test-invite-recensione\/","url":"https:\/\/www.accuratereviews.com\/it\/piattaforme-esami-online-lista\/test-invite-recensione\/","name":"Test Invite: piattaforma di esami online recensione - Accurate Reviews","isPartOf":{"@id":"https:\/\/www.accuratereviews.com\/it\/#website"},"primaryImageOfPage":{"@id":"https:\/\/www.accuratereviews.com\/it\/piattaforme-esami-online-lista\/test-invite-recensione\/#primaryimage"},"image":{"@id":"https:\/\/www.accuratereviews.com\/it\/piattaforme-esami-online-lista\/test-invite-recensione\/#primaryimage"},"thumbnailUrl":"https:\/\/www.accuratereviews.com\/wp-content\/uploads\/2021\/01\/Schermata-2021-01-04-alle-15.40.48-1.png","datePublished":"2021-01-04T17:57:37+00:00","dateModified":"2021-01-25T15:15:28+00:00","description":"Test Invite: recensione del programma che permette a insegnanti, formatori e reclutatori di creare esami online per i propri studenti.","breadcrumb":{"@id":"https:\/\/www.accuratereviews.com\/it\/piattaforme-esami-online-lista\/test-invite-recensione\/#breadcrumb"},"inLanguage":"it-IT","potentialAction":[{"@type":"ReadAction","target":["https:\/\/www.accuratereviews.com\/it\/piattaforme-esami-online-lista\/test-invite-recensione\/"]}]},{"@type":"ImageObject","inLanguage":"it-IT","@id":"https:\/\/www.accuratereviews.com\/it\/piattaforme-esami-online-lista\/test-invite-recensione\/#primaryimage","url":"https:\/\/www.accuratereviews.com\/wp-content\/uploads\/2021\/01\/Schermata-2021-01-04-alle-15.40.48-1.png","contentUrl":"https:\/\/www.accuratereviews.com\/wp-content\/uploads\/2021\/01\/Schermata-2021-01-04-alle-15.40.48-1.png","width":642,"height":200},{"@type":"BreadcrumbList","@id":"https:\/\/www.accuratereviews.com\/it\/piattaforme-esami-online-lista\/test-invite-recensione\/#breadcrumb","itemListElement":[{"@type":"ListItem","position":1,"name":"Home","item":"https:\/\/www.accuratereviews.com\/it\/"},{"@type":"ListItem","position":2,"name":"Piattaforme di esami online","item":"https:\/\/www.accuratereviews.com\/it\/piattaforme-esami-online-lista\/"},{"@type":"ListItem","position":3,"name":"Test Invite"}]},{"@type":"WebSite","@id":"https:\/\/www.accuratereviews.com\/it\/#website","url":"https:\/\/www.accuratereviews.com\/it\/","name":"Accurate Reviews","description":"","potentialAction":[{"@type":"SearchAction","target":{"@type":"EntryPoint","urlTemplate":"https:\/\/www.accuratereviews.com\/it\/?s={search_term_string}"},"query-input":{"@type":"PropertyValueSpecification","valueRequired":true,"valueName":"search_term_string"}}],"inLanguage":"it-IT"}]}},"_links":{"self":[{"href":"https:\/\/www.accuratereviews.com\/it\/wp-json\/wp\/v2\/pages\/34733","targetHints":{"allow":["GET"]}}],"collection":[{"href":"https:\/\/www.accuratereviews.com\/it\/wp-json\/wp\/v2\/pages"}],"about":[{"href":"https:\/\/www.accuratereviews.com\/it\/wp-json\/wp\/v2\/types\/page"}],"author":[{"embeddable":true,"href":"https:\/\/www.accuratereviews.com\/it\/wp-json\/wp\/v2\/users\/17"}],"replies":[{"embeddable":true,"href":"https:\/\/www.accuratereviews.com\/it\/wp-json\/wp\/v2\/comments?post=34733"}],"version-history":[{"count":6,"href":"https:\/\/www.accuratereviews.com\/it\/wp-json\/wp\/v2\/pages\/34733\/revisions"}],"predecessor-version":[{"id":35928,"href":"https:\/\/www.accuratereviews.com\/it\/wp-json\/wp\/v2\/pages\/34733\/revisions\/35928"}],"up":[{"embeddable":true,"href":"https:\/\/www.accuratereviews.com\/it\/wp-json\/wp\/v2\/pages\/34687"}],"wp:featuredmedia":[{"embeddable":true,"href":"https:\/\/www.accuratereviews.com\/it\/wp-json\/wp\/v2\/media\/34742"}],"wp:attachment":[{"href":"https:\/\/www.accuratereviews.com\/it\/wp-json\/wp\/v2\/media?parent=34733"}],"wp:term":[{"taxonomy":"category","embeddable":true,"href":"https:\/\/www.accuratereviews.com\/it\/wp-json\/wp\/v2\/categories?post=34733"},{"taxonomy":"post_tag","embeddable":true,"href":"https:\/\/www.accuratereviews.com\/it\/wp-json\/wp\/v2\/tags?post=34733"},{"taxonomy":"features","embeddable":true,"href":"https:\/\/www.accuratereviews.com\/it\/wp-json\/wp\/v2\/features?post=34733"}],"curies":[{"name":"wp","href":"https:\/\/api.w.org\/{rel}","templated":true}]}}