{"id":34783,"date":"2021-01-05T13:05:10","date_gmt":"2021-01-05T13:05:10","guid":{"rendered":"https:\/\/www.accuratereviews.com\/?page_id=34783"},"modified":"2021-01-25T14:40:43","modified_gmt":"2021-01-25T14:40:43","slug":"proprofs-quiz-maker-recensione","status":"publish","type":"page","link":"https:\/\/www.accuratereviews.com\/it\/piattaforme-esami-online-lista\/proprofs-quiz-maker-recensione\/","title":{"rendered":"ProProfs Quiz Maker"},"content":{"rendered":"<p><strong>ProProfs Training Maker<\/strong> \u00e8 un <strong>sistema di gestione dell&#8217;apprendimento<\/strong> basato su <strong>cloud<\/strong> (LMS) e progettato per aziende di tutte le dimensioni che offre funzionalit\u00e0 di creazione di corsi, valutazioni, gestione delle certificazioni, registro dei voti e funzionalit\u00e0 di ecommerce all&#8217;interno di una unica suite.<span class=\"JLqJ4b\" data-language-for-alternatives=\"it\" data-language-to-translate-into=\"en\" data-phrase-index=\"1\"> <span class=\"JLqJ4b ChMk0b\" data-language-for-alternatives=\"it\" data-language-to-translate-into=\"en\" data-phrase-index=\"2\">Il punto forte del software \u00e8 il modulo di creazione dei quiz che consente agli utenti di condurre test di valutazione dall&#8217;interno della soluzione stessa. <strong>ProProfs<\/strong> offre la creazione di corsi utilizzando il proprio materiale di formazione con modelli predefiniti. Gli utenti possono anche caricare file multimediali come audio, video e documenti.\u00a0\u00c8 possibile accedere al modulo del programma in qualsiasi momento e in qualsiasi luogo su dispositivi mobili come smartphone e tablet.\u00a0<\/span><\/span><\/p>\n<h2>PROPROFS TRAINIG MAKER &#8211; TUTORIAL<\/h2>\n<p>Guardiamo insieme questo tutorial per imparare a creare dei test su misura per i propio studenti:<\/p>\n<div id=\"fluid-wrapper-counter-1\" class=\"g1-fluid-wrapper \" style=\"width:686px;\">\n<div style=\"padding-bottom:56.268221574344%;\"><iframe loading=\"lazy\" title=\"How to Create an Online Quiz in Under 5 Mins\" width=\"686\" height=\"386\" src=\"https:\/\/www.youtube.com\/embed\/xX1BG3WwRvM?feature=oembed&amp;wmode=transparent&amp;autohide=1&amp;autoplay=0&amp;disablekb=0&amp;fs=1&amp;loop=0&amp;enablejsapi=1&amp;rel=0&amp;controls=2&amp;showinfo=0&amp;wmode=transparent&amp;autohide=2&amp;autoplay=0&amp;disablekb=0&amp;fs=1&amp;loop=0&amp;enablejsapi=1&amp;rel=0&amp;controls=2&amp;showinfo=1\" frameborder=\"0\" allow=\"accelerometer; autoplay; clipboard-write; encrypted-media; gyroscope; picture-in-picture\" allowfullscreen><\/iframe><\/div>\n<\/div>\n<h3>PROPROFS TRAINIG MAKER &#8211; CARATTERISTICHE<\/h3>\n<ul>\n<li><strong>Scegli tra oltre 100 modelli<\/strong>:<span class=\"JLqJ4b\" data-language-for-alternatives=\"it\" data-language-to-translate-into=\"en\" data-phrase-index=\"1\"> <span class=\"JLqJ4b ChMk0b\" data-language-for-alternatives=\"it\" data-language-to-translate-into=\"en\" data-phrase-index=\"2\">Creare quiz \u00e8 facile. Libreria composta da oltre 100 modelli di quiz pronti per l&#8217;uso, ben progettati, con punteggio \u00a0che puoi modificare secondo la tua necessit\u00e0. In alternativa, puoi anche creare il tuo quiz da zero<\/span><\/span><\/li>\n<li><strong>Dai un titolo accattivante al quiz<\/strong>:<span class=\"JLqJ4b\" data-language-for-alternatives=\"it\" data-language-to-translate-into=\"en\" data-phrase-index=\"1\">\u00a0a<span class=\"JLqJ4b ChMk0b\" data-language-for-alternatives=\"it\" data-language-to-translate-into=\"en\" data-phrase-index=\"2\">ggiungi il nome del quiz e aggiorna la descrizione per far sapere agli utenti di cosa tratta<\/span><\/span><\/li>\n<li><strong>Aggiungi immagini e video<\/strong>:<span class=\"JLqJ4b\" data-language-for-alternatives=\"it\" data-language-to-translate-into=\"en\" data-phrase-index=\"3\"> <span class=\"JLqJ4b ChMk0b\" data-language-for-alternatives=\"it\" data-language-to-translate-into=\"en\" data-phrase-index=\"4\">puoi aggiungere contenuti multimediali non solo alle domande del quiz ma anche alle opzioni di risposta<\/span><\/span><\/li>\n<li><strong>Inserisci feedback istantaneo<\/strong>:<span class=\"JLqJ4b\" data-language-for-alternatives=\"it\" data-language-to-translate-into=\"en\" data-phrase-index=\"1\">\u00a0<span class=\"JLqJ4b ChMk0b\" data-language-for-alternatives=\"it\" data-language-to-translate-into=\"en\" data-phrase-index=\"2\">ti consente di aggiungere spiegazioni per le risposte corrette che aiuteranno gli studenti a comprendere meglio un argomento e rafforzare immediatamente concetti importanti<\/span><\/span><\/li>\n<li><strong>Configura le impostazioni del quiz<\/strong>:<span class=\"JLqJ4b\" data-language-for-alternatives=\"it\" data-language-to-translate-into=\"en\" data-phrase-index=\"1\">\u00a0s<span class=\"JLqJ4b ChMk0b\" data-language-for-alternatives=\"it\" data-language-to-translate-into=\"en\" data-phrase-index=\"2\">tabilisci se vuoi che il tuo quiz sia pubblico o privato e aggiungi una password. Imposta timer, branding, colori, sfondo, caratteri e altro ancora<\/span><\/span><\/li>\n<li><strong>Imposta punteggio, valutazione e risultati:<\/strong><span class=\"JLqJ4b\" data-language-for-alternatives=\"it\" data-language-to-translate-into=\"en\" data-phrase-index=\"1\">\u00a0i<span class=\"JLqJ4b ChMk0b\" data-language-for-alternatives=\"it\" data-language-to-translate-into=\"en\" data-phrase-index=\"2\">mposta il punteggio, l&#8217;ordine e la presentazione delle domande e se vuoi che le domande o le risposte siano mescolate. Personalizza il tuo certificato di completamento e scegli come desideri che vengano visualizzati i risultati del quiz.<\/span><\/span><\/li>\n<li><strong>Abilita acquisizione lead<\/strong>:<span class=\"JLqJ4b\" data-language-for-alternatives=\"it\" data-language-to-translate-into=\"en\" data-phrase-index=\"1\">\u00a0s<span class=\"JLqJ4b ChMk0b\" data-language-for-alternatives=\"it\" data-language-to-translate-into=\"en\" data-phrase-index=\"2\">eleziona le informazioni che desideri raccogliere dai partecipanti al quiz. Puoi scegliere di inserire il modulo per i lead all&#8217;inizio o alla fine del quiz. Puoi persino abilitare l&#8217;integrazione con il tuo strumento CRM come Mailchimp, Salesforce, Hubspot e automatizzare la generazione di lead<\/span><\/span><\/li>\n<li><strong>Condividi il tuo quiz:<\/strong> c<span class=\"JLqJ4b\" data-language-for-alternatives=\"it\" data-language-to-translate-into=\"en\" data-phrase-index=\"1\"><span class=\"JLqJ4b ChMk0b\" data-language-for-alternatives=\"it\" data-language-to-translate-into=\"en\" data-phrase-index=\"2\">ondividi facilmente il tuo quiz come link, email, social media o incorporalo direttamente nel tuo sito web o blog. Puoi inoltre creare un&#8217;aula virtuale in cui i tuoi studenti possono accedere e vedere tutti i quiz in sospeso e completi, ricevere annunci e altro ancora<\/span><\/span><\/li>\n<li><strong>Analizza i risultati con l&#8217;IA<\/strong>:<span class=\"JLqJ4b\" data-language-for-alternatives=\"it\" data-language-to-translate-into=\"en\" data-phrase-index=\"1\">\u00a0o<span class=\"JLqJ4b ChMk0b\" data-language-for-alternatives=\"it\" data-language-to-translate-into=\"en\" data-phrase-index=\"2\">ttieni rapporti in tempo reale su chi ha risposto al tuo quiz, quando ha risposto e come lo ha fatto<\/span><\/span><\/li>\n<\/ul>\n<h4>LE RECENSIONI DEGLI UTENTI<\/h4>\n<h4 class=\"font-weight-bold mb-1 d-flex align-items-center\">Kateri G.&#8221;Strumento utile per l&#8217;apprendimento online&#8221;<\/h4>\n<p><strong>Commenti: <\/strong>\u00c8 utile per le mie esigenze attuali. Mi piacerebbe vederlo diventare un processo pi\u00f9 semplice ed essere un po&#8217; pi\u00f9 attento a ci\u00f2 di cui hanno bisogno gli educatori.<\/p>\n<p><strong>Vantaggi: <\/strong>\u00c8 stato abbastanza facile mettere insieme un quiz per i miei studenti da svolgere da casa. Questo ci ha fatto risparmiare tempo in classe!<\/p>\n<p><strong>Inconvenienti: <\/strong>Mi piacerebbe che ci fossero pi\u00f9 impostazioni predefinite per un quiz online. C&#8217;erano molte impostazioni che ho dovuto regolare, mi sembra un po&#8217; noioso.<\/p>\n<h4 class=\"font-weight-bold mb-1 d-flex align-items-center\">Shaifali M.&#8221;Il miglior software per creare quiz online&#8221;<\/h4>\n<p><strong>Commenti: <\/strong>Nel complesso, la mia esperienza \u00e8 stata piuttosto deliziosa con ProProfs Quiz Maker. Puoi creare qualsiasi tipo di quiz scegliendo tra molti tipi di domande e valutazioni.<\/p>\n<p><strong>Vantaggi: <\/strong>Facile da usare.\u00a0100+ modelli.\u00a0Oltre 100.000 domande pronte per l&#8217;uso.\u00a0Etichetta bianca.\u00a0Protezione della password<\/p>\n<p><strong>Inconvenienti: <\/strong>Niente da non gradire. Altre funzionalit\u00e0 attese.<\/p>\n<h4 class=\"font-weight-bold mb-1 d-flex align-items-center\">Nimit K.&#8221;Formazione e valutazione efficienti&#8221;<\/h4>\n<p><strong>Vantaggi: <\/strong>Cosa ti \u00e8 piaciuto di pi\u00f9 di questo software? 100 caratteri.\u00a0La capacit\u00e0 di riutilizzare i contenuti e la libreria di valutazioni \u00e8 ci\u00f2 che mi \u00e8 piaciuto di pi\u00f9. Con la libreria diventa facile creare valutazioni.<\/p>\n<p><strong>Inconvenienti: <\/strong>L&#8217;ho amato totalmente. Non c&#8217;\u00e8 niente che mi piaccia di meno. \u00c8 un ottimo software con tutte le funzionalit\u00e0, le impostazioni e le configurazioni necessarie.<\/p>\n","protected":false},"excerpt":{"rendered":"<p>ProProfs Training Maker \u00e8 un sistema di gestione dell&#8217;apprendimento basato su cloud (LMS) progettato per aziende di tutte le dimensioni che offre funzionalit\u00e0 di creazione di corsi, valutazioni, gestione delle certificazioni, registro dei voti e funzionalit\u00e0 di ecommerce all&#8217;interno di una unica suite.<\/p>\n","protected":false},"author":19,"featured_media":34784,"parent":34687,"menu_order":0,"comment_status":"open","ping_status":"closed","template":"g1_template_page_review_new.php","meta":{"_acf_changed":false,"cwp_meta_box_check":"Yes","cwp_rev_product_name":"","cwp_rev_product_image":"","wppr_links":[],"cwp_rev_price":"","wppr_options":[],"wppr_pros":[],"wppr_cons":[],"_monsterinsights_skip_tracking":false,"_monsterinsights_sitenote_active":false,"_monsterinsights_sitenote_note":"","_monsterinsights_sitenote_category":0,"footnotes":""},"categories":[4660],"tags":[396,4662,4661,4664,4704,4663,4688],"features":[],"class_list":{"0":"post-34783","1":"page","2":"type-page","3":"status-publish","4":"has-post-thumbnail","6":"category-piattaforme-di-esami-online","7":"tag-cloud","8":"tag-esami-online","9":"tag-piattaforma-esami-online","10":"tag-programma-esami-online","11":"tag-proprofs-quiz-maker","12":"tag-software-esami-online","13":"tag-soluzione-esami-online"},"wppr_data":{"cwp_meta_box_check":"Yes","cwp_rev_product_name":"","cwp_rev_product_image":"","cwp_image_link":"image","cwp_rev_price":"","wppr_rating":"0.00"},"acf":[],"yoast_head":"<!-- This site is optimized with the Yoast SEO plugin v27.4 - https:\/\/yoast.com\/product\/yoast-seo-wordpress\/ -->\n<title>ProProfs Training Maker: software per esami online - Accurate Reviews<\/title>\n<meta name=\"description\" content=\"ProProfs Training Maker: recensione sistema di gestione dell&#039;apprendimento basato su cloud (LMS) progettato per aziende di tutte le dimensioni\" \/>\n<meta name=\"robots\" content=\"index, follow, max-snippet:-1, max-image-preview:large, max-video-preview:-1\" \/>\n<link rel=\"canonical\" href=\"https:\/\/www.accuratereviews.com\/it\/piattaforme-esami-online-lista\/proprofs-quiz-maker-recensione\/\" \/>\n<meta property=\"og:locale\" content=\"it_IT\" \/>\n<meta property=\"og:type\" content=\"article\" \/>\n<meta property=\"og:title\" content=\"ProProfs Training Maker: software per esami online - Accurate Reviews\" \/>\n<meta property=\"og:description\" content=\"ProProfs Training Maker: recensione sistema di gestione dell&#039;apprendimento basato su cloud (LMS) progettato per aziende di tutte le dimensioni\" \/>\n<meta property=\"og:url\" content=\"https:\/\/www.accuratereviews.com\/it\/piattaforme-esami-online-lista\/proprofs-quiz-maker-recensione\/\" \/>\n<meta property=\"og:site_name\" content=\"Accurate Reviews\" \/>\n<meta property=\"article:modified_time\" content=\"2021-01-25T14:40:43+00:00\" \/>\n<meta property=\"og:image\" content=\"https:\/\/www.accuratereviews.com\/wp-content\/uploads\/2021\/01\/quiz-maker.png\" \/>\n\t<meta property=\"og:image:width\" content=\"300\" \/>\n\t<meta property=\"og:image:height\" content=\"220\" \/>\n\t<meta property=\"og:image:type\" content=\"image\/png\" \/>\n<meta name=\"twitter:card\" content=\"summary_large_image\" \/>\n<meta name=\"twitter:label1\" content=\"Tempo di lettura stimato\" \/>\n\t<meta name=\"twitter:data1\" content=\"3 minuti\" \/>\n<script type=\"application\/ld+json\" class=\"yoast-schema-graph\">{\"@context\":\"https:\\\/\\\/schema.org\",\"@graph\":[{\"@type\":\"WebPage\",\"@id\":\"https:\\\/\\\/www.accuratereviews.com\\\/it\\\/piattaforme-esami-online-lista\\\/proprofs-quiz-maker-recensione\\\/\",\"url\":\"https:\\\/\\\/www.accuratereviews.com\\\/it\\\/piattaforme-esami-online-lista\\\/proprofs-quiz-maker-recensione\\\/\",\"name\":\"ProProfs Training Maker: software per esami online - Accurate Reviews\",\"isPartOf\":{\"@id\":\"https:\\\/\\\/www.accuratereviews.com\\\/it\\\/#website\"},\"primaryImageOfPage\":{\"@id\":\"https:\\\/\\\/www.accuratereviews.com\\\/it\\\/piattaforme-esami-online-lista\\\/proprofs-quiz-maker-recensione\\\/#primaryimage\"},\"image\":{\"@id\":\"https:\\\/\\\/www.accuratereviews.com\\\/it\\\/piattaforme-esami-online-lista\\\/proprofs-quiz-maker-recensione\\\/#primaryimage\"},\"thumbnailUrl\":\"https:\\\/\\\/www.accuratereviews.com\\\/wp-content\\\/uploads\\\/2021\\\/01\\\/quiz-maker.png\",\"datePublished\":\"2021-01-05T13:05:10+00:00\",\"dateModified\":\"2021-01-25T14:40:43+00:00\",\"description\":\"ProProfs Training Maker: recensione sistema di gestione dell'apprendimento basato su cloud (LMS) progettato per aziende di tutte le dimensioni\",\"breadcrumb\":{\"@id\":\"https:\\\/\\\/www.accuratereviews.com\\\/it\\\/piattaforme-esami-online-lista\\\/proprofs-quiz-maker-recensione\\\/#breadcrumb\"},\"inLanguage\":\"it-IT\",\"potentialAction\":[{\"@type\":\"ReadAction\",\"target\":[\"https:\\\/\\\/www.accuratereviews.com\\\/it\\\/piattaforme-esami-online-lista\\\/proprofs-quiz-maker-recensione\\\/\"]}]},{\"@type\":\"ImageObject\",\"inLanguage\":\"it-IT\",\"@id\":\"https:\\\/\\\/www.accuratereviews.com\\\/it\\\/piattaforme-esami-online-lista\\\/proprofs-quiz-maker-recensione\\\/#primaryimage\",\"url\":\"https:\\\/\\\/www.accuratereviews.com\\\/wp-content\\\/uploads\\\/2021\\\/01\\\/quiz-maker.png\",\"contentUrl\":\"https:\\\/\\\/www.accuratereviews.com\\\/wp-content\\\/uploads\\\/2021\\\/01\\\/quiz-maker.png\",\"width\":300,\"height\":220},{\"@type\":\"BreadcrumbList\",\"@id\":\"https:\\\/\\\/www.accuratereviews.com\\\/it\\\/piattaforme-esami-online-lista\\\/proprofs-quiz-maker-recensione\\\/#breadcrumb\",\"itemListElement\":[{\"@type\":\"ListItem\",\"position\":1,\"name\":\"Home\",\"item\":\"https:\\\/\\\/www.accuratereviews.com\\\/it\\\/\"},{\"@type\":\"ListItem\",\"position\":2,\"name\":\"Piattaforme di esami online\",\"item\":\"https:\\\/\\\/www.accuratereviews.com\\\/it\\\/piattaforme-esami-online-lista\\\/\"},{\"@type\":\"ListItem\",\"position\":3,\"name\":\"ProProfs Quiz Maker\"}]},{\"@type\":\"WebSite\",\"@id\":\"https:\\\/\\\/www.accuratereviews.com\\\/it\\\/#website\",\"url\":\"https:\\\/\\\/www.accuratereviews.com\\\/it\\\/\",\"name\":\"Accurate Reviews\",\"description\":\"\",\"potentialAction\":[{\"@type\":\"SearchAction\",\"target\":{\"@type\":\"EntryPoint\",\"urlTemplate\":\"https:\\\/\\\/www.accuratereviews.com\\\/it\\\/?s={search_term_string}\"},\"query-input\":{\"@type\":\"PropertyValueSpecification\",\"valueRequired\":true,\"valueName\":\"search_term_string\"}}],\"inLanguage\":\"it-IT\"}]}<\/script>\n<!-- \/ Yoast SEO plugin. -->","yoast_head_json":{"title":"ProProfs Training Maker: software per esami online - Accurate Reviews","description":"ProProfs Training Maker: recensione sistema di gestione dell'apprendimento basato su cloud (LMS) progettato per aziende di tutte le dimensioni","robots":{"index":"index","follow":"follow","max-snippet":"max-snippet:-1","max-image-preview":"max-image-preview:large","max-video-preview":"max-video-preview:-1"},"canonical":"https:\/\/www.accuratereviews.com\/it\/piattaforme-esami-online-lista\/proprofs-quiz-maker-recensione\/","og_locale":"it_IT","og_type":"article","og_title":"ProProfs Training Maker: software per esami online - Accurate Reviews","og_description":"ProProfs Training Maker: recensione sistema di gestione dell'apprendimento basato su cloud (LMS) progettato per aziende di tutte le dimensioni","og_url":"https:\/\/www.accuratereviews.com\/it\/piattaforme-esami-online-lista\/proprofs-quiz-maker-recensione\/","og_site_name":"Accurate Reviews","article_modified_time":"2021-01-25T14:40:43+00:00","og_image":[{"width":300,"height":220,"url":"https:\/\/www.accuratereviews.com\/wp-content\/uploads\/2021\/01\/quiz-maker.png","type":"image\/png"}],"twitter_card":"summary_large_image","twitter_misc":{"Tempo di lettura stimato":"3 minuti"},"schema":{"@context":"https:\/\/schema.org","@graph":[{"@type":"WebPage","@id":"https:\/\/www.accuratereviews.com\/it\/piattaforme-esami-online-lista\/proprofs-quiz-maker-recensione\/","url":"https:\/\/www.accuratereviews.com\/it\/piattaforme-esami-online-lista\/proprofs-quiz-maker-recensione\/","name":"ProProfs Training Maker: software per esami online - Accurate Reviews","isPartOf":{"@id":"https:\/\/www.accuratereviews.com\/it\/#website"},"primaryImageOfPage":{"@id":"https:\/\/www.accuratereviews.com\/it\/piattaforme-esami-online-lista\/proprofs-quiz-maker-recensione\/#primaryimage"},"image":{"@id":"https:\/\/www.accuratereviews.com\/it\/piattaforme-esami-online-lista\/proprofs-quiz-maker-recensione\/#primaryimage"},"thumbnailUrl":"https:\/\/www.accuratereviews.com\/wp-content\/uploads\/2021\/01\/quiz-maker.png","datePublished":"2021-01-05T13:05:10+00:00","dateModified":"2021-01-25T14:40:43+00:00","description":"ProProfs Training Maker: recensione sistema di gestione dell'apprendimento basato su cloud (LMS) progettato per aziende di tutte le dimensioni","breadcrumb":{"@id":"https:\/\/www.accuratereviews.com\/it\/piattaforme-esami-online-lista\/proprofs-quiz-maker-recensione\/#breadcrumb"},"inLanguage":"it-IT","potentialAction":[{"@type":"ReadAction","target":["https:\/\/www.accuratereviews.com\/it\/piattaforme-esami-online-lista\/proprofs-quiz-maker-recensione\/"]}]},{"@type":"ImageObject","inLanguage":"it-IT","@id":"https:\/\/www.accuratereviews.com\/it\/piattaforme-esami-online-lista\/proprofs-quiz-maker-recensione\/#primaryimage","url":"https:\/\/www.accuratereviews.com\/wp-content\/uploads\/2021\/01\/quiz-maker.png","contentUrl":"https:\/\/www.accuratereviews.com\/wp-content\/uploads\/2021\/01\/quiz-maker.png","width":300,"height":220},{"@type":"BreadcrumbList","@id":"https:\/\/www.accuratereviews.com\/it\/piattaforme-esami-online-lista\/proprofs-quiz-maker-recensione\/#breadcrumb","itemListElement":[{"@type":"ListItem","position":1,"name":"Home","item":"https:\/\/www.accuratereviews.com\/it\/"},{"@type":"ListItem","position":2,"name":"Piattaforme di esami online","item":"https:\/\/www.accuratereviews.com\/it\/piattaforme-esami-online-lista\/"},{"@type":"ListItem","position":3,"name":"ProProfs Quiz Maker"}]},{"@type":"WebSite","@id":"https:\/\/www.accuratereviews.com\/it\/#website","url":"https:\/\/www.accuratereviews.com\/it\/","name":"Accurate Reviews","description":"","potentialAction":[{"@type":"SearchAction","target":{"@type":"EntryPoint","urlTemplate":"https:\/\/www.accuratereviews.com\/it\/?s={search_term_string}"},"query-input":{"@type":"PropertyValueSpecification","valueRequired":true,"valueName":"search_term_string"}}],"inLanguage":"it-IT"}]}},"_links":{"self":[{"href":"https:\/\/www.accuratereviews.com\/it\/wp-json\/wp\/v2\/pages\/34783","targetHints":{"allow":["GET"]}}],"collection":[{"href":"https:\/\/www.accuratereviews.com\/it\/wp-json\/wp\/v2\/pages"}],"about":[{"href":"https:\/\/www.accuratereviews.com\/it\/wp-json\/wp\/v2\/types\/page"}],"author":[{"embeddable":true,"href":"https:\/\/www.accuratereviews.com\/it\/wp-json\/wp\/v2\/users\/19"}],"replies":[{"embeddable":true,"href":"https:\/\/www.accuratereviews.com\/it\/wp-json\/wp\/v2\/comments?post=34783"}],"version-history":[{"count":13,"href":"https:\/\/www.accuratereviews.com\/it\/wp-json\/wp\/v2\/pages\/34783\/revisions"}],"predecessor-version":[{"id":35916,"href":"https:\/\/www.accuratereviews.com\/it\/wp-json\/wp\/v2\/pages\/34783\/revisions\/35916"}],"up":[{"embeddable":true,"href":"https:\/\/www.accuratereviews.com\/it\/wp-json\/wp\/v2\/pages\/34687"}],"wp:featuredmedia":[{"embeddable":true,"href":"https:\/\/www.accuratereviews.com\/it\/wp-json\/wp\/v2\/media\/34784"}],"wp:attachment":[{"href":"https:\/\/www.accuratereviews.com\/it\/wp-json\/wp\/v2\/media?parent=34783"}],"wp:term":[{"taxonomy":"category","embeddable":true,"href":"https:\/\/www.accuratereviews.com\/it\/wp-json\/wp\/v2\/categories?post=34783"},{"taxonomy":"post_tag","embeddable":true,"href":"https:\/\/www.accuratereviews.com\/it\/wp-json\/wp\/v2\/tags?post=34783"},{"taxonomy":"features","embeddable":true,"href":"https:\/\/www.accuratereviews.com\/it\/wp-json\/wp\/v2\/features?post=34783"}],"curies":[{"name":"wp","href":"https:\/\/api.w.org\/{rel}","templated":true}]}}