{"id":34789,"date":"2021-01-05T13:02:30","date_gmt":"2021-01-05T13:02:30","guid":{"rendered":"https:\/\/www.accuratereviews.com\/?page_id=34789"},"modified":"2021-01-25T14:57:25","modified_gmt":"2021-01-25T14:57:25","slug":"surveylab-recensione","status":"publish","type":"page","link":"https:\/\/www.accuratereviews.com\/it\/piattaforme-esami-online-lista\/surveylab-recensione\/","title":{"rendered":"SurveyLab"},"content":{"rendered":"<p><b>SurveyLab<\/b><span style=\"font-weight: 400;\"> \u00e8 un ottimo <\/span><b>software per sondaggi onlin<\/b><span style=\"font-weight: 400;\">e multilingue, utilizzato infatti da oltre 85.000 persone in ben 40 paesi differenti. Si tratta di uno strumento professionale che consente di <\/span><b>creare test<\/b><span style=\"font-weight: 400;\">, ricerche di mercato, sondaggi sulla soddisfazione e il coinvolgimento dei clienti e dei dipendenti, sulle intercettazioni e su molto altro ancora. In questo modo potrai conoscere le opinioni riguardo la tua azienda ed essere in grado di migliorarti sempre. <\/span><span style=\"font-weight: 400;\"><br \/>\n<\/span><span style=\"font-weight: 400;\">Questa piattaforma per la <\/span><b>creazione di sondaggi online<\/b><span style=\"font-weight: 400;\"> dispone di un sistema reportistico davvero efficiente che gestisce tutto in modo automatico e in tempo reale quindi, una volta avviato il sondaggio, si generano automaticamente dei report che analizzano tutto ci\u00f2 che ti interesse. <\/span><span style=\"font-weight: 400;\"><br \/>\n<\/span><b>SurveyLab<\/b><span style=\"font-weight: 400;\"> non ha bisogno di nessuna installazione, basta collegarsi al browser web e registrarsi direttamente sul sito per iniziare.<\/span><\/p>\n<h2>COME FUNZIONA SURVEYLAB &#8211; TUTORIAL<\/h2>\n<p>Ecco un breve video che ci guida all&#8217;utilizzo di questo <strong>programma di sondaggi online<\/strong>:<\/p>\n<div id=\"fluid-wrapper-counter-1\" class=\"g1-fluid-wrapper \" style=\"width:686px;\">\n<div style=\"padding-bottom:56.268221574344%;\"><iframe loading=\"lazy\" title=\"SurveyLab Tips: Working With The Survey Editor (ENABLE SUBTITLES)\" width=\"686\" height=\"386\" src=\"https:\/\/www.youtube.com\/embed\/7UoM5W3xuhE?feature=oembed&amp;wmode=transparent&amp;autohide=1&amp;autoplay=0&amp;disablekb=0&amp;fs=1&amp;loop=0&amp;enablejsapi=1&amp;rel=0&amp;controls=2&amp;showinfo=0&amp;wmode=transparent&amp;autohide=2&amp;autoplay=0&amp;disablekb=0&amp;fs=1&amp;loop=0&amp;enablejsapi=1&amp;rel=0&amp;controls=2&amp;showinfo=1\" frameborder=\"0\" allow=\"accelerometer; autoplay; clipboard-write; encrypted-media; gyroscope; picture-in-picture\" allowfullscreen><\/iframe><\/div>\n<\/div>\n<h3>SURVEYLABS &#8211; CARATTERISTICHE<\/h3>\n<ul>\n<li style=\"font-weight: 400;\" aria-level=\"1\"><b>Sistema reportistico in tempo reale<\/b><span style=\"font-weight: 400;\">: non appena vengono raccolte le prime risponde dei sondaggi, vengono generati anche i report. In questo modo potrai avviare l\u2019analisi contemporaneamente all\u2019avvio del sondaggio, tenendo traccia delle opinioni e dei risultati che potranno essere esportati in un file PDF, Powerpoint, SPSS, Excel o .csv<\/span><\/li>\n<li style=\"font-weight: 400;\" aria-level=\"1\"><b>Automatizzazione del lavoro<\/b><span style=\"font-weight: 400;\">: grazie all\u2019integrazione con CRM, eShop, BI\/DWH \u00e8 possibile automatizzare i processi di ricerca e reporting per concentrarsi meglio sulla propria attivit\u00e0<br \/>\n<\/span><b><\/b><\/li>\n<li style=\"font-weight: 400;\" aria-level=\"1\"><b>Assistenza clienti dedicata<\/b><span style=\"font-weight: 400;\">: per qualsiasi dubbio, affidati al supporto clienti, creato su misura per le tue esigenze<br \/>\n<\/span><\/li>\n<li style=\"font-weight: 400;\" aria-level=\"1\"><b>Supporto mobile<\/b><span style=\"font-weight: 400;\">: crea un sondaggio e condividilo direttamente dal PC al tablet, al cellulare o anche tramite codice QR<\/span><\/li>\n<li style=\"font-weight: 400;\" aria-level=\"1\"><b>Supporto linguistico<\/b><span style=\"font-weight: 400;\">: crea questionari multilingue grazie a questo sistema che rileva automaticamente l&#8217;impostazione della lingua utilizzata dal browser per poi tradurla<br \/>\n<\/span><\/li>\n<li style=\"font-weight: 400;\" aria-level=\"1\"><b>Sicurezza<\/b><span style=\"font-weight: 400;\">: conformi al GDPR con password complesse, 2FA e con una forte crittografia della trasmissione dei dati, rendendoli sicuri<br \/>\n<\/span><b><\/b><\/li>\n<li style=\"font-weight: 400;\" aria-level=\"1\"><b>Integrazioni<\/b>: SurveyLab si integra con Google, Slack, LiveChat, Zendesk, Cint, Prestashop e altri numerosi programmi<\/li>\n<\/ul>\n<p>&nbsp;<\/p>\n<h4>LE RECENSIONI DEI CLIENTI<\/h4>\n<p><b>&#8220;Ottimo rapporto qualit\u00e0 prezzo grazie alla facilit\u00e0 d&#8217;uso e alla facilit\u00e0 di configurazione \/ traduzione multilingue&#8221;<\/b><b><br \/>\n<\/b><span style=\"font-weight: 400;\">IN GENERALE: Eccellente<\/span><span style=\"font-weight: 400;\"><br \/>\n<\/span><span style=\"font-weight: 400;\">PRO: &#8211; Facilit\u00e0 di utilizzo<\/span><span style=\"font-weight: 400;\"><br \/>\n<\/span><span style=\"font-weight: 400;\">\u00a0 \u00a0 \u00a0 \u00a0 \u00a0 \u00a0&#8211; Efficienza degli strumenti di progettazione<\/span><span style=\"font-weight: 400;\"><br \/>\n<\/span><span style=\"font-weight: 400;\">\u00a0 \u00a0 \u00a0 \u00a0 \u00a0 \u00a0&#8211; Configurazione multilingua<\/span><span style=\"font-weight: 400;\"><br \/>\n<\/span><span style=\"font-weight: 400;\">\u00a0 \u00a0 \u00a0 \u00a0 \u00a0 \u00a0&#8211; Supporto super veloce ed efficiente (tecnico e commerciale)<\/span><span style=\"font-weight: 400;\"><br \/>\n<\/span><span style=\"font-weight: 400;\">CONTRO: mi sento davvero un cliente molto difficile se scrivo qui qualcosa che non mi piace. Per il prezzo \u00e8 sicuramente una soluzione al top.<\/span><\/p>\n<p><b>&#8220;Strumento perfetto per la ricerca accademica&#8221;<\/b><b><br \/>\n<\/b><span style=\"font-weight: 400;\">PRO: L&#8217;interfaccia utente veloce e intuitiva consente una creazione semplice del sondaggio e velocizza l&#8217;intero processo. La possibilit\u00e0 di raccogliere dati molto utili consente di ridurre i tempi di elaborazione dei dati in futuro e fornisce ulteriori approfondimenti.<\/span><span style=\"font-weight: 400;\"><br \/>\n<\/span><b>CONTRO<\/b><span style=\"font-weight: 400;\">: ho avuto un piccolo problema con la manipolazione del numero di domanda, \u00e8 gestibile ma ha richiesto del tempo. A parte questo, non vedo alcun contro.<\/span><\/p>\n<p><b>&#8220;Ottimo kit, buona alternativa a Surveymonkey&#8221;<\/b><span style=\"font-weight: 400;\"><br \/>\n<\/span><span style=\"font-weight: 400;\">IN GENERALE: \u00c8 ideale per aziende\/agenzie della mia dimensione che non possono investire in un kit aziendale completo <\/span><span style=\"font-weight: 400;\"><br \/>\n<\/span><span style=\"font-weight: 400;\">PRO: Ha un sacco di funzionalit\u00e0 all&#8217;interno di ogni piano tariffario e gli sviluppatori rilasciano molte nuove funzionalit\u00e0 tutto il tempo.<\/span><span style=\"font-weight: 400;\"><br \/>\n<\/span><span style=\"font-weight: 400;\">CONTRO: Forse potrebbero inviare tramite e-mail ulteriori suggerimenti o notizie sui nuovi rilasci di funzioni.<\/span><\/p>\n","protected":false},"excerpt":{"rendered":"<p>SurveyLab \u00e8 un ottimo software per sondaggi online multilingue, utilizzato infatti da oltre 85.000 persone in ben 40 paesi differenti. Si tratta di uno strumento professionale che consente di creare test, ricerche di mercato, sondaggi sulla soddisfazione e il coinvolgimento dei clienti e dei dipendenti, sulle intercettazioni e su molto altro ancora. In questo modo potrai conoscere le opinioni riguardo la tua azienda ed essere in grado di migliorarti sempre.<\/p>\n","protected":false},"author":17,"featured_media":34794,"parent":34687,"menu_order":0,"comment_status":"open","ping_status":"closed","template":"g1_template_page_review_new.php","meta":{"_acf_changed":false,"cwp_meta_box_check":"No","cwp_rev_product_name":"","cwp_rev_product_image":"","wppr_links":[],"cwp_rev_price":"","wppr_options":[],"wppr_pros":[],"wppr_cons":[],"_monsterinsights_skip_tracking":false,"_monsterinsights_sitenote_active":false,"_monsterinsights_sitenote_note":"","_monsterinsights_sitenote_category":0,"footnotes":""},"categories":[4660],"tags":[4692,4662,4666,4683,4706,4664,4684,4705],"features":[],"class_list":{"0":"post-34789","1":"page","2":"type-page","3":"status-publish","4":"has-post-thumbnail","6":"category-piattaforme-di-esami-online","7":"tag-didattica-online","8":"tag-esami-online","9":"tag-istruzione-online","10":"tag-piattaforma-di-esami-online","11":"tag-programma-di-sondaggi-online","12":"tag-programma-esami-online","13":"tag-software-per-esami-online","14":"tag-sondaggi-online"},"wppr_data":{"cwp_meta_box_check":"No"},"acf":[],"yoast_head":"<!-- This site is optimized with the Yoast SEO plugin v27.4 - https:\/\/yoast.com\/product\/yoast-seo-wordpress\/ -->\n<title>SurveyLab: software sondaggi online recensione - Accurate Reviews<\/title>\n<meta name=\"description\" content=\"SurveyLab: recensione del software per sondaggi online multilingue, utilizzato infatti da oltre 85.000 persone in ben 40 paesi differenti.\" \/>\n<meta name=\"robots\" content=\"index, follow, max-snippet:-1, max-image-preview:large, max-video-preview:-1\" \/>\n<link rel=\"canonical\" href=\"https:\/\/www.accuratereviews.com\/it\/piattaforme-esami-online-lista\/surveylab-recensione\/\" \/>\n<meta property=\"og:locale\" content=\"it_IT\" \/>\n<meta property=\"og:type\" content=\"article\" \/>\n<meta property=\"og:title\" content=\"SurveyLab: software sondaggi online recensione - Accurate Reviews\" \/>\n<meta property=\"og:description\" content=\"SurveyLab: recensione del software per sondaggi online multilingue, utilizzato infatti da oltre 85.000 persone in ben 40 paesi differenti.\" \/>\n<meta property=\"og:url\" content=\"https:\/\/www.accuratereviews.com\/it\/piattaforme-esami-online-lista\/surveylab-recensione\/\" \/>\n<meta property=\"og:site_name\" content=\"Accurate Reviews\" \/>\n<meta property=\"article:modified_time\" content=\"2021-01-25T14:57:25+00:00\" \/>\n<meta property=\"og:image\" content=\"https:\/\/www.accuratereviews.com\/wp-content\/uploads\/2021\/01\/SurveyLab-Logo-Color-400-175-1.png\" \/>\n\t<meta property=\"og:image:width\" content=\"457\" \/>\n\t<meta property=\"og:image:height\" content=\"200\" \/>\n\t<meta property=\"og:image:type\" content=\"image\/png\" \/>\n<meta name=\"twitter:card\" content=\"summary_large_image\" \/>\n<meta name=\"twitter:label1\" content=\"Tempo di lettura stimato\" \/>\n\t<meta name=\"twitter:data1\" content=\"3 minuti\" \/>\n<script type=\"application\/ld+json\" class=\"yoast-schema-graph\">{\"@context\":\"https:\\\/\\\/schema.org\",\"@graph\":[{\"@type\":\"WebPage\",\"@id\":\"https:\\\/\\\/www.accuratereviews.com\\\/it\\\/piattaforme-esami-online-lista\\\/surveylab-recensione\\\/\",\"url\":\"https:\\\/\\\/www.accuratereviews.com\\\/it\\\/piattaforme-esami-online-lista\\\/surveylab-recensione\\\/\",\"name\":\"SurveyLab: software sondaggi online recensione - Accurate Reviews\",\"isPartOf\":{\"@id\":\"https:\\\/\\\/www.accuratereviews.com\\\/it\\\/#website\"},\"primaryImageOfPage\":{\"@id\":\"https:\\\/\\\/www.accuratereviews.com\\\/it\\\/piattaforme-esami-online-lista\\\/surveylab-recensione\\\/#primaryimage\"},\"image\":{\"@id\":\"https:\\\/\\\/www.accuratereviews.com\\\/it\\\/piattaforme-esami-online-lista\\\/surveylab-recensione\\\/#primaryimage\"},\"thumbnailUrl\":\"https:\\\/\\\/www.accuratereviews.com\\\/wp-content\\\/uploads\\\/2021\\\/01\\\/SurveyLab-Logo-Color-400-175-1.png\",\"datePublished\":\"2021-01-05T13:02:30+00:00\",\"dateModified\":\"2021-01-25T14:57:25+00:00\",\"description\":\"SurveyLab: recensione del software per sondaggi online multilingue, utilizzato infatti da oltre 85.000 persone in ben 40 paesi differenti.\",\"breadcrumb\":{\"@id\":\"https:\\\/\\\/www.accuratereviews.com\\\/it\\\/piattaforme-esami-online-lista\\\/surveylab-recensione\\\/#breadcrumb\"},\"inLanguage\":\"it-IT\",\"potentialAction\":[{\"@type\":\"ReadAction\",\"target\":[\"https:\\\/\\\/www.accuratereviews.com\\\/it\\\/piattaforme-esami-online-lista\\\/surveylab-recensione\\\/\"]}]},{\"@type\":\"ImageObject\",\"inLanguage\":\"it-IT\",\"@id\":\"https:\\\/\\\/www.accuratereviews.com\\\/it\\\/piattaforme-esami-online-lista\\\/surveylab-recensione\\\/#primaryimage\",\"url\":\"https:\\\/\\\/www.accuratereviews.com\\\/wp-content\\\/uploads\\\/2021\\\/01\\\/SurveyLab-Logo-Color-400-175-1.png\",\"contentUrl\":\"https:\\\/\\\/www.accuratereviews.com\\\/wp-content\\\/uploads\\\/2021\\\/01\\\/SurveyLab-Logo-Color-400-175-1.png\",\"width\":457,\"height\":200},{\"@type\":\"BreadcrumbList\",\"@id\":\"https:\\\/\\\/www.accuratereviews.com\\\/it\\\/piattaforme-esami-online-lista\\\/surveylab-recensione\\\/#breadcrumb\",\"itemListElement\":[{\"@type\":\"ListItem\",\"position\":1,\"name\":\"Home\",\"item\":\"https:\\\/\\\/www.accuratereviews.com\\\/it\\\/\"},{\"@type\":\"ListItem\",\"position\":2,\"name\":\"Piattaforme di esami online\",\"item\":\"https:\\\/\\\/www.accuratereviews.com\\\/it\\\/piattaforme-esami-online-lista\\\/\"},{\"@type\":\"ListItem\",\"position\":3,\"name\":\"SurveyLab\"}]},{\"@type\":\"WebSite\",\"@id\":\"https:\\\/\\\/www.accuratereviews.com\\\/it\\\/#website\",\"url\":\"https:\\\/\\\/www.accuratereviews.com\\\/it\\\/\",\"name\":\"Accurate Reviews\",\"description\":\"\",\"potentialAction\":[{\"@type\":\"SearchAction\",\"target\":{\"@type\":\"EntryPoint\",\"urlTemplate\":\"https:\\\/\\\/www.accuratereviews.com\\\/it\\\/?s={search_term_string}\"},\"query-input\":{\"@type\":\"PropertyValueSpecification\",\"valueRequired\":true,\"valueName\":\"search_term_string\"}}],\"inLanguage\":\"it-IT\"}]}<\/script>\n<!-- \/ Yoast SEO plugin. -->","yoast_head_json":{"title":"SurveyLab: software sondaggi online recensione - Accurate Reviews","description":"SurveyLab: recensione del software per sondaggi online multilingue, utilizzato infatti da oltre 85.000 persone in ben 40 paesi differenti.","robots":{"index":"index","follow":"follow","max-snippet":"max-snippet:-1","max-image-preview":"max-image-preview:large","max-video-preview":"max-video-preview:-1"},"canonical":"https:\/\/www.accuratereviews.com\/it\/piattaforme-esami-online-lista\/surveylab-recensione\/","og_locale":"it_IT","og_type":"article","og_title":"SurveyLab: software sondaggi online recensione - Accurate Reviews","og_description":"SurveyLab: recensione del software per sondaggi online multilingue, utilizzato infatti da oltre 85.000 persone in ben 40 paesi differenti.","og_url":"https:\/\/www.accuratereviews.com\/it\/piattaforme-esami-online-lista\/surveylab-recensione\/","og_site_name":"Accurate Reviews","article_modified_time":"2021-01-25T14:57:25+00:00","og_image":[{"width":457,"height":200,"url":"https:\/\/www.accuratereviews.com\/wp-content\/uploads\/2021\/01\/SurveyLab-Logo-Color-400-175-1.png","type":"image\/png"}],"twitter_card":"summary_large_image","twitter_misc":{"Tempo di lettura stimato":"3 minuti"},"schema":{"@context":"https:\/\/schema.org","@graph":[{"@type":"WebPage","@id":"https:\/\/www.accuratereviews.com\/it\/piattaforme-esami-online-lista\/surveylab-recensione\/","url":"https:\/\/www.accuratereviews.com\/it\/piattaforme-esami-online-lista\/surveylab-recensione\/","name":"SurveyLab: software sondaggi online recensione - Accurate Reviews","isPartOf":{"@id":"https:\/\/www.accuratereviews.com\/it\/#website"},"primaryImageOfPage":{"@id":"https:\/\/www.accuratereviews.com\/it\/piattaforme-esami-online-lista\/surveylab-recensione\/#primaryimage"},"image":{"@id":"https:\/\/www.accuratereviews.com\/it\/piattaforme-esami-online-lista\/surveylab-recensione\/#primaryimage"},"thumbnailUrl":"https:\/\/www.accuratereviews.com\/wp-content\/uploads\/2021\/01\/SurveyLab-Logo-Color-400-175-1.png","datePublished":"2021-01-05T13:02:30+00:00","dateModified":"2021-01-25T14:57:25+00:00","description":"SurveyLab: recensione del software per sondaggi online multilingue, utilizzato infatti da oltre 85.000 persone in ben 40 paesi differenti.","breadcrumb":{"@id":"https:\/\/www.accuratereviews.com\/it\/piattaforme-esami-online-lista\/surveylab-recensione\/#breadcrumb"},"inLanguage":"it-IT","potentialAction":[{"@type":"ReadAction","target":["https:\/\/www.accuratereviews.com\/it\/piattaforme-esami-online-lista\/surveylab-recensione\/"]}]},{"@type":"ImageObject","inLanguage":"it-IT","@id":"https:\/\/www.accuratereviews.com\/it\/piattaforme-esami-online-lista\/surveylab-recensione\/#primaryimage","url":"https:\/\/www.accuratereviews.com\/wp-content\/uploads\/2021\/01\/SurveyLab-Logo-Color-400-175-1.png","contentUrl":"https:\/\/www.accuratereviews.com\/wp-content\/uploads\/2021\/01\/SurveyLab-Logo-Color-400-175-1.png","width":457,"height":200},{"@type":"BreadcrumbList","@id":"https:\/\/www.accuratereviews.com\/it\/piattaforme-esami-online-lista\/surveylab-recensione\/#breadcrumb","itemListElement":[{"@type":"ListItem","position":1,"name":"Home","item":"https:\/\/www.accuratereviews.com\/it\/"},{"@type":"ListItem","position":2,"name":"Piattaforme di esami online","item":"https:\/\/www.accuratereviews.com\/it\/piattaforme-esami-online-lista\/"},{"@type":"ListItem","position":3,"name":"SurveyLab"}]},{"@type":"WebSite","@id":"https:\/\/www.accuratereviews.com\/it\/#website","url":"https:\/\/www.accuratereviews.com\/it\/","name":"Accurate Reviews","description":"","potentialAction":[{"@type":"SearchAction","target":{"@type":"EntryPoint","urlTemplate":"https:\/\/www.accuratereviews.com\/it\/?s={search_term_string}"},"query-input":{"@type":"PropertyValueSpecification","valueRequired":true,"valueName":"search_term_string"}}],"inLanguage":"it-IT"}]}},"_links":{"self":[{"href":"https:\/\/www.accuratereviews.com\/it\/wp-json\/wp\/v2\/pages\/34789","targetHints":{"allow":["GET"]}}],"collection":[{"href":"https:\/\/www.accuratereviews.com\/it\/wp-json\/wp\/v2\/pages"}],"about":[{"href":"https:\/\/www.accuratereviews.com\/it\/wp-json\/wp\/v2\/types\/page"}],"author":[{"embeddable":true,"href":"https:\/\/www.accuratereviews.com\/it\/wp-json\/wp\/v2\/users\/17"}],"replies":[{"embeddable":true,"href":"https:\/\/www.accuratereviews.com\/it\/wp-json\/wp\/v2\/comments?post=34789"}],"version-history":[{"count":7,"href":"https:\/\/www.accuratereviews.com\/it\/wp-json\/wp\/v2\/pages\/34789\/revisions"}],"predecessor-version":[{"id":35922,"href":"https:\/\/www.accuratereviews.com\/it\/wp-json\/wp\/v2\/pages\/34789\/revisions\/35922"}],"up":[{"embeddable":true,"href":"https:\/\/www.accuratereviews.com\/it\/wp-json\/wp\/v2\/pages\/34687"}],"wp:featuredmedia":[{"embeddable":true,"href":"https:\/\/www.accuratereviews.com\/it\/wp-json\/wp\/v2\/media\/34794"}],"wp:attachment":[{"href":"https:\/\/www.accuratereviews.com\/it\/wp-json\/wp\/v2\/media?parent=34789"}],"wp:term":[{"taxonomy":"category","embeddable":true,"href":"https:\/\/www.accuratereviews.com\/it\/wp-json\/wp\/v2\/categories?post=34789"},{"taxonomy":"post_tag","embeddable":true,"href":"https:\/\/www.accuratereviews.com\/it\/wp-json\/wp\/v2\/tags?post=34789"},{"taxonomy":"features","embeddable":true,"href":"https:\/\/www.accuratereviews.com\/it\/wp-json\/wp\/v2\/features?post=34789"}],"curies":[{"name":"wp","href":"https:\/\/api.w.org\/{rel}","templated":true}]}}