{"id":34805,"date":"2021-01-05T12:57:33","date_gmt":"2021-01-05T12:57:33","guid":{"rendered":"https:\/\/www.accuratereviews.com\/?page_id=34805"},"modified":"2021-01-25T14:22:17","modified_gmt":"2021-01-25T14:22:17","slug":"examsoft-recensione","status":"publish","type":"page","link":"https:\/\/www.accuratereviews.com\/it\/piattaforme-esami-online-lista\/examsoft-recensione\/","title":{"rendered":"ExamSoft"},"content":{"rendered":"<p><strong>ExamSoft<\/strong> \u00e8 una <strong>soluzione di valutazione<\/strong> che aiuta gli istituti di istruzione primaria e secondaria e di istruzione superiore, nonch\u00e9 le organizzazioni governative, a gestire gli esami e valutare le prestazioni complessive degli studenti. Consente agli educatori di generare automaticamente sequenze di domande casuali, bloccare l&#8217;accesso a internet agli studenti e utilizzare la sorveglianza con l&#8217;intelligenza artificiale per prevenire frodi negli esami. <strong>ExamSoft<\/strong> permette agli utenti di organizzare gli argomenti in pi\u00f9 categorie e valutare le prestazioni degli studenti in base al loro criterio. Consente di identificare rapidamente eventuali lacune nel curriculum mappando gli elementi di valutazione ai risultati del corso e agli standard di accreditamento. I valutatori possono definire, organizzare e applicare rubriche di punteggio a valutazioni soggettive come saggi, presentazioni, portfolio, valutazioni cliniche e altro ancora. Inoltre, il personale docente pu\u00f2 collaborare e scambiare feedback sui file delle domande importandoli e condividendoli su una piattaforma centralizzata.<\/p>\n<h2>EXAMSOFT &#8211; TUTORIAL<\/h2>\n<p>Guardiamo insieme il tutorial in cui mostra come utilizzare questo <strong>software per gli esami online<\/strong>:<\/p>\n<div id=\"fluid-wrapper-counter-1\" class=\"g1-fluid-wrapper \" style=\"width:686px;\">\n<div style=\"padding-bottom:56.268221574344%;\"><iframe loading=\"lazy\" title=\"ExamSoft Demonstration\" width=\"686\" height=\"386\" src=\"https:\/\/www.youtube.com\/embed\/gGkfCMtDrGg?feature=oembed&amp;wmode=transparent&amp;autohide=1&amp;autoplay=0&amp;disablekb=0&amp;fs=1&amp;loop=0&amp;enablejsapi=1&amp;rel=0&amp;controls=2&amp;showinfo=0&amp;wmode=transparent&amp;autohide=2&amp;autoplay=0&amp;disablekb=0&amp;fs=1&amp;loop=0&amp;enablejsapi=1&amp;rel=0&amp;controls=2&amp;showinfo=1\" frameborder=\"0\" allow=\"accelerometer; autoplay; clipboard-write; encrypted-media; gyroscope; picture-in-picture\" allowfullscreen><\/iframe><\/div>\n<\/div>\n<h3>EXAMSOFT &#8211; CARATTERISTICHE<\/h3>\n<ul>\n<li>Monitora e influenzare i risultati di apprendimento degli studenti<\/li>\n<li><span class=\"JLqJ4b\" data-language-for-alternatives=\"it\" data-language-to-translate-into=\"en\" data-phrase-index=\"1\"><span class=\"JLqJ4b ChMk0b\" data-language-for-alternatives=\"it\" data-language-to-translate-into=\"en\" data-phrase-index=\"2\">Aumenta i tassi di fidelizzazione identificando gli studenti a rischio bocciatura per una tempestivo intervento.<\/span><\/span><\/li>\n<li><span class=\"JLqJ4b\" data-language-for-alternatives=\"it\" data-language-to-translate-into=\"en\" data-phrase-index=\"1\"><span class=\"JLqJ4b ChMk0b\" data-language-for-alternatives=\"it\" data-language-to-translate-into=\"en\" data-phrase-index=\"2\">Mantieni la coerenza durante tutto il curriculum e il programma aziendale <\/span><\/span><\/li>\n<li><span class=\"JLqJ4b\" data-language-for-alternatives=\"it\" data-language-to-translate-into=\"en\" data-phrase-index=\"1\"><span class=\"JLqJ4b ChMk0b\" data-language-for-alternatives=\"it\" data-language-to-translate-into=\"en\" data-phrase-index=\"2\">Semplifica il completamento e l&#8217;invio di esami da parte degli studenti negli ambienti di esame <\/span><\/span><\/li>\n<li><span class=\"JLqJ4b\" data-language-for-alternatives=\"it\" data-language-to-translate-into=\"en\" data-phrase-index=\"1\"><span class=\"JLqJ4b ChMk0b\" data-language-for-alternatives=\"it\" data-language-to-translate-into=\"en\" data-phrase-index=\"2\">Classifica le domande dell&#8217;esame in base a obiettivi di licenza, obiettivi programmatici o standard di accreditamento e migliora lo sviluppo del curriculum <\/span><\/span><\/li>\n<li><span class=\"JLqJ4b\" data-language-for-alternatives=\"it\" data-language-to-translate-into=\"en\" data-phrase-index=\"1\"><span class=\"JLqJ4b ChMk0b\" data-language-for-alternatives=\"it\" data-language-to-translate-into=\"en\" data-phrase-index=\"2\">Fornisci prove degli standard di accreditamento AACSB <\/span><\/span><\/li>\n<li><span class=\"JLqJ4b\" data-language-for-alternatives=\"it\" data-language-to-translate-into=\"en\" data-phrase-index=\"1\"><span class=\"JLqJ4b ChMk0b\" data-language-for-alternatives=\"it\" data-language-to-translate-into=\"en\" data-phrase-index=\"2\">Scegli tra pi\u00f9 tipi di valutazione che si adattano alle esigenze del programma<\/span><\/span><\/li>\n<li><span class=\"JLqJ4b\" data-language-for-alternatives=\"it\" data-language-to-translate-into=\"en\" data-phrase-index=\"1\"><span class=\"JLqJ4b ChMk0b\" data-language-for-alternatives=\"it\" data-language-to-translate-into=\"en\" data-phrase-index=\"2\"> Crea rapporti dettagliati su punti di forza e opportunit\u00e0 e fornisci feedback personalizzati e basati sui dati che possono aumentare la fidelizzazione degli studenti<\/span><\/span><\/li>\n<\/ul>\n<h4>LE RECENSIONI DEGLI UTENTI<\/h4>\n<h4 class=\"font-weight-bold mb-1 d-flex align-items-center\">James S.&#8221;Software soddisfacente per gli esami&#8221;<\/h4>\n<p><strong>Commenti: <\/strong>Abbiamo utilizzato ExamSoft per diverse sessioni d&#8217;esame e non abbiamo mai riscontrato problemi di rilievo. Prodotto solido che fa quello che ti serve.<\/p>\n<p><strong>Vantaggi: <\/strong>ExamSoft non \u00e8 complicato. \u00c8 anche utile per esami di saggi pi\u00f9 lunghi grazie alle funzionalit\u00e0 di conteggio delle parole e al controllo ortografico automatico.<\/p>\n<p><strong>Inconvenienti: <\/strong>Non ha molte &#8220;funzionalit\u00e0&#8221;, ma non ne ha necessariamente bisogno. Forse alcuni modi in pi\u00f9 per l&#8217;utente di personalizzare le cose in termini di visualizzazione, ma di solito la maggior parte delle funzionalit\u00e0 sono impostate dall&#8217;amministratore \/ responsabile dell&#8217;esame.<\/p>\n<h4 class=\"font-weight-bold mb-1 d-flex align-items-center\">Sasha D.&#8221;Esami a distanza facilitati&#8221;<\/h4>\n<p><strong>Commenti: <\/strong>Il problema principale di ExamSoft \u00e8 la capacit\u00e0 di fornire un servizio clienti per facilitare molti candidati simultanei.<\/p>\n<p><strong>Vantaggi: <\/strong>ExamSoft ha facilitato gli esami a distanza come l&#8217;esame di avvocato quando quelli di persona sono stati annullati a causa di COVID. Questo era importante. L&#8217;interfaccia utente non \u00e8 difficile.<\/p>\n<p><strong>Inconvenienti: <\/strong>Il software pu\u00f2 essere difettoso, come dire agli utenti che hanno gi\u00e0 sostenuto un esame quando non l&#8217;hanno fatto e costringerli a chiamare il servizio clienti per un override. Anche i caricamenti richiedono un po &#8216;di tempo. Il software di monitoraggio remoto sembra molto sensibile anche a piccoli problemi come guardare fuori dalla finestra o lontano dallo schermo per alcuni secondi<\/p>\n<h4 class=\"font-weight-bold mb-1 d-flex align-items-center\">Reanna F.&#8221;Ottimo per le statistiche&#8221;<\/h4>\n<p><strong>Commenti: <\/strong>Come affermato in precedenza, questo \u00e8 un ottimo software per eseguire statistiche sulle domande degli esami. Rende anche la valutazione estremamente facile e semplice. Nel complesso, il bene supera il male.<\/p>\n<p><strong>Vantaggi: <\/strong>Questo software fornisce al creatore del test la possibilit\u00e0 di visualizzare le statistiche dei test di tutti i tipi. Ti mostra quanto \u00e8 stata difficile la tua domanda, quanto sono stati buoni i candidati della tua risposta e, soprattutto, come si sono comportati gli studenti su una determinata domanda. Rende facile valutare la qualit\u00e0 della domanda del test.<\/p>\n<p><strong>Inconvenienti: <\/strong>Ci sono state pi\u00f9 occasioni in cui gli studenti hanno dovuto riavviare il computer durante il tentativo di caricare un esame (dopo il download iniziale) all&#8217;inizio. L&#8217;unica cosa che funziona \u00e8 riavviare il computer. Questo pu\u00f2 aumentare i livelli di ansia e stress negli studenti che stanno per sostenere un esame importante ed \u00e8 un problema tecnico che dovrebbe essere affrontato.<\/p>\n","protected":false},"excerpt":{"rendered":"<p>ExamSoft \u00e8 una soluzione di valutazione che aiuta gli istituti di istruzione primaria e secondaria e di istruzione superiore, nonch\u00e9 le organizzazioni governative, a gestire gli esami e valutare le prestazioni complessive degli studenti. Consente agli educatori di generare automaticamente sequenze di domande casuali, bloccare l&#8217;accesso a Internet agli studenti e utilizzare la sorveglianza con l&#8217;intelligenza artificiale per prevenire frodi negli esami.<\/p>\n","protected":false},"author":19,"featured_media":34808,"parent":34687,"menu_order":0,"comment_status":"open","ping_status":"closed","template":"g1_template_page_review_new.php","meta":{"_acf_changed":false,"cwp_meta_box_check":"Yes","cwp_rev_product_name":"","cwp_rev_product_image":"","wppr_links":[],"cwp_rev_price":"","wppr_options":[],"wppr_pros":[],"wppr_cons":[],"_monsterinsights_skip_tracking":false,"_monsterinsights_sitenote_active":false,"_monsterinsights_sitenote_note":"","_monsterinsights_sitenote_category":0,"footnotes":""},"categories":[4660],"tags":[396,4662,4691,4707,4661,4664,4663,4688],"features":[],"class_list":{"0":"post-34805","1":"page","2":"type-page","3":"status-publish","4":"has-post-thumbnail","6":"category-piattaforme-di-esami-online","7":"tag-cloud","8":"tag-esami-online","9":"tag-exam-software","10":"tag-examsoft","11":"tag-piattaforma-esami-online","12":"tag-programma-esami-online","13":"tag-software-esami-online","14":"tag-soluzione-esami-online"},"wppr_data":{"cwp_meta_box_check":"Yes","cwp_rev_product_name":"","cwp_rev_product_image":"","cwp_image_link":"image","cwp_rev_price":"","wppr_rating":"0.00"},"acf":[],"yoast_head":"<!-- This site is optimized with the Yoast SEO plugin v27.4 - https:\/\/yoast.com\/product\/yoast-seo-wordpress\/ -->\n<title>ExamSoft: recensione software esamio online - Accurate Reviews<\/title>\n<meta name=\"description\" content=\"ExamSoft: recensione soluzione di valutazione che aiuta a gestire gli esami e valutare le prestazioni complessive degli studenti.\" \/>\n<meta name=\"robots\" content=\"index, follow, max-snippet:-1, max-image-preview:large, max-video-preview:-1\" \/>\n<link rel=\"canonical\" href=\"https:\/\/www.accuratereviews.com\/it\/piattaforme-esami-online-lista\/examsoft-recensione\/\" \/>\n<meta property=\"og:locale\" content=\"it_IT\" \/>\n<meta property=\"og:type\" content=\"article\" \/>\n<meta property=\"og:title\" content=\"ExamSoft: recensione software esamio online - Accurate Reviews\" \/>\n<meta property=\"og:description\" content=\"ExamSoft: recensione soluzione di valutazione che aiuta a gestire gli esami e valutare le prestazioni complessive degli studenti.\" \/>\n<meta property=\"og:url\" content=\"https:\/\/www.accuratereviews.com\/it\/piattaforme-esami-online-lista\/examsoft-recensione\/\" \/>\n<meta property=\"og:site_name\" content=\"Accurate Reviews\" \/>\n<meta property=\"article:modified_time\" content=\"2021-01-25T14:22:17+00:00\" \/>\n<meta property=\"og:image\" content=\"https:\/\/www.accuratereviews.com\/wp-content\/uploads\/2021\/01\/examsoft.jpg\" \/>\n\t<meta property=\"og:image:width\" content=\"800\" \/>\n\t<meta property=\"og:image:height\" content=\"230\" \/>\n\t<meta property=\"og:image:type\" content=\"image\/jpeg\" \/>\n<meta name=\"twitter:card\" content=\"summary_large_image\" \/>\n<meta name=\"twitter:label1\" content=\"Tempo di lettura stimato\" \/>\n\t<meta name=\"twitter:data1\" content=\"3 minuti\" \/>\n<script type=\"application\/ld+json\" class=\"yoast-schema-graph\">{\"@context\":\"https:\\\/\\\/schema.org\",\"@graph\":[{\"@type\":\"WebPage\",\"@id\":\"https:\\\/\\\/www.accuratereviews.com\\\/it\\\/piattaforme-esami-online-lista\\\/examsoft-recensione\\\/\",\"url\":\"https:\\\/\\\/www.accuratereviews.com\\\/it\\\/piattaforme-esami-online-lista\\\/examsoft-recensione\\\/\",\"name\":\"ExamSoft: recensione software esamio online - Accurate Reviews\",\"isPartOf\":{\"@id\":\"https:\\\/\\\/www.accuratereviews.com\\\/it\\\/#website\"},\"primaryImageOfPage\":{\"@id\":\"https:\\\/\\\/www.accuratereviews.com\\\/it\\\/piattaforme-esami-online-lista\\\/examsoft-recensione\\\/#primaryimage\"},\"image\":{\"@id\":\"https:\\\/\\\/www.accuratereviews.com\\\/it\\\/piattaforme-esami-online-lista\\\/examsoft-recensione\\\/#primaryimage\"},\"thumbnailUrl\":\"https:\\\/\\\/www.accuratereviews.com\\\/wp-content\\\/uploads\\\/2021\\\/01\\\/examsoft.jpg\",\"datePublished\":\"2021-01-05T12:57:33+00:00\",\"dateModified\":\"2021-01-25T14:22:17+00:00\",\"description\":\"ExamSoft: recensione soluzione di valutazione che aiuta a gestire gli esami e valutare le prestazioni complessive degli studenti.\",\"breadcrumb\":{\"@id\":\"https:\\\/\\\/www.accuratereviews.com\\\/it\\\/piattaforme-esami-online-lista\\\/examsoft-recensione\\\/#breadcrumb\"},\"inLanguage\":\"it-IT\",\"potentialAction\":[{\"@type\":\"ReadAction\",\"target\":[\"https:\\\/\\\/www.accuratereviews.com\\\/it\\\/piattaforme-esami-online-lista\\\/examsoft-recensione\\\/\"]}]},{\"@type\":\"ImageObject\",\"inLanguage\":\"it-IT\",\"@id\":\"https:\\\/\\\/www.accuratereviews.com\\\/it\\\/piattaforme-esami-online-lista\\\/examsoft-recensione\\\/#primaryimage\",\"url\":\"https:\\\/\\\/www.accuratereviews.com\\\/wp-content\\\/uploads\\\/2021\\\/01\\\/examsoft.jpg\",\"contentUrl\":\"https:\\\/\\\/www.accuratereviews.com\\\/wp-content\\\/uploads\\\/2021\\\/01\\\/examsoft.jpg\",\"width\":800,\"height\":230},{\"@type\":\"BreadcrumbList\",\"@id\":\"https:\\\/\\\/www.accuratereviews.com\\\/it\\\/piattaforme-esami-online-lista\\\/examsoft-recensione\\\/#breadcrumb\",\"itemListElement\":[{\"@type\":\"ListItem\",\"position\":1,\"name\":\"Home\",\"item\":\"https:\\\/\\\/www.accuratereviews.com\\\/it\\\/\"},{\"@type\":\"ListItem\",\"position\":2,\"name\":\"Piattaforme di esami online\",\"item\":\"https:\\\/\\\/www.accuratereviews.com\\\/it\\\/piattaforme-esami-online-lista\\\/\"},{\"@type\":\"ListItem\",\"position\":3,\"name\":\"ExamSoft\"}]},{\"@type\":\"WebSite\",\"@id\":\"https:\\\/\\\/www.accuratereviews.com\\\/it\\\/#website\",\"url\":\"https:\\\/\\\/www.accuratereviews.com\\\/it\\\/\",\"name\":\"Accurate Reviews\",\"description\":\"\",\"potentialAction\":[{\"@type\":\"SearchAction\",\"target\":{\"@type\":\"EntryPoint\",\"urlTemplate\":\"https:\\\/\\\/www.accuratereviews.com\\\/it\\\/?s={search_term_string}\"},\"query-input\":{\"@type\":\"PropertyValueSpecification\",\"valueRequired\":true,\"valueName\":\"search_term_string\"}}],\"inLanguage\":\"it-IT\"}]}<\/script>\n<!-- \/ Yoast SEO plugin. -->","yoast_head_json":{"title":"ExamSoft: recensione software esamio online - Accurate Reviews","description":"ExamSoft: recensione soluzione di valutazione che aiuta a gestire gli esami e valutare le prestazioni complessive degli studenti.","robots":{"index":"index","follow":"follow","max-snippet":"max-snippet:-1","max-image-preview":"max-image-preview:large","max-video-preview":"max-video-preview:-1"},"canonical":"https:\/\/www.accuratereviews.com\/it\/piattaforme-esami-online-lista\/examsoft-recensione\/","og_locale":"it_IT","og_type":"article","og_title":"ExamSoft: recensione software esamio online - Accurate Reviews","og_description":"ExamSoft: recensione soluzione di valutazione che aiuta a gestire gli esami e valutare le prestazioni complessive degli studenti.","og_url":"https:\/\/www.accuratereviews.com\/it\/piattaforme-esami-online-lista\/examsoft-recensione\/","og_site_name":"Accurate Reviews","article_modified_time":"2021-01-25T14:22:17+00:00","og_image":[{"width":800,"height":230,"url":"https:\/\/www.accuratereviews.com\/wp-content\/uploads\/2021\/01\/examsoft.jpg","type":"image\/jpeg"}],"twitter_card":"summary_large_image","twitter_misc":{"Tempo di lettura stimato":"3 minuti"},"schema":{"@context":"https:\/\/schema.org","@graph":[{"@type":"WebPage","@id":"https:\/\/www.accuratereviews.com\/it\/piattaforme-esami-online-lista\/examsoft-recensione\/","url":"https:\/\/www.accuratereviews.com\/it\/piattaforme-esami-online-lista\/examsoft-recensione\/","name":"ExamSoft: recensione software esamio online - Accurate Reviews","isPartOf":{"@id":"https:\/\/www.accuratereviews.com\/it\/#website"},"primaryImageOfPage":{"@id":"https:\/\/www.accuratereviews.com\/it\/piattaforme-esami-online-lista\/examsoft-recensione\/#primaryimage"},"image":{"@id":"https:\/\/www.accuratereviews.com\/it\/piattaforme-esami-online-lista\/examsoft-recensione\/#primaryimage"},"thumbnailUrl":"https:\/\/www.accuratereviews.com\/wp-content\/uploads\/2021\/01\/examsoft.jpg","datePublished":"2021-01-05T12:57:33+00:00","dateModified":"2021-01-25T14:22:17+00:00","description":"ExamSoft: recensione soluzione di valutazione che aiuta a gestire gli esami e valutare le prestazioni complessive degli studenti.","breadcrumb":{"@id":"https:\/\/www.accuratereviews.com\/it\/piattaforme-esami-online-lista\/examsoft-recensione\/#breadcrumb"},"inLanguage":"it-IT","potentialAction":[{"@type":"ReadAction","target":["https:\/\/www.accuratereviews.com\/it\/piattaforme-esami-online-lista\/examsoft-recensione\/"]}]},{"@type":"ImageObject","inLanguage":"it-IT","@id":"https:\/\/www.accuratereviews.com\/it\/piattaforme-esami-online-lista\/examsoft-recensione\/#primaryimage","url":"https:\/\/www.accuratereviews.com\/wp-content\/uploads\/2021\/01\/examsoft.jpg","contentUrl":"https:\/\/www.accuratereviews.com\/wp-content\/uploads\/2021\/01\/examsoft.jpg","width":800,"height":230},{"@type":"BreadcrumbList","@id":"https:\/\/www.accuratereviews.com\/it\/piattaforme-esami-online-lista\/examsoft-recensione\/#breadcrumb","itemListElement":[{"@type":"ListItem","position":1,"name":"Home","item":"https:\/\/www.accuratereviews.com\/it\/"},{"@type":"ListItem","position":2,"name":"Piattaforme di esami online","item":"https:\/\/www.accuratereviews.com\/it\/piattaforme-esami-online-lista\/"},{"@type":"ListItem","position":3,"name":"ExamSoft"}]},{"@type":"WebSite","@id":"https:\/\/www.accuratereviews.com\/it\/#website","url":"https:\/\/www.accuratereviews.com\/it\/","name":"Accurate Reviews","description":"","potentialAction":[{"@type":"SearchAction","target":{"@type":"EntryPoint","urlTemplate":"https:\/\/www.accuratereviews.com\/it\/?s={search_term_string}"},"query-input":{"@type":"PropertyValueSpecification","valueRequired":true,"valueName":"search_term_string"}}],"inLanguage":"it-IT"}]}},"_links":{"self":[{"href":"https:\/\/www.accuratereviews.com\/it\/wp-json\/wp\/v2\/pages\/34805","targetHints":{"allow":["GET"]}}],"collection":[{"href":"https:\/\/www.accuratereviews.com\/it\/wp-json\/wp\/v2\/pages"}],"about":[{"href":"https:\/\/www.accuratereviews.com\/it\/wp-json\/wp\/v2\/types\/page"}],"author":[{"embeddable":true,"href":"https:\/\/www.accuratereviews.com\/it\/wp-json\/wp\/v2\/users\/19"}],"replies":[{"embeddable":true,"href":"https:\/\/www.accuratereviews.com\/it\/wp-json\/wp\/v2\/comments?post=34805"}],"version-history":[{"count":11,"href":"https:\/\/www.accuratereviews.com\/it\/wp-json\/wp\/v2\/pages\/34805\/revisions"}],"predecessor-version":[{"id":35900,"href":"https:\/\/www.accuratereviews.com\/it\/wp-json\/wp\/v2\/pages\/34805\/revisions\/35900"}],"up":[{"embeddable":true,"href":"https:\/\/www.accuratereviews.com\/it\/wp-json\/wp\/v2\/pages\/34687"}],"wp:featuredmedia":[{"embeddable":true,"href":"https:\/\/www.accuratereviews.com\/it\/wp-json\/wp\/v2\/media\/34808"}],"wp:attachment":[{"href":"https:\/\/www.accuratereviews.com\/it\/wp-json\/wp\/v2\/media?parent=34805"}],"wp:term":[{"taxonomy":"category","embeddable":true,"href":"https:\/\/www.accuratereviews.com\/it\/wp-json\/wp\/v2\/categories?post=34805"},{"taxonomy":"post_tag","embeddable":true,"href":"https:\/\/www.accuratereviews.com\/it\/wp-json\/wp\/v2\/tags?post=34805"},{"taxonomy":"features","embeddable":true,"href":"https:\/\/www.accuratereviews.com\/it\/wp-json\/wp\/v2\/features?post=34805"}],"curies":[{"name":"wp","href":"https:\/\/api.w.org\/{rel}","templated":true}]}}