{"id":34873,"date":"2021-01-07T12:10:44","date_gmt":"2021-01-07T12:10:44","guid":{"rendered":"https:\/\/www.accuratereviews.com\/?page_id=34873"},"modified":"2021-01-25T11:26:24","modified_gmt":"2021-01-25T11:26:24","slug":"classtime-recensione","status":"publish","type":"page","link":"https:\/\/www.accuratereviews.com\/it\/piattaforme-esami-online-lista\/classtime-recensione\/","title":{"rendered":"Classtime"},"content":{"rendered":"<p><strong>Classtime<\/strong> \u00e8 un software sviluppato per apportare benefici principalmente alle scuole, agli istituti di apprendimento e alle aziende che prediligono la <strong>didattica online<\/strong>. Si tratta di una vera e propria <strong>piattaforma di esami online<\/strong> che pu\u00f2 essere utilizzata nel caso in cui l&#8217;apprendimento avvenga esclusivamente online o per affiancare le lezioni frontali a delle <strong>valutazioni online<\/strong> che vengono fatte immediatamente dopo la spiegazione in modo tale da valutare subito il livello di comprensione degli studenti.<br \/>\nGli insegnanti\u00a0potranno creare delle lezioni e degli esami pi\u00f9 accattivanti inserendo immagini o video di Youtube e\u00a0utilizzando anche la libreria delle domande, composta da pi\u00f9 di 30.000 domande pensate da esperti nel campo scolastico.\u00a0Per rendere tutto pi\u00f9 divertente,<strong> Classtime<\/strong> permette di creare delle sfide collaborative e dei puzzle da fare con i ragazzi cos\u00ec da coinvolgerli maggiormente e favorire al meglio l&#8217;apprendimento.<\/p>\n<h2>COME INIZIARE AD USARE CLASSTIME &#8211; TUTORIAL<\/h2>\n<p>Ecco un video tutorial che ci permetter\u00e0 di capire come funziona questa <strong>piattaforma di esami online<\/strong>:<\/p>\n<div id=\"fluid-wrapper-counter-1\" class=\"g1-fluid-wrapper \" style=\"width:686px;\">\n<div style=\"padding-bottom:56.268221574344%;\"><iframe loading=\"lazy\" title=\"Getting started with Classtime\" width=\"686\" height=\"386\" src=\"https:\/\/www.youtube.com\/embed\/99CKSnJPtog?feature=oembed&amp;wmode=transparent&amp;autohide=1&amp;autoplay=0&amp;disablekb=0&amp;fs=1&amp;loop=0&amp;enablejsapi=1&amp;rel=0&amp;controls=2&amp;showinfo=0&amp;wmode=transparent&amp;autohide=2&amp;autoplay=0&amp;disablekb=0&amp;fs=1&amp;loop=0&amp;enablejsapi=1&amp;rel=0&amp;controls=2&amp;showinfo=1\" frameborder=\"0\" allow=\"accelerometer; autoplay; clipboard-write; encrypted-media; gyroscope; picture-in-picture\" allowfullscreen><\/iframe><\/div>\n<\/div>\n<h3>CLASSTIME &#8211; CARATTERISTICHE<\/h3>\n<div>\n<ul>\n<li><strong>Libreria domande<\/strong>: scegli tra oltre 30.000 domande scelte accuratamente da educatori esperti<\/li>\n<li><strong>Domande tecnologiche<\/strong>: scegli tra i 9 tipi di domande tecnologiche (vero o falso, risposta aperta, scelta multipla, hot spot, categorizzazione, ordinamento, caselle di spunta ed evidenzia testo)<\/li>\n<li><strong>Annotazioni matematiche<\/strong>: utilizza il linguaggio di markup LaTex per le materie scientifiche<\/li>\n<li><strong>Apprendimento audiovisivo<\/strong>: coinvolgi i tuoi studenti inserendo immagini e video di Youtube tra le domande<\/li>\n<li><strong>Sfide collaborative<\/strong>: coinvolgi i tuoi studenti sviluppando una sfida collaborativa in cui tutto gira intorno ad un problema che dovranno risolvere<\/li>\n<li><strong>Valutazione automatica<\/strong><\/li>\n<li><strong>Sistema di analisi delle risposte<\/strong>: accedi ad una panoramica funzionale in cui potrai visualizzare e monitorare le risposte degli studenti, analizzando le loro prestazioni<\/li>\n<li><strong>Esportazione dei report<\/strong>: condividi i risultati degli esami con gli studenti esportando i report PDF ed Excel.<\/li>\n<\/ul>\n<h4>LE RECENSIONI DEGLI UTENTI<\/h4>\n<p><b>&#8220;Ottimo per valutazioni online&#8221;<br \/>\n<\/b>IN GENERALE: Sto allestendo la scuola online per il cliente e mi sono imbattuto in Classtime. Il suo utilizzo ci ha aiutato a integrare le valutazioni nel processo di apprendimento online e ad ottenere informazioni in tempo reale sui progressi dei nostri studenti.<br \/>\nPRO: \u00c8 efficiente e facile da usare, il che consente di risparmiare molto tempo ed \u00e8 fondamentale per chi \u00e8 alle prime armi con la tecnologia.<br \/>\nCONTRO: In realt\u00e0 non c&#8217;\u00e8 niente che non mi piaccia.<\/p>\n<p><b>&#8220;Eccezionale preparazione al test&#8221;<br \/>\n<\/b>IN GENERALE: Sono un consulente educativo che lo utilizza per la preparazione SBAC in classe. Posso indirizzare tutti gli standard con questo sito e persino aggiungere i miei video affinch\u00e9 gli studenti li analizzino. I bambini hanno reagito meravigliosamente ai puzzle e alle sfide dell&#8217;animazione. I bambini esultano quando ricevono le domande giuste e vedono i risultati sullo schermo.<br \/>\nPRO: Ci sono diversi tipi di domande da scegliere che mi aiutano a imitare le valutazioni SBAC. Sono anche molto facili da usare per fare i miei esami. Hanno una biblioteca legata alla Khan Academy e alcuni insegnanti veramente bravi hanno fatto valutazioni che hanno gi\u00e0 molti di questi tipi di domande incorporati. C&#8217;\u00e8 anche un aspetto di coinvolgimento in questo sito web che molti altri software non hanno.<\/p>\n<p><b>&#8220;Uno strumento cos\u00ec flessibile!&#8221;<br \/>\n<\/b>PRO: Ci sono tante cose che mi piacciono: i diversi tipi di domande, la possibilit\u00e0 di vedere i bambini dal vivo, il fatto che i bambini non devono avere un account. \u00c8 tutto fenomenale! Inoltre, l&#8217;interfaccia \u00e8 molto facile da usare. Non ci vuole tempo per abituarsi.<br \/>\nCONTRO: due cose: mi piacerebbe poter assegnare un blocco dove se gli studenti non rispondono bene non possono andare avanti. La seconda cosa che vorrei \u00e8 la corrispondenza delle domande.<\/p>\n<\/div>\n","protected":false},"excerpt":{"rendered":"<p>Classtime \u00e8 un software sviluppato per apportare benefici principalmente alle scuole, agli istituti di apprendimento e alle aziende che prediligono la didattica online. Si tratta di una vera e propria piattaforma di esami online che pu\u00f2 essere utilizzata nel caso in cui l&#8217;apprendimento avvenga esclusivamente online o per affiancare le lezioni frontali a delle valutazioni online che vengono fatte immediatamente dopo la spiegazione in modo tale da valutare subito il livello di comprensione degli studenti.<\/p>\n","protected":false},"author":17,"featured_media":34879,"parent":34687,"menu_order":0,"comment_status":"open","ping_status":"closed","template":"g1_template_page_review_new.php","meta":{"_acf_changed":false,"cwp_meta_box_check":"No","cwp_rev_product_name":"","cwp_rev_product_image":"","wppr_links":[],"cwp_rev_price":"","wppr_options":[],"wppr_pros":[],"wppr_cons":[],"_monsterinsights_skip_tracking":false,"_monsterinsights_sitenote_active":false,"_monsterinsights_sitenote_note":"","_monsterinsights_sitenote_category":0,"footnotes":""},"categories":[4660],"tags":[4682,4692,4662,4683,4664,4663,4688],"features":[],"class_list":{"0":"post-34873","1":"page","2":"type-page","3":"status-publish","4":"has-post-thumbnail","6":"category-piattaforme-di-esami-online","7":"tag-apprendimento-online","8":"tag-didattica-online","9":"tag-esami-online","10":"tag-piattaforma-di-esami-online","11":"tag-programma-esami-online","12":"tag-software-esami-online","13":"tag-soluzione-esami-online"},"wppr_data":{"cwp_meta_box_check":"No"},"acf":[],"yoast_head":"<!-- This site is optimized with the Yoast SEO plugin v27.4 - https:\/\/yoast.com\/product\/yoast-seo-wordpress\/ -->\n<title>Classtime: piattaforma di esami online recensione - Accurate Reviews<\/title>\n<meta name=\"description\" content=\"Classtime: recensione del software sviluppato principalmente per scuole e aziende che prediligono la didattica online.\" \/>\n<meta name=\"robots\" content=\"index, follow, max-snippet:-1, max-image-preview:large, max-video-preview:-1\" \/>\n<link rel=\"canonical\" href=\"https:\/\/www.accuratereviews.com\/it\/piattaforme-esami-online-lista\/classtime-recensione\/\" \/>\n<meta property=\"og:locale\" content=\"it_IT\" \/>\n<meta property=\"og:type\" content=\"article\" \/>\n<meta property=\"og:title\" content=\"Classtime: piattaforma di esami online recensione - Accurate Reviews\" \/>\n<meta property=\"og:description\" content=\"Classtime: recensione del software sviluppato principalmente per scuole e aziende che prediligono la didattica online.\" \/>\n<meta property=\"og:url\" content=\"https:\/\/www.accuratereviews.com\/it\/piattaforme-esami-online-lista\/classtime-recensione\/\" \/>\n<meta property=\"og:site_name\" content=\"Accurate Reviews\" \/>\n<meta property=\"article:modified_time\" content=\"2021-01-25T11:26:24+00:00\" \/>\n<meta property=\"og:image\" content=\"https:\/\/www.accuratereviews.com\/wp-content\/uploads\/2021\/01\/classtime-750x400-1.png\" \/>\n\t<meta property=\"og:image:width\" content=\"750\" \/>\n\t<meta property=\"og:image:height\" content=\"400\" \/>\n\t<meta property=\"og:image:type\" content=\"image\/png\" \/>\n<meta name=\"twitter:card\" content=\"summary_large_image\" \/>\n<meta name=\"twitter:label1\" content=\"Tempo di lettura stimato\" \/>\n\t<meta name=\"twitter:data1\" content=\"3 minuti\" \/>\n<script type=\"application\/ld+json\" class=\"yoast-schema-graph\">{\"@context\":\"https:\\\/\\\/schema.org\",\"@graph\":[{\"@type\":\"WebPage\",\"@id\":\"https:\\\/\\\/www.accuratereviews.com\\\/it\\\/piattaforme-esami-online-lista\\\/classtime-recensione\\\/\",\"url\":\"https:\\\/\\\/www.accuratereviews.com\\\/it\\\/piattaforme-esami-online-lista\\\/classtime-recensione\\\/\",\"name\":\"Classtime: piattaforma di esami online recensione - Accurate Reviews\",\"isPartOf\":{\"@id\":\"https:\\\/\\\/www.accuratereviews.com\\\/it\\\/#website\"},\"primaryImageOfPage\":{\"@id\":\"https:\\\/\\\/www.accuratereviews.com\\\/it\\\/piattaforme-esami-online-lista\\\/classtime-recensione\\\/#primaryimage\"},\"image\":{\"@id\":\"https:\\\/\\\/www.accuratereviews.com\\\/it\\\/piattaforme-esami-online-lista\\\/classtime-recensione\\\/#primaryimage\"},\"thumbnailUrl\":\"https:\\\/\\\/www.accuratereviews.com\\\/wp-content\\\/uploads\\\/2021\\\/01\\\/classtime-750x400-1.png\",\"datePublished\":\"2021-01-07T12:10:44+00:00\",\"dateModified\":\"2021-01-25T11:26:24+00:00\",\"description\":\"Classtime: recensione del software sviluppato principalmente per scuole e aziende che prediligono la didattica online.\",\"breadcrumb\":{\"@id\":\"https:\\\/\\\/www.accuratereviews.com\\\/it\\\/piattaforme-esami-online-lista\\\/classtime-recensione\\\/#breadcrumb\"},\"inLanguage\":\"it-IT\",\"potentialAction\":[{\"@type\":\"ReadAction\",\"target\":[\"https:\\\/\\\/www.accuratereviews.com\\\/it\\\/piattaforme-esami-online-lista\\\/classtime-recensione\\\/\"]}]},{\"@type\":\"ImageObject\",\"inLanguage\":\"it-IT\",\"@id\":\"https:\\\/\\\/www.accuratereviews.com\\\/it\\\/piattaforme-esami-online-lista\\\/classtime-recensione\\\/#primaryimage\",\"url\":\"https:\\\/\\\/www.accuratereviews.com\\\/wp-content\\\/uploads\\\/2021\\\/01\\\/classtime-750x400-1.png\",\"contentUrl\":\"https:\\\/\\\/www.accuratereviews.com\\\/wp-content\\\/uploads\\\/2021\\\/01\\\/classtime-750x400-1.png\",\"width\":750,\"height\":400},{\"@type\":\"BreadcrumbList\",\"@id\":\"https:\\\/\\\/www.accuratereviews.com\\\/it\\\/piattaforme-esami-online-lista\\\/classtime-recensione\\\/#breadcrumb\",\"itemListElement\":[{\"@type\":\"ListItem\",\"position\":1,\"name\":\"Home\",\"item\":\"https:\\\/\\\/www.accuratereviews.com\\\/it\\\/\"},{\"@type\":\"ListItem\",\"position\":2,\"name\":\"Piattaforme di esami online\",\"item\":\"https:\\\/\\\/www.accuratereviews.com\\\/it\\\/piattaforme-esami-online-lista\\\/\"},{\"@type\":\"ListItem\",\"position\":3,\"name\":\"Classtime\"}]},{\"@type\":\"WebSite\",\"@id\":\"https:\\\/\\\/www.accuratereviews.com\\\/it\\\/#website\",\"url\":\"https:\\\/\\\/www.accuratereviews.com\\\/it\\\/\",\"name\":\"Accurate Reviews\",\"description\":\"\",\"potentialAction\":[{\"@type\":\"SearchAction\",\"target\":{\"@type\":\"EntryPoint\",\"urlTemplate\":\"https:\\\/\\\/www.accuratereviews.com\\\/it\\\/?s={search_term_string}\"},\"query-input\":{\"@type\":\"PropertyValueSpecification\",\"valueRequired\":true,\"valueName\":\"search_term_string\"}}],\"inLanguage\":\"it-IT\"}]}<\/script>\n<!-- \/ Yoast SEO plugin. -->","yoast_head_json":{"title":"Classtime: piattaforma di esami online recensione - Accurate Reviews","description":"Classtime: recensione del software sviluppato principalmente per scuole e aziende che prediligono la didattica online.","robots":{"index":"index","follow":"follow","max-snippet":"max-snippet:-1","max-image-preview":"max-image-preview:large","max-video-preview":"max-video-preview:-1"},"canonical":"https:\/\/www.accuratereviews.com\/it\/piattaforme-esami-online-lista\/classtime-recensione\/","og_locale":"it_IT","og_type":"article","og_title":"Classtime: piattaforma di esami online recensione - Accurate Reviews","og_description":"Classtime: recensione del software sviluppato principalmente per scuole e aziende che prediligono la didattica online.","og_url":"https:\/\/www.accuratereviews.com\/it\/piattaforme-esami-online-lista\/classtime-recensione\/","og_site_name":"Accurate Reviews","article_modified_time":"2021-01-25T11:26:24+00:00","og_image":[{"width":750,"height":400,"url":"https:\/\/www.accuratereviews.com\/wp-content\/uploads\/2021\/01\/classtime-750x400-1.png","type":"image\/png"}],"twitter_card":"summary_large_image","twitter_misc":{"Tempo di lettura stimato":"3 minuti"},"schema":{"@context":"https:\/\/schema.org","@graph":[{"@type":"WebPage","@id":"https:\/\/www.accuratereviews.com\/it\/piattaforme-esami-online-lista\/classtime-recensione\/","url":"https:\/\/www.accuratereviews.com\/it\/piattaforme-esami-online-lista\/classtime-recensione\/","name":"Classtime: piattaforma di esami online recensione - Accurate Reviews","isPartOf":{"@id":"https:\/\/www.accuratereviews.com\/it\/#website"},"primaryImageOfPage":{"@id":"https:\/\/www.accuratereviews.com\/it\/piattaforme-esami-online-lista\/classtime-recensione\/#primaryimage"},"image":{"@id":"https:\/\/www.accuratereviews.com\/it\/piattaforme-esami-online-lista\/classtime-recensione\/#primaryimage"},"thumbnailUrl":"https:\/\/www.accuratereviews.com\/wp-content\/uploads\/2021\/01\/classtime-750x400-1.png","datePublished":"2021-01-07T12:10:44+00:00","dateModified":"2021-01-25T11:26:24+00:00","description":"Classtime: recensione del software sviluppato principalmente per scuole e aziende che prediligono la didattica online.","breadcrumb":{"@id":"https:\/\/www.accuratereviews.com\/it\/piattaforme-esami-online-lista\/classtime-recensione\/#breadcrumb"},"inLanguage":"it-IT","potentialAction":[{"@type":"ReadAction","target":["https:\/\/www.accuratereviews.com\/it\/piattaforme-esami-online-lista\/classtime-recensione\/"]}]},{"@type":"ImageObject","inLanguage":"it-IT","@id":"https:\/\/www.accuratereviews.com\/it\/piattaforme-esami-online-lista\/classtime-recensione\/#primaryimage","url":"https:\/\/www.accuratereviews.com\/wp-content\/uploads\/2021\/01\/classtime-750x400-1.png","contentUrl":"https:\/\/www.accuratereviews.com\/wp-content\/uploads\/2021\/01\/classtime-750x400-1.png","width":750,"height":400},{"@type":"BreadcrumbList","@id":"https:\/\/www.accuratereviews.com\/it\/piattaforme-esami-online-lista\/classtime-recensione\/#breadcrumb","itemListElement":[{"@type":"ListItem","position":1,"name":"Home","item":"https:\/\/www.accuratereviews.com\/it\/"},{"@type":"ListItem","position":2,"name":"Piattaforme di esami online","item":"https:\/\/www.accuratereviews.com\/it\/piattaforme-esami-online-lista\/"},{"@type":"ListItem","position":3,"name":"Classtime"}]},{"@type":"WebSite","@id":"https:\/\/www.accuratereviews.com\/it\/#website","url":"https:\/\/www.accuratereviews.com\/it\/","name":"Accurate Reviews","description":"","potentialAction":[{"@type":"SearchAction","target":{"@type":"EntryPoint","urlTemplate":"https:\/\/www.accuratereviews.com\/it\/?s={search_term_string}"},"query-input":{"@type":"PropertyValueSpecification","valueRequired":true,"valueName":"search_term_string"}}],"inLanguage":"it-IT"}]}},"_links":{"self":[{"href":"https:\/\/www.accuratereviews.com\/it\/wp-json\/wp\/v2\/pages\/34873","targetHints":{"allow":["GET"]}}],"collection":[{"href":"https:\/\/www.accuratereviews.com\/it\/wp-json\/wp\/v2\/pages"}],"about":[{"href":"https:\/\/www.accuratereviews.com\/it\/wp-json\/wp\/v2\/types\/page"}],"author":[{"embeddable":true,"href":"https:\/\/www.accuratereviews.com\/it\/wp-json\/wp\/v2\/users\/17"}],"replies":[{"embeddable":true,"href":"https:\/\/www.accuratereviews.com\/it\/wp-json\/wp\/v2\/comments?post=34873"}],"version-history":[{"count":6,"href":"https:\/\/www.accuratereviews.com\/it\/wp-json\/wp\/v2\/pages\/34873\/revisions"}],"predecessor-version":[{"id":35867,"href":"https:\/\/www.accuratereviews.com\/it\/wp-json\/wp\/v2\/pages\/34873\/revisions\/35867"}],"up":[{"embeddable":true,"href":"https:\/\/www.accuratereviews.com\/it\/wp-json\/wp\/v2\/pages\/34687"}],"wp:featuredmedia":[{"embeddable":true,"href":"https:\/\/www.accuratereviews.com\/it\/wp-json\/wp\/v2\/media\/34879"}],"wp:attachment":[{"href":"https:\/\/www.accuratereviews.com\/it\/wp-json\/wp\/v2\/media?parent=34873"}],"wp:term":[{"taxonomy":"category","embeddable":true,"href":"https:\/\/www.accuratereviews.com\/it\/wp-json\/wp\/v2\/categories?post=34873"},{"taxonomy":"post_tag","embeddable":true,"href":"https:\/\/www.accuratereviews.com\/it\/wp-json\/wp\/v2\/tags?post=34873"},{"taxonomy":"features","embeddable":true,"href":"https:\/\/www.accuratereviews.com\/it\/wp-json\/wp\/v2\/features?post=34873"}],"curies":[{"name":"wp","href":"https:\/\/api.w.org\/{rel}","templated":true}]}}