{"id":34875,"date":"2021-01-07T12:06:41","date_gmt":"2021-01-07T12:06:41","guid":{"rendered":"https:\/\/www.accuratereviews.com\/?page_id=34875"},"modified":"2021-01-25T15:04:30","modified_gmt":"2021-01-25T15:04:30","slug":"talview-recensione","status":"publish","type":"page","link":"https:\/\/www.accuratereviews.com\/it\/piattaforme-esami-online-lista\/talview-recensione\/","title":{"rendered":"Talview"},"content":{"rendered":"<p><strong>Talview<\/strong> \u00e8 una<strong> piattaforma basata su cloud<\/strong> che assiste i reclutatori nella <strong>gestione delle valutazioni online<\/strong> per i candidati.\u00a0<span class=\"JLqJ4b ChMk0b\" data-language-for-alternatives=\"it\" data-language-to-translate-into=\"en\" data-phrase-index=\"1\">Le caratteristiche principali includono il monitoraggio delle attivit\u00e0, l&#8217;autenticazione, l&#8217;automazione dei processi, l&#8217;intervista video, il monitoraggio delle prestazioni e il reporting.<span class=\"JLqJ4b\" data-language-for-alternatives=\"it\" data-language-to-translate-into=\"en\" data-phrase-index=\"2\"> La piattaforma <strong>Talview<\/strong> consente agli amministratori di creare valutazioni come test di saggio e di codifica, nonch\u00e9 di configurare flussi di lavoro per lo screening dei talenti. La sua modalit\u00e0 di monitoraggio remoto segnala le attivit\u00e0 sospette, consentendo ai team di avvisare o bloccare i candidati che violano l&#8217;integrit\u00e0 dei test. Inoltre, i reclutatori utilizzano uno strumento video abilitato all&#8217;intelligenza artificiale per intervistare i candidati tramite dispositivi mobili. Il software aiuta i manager a generare report MIS personalizzabili sulle prestazioni di candidati, individui singoli e team.<\/span><\/span><\/p>\n<h2>TALVIEW &#8211; TUTORIAL<\/h2>\n<p>Guardiamo come \u00e8 semplice intervistare i nuovi dipendenti usando questo <strong>software di esami online<\/strong>:<\/p>\n<div id=\"fluid-wrapper-counter-1\" class=\"g1-fluid-wrapper \" style=\"width:686px;\">\n<div style=\"padding-bottom:56.268221574344%;\"><iframe loading=\"lazy\" title=\"Talview and SAP SuccessFactors Video Interview Overview\" width=\"686\" height=\"386\" src=\"https:\/\/www.youtube.com\/embed\/REaQMayLFsc?feature=oembed&amp;wmode=transparent&amp;autohide=1&amp;autoplay=0&amp;disablekb=0&amp;fs=1&amp;loop=0&amp;enablejsapi=1&amp;rel=0&amp;controls=2&amp;showinfo=0&amp;wmode=transparent&amp;autohide=2&amp;autoplay=0&amp;disablekb=0&amp;fs=1&amp;loop=0&amp;enablejsapi=1&amp;rel=0&amp;controls=2&amp;showinfo=1\" frameborder=\"0\" allow=\"accelerometer; autoplay; clipboard-write; encrypted-media; gyroscope; picture-in-picture\" allowfullscreen><\/iframe><\/div>\n<\/div>\n<p>&nbsp;<\/p>\n<h2>TALVIEW &#8211; CARATTERISTICHE<\/h2>\n<ul>\n<li><span class=\"JLqJ4b ChMk0b\" data-language-for-alternatives=\"it\" data-language-to-translate-into=\"en\" data-phrase-index=\"5\"><strong>Remoto, automatizza e riutilizza<\/strong>: queste funzioni aiutano i reclutatori di grandi aziende come Cognizant, HCL, Sephora e Nestl\u00e9 ad assumere in remoto, automatizzare i processi di reclutamento banali e riutilizzare i dati di assunzione<\/span><\/li>\n<li><strong>Pianificazione del colloquio<\/strong>:<span class=\"JLqJ4b\" data-language-for-alternatives=\"it\" data-language-to-translate-into=\"en\" data-phrase-index=\"1\">\u00a0l<span class=\"JLqJ4b ChMk0b\" data-language-for-alternatives=\"it\" data-language-to-translate-into=\"en\" data-phrase-index=\"2\">a soluzione riduce la necessit\u00e0 di pianificare il colloquio e automatizza il resto in modo da non perdere mai pi\u00f9 tempo a programmare un colloquio. Questo approccio ha aiutato i clienti a eliminare virtualmente la mancata presentazione e l&#8217;abbandono dei candidati, tanto che il numero di candidati che hanno completato i colloqui \u00e8 migliorato dal 50% al 95%<\/span><\/span><\/li>\n<li><strong>Facile collaborazione con i responsabili delle assunzioni<\/strong>: il software aiuta i team di reclutamento a lavorare insieme, rimanere sulla stessa pagina, valutare correttamente i candidati e prendere decisioni migliori velocemente<\/li>\n<li><strong>Integrazioni ATS popolari<\/strong>:<span class=\"JLqJ4b\" data-language-for-alternatives=\"it\" data-language-to-translate-into=\"en\" data-phrase-index=\"1\"> <span class=\"JLqJ4b ChMk0b\" data-language-for-alternatives=\"it\" data-language-to-translate-into=\"en\" data-phrase-index=\"2\">la soluzione integrata, offre partnership e integrazioni standard con partner aziendali, tra cui Microsoft, SAP, IBM, Taleo, SmartRecruiters, iCIMS, Greenhouse e altri ancora per rendere l&#8217;implementazione e l&#8217;utilizzo del software senza problemi<\/span><\/span><\/li>\n<li><strong>Sicurezza e riutilizzo dei dati end-to-end:<\/strong><span class=\"JLqJ4b\" data-language-for-alternatives=\"it\" data-language-to-translate-into=\"en\" data-phrase-index=\"1\">\u00a0i<span class=\"JLqJ4b ChMk0b\" data-language-for-alternatives=\"it\" data-language-to-translate-into=\"en\" data-phrase-index=\"2\"> dati sono la linfa vitale della tua azienda. Il programma garantisce la conformit\u00e0 ai requisiti globali, tra cui GDPR e California Consumer Privacy Acts e altro ancora<\/span><\/span><\/li>\n<\/ul>\n<h4>LE RECENSIONI DEGLI UTENTI<\/h4>\n<h4 class=\"font-weight-bold mb-1 d-flex align-items-center\">Omarie P.&#8221;Ottimo per intervistare!&#8221;<\/h4>\n<p><strong>Vantaggi: <\/strong>Usiamo questo religiosamente per il processo di assunzione. Lo rende molto pi\u00f9 semplice e semplifica davvero le domande dell&#8217;intervista, la riproduzione e altro ancora attraverso il video.<\/p>\n<p><strong>Inconvenienti: <\/strong>A volte un po&#8217; pesante, ma nel complesso \u00e8 fantastico, non ho alcun svantaggio o lamentela per questo software.<\/p>\n<h4 class=\"font-weight-bold mb-1 d-flex align-items-center\">Adonis S.&#8221;Modo interattivo per intervistare i candidati&#8221;<\/h4>\n<p><strong>Vantaggi: <\/strong>Le Video Interviste Talview aiutano il personale delle risorse umane o anche il management a selezionare candidati qualificati anche a lunga distanza. La registrazione video \u00e8 utile per rivedere ogni candidato selezionato e non solo rivedere il proprio curriculum.<\/p>\n<p><strong>Inconvenienti: <\/strong>Assicurati di avere una lista di controllo del questionario prima di fare l&#8217;intervista per evitare di perdere informazioni importanti.<\/p>\n<h4 class=\"font-weight-bold mb-1 d-flex align-items-center\">Shefali K.\u00a0&#8220;Applicazione sorprendente per il reclutamento nel campus&#8221;<\/h4>\n<p><strong>Commenti: <\/strong>Lo strumento \u00e8 un&#8217;applicazione straordinaria ed \u00e8 molto facile da usare, il supporto e il servizio clienti sono ottimi e il team \u00e8 sempre disponibile. Ci aiuta molto durante i nostri viaggi nel Campus e ci facilita il reclutamento.<\/p>\n<p><strong>Vantaggi: <\/strong>Aiuta a gestire le nostre unit\u00e0 da remoto, molto facile da usare, ottimo servizio clienti e supporto.<\/p>\n<p><strong>Inconvenienti: <\/strong>sarebbe fantastico se potessero supportare anche i contenuti.<\/p>\n","protected":false},"excerpt":{"rendered":"<p>Talview \u00e8 una piattaforma basata su cloud che assiste i reclutatori nella gestione delle valutazioni online per i candidati.\u00a0Le caratteristiche principali includono il monitoraggio delle attivit\u00e0, l&#8217;autenticazione, l&#8217;automazione dei processi, l&#8217;intervista video, il monitoraggio delle prestazioni e il reporting.<\/p>\n","protected":false},"author":19,"featured_media":34876,"parent":34687,"menu_order":0,"comment_status":"open","ping_status":"closed","template":"g1_template_page_review_new.php","meta":{"_acf_changed":false,"cwp_meta_box_check":"Yes","cwp_rev_product_name":"","cwp_rev_product_image":"","wppr_links":[],"cwp_rev_price":"","wppr_options":[],"wppr_pros":[],"wppr_cons":[],"_monsterinsights_skip_tracking":false,"_monsterinsights_sitenote_active":false,"_monsterinsights_sitenote_note":"","_monsterinsights_sitenote_category":0,"footnotes":""},"categories":[4660],"tags":[396,4662,4661,4664,4663,4688,4719],"features":[],"class_list":{"0":"post-34875","1":"page","2":"type-page","3":"status-publish","4":"has-post-thumbnail","6":"category-piattaforme-di-esami-online","7":"tag-cloud","8":"tag-esami-online","9":"tag-piattaforma-esami-online","10":"tag-programma-esami-online","11":"tag-software-esami-online","12":"tag-soluzione-esami-online","13":"tag-talview"},"wppr_data":{"cwp_meta_box_check":"Yes","cwp_rev_product_name":"","cwp_rev_product_image":"","cwp_image_link":"image","cwp_rev_price":"","wppr_rating":"0.00"},"acf":[],"yoast_head":"<!-- This site is optimized with the Yoast SEO plugin v27.4 - https:\/\/yoast.com\/product\/yoast-seo-wordpress\/ -->\n<title>Talview: recensione software per esami online - Accurate Reviews<\/title>\n<meta name=\"description\" content=\"Talview: recensione piattaforma basata su cloud che assiste i reclutatori nella gestione delle valutazioni online per i candidati.\" \/>\n<meta name=\"robots\" content=\"index, follow, max-snippet:-1, max-image-preview:large, max-video-preview:-1\" \/>\n<link rel=\"canonical\" href=\"https:\/\/www.accuratereviews.com\/it\/piattaforme-esami-online-lista\/talview-recensione\/\" \/>\n<meta property=\"og:locale\" content=\"it_IT\" \/>\n<meta property=\"og:type\" content=\"article\" \/>\n<meta property=\"og:title\" content=\"Talview: recensione software per esami online - Accurate Reviews\" \/>\n<meta property=\"og:description\" content=\"Talview: recensione piattaforma basata su cloud che assiste i reclutatori nella gestione delle valutazioni online per i candidati.\" \/>\n<meta property=\"og:url\" content=\"https:\/\/www.accuratereviews.com\/it\/piattaforme-esami-online-lista\/talview-recensione\/\" \/>\n<meta property=\"og:site_name\" content=\"Accurate Reviews\" \/>\n<meta property=\"article:modified_time\" content=\"2021-01-25T15:04:30+00:00\" \/>\n<meta property=\"og:image\" content=\"https:\/\/www.accuratereviews.com\/wp-content\/uploads\/2021\/01\/talview.png\" \/>\n\t<meta property=\"og:image:width\" content=\"1916\" \/>\n\t<meta property=\"og:image:height\" content=\"645\" \/>\n\t<meta property=\"og:image:type\" content=\"image\/png\" \/>\n<meta name=\"twitter:card\" content=\"summary_large_image\" \/>\n<meta name=\"twitter:label1\" content=\"Tempo di lettura stimato\" \/>\n\t<meta name=\"twitter:data1\" content=\"3 minuti\" \/>\n<script type=\"application\/ld+json\" class=\"yoast-schema-graph\">{\"@context\":\"https:\\\/\\\/schema.org\",\"@graph\":[{\"@type\":\"WebPage\",\"@id\":\"https:\\\/\\\/www.accuratereviews.com\\\/it\\\/piattaforme-esami-online-lista\\\/talview-recensione\\\/\",\"url\":\"https:\\\/\\\/www.accuratereviews.com\\\/it\\\/piattaforme-esami-online-lista\\\/talview-recensione\\\/\",\"name\":\"Talview: recensione software per esami online - Accurate Reviews\",\"isPartOf\":{\"@id\":\"https:\\\/\\\/www.accuratereviews.com\\\/it\\\/#website\"},\"primaryImageOfPage\":{\"@id\":\"https:\\\/\\\/www.accuratereviews.com\\\/it\\\/piattaforme-esami-online-lista\\\/talview-recensione\\\/#primaryimage\"},\"image\":{\"@id\":\"https:\\\/\\\/www.accuratereviews.com\\\/it\\\/piattaforme-esami-online-lista\\\/talview-recensione\\\/#primaryimage\"},\"thumbnailUrl\":\"https:\\\/\\\/www.accuratereviews.com\\\/wp-content\\\/uploads\\\/2021\\\/01\\\/talview.png\",\"datePublished\":\"2021-01-07T12:06:41+00:00\",\"dateModified\":\"2021-01-25T15:04:30+00:00\",\"description\":\"Talview: recensione piattaforma basata su cloud che assiste i reclutatori nella gestione delle valutazioni online per i candidati.\",\"breadcrumb\":{\"@id\":\"https:\\\/\\\/www.accuratereviews.com\\\/it\\\/piattaforme-esami-online-lista\\\/talview-recensione\\\/#breadcrumb\"},\"inLanguage\":\"it-IT\",\"potentialAction\":[{\"@type\":\"ReadAction\",\"target\":[\"https:\\\/\\\/www.accuratereviews.com\\\/it\\\/piattaforme-esami-online-lista\\\/talview-recensione\\\/\"]}]},{\"@type\":\"ImageObject\",\"inLanguage\":\"it-IT\",\"@id\":\"https:\\\/\\\/www.accuratereviews.com\\\/it\\\/piattaforme-esami-online-lista\\\/talview-recensione\\\/#primaryimage\",\"url\":\"https:\\\/\\\/www.accuratereviews.com\\\/wp-content\\\/uploads\\\/2021\\\/01\\\/talview.png\",\"contentUrl\":\"https:\\\/\\\/www.accuratereviews.com\\\/wp-content\\\/uploads\\\/2021\\\/01\\\/talview.png\",\"width\":1916,\"height\":645},{\"@type\":\"BreadcrumbList\",\"@id\":\"https:\\\/\\\/www.accuratereviews.com\\\/it\\\/piattaforme-esami-online-lista\\\/talview-recensione\\\/#breadcrumb\",\"itemListElement\":[{\"@type\":\"ListItem\",\"position\":1,\"name\":\"Home\",\"item\":\"https:\\\/\\\/www.accuratereviews.com\\\/it\\\/\"},{\"@type\":\"ListItem\",\"position\":2,\"name\":\"Piattaforme di esami online\",\"item\":\"https:\\\/\\\/www.accuratereviews.com\\\/it\\\/piattaforme-esami-online-lista\\\/\"},{\"@type\":\"ListItem\",\"position\":3,\"name\":\"Talview\"}]},{\"@type\":\"WebSite\",\"@id\":\"https:\\\/\\\/www.accuratereviews.com\\\/it\\\/#website\",\"url\":\"https:\\\/\\\/www.accuratereviews.com\\\/it\\\/\",\"name\":\"Accurate Reviews\",\"description\":\"\",\"potentialAction\":[{\"@type\":\"SearchAction\",\"target\":{\"@type\":\"EntryPoint\",\"urlTemplate\":\"https:\\\/\\\/www.accuratereviews.com\\\/it\\\/?s={search_term_string}\"},\"query-input\":{\"@type\":\"PropertyValueSpecification\",\"valueRequired\":true,\"valueName\":\"search_term_string\"}}],\"inLanguage\":\"it-IT\"}]}<\/script>\n<!-- \/ Yoast SEO plugin. -->","yoast_head_json":{"title":"Talview: recensione software per esami online - Accurate Reviews","description":"Talview: recensione piattaforma basata su cloud che assiste i reclutatori nella gestione delle valutazioni online per i candidati.","robots":{"index":"index","follow":"follow","max-snippet":"max-snippet:-1","max-image-preview":"max-image-preview:large","max-video-preview":"max-video-preview:-1"},"canonical":"https:\/\/www.accuratereviews.com\/it\/piattaforme-esami-online-lista\/talview-recensione\/","og_locale":"it_IT","og_type":"article","og_title":"Talview: recensione software per esami online - Accurate Reviews","og_description":"Talview: recensione piattaforma basata su cloud che assiste i reclutatori nella gestione delle valutazioni online per i candidati.","og_url":"https:\/\/www.accuratereviews.com\/it\/piattaforme-esami-online-lista\/talview-recensione\/","og_site_name":"Accurate Reviews","article_modified_time":"2021-01-25T15:04:30+00:00","og_image":[{"width":1916,"height":645,"url":"https:\/\/www.accuratereviews.com\/wp-content\/uploads\/2021\/01\/talview.png","type":"image\/png"}],"twitter_card":"summary_large_image","twitter_misc":{"Tempo di lettura stimato":"3 minuti"},"schema":{"@context":"https:\/\/schema.org","@graph":[{"@type":"WebPage","@id":"https:\/\/www.accuratereviews.com\/it\/piattaforme-esami-online-lista\/talview-recensione\/","url":"https:\/\/www.accuratereviews.com\/it\/piattaforme-esami-online-lista\/talview-recensione\/","name":"Talview: recensione software per esami online - Accurate Reviews","isPartOf":{"@id":"https:\/\/www.accuratereviews.com\/it\/#website"},"primaryImageOfPage":{"@id":"https:\/\/www.accuratereviews.com\/it\/piattaforme-esami-online-lista\/talview-recensione\/#primaryimage"},"image":{"@id":"https:\/\/www.accuratereviews.com\/it\/piattaforme-esami-online-lista\/talview-recensione\/#primaryimage"},"thumbnailUrl":"https:\/\/www.accuratereviews.com\/wp-content\/uploads\/2021\/01\/talview.png","datePublished":"2021-01-07T12:06:41+00:00","dateModified":"2021-01-25T15:04:30+00:00","description":"Talview: recensione piattaforma basata su cloud che assiste i reclutatori nella gestione delle valutazioni online per i candidati.","breadcrumb":{"@id":"https:\/\/www.accuratereviews.com\/it\/piattaforme-esami-online-lista\/talview-recensione\/#breadcrumb"},"inLanguage":"it-IT","potentialAction":[{"@type":"ReadAction","target":["https:\/\/www.accuratereviews.com\/it\/piattaforme-esami-online-lista\/talview-recensione\/"]}]},{"@type":"ImageObject","inLanguage":"it-IT","@id":"https:\/\/www.accuratereviews.com\/it\/piattaforme-esami-online-lista\/talview-recensione\/#primaryimage","url":"https:\/\/www.accuratereviews.com\/wp-content\/uploads\/2021\/01\/talview.png","contentUrl":"https:\/\/www.accuratereviews.com\/wp-content\/uploads\/2021\/01\/talview.png","width":1916,"height":645},{"@type":"BreadcrumbList","@id":"https:\/\/www.accuratereviews.com\/it\/piattaforme-esami-online-lista\/talview-recensione\/#breadcrumb","itemListElement":[{"@type":"ListItem","position":1,"name":"Home","item":"https:\/\/www.accuratereviews.com\/it\/"},{"@type":"ListItem","position":2,"name":"Piattaforme di esami online","item":"https:\/\/www.accuratereviews.com\/it\/piattaforme-esami-online-lista\/"},{"@type":"ListItem","position":3,"name":"Talview"}]},{"@type":"WebSite","@id":"https:\/\/www.accuratereviews.com\/it\/#website","url":"https:\/\/www.accuratereviews.com\/it\/","name":"Accurate Reviews","description":"","potentialAction":[{"@type":"SearchAction","target":{"@type":"EntryPoint","urlTemplate":"https:\/\/www.accuratereviews.com\/it\/?s={search_term_string}"},"query-input":{"@type":"PropertyValueSpecification","valueRequired":true,"valueName":"search_term_string"}}],"inLanguage":"it-IT"}]}},"_links":{"self":[{"href":"https:\/\/www.accuratereviews.com\/it\/wp-json\/wp\/v2\/pages\/34875","targetHints":{"allow":["GET"]}}],"collection":[{"href":"https:\/\/www.accuratereviews.com\/it\/wp-json\/wp\/v2\/pages"}],"about":[{"href":"https:\/\/www.accuratereviews.com\/it\/wp-json\/wp\/v2\/types\/page"}],"author":[{"embeddable":true,"href":"https:\/\/www.accuratereviews.com\/it\/wp-json\/wp\/v2\/users\/19"}],"replies":[{"embeddable":true,"href":"https:\/\/www.accuratereviews.com\/it\/wp-json\/wp\/v2\/comments?post=34875"}],"version-history":[{"count":12,"href":"https:\/\/www.accuratereviews.com\/it\/wp-json\/wp\/v2\/pages\/34875\/revisions"}],"predecessor-version":[{"id":35926,"href":"https:\/\/www.accuratereviews.com\/it\/wp-json\/wp\/v2\/pages\/34875\/revisions\/35926"}],"up":[{"embeddable":true,"href":"https:\/\/www.accuratereviews.com\/it\/wp-json\/wp\/v2\/pages\/34687"}],"wp:featuredmedia":[{"embeddable":true,"href":"https:\/\/www.accuratereviews.com\/it\/wp-json\/wp\/v2\/media\/34876"}],"wp:attachment":[{"href":"https:\/\/www.accuratereviews.com\/it\/wp-json\/wp\/v2\/media?parent=34875"}],"wp:term":[{"taxonomy":"category","embeddable":true,"href":"https:\/\/www.accuratereviews.com\/it\/wp-json\/wp\/v2\/categories?post=34875"},{"taxonomy":"post_tag","embeddable":true,"href":"https:\/\/www.accuratereviews.com\/it\/wp-json\/wp\/v2\/tags?post=34875"},{"taxonomy":"features","embeddable":true,"href":"https:\/\/www.accuratereviews.com\/it\/wp-json\/wp\/v2\/features?post=34875"}],"curies":[{"name":"wp","href":"https:\/\/api.w.org\/{rel}","templated":true}]}}