{"id":34892,"date":"2021-01-07T12:09:22","date_gmt":"2021-01-07T12:09:22","guid":{"rendered":"https:\/\/www.accuratereviews.com\/?page_id=34892"},"modified":"2021-01-25T14:33:42","modified_gmt":"2021-01-25T14:33:42","slug":"goconqr-recensione","status":"publish","type":"page","link":"https:\/\/www.accuratereviews.com\/it\/piattaforme-esami-online-lista\/goconqr-recensione\/","title":{"rendered":"GoConqr"},"content":{"rendered":"<p><span class=\"JLqJ4b\" data-language-for-alternatives=\"it\" data-language-to-translate-into=\"en\" data-phrase-index=\"1\"><span class=\"JLqJ4b ChMk0b\" data-language-for-alternatives=\"it\" data-language-to-translate-into=\"en\" data-phrase-index=\"2\"><strong>GoConqr<\/strong> \u00e8 una piattaforma che si rivolge principalmente a insegnanti e a formatori di istituti scolastici e di aziende, <\/span><\/span><span class=\"JLqJ4b\" data-language-for-alternatives=\"it\" data-language-to-translate-into=\"en\" data-phrase-index=\"1\"><span class=\"JLqJ4b ChMk0b\" data-language-for-alternatives=\"it\" data-language-to-translate-into=\"en\" data-phrase-index=\"2\">progettata per rendere l&#8217;<strong>apprendimento online<\/strong> pi\u00f9 dinamico e pi\u00f9 coinvolgente. Si tratta di un <strong>software per creare esami online<\/strong>, che include numerosi strumenti utili alla realizzazione di contenuti unici ed accattivanti in grado di arrivare a tutti. \u00a0Gli step sono molti: si passa dalla pianificazione della lezione, al brainstorming collettivo, all&#8217;annotarsi tutti gli argomenti principali, fino al <strong>test finale<\/strong>.<br \/>\n<\/span><\/span><span class=\"JLqJ4b\" data-language-for-alternatives=\"it\" data-language-to-translate-into=\"en\" data-phrase-index=\"1\"><span class=\"JLqJ4b ChMk0b\" data-language-for-alternatives=\"it\" data-language-to-translate-into=\"en\" data-phrase-index=\"2\">Funzionale \u00e8 sicuramente la <strong>libreria GoConqr<\/strong>, un vero e proprio archivio in cui gli utenti possono caricare il loro materiale di apprendimento condividendolo con gli altri utenti.<br \/>\n<\/span><\/span><span class=\"JLqJ4b\" data-language-for-alternatives=\"it\" data-language-to-translate-into=\"en\" data-phrase-index=\"1\"><span class=\"JLqJ4b ChMk0b\" data-language-for-alternatives=\"it\" data-language-to-translate-into=\"en\" data-phrase-index=\"2\">L&#8217;obiettivo finale di questa<strong> piattaforma di esami online<\/strong> \u00e8 quello di fornire migliori esperienze di <strong>apprendimento digitale<\/strong>.<\/span><\/span><\/p>\n<h2>COME UTILIZZARE GOCONQR &#8211; TUTORIAL<\/h2>\n<p>Diamo un&#8217;occhiata a questo video per comprendere meglio il suo funzionamento:<\/p>\n<div id=\"fluid-wrapper-counter-1\" class=\"g1-fluid-wrapper \" style=\"width:686px;\">\n<div style=\"padding-bottom:56.268221574344%;\"><iframe loading=\"lazy\" title=\"GoConqr Tutorial\" width=\"686\" height=\"386\" src=\"https:\/\/www.youtube.com\/embed\/h_8lk25DnNw?feature=oembed&amp;wmode=transparent&amp;autohide=1&amp;autoplay=0&amp;disablekb=0&amp;fs=1&amp;loop=0&amp;enablejsapi=1&amp;rel=0&amp;controls=2&amp;showinfo=0&amp;wmode=transparent&amp;autohide=2&amp;autoplay=0&amp;disablekb=0&amp;fs=1&amp;loop=0&amp;enablejsapi=1&amp;rel=0&amp;controls=2&amp;showinfo=1\" frameborder=\"0\" allow=\"accelerometer; autoplay; clipboard-write; encrypted-media; gyroscope; picture-in-picture\" allowfullscreen><\/iframe><\/div>\n<\/div>\n<h3>GOCONQR &#8211; CARATTERISTICHE<\/h3>\n<p>Di seguito le sue principali caratteristiche:<\/p>\n<ul>\n<li style=\"font-weight: 400;\" aria-level=\"1\"><span style=\"font-weight: 400;\"><strong>Diapositive<\/strong>: raccogli ed inserisci tutto il materiale didattico in diapositive di apprendimento, personalizzabili anche con immagini, video e collegamenti esterni<\/span><\/li>\n<li style=\"font-weight: 400;\" aria-level=\"1\"><span style=\"font-weight: 400;\"><strong>Libreria virtuale di GoConqr<\/strong>: utilizza il materiale didattico realizzato dagli altri utenti o scegli di condividere il tuo con loro<\/span><\/li>\n<li style=\"font-weight: 400;\" aria-level=\"1\"><span style=\"font-weight: 400;\"><strong>Mappe mentali<\/strong>: introduci un argomento semplificandolo al massimo, collegando semplicemente i concetti, i contesti e l\u2019ambito che lo riguarda\u00a0<\/span><\/li>\n<li style=\"font-weight: 400;\" aria-level=\"1\"><span style=\"font-weight: 400;\"><strong>Flashcard<\/strong>: utilizza questo metodo con i tuoi studenti cos\u00ec da far memorizzare facilmente e pi\u00f9 rapidamente dei concetti importanti<\/span><\/li>\n<li style=\"font-weight: 400;\" aria-level=\"1\"><span style=\"font-weight: 400;\"><strong>Quiz<\/strong>: crea dei quiz in modo semplice e veloce e confronta i risultati con i test precedenti cos\u00ec da monitorare i miglioramenti di ciascun studente<\/span><\/li>\n<li style=\"font-weight: 400;\" aria-level=\"1\"><span style=\"font-weight: 400;\"><strong>Appunti<\/strong>: tramite questo software, gli studenti potranno annotarsi qualsiasi cosa, aggiungendo anche video o immagini per rendere i loro appunti ancora pi\u00f9 dettagliati<\/span><\/li>\n<li style=\"font-weight: 400;\" aria-level=\"1\"><span style=\"font-weight: 400;\"><strong>Study Planner<\/strong>: grazie a questo strumento di pianificazione dello studio, gli studenti saranno pi\u00f9 motivati a raggiungere i loro obiettivi, gestendo meglio il loro tempo\u00a0<\/span><\/li>\n<li style=\"font-weight: 400;\" aria-level=\"1\"><span style=\"font-weight: 400;\"><strong>GoConqr Groups<\/strong>: connettiti con pi\u00f9 di tre milioni di utenti per scambiare contenuti e partecipare a discussioni.<\/span><\/li>\n<\/ul>\n<h3>LE RECENSIONI DEGLI UTENTI<\/h3>\n<p><b>&#8220;GoConqr ti offre tantissimi ottimi strumenti&#8221;<br \/>\n<\/b>PRO: GoConqr \u00e8 stata una piacevole sorpresa per me grazie a tutti gli ottimi strumenti che fornisce, molti dei quali gratuiti. GoConqr \u00e8 ottimo per creare cose come corsi di apprendimento, schede flash e diagrammi di flusso. Inoltre hai accesso ad altri contenuti creati dalla community.<br \/>\nCONTRO: \u00e8 difficile lamentarsi troppo, ma alcuni strumenti come il creatore di diagrammi di flusso non sono cos\u00ec raffinati. Detto questo, \u00e8 difficile battere il valore di avere cos\u00ec tanti ottimi strumenti gratuitamente.<\/p>\n<p><b>&#8220;Pi\u00f9 di un software per quiz&#8221;<br \/>\n<\/b>IN GENERALE: ai miei studenti \u00e8 piaciuto molto e hanno creato un ottimo ambiente di gamification.<br \/>\nPRO: tante possibilit\u00e0 e personalizzazioni. Mi piace molto vedere altri insegnanti lavorare e poter condividere il mio lavoro con loro. Adoro creare lezioni interattive e l&#8217;ho dato agli studenti per creare quiz e strumenti per lo studio.<br \/>\nCONTRO: a volte \u00e8 difficile trovare materiale per materie specifiche ma probabilmente a causa del modo in cui gli insegnanti caricano i loro contenuti. Forse dovrebbero trarre vantaggio dalla crescita della loro comunit\u00e0.<\/p>\n<p><b>&#8220;Facile da usare e completo per guidare lo sviluppo e la consegna dei contenuti&#8221;<br \/>\n<\/b>IN GENERALE: prodotto straordinario, con una serie di caratteristiche e funzionalit\u00e0, strumenti per sviluppare contenuti e piattaforma per offrire un&#8217;esperienza di social learning a tutto il nostro staff<br \/>\nPRO: \u00c8 gratuito, ottimo strumento, ottima integrazione e ottimo prodotto<br \/>\nCONTRO: nessuno.<\/p>\n","protected":false},"excerpt":{"rendered":"<p>GoConqr \u00e8 una piattaforma che si rivolge principalmente a insegnanti e a formatori di istituti scolastici e di aziende, progettata per rendere l&#8217;apprendimento online pi\u00f9 dinamico e pi\u00f9 coinvolgente. Si tratta di un software per creare esami online, che include numerosi strumenti utili alla realizzazione di contenuti unici ed accattivanti in grado di arrivare a tutti. \u00a0<\/p>\n","protected":false},"author":17,"featured_media":34900,"parent":34687,"menu_order":0,"comment_status":"open","ping_status":"closed","template":"g1_template_page_review_new.php","meta":{"_acf_changed":false,"cwp_meta_box_check":"Yes","cwp_rev_product_name":"","cwp_rev_product_image":"","wppr_links":[],"cwp_rev_price":"","wppr_options":[],"wppr_pros":[],"wppr_cons":[],"_monsterinsights_skip_tracking":false,"_monsterinsights_sitenote_active":false,"_monsterinsights_sitenote_note":"","_monsterinsights_sitenote_category":0,"footnotes":""},"categories":[4660],"tags":[4682,4692,4662,4661,4686,4684,4685],"features":[],"class_list":{"0":"post-34892","1":"page","2":"type-page","3":"status-publish","4":"has-post-thumbnail","6":"category-piattaforme-di-esami-online","7":"tag-apprendimento-online","8":"tag-didattica-online","9":"tag-esami-online","10":"tag-piattaforma-esami-online","11":"tag-programma-per-esami-online","12":"tag-software-per-esami-online","13":"tag-soluzione-per-esami-online"},"wppr_data":{"cwp_meta_box_check":"Yes","cwp_rev_product_name":"","cwp_rev_product_image":"","cwp_image_link":"image","cwp_rev_price":"","wppr_rating":"0.00"},"acf":[],"yoast_head":"<!-- This site is optimized with the Yoast SEO plugin v27.4 - https:\/\/yoast.com\/product\/yoast-seo-wordpress\/ -->\n<title>GoConqr: piattaforma per esami online recensione - Accurate Reviews<\/title>\n<meta name=\"description\" content=\"GoConqr: recensione della piattaforma progettata per rendere l&#039;apprendimento online pi\u00f9 dinamico e pi\u00f9 coinvolgente.\" \/>\n<meta name=\"robots\" content=\"index, follow, max-snippet:-1, max-image-preview:large, max-video-preview:-1\" \/>\n<link rel=\"canonical\" href=\"https:\/\/www.accuratereviews.com\/it\/piattaforme-esami-online-lista\/goconqr-recensione\/\" \/>\n<meta property=\"og:locale\" content=\"it_IT\" \/>\n<meta property=\"og:type\" content=\"article\" \/>\n<meta property=\"og:title\" content=\"GoConqr: piattaforma per esami online recensione - Accurate Reviews\" \/>\n<meta property=\"og:description\" content=\"GoConqr: recensione della piattaforma progettata per rendere l&#039;apprendimento online pi\u00f9 dinamico e pi\u00f9 coinvolgente.\" \/>\n<meta property=\"og:url\" content=\"https:\/\/www.accuratereviews.com\/it\/piattaforme-esami-online-lista\/goconqr-recensione\/\" \/>\n<meta property=\"og:site_name\" content=\"Accurate Reviews\" \/>\n<meta property=\"article:modified_time\" content=\"2021-01-25T14:33:42+00:00\" \/>\n<meta property=\"og:image\" content=\"https:\/\/www.accuratereviews.com\/wp-content\/uploads\/2021\/01\/dc06bb8e-88ba-47bc-9987-ef012aa252ce.png\" \/>\n\t<meta property=\"og:image:width\" content=\"642\" \/>\n\t<meta property=\"og:image:height\" content=\"400\" \/>\n\t<meta property=\"og:image:type\" content=\"image\/png\" \/>\n<meta name=\"twitter:card\" content=\"summary_large_image\" \/>\n<meta name=\"twitter:label1\" content=\"Tempo di lettura stimato\" \/>\n\t<meta name=\"twitter:data1\" content=\"3 minuti\" \/>\n<script type=\"application\/ld+json\" class=\"yoast-schema-graph\">{\"@context\":\"https:\\\/\\\/schema.org\",\"@graph\":[{\"@type\":\"WebPage\",\"@id\":\"https:\\\/\\\/www.accuratereviews.com\\\/it\\\/piattaforme-esami-online-lista\\\/goconqr-recensione\\\/\",\"url\":\"https:\\\/\\\/www.accuratereviews.com\\\/it\\\/piattaforme-esami-online-lista\\\/goconqr-recensione\\\/\",\"name\":\"GoConqr: piattaforma per esami online recensione - Accurate Reviews\",\"isPartOf\":{\"@id\":\"https:\\\/\\\/www.accuratereviews.com\\\/it\\\/#website\"},\"primaryImageOfPage\":{\"@id\":\"https:\\\/\\\/www.accuratereviews.com\\\/it\\\/piattaforme-esami-online-lista\\\/goconqr-recensione\\\/#primaryimage\"},\"image\":{\"@id\":\"https:\\\/\\\/www.accuratereviews.com\\\/it\\\/piattaforme-esami-online-lista\\\/goconqr-recensione\\\/#primaryimage\"},\"thumbnailUrl\":\"https:\\\/\\\/www.accuratereviews.com\\\/wp-content\\\/uploads\\\/2021\\\/01\\\/dc06bb8e-88ba-47bc-9987-ef012aa252ce.png\",\"datePublished\":\"2021-01-07T12:09:22+00:00\",\"dateModified\":\"2021-01-25T14:33:42+00:00\",\"description\":\"GoConqr: recensione della piattaforma progettata per rendere l'apprendimento online pi\u00f9 dinamico e pi\u00f9 coinvolgente.\",\"breadcrumb\":{\"@id\":\"https:\\\/\\\/www.accuratereviews.com\\\/it\\\/piattaforme-esami-online-lista\\\/goconqr-recensione\\\/#breadcrumb\"},\"inLanguage\":\"it-IT\",\"potentialAction\":[{\"@type\":\"ReadAction\",\"target\":[\"https:\\\/\\\/www.accuratereviews.com\\\/it\\\/piattaforme-esami-online-lista\\\/goconqr-recensione\\\/\"]}]},{\"@type\":\"ImageObject\",\"inLanguage\":\"it-IT\",\"@id\":\"https:\\\/\\\/www.accuratereviews.com\\\/it\\\/piattaforme-esami-online-lista\\\/goconqr-recensione\\\/#primaryimage\",\"url\":\"https:\\\/\\\/www.accuratereviews.com\\\/wp-content\\\/uploads\\\/2021\\\/01\\\/dc06bb8e-88ba-47bc-9987-ef012aa252ce.png\",\"contentUrl\":\"https:\\\/\\\/www.accuratereviews.com\\\/wp-content\\\/uploads\\\/2021\\\/01\\\/dc06bb8e-88ba-47bc-9987-ef012aa252ce.png\",\"width\":642,\"height\":400},{\"@type\":\"BreadcrumbList\",\"@id\":\"https:\\\/\\\/www.accuratereviews.com\\\/it\\\/piattaforme-esami-online-lista\\\/goconqr-recensione\\\/#breadcrumb\",\"itemListElement\":[{\"@type\":\"ListItem\",\"position\":1,\"name\":\"Home\",\"item\":\"https:\\\/\\\/www.accuratereviews.com\\\/it\\\/\"},{\"@type\":\"ListItem\",\"position\":2,\"name\":\"Piattaforme di esami online\",\"item\":\"https:\\\/\\\/www.accuratereviews.com\\\/it\\\/piattaforme-esami-online-lista\\\/\"},{\"@type\":\"ListItem\",\"position\":3,\"name\":\"GoConqr\"}]},{\"@type\":\"WebSite\",\"@id\":\"https:\\\/\\\/www.accuratereviews.com\\\/it\\\/#website\",\"url\":\"https:\\\/\\\/www.accuratereviews.com\\\/it\\\/\",\"name\":\"Accurate Reviews\",\"description\":\"\",\"potentialAction\":[{\"@type\":\"SearchAction\",\"target\":{\"@type\":\"EntryPoint\",\"urlTemplate\":\"https:\\\/\\\/www.accuratereviews.com\\\/it\\\/?s={search_term_string}\"},\"query-input\":{\"@type\":\"PropertyValueSpecification\",\"valueRequired\":true,\"valueName\":\"search_term_string\"}}],\"inLanguage\":\"it-IT\"}]}<\/script>\n<!-- \/ Yoast SEO plugin. -->","yoast_head_json":{"title":"GoConqr: piattaforma per esami online recensione - Accurate Reviews","description":"GoConqr: recensione della piattaforma progettata per rendere l'apprendimento online pi\u00f9 dinamico e pi\u00f9 coinvolgente.","robots":{"index":"index","follow":"follow","max-snippet":"max-snippet:-1","max-image-preview":"max-image-preview:large","max-video-preview":"max-video-preview:-1"},"canonical":"https:\/\/www.accuratereviews.com\/it\/piattaforme-esami-online-lista\/goconqr-recensione\/","og_locale":"it_IT","og_type":"article","og_title":"GoConqr: piattaforma per esami online recensione - Accurate Reviews","og_description":"GoConqr: recensione della piattaforma progettata per rendere l'apprendimento online pi\u00f9 dinamico e pi\u00f9 coinvolgente.","og_url":"https:\/\/www.accuratereviews.com\/it\/piattaforme-esami-online-lista\/goconqr-recensione\/","og_site_name":"Accurate Reviews","article_modified_time":"2021-01-25T14:33:42+00:00","og_image":[{"width":642,"height":400,"url":"https:\/\/www.accuratereviews.com\/wp-content\/uploads\/2021\/01\/dc06bb8e-88ba-47bc-9987-ef012aa252ce.png","type":"image\/png"}],"twitter_card":"summary_large_image","twitter_misc":{"Tempo di lettura stimato":"3 minuti"},"schema":{"@context":"https:\/\/schema.org","@graph":[{"@type":"WebPage","@id":"https:\/\/www.accuratereviews.com\/it\/piattaforme-esami-online-lista\/goconqr-recensione\/","url":"https:\/\/www.accuratereviews.com\/it\/piattaforme-esami-online-lista\/goconqr-recensione\/","name":"GoConqr: piattaforma per esami online recensione - Accurate Reviews","isPartOf":{"@id":"https:\/\/www.accuratereviews.com\/it\/#website"},"primaryImageOfPage":{"@id":"https:\/\/www.accuratereviews.com\/it\/piattaforme-esami-online-lista\/goconqr-recensione\/#primaryimage"},"image":{"@id":"https:\/\/www.accuratereviews.com\/it\/piattaforme-esami-online-lista\/goconqr-recensione\/#primaryimage"},"thumbnailUrl":"https:\/\/www.accuratereviews.com\/wp-content\/uploads\/2021\/01\/dc06bb8e-88ba-47bc-9987-ef012aa252ce.png","datePublished":"2021-01-07T12:09:22+00:00","dateModified":"2021-01-25T14:33:42+00:00","description":"GoConqr: recensione della piattaforma progettata per rendere l'apprendimento online pi\u00f9 dinamico e pi\u00f9 coinvolgente.","breadcrumb":{"@id":"https:\/\/www.accuratereviews.com\/it\/piattaforme-esami-online-lista\/goconqr-recensione\/#breadcrumb"},"inLanguage":"it-IT","potentialAction":[{"@type":"ReadAction","target":["https:\/\/www.accuratereviews.com\/it\/piattaforme-esami-online-lista\/goconqr-recensione\/"]}]},{"@type":"ImageObject","inLanguage":"it-IT","@id":"https:\/\/www.accuratereviews.com\/it\/piattaforme-esami-online-lista\/goconqr-recensione\/#primaryimage","url":"https:\/\/www.accuratereviews.com\/wp-content\/uploads\/2021\/01\/dc06bb8e-88ba-47bc-9987-ef012aa252ce.png","contentUrl":"https:\/\/www.accuratereviews.com\/wp-content\/uploads\/2021\/01\/dc06bb8e-88ba-47bc-9987-ef012aa252ce.png","width":642,"height":400},{"@type":"BreadcrumbList","@id":"https:\/\/www.accuratereviews.com\/it\/piattaforme-esami-online-lista\/goconqr-recensione\/#breadcrumb","itemListElement":[{"@type":"ListItem","position":1,"name":"Home","item":"https:\/\/www.accuratereviews.com\/it\/"},{"@type":"ListItem","position":2,"name":"Piattaforme di esami online","item":"https:\/\/www.accuratereviews.com\/it\/piattaforme-esami-online-lista\/"},{"@type":"ListItem","position":3,"name":"GoConqr"}]},{"@type":"WebSite","@id":"https:\/\/www.accuratereviews.com\/it\/#website","url":"https:\/\/www.accuratereviews.com\/it\/","name":"Accurate Reviews","description":"","potentialAction":[{"@type":"SearchAction","target":{"@type":"EntryPoint","urlTemplate":"https:\/\/www.accuratereviews.com\/it\/?s={search_term_string}"},"query-input":{"@type":"PropertyValueSpecification","valueRequired":true,"valueName":"search_term_string"}}],"inLanguage":"it-IT"}]}},"_links":{"self":[{"href":"https:\/\/www.accuratereviews.com\/it\/wp-json\/wp\/v2\/pages\/34892","targetHints":{"allow":["GET"]}}],"collection":[{"href":"https:\/\/www.accuratereviews.com\/it\/wp-json\/wp\/v2\/pages"}],"about":[{"href":"https:\/\/www.accuratereviews.com\/it\/wp-json\/wp\/v2\/types\/page"}],"author":[{"embeddable":true,"href":"https:\/\/www.accuratereviews.com\/it\/wp-json\/wp\/v2\/users\/17"}],"replies":[{"embeddable":true,"href":"https:\/\/www.accuratereviews.com\/it\/wp-json\/wp\/v2\/comments?post=34892"}],"version-history":[{"count":7,"href":"https:\/\/www.accuratereviews.com\/it\/wp-json\/wp\/v2\/pages\/34892\/revisions"}],"predecessor-version":[{"id":35910,"href":"https:\/\/www.accuratereviews.com\/it\/wp-json\/wp\/v2\/pages\/34892\/revisions\/35910"}],"up":[{"embeddable":true,"href":"https:\/\/www.accuratereviews.com\/it\/wp-json\/wp\/v2\/pages\/34687"}],"wp:featuredmedia":[{"embeddable":true,"href":"https:\/\/www.accuratereviews.com\/it\/wp-json\/wp\/v2\/media\/34900"}],"wp:attachment":[{"href":"https:\/\/www.accuratereviews.com\/it\/wp-json\/wp\/v2\/media?parent=34892"}],"wp:term":[{"taxonomy":"category","embeddable":true,"href":"https:\/\/www.accuratereviews.com\/it\/wp-json\/wp\/v2\/categories?post=34892"},{"taxonomy":"post_tag","embeddable":true,"href":"https:\/\/www.accuratereviews.com\/it\/wp-json\/wp\/v2\/tags?post=34892"},{"taxonomy":"features","embeddable":true,"href":"https:\/\/www.accuratereviews.com\/it\/wp-json\/wp\/v2\/features?post=34892"}],"curies":[{"name":"wp","href":"https:\/\/api.w.org\/{rel}","templated":true}]}}