{"id":34895,"date":"2021-01-07T12:12:46","date_gmt":"2021-01-07T12:12:46","guid":{"rendered":"https:\/\/www.accuratereviews.com\/?page_id=34895"},"modified":"2021-01-25T15:00:17","modified_gmt":"2021-01-25T15:00:17","slug":"synap-recensione","status":"publish","type":"page","link":"https:\/\/www.accuratereviews.com\/it\/piattaforme-esami-online-lista\/synap-recensione\/","title":{"rendered":"Synap"},"content":{"rendered":"<p><strong>Synap<\/strong> \u00e8 un<strong> sistema di gestione dell&#8217;apprendimento<\/strong> per le aziende che offre gli strumenti per creare brevi corsi di formazione personalizzati per i dipendenti. Lo strumento basato su <strong>cloud<\/strong> pu\u00f2 essere utilizzato per aiutare per l&#8217;inserimento di nuovi assunti, la formazione sulla conformit\u00e0, la <strong>revisione degli esami<\/strong> e altro ancora. La soluzione utilizza algoritmi di apprendimento per valutare i punti di forza e di debolezza dello studente e creare piani di apprendimento personalizzati. <strong>Synap<\/strong> facilita la creazione di corsi di apprendimento, con la possibilit\u00e0 di includere una gamma di formati di file come strumenti di apprendimento con video, articoli, quiz, PDF, contenuti di YouTube e altro. I corsi sono suddivisi in piccoli segmenti con l&#8217;obiettivo di rendere i contenuti pi\u00f9 accessibili per gli studenti e migliorare il coinvolgimento. Gli studenti possono completare i moduli di apprendimento utilizzando un pc o in movimento con le app mobili Android e iOS.<\/p>\n<h2>SYNAP &#8211; TUTORIAL<\/h2>\n<p>Ecco un tutorial in qui mostra come <strong>creare quiz<\/strong> per la formazione dei dipendenti:<\/p>\n<div id=\"fluid-wrapper-counter-1\" class=\"g1-fluid-wrapper \" style=\"width:686px;\">\n<div style=\"padding-bottom:56.268221574344%;\"><iframe loading=\"lazy\" title=\"Synap Exam Taking on Macbook\" width=\"515\" height=\"386\" src=\"https:\/\/www.youtube.com\/embed\/H1KQVVo-hC8?feature=oembed&amp;wmode=transparent&amp;autohide=1&amp;autoplay=0&amp;disablekb=0&amp;fs=1&amp;loop=0&amp;enablejsapi=1&amp;rel=0&amp;controls=2&amp;showinfo=0&amp;wmode=transparent&amp;autohide=2&amp;autoplay=0&amp;disablekb=0&amp;fs=1&amp;loop=0&amp;enablejsapi=1&amp;rel=0&amp;controls=2&amp;showinfo=1\" frameborder=\"0\" allow=\"accelerometer; autoplay; clipboard-write; encrypted-media; gyroscope; picture-in-picture\" allowfullscreen><\/iframe><\/div>\n<\/div>\n<h2>SYNAP &#8211; CARATTERISTICHE<\/h2>\n<ul>\n<li><strong>Revisione e apprendimento:<\/strong> a<span class=\"JLqJ4b\" data-language-for-alternatives=\"it\" data-language-to-translate-into=\"en\" data-phrase-index=\"1\"><span class=\"JLqJ4b ChMk0b\" data-language-for-alternatives=\"it\" data-language-to-translate-into=\"en\" data-phrase-index=\"2\">iuta i tuoi studenti ad apprendere di pi\u00f9 in meno tempo con le banche di domande della soluzione e l&#8217;esclusivo algoritmo, insieme ad analisi degli studenti dettagliate e altamente personalizzate<\/span><\/span><\/li>\n<li><span class=\"JLqJ4b\" data-language-for-alternatives=\"it\" data-language-to-translate-into=\"en\" data-phrase-index=\"1\"><span class=\"JLqJ4b ChMk0b\" data-language-for-alternatives=\"it\" data-language-to-translate-into=\"en\" data-phrase-index=\"2\"><strong>Valutazioni formative<\/strong>: integra regolarmente quiz e valutazioni formative come parte del tuo curriculum e per monitorare i progressi degli studenti <\/span><\/span><\/li>\n<li><span class=\"JLqJ4b\" data-language-for-alternatives=\"it\" data-language-to-translate-into=\"en\" data-phrase-index=\"1\"><span class=\"JLqJ4b ChMk0b\" data-language-for-alternatives=\"it\" data-language-to-translate-into=\"en\" data-phrase-index=\"2\"><strong>Esami<\/strong>: c<\/span><\/span><span class=\"JLqJ4b\" data-language-for-alternatives=\"it\" data-language-to-translate-into=\"en\" data-phrase-index=\"1\"><span class=\"JLqJ4b ChMk0b\" data-language-for-alternatives=\"it\" data-language-to-translate-into=\"en\" data-phrase-index=\"2\">ollabora con il team della soluzione per fornire esami online altamente sicuri e affidabili, completi di monitoraggio e verifica dell&#8217;identit\u00e0<\/span><\/span><\/li>\n<li><strong>Negozio<\/strong>: i<span class=\"JLqJ4b\" data-language-for-alternatives=\"it\" data-language-to-translate-into=\"en\" data-phrase-index=\"1\"><span class=\"JLqJ4b ChMk0b\" data-language-for-alternatives=\"it\" data-language-to-translate-into=\"en\" data-phrase-index=\"2\">ndirizza i clienti al tuo negozio che funziona con il tuo nome di dominio, per acquisire contatti e vendere i tuoi corsi <\/span><\/span><\/li>\n<li><span class=\"JLqJ4b\" data-language-for-alternatives=\"it\" data-language-to-translate-into=\"en\" data-phrase-index=\"1\"><span class=\"JLqJ4b ChMk0b\" data-language-for-alternatives=\"it\" data-language-to-translate-into=\"en\" data-phrase-index=\"2\"><strong>Dominio personalizzato<\/strong>: crea un&#8217;esperienza utente senza interruzioni tra il tuo sito web e il portale di apprendimento con un nome di dominio personalizzato.<\/span><\/span><\/li>\n<li><span class=\"JLqJ4b\" data-language-for-alternatives=\"it\" data-language-to-translate-into=\"en\" data-phrase-index=\"1\"><span class=\"JLqJ4b ChMk0b\" data-language-for-alternatives=\"it\" data-language-to-translate-into=\"en\" data-phrase-index=\"2\"><strong>Integrazion<\/strong>i: tramite segmenti o integrazioni personalizzate, il software funziona con tutte le moderne integrazioni SaaS in modo da poter utilizzare la piattaforma insieme alle analisi e ai gateway di pagamento esistenti<\/span><\/span><\/li>\n<li><strong>Feedback e segnalazione:<\/strong><span class=\"JLqJ4b\" data-language-for-alternatives=\"it\" data-language-to-translate-into=\"en\" data-phrase-index=\"1\"><strong>\u00a0<\/strong>c<span class=\"JLqJ4b ChMk0b\" data-language-for-alternatives=\"it\" data-language-to-translate-into=\"en\" data-phrase-index=\"2\">onsenti alle comunit\u00e0 di moderare le domande tramite un sistema di segnalazione e feedback<\/span><\/span><\/li>\n<li><span class=\"JLqJ4b\" data-language-for-alternatives=\"it\" data-language-to-translate-into=\"en\" data-phrase-index=\"1\"><span class=\"JLqJ4b ChMk0b\" data-language-for-alternatives=\"it\" data-language-to-translate-into=\"en\" data-phrase-index=\"2\"><strong>Rapporti d&#8217;esame<\/strong>: ricevi un rapporto dettagliato delle risposte e dei punteggi degli studenti, inclusa una ripartizione delle prestazioni per domanda. Sistema di marcatura automatizzato: \u00a0risposte contrassegnate automaticamente per ottenere risultati immediati e precisi per i tuoi utenti.<\/span><\/span><\/li>\n<\/ul>\n<h4>LE RECENSIONI DEGLI UTENTI<\/h4>\n<h4 class=\"font-weight-bold mb-1 d-flex align-items-center\">Alex G.&#8221;Sono rimasto molto colpito dal prodotto&#8221;<\/h4>\n<p><strong>Commenti: <\/strong>La mia esperienza complessiva con Synap \u00e8 stata molto positiva. Quando \u00e8 stato annunciato il primo blocco nazionale, la nostra azienda non \u00e8 stata in grado di continuare a svolgere corsi di formazione faccia a faccia, quindi negli ultimi 6 mesi abbiamo fatto molto affidamento su questo sistema per fornire un prodotto di alta qualit\u00e0. In pochissimo tempo, mettiamo insieme una serie di corsi su misura per clienti nuovi ed esistenti. Synap ha reso questo molto pi\u00f9 facile.<\/p>\n<p><strong>Vantaggi: <\/strong>La cosa migliore del sistema \u00e8 quanto sia semplice imparare a usarlo. Mi sentivo molto fiducioso nel creare corsi dopo un periodo di tempo molto breve. Inoltre, mi piace il fatto che una volta che il contenuto \u00e8 stato aggiunto alla libreria, posso creare un nuovo corso in 10 minuti.<br \/>\nAdoro quanto sia reattivo il team di sviluppo quando ne ho bisogno e come il sistema stia migliorando continuamente.<br \/>\nMi piace molto il modo in cui come amministratore posso passare alla modalit\u00e0 studio per vedere cosa vedrebbe uno studente.<\/p>\n<p><strong>Inconvenienti: <\/strong>C&#8217;\u00e8 solo un piccolo problema che abbiamo affrontato.\u00a0Abbiamo clienti nel NHS e uno dei piccoli problemi che abbiamo \u00e8 la consegna degli inviti a studenti con indirizzi email del NHS. Ci\u00f2 \u00e8 dovuto principalmente ai server di un&#8217;organizzazione cos\u00ec grande. \u00c8 possibile che l&#8217;organizzazione cambi questa impostazione inserendo nella whitelist l&#8217;indirizzo email di Synap.<\/p>\n<h4 class=\"font-weight-bold mb-1 d-flex align-items-center\">Lauren N.&#8221;Esperienza eccellente; altamente raccomandato&#8221;<\/h4>\n<p><strong>Commenti: <\/strong>Synap \u00e8 venuto in nostro aiuto quando avevamo bisogno di una piattaforma per i test basati su computer, con tempi di consegna brevi. Il rappresentante a noi assegnato \u00e8 stato eccezionale e molto accurato. Ha adattato l&#8217;esperienza alle nostre esigenze ed \u00e8 rimasta in contatto regolare, per aiutare a mitigare qualsiasi problema. Siamo molto colpiti da Synap e speriamo di continuare a lavorare con loro per le nostre esigenze di test annuali.<\/p>\n<p><strong>Vantaggi: <\/strong>Facilmente personalizzabile alla fine dello sviluppo. Facile da usare. Utile funzione di chat, quando necessario. Abbiamo ricevuto ottimi feedback dai nostri esaminatori, che hanno utilizzato la piattaforma per test educativi.<\/p>\n<p><strong>Inconvenienti: <\/strong>Personalmente non ho avuto problemi che fossero &#8220;contro&#8221;.<\/p>\n<h4 class=\"font-weight-bold mb-1 d-flex align-items-center\">Andrea S.&#8221;Piattaforma di apprendimento impressionante e approccio eccezionale all&#8217;apprendimento spaziato&#8221;<\/h4>\n<p><strong>Commenti: <\/strong>Supporto eccezionale e attenzione ai dettagli. Abbiamo davvero apprezzato le ripetizioni che hanno fatto di tutto per aiutarci a prepararci per la demo iniziale.<\/p>\n<p><strong>Vantaggi: <\/strong>La funzionalit\u00e0 di apprendimento spaziato supporta la conservazione a lungo termine in un formato coinvolgente e basato sull&#8217;evidenza. Facile da creare un&#8217;ampia variet\u00e0 di corsi e compiti. Esperienza utente intuitiva degli studenti e onboarding di alta qualit\u00e0. Supporto eccezionale per la personalizzazione della piattaforma per il nostro utilizzo in uno studio pilota. Grazie Synap!<\/p>\n<p><strong>Inconvenienti: <\/strong>Il monitoraggio dei progressi di gruppo potrebbe essere semplificato, ma il team di Synap ha risposto rapidamente a tutte le nostre domande e ha trovato un&#8217;ottima soluzione.<\/p>\n<p>&nbsp;<\/p>\n","protected":false},"excerpt":{"rendered":"<p>Synap \u00e8 un sistema di gestione dell&#8217;apprendimento per le aziende che offre gli strumenti per creare brevi corsi di formazione personalizzati per i dipendenti. Lo strumento basato su cloud pu\u00f2 essere utilizzato per aiutare per l&#8217;inserimento di nuovi assunti, la formazione sulla conformit\u00e0, la revisione degli esami e altro ancora.<\/p>\n","protected":false},"author":19,"featured_media":34897,"parent":34687,"menu_order":0,"comment_status":"open","ping_status":"closed","template":"g1_template_page_review_new.php","meta":{"_acf_changed":false,"cwp_meta_box_check":"Yes","cwp_rev_product_name":"","cwp_rev_product_image":"","wppr_links":[],"cwp_rev_price":"","wppr_options":[],"wppr_pros":[],"wppr_cons":[],"_monsterinsights_skip_tracking":false,"_monsterinsights_sitenote_active":false,"_monsterinsights_sitenote_note":"","_monsterinsights_sitenote_category":0,"footnotes":""},"categories":[4660],"tags":[396,4661,4664,4663,4720,4721],"features":[],"class_list":{"0":"post-34895","1":"page","2":"type-page","3":"status-publish","4":"has-post-thumbnail","6":"category-piattaforme-di-esami-online","7":"tag-cloud","8":"tag-piattaforma-esami-online","9":"tag-programma-esami-online","10":"tag-software-esami-online","11":"tag-soluzioni-esami-online","12":"tag-synap"},"wppr_data":{"cwp_meta_box_check":"Yes","cwp_rev_product_name":"","cwp_rev_product_image":"","cwp_image_link":"image","cwp_rev_price":"","wppr_rating":"0.00"},"acf":[],"yoast_head":"<!-- This site is optimized with the Yoast SEO plugin v27.4 - https:\/\/yoast.com\/product\/yoast-seo-wordpress\/ -->\n<title>Synap: recensione software esami online - Accurate Reviews<\/title>\n<meta name=\"description\" content=\"Synap: recensione sistema di gestione dell&#039;apprendimento che offre strumenti per creare corsi di formazione personalizzati per i dipendenti.\" \/>\n<meta name=\"robots\" content=\"index, follow, max-snippet:-1, max-image-preview:large, max-video-preview:-1\" \/>\n<link rel=\"canonical\" href=\"https:\/\/www.accuratereviews.com\/it\/piattaforme-esami-online-lista\/synap-recensione\/\" \/>\n<meta property=\"og:locale\" content=\"it_IT\" \/>\n<meta property=\"og:type\" content=\"article\" \/>\n<meta property=\"og:title\" content=\"Synap: recensione software esami online - Accurate Reviews\" \/>\n<meta property=\"og:description\" content=\"Synap: recensione sistema di gestione dell&#039;apprendimento che offre strumenti per creare corsi di formazione personalizzati per i dipendenti.\" \/>\n<meta property=\"og:url\" content=\"https:\/\/www.accuratereviews.com\/it\/piattaforme-esami-online-lista\/synap-recensione\/\" \/>\n<meta property=\"og:site_name\" content=\"Accurate Reviews\" \/>\n<meta property=\"article:modified_time\" content=\"2021-01-25T15:00:17+00:00\" \/>\n<meta property=\"og:image\" content=\"https:\/\/www.accuratereviews.com\/wp-content\/uploads\/2021\/01\/Synap.png\" \/>\n\t<meta property=\"og:image:width\" content=\"220\" \/>\n\t<meta property=\"og:image:height\" content=\"238\" \/>\n\t<meta property=\"og:image:type\" content=\"image\/png\" \/>\n<meta name=\"twitter:card\" content=\"summary_large_image\" \/>\n<meta name=\"twitter:label1\" content=\"Tempo di lettura stimato\" \/>\n\t<meta name=\"twitter:data1\" content=\"4 minuti\" \/>\n<script type=\"application\/ld+json\" class=\"yoast-schema-graph\">{\"@context\":\"https:\\\/\\\/schema.org\",\"@graph\":[{\"@type\":\"WebPage\",\"@id\":\"https:\\\/\\\/www.accuratereviews.com\\\/it\\\/piattaforme-esami-online-lista\\\/synap-recensione\\\/\",\"url\":\"https:\\\/\\\/www.accuratereviews.com\\\/it\\\/piattaforme-esami-online-lista\\\/synap-recensione\\\/\",\"name\":\"Synap: recensione software esami online - Accurate Reviews\",\"isPartOf\":{\"@id\":\"https:\\\/\\\/www.accuratereviews.com\\\/it\\\/#website\"},\"primaryImageOfPage\":{\"@id\":\"https:\\\/\\\/www.accuratereviews.com\\\/it\\\/piattaforme-esami-online-lista\\\/synap-recensione\\\/#primaryimage\"},\"image\":{\"@id\":\"https:\\\/\\\/www.accuratereviews.com\\\/it\\\/piattaforme-esami-online-lista\\\/synap-recensione\\\/#primaryimage\"},\"thumbnailUrl\":\"https:\\\/\\\/www.accuratereviews.com\\\/wp-content\\\/uploads\\\/2021\\\/01\\\/Synap.png\",\"datePublished\":\"2021-01-07T12:12:46+00:00\",\"dateModified\":\"2021-01-25T15:00:17+00:00\",\"description\":\"Synap: recensione sistema di gestione dell'apprendimento che offre strumenti per creare corsi di formazione personalizzati per i dipendenti.\",\"breadcrumb\":{\"@id\":\"https:\\\/\\\/www.accuratereviews.com\\\/it\\\/piattaforme-esami-online-lista\\\/synap-recensione\\\/#breadcrumb\"},\"inLanguage\":\"it-IT\",\"potentialAction\":[{\"@type\":\"ReadAction\",\"target\":[\"https:\\\/\\\/www.accuratereviews.com\\\/it\\\/piattaforme-esami-online-lista\\\/synap-recensione\\\/\"]}]},{\"@type\":\"ImageObject\",\"inLanguage\":\"it-IT\",\"@id\":\"https:\\\/\\\/www.accuratereviews.com\\\/it\\\/piattaforme-esami-online-lista\\\/synap-recensione\\\/#primaryimage\",\"url\":\"https:\\\/\\\/www.accuratereviews.com\\\/wp-content\\\/uploads\\\/2021\\\/01\\\/Synap.png\",\"contentUrl\":\"https:\\\/\\\/www.accuratereviews.com\\\/wp-content\\\/uploads\\\/2021\\\/01\\\/Synap.png\",\"width\":220,\"height\":238},{\"@type\":\"BreadcrumbList\",\"@id\":\"https:\\\/\\\/www.accuratereviews.com\\\/it\\\/piattaforme-esami-online-lista\\\/synap-recensione\\\/#breadcrumb\",\"itemListElement\":[{\"@type\":\"ListItem\",\"position\":1,\"name\":\"Home\",\"item\":\"https:\\\/\\\/www.accuratereviews.com\\\/it\\\/\"},{\"@type\":\"ListItem\",\"position\":2,\"name\":\"Piattaforme di esami online\",\"item\":\"https:\\\/\\\/www.accuratereviews.com\\\/it\\\/piattaforme-esami-online-lista\\\/\"},{\"@type\":\"ListItem\",\"position\":3,\"name\":\"Synap\"}]},{\"@type\":\"WebSite\",\"@id\":\"https:\\\/\\\/www.accuratereviews.com\\\/it\\\/#website\",\"url\":\"https:\\\/\\\/www.accuratereviews.com\\\/it\\\/\",\"name\":\"Accurate Reviews\",\"description\":\"\",\"potentialAction\":[{\"@type\":\"SearchAction\",\"target\":{\"@type\":\"EntryPoint\",\"urlTemplate\":\"https:\\\/\\\/www.accuratereviews.com\\\/it\\\/?s={search_term_string}\"},\"query-input\":{\"@type\":\"PropertyValueSpecification\",\"valueRequired\":true,\"valueName\":\"search_term_string\"}}],\"inLanguage\":\"it-IT\"}]}<\/script>\n<!-- \/ Yoast SEO plugin. -->","yoast_head_json":{"title":"Synap: recensione software esami online - Accurate Reviews","description":"Synap: recensione sistema di gestione dell'apprendimento che offre strumenti per creare corsi di formazione personalizzati per i dipendenti.","robots":{"index":"index","follow":"follow","max-snippet":"max-snippet:-1","max-image-preview":"max-image-preview:large","max-video-preview":"max-video-preview:-1"},"canonical":"https:\/\/www.accuratereviews.com\/it\/piattaforme-esami-online-lista\/synap-recensione\/","og_locale":"it_IT","og_type":"article","og_title":"Synap: recensione software esami online - Accurate Reviews","og_description":"Synap: recensione sistema di gestione dell'apprendimento che offre strumenti per creare corsi di formazione personalizzati per i dipendenti.","og_url":"https:\/\/www.accuratereviews.com\/it\/piattaforme-esami-online-lista\/synap-recensione\/","og_site_name":"Accurate Reviews","article_modified_time":"2021-01-25T15:00:17+00:00","og_image":[{"width":220,"height":238,"url":"https:\/\/www.accuratereviews.com\/wp-content\/uploads\/2021\/01\/Synap.png","type":"image\/png"}],"twitter_card":"summary_large_image","twitter_misc":{"Tempo di lettura stimato":"4 minuti"},"schema":{"@context":"https:\/\/schema.org","@graph":[{"@type":"WebPage","@id":"https:\/\/www.accuratereviews.com\/it\/piattaforme-esami-online-lista\/synap-recensione\/","url":"https:\/\/www.accuratereviews.com\/it\/piattaforme-esami-online-lista\/synap-recensione\/","name":"Synap: recensione software esami online - Accurate Reviews","isPartOf":{"@id":"https:\/\/www.accuratereviews.com\/it\/#website"},"primaryImageOfPage":{"@id":"https:\/\/www.accuratereviews.com\/it\/piattaforme-esami-online-lista\/synap-recensione\/#primaryimage"},"image":{"@id":"https:\/\/www.accuratereviews.com\/it\/piattaforme-esami-online-lista\/synap-recensione\/#primaryimage"},"thumbnailUrl":"https:\/\/www.accuratereviews.com\/wp-content\/uploads\/2021\/01\/Synap.png","datePublished":"2021-01-07T12:12:46+00:00","dateModified":"2021-01-25T15:00:17+00:00","description":"Synap: recensione sistema di gestione dell'apprendimento che offre strumenti per creare corsi di formazione personalizzati per i dipendenti.","breadcrumb":{"@id":"https:\/\/www.accuratereviews.com\/it\/piattaforme-esami-online-lista\/synap-recensione\/#breadcrumb"},"inLanguage":"it-IT","potentialAction":[{"@type":"ReadAction","target":["https:\/\/www.accuratereviews.com\/it\/piattaforme-esami-online-lista\/synap-recensione\/"]}]},{"@type":"ImageObject","inLanguage":"it-IT","@id":"https:\/\/www.accuratereviews.com\/it\/piattaforme-esami-online-lista\/synap-recensione\/#primaryimage","url":"https:\/\/www.accuratereviews.com\/wp-content\/uploads\/2021\/01\/Synap.png","contentUrl":"https:\/\/www.accuratereviews.com\/wp-content\/uploads\/2021\/01\/Synap.png","width":220,"height":238},{"@type":"BreadcrumbList","@id":"https:\/\/www.accuratereviews.com\/it\/piattaforme-esami-online-lista\/synap-recensione\/#breadcrumb","itemListElement":[{"@type":"ListItem","position":1,"name":"Home","item":"https:\/\/www.accuratereviews.com\/it\/"},{"@type":"ListItem","position":2,"name":"Piattaforme di esami online","item":"https:\/\/www.accuratereviews.com\/it\/piattaforme-esami-online-lista\/"},{"@type":"ListItem","position":3,"name":"Synap"}]},{"@type":"WebSite","@id":"https:\/\/www.accuratereviews.com\/it\/#website","url":"https:\/\/www.accuratereviews.com\/it\/","name":"Accurate Reviews","description":"","potentialAction":[{"@type":"SearchAction","target":{"@type":"EntryPoint","urlTemplate":"https:\/\/www.accuratereviews.com\/it\/?s={search_term_string}"},"query-input":{"@type":"PropertyValueSpecification","valueRequired":true,"valueName":"search_term_string"}}],"inLanguage":"it-IT"}]}},"_links":{"self":[{"href":"https:\/\/www.accuratereviews.com\/it\/wp-json\/wp\/v2\/pages\/34895","targetHints":{"allow":["GET"]}}],"collection":[{"href":"https:\/\/www.accuratereviews.com\/it\/wp-json\/wp\/v2\/pages"}],"about":[{"href":"https:\/\/www.accuratereviews.com\/it\/wp-json\/wp\/v2\/types\/page"}],"author":[{"embeddable":true,"href":"https:\/\/www.accuratereviews.com\/it\/wp-json\/wp\/v2\/users\/19"}],"replies":[{"embeddable":true,"href":"https:\/\/www.accuratereviews.com\/it\/wp-json\/wp\/v2\/comments?post=34895"}],"version-history":[{"count":13,"href":"https:\/\/www.accuratereviews.com\/it\/wp-json\/wp\/v2\/pages\/34895\/revisions"}],"predecessor-version":[{"id":35924,"href":"https:\/\/www.accuratereviews.com\/it\/wp-json\/wp\/v2\/pages\/34895\/revisions\/35924"}],"up":[{"embeddable":true,"href":"https:\/\/www.accuratereviews.com\/it\/wp-json\/wp\/v2\/pages\/34687"}],"wp:featuredmedia":[{"embeddable":true,"href":"https:\/\/www.accuratereviews.com\/it\/wp-json\/wp\/v2\/media\/34897"}],"wp:attachment":[{"href":"https:\/\/www.accuratereviews.com\/it\/wp-json\/wp\/v2\/media?parent=34895"}],"wp:term":[{"taxonomy":"category","embeddable":true,"href":"https:\/\/www.accuratereviews.com\/it\/wp-json\/wp\/v2\/categories?post=34895"},{"taxonomy":"post_tag","embeddable":true,"href":"https:\/\/www.accuratereviews.com\/it\/wp-json\/wp\/v2\/tags?post=34895"},{"taxonomy":"features","embeddable":true,"href":"https:\/\/www.accuratereviews.com\/it\/wp-json\/wp\/v2\/features?post=34895"}],"curies":[{"name":"wp","href":"https:\/\/api.w.org\/{rel}","templated":true}]}}