{"id":34964,"date":"2021-01-08T12:07:01","date_gmt":"2021-01-08T12:07:01","guid":{"rendered":"https:\/\/www.accuratereviews.com\/?page_id=34964"},"modified":"2021-01-25T14:29:39","modified_gmt":"2021-01-25T14:29:39","slug":"getcertified-recensione","status":"publish","type":"page","link":"https:\/\/www.accuratereviews.com\/it\/piattaforme-esami-online-lista\/getcertified-recensione\/","title":{"rendered":"GetCertified"},"content":{"rendered":"<p><strong>GetCertified<\/strong> \u00e8 una <strong>soluzione di esami online<\/strong> e certificazioni che include generatori di test e risposte automatizzati, un designer di certificati, un sistema di reportistica, un marchio personalizzabile e una gamma di integrazioni di terze parti. Il software \u00e8 adatto per l&#8217;uso nel settore aziendale, pubblico, governativo, militare, scuole, college, universit\u00e0 e altro ancora. <strong>GetCertified<\/strong> organizza le domande in pool di questionari disponibili solo per il loro creatore per impostazione predefinita, ma possono essere condivisi con altri utenti. Puoi controllare la frequenza, la difficolt\u00e0 e i punti o le penalit\u00e0 per ciascuna domanda. \u00c8 possibile aggiungere immagini e risposte e gli utenti possono anche importare domande da file Excel. GetCertified consente agli utenti di generare una serie di rapporti per confrontare i punteggi dei test tra individui, tra gruppi o confrontare le prestazioni di un individuo con la media del loro gruppo.<\/p>\n<h2>GETCERTIFIED &#8211; TUTORIAL<\/h2>\n<p>Una rapida panoramica del pannello dei compiti che spiega come ordinare e filtrare per tipo o stato delle domande:<\/p>\n<div id=\"fluid-wrapper-counter-1\" class=\"g1-fluid-wrapper \" style=\"width:686px;\">\n<div style=\"padding-bottom:56.268221574344%;\"><iframe loading=\"lazy\" title=\"YouTestMe GetCertified 10.0 - My Assignments\" width=\"686\" height=\"386\" src=\"https:\/\/www.youtube.com\/embed\/O-8cJoFws7c?feature=oembed&amp;wmode=transparent&amp;autohide=1&amp;autoplay=0&amp;disablekb=0&amp;fs=1&amp;loop=0&amp;enablejsapi=1&amp;rel=0&amp;controls=2&amp;showinfo=0&amp;wmode=transparent&amp;autohide=2&amp;autoplay=0&amp;disablekb=0&amp;fs=1&amp;loop=0&amp;enablejsapi=1&amp;rel=0&amp;controls=2&amp;showinfo=1\" frameborder=\"0\" allow=\"accelerometer; autoplay; clipboard-write; encrypted-media; gyroscope; picture-in-picture\" allowfullscreen><\/iframe><\/div>\n<\/div>\n<h3>GETCERTIFIED &#8211; CARATTERISTICHE<\/h3>\n<ul>\n<li>Crea \/ carica account utente e domande<\/li>\n<li><span class=\"JLqJ4b\" data-language-for-alternatives=\"it\" data-language-to-translate-into=\"en\" data-phrase-index=\"3\"><span class=\"JLqJ4b ChMk0b\" data-language-for-alternatives=\"it\" data-language-to-translate-into=\"en\" data-phrase-index=\"4\">Sincronizza gli utenti da altre applicazioni <\/span><\/span><\/li>\n<li><span class=\"JLqJ4b\" data-language-for-alternatives=\"it\" data-language-to-translate-into=\"en\" data-phrase-index=\"3\"><span class=\"JLqJ4b ChMk0b\" data-language-for-alternatives=\"it\" data-language-to-translate-into=\"en\" data-phrase-index=\"4\">Organizza gli utenti in gruppi<\/span><\/span><\/li>\n<li><span class=\"JLqJ4b\" data-language-for-alternatives=\"it\" data-language-to-translate-into=\"en\" data-phrase-index=\"11\"><span class=\"JLqJ4b ChMk0b\" data-language-for-alternatives=\"it\" data-language-to-translate-into=\"en\" data-phrase-index=\"12\">Aggiungi contenuti multimediali<\/span><\/span><\/li>\n<li>Genera test (manualmente o tramite generatore di test)<\/li>\n<li>Crea corsi di formazione<\/li>\n<li>Segui i progressi dei candidati<\/li>\n<li><span class=\"JLqJ4b\" data-language-for-alternatives=\"it\" data-language-to-translate-into=\"en\" data-phrase-index=\"27\"><span class=\"JLqJ4b ChMk0b\" data-language-for-alternatives=\"it\" data-language-to-translate-into=\"en\" data-phrase-index=\"28\">Monitorare i candidati utilizzando il proctoring dal vivo o automatizzato<\/span><\/span><\/li>\n<li>Aggiungi test per il controllo delle conoscenze<\/li>\n<li>Scegli il formato del rapporto<\/li>\n<li><span class=\"JLqJ4b\" data-language-for-alternatives=\"it\" data-language-to-translate-into=\"en\" data-phrase-index=\"7\"> <span class=\"JLqJ4b ChMk0b\" data-language-for-alternatives=\"it\" data-language-to-translate-into=\"en\" data-phrase-index=\"8\">Scarica, esporta o stampa rapporti <\/span><\/span><\/li>\n<li><span class=\"JLqJ4b\" data-language-for-alternatives=\"it\" data-language-to-translate-into=\"en\" data-phrase-index=\"7\"><span class=\"JLqJ4b ChMk0b\" data-language-for-alternatives=\"it\" data-language-to-translate-into=\"en\" data-phrase-index=\"8\">Trasferisci i dati ad altre applicazioni<\/span><\/span><\/li>\n<\/ul>\n<h4>LE RECENSIONI DEGLI UTENTI<\/h4>\n<h4 class=\"font-weight-bold mb-1 d-flex align-items-center\">Ahmed A.&#8221;L&#8217;unica altra opzione \u00e8 assumere un&#8217;azienda per fare lo stesso lavoro&#8221;<\/h4>\n<p><strong>Vantaggi: <\/strong>Dobbiamo fare gli esami HIPAA ogni anno per tutto il personale clinico. GetCertified ci ha permesso di creare i nostri certificati personalizzati per gli esami HIPAA e tutti lo hanno adorato! La funzionalit\u00e0 di creazione del test era di prim&#8217;ordine e intuitiva.<\/p>\n<p><strong>Inconvenienti: <\/strong>Non mi importava della selezione dei modelli che ci venivano offerti. Sembravano noiosi e quando abbiamo stampato i certificati, il logo dell&#8217;azienda era deformato.<\/p>\n<h4 class=\"font-weight-bold mb-1 d-flex align-items-center\">Alisa T.&#8221;Molto soddisfatta del prodotto e del suo supporto&#8221;<\/h4>\n<p><strong>Vantaggi: <\/strong>-La capacit\u00e0 di generare automaticamente certificati per testare gli acquirenti \u00e8 una caratteristica che ci ha aiutato a decidere di andare con YouTestMe. Quindi conduciamo un paio di certificati che hanno richiesto molto tempo e denaro\u00a0&#8211; Il supporto clienti \u00e8 ottimo. Avevamo bisogno di una piccola personalizzazione e l&#8217;abbiamo ottenuta gratuitamente<\/p>\n<h4 class=\"font-weight-bold mb-1 d-flex align-items-center\">Jen L.&#8221;Utile per i test al college&#8221;<\/h4>\n<p><strong>Vantaggi: <\/strong>&#8211; Mi piace che sia possibile accedervi ovunque e offra livelli di applicazioni in modo da poterlo utilizzare semplicemente come si desidera o utilizzarlo per sistemi di test pi\u00f9 complessi.<\/p>\n<p><strong>Inconvenienti: <\/strong>&#8211; In realt\u00e0 non mi piace affatto il nome- non dice affatto cosa fa o per chi \u00e8. \u00c8 anche troppo costoso e non viene utilizzato molto spesso, quindi \u00e8 difficile sincronizzare altri sistemi.<\/p>\n","protected":false},"excerpt":{"rendered":"<p>GetCertified \u00e8 una soluzione di esami online e certificazione che include generatori di test e risposte automatizzati, un designer di certificati, un sistema di reportistica, un marchio personalizzabile e una gamma di integrazioni di terze parti. Il software \u00e8 adatto per l&#8217;uso nel settore aziendale, pubblico, governativo, militare, scuole, college, universit\u00e0 e altro ancora.<\/p>\n","protected":false},"author":19,"featured_media":34976,"parent":34687,"menu_order":0,"comment_status":"open","ping_status":"closed","template":"g1_template_page_review_new.php","meta":{"_acf_changed":false,"cwp_meta_box_check":"Yes","cwp_rev_product_name":"","cwp_rev_product_image":"","wppr_links":[],"cwp_rev_price":"","wppr_options":[],"wppr_pros":[],"wppr_cons":[],"_monsterinsights_skip_tracking":false,"_monsterinsights_sitenote_active":false,"_monsterinsights_sitenote_note":"","_monsterinsights_sitenote_category":0,"footnotes":""},"categories":[4660],"tags":[396,4730,4731,4727,4686,4684,4685],"features":[],"class_list":{"0":"post-34964","1":"page","2":"type-page","3":"status-publish","4":"has-post-thumbnail","6":"category-piattaforme-di-esami-online","7":"tag-cloud","8":"tag-creazione-domande","9":"tag-getcertified","10":"tag-piattaforma-per-esami-online","11":"tag-programma-per-esami-online","12":"tag-software-per-esami-online","13":"tag-soluzione-per-esami-online"},"wppr_data":{"cwp_meta_box_check":"Yes","cwp_rev_product_name":"","cwp_rev_product_image":"","cwp_image_link":"image","cwp_rev_price":"","wppr_rating":"0.00"},"acf":[],"yoast_head":"<!-- This site is optimized with the Yoast SEO plugin v27.4 - https:\/\/yoast.com\/product\/yoast-seo-wordpress\/ -->\n<title>GetCertified: recensione software esami online - Accurate Reviews<\/title>\n<meta name=\"description\" content=\"GetCertified: recensione soluzione di esami online e certificazione che include generatori di test e risposte automatizzati.\" \/>\n<meta name=\"robots\" content=\"index, follow, max-snippet:-1, max-image-preview:large, max-video-preview:-1\" \/>\n<link rel=\"canonical\" href=\"https:\/\/www.accuratereviews.com\/it\/piattaforme-esami-online-lista\/getcertified-recensione\/\" \/>\n<meta property=\"og:locale\" content=\"it_IT\" \/>\n<meta property=\"og:type\" content=\"article\" \/>\n<meta property=\"og:title\" content=\"GetCertified: recensione software esami online - Accurate Reviews\" \/>\n<meta property=\"og:description\" content=\"GetCertified: recensione soluzione di esami online e certificazione che include generatori di test e risposte automatizzati.\" \/>\n<meta property=\"og:url\" content=\"https:\/\/www.accuratereviews.com\/it\/piattaforme-esami-online-lista\/getcertified-recensione\/\" \/>\n<meta property=\"og:site_name\" content=\"Accurate Reviews\" \/>\n<meta property=\"article:modified_time\" content=\"2021-01-25T14:29:39+00:00\" \/>\n<meta property=\"og:image\" content=\"https:\/\/www.accuratereviews.com\/wp-content\/uploads\/2021\/01\/getcertified.png\" \/>\n\t<meta property=\"og:image:width\" content=\"493\" \/>\n\t<meta property=\"og:image:height\" content=\"493\" \/>\n\t<meta property=\"og:image:type\" content=\"image\/png\" \/>\n<meta name=\"twitter:card\" content=\"summary_large_image\" \/>\n<meta name=\"twitter:label1\" content=\"Tempo di lettura stimato\" \/>\n\t<meta name=\"twitter:data1\" content=\"2 minuti\" \/>\n<script type=\"application\/ld+json\" class=\"yoast-schema-graph\">{\"@context\":\"https:\\\/\\\/schema.org\",\"@graph\":[{\"@type\":\"WebPage\",\"@id\":\"https:\\\/\\\/www.accuratereviews.com\\\/it\\\/piattaforme-esami-online-lista\\\/getcertified-recensione\\\/\",\"url\":\"https:\\\/\\\/www.accuratereviews.com\\\/it\\\/piattaforme-esami-online-lista\\\/getcertified-recensione\\\/\",\"name\":\"GetCertified: recensione software esami online - Accurate Reviews\",\"isPartOf\":{\"@id\":\"https:\\\/\\\/www.accuratereviews.com\\\/it\\\/#website\"},\"primaryImageOfPage\":{\"@id\":\"https:\\\/\\\/www.accuratereviews.com\\\/it\\\/piattaforme-esami-online-lista\\\/getcertified-recensione\\\/#primaryimage\"},\"image\":{\"@id\":\"https:\\\/\\\/www.accuratereviews.com\\\/it\\\/piattaforme-esami-online-lista\\\/getcertified-recensione\\\/#primaryimage\"},\"thumbnailUrl\":\"https:\\\/\\\/www.accuratereviews.com\\\/wp-content\\\/uploads\\\/2021\\\/01\\\/getcertified.png\",\"datePublished\":\"2021-01-08T12:07:01+00:00\",\"dateModified\":\"2021-01-25T14:29:39+00:00\",\"description\":\"GetCertified: recensione soluzione di esami online e certificazione che include generatori di test e risposte automatizzati.\",\"breadcrumb\":{\"@id\":\"https:\\\/\\\/www.accuratereviews.com\\\/it\\\/piattaforme-esami-online-lista\\\/getcertified-recensione\\\/#breadcrumb\"},\"inLanguage\":\"it-IT\",\"potentialAction\":[{\"@type\":\"ReadAction\",\"target\":[\"https:\\\/\\\/www.accuratereviews.com\\\/it\\\/piattaforme-esami-online-lista\\\/getcertified-recensione\\\/\"]}]},{\"@type\":\"ImageObject\",\"inLanguage\":\"it-IT\",\"@id\":\"https:\\\/\\\/www.accuratereviews.com\\\/it\\\/piattaforme-esami-online-lista\\\/getcertified-recensione\\\/#primaryimage\",\"url\":\"https:\\\/\\\/www.accuratereviews.com\\\/wp-content\\\/uploads\\\/2021\\\/01\\\/getcertified.png\",\"contentUrl\":\"https:\\\/\\\/www.accuratereviews.com\\\/wp-content\\\/uploads\\\/2021\\\/01\\\/getcertified.png\",\"width\":493,\"height\":493},{\"@type\":\"BreadcrumbList\",\"@id\":\"https:\\\/\\\/www.accuratereviews.com\\\/it\\\/piattaforme-esami-online-lista\\\/getcertified-recensione\\\/#breadcrumb\",\"itemListElement\":[{\"@type\":\"ListItem\",\"position\":1,\"name\":\"Home\",\"item\":\"https:\\\/\\\/www.accuratereviews.com\\\/it\\\/\"},{\"@type\":\"ListItem\",\"position\":2,\"name\":\"Piattaforme di esami online\",\"item\":\"https:\\\/\\\/www.accuratereviews.com\\\/it\\\/piattaforme-esami-online-lista\\\/\"},{\"@type\":\"ListItem\",\"position\":3,\"name\":\"GetCertified\"}]},{\"@type\":\"WebSite\",\"@id\":\"https:\\\/\\\/www.accuratereviews.com\\\/it\\\/#website\",\"url\":\"https:\\\/\\\/www.accuratereviews.com\\\/it\\\/\",\"name\":\"Accurate Reviews\",\"description\":\"\",\"potentialAction\":[{\"@type\":\"SearchAction\",\"target\":{\"@type\":\"EntryPoint\",\"urlTemplate\":\"https:\\\/\\\/www.accuratereviews.com\\\/it\\\/?s={search_term_string}\"},\"query-input\":{\"@type\":\"PropertyValueSpecification\",\"valueRequired\":true,\"valueName\":\"search_term_string\"}}],\"inLanguage\":\"it-IT\"}]}<\/script>\n<!-- \/ Yoast SEO plugin. -->","yoast_head_json":{"title":"GetCertified: recensione software esami online - Accurate Reviews","description":"GetCertified: recensione soluzione di esami online e certificazione che include generatori di test e risposte automatizzati.","robots":{"index":"index","follow":"follow","max-snippet":"max-snippet:-1","max-image-preview":"max-image-preview:large","max-video-preview":"max-video-preview:-1"},"canonical":"https:\/\/www.accuratereviews.com\/it\/piattaforme-esami-online-lista\/getcertified-recensione\/","og_locale":"it_IT","og_type":"article","og_title":"GetCertified: recensione software esami online - Accurate Reviews","og_description":"GetCertified: recensione soluzione di esami online e certificazione che include generatori di test e risposte automatizzati.","og_url":"https:\/\/www.accuratereviews.com\/it\/piattaforme-esami-online-lista\/getcertified-recensione\/","og_site_name":"Accurate Reviews","article_modified_time":"2021-01-25T14:29:39+00:00","og_image":[{"width":493,"height":493,"url":"https:\/\/www.accuratereviews.com\/wp-content\/uploads\/2021\/01\/getcertified.png","type":"image\/png"}],"twitter_card":"summary_large_image","twitter_misc":{"Tempo di lettura stimato":"2 minuti"},"schema":{"@context":"https:\/\/schema.org","@graph":[{"@type":"WebPage","@id":"https:\/\/www.accuratereviews.com\/it\/piattaforme-esami-online-lista\/getcertified-recensione\/","url":"https:\/\/www.accuratereviews.com\/it\/piattaforme-esami-online-lista\/getcertified-recensione\/","name":"GetCertified: recensione software esami online - Accurate Reviews","isPartOf":{"@id":"https:\/\/www.accuratereviews.com\/it\/#website"},"primaryImageOfPage":{"@id":"https:\/\/www.accuratereviews.com\/it\/piattaforme-esami-online-lista\/getcertified-recensione\/#primaryimage"},"image":{"@id":"https:\/\/www.accuratereviews.com\/it\/piattaforme-esami-online-lista\/getcertified-recensione\/#primaryimage"},"thumbnailUrl":"https:\/\/www.accuratereviews.com\/wp-content\/uploads\/2021\/01\/getcertified.png","datePublished":"2021-01-08T12:07:01+00:00","dateModified":"2021-01-25T14:29:39+00:00","description":"GetCertified: recensione soluzione di esami online e certificazione che include generatori di test e risposte automatizzati.","breadcrumb":{"@id":"https:\/\/www.accuratereviews.com\/it\/piattaforme-esami-online-lista\/getcertified-recensione\/#breadcrumb"},"inLanguage":"it-IT","potentialAction":[{"@type":"ReadAction","target":["https:\/\/www.accuratereviews.com\/it\/piattaforme-esami-online-lista\/getcertified-recensione\/"]}]},{"@type":"ImageObject","inLanguage":"it-IT","@id":"https:\/\/www.accuratereviews.com\/it\/piattaforme-esami-online-lista\/getcertified-recensione\/#primaryimage","url":"https:\/\/www.accuratereviews.com\/wp-content\/uploads\/2021\/01\/getcertified.png","contentUrl":"https:\/\/www.accuratereviews.com\/wp-content\/uploads\/2021\/01\/getcertified.png","width":493,"height":493},{"@type":"BreadcrumbList","@id":"https:\/\/www.accuratereviews.com\/it\/piattaforme-esami-online-lista\/getcertified-recensione\/#breadcrumb","itemListElement":[{"@type":"ListItem","position":1,"name":"Home","item":"https:\/\/www.accuratereviews.com\/it\/"},{"@type":"ListItem","position":2,"name":"Piattaforme di esami online","item":"https:\/\/www.accuratereviews.com\/it\/piattaforme-esami-online-lista\/"},{"@type":"ListItem","position":3,"name":"GetCertified"}]},{"@type":"WebSite","@id":"https:\/\/www.accuratereviews.com\/it\/#website","url":"https:\/\/www.accuratereviews.com\/it\/","name":"Accurate Reviews","description":"","potentialAction":[{"@type":"SearchAction","target":{"@type":"EntryPoint","urlTemplate":"https:\/\/www.accuratereviews.com\/it\/?s={search_term_string}"},"query-input":{"@type":"PropertyValueSpecification","valueRequired":true,"valueName":"search_term_string"}}],"inLanguage":"it-IT"}]}},"_links":{"self":[{"href":"https:\/\/www.accuratereviews.com\/it\/wp-json\/wp\/v2\/pages\/34964","targetHints":{"allow":["GET"]}}],"collection":[{"href":"https:\/\/www.accuratereviews.com\/it\/wp-json\/wp\/v2\/pages"}],"about":[{"href":"https:\/\/www.accuratereviews.com\/it\/wp-json\/wp\/v2\/types\/page"}],"author":[{"embeddable":true,"href":"https:\/\/www.accuratereviews.com\/it\/wp-json\/wp\/v2\/users\/19"}],"replies":[{"embeddable":true,"href":"https:\/\/www.accuratereviews.com\/it\/wp-json\/wp\/v2\/comments?post=34964"}],"version-history":[{"count":12,"href":"https:\/\/www.accuratereviews.com\/it\/wp-json\/wp\/v2\/pages\/34964\/revisions"}],"predecessor-version":[{"id":35908,"href":"https:\/\/www.accuratereviews.com\/it\/wp-json\/wp\/v2\/pages\/34964\/revisions\/35908"}],"up":[{"embeddable":true,"href":"https:\/\/www.accuratereviews.com\/it\/wp-json\/wp\/v2\/pages\/34687"}],"wp:featuredmedia":[{"embeddable":true,"href":"https:\/\/www.accuratereviews.com\/it\/wp-json\/wp\/v2\/media\/34976"}],"wp:attachment":[{"href":"https:\/\/www.accuratereviews.com\/it\/wp-json\/wp\/v2\/media?parent=34964"}],"wp:term":[{"taxonomy":"category","embeddable":true,"href":"https:\/\/www.accuratereviews.com\/it\/wp-json\/wp\/v2\/categories?post=34964"},{"taxonomy":"post_tag","embeddable":true,"href":"https:\/\/www.accuratereviews.com\/it\/wp-json\/wp\/v2\/tags?post=34964"},{"taxonomy":"features","embeddable":true,"href":"https:\/\/www.accuratereviews.com\/it\/wp-json\/wp\/v2\/features?post=34964"}],"curies":[{"name":"wp","href":"https:\/\/api.w.org\/{rel}","templated":true}]}}