{"id":34968,"date":"2021-01-08T12:04:43","date_gmt":"2021-01-08T12:04:43","guid":{"rendered":"https:\/\/www.accuratereviews.com\/?page_id=34968"},"modified":"2021-01-25T11:18:21","modified_gmt":"2021-01-25T11:18:21","slug":"brilliant-assessments-recensione","status":"publish","type":"page","link":"https:\/\/www.accuratereviews.com\/it\/piattaforme-esami-online-lista\/brilliant-assessments-recensione\/","title":{"rendered":"Brilliant Assessments"},"content":{"rendered":"<p class=\"h5 font-weight-bold\"><strong>Brilliant Assessments<\/strong> \u00e8 una piattaforma utilizzata da aziende di tutte le dimensioni per ottenere valutazioni, certificazioni e feedback personalizzati da parte dei dipendenti e dei clienti. Si occupa di<strong> creare test e valutazioni aziendali<\/strong> con il fine di misurare la soddisfazione delle persone, che siano lavoratori o consumatori abituali.<br \/>\nFunzionale anche per il dipartimento delle risorse umane o di chi si occupa di selezionare e formare il personale dell&#8217;azienda di riferimento.\u00a0<strong>Brilliant Assessments<\/strong> \u00e8 un software\u00a0integrato con un modello di Microsoft Word, <strong>Ms Word<\/strong>, che rende il suo utilizzo piuttosto intuitivo\u00a0e accessibile a tutti, dai principianti ai meno esperti in campo IT. Si tratta di uno strumento flessibile che ti permette di <strong>creare esami online<\/strong> pi\u00f9 interattivi e coinvolgenti inserendo anche immagini e video.<\/p>\n<h2>BRILLIANT ASSESSMENTS &#8211; VIDEO INTRODUTTIVO<\/h2>\n<div id=\"fluid-wrapper-counter-1\" class=\"g1-fluid-wrapper \" style=\"width:686px;\">\n<div style=\"padding-bottom:56.268221574344%;\"><iframe loading=\"lazy\" title=\"Brilliant Assessments Overview Animation\" width=\"686\" height=\"386\" src=\"https:\/\/www.youtube.com\/embed\/JHUGHwGTggY?feature=oembed&amp;wmode=transparent&amp;autohide=1&amp;autoplay=0&amp;disablekb=0&amp;fs=1&amp;loop=0&amp;enablejsapi=1&amp;rel=0&amp;controls=2&amp;showinfo=0&amp;wmode=transparent&amp;autohide=2&amp;autoplay=0&amp;disablekb=0&amp;fs=1&amp;loop=0&amp;enablejsapi=1&amp;rel=0&amp;controls=2&amp;showinfo=1\" frameborder=\"0\" allow=\"accelerometer; autoplay; clipboard-write; encrypted-media; gyroscope; picture-in-picture\" allowfullscreen><\/iframe><\/div>\n<\/div>\n<h3>BRILLIANT ASSESSMENTS &#8211; CARATTERISTICHE<\/h3>\n<p>Di seguito le sue principali caratteristiche:<\/p>\n<ul>\n<li style=\"font-weight: 400;\" aria-level=\"1\"><span style=\"font-weight: 400;\"><strong>Creazione di valutazioni<\/strong>: crea valutazioni per la tua azienda o test per assumere nuovo personale in modo semplice e veloce. Non \u00e8 necessario avere esperienza nel campo IT<\/span><\/li>\n<li style=\"font-weight: 400;\" aria-level=\"1\"><span style=\"font-weight: 400;\"><strong>Algoritmi di punteggio intelligenti<\/strong>: il punteggio \u00e8 completamente automatizzato\u00a0<\/span><\/li>\n<li style=\"font-weight: 400;\" aria-level=\"1\"><strong>Report dei feedback dettagliati<\/strong><\/li>\n<li style=\"font-weight: 400;\" aria-level=\"1\"><span style=\"font-weight: 400;\"><strong>Personalizzabile<\/strong>: aggiungi il tuo marchio con l\u2019etichetta bianca al 100% e l\u2019url per integrare lo strumento sul sito della tua azienda\u00a0<\/span><\/li>\n<li style=\"font-weight: 400;\" aria-level=\"1\"><span style=\"font-weight: 400;\"><strong>Disponibile su tutte le piattaforme<\/strong>: possibilit\u00e0 di accedere in ogni momento non solo dal pc, ma anche da tablet o smartphone<\/span><\/li>\n<li style=\"font-weight: 400;\" aria-level=\"1\"><span style=\"font-weight: 400;\"><strong>Multilingue<\/strong>: le valutazioni, i test, i report dei feedback sono disponibili in qualsiasi lingua<\/span><\/li>\n<\/ul>\n<h4>LE RECENSIONI DEGLI UTENTI<\/h4>\n<p dir=\"ltr\"><strong>&#8220;Ottimo strumento di marketing come Call to Action&#8221;<\/strong><br \/>\nIN GENERALE: stavo cercando uno &#8220;Strumento di valutazione&#8221; da creare come Call To Action di marketing, per invitare potenziali lead a darci maggiori informazioni sui loro bisogni e attirare la loro attenzione. Le tipiche risorse disponibili online erano incredibilmente costose per la mia piccola azienda, quindi ho trovato Brilliant Assessments! Abbiamo investito molto tempo nella creazione della nostra valutazione, ma ne vale la pena, con un costo inferiore. Il rappresentante \u00e8 molto attento alle mie domande e ad apportare modifiche al suo prodotto in base all&#8217;input dei clienti.<br \/>\nPRO: soddisfa le mie esigenze di uno strumento di valutazione di Call to Action e il supporto \u00e8 stato meraviglioso nel guidarmi attraverso i problemi durante la creazione dello strumento.<br \/>\nCONTRO: creare il tuo strumento non \u00e8 intuitivo e, anche dopo aver visto i video introduttivi, ho dovuto farmi aiutare dal supporto clienti. La buona notizia \u00e8 che \u00e8 stato un piacere lavorare con loro e ho apprezzato molto il loro supporto e la loro pazienza!<\/p>\n<p dir=\"ltr\"><strong>&#8220;Strumento perfetto per le nostre esigenze!&#8221;<br \/>\n<\/strong>IN GENERALE: non potrei essere pi\u00f9 soddisfatto di Brilliant Assessments. La parte migliore \u00e8 il servizio clienti personalizzato. L&#8217;assistenza clienti \u00e8 cos\u00ec rapida nel rispondere e va ben oltre il miglio supplementare anche quando sono state fatte domande a cui era gi\u00e0 stata data risposta nella sezione della conoscenza.<br \/>\nPRO: report personalizzati per una moltitudine di valutazioni che tengono traccia dei dati nel tempo e in tutte le organizzazioni.<br \/>\nCONTRO: il processo di creazione del report richiedi un sacco di tentativi ed errori. \u00c8 semplice se non vuoi personalizzazioni significative ma l&#8217;ho fatto e ci \u00e8 voluto un po&#8217; per costruirlo. Ma le sezioni della guida offrono tutto il necessario di cui hai bisogno.<\/p>\n<p dir=\"ltr\"><strong>&#8220;I migliori nel loro settore&#8221;<br \/>\n<\/strong>IN GENERALE: tutti i dubbi che avevo sono stati risolti dal loro fantastico team di supporto.<br \/>\nPRO: Ha tutto ci\u00f2 di cui abbiamo bisogno per fare valutazioni, ottimo supporto, ottima interfaccia in back end e front end, facile da personalizzare e rebranding.<br \/>\nIl meglio di questo software \u00e8 che puoi utilizzare modelli o crearne uno nuovo da zero e avere report fantastici.<\/p>\n","protected":false},"excerpt":{"rendered":"<p>Brilliant Assessments \u00e8 una piattaforma utilizzata da aziende di tutte le dimensioni per ottenere valutazioni, certificazioni e feedback personalizzati da parte dei dipendenti e dei clienti. Si occupa di creare test e valutazioni aziendali con il fine di misurare la soddisfazione delle persone, che siano lavoratori o consumatori abituali.<\/p>\n","protected":false},"author":17,"featured_media":34972,"parent":34687,"menu_order":0,"comment_status":"open","ping_status":"closed","template":"g1_template_page_review_new.php","meta":{"_acf_changed":false,"cwp_meta_box_check":"No","cwp_rev_product_name":"","cwp_rev_product_image":"","wppr_links":[],"cwp_rev_price":"","wppr_options":[],"wppr_pros":[],"wppr_cons":[],"_monsterinsights_skip_tracking":false,"_monsterinsights_sitenote_active":false,"_monsterinsights_sitenote_note":"","_monsterinsights_sitenote_category":0,"footnotes":""},"categories":[4660],"tags":[4729,4662,4726,4661,4684,4732],"features":[],"class_list":{"0":"post-34968","1":"page","2":"type-page","3":"status-publish","4":"has-post-thumbnail","6":"category-piattaforme-di-esami-online","7":"tag-creazione-test-online","8":"tag-esami-online","9":"tag-gestionale-esami-online","10":"tag-piattaforma-esami-online","11":"tag-software-per-esami-online","12":"tag-valutazioni-aziendali"},"wppr_data":{"cwp_meta_box_check":"No"},"acf":[],"yoast_head":"<!-- This site is optimized with the Yoast SEO plugin v27.4 - https:\/\/yoast.com\/product\/yoast-seo-wordpress\/ -->\n<title>Brilliant Assessments: software valutazioni aziendali - Accurate Reviews<\/title>\n<meta name=\"description\" content=\"Brilliant Assessments \u00e8 un software di valutazioni aziendali utilizzata da aziende di tutte le dimensioni e dal dipartimento di risorse umane.\" \/>\n<meta name=\"robots\" content=\"index, follow, max-snippet:-1, max-image-preview:large, max-video-preview:-1\" \/>\n<link rel=\"canonical\" href=\"https:\/\/www.accuratereviews.com\/it\/piattaforme-esami-online-lista\/brilliant-assessments-recensione\/\" \/>\n<meta property=\"og:locale\" content=\"it_IT\" \/>\n<meta property=\"og:type\" content=\"article\" \/>\n<meta property=\"og:title\" content=\"Brilliant Assessments: software valutazioni aziendali - Accurate Reviews\" \/>\n<meta property=\"og:description\" content=\"Brilliant Assessments \u00e8 un software di valutazioni aziendali utilizzata da aziende di tutte le dimensioni e dal dipartimento di risorse umane.\" \/>\n<meta property=\"og:url\" content=\"https:\/\/www.accuratereviews.com\/it\/piattaforme-esami-online-lista\/brilliant-assessments-recensione\/\" \/>\n<meta property=\"og:site_name\" content=\"Accurate Reviews\" \/>\n<meta property=\"article:modified_time\" content=\"2021-01-25T11:18:21+00:00\" \/>\n<meta property=\"og:image\" content=\"https:\/\/www.accuratereviews.com\/wp-content\/uploads\/2021\/01\/Unknown-1.png\" \/>\n\t<meta property=\"og:image:width\" content=\"380\" \/>\n\t<meta property=\"og:image:height\" content=\"200\" \/>\n\t<meta property=\"og:image:type\" content=\"image\/png\" \/>\n<meta name=\"twitter:card\" content=\"summary_large_image\" \/>\n<meta name=\"twitter:label1\" content=\"Tempo di lettura stimato\" \/>\n\t<meta name=\"twitter:data1\" content=\"3 minuti\" \/>\n<script type=\"application\/ld+json\" class=\"yoast-schema-graph\">{\"@context\":\"https:\\\/\\\/schema.org\",\"@graph\":[{\"@type\":\"WebPage\",\"@id\":\"https:\\\/\\\/www.accuratereviews.com\\\/it\\\/piattaforme-esami-online-lista\\\/brilliant-assessments-recensione\\\/\",\"url\":\"https:\\\/\\\/www.accuratereviews.com\\\/it\\\/piattaforme-esami-online-lista\\\/brilliant-assessments-recensione\\\/\",\"name\":\"Brilliant Assessments: software valutazioni aziendali - Accurate Reviews\",\"isPartOf\":{\"@id\":\"https:\\\/\\\/www.accuratereviews.com\\\/it\\\/#website\"},\"primaryImageOfPage\":{\"@id\":\"https:\\\/\\\/www.accuratereviews.com\\\/it\\\/piattaforme-esami-online-lista\\\/brilliant-assessments-recensione\\\/#primaryimage\"},\"image\":{\"@id\":\"https:\\\/\\\/www.accuratereviews.com\\\/it\\\/piattaforme-esami-online-lista\\\/brilliant-assessments-recensione\\\/#primaryimage\"},\"thumbnailUrl\":\"https:\\\/\\\/www.accuratereviews.com\\\/wp-content\\\/uploads\\\/2021\\\/01\\\/Unknown-1.png\",\"datePublished\":\"2021-01-08T12:04:43+00:00\",\"dateModified\":\"2021-01-25T11:18:21+00:00\",\"description\":\"Brilliant Assessments \u00e8 un software di valutazioni aziendali utilizzata da aziende di tutte le dimensioni e dal dipartimento di risorse umane.\",\"breadcrumb\":{\"@id\":\"https:\\\/\\\/www.accuratereviews.com\\\/it\\\/piattaforme-esami-online-lista\\\/brilliant-assessments-recensione\\\/#breadcrumb\"},\"inLanguage\":\"it-IT\",\"potentialAction\":[{\"@type\":\"ReadAction\",\"target\":[\"https:\\\/\\\/www.accuratereviews.com\\\/it\\\/piattaforme-esami-online-lista\\\/brilliant-assessments-recensione\\\/\"]}]},{\"@type\":\"ImageObject\",\"inLanguage\":\"it-IT\",\"@id\":\"https:\\\/\\\/www.accuratereviews.com\\\/it\\\/piattaforme-esami-online-lista\\\/brilliant-assessments-recensione\\\/#primaryimage\",\"url\":\"https:\\\/\\\/www.accuratereviews.com\\\/wp-content\\\/uploads\\\/2021\\\/01\\\/Unknown-1.png\",\"contentUrl\":\"https:\\\/\\\/www.accuratereviews.com\\\/wp-content\\\/uploads\\\/2021\\\/01\\\/Unknown-1.png\",\"width\":380,\"height\":200},{\"@type\":\"BreadcrumbList\",\"@id\":\"https:\\\/\\\/www.accuratereviews.com\\\/it\\\/piattaforme-esami-online-lista\\\/brilliant-assessments-recensione\\\/#breadcrumb\",\"itemListElement\":[{\"@type\":\"ListItem\",\"position\":1,\"name\":\"Home\",\"item\":\"https:\\\/\\\/www.accuratereviews.com\\\/it\\\/\"},{\"@type\":\"ListItem\",\"position\":2,\"name\":\"Piattaforme di esami online\",\"item\":\"https:\\\/\\\/www.accuratereviews.com\\\/it\\\/piattaforme-esami-online-lista\\\/\"},{\"@type\":\"ListItem\",\"position\":3,\"name\":\"Brilliant Assessments\"}]},{\"@type\":\"WebSite\",\"@id\":\"https:\\\/\\\/www.accuratereviews.com\\\/it\\\/#website\",\"url\":\"https:\\\/\\\/www.accuratereviews.com\\\/it\\\/\",\"name\":\"Accurate Reviews\",\"description\":\"\",\"potentialAction\":[{\"@type\":\"SearchAction\",\"target\":{\"@type\":\"EntryPoint\",\"urlTemplate\":\"https:\\\/\\\/www.accuratereviews.com\\\/it\\\/?s={search_term_string}\"},\"query-input\":{\"@type\":\"PropertyValueSpecification\",\"valueRequired\":true,\"valueName\":\"search_term_string\"}}],\"inLanguage\":\"it-IT\"}]}<\/script>\n<!-- \/ Yoast SEO plugin. -->","yoast_head_json":{"title":"Brilliant Assessments: software valutazioni aziendali - Accurate Reviews","description":"Brilliant Assessments \u00e8 un software di valutazioni aziendali utilizzata da aziende di tutte le dimensioni e dal dipartimento di risorse umane.","robots":{"index":"index","follow":"follow","max-snippet":"max-snippet:-1","max-image-preview":"max-image-preview:large","max-video-preview":"max-video-preview:-1"},"canonical":"https:\/\/www.accuratereviews.com\/it\/piattaforme-esami-online-lista\/brilliant-assessments-recensione\/","og_locale":"it_IT","og_type":"article","og_title":"Brilliant Assessments: software valutazioni aziendali - Accurate Reviews","og_description":"Brilliant Assessments \u00e8 un software di valutazioni aziendali utilizzata da aziende di tutte le dimensioni e dal dipartimento di risorse umane.","og_url":"https:\/\/www.accuratereviews.com\/it\/piattaforme-esami-online-lista\/brilliant-assessments-recensione\/","og_site_name":"Accurate Reviews","article_modified_time":"2021-01-25T11:18:21+00:00","og_image":[{"width":380,"height":200,"url":"https:\/\/www.accuratereviews.com\/wp-content\/uploads\/2021\/01\/Unknown-1.png","type":"image\/png"}],"twitter_card":"summary_large_image","twitter_misc":{"Tempo di lettura stimato":"3 minuti"},"schema":{"@context":"https:\/\/schema.org","@graph":[{"@type":"WebPage","@id":"https:\/\/www.accuratereviews.com\/it\/piattaforme-esami-online-lista\/brilliant-assessments-recensione\/","url":"https:\/\/www.accuratereviews.com\/it\/piattaforme-esami-online-lista\/brilliant-assessments-recensione\/","name":"Brilliant Assessments: software valutazioni aziendali - Accurate Reviews","isPartOf":{"@id":"https:\/\/www.accuratereviews.com\/it\/#website"},"primaryImageOfPage":{"@id":"https:\/\/www.accuratereviews.com\/it\/piattaforme-esami-online-lista\/brilliant-assessments-recensione\/#primaryimage"},"image":{"@id":"https:\/\/www.accuratereviews.com\/it\/piattaforme-esami-online-lista\/brilliant-assessments-recensione\/#primaryimage"},"thumbnailUrl":"https:\/\/www.accuratereviews.com\/wp-content\/uploads\/2021\/01\/Unknown-1.png","datePublished":"2021-01-08T12:04:43+00:00","dateModified":"2021-01-25T11:18:21+00:00","description":"Brilliant Assessments \u00e8 un software di valutazioni aziendali utilizzata da aziende di tutte le dimensioni e dal dipartimento di risorse umane.","breadcrumb":{"@id":"https:\/\/www.accuratereviews.com\/it\/piattaforme-esami-online-lista\/brilliant-assessments-recensione\/#breadcrumb"},"inLanguage":"it-IT","potentialAction":[{"@type":"ReadAction","target":["https:\/\/www.accuratereviews.com\/it\/piattaforme-esami-online-lista\/brilliant-assessments-recensione\/"]}]},{"@type":"ImageObject","inLanguage":"it-IT","@id":"https:\/\/www.accuratereviews.com\/it\/piattaforme-esami-online-lista\/brilliant-assessments-recensione\/#primaryimage","url":"https:\/\/www.accuratereviews.com\/wp-content\/uploads\/2021\/01\/Unknown-1.png","contentUrl":"https:\/\/www.accuratereviews.com\/wp-content\/uploads\/2021\/01\/Unknown-1.png","width":380,"height":200},{"@type":"BreadcrumbList","@id":"https:\/\/www.accuratereviews.com\/it\/piattaforme-esami-online-lista\/brilliant-assessments-recensione\/#breadcrumb","itemListElement":[{"@type":"ListItem","position":1,"name":"Home","item":"https:\/\/www.accuratereviews.com\/it\/"},{"@type":"ListItem","position":2,"name":"Piattaforme di esami online","item":"https:\/\/www.accuratereviews.com\/it\/piattaforme-esami-online-lista\/"},{"@type":"ListItem","position":3,"name":"Brilliant Assessments"}]},{"@type":"WebSite","@id":"https:\/\/www.accuratereviews.com\/it\/#website","url":"https:\/\/www.accuratereviews.com\/it\/","name":"Accurate Reviews","description":"","potentialAction":[{"@type":"SearchAction","target":{"@type":"EntryPoint","urlTemplate":"https:\/\/www.accuratereviews.com\/it\/?s={search_term_string}"},"query-input":{"@type":"PropertyValueSpecification","valueRequired":true,"valueName":"search_term_string"}}],"inLanguage":"it-IT"}]}},"_links":{"self":[{"href":"https:\/\/www.accuratereviews.com\/it\/wp-json\/wp\/v2\/pages\/34968","targetHints":{"allow":["GET"]}}],"collection":[{"href":"https:\/\/www.accuratereviews.com\/it\/wp-json\/wp\/v2\/pages"}],"about":[{"href":"https:\/\/www.accuratereviews.com\/it\/wp-json\/wp\/v2\/types\/page"}],"author":[{"embeddable":true,"href":"https:\/\/www.accuratereviews.com\/it\/wp-json\/wp\/v2\/users\/17"}],"replies":[{"embeddable":true,"href":"https:\/\/www.accuratereviews.com\/it\/wp-json\/wp\/v2\/comments?post=34968"}],"version-history":[{"count":6,"href":"https:\/\/www.accuratereviews.com\/it\/wp-json\/wp\/v2\/pages\/34968\/revisions"}],"predecessor-version":[{"id":35862,"href":"https:\/\/www.accuratereviews.com\/it\/wp-json\/wp\/v2\/pages\/34968\/revisions\/35862"}],"up":[{"embeddable":true,"href":"https:\/\/www.accuratereviews.com\/it\/wp-json\/wp\/v2\/pages\/34687"}],"wp:featuredmedia":[{"embeddable":true,"href":"https:\/\/www.accuratereviews.com\/it\/wp-json\/wp\/v2\/media\/34972"}],"wp:attachment":[{"href":"https:\/\/www.accuratereviews.com\/it\/wp-json\/wp\/v2\/media?parent=34968"}],"wp:term":[{"taxonomy":"category","embeddable":true,"href":"https:\/\/www.accuratereviews.com\/it\/wp-json\/wp\/v2\/categories?post=34968"},{"taxonomy":"post_tag","embeddable":true,"href":"https:\/\/www.accuratereviews.com\/it\/wp-json\/wp\/v2\/tags?post=34968"},{"taxonomy":"features","embeddable":true,"href":"https:\/\/www.accuratereviews.com\/it\/wp-json\/wp\/v2\/features?post=34968"}],"curies":[{"name":"wp","href":"https:\/\/api.w.org\/{rel}","templated":true}]}}