{"id":35005,"date":"2021-01-11T11:25:38","date_gmt":"2021-01-11T11:25:38","guid":{"rendered":"https:\/\/www.accuratereviews.com\/?page_id=35005"},"modified":"2021-01-25T14:49:11","modified_gmt":"2021-01-25T14:49:11","slug":"quizcv-recensione","status":"publish","type":"page","link":"https:\/\/www.accuratereviews.com\/it\/piattaforme-esami-online-lista\/quizcv-recensione\/","title":{"rendered":"QuizCV"},"content":{"rendered":"<p><strong>QuizCV<\/strong> \u00e8 una <strong>piattaforma web<\/strong> di facile utilizzo che consente agli utenti di<strong> creare esami<\/strong> \u00a0personalizzati in pochi minuti. <span class=\"JLqJ4b ChMk0b\" data-language-for-alternatives=\"it\" data-language-to-translate-into=\"en\" data-phrase-index=\"1\">L&#8217;applicazione pu\u00f2 essere utilizzata per creare modelli di domande e questionari per scopi di raccolta dati, sondaggi, valutazioni dei dipendenti e altro ancora. I partecipanti possono quindi essere invitati tramite notifiche email.\u00a0Una volta conclusi gli esami, il sistema pu\u00f2 quindi generare risultati insieme a report dettagliati per ulteriori analisi.<span class=\"JLqJ4b\" data-language-for-alternatives=\"it\" data-language-to-translate-into=\"en\" data-phrase-index=\"4\"> Gli utenti di <strong>QuizCV<\/strong> possono modificare i loro test personalizzati e integrare elementi specifici, come domande a risposta aperta, limiti di tempo, pagine e randomizzazione delle domande e molto altro. La piattaforma \u00e8 uno strumento ideale per aziende e organizzazioni che mirano a produrre e implementare test senza sforzo.<\/span><\/span><\/p>\n<h2>QUIZCV &#8211; TUTORIAL<\/h2>\n<p>Guardiamo come, in 3 semplici fasi, puoi <strong>creare questionari<\/strong> per i tuoi scopi aziendali:<\/p>\n<div id=\"fluid-wrapper-counter-1\" class=\"g1-fluid-wrapper \" style=\"width:686px;\">\n<div style=\"padding-bottom:56.268221574344%;\"><iframe loading=\"lazy\" title=\"QuizCV Online Exam Platform for Companies\" width=\"686\" height=\"386\" src=\"https:\/\/www.youtube.com\/embed\/loAXcGTSPt4?feature=oembed&amp;wmode=transparent&amp;autohide=1&amp;autoplay=0&amp;disablekb=0&amp;fs=1&amp;loop=0&amp;enablejsapi=1&amp;rel=0&amp;controls=2&amp;showinfo=0&amp;wmode=transparent&amp;autohide=2&amp;autoplay=0&amp;disablekb=0&amp;fs=1&amp;loop=0&amp;enablejsapi=1&amp;rel=0&amp;controls=2&amp;showinfo=1\" frameborder=\"0\" allow=\"accelerometer; autoplay; clipboard-write; encrypted-media; gyroscope; picture-in-picture\" allowfullscreen><\/iframe><\/div>\n<\/div>\n<h3>QUIZCV &#8211; CARATTERISTICHE<\/h3>\n<ul>\n<li>Imposta qualsiasi tipo di quiz, test o esame, da semplice a complicato, con il designer di esami potente e facile da usare<\/li>\n<li>Approfitta di editor di testo e immagini rich text per chiarire e migliorare le pagine e le domande<\/li>\n<li>Crea diversi tipi di domande, come ad esempio risposte multiple, vero o falso o aperte. Quando l&#8217;esame \u00e8 finito, valuta la risposta e il rapporto \u00e8 pronto<\/li>\n<li>Prepara esami che pongono domande diverse a ciascun candidato che accede al test<\/li>\n<li>Genera uno o pi\u00f9 link univoci per l&#8217;accesso agli esami o assegnare esami agli utenti della tua organizzazione<\/li>\n<li>Assegna ruoli o autorizzazioni diversi per gli utenti della tua azienda e delle organizzazioni. Gli utenti possono collaborare durante la progettazione di un test, la raccolta delle risposte e l&#8217;analisi dei risultati<\/li>\n<li>Importa ed esporta utenti, esami, risposte, rapporti con facilit\u00e0<\/li>\n<\/ul>\n<h4>LE RECENSIONI DEGLI UTENTI<\/h4>\n<h4 class=\"font-weight-bold mb-1 d-flex align-items-center\">Tanu K.&#8221;App facile da usare ed efficace per creare esami.&#8221;<\/h4>\n<p><strong>Vantaggi: <\/strong>Questo software offre pi\u00f9 modelli per la formulazione di tutti i tipi di esami ed \u00e8 abbastanza facile da usare. L&#8217;interfaccia utente \u00e8 abbastanza interattiva e offre diverse scelte.<\/p>\n<p><strong>Inconvenienti: <\/strong>Non ci sono molte caratteristiche che non piacciono.\u00a0La semplice creazione di diagrammi e figure a volte sembra difficile.<\/p>\n<h5 class=\"font-weight-bold mb-1 d-flex align-items-center\">Emir J.\u00a0&#8220;Fantastico prodotto&#8221;<\/h5>\n<p><strong>Commenti: <\/strong>Molto facile da usare e funziona come previsto. Perfetto per le aziende che vogliono condurre i loro esami personalizzati online. Il supporto di domande aperte, i limiti di tempo per ogni pagina e l&#8217;esportazione delle risposte sono le caratteristiche che rendono QuizCV un potente sistema di esame per noi.<\/p>\n<h4 class=\"font-weight-bold mb-1 d-flex align-items-center\">Omer I.&#8221;Soluzione aziendale completa per esami online&#8221;<\/h4>\n<p><strong>Commenti: <\/strong>Abbiamo diversi dipartimenti che utilizzano QuizCV come piattaforma di esame online; Risorse umane, formazione, marketing e vendite. Ogni dipartimento gestisce separatamente i propri utenti, esami e rapporti. Ci piace il generatore di esami facile da usare, perch\u00e9 non richiede formazione e consente funzionalit\u00e0 molto avanzate come la randomizzazione delle domande, limiti di tempo e cos\u00ec via. Anche un utente non esperto pu\u00f2 preparare un esame in pochi minuti. Questo \u00e8 figo! Le interfacce sono veloci e funzionano come previsto. Le interfacce di esame sono anche facili da seguire per gli utenti finali. Esportiamo i risultati degli esami come dati grezzi e facciamo analisi di qualsiasi tipo. Penso che QuizCV sia una buona piattaforma di esami online per grandi aziende perch\u00e9, come nel nostro caso, consente la gestione dell&#8217;account basata sui ruoli e offre una piattaforma di esame sicura e affidabile.<\/p>\n<p><strong>Vantaggi: <\/strong>Facile da usare e potente editor di esami<\/p>\n<p><strong>Inconvenienti: <\/strong>I prezzi potrebbero essere inferiori<\/p>\n<p>&nbsp;<\/p>\n","protected":false},"excerpt":{"rendered":"<p>QuizCV \u00e8 una piattaforma web di facile utilizzo che consente agli utenti di creare esami \u00a0personalizzati in pochi minuti. L&#8217;applicazione pu\u00f2 essere utilizzata per creare modelli di domande e questionari per scopi di raccolta dati, sondaggi, valutazioni dei dipendenti e altro ancora. I partecipanti possono quindi essere invitati tramite notifiche email.<\/p>\n","protected":false},"author":19,"featured_media":35006,"parent":34687,"menu_order":0,"comment_status":"open","ping_status":"closed","template":"g1_template_page_review_new.php","meta":{"_acf_changed":false,"cwp_meta_box_check":"Yes","cwp_rev_product_name":"","cwp_rev_product_image":"","wppr_links":[],"cwp_rev_price":"","wppr_options":[],"wppr_pros":[],"wppr_cons":[],"_monsterinsights_skip_tracking":false,"_monsterinsights_sitenote_active":false,"_monsterinsights_sitenote_note":"","_monsterinsights_sitenote_category":0,"footnotes":""},"categories":[4660],"tags":[4691,4727,4738,4686,4739,4684,4685],"features":[],"class_list":{"0":"post-35005","1":"page","2":"type-page","3":"status-publish","4":"has-post-thumbnail","6":"category-piattaforme-di-esami-online","7":"tag-exam-software","8":"tag-piattaforma-per-esami-online","9":"tag-piattaforma-web","10":"tag-programma-per-esami-online","11":"tag-quizcv","12":"tag-software-per-esami-online","13":"tag-soluzione-per-esami-online"},"wppr_data":{"cwp_meta_box_check":"Yes","cwp_rev_product_name":"","cwp_rev_product_image":"","cwp_image_link":"image","cwp_rev_price":"","wppr_rating":"0.00"},"acf":[],"yoast_head":"<!-- This site is optimized with the Yoast SEO plugin v27.4 - https:\/\/yoast.com\/product\/yoast-seo-wordpress\/ -->\n<title>QuizCV: recensione software esami online - Accurate Reviews<\/title>\n<meta name=\"description\" content=\"QuizCV: recensione piattaforma web di facile utilizzo che consente agli utenti di creare esami \u00a0personalizzati in pochi minuti.\" \/>\n<meta name=\"robots\" content=\"index, follow, max-snippet:-1, max-image-preview:large, max-video-preview:-1\" \/>\n<link rel=\"canonical\" href=\"https:\/\/www.accuratereviews.com\/it\/piattaforme-esami-online-lista\/quizcv-recensione\/\" \/>\n<meta property=\"og:locale\" content=\"it_IT\" \/>\n<meta property=\"og:type\" content=\"article\" \/>\n<meta property=\"og:title\" content=\"QuizCV: recensione software esami online - Accurate Reviews\" \/>\n<meta property=\"og:description\" content=\"QuizCV: recensione piattaforma web di facile utilizzo che consente agli utenti di creare esami \u00a0personalizzati in pochi minuti.\" \/>\n<meta property=\"og:url\" content=\"https:\/\/www.accuratereviews.com\/it\/piattaforme-esami-online-lista\/quizcv-recensione\/\" \/>\n<meta property=\"og:site_name\" content=\"Accurate Reviews\" \/>\n<meta property=\"article:modified_time\" content=\"2021-01-25T14:49:11+00:00\" \/>\n<meta property=\"og:image\" content=\"https:\/\/www.accuratereviews.com\/wp-content\/uploads\/2021\/01\/QuizCV.jpg\" \/>\n\t<meta property=\"og:image:width\" content=\"225\" \/>\n\t<meta property=\"og:image:height\" content=\"225\" \/>\n\t<meta property=\"og:image:type\" content=\"image\/jpeg\" \/>\n<meta name=\"twitter:card\" content=\"summary_large_image\" \/>\n<meta name=\"twitter:label1\" content=\"Tempo di lettura stimato\" \/>\n\t<meta name=\"twitter:data1\" content=\"3 minuti\" \/>\n<script type=\"application\/ld+json\" class=\"yoast-schema-graph\">{\"@context\":\"https:\\\/\\\/schema.org\",\"@graph\":[{\"@type\":\"WebPage\",\"@id\":\"https:\\\/\\\/www.accuratereviews.com\\\/it\\\/piattaforme-esami-online-lista\\\/quizcv-recensione\\\/\",\"url\":\"https:\\\/\\\/www.accuratereviews.com\\\/it\\\/piattaforme-esami-online-lista\\\/quizcv-recensione\\\/\",\"name\":\"QuizCV: recensione software esami online - Accurate Reviews\",\"isPartOf\":{\"@id\":\"https:\\\/\\\/www.accuratereviews.com\\\/it\\\/#website\"},\"primaryImageOfPage\":{\"@id\":\"https:\\\/\\\/www.accuratereviews.com\\\/it\\\/piattaforme-esami-online-lista\\\/quizcv-recensione\\\/#primaryimage\"},\"image\":{\"@id\":\"https:\\\/\\\/www.accuratereviews.com\\\/it\\\/piattaforme-esami-online-lista\\\/quizcv-recensione\\\/#primaryimage\"},\"thumbnailUrl\":\"https:\\\/\\\/www.accuratereviews.com\\\/wp-content\\\/uploads\\\/2021\\\/01\\\/QuizCV.jpg\",\"datePublished\":\"2021-01-11T11:25:38+00:00\",\"dateModified\":\"2021-01-25T14:49:11+00:00\",\"description\":\"QuizCV: recensione piattaforma web di facile utilizzo che consente agli utenti di creare esami \u00a0personalizzati in pochi minuti.\",\"breadcrumb\":{\"@id\":\"https:\\\/\\\/www.accuratereviews.com\\\/it\\\/piattaforme-esami-online-lista\\\/quizcv-recensione\\\/#breadcrumb\"},\"inLanguage\":\"it-IT\",\"potentialAction\":[{\"@type\":\"ReadAction\",\"target\":[\"https:\\\/\\\/www.accuratereviews.com\\\/it\\\/piattaforme-esami-online-lista\\\/quizcv-recensione\\\/\"]}]},{\"@type\":\"ImageObject\",\"inLanguage\":\"it-IT\",\"@id\":\"https:\\\/\\\/www.accuratereviews.com\\\/it\\\/piattaforme-esami-online-lista\\\/quizcv-recensione\\\/#primaryimage\",\"url\":\"https:\\\/\\\/www.accuratereviews.com\\\/wp-content\\\/uploads\\\/2021\\\/01\\\/QuizCV.jpg\",\"contentUrl\":\"https:\\\/\\\/www.accuratereviews.com\\\/wp-content\\\/uploads\\\/2021\\\/01\\\/QuizCV.jpg\",\"width\":225,\"height\":225},{\"@type\":\"BreadcrumbList\",\"@id\":\"https:\\\/\\\/www.accuratereviews.com\\\/it\\\/piattaforme-esami-online-lista\\\/quizcv-recensione\\\/#breadcrumb\",\"itemListElement\":[{\"@type\":\"ListItem\",\"position\":1,\"name\":\"Home\",\"item\":\"https:\\\/\\\/www.accuratereviews.com\\\/it\\\/\"},{\"@type\":\"ListItem\",\"position\":2,\"name\":\"Piattaforme di esami online\",\"item\":\"https:\\\/\\\/www.accuratereviews.com\\\/it\\\/piattaforme-esami-online-lista\\\/\"},{\"@type\":\"ListItem\",\"position\":3,\"name\":\"QuizCV\"}]},{\"@type\":\"WebSite\",\"@id\":\"https:\\\/\\\/www.accuratereviews.com\\\/it\\\/#website\",\"url\":\"https:\\\/\\\/www.accuratereviews.com\\\/it\\\/\",\"name\":\"Accurate Reviews\",\"description\":\"\",\"potentialAction\":[{\"@type\":\"SearchAction\",\"target\":{\"@type\":\"EntryPoint\",\"urlTemplate\":\"https:\\\/\\\/www.accuratereviews.com\\\/it\\\/?s={search_term_string}\"},\"query-input\":{\"@type\":\"PropertyValueSpecification\",\"valueRequired\":true,\"valueName\":\"search_term_string\"}}],\"inLanguage\":\"it-IT\"}]}<\/script>\n<!-- \/ Yoast SEO plugin. -->","yoast_head_json":{"title":"QuizCV: recensione software esami online - Accurate Reviews","description":"QuizCV: recensione piattaforma web di facile utilizzo che consente agli utenti di creare esami \u00a0personalizzati in pochi minuti.","robots":{"index":"index","follow":"follow","max-snippet":"max-snippet:-1","max-image-preview":"max-image-preview:large","max-video-preview":"max-video-preview:-1"},"canonical":"https:\/\/www.accuratereviews.com\/it\/piattaforme-esami-online-lista\/quizcv-recensione\/","og_locale":"it_IT","og_type":"article","og_title":"QuizCV: recensione software esami online - Accurate Reviews","og_description":"QuizCV: recensione piattaforma web di facile utilizzo che consente agli utenti di creare esami \u00a0personalizzati in pochi minuti.","og_url":"https:\/\/www.accuratereviews.com\/it\/piattaforme-esami-online-lista\/quizcv-recensione\/","og_site_name":"Accurate Reviews","article_modified_time":"2021-01-25T14:49:11+00:00","og_image":[{"width":225,"height":225,"url":"https:\/\/www.accuratereviews.com\/wp-content\/uploads\/2021\/01\/QuizCV.jpg","type":"image\/jpeg"}],"twitter_card":"summary_large_image","twitter_misc":{"Tempo di lettura stimato":"3 minuti"},"schema":{"@context":"https:\/\/schema.org","@graph":[{"@type":"WebPage","@id":"https:\/\/www.accuratereviews.com\/it\/piattaforme-esami-online-lista\/quizcv-recensione\/","url":"https:\/\/www.accuratereviews.com\/it\/piattaforme-esami-online-lista\/quizcv-recensione\/","name":"QuizCV: recensione software esami online - Accurate Reviews","isPartOf":{"@id":"https:\/\/www.accuratereviews.com\/it\/#website"},"primaryImageOfPage":{"@id":"https:\/\/www.accuratereviews.com\/it\/piattaforme-esami-online-lista\/quizcv-recensione\/#primaryimage"},"image":{"@id":"https:\/\/www.accuratereviews.com\/it\/piattaforme-esami-online-lista\/quizcv-recensione\/#primaryimage"},"thumbnailUrl":"https:\/\/www.accuratereviews.com\/wp-content\/uploads\/2021\/01\/QuizCV.jpg","datePublished":"2021-01-11T11:25:38+00:00","dateModified":"2021-01-25T14:49:11+00:00","description":"QuizCV: recensione piattaforma web di facile utilizzo che consente agli utenti di creare esami \u00a0personalizzati in pochi minuti.","breadcrumb":{"@id":"https:\/\/www.accuratereviews.com\/it\/piattaforme-esami-online-lista\/quizcv-recensione\/#breadcrumb"},"inLanguage":"it-IT","potentialAction":[{"@type":"ReadAction","target":["https:\/\/www.accuratereviews.com\/it\/piattaforme-esami-online-lista\/quizcv-recensione\/"]}]},{"@type":"ImageObject","inLanguage":"it-IT","@id":"https:\/\/www.accuratereviews.com\/it\/piattaforme-esami-online-lista\/quizcv-recensione\/#primaryimage","url":"https:\/\/www.accuratereviews.com\/wp-content\/uploads\/2021\/01\/QuizCV.jpg","contentUrl":"https:\/\/www.accuratereviews.com\/wp-content\/uploads\/2021\/01\/QuizCV.jpg","width":225,"height":225},{"@type":"BreadcrumbList","@id":"https:\/\/www.accuratereviews.com\/it\/piattaforme-esami-online-lista\/quizcv-recensione\/#breadcrumb","itemListElement":[{"@type":"ListItem","position":1,"name":"Home","item":"https:\/\/www.accuratereviews.com\/it\/"},{"@type":"ListItem","position":2,"name":"Piattaforme di esami online","item":"https:\/\/www.accuratereviews.com\/it\/piattaforme-esami-online-lista\/"},{"@type":"ListItem","position":3,"name":"QuizCV"}]},{"@type":"WebSite","@id":"https:\/\/www.accuratereviews.com\/it\/#website","url":"https:\/\/www.accuratereviews.com\/it\/","name":"Accurate Reviews","description":"","potentialAction":[{"@type":"SearchAction","target":{"@type":"EntryPoint","urlTemplate":"https:\/\/www.accuratereviews.com\/it\/?s={search_term_string}"},"query-input":{"@type":"PropertyValueSpecification","valueRequired":true,"valueName":"search_term_string"}}],"inLanguage":"it-IT"}]}},"_links":{"self":[{"href":"https:\/\/www.accuratereviews.com\/it\/wp-json\/wp\/v2\/pages\/35005","targetHints":{"allow":["GET"]}}],"collection":[{"href":"https:\/\/www.accuratereviews.com\/it\/wp-json\/wp\/v2\/pages"}],"about":[{"href":"https:\/\/www.accuratereviews.com\/it\/wp-json\/wp\/v2\/types\/page"}],"author":[{"embeddable":true,"href":"https:\/\/www.accuratereviews.com\/it\/wp-json\/wp\/v2\/users\/19"}],"replies":[{"embeddable":true,"href":"https:\/\/www.accuratereviews.com\/it\/wp-json\/wp\/v2\/comments?post=35005"}],"version-history":[{"count":12,"href":"https:\/\/www.accuratereviews.com\/it\/wp-json\/wp\/v2\/pages\/35005\/revisions"}],"predecessor-version":[{"id":35920,"href":"https:\/\/www.accuratereviews.com\/it\/wp-json\/wp\/v2\/pages\/35005\/revisions\/35920"}],"up":[{"embeddable":true,"href":"https:\/\/www.accuratereviews.com\/it\/wp-json\/wp\/v2\/pages\/34687"}],"wp:featuredmedia":[{"embeddable":true,"href":"https:\/\/www.accuratereviews.com\/it\/wp-json\/wp\/v2\/media\/35006"}],"wp:attachment":[{"href":"https:\/\/www.accuratereviews.com\/it\/wp-json\/wp\/v2\/media?parent=35005"}],"wp:term":[{"taxonomy":"category","embeddable":true,"href":"https:\/\/www.accuratereviews.com\/it\/wp-json\/wp\/v2\/categories?post=35005"},{"taxonomy":"post_tag","embeddable":true,"href":"https:\/\/www.accuratereviews.com\/it\/wp-json\/wp\/v2\/tags?post=35005"},{"taxonomy":"features","embeddable":true,"href":"https:\/\/www.accuratereviews.com\/it\/wp-json\/wp\/v2\/features?post=35005"}],"curies":[{"name":"wp","href":"https:\/\/api.w.org\/{rel}","templated":true}]}}