{"id":35035,"date":"2021-01-11T10:58:41","date_gmt":"2021-01-11T10:58:41","guid":{"rendered":"https:\/\/www.accuratereviews.com\/?page_id=35035"},"modified":"2021-01-25T13:52:12","modified_gmt":"2021-01-25T13:52:12","slug":"conduct-exam-online-recensione","status":"publish","type":"page","link":"https:\/\/www.accuratereviews.com\/it\/piattaforme-esami-online-lista\/conduct-exam-online-recensione\/","title":{"rendered":"Conduct Exam Online"},"content":{"rendered":"<p><strong>Conduct Exam Online<\/strong> \u00e8 un programma di <strong>gestione e creazione di test<\/strong> basato su web. <span class=\"JLqJ4b ChMk0b\" data-language-for-alternatives=\"it\" data-language-to-translate-into=\"en\" data-phrase-index=\"1\">Tu e il tuo team, cos\u00ec come i tuoi studenti, potete accedere all&#8217;applicazione in qualsiasi momento e su qualsiasi dispositivo. Il programma \u00e8 <span class=\"JLqJ4b\" data-language-for-alternatives=\"it\" data-language-to-translate-into=\"en\" data-phrase-index=\"2\">ospitato nel <strong>cloud <\/strong>e i dati degli studenti e degli esami sono al sicuro. Puoi fornire valutazioni della conoscenza o test attitudinali senza preoccuparti di minacce digitali. Il software controlla immediatamente i test. Ci\u00f2 significa che tu e i tuoi studenti non dovete aspettare a lungo per conoscere i risultati in modo che tutti gli interessati possano passare alle fasi successive del flusso di lavoro.<\/span><\/span><\/p>\n<h2>CONDUCT EXAM ONLINE &#8211; TUTORIAL<\/h2>\n<div id=\"fluid-wrapper-counter-1\" class=\"g1-fluid-wrapper \" style=\"width:686px;\">\n<div style=\"padding-bottom:56.268221574344%;\"><iframe loading=\"lazy\" title=\"Online Exam Software By Conduct Exam Technologies LLP\" width=\"686\" height=\"386\" src=\"https:\/\/www.youtube.com\/embed\/ti8sXBJZ1MA?feature=oembed&amp;wmode=transparent&amp;autohide=1&amp;autoplay=0&amp;disablekb=0&amp;fs=1&amp;loop=0&amp;enablejsapi=1&amp;rel=0&amp;controls=2&amp;showinfo=0&amp;wmode=transparent&amp;autohide=2&amp;autoplay=0&amp;disablekb=0&amp;fs=1&amp;loop=0&amp;enablejsapi=1&amp;rel=0&amp;controls=2&amp;showinfo=1\" frameborder=\"0\" allow=\"accelerometer; autoplay; clipboard-write; encrypted-media; gyroscope; picture-in-picture\" allowfullscreen><\/iframe><\/div>\n<\/div>\n<h3>CONDUCT EXAM ONLINE &#8211; CARATTERISTICHE<\/h3>\n<ul>\n<li><strong>Esami multimediali:<\/strong> gli esami non devono essere solo basati su testo. Con questo software puoi creare test che includono diversi media come immagini e video<\/li>\n<li><strong>Opzioni di amministrazione multiple<\/strong>: consente di seguire diversi progetti per l&#8217;amministrazione degli esami. Ci\u00f2 significa che puoi creare una serie di domande e inviarle agli studenti in momenti diversi o programmarle in una determinata data e ora per limitare la disponibilit\u00e0 dell&#8217;esame<\/li>\n<li><strong>Risultati immediati:<\/strong> a differenza degli esami cartacei, i test vengono controllati e analizzati immediatamente dal software. Ci\u00f2 significa che non appena finiscono l&#8217;esame, gli studenti possono vedere i risultati sui loro schermi. Ci\u00f2 consente loro di passare alla fase successiva dei rispettivi processi e fa risparmiare tempo anche agli amministratori<\/li>\n<li><strong>Di facile utilizzo:<\/strong> design del sito web e l&#8217;interfaccia utente eccellenti e reattivi. Pu\u00f2 supportare tutti i browser web e tutti i sistemi informatici quando si tratta di creare, condurre e analizzare i test<\/li>\n<li><strong>Assistenza 24 * 7<\/strong><span class=\"JLqJ4b\" data-language-for-alternatives=\"it\" data-language-to-translate-into=\"en\" data-phrase-index=\"1\"><span class=\"JLqJ4b ChMk0b\" data-language-for-alternatives=\"it\" data-language-to-translate-into=\"en\" data-phrase-index=\"2\">: il software offre assistenza 24 ore su 24, 7 giorni su 7. Puoi contattare il servizio clienti \u00a0in qualsiasi momento tramite chiamata, ID email o modulo di contatto.<\/span><\/span><\/li>\n<\/ul>\n<h4>LE RECENSIONI DEGLI UTENTI<\/h4>\n<h4 class=\"font-weight-bold mb-1 d-flex align-items-center\">Poonam P.&#8221;Miglior software per esami online&#8221;<\/h4>\n<p><strong>Vantaggi: <\/strong>Secondo la mia esperienza con la societ\u00e0, tutta la necessit\u00e0 di un software per esami online era inclusa in questo software<br \/>\nNuova idea innovativa e sviluppi. Applichiamo cose nuove regolari che hanno bisogno del cliente. E cerca di soddisfare le esigenze del cliente.<\/p>\n<p><strong>Inconvenienti: <\/strong>Ancora ora non abbiamo trovato il concetto che inserir\u00f2 nei contro. Ma suggerisco che in questo non ci fosse alcuna funzionalit\u00e0 di test di indagine.<\/p>\n<h4 class=\"font-weight-bold mb-1 d-flex align-items-center\">Sanjay P.&#8221;Secondo la mia esperienza con l&#8217;azienda \u00e8 che tutto il bisogno di software per esami online era coperto da tutti.&#8221;<\/h4>\n<p><strong>Vantaggi: <\/strong>Nuova idea innovativa e sviluppi. Applichiano cose nuove regolari che hanno bisogno i clienti. E cerca di soddisfare le esigenze del cliente.<\/p>\n<p><strong>Inconvenienti: <\/strong>Sempre pronto a implementare nuove cose di cui ha bisogno il cliente e un&#8217;altra cosa \u00e8 che se uno sviluppo viene fatto, verr\u00e0 condiviso con tutti i clienti attraverso il sito web.<\/p>\n<h4 class=\"font-weight-bold mb-1 d-flex align-items-center\">Richa A.&#8221;Miglior software per esami online&#8221;<\/h4>\n<p><strong>Vantaggi: <\/strong>Utilizzando questo software, crea esami online e test, facili da usare e vendi il tuo esame e guadagna denaro.<\/p>\n<p><strong>Inconvenienti: <\/strong>Buon prodotto per scuola, collage e coaching, software per esami basati sul web e software di valutazione online.<\/p>\n","protected":false},"excerpt":{"rendered":"<p>Conduct Exam Online \u00e8 un programma di gestione e creazione di test basato su web. \u00c8 compatibile con le ultime iterazioni dei moderni browser internet, cos\u00ec tu e il tuo team, cos\u00ec come i tuoi studenti, potete accedere all&#8217;applicazione in qualsiasi momento e su qualsiasi dispositivo.<\/p>\n","protected":false},"author":19,"featured_media":35036,"parent":34687,"menu_order":0,"comment_status":"open","ping_status":"closed","template":"g1_template_page_review_new.php","meta":{"_acf_changed":false,"cwp_meta_box_check":"Yes","cwp_rev_product_name":"","cwp_rev_product_image":"","wppr_links":[],"cwp_rev_price":"","wppr_options":[],"wppr_pros":[],"wppr_cons":[],"_monsterinsights_skip_tracking":false,"_monsterinsights_sitenote_active":false,"_monsterinsights_sitenote_note":"","_monsterinsights_sitenote_category":0,"footnotes":""},"categories":[4660],"tags":[396,4746,4661,4664,4663,4688],"features":[],"class_list":{"0":"post-35035","1":"page","2":"type-page","3":"status-publish","4":"has-post-thumbnail","6":"category-piattaforme-di-esami-online","7":"tag-cloud","8":"tag-conduct-exam","9":"tag-piattaforma-esami-online","10":"tag-programma-esami-online","11":"tag-software-esami-online","12":"tag-soluzione-esami-online"},"wppr_data":{"cwp_meta_box_check":"Yes","cwp_rev_product_name":"","cwp_rev_product_image":"","cwp_image_link":"image","cwp_rev_price":"","wppr_rating":"0.00"},"acf":[],"yoast_head":"<!-- This site is optimized with the Yoast SEO plugin v27.4 - https:\/\/yoast.com\/product\/yoast-seo-wordpress\/ -->\n<title>Conduct Exam Online: recensione software esami onlineAccurate Reviews<\/title>\n<meta name=\"description\" content=\"Conduct Exam Online: recensione software per esami online per migliorare il sistema educativo della tua organizzazione.\" \/>\n<meta name=\"robots\" content=\"index, follow, max-snippet:-1, max-image-preview:large, max-video-preview:-1\" \/>\n<link rel=\"canonical\" href=\"https:\/\/www.accuratereviews.com\/it\/piattaforme-esami-online-lista\/conduct-exam-online-recensione\/\" \/>\n<meta property=\"og:locale\" content=\"it_IT\" \/>\n<meta property=\"og:type\" content=\"article\" \/>\n<meta property=\"og:title\" content=\"Conduct Exam Online: recensione software esami onlineAccurate Reviews\" \/>\n<meta property=\"og:description\" content=\"Conduct Exam Online: recensione software per esami online per migliorare il sistema educativo della tua organizzazione.\" \/>\n<meta property=\"og:url\" content=\"https:\/\/www.accuratereviews.com\/it\/piattaforme-esami-online-lista\/conduct-exam-online-recensione\/\" \/>\n<meta property=\"og:site_name\" content=\"Accurate Reviews\" \/>\n<meta property=\"article:modified_time\" content=\"2021-01-25T13:52:12+00:00\" \/>\n<meta property=\"og:image\" content=\"https:\/\/www.accuratereviews.com\/wp-content\/uploads\/2021\/01\/Online-Exam-Software.png\" \/>\n\t<meta property=\"og:image:width\" content=\"300\" \/>\n\t<meta property=\"og:image:height\" content=\"300\" \/>\n\t<meta property=\"og:image:type\" content=\"image\/png\" \/>\n<meta name=\"twitter:card\" content=\"summary_large_image\" \/>\n<meta name=\"twitter:label1\" content=\"Tempo di lettura stimato\" \/>\n\t<meta name=\"twitter:data1\" content=\"2 minuti\" \/>\n<script type=\"application\/ld+json\" class=\"yoast-schema-graph\">{\"@context\":\"https:\\\/\\\/schema.org\",\"@graph\":[{\"@type\":\"WebPage\",\"@id\":\"https:\\\/\\\/www.accuratereviews.com\\\/it\\\/piattaforme-esami-online-lista\\\/conduct-exam-online-recensione\\\/\",\"url\":\"https:\\\/\\\/www.accuratereviews.com\\\/it\\\/piattaforme-esami-online-lista\\\/conduct-exam-online-recensione\\\/\",\"name\":\"Conduct Exam Online: recensione software esami onlineAccurate Reviews\",\"isPartOf\":{\"@id\":\"https:\\\/\\\/www.accuratereviews.com\\\/it\\\/#website\"},\"primaryImageOfPage\":{\"@id\":\"https:\\\/\\\/www.accuratereviews.com\\\/it\\\/piattaforme-esami-online-lista\\\/conduct-exam-online-recensione\\\/#primaryimage\"},\"image\":{\"@id\":\"https:\\\/\\\/www.accuratereviews.com\\\/it\\\/piattaforme-esami-online-lista\\\/conduct-exam-online-recensione\\\/#primaryimage\"},\"thumbnailUrl\":\"https:\\\/\\\/www.accuratereviews.com\\\/wp-content\\\/uploads\\\/2021\\\/01\\\/Online-Exam-Software.png\",\"datePublished\":\"2021-01-11T10:58:41+00:00\",\"dateModified\":\"2021-01-25T13:52:12+00:00\",\"description\":\"Conduct Exam Online: recensione software per esami online per migliorare il sistema educativo della tua organizzazione.\",\"breadcrumb\":{\"@id\":\"https:\\\/\\\/www.accuratereviews.com\\\/it\\\/piattaforme-esami-online-lista\\\/conduct-exam-online-recensione\\\/#breadcrumb\"},\"inLanguage\":\"it-IT\",\"potentialAction\":[{\"@type\":\"ReadAction\",\"target\":[\"https:\\\/\\\/www.accuratereviews.com\\\/it\\\/piattaforme-esami-online-lista\\\/conduct-exam-online-recensione\\\/\"]}]},{\"@type\":\"ImageObject\",\"inLanguage\":\"it-IT\",\"@id\":\"https:\\\/\\\/www.accuratereviews.com\\\/it\\\/piattaforme-esami-online-lista\\\/conduct-exam-online-recensione\\\/#primaryimage\",\"url\":\"https:\\\/\\\/www.accuratereviews.com\\\/wp-content\\\/uploads\\\/2021\\\/01\\\/Online-Exam-Software.png\",\"contentUrl\":\"https:\\\/\\\/www.accuratereviews.com\\\/wp-content\\\/uploads\\\/2021\\\/01\\\/Online-Exam-Software.png\",\"width\":300,\"height\":300},{\"@type\":\"BreadcrumbList\",\"@id\":\"https:\\\/\\\/www.accuratereviews.com\\\/it\\\/piattaforme-esami-online-lista\\\/conduct-exam-online-recensione\\\/#breadcrumb\",\"itemListElement\":[{\"@type\":\"ListItem\",\"position\":1,\"name\":\"Home\",\"item\":\"https:\\\/\\\/www.accuratereviews.com\\\/it\\\/\"},{\"@type\":\"ListItem\",\"position\":2,\"name\":\"Piattaforme di esami online\",\"item\":\"https:\\\/\\\/www.accuratereviews.com\\\/it\\\/piattaforme-esami-online-lista\\\/\"},{\"@type\":\"ListItem\",\"position\":3,\"name\":\"Conduct Exam Online\"}]},{\"@type\":\"WebSite\",\"@id\":\"https:\\\/\\\/www.accuratereviews.com\\\/it\\\/#website\",\"url\":\"https:\\\/\\\/www.accuratereviews.com\\\/it\\\/\",\"name\":\"Accurate Reviews\",\"description\":\"\",\"potentialAction\":[{\"@type\":\"SearchAction\",\"target\":{\"@type\":\"EntryPoint\",\"urlTemplate\":\"https:\\\/\\\/www.accuratereviews.com\\\/it\\\/?s={search_term_string}\"},\"query-input\":{\"@type\":\"PropertyValueSpecification\",\"valueRequired\":true,\"valueName\":\"search_term_string\"}}],\"inLanguage\":\"it-IT\"}]}<\/script>\n<!-- \/ Yoast SEO plugin. -->","yoast_head_json":{"title":"Conduct Exam Online: recensione software esami onlineAccurate Reviews","description":"Conduct Exam Online: recensione software per esami online per migliorare il sistema educativo della tua organizzazione.","robots":{"index":"index","follow":"follow","max-snippet":"max-snippet:-1","max-image-preview":"max-image-preview:large","max-video-preview":"max-video-preview:-1"},"canonical":"https:\/\/www.accuratereviews.com\/it\/piattaforme-esami-online-lista\/conduct-exam-online-recensione\/","og_locale":"it_IT","og_type":"article","og_title":"Conduct Exam Online: recensione software esami onlineAccurate Reviews","og_description":"Conduct Exam Online: recensione software per esami online per migliorare il sistema educativo della tua organizzazione.","og_url":"https:\/\/www.accuratereviews.com\/it\/piattaforme-esami-online-lista\/conduct-exam-online-recensione\/","og_site_name":"Accurate Reviews","article_modified_time":"2021-01-25T13:52:12+00:00","og_image":[{"width":300,"height":300,"url":"https:\/\/www.accuratereviews.com\/wp-content\/uploads\/2021\/01\/Online-Exam-Software.png","type":"image\/png"}],"twitter_card":"summary_large_image","twitter_misc":{"Tempo di lettura stimato":"2 minuti"},"schema":{"@context":"https:\/\/schema.org","@graph":[{"@type":"WebPage","@id":"https:\/\/www.accuratereviews.com\/it\/piattaforme-esami-online-lista\/conduct-exam-online-recensione\/","url":"https:\/\/www.accuratereviews.com\/it\/piattaforme-esami-online-lista\/conduct-exam-online-recensione\/","name":"Conduct Exam Online: recensione software esami onlineAccurate Reviews","isPartOf":{"@id":"https:\/\/www.accuratereviews.com\/it\/#website"},"primaryImageOfPage":{"@id":"https:\/\/www.accuratereviews.com\/it\/piattaforme-esami-online-lista\/conduct-exam-online-recensione\/#primaryimage"},"image":{"@id":"https:\/\/www.accuratereviews.com\/it\/piattaforme-esami-online-lista\/conduct-exam-online-recensione\/#primaryimage"},"thumbnailUrl":"https:\/\/www.accuratereviews.com\/wp-content\/uploads\/2021\/01\/Online-Exam-Software.png","datePublished":"2021-01-11T10:58:41+00:00","dateModified":"2021-01-25T13:52:12+00:00","description":"Conduct Exam Online: recensione software per esami online per migliorare il sistema educativo della tua organizzazione.","breadcrumb":{"@id":"https:\/\/www.accuratereviews.com\/it\/piattaforme-esami-online-lista\/conduct-exam-online-recensione\/#breadcrumb"},"inLanguage":"it-IT","potentialAction":[{"@type":"ReadAction","target":["https:\/\/www.accuratereviews.com\/it\/piattaforme-esami-online-lista\/conduct-exam-online-recensione\/"]}]},{"@type":"ImageObject","inLanguage":"it-IT","@id":"https:\/\/www.accuratereviews.com\/it\/piattaforme-esami-online-lista\/conduct-exam-online-recensione\/#primaryimage","url":"https:\/\/www.accuratereviews.com\/wp-content\/uploads\/2021\/01\/Online-Exam-Software.png","contentUrl":"https:\/\/www.accuratereviews.com\/wp-content\/uploads\/2021\/01\/Online-Exam-Software.png","width":300,"height":300},{"@type":"BreadcrumbList","@id":"https:\/\/www.accuratereviews.com\/it\/piattaforme-esami-online-lista\/conduct-exam-online-recensione\/#breadcrumb","itemListElement":[{"@type":"ListItem","position":1,"name":"Home","item":"https:\/\/www.accuratereviews.com\/it\/"},{"@type":"ListItem","position":2,"name":"Piattaforme di esami online","item":"https:\/\/www.accuratereviews.com\/it\/piattaforme-esami-online-lista\/"},{"@type":"ListItem","position":3,"name":"Conduct Exam Online"}]},{"@type":"WebSite","@id":"https:\/\/www.accuratereviews.com\/it\/#website","url":"https:\/\/www.accuratereviews.com\/it\/","name":"Accurate Reviews","description":"","potentialAction":[{"@type":"SearchAction","target":{"@type":"EntryPoint","urlTemplate":"https:\/\/www.accuratereviews.com\/it\/?s={search_term_string}"},"query-input":{"@type":"PropertyValueSpecification","valueRequired":true,"valueName":"search_term_string"}}],"inLanguage":"it-IT"}]}},"_links":{"self":[{"href":"https:\/\/www.accuratereviews.com\/it\/wp-json\/wp\/v2\/pages\/35035","targetHints":{"allow":["GET"]}}],"collection":[{"href":"https:\/\/www.accuratereviews.com\/it\/wp-json\/wp\/v2\/pages"}],"about":[{"href":"https:\/\/www.accuratereviews.com\/it\/wp-json\/wp\/v2\/types\/page"}],"author":[{"embeddable":true,"href":"https:\/\/www.accuratereviews.com\/it\/wp-json\/wp\/v2\/users\/19"}],"replies":[{"embeddable":true,"href":"https:\/\/www.accuratereviews.com\/it\/wp-json\/wp\/v2\/comments?post=35035"}],"version-history":[{"count":12,"href":"https:\/\/www.accuratereviews.com\/it\/wp-json\/wp\/v2\/pages\/35035\/revisions"}],"predecessor-version":[{"id":35878,"href":"https:\/\/www.accuratereviews.com\/it\/wp-json\/wp\/v2\/pages\/35035\/revisions\/35878"}],"up":[{"embeddable":true,"href":"https:\/\/www.accuratereviews.com\/it\/wp-json\/wp\/v2\/pages\/34687"}],"wp:featuredmedia":[{"embeddable":true,"href":"https:\/\/www.accuratereviews.com\/it\/wp-json\/wp\/v2\/media\/35036"}],"wp:attachment":[{"href":"https:\/\/www.accuratereviews.com\/it\/wp-json\/wp\/v2\/media?parent=35035"}],"wp:term":[{"taxonomy":"category","embeddable":true,"href":"https:\/\/www.accuratereviews.com\/it\/wp-json\/wp\/v2\/categories?post=35035"},{"taxonomy":"post_tag","embeddable":true,"href":"https:\/\/www.accuratereviews.com\/it\/wp-json\/wp\/v2\/tags?post=35035"},{"taxonomy":"features","embeddable":true,"href":"https:\/\/www.accuratereviews.com\/it\/wp-json\/wp\/v2\/features?post=35035"}],"curies":[{"name":"wp","href":"https:\/\/api.w.org\/{rel}","templated":true}]}}