{"id":35043,"date":"2021-01-11T12:47:27","date_gmt":"2021-01-11T12:47:27","guid":{"rendered":"https:\/\/www.accuratereviews.com\/?page_id=35043"},"modified":"2021-01-25T15:36:02","modified_gmt":"2021-01-25T15:36:02","slug":"test4geeks-recensione","status":"publish","type":"page","link":"https:\/\/www.accuratereviews.com\/it\/piattaforme-esami-online-lista\/test4geeks-recensione\/","title":{"rendered":"Tests4Geeks"},"content":{"rendered":"<p class=\"h5 font-weight-bold mt-4\"><strong>Tests4Geeks<\/strong> \u00e8 una piattaforma online creata principalmente per team leader e responsabili di assunzioni in campo informatico (IT). Infatti, grazie a questo programma, potrai scegliere dei <strong>test di codifica<\/strong> da inviare ai candidati in modo tale da semplificare e<strong> velocizzare il processo di reclutamento<\/strong>. Una volta che il candidato in questione avr\u00e0 compilato il suo test, verr\u00e0 automaticamente generato un report di valutazione che sar\u00e0 inviato al tuo team via mail. A seconda del risultato, potrai decidere se cercare altri candidati o incontrarlo personalmente per un colloquio.<br \/>\nUn altro vantaggio che offre <strong>Tests4Geeks<\/strong> \u00e8 sicuramente la possibilit\u00e0 di utilizzare la funzionalit\u00e0 di <strong>branding personalizzato<\/strong> tramite la quale potrai inserire il logo e il dominio della tua azienda sul test, senza dover menzionare il programma utilizzato.<\/p>\n<h2>TESTS4GEEKS &#8211; PANORAMICA<\/h2>\n<p>Accedi al pannello di controllo per avere una panoramica dei movimenti dei tuoi candidati, visualizzando quale tipo di test stanno facendo, se lo\u00a0hanno iniziato o meno e i risultati finali.<\/p>\n<h2><a href=\"https:\/\/www.accuratereviews.com\/wp-content\/uploads\/2021\/01\/code-test-results.png\"><img loading=\"lazy\" decoding=\"async\" class=\"aligncenter wp-image-35053 size-full\" src=\"https:\/\/www.accuratereviews.com\/wp-content\/uploads\/2021\/01\/code-test-results.png\" alt=\"\" width=\"718\" height=\"544\" srcset=\"https:\/\/www.accuratereviews.com\/wp-content\/uploads\/2021\/01\/code-test-results.png 718w, https:\/\/www.accuratereviews.com\/wp-content\/uploads\/2021\/01\/code-test-results-300x227.png 300w, https:\/\/www.accuratereviews.com\/wp-content\/uploads\/2021\/01\/code-test-results-165x125.png 165w, https:\/\/www.accuratereviews.com\/wp-content\/uploads\/2021\/01\/code-test-results-50x38.png 50w, https:\/\/www.accuratereviews.com\/wp-content\/uploads\/2021\/01\/code-test-results-636x482.png 636w, https:\/\/www.accuratereviews.com\/wp-content\/uploads\/2021\/01\/code-test-results-320x242.png 320w, https:\/\/www.accuratereviews.com\/wp-content\/uploads\/2021\/01\/code-test-results-239x181.png 239w\" sizes=\"auto, (max-width: 718px) 100vw, 718px\" \/><\/a><\/h2>\n<h3>TESTS4GEEKS &#8211; CARATTERISTICHE<\/h3>\n<ul>\n<li style=\"font-weight: 400;\" aria-level=\"1\"><b>Creazione di test di programmazione<\/b><span style=\"font-weight: 400;\">: accedi ad un\u2019ampia scelta di test e scegli quello che si adatta di pi\u00f9 alle tue esigenze per testare le capacit\u00e0 dei tuoi candidati\u00a0<\/span><\/li>\n<li style=\"font-weight: 400;\" aria-level=\"1\"><b>Test di codifica di alta qualit\u00e0<\/b><span style=\"font-weight: 400;\">: i test sono sviluppati da un team di programmatori esperti altamente qualificati<\/span><\/li>\n<li aria-level=\"1\"><strong>Linguaggi di codifica<\/strong>: <span style=\"font-weight: 400;\">PHP<\/span><span style=\"font-weight: 400;\">, <\/span><span style=\"font-weight: 400;\">HTML<\/span><span style=\"font-weight: 400;\">, <\/span><span style=\"font-weight: 400;\">.NET<\/span><span style=\"font-weight: 400;\">, <\/span><span style=\"font-weight: 400;\">Java<\/span><span style=\"font-weight: 400;\">, <\/span><span style=\"font-weight: 400;\">Ruby On Rails<\/span><span style=\"font-weight: 400;\">, <\/span><span style=\"font-weight: 400;\">JavaScript<\/span><span style=\"font-weight: 400;\">, <\/span><span style=\"font-weight: 400;\">Python<\/span><span style=\"font-weight: 400;\">, <\/span><span style=\"font-weight: 400;\">SQL<\/span><span style=\"font-weight: 400;\">, <\/span><span style=\"font-weight: 400;\">IOS<\/span><span style=\"font-weight: 400;\">, <\/span><span style=\"font-weight: 400;\">Android<\/span><span style=\"font-weight: 400;\">, <\/span><span style=\"font-weight: 400;\">C\/C++<\/span><\/li>\n<li style=\"font-weight: 400;\" aria-level=\"1\"><b>Marchio personalizzato<\/b><span style=\"font-weight: 400;\">: personalizza i tuoi test utilizzando il logo e il dominio della tua azienda senza menzionare il programma<\/span><\/li>\n<li style=\"font-weight: 400;\" aria-level=\"1\"><b>Report personalizzati<\/b><span style=\"font-weight: 400;\">: utilizza report unici, generati automaticamente una volta che i candidati avranno terminati i loro test. Ti saranno inviati via mail in formato PDF, facili da leggere, condividere e stampare<\/span><\/li>\n<li style=\"font-weight: 400;\" aria-level=\"1\"><b>Link per pi\u00f9 candidati<\/b>: genera un collegamento link permanente al test cos\u00ec da poterlo condividere con pi\u00f9 candidati, sul sito della tua azienda o anche su un elenco di bacheche di lavoro.<\/li>\n<\/ul>\n<h4>LE RECENSIONI DEGLI UTENTI<\/h4>\n<p><b>&#8220;Ottimo rapporto qualit\u00e0 prezzo&#8221;<\/b><b><br \/>\n<\/b><span style=\"font-weight: 400;\">IN GENERALE: ottimo servizio da Tests4Geeks e ottimi approfondimenti sulle competenze IT delle persone testate<\/span><span style=\"font-weight: 400;\"><br \/>\n<\/span><b>PRO<\/b><span style=\"font-weight: 400;\">: Siamo molto soddisfatti della variet\u00e0 di test. I risultati ci danno una buona visione della conoscenza delle diverse competenze IT di cui abbiamo bisogno dai nostri consulenti.<\/span><span style=\"font-weight: 400;\"><br \/>\n<\/span><b>CONTRO<\/b><span style=\"font-weight: 400;\">: nessun contro ancora trovato. Sarebbe bello vedere i prezzi in Euro<\/span><\/p>\n<p><b>&#8220;Ottima piattaforma con assistenza clienti molto cordiale e disponibile&#8221;<\/b><b><br \/>\n<\/b><span style=\"font-weight: 400;\">IN GENERALE: utilizziamo i test principalmente a scopo di reclutamento e siamo molto soddisfatti del prodotto.<\/span><span style=\"font-weight: 400;\"><br \/>\n<\/span><span style=\"font-weight: 400;\">PRO: tanti test diversi. Risposte molto rapide e amichevoli dal team di supporto di Tests4Geeks<\/span><span style=\"font-weight: 400;\"><br \/>\n<\/span><span style=\"font-weight: 400;\">CONTRO: manca solo una cosa importante per noi (test di codifica C), ma sta per essere rilasciato. Nel frattempo siamo stati in grado di utilizzare la piattaforma e creare il nostro test di codifica per questo linguaggio di programmazione. Inoltre, fino a quando il test non sar\u00e0 sviluppato, sono stati cos\u00ec gentili da darci alcuni mesi gratuiti<\/span><\/p>\n<p><b>&#8220;Aiuta a selezionare i candidati tecnici: punto di svolta per il nostro reclutamento&#8221;<\/b><b><br \/>\n<\/b><span style=\"font-weight: 400;\">IN GENERALE: complimenti al Servizio Clienti per essere stato molto comprensivo e veloce nella sua risposta.<\/span><span style=\"font-weight: 400;\"><br \/>\n<\/span><span style=\"font-weight: 400;\">PRO: la qualit\u00e0 del test \u00e8 elevata &#8211; \u00e8 diventato un fattore critico nello screening e nel reclutamento dei nostri talenti tecnici.<\/span><span style=\"font-weight: 400;\"><br \/>\n<\/span><span style=\"font-weight: 400;\">CONTRO: siamo abbastanza soddisfatti di Tests4Geeks. Forse possono migliorare la loro funzione di filtro.<\/span><\/p>\n","protected":false},"excerpt":{"rendered":"<p>Tests4Geeks \u00e8 una piattaforma online creata principalmente per team leader e responsabili di assunzioni in campo informatico (IT). Infatti, grazie a questo programma, potrai scegliere dei test di codifica da inviare ai candidati in modo tale da semplificare e velocizzare il processo di reclutamento. Una volta che il candidato in questione avr\u00e0 compilato il suo test, verr\u00e0 automaticamente generato un report di valutazione che sar\u00e0 inviato al tuo team via mail.<\/p>\n","protected":false},"author":17,"featured_media":35046,"parent":34687,"menu_order":0,"comment_status":"open","ping_status":"closed","template":"g1_template_page_review_new.php","meta":{"_acf_changed":false,"cwp_meta_box_check":"No","cwp_rev_product_name":"","cwp_rev_product_image":"","wppr_links":[],"cwp_rev_price":"","wppr_options":[],"wppr_pros":[],"wppr_cons":[],"_monsterinsights_skip_tracking":false,"_monsterinsights_sitenote_active":false,"_monsterinsights_sitenote_note":"","_monsterinsights_sitenote_category":0,"footnotes":""},"categories":[4660],"tags":[4729,4726,4749,4748,4727,4496,4751,4750,4747,4752],"features":[],"class_list":{"0":"post-35043","1":"page","2":"type-page","3":"status-publish","4":"has-post-thumbnail","6":"category-piattaforme-di-esami-online","7":"tag-creazione-test-online","8":"tag-gestionale-esami-online","9":"tag-it-esame-online","10":"tag-it-test","11":"tag-piattaforma-per-esami-online","12":"tag-risorse-umane","13":"tag-sviluppatori","14":"tag-test-di-codifica","15":"tag-test-di-programmazione","16":"tag-web-developer"},"wppr_data":{"cwp_meta_box_check":"No"},"acf":[],"yoast_head":"<!-- This site is optimized with the Yoast SEO plugin v27.4 - https:\/\/yoast.com\/product\/yoast-seo-wordpress\/ -->\n<title>Tests4Geeks: software test di programmazione - Accurate Reviews<\/title>\n<meta name=\"description\" content=\"Tests4Geeks: recensione della piattaforma online creata per team leader e responsabili di assunzioni in campo informatico (IT).\" \/>\n<meta name=\"robots\" content=\"index, follow, max-snippet:-1, max-image-preview:large, max-video-preview:-1\" \/>\n<link rel=\"canonical\" href=\"https:\/\/www.accuratereviews.com\/it\/piattaforme-esami-online-lista\/test4geeks-recensione\/\" \/>\n<meta property=\"og:locale\" content=\"it_IT\" \/>\n<meta property=\"og:type\" content=\"article\" \/>\n<meta property=\"og:title\" content=\"Tests4Geeks: software test di programmazione - Accurate Reviews\" \/>\n<meta property=\"og:description\" content=\"Tests4Geeks: recensione della piattaforma online creata per team leader e responsabili di assunzioni in campo informatico (IT).\" \/>\n<meta property=\"og:url\" content=\"https:\/\/www.accuratereviews.com\/it\/piattaforme-esami-online-lista\/test4geeks-recensione\/\" \/>\n<meta property=\"og:site_name\" content=\"Accurate Reviews\" \/>\n<meta property=\"article:modified_time\" content=\"2021-01-25T15:36:02+00:00\" \/>\n<meta property=\"og:image\" content=\"https:\/\/www.accuratereviews.com\/wp-content\/uploads\/2021\/01\/Tests_for_Geeks_product_img_518289193_TestsforGeeks.png\" \/>\n\t<meta property=\"og:image:width\" content=\"200\" \/>\n\t<meta property=\"og:image:height\" content=\"200\" \/>\n\t<meta property=\"og:image:type\" content=\"image\/png\" \/>\n<meta name=\"twitter:card\" content=\"summary_large_image\" \/>\n<meta name=\"twitter:label1\" content=\"Tempo di lettura stimato\" \/>\n\t<meta name=\"twitter:data1\" content=\"3 minuti\" \/>\n<script type=\"application\/ld+json\" class=\"yoast-schema-graph\">{\"@context\":\"https:\\\/\\\/schema.org\",\"@graph\":[{\"@type\":\"WebPage\",\"@id\":\"https:\\\/\\\/www.accuratereviews.com\\\/it\\\/piattaforme-esami-online-lista\\\/test4geeks-recensione\\\/\",\"url\":\"https:\\\/\\\/www.accuratereviews.com\\\/it\\\/piattaforme-esami-online-lista\\\/test4geeks-recensione\\\/\",\"name\":\"Tests4Geeks: software test di programmazione - Accurate Reviews\",\"isPartOf\":{\"@id\":\"https:\\\/\\\/www.accuratereviews.com\\\/it\\\/#website\"},\"primaryImageOfPage\":{\"@id\":\"https:\\\/\\\/www.accuratereviews.com\\\/it\\\/piattaforme-esami-online-lista\\\/test4geeks-recensione\\\/#primaryimage\"},\"image\":{\"@id\":\"https:\\\/\\\/www.accuratereviews.com\\\/it\\\/piattaforme-esami-online-lista\\\/test4geeks-recensione\\\/#primaryimage\"},\"thumbnailUrl\":\"https:\\\/\\\/www.accuratereviews.com\\\/wp-content\\\/uploads\\\/2021\\\/01\\\/Tests_for_Geeks_product_img_518289193_TestsforGeeks.png\",\"datePublished\":\"2021-01-11T12:47:27+00:00\",\"dateModified\":\"2021-01-25T15:36:02+00:00\",\"description\":\"Tests4Geeks: recensione della piattaforma online creata per team leader e responsabili di assunzioni in campo informatico (IT).\",\"breadcrumb\":{\"@id\":\"https:\\\/\\\/www.accuratereviews.com\\\/it\\\/piattaforme-esami-online-lista\\\/test4geeks-recensione\\\/#breadcrumb\"},\"inLanguage\":\"it-IT\",\"potentialAction\":[{\"@type\":\"ReadAction\",\"target\":[\"https:\\\/\\\/www.accuratereviews.com\\\/it\\\/piattaforme-esami-online-lista\\\/test4geeks-recensione\\\/\"]}]},{\"@type\":\"ImageObject\",\"inLanguage\":\"it-IT\",\"@id\":\"https:\\\/\\\/www.accuratereviews.com\\\/it\\\/piattaforme-esami-online-lista\\\/test4geeks-recensione\\\/#primaryimage\",\"url\":\"https:\\\/\\\/www.accuratereviews.com\\\/wp-content\\\/uploads\\\/2021\\\/01\\\/Tests_for_Geeks_product_img_518289193_TestsforGeeks.png\",\"contentUrl\":\"https:\\\/\\\/www.accuratereviews.com\\\/wp-content\\\/uploads\\\/2021\\\/01\\\/Tests_for_Geeks_product_img_518289193_TestsforGeeks.png\",\"width\":200,\"height\":200},{\"@type\":\"BreadcrumbList\",\"@id\":\"https:\\\/\\\/www.accuratereviews.com\\\/it\\\/piattaforme-esami-online-lista\\\/test4geeks-recensione\\\/#breadcrumb\",\"itemListElement\":[{\"@type\":\"ListItem\",\"position\":1,\"name\":\"Home\",\"item\":\"https:\\\/\\\/www.accuratereviews.com\\\/it\\\/\"},{\"@type\":\"ListItem\",\"position\":2,\"name\":\"Piattaforme di esami online\",\"item\":\"https:\\\/\\\/www.accuratereviews.com\\\/it\\\/piattaforme-esami-online-lista\\\/\"},{\"@type\":\"ListItem\",\"position\":3,\"name\":\"Tests4Geeks\"}]},{\"@type\":\"WebSite\",\"@id\":\"https:\\\/\\\/www.accuratereviews.com\\\/it\\\/#website\",\"url\":\"https:\\\/\\\/www.accuratereviews.com\\\/it\\\/\",\"name\":\"Accurate Reviews\",\"description\":\"\",\"potentialAction\":[{\"@type\":\"SearchAction\",\"target\":{\"@type\":\"EntryPoint\",\"urlTemplate\":\"https:\\\/\\\/www.accuratereviews.com\\\/it\\\/?s={search_term_string}\"},\"query-input\":{\"@type\":\"PropertyValueSpecification\",\"valueRequired\":true,\"valueName\":\"search_term_string\"}}],\"inLanguage\":\"it-IT\"}]}<\/script>\n<!-- \/ Yoast SEO plugin. -->","yoast_head_json":{"title":"Tests4Geeks: software test di programmazione - Accurate Reviews","description":"Tests4Geeks: recensione della piattaforma online creata per team leader e responsabili di assunzioni in campo informatico (IT).","robots":{"index":"index","follow":"follow","max-snippet":"max-snippet:-1","max-image-preview":"max-image-preview:large","max-video-preview":"max-video-preview:-1"},"canonical":"https:\/\/www.accuratereviews.com\/it\/piattaforme-esami-online-lista\/test4geeks-recensione\/","og_locale":"it_IT","og_type":"article","og_title":"Tests4Geeks: software test di programmazione - Accurate Reviews","og_description":"Tests4Geeks: recensione della piattaforma online creata per team leader e responsabili di assunzioni in campo informatico (IT).","og_url":"https:\/\/www.accuratereviews.com\/it\/piattaforme-esami-online-lista\/test4geeks-recensione\/","og_site_name":"Accurate Reviews","article_modified_time":"2021-01-25T15:36:02+00:00","og_image":[{"width":200,"height":200,"url":"https:\/\/www.accuratereviews.com\/wp-content\/uploads\/2021\/01\/Tests_for_Geeks_product_img_518289193_TestsforGeeks.png","type":"image\/png"}],"twitter_card":"summary_large_image","twitter_misc":{"Tempo di lettura stimato":"3 minuti"},"schema":{"@context":"https:\/\/schema.org","@graph":[{"@type":"WebPage","@id":"https:\/\/www.accuratereviews.com\/it\/piattaforme-esami-online-lista\/test4geeks-recensione\/","url":"https:\/\/www.accuratereviews.com\/it\/piattaforme-esami-online-lista\/test4geeks-recensione\/","name":"Tests4Geeks: software test di programmazione - Accurate Reviews","isPartOf":{"@id":"https:\/\/www.accuratereviews.com\/it\/#website"},"primaryImageOfPage":{"@id":"https:\/\/www.accuratereviews.com\/it\/piattaforme-esami-online-lista\/test4geeks-recensione\/#primaryimage"},"image":{"@id":"https:\/\/www.accuratereviews.com\/it\/piattaforme-esami-online-lista\/test4geeks-recensione\/#primaryimage"},"thumbnailUrl":"https:\/\/www.accuratereviews.com\/wp-content\/uploads\/2021\/01\/Tests_for_Geeks_product_img_518289193_TestsforGeeks.png","datePublished":"2021-01-11T12:47:27+00:00","dateModified":"2021-01-25T15:36:02+00:00","description":"Tests4Geeks: recensione della piattaforma online creata per team leader e responsabili di assunzioni in campo informatico (IT).","breadcrumb":{"@id":"https:\/\/www.accuratereviews.com\/it\/piattaforme-esami-online-lista\/test4geeks-recensione\/#breadcrumb"},"inLanguage":"it-IT","potentialAction":[{"@type":"ReadAction","target":["https:\/\/www.accuratereviews.com\/it\/piattaforme-esami-online-lista\/test4geeks-recensione\/"]}]},{"@type":"ImageObject","inLanguage":"it-IT","@id":"https:\/\/www.accuratereviews.com\/it\/piattaforme-esami-online-lista\/test4geeks-recensione\/#primaryimage","url":"https:\/\/www.accuratereviews.com\/wp-content\/uploads\/2021\/01\/Tests_for_Geeks_product_img_518289193_TestsforGeeks.png","contentUrl":"https:\/\/www.accuratereviews.com\/wp-content\/uploads\/2021\/01\/Tests_for_Geeks_product_img_518289193_TestsforGeeks.png","width":200,"height":200},{"@type":"BreadcrumbList","@id":"https:\/\/www.accuratereviews.com\/it\/piattaforme-esami-online-lista\/test4geeks-recensione\/#breadcrumb","itemListElement":[{"@type":"ListItem","position":1,"name":"Home","item":"https:\/\/www.accuratereviews.com\/it\/"},{"@type":"ListItem","position":2,"name":"Piattaforme di esami online","item":"https:\/\/www.accuratereviews.com\/it\/piattaforme-esami-online-lista\/"},{"@type":"ListItem","position":3,"name":"Tests4Geeks"}]},{"@type":"WebSite","@id":"https:\/\/www.accuratereviews.com\/it\/#website","url":"https:\/\/www.accuratereviews.com\/it\/","name":"Accurate Reviews","description":"","potentialAction":[{"@type":"SearchAction","target":{"@type":"EntryPoint","urlTemplate":"https:\/\/www.accuratereviews.com\/it\/?s={search_term_string}"},"query-input":{"@type":"PropertyValueSpecification","valueRequired":true,"valueName":"search_term_string"}}],"inLanguage":"it-IT"}]}},"_links":{"self":[{"href":"https:\/\/www.accuratereviews.com\/it\/wp-json\/wp\/v2\/pages\/35043","targetHints":{"allow":["GET"]}}],"collection":[{"href":"https:\/\/www.accuratereviews.com\/it\/wp-json\/wp\/v2\/pages"}],"about":[{"href":"https:\/\/www.accuratereviews.com\/it\/wp-json\/wp\/v2\/types\/page"}],"author":[{"embeddable":true,"href":"https:\/\/www.accuratereviews.com\/it\/wp-json\/wp\/v2\/users\/17"}],"replies":[{"embeddable":true,"href":"https:\/\/www.accuratereviews.com\/it\/wp-json\/wp\/v2\/comments?post=35043"}],"version-history":[{"count":7,"href":"https:\/\/www.accuratereviews.com\/it\/wp-json\/wp\/v2\/pages\/35043\/revisions"}],"predecessor-version":[{"id":35939,"href":"https:\/\/www.accuratereviews.com\/it\/wp-json\/wp\/v2\/pages\/35043\/revisions\/35939"}],"up":[{"embeddable":true,"href":"https:\/\/www.accuratereviews.com\/it\/wp-json\/wp\/v2\/pages\/34687"}],"wp:featuredmedia":[{"embeddable":true,"href":"https:\/\/www.accuratereviews.com\/it\/wp-json\/wp\/v2\/media\/35046"}],"wp:attachment":[{"href":"https:\/\/www.accuratereviews.com\/it\/wp-json\/wp\/v2\/media?parent=35043"}],"wp:term":[{"taxonomy":"category","embeddable":true,"href":"https:\/\/www.accuratereviews.com\/it\/wp-json\/wp\/v2\/categories?post=35043"},{"taxonomy":"post_tag","embeddable":true,"href":"https:\/\/www.accuratereviews.com\/it\/wp-json\/wp\/v2\/tags?post=35043"},{"taxonomy":"features","embeddable":true,"href":"https:\/\/www.accuratereviews.com\/it\/wp-json\/wp\/v2\/features?post=35043"}],"curies":[{"name":"wp","href":"https:\/\/api.w.org\/{rel}","templated":true}]}}