{"id":35060,"date":"2021-01-12T12:11:52","date_gmt":"2021-01-12T12:11:52","guid":{"rendered":"https:\/\/www.accuratereviews.com\/?page_id=35060"},"modified":"2021-01-25T14:36:29","modified_gmt":"2021-01-25T14:36:29","slug":"inspera-assessment-recensione","status":"publish","type":"page","link":"https:\/\/www.accuratereviews.com\/it\/piattaforme-esami-online-lista\/inspera-assessment-recensione\/","title":{"rendered":"Inspera Assessment"},"content":{"rendered":"<p><strong>Inspera Assessment<\/strong> \u00e8 una <strong>piattaforma di valutazione<\/strong> basata su <strong>cloud<\/strong> che consente alle organizzazioni educative e governative di creare, distribuire e valutare gli esami. La soluzione fornisce strumenti ai responsabili dei test e ai professori per migliorare continuamente il processo di valutazione. <strong>Inspera Assessment <\/strong>inoltre\u00a0copre diverse aree del processo di esame come la pianificazione e la programmazione della valutazione, la progettazione degli esami, la consegna e il monitoraggio dei test e la condivisione dei risultati. Con un massimo di 25 diversi tipi di domande, gli amministratori degli esami sono in grado di generare diversi tipi di valutazioni che coprono una vasta gamma di materie tra cui scienze, lingue e matematica. La funzionalit\u00e0 di automazione del flusso di lavoro consente agli utenti di impostare processi automatizzati per qualsiasi fase del processo di esame.<\/p>\n<h2>INSPERA ASSESSMENT &#8211; TUTORIAL<\/h2>\n<p>Guardiamo come creare domande di matematica usando questo <strong>software per esami online<\/strong>:<\/p>\n<div id=\"fluid-wrapper-counter-1\" class=\"g1-fluid-wrapper \" style=\"width:686px;\">\n<div style=\"padding-bottom:56.268221574344%;\"><iframe loading=\"lazy\" title=\"Inspera\" width=\"686\" height=\"386\" src=\"https:\/\/www.youtube.com\/embed\/rjGIIHJf3og?feature=oembed&amp;wmode=transparent&amp;autohide=1&amp;autoplay=0&amp;disablekb=0&amp;fs=1&amp;loop=0&amp;enablejsapi=1&amp;rel=0&amp;controls=2&amp;showinfo=0&amp;wmode=transparent&amp;autohide=2&amp;autoplay=0&amp;disablekb=0&amp;fs=1&amp;loop=0&amp;enablejsapi=1&amp;rel=0&amp;controls=2&amp;showinfo=1\" frameborder=\"0\" allow=\"accelerometer; autoplay; clipboard-write; encrypted-media; gyroscope; picture-in-picture\" allowfullscreen><\/iframe><\/div>\n<\/div>\n<p>&nbsp;<\/p>\n<h3>INSPERA ASSESSMENT &#8211; CARATTERISTICHE<\/h3>\n<ul>\n<li>Accessibile: r<span class=\"JLqJ4b\" data-language-for-alternatives=\"it\" data-language-to-translate-into=\"en\" data-phrase-index=\"1\"><span class=\"JLqJ4b ChMk0b\" data-language-for-alternatives=\"it\" data-language-to-translate-into=\"en\" data-phrase-index=\"2\">ispetta le WCAG 2.0 Livello AA e soddisfa le disposizioni di accesso individuali\u00a0<\/span><\/span><\/li>\n<li><span class=\"JLqJ4b\" data-language-for-alternatives=\"it\" data-language-to-translate-into=\"en\" data-phrase-index=\"1\"><span class=\"JLqJ4b ChMk0b\" data-language-for-alternatives=\"it\" data-language-to-translate-into=\"en\" data-phrase-index=\"2\">Provalo ovunque: PC, Mac, iPad e Chromebook<\/span><\/span><\/li>\n<li><span class=\"JLqJ4b\" data-language-for-alternatives=\"it\" data-language-to-translate-into=\"en\" data-phrase-index=\"1\"><span class=\"JLqJ4b ChMk0b\" data-language-for-alternatives=\"it\" data-language-to-translate-into=\"en\" data-phrase-index=\"2\"> Personalizzabile: configura i tuoi flussi di lavoro di valutazione e le impostazioni di test ed estendi le funzionalit\u00e0 utilizzando le API aperte <\/span><\/span><\/li>\n<li><span class=\"JLqJ4b\" data-language-for-alternatives=\"it\" data-language-to-translate-into=\"en\" data-phrase-index=\"1\"><span class=\"JLqJ4b ChMk0b\" data-language-for-alternatives=\"it\" data-language-to-translate-into=\"en\" data-phrase-index=\"2\">Innovativo: porta le tue pratiche di valutazione al livello successivo con prove di qualit\u00e0 e basate sui dati<\/span><\/span><\/li>\n<li><span class=\"JLqJ4b\" data-language-for-alternatives=\"it\" data-language-to-translate-into=\"en\" data-phrase-index=\"1\"><span class=\"JLqJ4b ChMk0b\" data-language-for-alternatives=\"it\" data-language-to-translate-into=\"en\" data-phrase-index=\"2\">Resiliente: mantieni una qualit\u00e0 del servizio affidabile con supporto offline, alta disponibilit\u00e0 e scalabilit\u00e0 illimitata<\/span><\/span><\/li>\n<li><span class=\"JLqJ4b\" data-language-for-alternatives=\"it\" data-language-to-translate-into=\"en\" data-phrase-index=\"1\"><span class=\"JLqJ4b ChMk0b\" data-language-for-alternatives=\"it\" data-language-to-translate-into=\"en\" data-phrase-index=\"2\"> Sicuro: garantire l&#8217;integrit\u00e0 accademica attraverso la sicurezza dell&#8217;accesso, il riconoscimento facciale AI, la sicurezza dei test, il blocco del browser, il monitoraggio remoto e le registrazioni delle sessioni<\/span><\/span><\/li>\n<li>Condividi risultati e feedback<\/li>\n<\/ul>\n<h4>LE RECENSIONI DEGLI UTENTI<\/h4>\n<h4 class=\"font-weight-bold mb-1 d-flex align-items-center\">Pernilla L.&#8221;Un aiuto nell&#8217;insegnamento di grande valore&#8221;<\/h4>\n<p><strong>Commenti: <\/strong>Una perfetta assistenza al normale lavoro. Molto maneggevole e funzionale.<\/p>\n<p><strong>Vantaggi: <\/strong>La possibilit\u00e0 di pianificare il lavoro. correggere in maniera professionale i test.<\/p>\n<p><strong>Inconvenienti: <\/strong>A volte \u00e8 difficile capire perch\u00e9 le cose non funzionano.<\/p>\n<h4 class=\"font-weight-bold mb-1 d-flex align-items-center\">Pauline W.&#8221;Inspera per esami universitari online&#8221;<\/h4>\n<p><strong>Commenti: <\/strong>Forniscono valutazioni online per studenti universitari, laureati e studenti di master. Inspera ha la flessibilit\u00e0 di fornire una variet\u00e0 di tipi di domande e fornire il livello di analisi delle valutazioni e delle singole domande che sono una parte vitale dei nostri corsi<\/p>\n<p><strong>Vantaggi: <\/strong>La distribuzione web di questo prodotto \u00e8 molto fluida e il team che ha creato il software \u00e8 molto reattivo ogni volta che ci sono problemi.<br \/>\nHa anche una curva di apprendimento piuttosto bassa, il che significa che alcuni dei nostri accademici hanno iniziato a caricare le proprie domande, il che \u00e8 un enorme miglioramento rispetto alle complicazioni del nostro sistema precedente.<\/p>\n<p><strong>Inconvenienti: <\/strong>Ci sono alcuni piccoli inconvenienti: alcuni elementi che vorrei personalizzare sono fissi ((ad esempio, \u00e8 necessario disattivare la randomizzazione delle domande per ogni domanda); sarebbe fantastico avere la possibilit\u00e0 di passare dalla randomizzazione o meno a una serie di domande. Vorrei anche un modulo pi\u00f9 lungo per i titoli delle domande, ma questi sono piccoli problemi!<\/p>\n<h4 class=\"font-weight-bold mb-1 d-flex align-items-center\">Gordana S.&#8221;Eccellente supporto&#8221;<\/h4>\n<p><strong>Commenti: <\/strong>Soddisfacente.<\/p>\n<p><strong>Vantaggi: <\/strong>Possibilit\u00e0 di creare diversi tipi di test ed esami e di adattare la forma del test a ci\u00f2 con cui stai attualmente lavorando nel corso.<\/p>\n<p><strong>Inconvenienti: <\/strong>Commentare le sezioni (quando gli studenti scrivono i saggi). Credo che abbia bisogno di miglioramenti, possibilit\u00e0 di colorare il codice quando si commenta, la funzione ha molti bug di volta in volta.<\/p>\n","protected":false},"excerpt":{"rendered":"<p>Inspera Assessment \u00e8 una piattaforma di valutazione basata su cloud che consente alle organizzazioni educative e governative di creare, distribuire e valutare gli esami. La soluione fornisce strumenti ai responsabili dei test e ai professori di migliorare continuamente il processo di valutazione.<\/p>\n","protected":false},"author":19,"featured_media":35125,"parent":34687,"menu_order":0,"comment_status":"open","ping_status":"closed","template":"g1_template_page_review_new.php","meta":{"_acf_changed":false,"cwp_meta_box_check":"Yes","cwp_rev_product_name":"","cwp_rev_product_image":"","wppr_links":[],"cwp_rev_price":"","wppr_options":[],"wppr_pros":[],"wppr_cons":[],"_monsterinsights_skip_tracking":false,"_monsterinsights_sitenote_active":false,"_monsterinsights_sitenote_note":"","_monsterinsights_sitenote_category":0,"footnotes":""},"categories":[4660],"tags":[396,4769,4772,4661,4664,4663,4688],"features":[],"class_list":{"0":"post-35060","1":"page","2":"type-page","3":"status-publish","4":"has-post-thumbnail","6":"category-piattaforme-di-esami-online","7":"tag-cloud","8":"tag-creazione-quiz","9":"tag-inspera-assessment","10":"tag-piattaforma-esami-online","11":"tag-programma-esami-online","12":"tag-software-esami-online","13":"tag-soluzione-esami-online"},"wppr_data":{"cwp_meta_box_check":"Yes","cwp_rev_product_name":"","cwp_rev_product_image":"","cwp_image_link":"image","cwp_rev_price":"","wppr_rating":"0.00"},"acf":[],"yoast_head":"<!-- This site is optimized with the Yoast SEO plugin v27.4 - https:\/\/yoast.com\/product\/yoast-seo-wordpress\/ -->\n<title>Inspera Assessment: recensione software esami online- Accurate Reviews<\/title>\n<meta name=\"description\" content=\"Inspera Assessment: recensione piattaforma di valutazione basata su cloud che consente di creare, distribuire e valutare gli esami.\" \/>\n<meta name=\"robots\" content=\"index, follow, max-snippet:-1, max-image-preview:large, max-video-preview:-1\" \/>\n<link rel=\"canonical\" href=\"https:\/\/www.accuratereviews.com\/it\/piattaforme-esami-online-lista\/inspera-assessment-recensione\/\" \/>\n<meta property=\"og:locale\" content=\"it_IT\" \/>\n<meta property=\"og:type\" content=\"article\" \/>\n<meta property=\"og:title\" content=\"Inspera Assessment: recensione software esami online- Accurate Reviews\" \/>\n<meta property=\"og:description\" content=\"Inspera Assessment: recensione piattaforma di valutazione basata su cloud che consente di creare, distribuire e valutare gli esami.\" \/>\n<meta property=\"og:url\" content=\"https:\/\/www.accuratereviews.com\/it\/piattaforme-esami-online-lista\/inspera-assessment-recensione\/\" \/>\n<meta property=\"og:site_name\" content=\"Accurate Reviews\" \/>\n<meta property=\"article:modified_time\" content=\"2021-01-25T14:36:29+00:00\" \/>\n<meta property=\"og:image\" content=\"https:\/\/www.accuratereviews.com\/wp-content\/uploads\/2021\/01\/INSPERA.png\" \/>\n\t<meta property=\"og:image:width\" content=\"200\" \/>\n\t<meta property=\"og:image:height\" content=\"200\" \/>\n\t<meta property=\"og:image:type\" content=\"image\/png\" \/>\n<meta name=\"twitter:card\" content=\"summary_large_image\" \/>\n<meta name=\"twitter:label1\" content=\"Tempo di lettura stimato\" \/>\n\t<meta name=\"twitter:data1\" content=\"3 minuti\" \/>\n<script type=\"application\/ld+json\" class=\"yoast-schema-graph\">{\"@context\":\"https:\\\/\\\/schema.org\",\"@graph\":[{\"@type\":\"WebPage\",\"@id\":\"https:\\\/\\\/www.accuratereviews.com\\\/it\\\/piattaforme-esami-online-lista\\\/inspera-assessment-recensione\\\/\",\"url\":\"https:\\\/\\\/www.accuratereviews.com\\\/it\\\/piattaforme-esami-online-lista\\\/inspera-assessment-recensione\\\/\",\"name\":\"Inspera Assessment: recensione software esami online- Accurate Reviews\",\"isPartOf\":{\"@id\":\"https:\\\/\\\/www.accuratereviews.com\\\/it\\\/#website\"},\"primaryImageOfPage\":{\"@id\":\"https:\\\/\\\/www.accuratereviews.com\\\/it\\\/piattaforme-esami-online-lista\\\/inspera-assessment-recensione\\\/#primaryimage\"},\"image\":{\"@id\":\"https:\\\/\\\/www.accuratereviews.com\\\/it\\\/piattaforme-esami-online-lista\\\/inspera-assessment-recensione\\\/#primaryimage\"},\"thumbnailUrl\":\"https:\\\/\\\/www.accuratereviews.com\\\/wp-content\\\/uploads\\\/2021\\\/01\\\/INSPERA.png\",\"datePublished\":\"2021-01-12T12:11:52+00:00\",\"dateModified\":\"2021-01-25T14:36:29+00:00\",\"description\":\"Inspera Assessment: recensione piattaforma di valutazione basata su cloud che consente di creare, distribuire e valutare gli esami.\",\"breadcrumb\":{\"@id\":\"https:\\\/\\\/www.accuratereviews.com\\\/it\\\/piattaforme-esami-online-lista\\\/inspera-assessment-recensione\\\/#breadcrumb\"},\"inLanguage\":\"it-IT\",\"potentialAction\":[{\"@type\":\"ReadAction\",\"target\":[\"https:\\\/\\\/www.accuratereviews.com\\\/it\\\/piattaforme-esami-online-lista\\\/inspera-assessment-recensione\\\/\"]}]},{\"@type\":\"ImageObject\",\"inLanguage\":\"it-IT\",\"@id\":\"https:\\\/\\\/www.accuratereviews.com\\\/it\\\/piattaforme-esami-online-lista\\\/inspera-assessment-recensione\\\/#primaryimage\",\"url\":\"https:\\\/\\\/www.accuratereviews.com\\\/wp-content\\\/uploads\\\/2021\\\/01\\\/INSPERA.png\",\"contentUrl\":\"https:\\\/\\\/www.accuratereviews.com\\\/wp-content\\\/uploads\\\/2021\\\/01\\\/INSPERA.png\",\"width\":200,\"height\":200},{\"@type\":\"BreadcrumbList\",\"@id\":\"https:\\\/\\\/www.accuratereviews.com\\\/it\\\/piattaforme-esami-online-lista\\\/inspera-assessment-recensione\\\/#breadcrumb\",\"itemListElement\":[{\"@type\":\"ListItem\",\"position\":1,\"name\":\"Home\",\"item\":\"https:\\\/\\\/www.accuratereviews.com\\\/it\\\/\"},{\"@type\":\"ListItem\",\"position\":2,\"name\":\"Piattaforme di esami online\",\"item\":\"https:\\\/\\\/www.accuratereviews.com\\\/it\\\/piattaforme-esami-online-lista\\\/\"},{\"@type\":\"ListItem\",\"position\":3,\"name\":\"Inspera Assessment\"}]},{\"@type\":\"WebSite\",\"@id\":\"https:\\\/\\\/www.accuratereviews.com\\\/it\\\/#website\",\"url\":\"https:\\\/\\\/www.accuratereviews.com\\\/it\\\/\",\"name\":\"Accurate Reviews\",\"description\":\"\",\"potentialAction\":[{\"@type\":\"SearchAction\",\"target\":{\"@type\":\"EntryPoint\",\"urlTemplate\":\"https:\\\/\\\/www.accuratereviews.com\\\/it\\\/?s={search_term_string}\"},\"query-input\":{\"@type\":\"PropertyValueSpecification\",\"valueRequired\":true,\"valueName\":\"search_term_string\"}}],\"inLanguage\":\"it-IT\"}]}<\/script>\n<!-- \/ Yoast SEO plugin. -->","yoast_head_json":{"title":"Inspera Assessment: recensione software esami online- Accurate Reviews","description":"Inspera Assessment: recensione piattaforma di valutazione basata su cloud che consente di creare, distribuire e valutare gli esami.","robots":{"index":"index","follow":"follow","max-snippet":"max-snippet:-1","max-image-preview":"max-image-preview:large","max-video-preview":"max-video-preview:-1"},"canonical":"https:\/\/www.accuratereviews.com\/it\/piattaforme-esami-online-lista\/inspera-assessment-recensione\/","og_locale":"it_IT","og_type":"article","og_title":"Inspera Assessment: recensione software esami online- Accurate Reviews","og_description":"Inspera Assessment: recensione piattaforma di valutazione basata su cloud che consente di creare, distribuire e valutare gli esami.","og_url":"https:\/\/www.accuratereviews.com\/it\/piattaforme-esami-online-lista\/inspera-assessment-recensione\/","og_site_name":"Accurate Reviews","article_modified_time":"2021-01-25T14:36:29+00:00","og_image":[{"width":200,"height":200,"url":"https:\/\/www.accuratereviews.com\/wp-content\/uploads\/2021\/01\/INSPERA.png","type":"image\/png"}],"twitter_card":"summary_large_image","twitter_misc":{"Tempo di lettura stimato":"3 minuti"},"schema":{"@context":"https:\/\/schema.org","@graph":[{"@type":"WebPage","@id":"https:\/\/www.accuratereviews.com\/it\/piattaforme-esami-online-lista\/inspera-assessment-recensione\/","url":"https:\/\/www.accuratereviews.com\/it\/piattaforme-esami-online-lista\/inspera-assessment-recensione\/","name":"Inspera Assessment: recensione software esami online- Accurate Reviews","isPartOf":{"@id":"https:\/\/www.accuratereviews.com\/it\/#website"},"primaryImageOfPage":{"@id":"https:\/\/www.accuratereviews.com\/it\/piattaforme-esami-online-lista\/inspera-assessment-recensione\/#primaryimage"},"image":{"@id":"https:\/\/www.accuratereviews.com\/it\/piattaforme-esami-online-lista\/inspera-assessment-recensione\/#primaryimage"},"thumbnailUrl":"https:\/\/www.accuratereviews.com\/wp-content\/uploads\/2021\/01\/INSPERA.png","datePublished":"2021-01-12T12:11:52+00:00","dateModified":"2021-01-25T14:36:29+00:00","description":"Inspera Assessment: recensione piattaforma di valutazione basata su cloud che consente di creare, distribuire e valutare gli esami.","breadcrumb":{"@id":"https:\/\/www.accuratereviews.com\/it\/piattaforme-esami-online-lista\/inspera-assessment-recensione\/#breadcrumb"},"inLanguage":"it-IT","potentialAction":[{"@type":"ReadAction","target":["https:\/\/www.accuratereviews.com\/it\/piattaforme-esami-online-lista\/inspera-assessment-recensione\/"]}]},{"@type":"ImageObject","inLanguage":"it-IT","@id":"https:\/\/www.accuratereviews.com\/it\/piattaforme-esami-online-lista\/inspera-assessment-recensione\/#primaryimage","url":"https:\/\/www.accuratereviews.com\/wp-content\/uploads\/2021\/01\/INSPERA.png","contentUrl":"https:\/\/www.accuratereviews.com\/wp-content\/uploads\/2021\/01\/INSPERA.png","width":200,"height":200},{"@type":"BreadcrumbList","@id":"https:\/\/www.accuratereviews.com\/it\/piattaforme-esami-online-lista\/inspera-assessment-recensione\/#breadcrumb","itemListElement":[{"@type":"ListItem","position":1,"name":"Home","item":"https:\/\/www.accuratereviews.com\/it\/"},{"@type":"ListItem","position":2,"name":"Piattaforme di esami online","item":"https:\/\/www.accuratereviews.com\/it\/piattaforme-esami-online-lista\/"},{"@type":"ListItem","position":3,"name":"Inspera Assessment"}]},{"@type":"WebSite","@id":"https:\/\/www.accuratereviews.com\/it\/#website","url":"https:\/\/www.accuratereviews.com\/it\/","name":"Accurate Reviews","description":"","potentialAction":[{"@type":"SearchAction","target":{"@type":"EntryPoint","urlTemplate":"https:\/\/www.accuratereviews.com\/it\/?s={search_term_string}"},"query-input":{"@type":"PropertyValueSpecification","valueRequired":true,"valueName":"search_term_string"}}],"inLanguage":"it-IT"}]}},"_links":{"self":[{"href":"https:\/\/www.accuratereviews.com\/it\/wp-json\/wp\/v2\/pages\/35060","targetHints":{"allow":["GET"]}}],"collection":[{"href":"https:\/\/www.accuratereviews.com\/it\/wp-json\/wp\/v2\/pages"}],"about":[{"href":"https:\/\/www.accuratereviews.com\/it\/wp-json\/wp\/v2\/types\/page"}],"author":[{"embeddable":true,"href":"https:\/\/www.accuratereviews.com\/it\/wp-json\/wp\/v2\/users\/19"}],"replies":[{"embeddable":true,"href":"https:\/\/www.accuratereviews.com\/it\/wp-json\/wp\/v2\/comments?post=35060"}],"version-history":[{"count":15,"href":"https:\/\/www.accuratereviews.com\/it\/wp-json\/wp\/v2\/pages\/35060\/revisions"}],"predecessor-version":[{"id":35912,"href":"https:\/\/www.accuratereviews.com\/it\/wp-json\/wp\/v2\/pages\/35060\/revisions\/35912"}],"up":[{"embeddable":true,"href":"https:\/\/www.accuratereviews.com\/it\/wp-json\/wp\/v2\/pages\/34687"}],"wp:featuredmedia":[{"embeddable":true,"href":"https:\/\/www.accuratereviews.com\/it\/wp-json\/wp\/v2\/media\/35125"}],"wp:attachment":[{"href":"https:\/\/www.accuratereviews.com\/it\/wp-json\/wp\/v2\/media?parent=35060"}],"wp:term":[{"taxonomy":"category","embeddable":true,"href":"https:\/\/www.accuratereviews.com\/it\/wp-json\/wp\/v2\/categories?post=35060"},{"taxonomy":"post_tag","embeddable":true,"href":"https:\/\/www.accuratereviews.com\/it\/wp-json\/wp\/v2\/tags?post=35060"},{"taxonomy":"features","embeddable":true,"href":"https:\/\/www.accuratereviews.com\/it\/wp-json\/wp\/v2\/features?post=35060"}],"curies":[{"name":"wp","href":"https:\/\/api.w.org\/{rel}","templated":true}]}}