{"id":35064,"date":"2021-01-11T12:45:46","date_gmt":"2021-01-11T12:45:46","guid":{"rendered":"https:\/\/www.accuratereviews.com\/?page_id=35064"},"modified":"2021-01-25T15:32:52","modified_gmt":"2021-01-25T15:32:52","slug":"testpress-recensione","status":"publish","type":"page","link":"https:\/\/www.accuratereviews.com\/it\/piattaforme-esami-online-lista\/testpress-recensione\/","title":{"rendered":"Testpress"},"content":{"rendered":"<p><b>Testpress<\/b><span style=\"font-weight: 400;\"> \u00e8 un<\/span><b> software per test online <\/b><span style=\"font-weight: 400;\">progettato per istituti scolastici, formativi e per insegnanti che prediligono la <\/span><b>didattica online<\/b><span style=\"font-weight: 400;\">. In questo modo <\/span><b>creare corsi ed esami<\/b><span style=\"font-weight: 400;\"> diventer\u00e0 molto pi\u00f9 semplice e veloce e anche il lavoro di valutazione delle loro risposte sar\u00e0 del tutto automatizzato. Si tratta di una piattaforma indiana, ideale anche per i test di ammissione universitari o di corsi di lingua.<br \/>\n<\/span>L&#8217;interfaccia utente \u00e8 piuttosto intuitiva e l\u2019utilizzo di <b>Microsoft Word <\/b>per aggiungere le domande rende <b>Testpress <\/b>un programma accessibile a chiunque, che non richiede nessuna competenza tecnica.<\/p>\n<h2 class=\"h5 font-weight-bold mt-4\">COME UTILIZZARE TESTPRESS &#8211; TUTORIAL<\/h2>\n<p>Diamo uno sguardo a questo video per comprendere come funziona:<\/p>\n<div id=\"fluid-wrapper-counter-1\" class=\"g1-fluid-wrapper \" style=\"width:686px;\">\n<div style=\"padding-bottom:56.268221574344%;\"><iframe loading=\"lazy\" title=\"Testpress&#039;s Online Exam Software - Simple demo of student&#039;s login\" width=\"686\" height=\"386\" src=\"https:\/\/www.youtube.com\/embed\/LzCKbVdeiMA?feature=oembed&amp;wmode=transparent&amp;autohide=1&amp;autoplay=0&amp;disablekb=0&amp;fs=1&amp;loop=0&amp;enablejsapi=1&amp;rel=0&amp;controls=2&amp;showinfo=0&amp;wmode=transparent&amp;autohide=2&amp;autoplay=0&amp;disablekb=0&amp;fs=1&amp;loop=0&amp;enablejsapi=1&amp;rel=0&amp;controls=2&amp;showinfo=1\" frameborder=\"0\" allow=\"accelerometer; autoplay; clipboard-write; encrypted-media; gyroscope; picture-in-picture\" allowfullscreen><\/iframe><\/div>\n<\/div>\n<h3>TESTPRESS &#8211; CARATTERISTICHE<\/h3>\n<p>Di seguito le sue principali caratteristiche:<\/p>\n<ul>\n<li style=\"font-weight: 400;\" aria-level=\"1\"><span style=\"font-weight: 400;\">Caricamento domande dal documento di Word<\/span><\/li>\n<li style=\"font-weight: 400;\" aria-level=\"1\"><span style=\"font-weight: 400;\">Pianificazione della data degli esami<\/span><\/li>\n<li style=\"font-weight: 400;\" aria-level=\"1\"><span style=\"font-weight: 400;\">Download in PDF<\/span><\/li>\n<li style=\"font-weight: 400;\" aria-level=\"1\"><span style=\"font-weight: 400;\">Opzione per nascondere i risultati dell\u2019esame<\/span><\/li>\n<li style=\"font-weight: 400;\" aria-level=\"1\"><span style=\"font-weight: 400;\">Formati di domande multiple<\/span><\/li>\n<li style=\"font-weight: 400;\" aria-level=\"1\"><span style=\"font-weight: 400;\">Tentativi multipli di esame<\/span><\/li>\n<li style=\"font-weight: 400;\" aria-level=\"1\"><span style=\"font-weight: 400;\">Promemoria SMS\/e-mail agli studenti<\/span><\/li>\n<li style=\"font-weight: 400;\" aria-level=\"1\"><span style=\"font-weight: 400;\">Salvataggio automatico senza perdere dati<\/span><\/li>\n<li style=\"font-weight: 400;\" aria-level=\"1\"><span style=\"font-weight: 400;\">Forum di discussione integrato<\/span><\/li>\n<li style=\"font-weight: 400;\" aria-level=\"1\"><span style=\"font-weight: 400;\">Supporto di esami IBPS\/SBI\/AIIMS\/AIPG\/FMGE\/IIT-JEE\/JIPMER\/CAT\/TCS\/Prometric<\/span><\/li>\n<\/ul>\n<h4>LE RECENSIONI DEGLI UTENTI<\/h4>\n<p><b>&#8220;Miglior servizio clienti e miglior software&#8221;<br \/>\n<\/b>IN GENERALE: lavorando con Testpress da 6 anni, sono i migliori e apportano modificano adeguate alle esigenze della comunit\u00e0<br \/>\nPRO: adeguata attenzione al cliente per gli studenti iscritti e migliore visione del software<br \/>\nCONTRO: in iOS ci sono problemi di accensione e spegnimento<\/p>\n<p><b>&#8220;Testpress, una buona piattaforma per lanciare la tua start-up Ed-tech&#8221;<br \/>\n<\/b>IN GENERALE: l&#8217;esperienza \u00e8 stata buona, tutti i test sono user friendly come caricati, il Team aiuta quando vuoi, a volte anche nelle ore tarde se uno studente ha problemi e contatta l&#8217;Istituto, il Testpress Team \u00e8 pronto ad aiutare SEMPRE!<br \/>\nPRO: facile caricamento delle domande e tnterfaccia semplice<br \/>\nCONTRO: riprogrammazione di ogni test se si prolunga una data del pacchetto<\/p>\n<p><b>&#8220;Amichevole Testpress&#8221;<br \/>\n<\/b>IN GENERALE: \u00e8 una bella azienda. Lavoro con loro da 1 anno.\u00a0Ottimo servizio clienti. Mi ha supportato inizialmente durante il lancio della serie di esami<br \/>\nPRO: Testpress conduce esami online da anni. \u00c8 un software aggiornato con molte opzioni e un buon servizio assistenza clienti. Supportano i nuovi arrivati<br \/>\nCONTRO: nessuna esperienza negativa finora. Sono sempre di supporto e risolvono i problemi in breve tempo<\/p>\n","protected":false},"excerpt":{"rendered":"<p>Testpress \u00e8 un software per test online progettato per istituti scolastici, formativi e per insegnanti che prediligono la didattica online. In questo modo creare corsi ed esami diventer\u00e0 molto pi\u00f9 semplice e veloce e anche il lavoro di valutazione delle loro risposte sar\u00e0 del tutto automatizzato. Si tratta di una piattaforma indiana, ideale anche per i test di ammissione universitari o di corsi di lingua.<\/p>\n","protected":false},"author":17,"featured_media":35076,"parent":34687,"menu_order":0,"comment_status":"open","ping_status":"closed","template":"g1_template_page_review_new.php","meta":{"_acf_changed":false,"cwp_meta_box_check":"No","cwp_rev_product_name":"","cwp_rev_product_image":"","wppr_links":[],"cwp_rev_price":"","wppr_options":[],"wppr_pros":[],"wppr_cons":[],"_monsterinsights_skip_tracking":false,"_monsterinsights_sitenote_active":false,"_monsterinsights_sitenote_note":"","_monsterinsights_sitenote_category":0,"footnotes":""},"categories":[4660],"tags":[4692,4662,4726,4666,4661,4684,4753],"features":[],"class_list":{"0":"post-35064","1":"page","2":"type-page","3":"status-publish","4":"has-post-thumbnail","6":"category-piattaforme-di-esami-online","7":"tag-didattica-online","8":"tag-esami-online","9":"tag-gestionale-esami-online","10":"tag-istruzione-online","11":"tag-piattaforma-esami-online","12":"tag-software-per-esami-online","13":"tag-test"},"wppr_data":{"cwp_meta_box_check":"No"},"acf":[],"yoast_head":"<!-- This site is optimized with the Yoast SEO plugin v27.4 - https:\/\/yoast.com\/product\/yoast-seo-wordpress\/ -->\n<title>Testpress: software per esami online recensione - Accurate Reviews<\/title>\n<meta name=\"description\" content=\"Testpress: recensione del software per test online progettato per istituti scolastici, formativi che prediligono la didattica online.\" \/>\n<meta name=\"robots\" content=\"index, follow, max-snippet:-1, max-image-preview:large, max-video-preview:-1\" \/>\n<link rel=\"canonical\" href=\"https:\/\/www.accuratereviews.com\/it\/piattaforme-esami-online-lista\/testpress-recensione\/\" \/>\n<meta property=\"og:locale\" content=\"it_IT\" \/>\n<meta property=\"og:type\" content=\"article\" \/>\n<meta property=\"og:title\" content=\"Testpress: software per esami online recensione - Accurate Reviews\" \/>\n<meta property=\"og:description\" content=\"Testpress: recensione del software per test online progettato per istituti scolastici, formativi che prediligono la didattica online.\" \/>\n<meta property=\"og:url\" content=\"https:\/\/www.accuratereviews.com\/it\/piattaforme-esami-online-lista\/testpress-recensione\/\" \/>\n<meta property=\"og:site_name\" content=\"Accurate Reviews\" \/>\n<meta property=\"article:modified_time\" content=\"2021-01-25T15:32:52+00:00\" \/>\n<meta property=\"og:image\" content=\"https:\/\/www.accuratereviews.com\/wp-content\/uploads\/2021\/01\/Why-Testpress.png\" \/>\n\t<meta property=\"og:image:width\" content=\"533\" \/>\n\t<meta property=\"og:image:height\" content=\"300\" \/>\n\t<meta property=\"og:image:type\" content=\"image\/png\" \/>\n<meta name=\"twitter:card\" content=\"summary_large_image\" \/>\n<meta name=\"twitter:label1\" content=\"Tempo di lettura stimato\" \/>\n\t<meta name=\"twitter:data1\" content=\"2 minuti\" \/>\n<script type=\"application\/ld+json\" class=\"yoast-schema-graph\">{\"@context\":\"https:\\\/\\\/schema.org\",\"@graph\":[{\"@type\":\"WebPage\",\"@id\":\"https:\\\/\\\/www.accuratereviews.com\\\/it\\\/piattaforme-esami-online-lista\\\/testpress-recensione\\\/\",\"url\":\"https:\\\/\\\/www.accuratereviews.com\\\/it\\\/piattaforme-esami-online-lista\\\/testpress-recensione\\\/\",\"name\":\"Testpress: software per esami online recensione - Accurate Reviews\",\"isPartOf\":{\"@id\":\"https:\\\/\\\/www.accuratereviews.com\\\/it\\\/#website\"},\"primaryImageOfPage\":{\"@id\":\"https:\\\/\\\/www.accuratereviews.com\\\/it\\\/piattaforme-esami-online-lista\\\/testpress-recensione\\\/#primaryimage\"},\"image\":{\"@id\":\"https:\\\/\\\/www.accuratereviews.com\\\/it\\\/piattaforme-esami-online-lista\\\/testpress-recensione\\\/#primaryimage\"},\"thumbnailUrl\":\"https:\\\/\\\/www.accuratereviews.com\\\/wp-content\\\/uploads\\\/2021\\\/01\\\/Why-Testpress.png\",\"datePublished\":\"2021-01-11T12:45:46+00:00\",\"dateModified\":\"2021-01-25T15:32:52+00:00\",\"description\":\"Testpress: recensione del software per test online progettato per istituti scolastici, formativi che prediligono la didattica online.\",\"breadcrumb\":{\"@id\":\"https:\\\/\\\/www.accuratereviews.com\\\/it\\\/piattaforme-esami-online-lista\\\/testpress-recensione\\\/#breadcrumb\"},\"inLanguage\":\"it-IT\",\"potentialAction\":[{\"@type\":\"ReadAction\",\"target\":[\"https:\\\/\\\/www.accuratereviews.com\\\/it\\\/piattaforme-esami-online-lista\\\/testpress-recensione\\\/\"]}]},{\"@type\":\"ImageObject\",\"inLanguage\":\"it-IT\",\"@id\":\"https:\\\/\\\/www.accuratereviews.com\\\/it\\\/piattaforme-esami-online-lista\\\/testpress-recensione\\\/#primaryimage\",\"url\":\"https:\\\/\\\/www.accuratereviews.com\\\/wp-content\\\/uploads\\\/2021\\\/01\\\/Why-Testpress.png\",\"contentUrl\":\"https:\\\/\\\/www.accuratereviews.com\\\/wp-content\\\/uploads\\\/2021\\\/01\\\/Why-Testpress.png\",\"width\":533,\"height\":300},{\"@type\":\"BreadcrumbList\",\"@id\":\"https:\\\/\\\/www.accuratereviews.com\\\/it\\\/piattaforme-esami-online-lista\\\/testpress-recensione\\\/#breadcrumb\",\"itemListElement\":[{\"@type\":\"ListItem\",\"position\":1,\"name\":\"Home\",\"item\":\"https:\\\/\\\/www.accuratereviews.com\\\/it\\\/\"},{\"@type\":\"ListItem\",\"position\":2,\"name\":\"Piattaforme di esami online\",\"item\":\"https:\\\/\\\/www.accuratereviews.com\\\/it\\\/piattaforme-esami-online-lista\\\/\"},{\"@type\":\"ListItem\",\"position\":3,\"name\":\"Testpress\"}]},{\"@type\":\"WebSite\",\"@id\":\"https:\\\/\\\/www.accuratereviews.com\\\/it\\\/#website\",\"url\":\"https:\\\/\\\/www.accuratereviews.com\\\/it\\\/\",\"name\":\"Accurate Reviews\",\"description\":\"\",\"potentialAction\":[{\"@type\":\"SearchAction\",\"target\":{\"@type\":\"EntryPoint\",\"urlTemplate\":\"https:\\\/\\\/www.accuratereviews.com\\\/it\\\/?s={search_term_string}\"},\"query-input\":{\"@type\":\"PropertyValueSpecification\",\"valueRequired\":true,\"valueName\":\"search_term_string\"}}],\"inLanguage\":\"it-IT\"}]}<\/script>\n<!-- \/ Yoast SEO plugin. -->","yoast_head_json":{"title":"Testpress: software per esami online recensione - Accurate Reviews","description":"Testpress: recensione del software per test online progettato per istituti scolastici, formativi che prediligono la didattica online.","robots":{"index":"index","follow":"follow","max-snippet":"max-snippet:-1","max-image-preview":"max-image-preview:large","max-video-preview":"max-video-preview:-1"},"canonical":"https:\/\/www.accuratereviews.com\/it\/piattaforme-esami-online-lista\/testpress-recensione\/","og_locale":"it_IT","og_type":"article","og_title":"Testpress: software per esami online recensione - Accurate Reviews","og_description":"Testpress: recensione del software per test online progettato per istituti scolastici, formativi che prediligono la didattica online.","og_url":"https:\/\/www.accuratereviews.com\/it\/piattaforme-esami-online-lista\/testpress-recensione\/","og_site_name":"Accurate Reviews","article_modified_time":"2021-01-25T15:32:52+00:00","og_image":[{"width":533,"height":300,"url":"https:\/\/www.accuratereviews.com\/wp-content\/uploads\/2021\/01\/Why-Testpress.png","type":"image\/png"}],"twitter_card":"summary_large_image","twitter_misc":{"Tempo di lettura stimato":"2 minuti"},"schema":{"@context":"https:\/\/schema.org","@graph":[{"@type":"WebPage","@id":"https:\/\/www.accuratereviews.com\/it\/piattaforme-esami-online-lista\/testpress-recensione\/","url":"https:\/\/www.accuratereviews.com\/it\/piattaforme-esami-online-lista\/testpress-recensione\/","name":"Testpress: software per esami online recensione - Accurate Reviews","isPartOf":{"@id":"https:\/\/www.accuratereviews.com\/it\/#website"},"primaryImageOfPage":{"@id":"https:\/\/www.accuratereviews.com\/it\/piattaforme-esami-online-lista\/testpress-recensione\/#primaryimage"},"image":{"@id":"https:\/\/www.accuratereviews.com\/it\/piattaforme-esami-online-lista\/testpress-recensione\/#primaryimage"},"thumbnailUrl":"https:\/\/www.accuratereviews.com\/wp-content\/uploads\/2021\/01\/Why-Testpress.png","datePublished":"2021-01-11T12:45:46+00:00","dateModified":"2021-01-25T15:32:52+00:00","description":"Testpress: recensione del software per test online progettato per istituti scolastici, formativi che prediligono la didattica online.","breadcrumb":{"@id":"https:\/\/www.accuratereviews.com\/it\/piattaforme-esami-online-lista\/testpress-recensione\/#breadcrumb"},"inLanguage":"it-IT","potentialAction":[{"@type":"ReadAction","target":["https:\/\/www.accuratereviews.com\/it\/piattaforme-esami-online-lista\/testpress-recensione\/"]}]},{"@type":"ImageObject","inLanguage":"it-IT","@id":"https:\/\/www.accuratereviews.com\/it\/piattaforme-esami-online-lista\/testpress-recensione\/#primaryimage","url":"https:\/\/www.accuratereviews.com\/wp-content\/uploads\/2021\/01\/Why-Testpress.png","contentUrl":"https:\/\/www.accuratereviews.com\/wp-content\/uploads\/2021\/01\/Why-Testpress.png","width":533,"height":300},{"@type":"BreadcrumbList","@id":"https:\/\/www.accuratereviews.com\/it\/piattaforme-esami-online-lista\/testpress-recensione\/#breadcrumb","itemListElement":[{"@type":"ListItem","position":1,"name":"Home","item":"https:\/\/www.accuratereviews.com\/it\/"},{"@type":"ListItem","position":2,"name":"Piattaforme di esami online","item":"https:\/\/www.accuratereviews.com\/it\/piattaforme-esami-online-lista\/"},{"@type":"ListItem","position":3,"name":"Testpress"}]},{"@type":"WebSite","@id":"https:\/\/www.accuratereviews.com\/it\/#website","url":"https:\/\/www.accuratereviews.com\/it\/","name":"Accurate Reviews","description":"","potentialAction":[{"@type":"SearchAction","target":{"@type":"EntryPoint","urlTemplate":"https:\/\/www.accuratereviews.com\/it\/?s={search_term_string}"},"query-input":{"@type":"PropertyValueSpecification","valueRequired":true,"valueName":"search_term_string"}}],"inLanguage":"it-IT"}]}},"_links":{"self":[{"href":"https:\/\/www.accuratereviews.com\/it\/wp-json\/wp\/v2\/pages\/35064","targetHints":{"allow":["GET"]}}],"collection":[{"href":"https:\/\/www.accuratereviews.com\/it\/wp-json\/wp\/v2\/pages"}],"about":[{"href":"https:\/\/www.accuratereviews.com\/it\/wp-json\/wp\/v2\/types\/page"}],"author":[{"embeddable":true,"href":"https:\/\/www.accuratereviews.com\/it\/wp-json\/wp\/v2\/users\/17"}],"replies":[{"embeddable":true,"href":"https:\/\/www.accuratereviews.com\/it\/wp-json\/wp\/v2\/comments?post=35064"}],"version-history":[{"count":7,"href":"https:\/\/www.accuratereviews.com\/it\/wp-json\/wp\/v2\/pages\/35064\/revisions"}],"predecessor-version":[{"id":35937,"href":"https:\/\/www.accuratereviews.com\/it\/wp-json\/wp\/v2\/pages\/35064\/revisions\/35937"}],"up":[{"embeddable":true,"href":"https:\/\/www.accuratereviews.com\/it\/wp-json\/wp\/v2\/pages\/34687"}],"wp:featuredmedia":[{"embeddable":true,"href":"https:\/\/www.accuratereviews.com\/it\/wp-json\/wp\/v2\/media\/35076"}],"wp:attachment":[{"href":"https:\/\/www.accuratereviews.com\/it\/wp-json\/wp\/v2\/media?parent=35064"}],"wp:term":[{"taxonomy":"category","embeddable":true,"href":"https:\/\/www.accuratereviews.com\/it\/wp-json\/wp\/v2\/categories?post=35064"},{"taxonomy":"post_tag","embeddable":true,"href":"https:\/\/www.accuratereviews.com\/it\/wp-json\/wp\/v2\/tags?post=35064"},{"taxonomy":"features","embeddable":true,"href":"https:\/\/www.accuratereviews.com\/it\/wp-json\/wp\/v2\/features?post=35064"}],"curies":[{"name":"wp","href":"https:\/\/api.w.org\/{rel}","templated":true}]}}