{"id":35143,"date":"2021-01-13T12:48:50","date_gmt":"2021-01-13T12:48:50","guid":{"rendered":"https:\/\/www.accuratereviews.com\/?page_id=35143"},"modified":"2021-01-25T15:38:01","modified_gmt":"2021-01-25T15:38:01","slug":"think-exam-recensione","status":"publish","type":"page","link":"https:\/\/www.accuratereviews.com\/it\/piattaforme-esami-online-lista\/think-exam-recensione\/","title":{"rendered":"Think Exam"},"content":{"rendered":"<p><strong>Think Exam<\/strong> \u00e8 una <strong>piattaforma di esami online<\/strong> che consente ad aziende, istituti scolastici e organizzazioni governative di creare e condurre valutazioni per candidati e studenti. Gli utenti possono creare test definendo il nome, lo schema di valutazione, il limite di tempo o le linee guida per l&#8217;esame, visualizzare in anteprima i modelli finiti prima della selezione finale e includere strumenti aggiuntivi come display del timer o calcolatrici.\u00a0<strong>Think Exam<\/strong> consente di aggiungere immagini, sottosezioni, equazioni matematiche o domande multilingue nelle valutazioni. Gli amministratori possono creare profili di candidati personalizzati, raggruppare gli studenti per corsi simili ed esportare i dati in formato Excel per riferimenti futuri. Gli utenti possono anche caricare questionari personalizzati o utilizzare il repository centralizzato per selezionare vari tipi di domande come scelta multipla, vero \/ falso, riempire gli spazi vuoti, saggio e altro.<\/p>\n<h2>THINK EXAM &#8211; TUTORIAL<\/h2>\n<p>Guardiamo insieme il tutorial in cui mostra la demo di questo <strong>software per esami online:<\/strong><\/p>\n<div id=\"fluid-wrapper-counter-1\" class=\"g1-fluid-wrapper \" style=\"width:686px;\">\n<div style=\"padding-bottom:56.268221574344%;\"><iframe loading=\"lazy\" title=\"THINK EXAM DEMO FIRST\" width=\"686\" height=\"386\" src=\"https:\/\/www.youtube.com\/embed\/Kqyjt1fALuA?feature=oembed&amp;wmode=transparent&amp;autohide=1&amp;autoplay=0&amp;disablekb=0&amp;fs=1&amp;loop=0&amp;enablejsapi=1&amp;rel=0&amp;controls=2&amp;showinfo=0&amp;wmode=transparent&amp;autohide=2&amp;autoplay=0&amp;disablekb=0&amp;fs=1&amp;loop=0&amp;enablejsapi=1&amp;rel=0&amp;controls=2&amp;showinfo=1\" frameborder=\"0\" allow=\"accelerometer; autoplay; clipboard-write; encrypted-media; gyroscope; picture-in-picture\" allowfullscreen><\/iframe><\/div>\n<\/div>\n<h3>THINK EXAM &#8211; CARATTERISTICHE<\/h3>\n<ul>\n<li>Banca delle domande: g<span class=\"JLqJ4b\" data-language-for-alternatives=\"it\" data-language-to-translate-into=\"en\" data-phrase-index=\"1\"><span class=\"JLqJ4b ChMk0b\" data-language-for-alternatives=\"it\" data-language-to-translate-into=\"en\" data-phrase-index=\"2\">estisci un archivio illimitato di 9 varianti di domande per creare valutazioni e quiz personalizzati. Offre la descrizione dettagliata, il livello di difficolt\u00e0 utilizzando diversi stili di formattazione delle domande create. Usa immagini, fornisci equazioni matematiche complesse, supporto multilingue, ecc&#8230;<\/span><\/span><\/li>\n<li>Gestione candidati:<span class=\"JLqJ4b\" data-language-for-alternatives=\"it\" data-language-to-translate-into=\"en\" data-phrase-index=\"1\"> <span class=\"JLqJ4b ChMk0b\" data-language-for-alternatives=\"it\" data-language-to-translate-into=\"en\" data-phrase-index=\"2\">aggiungi e importa candidati, raggruppa aspiranti simili, assegna facilmente i test ai candidati per avere una traccia coerente e monitorare le prestazioni del candidato<\/span><\/span><\/li>\n<li>Creazione di test: i<span class=\"JLqJ4b\" data-language-for-alternatives=\"it\" data-language-to-translate-into=\"en\" data-phrase-index=\"1\"><span class=\"JLqJ4b ChMk0b\" data-language-for-alternatives=\"it\" data-language-to-translate-into=\"en\" data-phrase-index=\"2\">mpostazioni di test a valore aggiunto e opzioni di assegnazione multipla. Strumenti di protezione anti-cheat insieme a una personalizzazione per la creazione di test ibridi e quiz<\/span><\/span><\/li>\n<li>Sistema di segnalazione ottimale:<span class=\"JLqJ4b\" data-language-for-alternatives=\"it\" data-language-to-translate-into=\"en\" data-phrase-index=\"1\">\u00a0s<span class=\"JLqJ4b ChMk0b\" data-language-for-alternatives=\"it\" data-language-to-translate-into=\"en\" data-phrase-index=\"2\">trumenti avanzati di valutazione e analisi che offrono una chiarezza dettagliata sui voti ottenuti in ciascuna materia, sezione, test e altro. Ci\u00f2 fornir\u00e0 una visione approfondita delle scorecard e delle prestazioni dei candidati associati<\/span><\/span><\/li>\n<li>Sicurezza:<span class=\"JLqJ4b\" data-language-for-alternatives=\"it\" data-language-to-translate-into=\"en\" data-phrase-index=\"1\">\u00a0f<span class=\"JLqJ4b ChMk0b\" data-language-for-alternatives=\"it\" data-language-to-translate-into=\"en\" data-phrase-index=\"2\">lusso di contenuti altamente protetto su questo software d&#8217;esame. Gateway di pagamento multiplo protetti con canali di notifica attivati. Certificati SSL personalizzati con funzionalit\u00e0 IP affidabili e testate<\/span><\/span><\/li>\n<li class=\"halfwidthhdng halfwidthhdngmain\">App mobile:<span class=\"JLqJ4b\" data-language-for-alternatives=\"it\" data-language-to-translate-into=\"en\" data-phrase-index=\"1\">\u00a0p<span class=\"JLqJ4b ChMk0b\" data-language-for-alternatives=\"it\" data-language-to-translate-into=\"en\" data-phrase-index=\"2\">iattaforme Android e iOS speciali che garantiscono prestazioni splendide e supporto sincronizzato per i tuoi dispositivi smartphone.<\/span><\/span><\/li>\n<\/ul>\n<h4>LE RECENSIONI DEGLI UTENTI<\/h4>\n<h4 class=\"font-weight-bold mb-1 d-flex align-items-center\">Rakesh V.&#8221;Usiamo questo prodotto per testare oltre 10.000 studenti contemporaneamente. Funziona senza problemi&#8221;<\/h4>\n<p><strong>Commenti: <\/strong>Facile implementazione dei test in tutto il paese<\/p>\n<p><strong>Vantaggi: <\/strong>Scalabile in quanto basato su cloud.\u00a0Sicuro.\u00a0Facile da implementare.\u00a0Prodotto con etichetta bianca.\u00a0Risultati basati su API<br \/>\nrapida inversione di tendenza del team di assistenza clienti<\/p>\n<h4 class=\"font-weight-bold mb-1 d-flex align-items-center\">Jayadev V.&#8221;Caratteristiche estremamente utili, estremamente facili da usare, estremamente buone&#8221;<\/h4>\n<p><strong>Commenti: <\/strong>Volevo ottenere una valutazione professionale dopo il mio programma di formazione. Senza spendere molto tempo, ho trovato questo software.<\/p>\n<p><strong>Vantaggi: <\/strong>Ci sono voluti meno di 20 minuti per esplorare il software e impostare le domande e passare attraverso l&#8217;intero ciclo di creazione del candidato, creazione di domande, invio al candidato, candidato che appare nel test, visualizzazione dei risultati ecc. Ecc. Cos\u00ec buono nelle funzionalit\u00e0, cos\u00ec semplice da usare , punto a punto. grazie alla squadra.<\/p>\n<h4 class=\"font-weight-bold mb-1 d-flex align-items-center\">Ishika G.&#8221;Ottimo sistema, interfaccia facile da usare e altamente interattiva&#8221;<\/h4>\n<p><strong>Vantaggi: <\/strong>Il sistema \u00e8 molto semplice da usare con un flusso di informazioni traslazionali. Puoi creare e assegnare test all&#8217;interno di una frazione. Software degno.<\/p>\n<p><strong>Inconvenienti: <\/strong>Nessun tale svantaggio. Suggerirei di aggiornare questa versione con funzionalit\u00e0 nuove e avanzate. Anche nel sistema le risposte sulle valutazioni online possono essere solo giuste o sbagliate.<\/p>\n","protected":false},"excerpt":{"rendered":"<p>Think Exam \u00e8 una piattaforma di esami online che consente ad aziende, istituti scolastici e organizzazioni governative di creare e condurre valutazioni per candidati e studenti. Gli utenti possono creare test definendo il nome, lo schema di valutazione, il limite di tempo o le linee guida per l&#8217;esame, visualizzare in anteprima i modelli finiti prima della selezione finale e includere strumenti aggiuntivi come display del timer o calcolatrici.\u00a0<\/p>\n","protected":false},"author":19,"featured_media":35219,"parent":34687,"menu_order":0,"comment_status":"open","ping_status":"closed","template":"g1_template_page_review_new.php","meta":{"_acf_changed":false,"cwp_meta_box_check":"Yes","cwp_rev_product_name":"","cwp_rev_product_image":"","wppr_links":[],"cwp_rev_price":"","wppr_options":[],"wppr_pros":[],"wppr_cons":[],"_monsterinsights_skip_tracking":false,"_monsterinsights_sitenote_active":false,"_monsterinsights_sitenote_note":"","_monsterinsights_sitenote_category":0,"footnotes":""},"categories":[4660],"tags":[396,4691,4661,4664,4663,4688,4782],"features":[],"class_list":{"0":"post-35143","1":"page","2":"type-page","3":"status-publish","4":"has-post-thumbnail","6":"category-piattaforme-di-esami-online","7":"tag-cloud","8":"tag-exam-software","9":"tag-piattaforma-esami-online","10":"tag-programma-esami-online","11":"tag-software-esami-online","12":"tag-soluzione-esami-online","13":"tag-think-exam"},"wppr_data":{"cwp_meta_box_check":"Yes","cwp_rev_product_name":"","cwp_rev_product_image":"","cwp_image_link":"image","cwp_rev_price":"","wppr_rating":"0.00"},"acf":[],"yoast_head":"<!-- This site is optimized with the Yoast SEO plugin v27.4 - https:\/\/yoast.com\/product\/yoast-seo-wordpress\/ -->\n<title>Think Exam: recensione software esami online - Accurate Reviews<\/title>\n<meta name=\"description\" content=\"Think Exam: recensione software di esami online che consente di creare e condurre valutazioni per candidati e studenti.\" \/>\n<meta name=\"robots\" content=\"index, follow, max-snippet:-1, max-image-preview:large, max-video-preview:-1\" \/>\n<link rel=\"canonical\" href=\"https:\/\/www.accuratereviews.com\/it\/piattaforme-esami-online-lista\/think-exam-recensione\/\" \/>\n<meta property=\"og:locale\" content=\"it_IT\" \/>\n<meta property=\"og:type\" content=\"article\" \/>\n<meta property=\"og:title\" content=\"Think Exam: recensione software esami online - Accurate Reviews\" \/>\n<meta property=\"og:description\" content=\"Think Exam: recensione software di esami online che consente di creare e condurre valutazioni per candidati e studenti.\" \/>\n<meta property=\"og:url\" content=\"https:\/\/www.accuratereviews.com\/it\/piattaforme-esami-online-lista\/think-exam-recensione\/\" \/>\n<meta property=\"og:site_name\" content=\"Accurate Reviews\" \/>\n<meta property=\"article:modified_time\" content=\"2021-01-25T15:38:01+00:00\" \/>\n<meta property=\"og:image\" content=\"https:\/\/www.accuratereviews.com\/wp-content\/uploads\/2021\/01\/think-exam.png\" \/>\n\t<meta property=\"og:image:width\" content=\"400\" \/>\n\t<meta property=\"og:image:height\" content=\"400\" \/>\n\t<meta property=\"og:image:type\" content=\"image\/png\" \/>\n<meta name=\"twitter:card\" content=\"summary_large_image\" \/>\n<meta name=\"twitter:label1\" content=\"Tempo di lettura stimato\" \/>\n\t<meta name=\"twitter:data1\" content=\"3 minuti\" \/>\n<script type=\"application\/ld+json\" class=\"yoast-schema-graph\">{\"@context\":\"https:\\\/\\\/schema.org\",\"@graph\":[{\"@type\":\"WebPage\",\"@id\":\"https:\\\/\\\/www.accuratereviews.com\\\/it\\\/piattaforme-esami-online-lista\\\/think-exam-recensione\\\/\",\"url\":\"https:\\\/\\\/www.accuratereviews.com\\\/it\\\/piattaforme-esami-online-lista\\\/think-exam-recensione\\\/\",\"name\":\"Think Exam: recensione software esami online - Accurate Reviews\",\"isPartOf\":{\"@id\":\"https:\\\/\\\/www.accuratereviews.com\\\/it\\\/#website\"},\"primaryImageOfPage\":{\"@id\":\"https:\\\/\\\/www.accuratereviews.com\\\/it\\\/piattaforme-esami-online-lista\\\/think-exam-recensione\\\/#primaryimage\"},\"image\":{\"@id\":\"https:\\\/\\\/www.accuratereviews.com\\\/it\\\/piattaforme-esami-online-lista\\\/think-exam-recensione\\\/#primaryimage\"},\"thumbnailUrl\":\"https:\\\/\\\/www.accuratereviews.com\\\/wp-content\\\/uploads\\\/2021\\\/01\\\/think-exam.png\",\"datePublished\":\"2021-01-13T12:48:50+00:00\",\"dateModified\":\"2021-01-25T15:38:01+00:00\",\"description\":\"Think Exam: recensione software di esami online che consente di creare e condurre valutazioni per candidati e studenti.\",\"breadcrumb\":{\"@id\":\"https:\\\/\\\/www.accuratereviews.com\\\/it\\\/piattaforme-esami-online-lista\\\/think-exam-recensione\\\/#breadcrumb\"},\"inLanguage\":\"it-IT\",\"potentialAction\":[{\"@type\":\"ReadAction\",\"target\":[\"https:\\\/\\\/www.accuratereviews.com\\\/it\\\/piattaforme-esami-online-lista\\\/think-exam-recensione\\\/\"]}]},{\"@type\":\"ImageObject\",\"inLanguage\":\"it-IT\",\"@id\":\"https:\\\/\\\/www.accuratereviews.com\\\/it\\\/piattaforme-esami-online-lista\\\/think-exam-recensione\\\/#primaryimage\",\"url\":\"https:\\\/\\\/www.accuratereviews.com\\\/wp-content\\\/uploads\\\/2021\\\/01\\\/think-exam.png\",\"contentUrl\":\"https:\\\/\\\/www.accuratereviews.com\\\/wp-content\\\/uploads\\\/2021\\\/01\\\/think-exam.png\",\"width\":400,\"height\":400},{\"@type\":\"BreadcrumbList\",\"@id\":\"https:\\\/\\\/www.accuratereviews.com\\\/it\\\/piattaforme-esami-online-lista\\\/think-exam-recensione\\\/#breadcrumb\",\"itemListElement\":[{\"@type\":\"ListItem\",\"position\":1,\"name\":\"Home\",\"item\":\"https:\\\/\\\/www.accuratereviews.com\\\/it\\\/\"},{\"@type\":\"ListItem\",\"position\":2,\"name\":\"Piattaforme di esami online\",\"item\":\"https:\\\/\\\/www.accuratereviews.com\\\/it\\\/piattaforme-esami-online-lista\\\/\"},{\"@type\":\"ListItem\",\"position\":3,\"name\":\"Think Exam\"}]},{\"@type\":\"WebSite\",\"@id\":\"https:\\\/\\\/www.accuratereviews.com\\\/it\\\/#website\",\"url\":\"https:\\\/\\\/www.accuratereviews.com\\\/it\\\/\",\"name\":\"Accurate Reviews\",\"description\":\"\",\"potentialAction\":[{\"@type\":\"SearchAction\",\"target\":{\"@type\":\"EntryPoint\",\"urlTemplate\":\"https:\\\/\\\/www.accuratereviews.com\\\/it\\\/?s={search_term_string}\"},\"query-input\":{\"@type\":\"PropertyValueSpecification\",\"valueRequired\":true,\"valueName\":\"search_term_string\"}}],\"inLanguage\":\"it-IT\"}]}<\/script>\n<!-- \/ Yoast SEO plugin. -->","yoast_head_json":{"title":"Think Exam: recensione software esami online - Accurate Reviews","description":"Think Exam: recensione software di esami online che consente di creare e condurre valutazioni per candidati e studenti.","robots":{"index":"index","follow":"follow","max-snippet":"max-snippet:-1","max-image-preview":"max-image-preview:large","max-video-preview":"max-video-preview:-1"},"canonical":"https:\/\/www.accuratereviews.com\/it\/piattaforme-esami-online-lista\/think-exam-recensione\/","og_locale":"it_IT","og_type":"article","og_title":"Think Exam: recensione software esami online - Accurate Reviews","og_description":"Think Exam: recensione software di esami online che consente di creare e condurre valutazioni per candidati e studenti.","og_url":"https:\/\/www.accuratereviews.com\/it\/piattaforme-esami-online-lista\/think-exam-recensione\/","og_site_name":"Accurate Reviews","article_modified_time":"2021-01-25T15:38:01+00:00","og_image":[{"width":400,"height":400,"url":"https:\/\/www.accuratereviews.com\/wp-content\/uploads\/2021\/01\/think-exam.png","type":"image\/png"}],"twitter_card":"summary_large_image","twitter_misc":{"Tempo di lettura stimato":"3 minuti"},"schema":{"@context":"https:\/\/schema.org","@graph":[{"@type":"WebPage","@id":"https:\/\/www.accuratereviews.com\/it\/piattaforme-esami-online-lista\/think-exam-recensione\/","url":"https:\/\/www.accuratereviews.com\/it\/piattaforme-esami-online-lista\/think-exam-recensione\/","name":"Think Exam: recensione software esami online - Accurate Reviews","isPartOf":{"@id":"https:\/\/www.accuratereviews.com\/it\/#website"},"primaryImageOfPage":{"@id":"https:\/\/www.accuratereviews.com\/it\/piattaforme-esami-online-lista\/think-exam-recensione\/#primaryimage"},"image":{"@id":"https:\/\/www.accuratereviews.com\/it\/piattaforme-esami-online-lista\/think-exam-recensione\/#primaryimage"},"thumbnailUrl":"https:\/\/www.accuratereviews.com\/wp-content\/uploads\/2021\/01\/think-exam.png","datePublished":"2021-01-13T12:48:50+00:00","dateModified":"2021-01-25T15:38:01+00:00","description":"Think Exam: recensione software di esami online che consente di creare e condurre valutazioni per candidati e studenti.","breadcrumb":{"@id":"https:\/\/www.accuratereviews.com\/it\/piattaforme-esami-online-lista\/think-exam-recensione\/#breadcrumb"},"inLanguage":"it-IT","potentialAction":[{"@type":"ReadAction","target":["https:\/\/www.accuratereviews.com\/it\/piattaforme-esami-online-lista\/think-exam-recensione\/"]}]},{"@type":"ImageObject","inLanguage":"it-IT","@id":"https:\/\/www.accuratereviews.com\/it\/piattaforme-esami-online-lista\/think-exam-recensione\/#primaryimage","url":"https:\/\/www.accuratereviews.com\/wp-content\/uploads\/2021\/01\/think-exam.png","contentUrl":"https:\/\/www.accuratereviews.com\/wp-content\/uploads\/2021\/01\/think-exam.png","width":400,"height":400},{"@type":"BreadcrumbList","@id":"https:\/\/www.accuratereviews.com\/it\/piattaforme-esami-online-lista\/think-exam-recensione\/#breadcrumb","itemListElement":[{"@type":"ListItem","position":1,"name":"Home","item":"https:\/\/www.accuratereviews.com\/it\/"},{"@type":"ListItem","position":2,"name":"Piattaforme di esami online","item":"https:\/\/www.accuratereviews.com\/it\/piattaforme-esami-online-lista\/"},{"@type":"ListItem","position":3,"name":"Think Exam"}]},{"@type":"WebSite","@id":"https:\/\/www.accuratereviews.com\/it\/#website","url":"https:\/\/www.accuratereviews.com\/it\/","name":"Accurate Reviews","description":"","potentialAction":[{"@type":"SearchAction","target":{"@type":"EntryPoint","urlTemplate":"https:\/\/www.accuratereviews.com\/it\/?s={search_term_string}"},"query-input":{"@type":"PropertyValueSpecification","valueRequired":true,"valueName":"search_term_string"}}],"inLanguage":"it-IT"}]}},"_links":{"self":[{"href":"https:\/\/www.accuratereviews.com\/it\/wp-json\/wp\/v2\/pages\/35143","targetHints":{"allow":["GET"]}}],"collection":[{"href":"https:\/\/www.accuratereviews.com\/it\/wp-json\/wp\/v2\/pages"}],"about":[{"href":"https:\/\/www.accuratereviews.com\/it\/wp-json\/wp\/v2\/types\/page"}],"author":[{"embeddable":true,"href":"https:\/\/www.accuratereviews.com\/it\/wp-json\/wp\/v2\/users\/19"}],"replies":[{"embeddable":true,"href":"https:\/\/www.accuratereviews.com\/it\/wp-json\/wp\/v2\/comments?post=35143"}],"version-history":[{"count":14,"href":"https:\/\/www.accuratereviews.com\/it\/wp-json\/wp\/v2\/pages\/35143\/revisions"}],"predecessor-version":[{"id":35941,"href":"https:\/\/www.accuratereviews.com\/it\/wp-json\/wp\/v2\/pages\/35143\/revisions\/35941"}],"up":[{"embeddable":true,"href":"https:\/\/www.accuratereviews.com\/it\/wp-json\/wp\/v2\/pages\/34687"}],"wp:featuredmedia":[{"embeddable":true,"href":"https:\/\/www.accuratereviews.com\/it\/wp-json\/wp\/v2\/media\/35219"}],"wp:attachment":[{"href":"https:\/\/www.accuratereviews.com\/it\/wp-json\/wp\/v2\/media?parent=35143"}],"wp:term":[{"taxonomy":"category","embeddable":true,"href":"https:\/\/www.accuratereviews.com\/it\/wp-json\/wp\/v2\/categories?post=35143"},{"taxonomy":"post_tag","embeddable":true,"href":"https:\/\/www.accuratereviews.com\/it\/wp-json\/wp\/v2\/tags?post=35143"},{"taxonomy":"features","embeddable":true,"href":"https:\/\/www.accuratereviews.com\/it\/wp-json\/wp\/v2\/features?post=35143"}],"curies":[{"name":"wp","href":"https:\/\/api.w.org\/{rel}","templated":true}]}}