{"id":35146,"date":"2021-01-12T13:01:35","date_gmt":"2021-01-12T13:01:35","guid":{"rendered":"https:\/\/www.accuratereviews.com\/?page_id=35146"},"modified":"2021-01-25T14:17:20","modified_gmt":"2021-01-25T14:17:20","slug":"examination-online-recensione","status":"publish","type":"page","link":"https:\/\/www.accuratereviews.com\/it\/piattaforme-esami-online-lista\/examination-online-recensione\/","title":{"rendered":"Examination Online"},"content":{"rendered":"<p><b>ExaminationOnline<\/b><span style=\"font-weight: 400;\"> \u00e8 una <strong>soluzione completa di apprendimento online<\/strong> che consente alle aziende e alle organizzazioni che prediligono la didattica online, di<strong> creare esami, quiz e valutazioni<\/strong> in modo semplice e veloce. Si tratta infatti di una piattaforma dall\u2019interfaccia utente intuitiva e personalizzabile in cui si pu\u00f2 scegliere il design e aggiungere funzioni, immagini, contenuti cos\u00ec che possa andare incontro alle esigenze di tutti.<br \/>\n<\/span>Offre supporto sia online che offline 24 ore su 24, 7 giorni su 7 cos\u00ec da poterli contattare per qualsiasi problema.<br \/>\nUn altro vantaggio che potrebbe farti scegliere questo software \u00e8 di poterlo usare ovunque ti trovi anche dal tuo tablet o smartphone, accedendo a tutte le informazioni salvate accuratamente sul <strong>cloud<\/strong>.<\/p>\n<h2>EXAMINATION ONLINE &#8211; IMMAGINE<\/h2>\n<p>Ecco un esempio di personalizzazione di questo <strong>programma di esami online<\/strong>:<\/p>\n<p><a href=\"https:\/\/www.accuratereviews.com\/wp-content\/uploads\/2021\/01\/cs-img1.jpg\"><img loading=\"lazy\" decoding=\"async\" class=\"aligncenter wp-image-35159 size-full\" src=\"https:\/\/www.accuratereviews.com\/wp-content\/uploads\/2021\/01\/cs-img1.jpg\" alt=\"\" width=\"886\" height=\"554\" srcset=\"https:\/\/www.accuratereviews.com\/wp-content\/uploads\/2021\/01\/cs-img1.jpg 886w, https:\/\/www.accuratereviews.com\/wp-content\/uploads\/2021\/01\/cs-img1-300x188.jpg 300w, https:\/\/www.accuratereviews.com\/wp-content\/uploads\/2021\/01\/cs-img1-768x480.jpg 768w, https:\/\/www.accuratereviews.com\/wp-content\/uploads\/2021\/01\/cs-img1-200x125.jpg 200w, https:\/\/www.accuratereviews.com\/wp-content\/uploads\/2021\/01\/cs-img1-50x31.jpg 50w, https:\/\/www.accuratereviews.com\/wp-content\/uploads\/2021\/01\/cs-img1-636x398.jpg 636w, https:\/\/www.accuratereviews.com\/wp-content\/uploads\/2021\/01\/cs-img1-320x200.jpg 320w, https:\/\/www.accuratereviews.com\/wp-content\/uploads\/2021\/01\/cs-img1-239x149.jpg 239w\" sizes=\"auto, (max-width: 886px) 100vw, 886px\" \/><\/a><\/p>\n<h3>EXAMINATION ONLINE &#8211; CARATTERISTICHE<\/h3>\n<ul>\n<li style=\"font-weight: 400;\" aria-level=\"1\"><span style=\"font-weight: 400;\">Preparazione per esami<\/span><\/li>\n<li style=\"font-weight: 400;\" aria-level=\"1\"><span style=\"font-weight: 400;\">Lezioni video\u00a0<\/span><\/li>\n<li style=\"font-weight: 400;\" aria-level=\"1\"><span style=\"font-weight: 400;\">Test<\/span><\/li>\n<li style=\"font-weight: 400;\" aria-level=\"1\"><span style=\"font-weight: 400;\">Formazione aziendale\u00a0<\/span><\/li>\n<li style=\"font-weight: 400;\" aria-level=\"1\"><span style=\"font-weight: 400;\">Certificazioni\u00a0<\/span><\/li>\n<li style=\"font-weight: 400;\" aria-level=\"1\"><span style=\"font-weight: 400;\">Valutazioni delle abilit\u00e0\u00a0<\/span><\/li>\n<li style=\"font-weight: 400;\" aria-level=\"1\"><span style=\"font-weight: 400;\">App sondaggio<\/span><\/li>\n<li style=\"font-weight: 400;\" aria-level=\"1\"><span style=\"font-weight: 400;\">Soluzione di valutazione dei dipendenti\u00a0<\/span><\/li>\n<li style=\"font-weight: 400;\" aria-level=\"1\"><span style=\"font-weight: 400;\">App mobile per la valutazione elettronica<\/span><\/li>\n<\/ul>\n<h4>LE RECENSIONI DEGLI UTENTI<\/h4>\n<p><strong>&#8220;Centro di test online&#8221;<br \/>\n<\/strong>IN GENERALE: utilizziamo il centro di test online da giugno 2015. Nel complesso il sistema funziona abbastanza bene, abbiamo avuto alcuni clienti che si sono lamentati del timeout del sistema e confondono le domande fuori ordine. Abbiamo anche avuto alcuni problemi minori con date errate sulle trascrizioni, gli utenti Mac su Safari si sono lamentati del sistema non funzionante ma credo che i programmatori abbiano risolto il problema dato che non abbiamo pi\u00f9 avuto reclami di recente. Assegno cinque stelle al team del servizio clienti perch\u00e9 ogni volta che abbiamo un problema con il sistema, Abhinay risponde tempestivamente e in genere risolve il problema. Nel complesso, consiglierei questa compagnia.<\/p>\n<p><strong>&#8220;Ottima piattaforma per esami online. Semplice, ma potente&#8221; <\/strong><br \/>\nIN GENERALE: La piattaforma ci ha permesso di gestire facilmente i nostri test online con report molto utili sia per i docenti che per gli studenti. Agli studenti \u00e8 piaciuta la moderna interfaccia utente e la possibilit\u00e0 di sostenere nuovamente gli esami. Questo ci ha fatto risparmiare molto tempo avendo un posto dove gli studenti potevano rispondere alle domande e ottenere feedback immediatamente utilizzabili. Sono fiducioso che l&#8217;esame online possa migliorare le capacit\u00e0 degli studenti di testare e rendere gli insegnanti pi\u00f9 produttivi. Consiglio vivamente a chiunque cerchi una piattaforma online di esame pronta all&#8217;uso o personalizzata. I creatori del prodotto sanno esattamente cosa stanno facendo e forniranno il meglio.<\/p>\n<p><strong>&#8220;Ottimo programma personalizzato che si adatta alle nostre esigenze&#8221;<br \/>\n<\/strong>IN GENERALE: mi piace molto quello che ha fatto per la nostra attivit\u00e0. Stavamo cercando un programma molto personalizzato che potessimo continuare a cambiare e adattare mentre andavamo. \u00c8 passato poco pi\u00f9 di un anno e siamo rimasti molto soddisfatti dei risultati! A volte pu\u00f2 essere un po&#8217; difficile, ma \u00e8 per lo pi\u00f9 una cosa nostra per ci\u00f2 che abbiamo voluto implementare, cambiare e quanto siano complessi questi cambiamenti. Anche se siamo sempre in fase di aggiornamento, ha sempre avuto un servizio clienti di qualit\u00e0 superiore. Vijay e il resto del team sono stati estremamente pazienti con noi e lo apprezzo pi\u00f9 di ogni altra cosa. Secondo me, se non hai un servizio clienti di qualit\u00e0 non puoi far funzionare questo tipo di prodotto\/programma, e sicuramente hanno un servizio clienti eccezionale!<\/p>\n","protected":false},"excerpt":{"rendered":"<p>ExaminationOnline \u00e8 una soluzione completa di apprendimento online che consente alle aziende e alle organizzazioni che prediligono la didattica online, di creare esami, quiz e valutazioni in modo semplice e veloce. Si tratta infatti di una piattaforma dall\u2019interfaccia utente intuitiva e personalizzabile in cui si pu\u00f2 scegliere il design e aggiungere funzioni, immagini, contenuti cos\u00ec che possa andare incontro alle esigenze di tutti.\u00a0<\/p>\n","protected":false},"author":17,"featured_media":35151,"parent":34687,"menu_order":0,"comment_status":"open","ping_status":"closed","template":"g1_template_page_review_new.php","meta":{"_acf_changed":false,"cwp_meta_box_check":"No","cwp_rev_product_name":"","cwp_rev_product_image":"","wppr_links":[],"cwp_rev_price":"","wppr_options":[],"wppr_pros":[],"wppr_cons":[],"_monsterinsights_skip_tracking":false,"_monsterinsights_sitenote_active":false,"_monsterinsights_sitenote_note":"","_monsterinsights_sitenote_category":0,"footnotes":""},"categories":[4660],"tags":[4729,4692,4662,4726,4666,4661],"features":[],"class_list":{"0":"post-35146","1":"page","2":"type-page","3":"status-publish","4":"has-post-thumbnail","6":"category-piattaforme-di-esami-online","7":"tag-creazione-test-online","8":"tag-didattica-online","9":"tag-esami-online","10":"tag-gestionale-esami-online","11":"tag-istruzione-online","12":"tag-piattaforma-esami-online"},"wppr_data":{"cwp_meta_box_check":"No"},"acf":[],"yoast_head":"<!-- This site is optimized with the Yoast SEO plugin v27.4 - https:\/\/yoast.com\/product\/yoast-seo-wordpress\/ -->\n<title>Examination Online: piattaforma esami recensione - Accurate Reviews<\/title>\n<meta name=\"description\" content=\"ExaminationOnline: recensione della piattaforma per esami online che consente di creare esami, quiz e valutazioni in modo semplice e veloce.\" \/>\n<meta name=\"robots\" content=\"index, follow, max-snippet:-1, max-image-preview:large, max-video-preview:-1\" \/>\n<link rel=\"canonical\" href=\"https:\/\/www.accuratereviews.com\/it\/piattaforme-esami-online-lista\/examination-online-recensione\/\" \/>\n<meta property=\"og:locale\" content=\"it_IT\" \/>\n<meta property=\"og:type\" content=\"article\" \/>\n<meta property=\"og:title\" content=\"Examination Online: piattaforma esami recensione - Accurate Reviews\" \/>\n<meta property=\"og:description\" content=\"ExaminationOnline: recensione della piattaforma per esami online che consente di creare esami, quiz e valutazioni in modo semplice e veloce.\" \/>\n<meta property=\"og:url\" content=\"https:\/\/www.accuratereviews.com\/it\/piattaforme-esami-online-lista\/examination-online-recensione\/\" \/>\n<meta property=\"og:site_name\" content=\"Accurate Reviews\" \/>\n<meta property=\"article:modified_time\" content=\"2021-01-25T14:17:20+00:00\" \/>\n<meta property=\"og:image\" content=\"https:\/\/www.accuratereviews.com\/wp-content\/uploads\/2021\/01\/Schermata-2021-01-12-alle-12.35.56-1.png\" \/>\n\t<meta property=\"og:image:width\" content=\"1023\" \/>\n\t<meta property=\"og:image:height\" content=\"200\" \/>\n\t<meta property=\"og:image:type\" content=\"image\/png\" \/>\n<meta name=\"twitter:card\" content=\"summary_large_image\" \/>\n<meta name=\"twitter:label1\" content=\"Tempo di lettura stimato\" \/>\n\t<meta name=\"twitter:data1\" content=\"3 minuti\" \/>\n<script type=\"application\/ld+json\" class=\"yoast-schema-graph\">{\"@context\":\"https:\\\/\\\/schema.org\",\"@graph\":[{\"@type\":\"WebPage\",\"@id\":\"https:\\\/\\\/www.accuratereviews.com\\\/it\\\/piattaforme-esami-online-lista\\\/examination-online-recensione\\\/\",\"url\":\"https:\\\/\\\/www.accuratereviews.com\\\/it\\\/piattaforme-esami-online-lista\\\/examination-online-recensione\\\/\",\"name\":\"Examination Online: piattaforma esami recensione - Accurate Reviews\",\"isPartOf\":{\"@id\":\"https:\\\/\\\/www.accuratereviews.com\\\/it\\\/#website\"},\"primaryImageOfPage\":{\"@id\":\"https:\\\/\\\/www.accuratereviews.com\\\/it\\\/piattaforme-esami-online-lista\\\/examination-online-recensione\\\/#primaryimage\"},\"image\":{\"@id\":\"https:\\\/\\\/www.accuratereviews.com\\\/it\\\/piattaforme-esami-online-lista\\\/examination-online-recensione\\\/#primaryimage\"},\"thumbnailUrl\":\"https:\\\/\\\/www.accuratereviews.com\\\/wp-content\\\/uploads\\\/2021\\\/01\\\/Schermata-2021-01-12-alle-12.35.56-1.png\",\"datePublished\":\"2021-01-12T13:01:35+00:00\",\"dateModified\":\"2021-01-25T14:17:20+00:00\",\"description\":\"ExaminationOnline: recensione della piattaforma per esami online che consente di creare esami, quiz e valutazioni in modo semplice e veloce.\",\"breadcrumb\":{\"@id\":\"https:\\\/\\\/www.accuratereviews.com\\\/it\\\/piattaforme-esami-online-lista\\\/examination-online-recensione\\\/#breadcrumb\"},\"inLanguage\":\"it-IT\",\"potentialAction\":[{\"@type\":\"ReadAction\",\"target\":[\"https:\\\/\\\/www.accuratereviews.com\\\/it\\\/piattaforme-esami-online-lista\\\/examination-online-recensione\\\/\"]}]},{\"@type\":\"ImageObject\",\"inLanguage\":\"it-IT\",\"@id\":\"https:\\\/\\\/www.accuratereviews.com\\\/it\\\/piattaforme-esami-online-lista\\\/examination-online-recensione\\\/#primaryimage\",\"url\":\"https:\\\/\\\/www.accuratereviews.com\\\/wp-content\\\/uploads\\\/2021\\\/01\\\/Schermata-2021-01-12-alle-12.35.56-1.png\",\"contentUrl\":\"https:\\\/\\\/www.accuratereviews.com\\\/wp-content\\\/uploads\\\/2021\\\/01\\\/Schermata-2021-01-12-alle-12.35.56-1.png\",\"width\":1023,\"height\":200},{\"@type\":\"BreadcrumbList\",\"@id\":\"https:\\\/\\\/www.accuratereviews.com\\\/it\\\/piattaforme-esami-online-lista\\\/examination-online-recensione\\\/#breadcrumb\",\"itemListElement\":[{\"@type\":\"ListItem\",\"position\":1,\"name\":\"Home\",\"item\":\"https:\\\/\\\/www.accuratereviews.com\\\/it\\\/\"},{\"@type\":\"ListItem\",\"position\":2,\"name\":\"Piattaforme di esami online\",\"item\":\"https:\\\/\\\/www.accuratereviews.com\\\/it\\\/piattaforme-esami-online-lista\\\/\"},{\"@type\":\"ListItem\",\"position\":3,\"name\":\"Examination Online\"}]},{\"@type\":\"WebSite\",\"@id\":\"https:\\\/\\\/www.accuratereviews.com\\\/it\\\/#website\",\"url\":\"https:\\\/\\\/www.accuratereviews.com\\\/it\\\/\",\"name\":\"Accurate Reviews\",\"description\":\"\",\"potentialAction\":[{\"@type\":\"SearchAction\",\"target\":{\"@type\":\"EntryPoint\",\"urlTemplate\":\"https:\\\/\\\/www.accuratereviews.com\\\/it\\\/?s={search_term_string}\"},\"query-input\":{\"@type\":\"PropertyValueSpecification\",\"valueRequired\":true,\"valueName\":\"search_term_string\"}}],\"inLanguage\":\"it-IT\"}]}<\/script>\n<!-- \/ Yoast SEO plugin. -->","yoast_head_json":{"title":"Examination Online: piattaforma esami recensione - Accurate Reviews","description":"ExaminationOnline: recensione della piattaforma per esami online che consente di creare esami, quiz e valutazioni in modo semplice e veloce.","robots":{"index":"index","follow":"follow","max-snippet":"max-snippet:-1","max-image-preview":"max-image-preview:large","max-video-preview":"max-video-preview:-1"},"canonical":"https:\/\/www.accuratereviews.com\/it\/piattaforme-esami-online-lista\/examination-online-recensione\/","og_locale":"it_IT","og_type":"article","og_title":"Examination Online: piattaforma esami recensione - Accurate Reviews","og_description":"ExaminationOnline: recensione della piattaforma per esami online che consente di creare esami, quiz e valutazioni in modo semplice e veloce.","og_url":"https:\/\/www.accuratereviews.com\/it\/piattaforme-esami-online-lista\/examination-online-recensione\/","og_site_name":"Accurate Reviews","article_modified_time":"2021-01-25T14:17:20+00:00","og_image":[{"width":1023,"height":200,"url":"https:\/\/www.accuratereviews.com\/wp-content\/uploads\/2021\/01\/Schermata-2021-01-12-alle-12.35.56-1.png","type":"image\/png"}],"twitter_card":"summary_large_image","twitter_misc":{"Tempo di lettura stimato":"3 minuti"},"schema":{"@context":"https:\/\/schema.org","@graph":[{"@type":"WebPage","@id":"https:\/\/www.accuratereviews.com\/it\/piattaforme-esami-online-lista\/examination-online-recensione\/","url":"https:\/\/www.accuratereviews.com\/it\/piattaforme-esami-online-lista\/examination-online-recensione\/","name":"Examination Online: piattaforma esami recensione - Accurate Reviews","isPartOf":{"@id":"https:\/\/www.accuratereviews.com\/it\/#website"},"primaryImageOfPage":{"@id":"https:\/\/www.accuratereviews.com\/it\/piattaforme-esami-online-lista\/examination-online-recensione\/#primaryimage"},"image":{"@id":"https:\/\/www.accuratereviews.com\/it\/piattaforme-esami-online-lista\/examination-online-recensione\/#primaryimage"},"thumbnailUrl":"https:\/\/www.accuratereviews.com\/wp-content\/uploads\/2021\/01\/Schermata-2021-01-12-alle-12.35.56-1.png","datePublished":"2021-01-12T13:01:35+00:00","dateModified":"2021-01-25T14:17:20+00:00","description":"ExaminationOnline: recensione della piattaforma per esami online che consente di creare esami, quiz e valutazioni in modo semplice e veloce.","breadcrumb":{"@id":"https:\/\/www.accuratereviews.com\/it\/piattaforme-esami-online-lista\/examination-online-recensione\/#breadcrumb"},"inLanguage":"it-IT","potentialAction":[{"@type":"ReadAction","target":["https:\/\/www.accuratereviews.com\/it\/piattaforme-esami-online-lista\/examination-online-recensione\/"]}]},{"@type":"ImageObject","inLanguage":"it-IT","@id":"https:\/\/www.accuratereviews.com\/it\/piattaforme-esami-online-lista\/examination-online-recensione\/#primaryimage","url":"https:\/\/www.accuratereviews.com\/wp-content\/uploads\/2021\/01\/Schermata-2021-01-12-alle-12.35.56-1.png","contentUrl":"https:\/\/www.accuratereviews.com\/wp-content\/uploads\/2021\/01\/Schermata-2021-01-12-alle-12.35.56-1.png","width":1023,"height":200},{"@type":"BreadcrumbList","@id":"https:\/\/www.accuratereviews.com\/it\/piattaforme-esami-online-lista\/examination-online-recensione\/#breadcrumb","itemListElement":[{"@type":"ListItem","position":1,"name":"Home","item":"https:\/\/www.accuratereviews.com\/it\/"},{"@type":"ListItem","position":2,"name":"Piattaforme di esami online","item":"https:\/\/www.accuratereviews.com\/it\/piattaforme-esami-online-lista\/"},{"@type":"ListItem","position":3,"name":"Examination Online"}]},{"@type":"WebSite","@id":"https:\/\/www.accuratereviews.com\/it\/#website","url":"https:\/\/www.accuratereviews.com\/it\/","name":"Accurate Reviews","description":"","potentialAction":[{"@type":"SearchAction","target":{"@type":"EntryPoint","urlTemplate":"https:\/\/www.accuratereviews.com\/it\/?s={search_term_string}"},"query-input":{"@type":"PropertyValueSpecification","valueRequired":true,"valueName":"search_term_string"}}],"inLanguage":"it-IT"}]}},"_links":{"self":[{"href":"https:\/\/www.accuratereviews.com\/it\/wp-json\/wp\/v2\/pages\/35146","targetHints":{"allow":["GET"]}}],"collection":[{"href":"https:\/\/www.accuratereviews.com\/it\/wp-json\/wp\/v2\/pages"}],"about":[{"href":"https:\/\/www.accuratereviews.com\/it\/wp-json\/wp\/v2\/types\/page"}],"author":[{"embeddable":true,"href":"https:\/\/www.accuratereviews.com\/it\/wp-json\/wp\/v2\/users\/17"}],"replies":[{"embeddable":true,"href":"https:\/\/www.accuratereviews.com\/it\/wp-json\/wp\/v2\/comments?post=35146"}],"version-history":[{"count":4,"href":"https:\/\/www.accuratereviews.com\/it\/wp-json\/wp\/v2\/pages\/35146\/revisions"}],"predecessor-version":[{"id":35893,"href":"https:\/\/www.accuratereviews.com\/it\/wp-json\/wp\/v2\/pages\/35146\/revisions\/35893"}],"up":[{"embeddable":true,"href":"https:\/\/www.accuratereviews.com\/it\/wp-json\/wp\/v2\/pages\/34687"}],"wp:featuredmedia":[{"embeddable":true,"href":"https:\/\/www.accuratereviews.com\/it\/wp-json\/wp\/v2\/media\/35151"}],"wp:attachment":[{"href":"https:\/\/www.accuratereviews.com\/it\/wp-json\/wp\/v2\/media?parent=35146"}],"wp:term":[{"taxonomy":"category","embeddable":true,"href":"https:\/\/www.accuratereviews.com\/it\/wp-json\/wp\/v2\/categories?post=35146"},{"taxonomy":"post_tag","embeddable":true,"href":"https:\/\/www.accuratereviews.com\/it\/wp-json\/wp\/v2\/tags?post=35146"},{"taxonomy":"features","embeddable":true,"href":"https:\/\/www.accuratereviews.com\/it\/wp-json\/wp\/v2\/features?post=35146"}],"curies":[{"name":"wp","href":"https:\/\/api.w.org\/{rel}","templated":true}]}}