{"id":35184,"date":"2021-01-13T09:22:36","date_gmt":"2021-01-13T09:22:36","guid":{"rendered":"https:\/\/www.accuratereviews.com\/?page_id=35184"},"modified":"2021-01-25T14:24:43","modified_gmt":"2021-01-25T14:24:43","slug":"fasttest-recensione","status":"publish","type":"page","link":"https:\/\/www.accuratereviews.com\/it\/piattaforme-esami-online-lista\/fasttest-recensione\/","title":{"rendered":"FastTest"},"content":{"rendered":"<p><b>FastTest<\/b><span style=\"font-weight: 400;\"> \u00e8 una potente <\/span><b>piattaforma di valutazione<\/b><span style=\"font-weight: 400;\">, basata su Cloud, sviluppata per <\/span><b>creare e fornire esami online<\/b><span style=\"font-weight: 400;\"> da qualsiasi luogo. Fornito da <strong>ASC<\/strong>, il principale fornitore mondiale di soluzioni per la psicometria e la valutazione, s<\/span><span style=\"font-weight: 400;\">i rivolge principalmente a istituti scolastici di ogni grado, offrendo oltre <\/span><b>60 tipi di test<\/b><span style=\"font-weight: 400;\">, ma anche al dipartimento di risorse umane, fornendo <\/span><b>test per il pre impiego<\/b><span style=\"font-weight: 400;\"> in modo tale da\u00a0 prendere migliori decisioni di selezione del personale velocizzando il processo di assunzione. Inoltre, questo<\/span><b> software per esami online<\/b><span style=\"font-weight: 400;\">, offre una serie completa di soluzione per la certificazione e per i test delle licenze per PMI e banche dati. <\/span><span style=\"font-weight: 400;\"><br \/>\n<\/span><b>FastTest<\/b><span style=\"font-weight: 400;\"> \u00e8 stato progettato per sviluppare e distribuire i tuoi test pi\u00f9 velocemente e in modo sicuro grazie alle funzionalit\u00e0 di browser bloccato e monitoraggio remoto.\u00a0<\/span><\/p>\n<h2>FASTTEST &#8211; TUTORIAL<\/h2>\n<p>Ecco un video che ci mostrer\u00e0 come funziona questo programma:<\/p>\n<div id=\"fluid-wrapper-counter-1\" class=\"g1-fluid-wrapper \" style=\"width:686px;\">\n<div style=\"padding-bottom:56.268221574344%;\"><iframe loading=\"lazy\" title=\"What is FastTest?  Just the best platform for educational assessment.\" width=\"515\" height=\"386\" src=\"https:\/\/www.youtube.com\/embed\/GDDKpMYUuYk?feature=oembed&amp;wmode=transparent&amp;autohide=1&amp;autoplay=0&amp;disablekb=0&amp;fs=1&amp;loop=0&amp;enablejsapi=1&amp;rel=0&amp;controls=2&amp;showinfo=0&amp;wmode=transparent&amp;autohide=2&amp;autoplay=0&amp;disablekb=0&amp;fs=1&amp;loop=0&amp;enablejsapi=1&amp;rel=0&amp;controls=2&amp;showinfo=1\" frameborder=\"0\" allow=\"accelerometer; autoplay; clipboard-write; encrypted-media; gyroscope; picture-in-picture\" allowfullscreen><\/iframe><\/div>\n<\/div>\n<h3>FASTTEST &#8211; CARATTERISTICHE<\/h3>\n<ul>\n<li style=\"font-weight: 400;\" aria-level=\"1\"><b>Creazione di test online<\/b><span style=\"font-weight: 400;\">: crea esami in modo semplice e veloce grazie alla psicometria avanzata con test adattivi computerizzati (CAT) e teoria della risposta agli oggetti (IRT), riducendo nettamente i tempi e gli sforzi impiegati normalmente\u00a0<\/span><\/li>\n<li style=\"font-weight: 400;\" aria-level=\"1\"><b>Numerosi modelli di test<\/b><span style=\"font-weight: 400;\">: scegli tra dozzine di tipi di esami tecnologicamente avanzati che mantengono gli studenti coinvolti e valutano pi\u00f9 approfonditamente\u00a0<\/span><\/li>\n<li style=\"font-weight: 400;\" aria-level=\"1\"><b>Configurazione<\/b><span style=\"font-weight: 400;\">: personalizza le sezioni del test, i punteggi parziali, i rapporti sui punteggi, i pulsanti\/messaggi, la visibilit\u00e0, i tipi di elementi e altro ancora<\/span><\/li>\n<li style=\"font-weight: 400;\" aria-level=\"1\"><b>Sistema reportistico<\/b><span style=\"font-weight: 400;\">: sfrutta la psicometria automatizzata per valutare e migliorare i tuoi articoli e documentare report statistici<\/span><\/li>\n<li style=\"font-weight: 400;\" aria-level=\"1\"><b>Sicurezza<\/b>: configura la sicurezza con monitoraggio remoto, browser di blocco, finestre temporali, CAT\/LOFT, limiti di indirizzi IP e altro ancora.<\/li>\n<\/ul>\n<h4>LE RECENSIONI DEGLI UTENTI<\/h4>\n<p><strong>&#8220;Grande esperienza&#8221;<br \/>\n<\/strong><span class=\"JLqJ4b\" data-language-for-alternatives=\"it\" data-language-to-translate-into=\"en\" data-phrase-index=\"1\"> <span class=\"JLqJ4b ChMk0b\" data-language-for-alternatives=\"it\" data-language-to-translate-into=\"en\" data-phrase-index=\"2\">PRO: l&#8217;assistenza clienti \u00e8 di gran lunga la migliore che ho incontrato durante la valutazione di diverse opzioni. Inoltre, i diversi report e le opzioni di personalizzazione sono fantastici<br \/>\nCONTRO: davvero niente \u00e8 stato un problema. Attualmente utilizziamo un programma sviluppato internamente che \u00e8 stato personalizzato in base alle nostre esigenze e nulla nell&#8217;ambiente commerciale ha eguagliato.<\/span><\/span><\/p>\n<p><span class=\"JLqJ4b\" data-language-for-alternatives=\"it\" data-language-to-translate-into=\"en\" data-phrase-index=\"1\"><span class=\"JLqJ4b ChMk0b\" data-language-for-alternatives=\"it\" data-language-to-translate-into=\"en\" data-phrase-index=\"2\"><strong> &#8220;Capacit\u00e0 di download rapido&#8221;<\/strong><br \/>\nPRO: mi piace poter scaricare facilmente il software per sostenere gli esami e semplice da usare<br \/>\n<\/span><\/span><span class=\"JLqJ4b\" data-language-for-alternatives=\"it\" data-language-to-translate-into=\"en\" data-phrase-index=\"1\"><span class=\"JLqJ4b ChMk0b\" data-language-for-alternatives=\"it\" data-language-to-translate-into=\"en\" data-phrase-index=\"2\">CONTRO: non c&#8217;\u00e8 nulla che non mi piaccia di FastTest.<\/span><\/span><\/p>\n","protected":false},"excerpt":{"rendered":"<p>FastTest \u00e8 una potente piattaforma di valutazione, basata su Cloud, sviluppata per creare e fornire esami online da qualsiasi luogo. Fornito da ASC, il principale fornitore mondiale di soluzioni per la psicometria e la valutazione, si rivolge principalmente a istituti scolastici di ogni grado, offrendo oltre 60 tipi di test, ma anche al dipartimento di risorse umane, fornendo test per il pre impiego in modo tale da\u00a0 prendere migliori decisioni di selezione del personale velocizzando il processo di assunzione.<\/p>\n","protected":false},"author":17,"featured_media":35186,"parent":34687,"menu_order":0,"comment_status":"open","ping_status":"closed","template":"g1_template_page_review_new.php","meta":{"_acf_changed":false,"cwp_meta_box_check":"No","cwp_rev_product_name":"","cwp_rev_product_image":"","wppr_links":[],"cwp_rev_price":"","wppr_options":[],"wppr_pros":[],"wppr_cons":[],"_monsterinsights_skip_tracking":false,"_monsterinsights_sitenote_active":false,"_monsterinsights_sitenote_note":"","_monsterinsights_sitenote_category":0,"footnotes":""},"categories":[4660],"tags":[396,4689,4662,4726,4497,4661,4663],"features":[],"class_list":{"0":"post-35184","1":"page","2":"type-page","3":"status-publish","4":"has-post-thumbnail","6":"category-piattaforme-di-esami-online","7":"tag-cloud","8":"tag-creazione-test","9":"tag-esami-online","10":"tag-gestionale-esami-online","11":"tag-gestione-risorse-umane","12":"tag-piattaforma-esami-online","13":"tag-software-esami-online"},"wppr_data":{"cwp_meta_box_check":"No"},"acf":[],"yoast_head":"<!-- This site is optimized with the Yoast SEO plugin v27.4 - https:\/\/yoast.com\/product\/yoast-seo-wordpress\/ -->\n<title>FastTest: piattaforma esami online recensione - Accurate Reviews<\/title>\n<meta name=\"description\" content=\"FastTest: recensione della piattaforma di valutazione, basata su Cloud, sviluppata per creare e fornire esami online da qualsiasi luogo.\" \/>\n<meta name=\"robots\" content=\"index, follow, max-snippet:-1, max-image-preview:large, max-video-preview:-1\" \/>\n<link rel=\"canonical\" href=\"https:\/\/www.accuratereviews.com\/it\/piattaforme-esami-online-lista\/fasttest-recensione\/\" \/>\n<meta property=\"og:locale\" content=\"it_IT\" \/>\n<meta property=\"og:type\" content=\"article\" \/>\n<meta property=\"og:title\" content=\"FastTest: piattaforma esami online recensione - Accurate Reviews\" \/>\n<meta property=\"og:description\" content=\"FastTest: recensione della piattaforma di valutazione, basata su Cloud, sviluppata per creare e fornire esami online da qualsiasi luogo.\" \/>\n<meta property=\"og:url\" content=\"https:\/\/www.accuratereviews.com\/it\/piattaforme-esami-online-lista\/fasttest-recensione\/\" \/>\n<meta property=\"og:site_name\" content=\"Accurate Reviews\" \/>\n<meta property=\"article:modified_time\" content=\"2021-01-25T14:24:43+00:00\" \/>\n<meta property=\"og:image\" content=\"https:\/\/www.accuratereviews.com\/wp-content\/uploads\/2021\/01\/300x100xfasttest2020.png.pagespeed.ic_.TiermFO8Jr.png\" \/>\n\t<meta property=\"og:image:width\" content=\"717\" \/>\n\t<meta property=\"og:image:height\" content=\"206\" \/>\n\t<meta property=\"og:image:type\" content=\"image\/png\" \/>\n<meta name=\"twitter:card\" content=\"summary_large_image\" \/>\n<meta name=\"twitter:label1\" content=\"Tempo di lettura stimato\" \/>\n\t<meta name=\"twitter:data1\" content=\"2 minuti\" \/>\n<script type=\"application\/ld+json\" class=\"yoast-schema-graph\">{\"@context\":\"https:\\\/\\\/schema.org\",\"@graph\":[{\"@type\":\"WebPage\",\"@id\":\"https:\\\/\\\/www.accuratereviews.com\\\/it\\\/piattaforme-esami-online-lista\\\/fasttest-recensione\\\/\",\"url\":\"https:\\\/\\\/www.accuratereviews.com\\\/it\\\/piattaforme-esami-online-lista\\\/fasttest-recensione\\\/\",\"name\":\"FastTest: piattaforma esami online recensione - Accurate Reviews\",\"isPartOf\":{\"@id\":\"https:\\\/\\\/www.accuratereviews.com\\\/it\\\/#website\"},\"primaryImageOfPage\":{\"@id\":\"https:\\\/\\\/www.accuratereviews.com\\\/it\\\/piattaforme-esami-online-lista\\\/fasttest-recensione\\\/#primaryimage\"},\"image\":{\"@id\":\"https:\\\/\\\/www.accuratereviews.com\\\/it\\\/piattaforme-esami-online-lista\\\/fasttest-recensione\\\/#primaryimage\"},\"thumbnailUrl\":\"https:\\\/\\\/www.accuratereviews.com\\\/wp-content\\\/uploads\\\/2021\\\/01\\\/300x100xfasttest2020.png.pagespeed.ic_.TiermFO8Jr.png\",\"datePublished\":\"2021-01-13T09:22:36+00:00\",\"dateModified\":\"2021-01-25T14:24:43+00:00\",\"description\":\"FastTest: recensione della piattaforma di valutazione, basata su Cloud, sviluppata per creare e fornire esami online da qualsiasi luogo.\",\"breadcrumb\":{\"@id\":\"https:\\\/\\\/www.accuratereviews.com\\\/it\\\/piattaforme-esami-online-lista\\\/fasttest-recensione\\\/#breadcrumb\"},\"inLanguage\":\"it-IT\",\"potentialAction\":[{\"@type\":\"ReadAction\",\"target\":[\"https:\\\/\\\/www.accuratereviews.com\\\/it\\\/piattaforme-esami-online-lista\\\/fasttest-recensione\\\/\"]}]},{\"@type\":\"ImageObject\",\"inLanguage\":\"it-IT\",\"@id\":\"https:\\\/\\\/www.accuratereviews.com\\\/it\\\/piattaforme-esami-online-lista\\\/fasttest-recensione\\\/#primaryimage\",\"url\":\"https:\\\/\\\/www.accuratereviews.com\\\/wp-content\\\/uploads\\\/2021\\\/01\\\/300x100xfasttest2020.png.pagespeed.ic_.TiermFO8Jr.png\",\"contentUrl\":\"https:\\\/\\\/www.accuratereviews.com\\\/wp-content\\\/uploads\\\/2021\\\/01\\\/300x100xfasttest2020.png.pagespeed.ic_.TiermFO8Jr.png\",\"width\":717,\"height\":206},{\"@type\":\"BreadcrumbList\",\"@id\":\"https:\\\/\\\/www.accuratereviews.com\\\/it\\\/piattaforme-esami-online-lista\\\/fasttest-recensione\\\/#breadcrumb\",\"itemListElement\":[{\"@type\":\"ListItem\",\"position\":1,\"name\":\"Home\",\"item\":\"https:\\\/\\\/www.accuratereviews.com\\\/it\\\/\"},{\"@type\":\"ListItem\",\"position\":2,\"name\":\"Piattaforme di esami online\",\"item\":\"https:\\\/\\\/www.accuratereviews.com\\\/it\\\/piattaforme-esami-online-lista\\\/\"},{\"@type\":\"ListItem\",\"position\":3,\"name\":\"FastTest\"}]},{\"@type\":\"WebSite\",\"@id\":\"https:\\\/\\\/www.accuratereviews.com\\\/it\\\/#website\",\"url\":\"https:\\\/\\\/www.accuratereviews.com\\\/it\\\/\",\"name\":\"Accurate Reviews\",\"description\":\"\",\"potentialAction\":[{\"@type\":\"SearchAction\",\"target\":{\"@type\":\"EntryPoint\",\"urlTemplate\":\"https:\\\/\\\/www.accuratereviews.com\\\/it\\\/?s={search_term_string}\"},\"query-input\":{\"@type\":\"PropertyValueSpecification\",\"valueRequired\":true,\"valueName\":\"search_term_string\"}}],\"inLanguage\":\"it-IT\"}]}<\/script>\n<!-- \/ Yoast SEO plugin. -->","yoast_head_json":{"title":"FastTest: piattaforma esami online recensione - Accurate Reviews","description":"FastTest: recensione della piattaforma di valutazione, basata su Cloud, sviluppata per creare e fornire esami online da qualsiasi luogo.","robots":{"index":"index","follow":"follow","max-snippet":"max-snippet:-1","max-image-preview":"max-image-preview:large","max-video-preview":"max-video-preview:-1"},"canonical":"https:\/\/www.accuratereviews.com\/it\/piattaforme-esami-online-lista\/fasttest-recensione\/","og_locale":"it_IT","og_type":"article","og_title":"FastTest: piattaforma esami online recensione - Accurate Reviews","og_description":"FastTest: recensione della piattaforma di valutazione, basata su Cloud, sviluppata per creare e fornire esami online da qualsiasi luogo.","og_url":"https:\/\/www.accuratereviews.com\/it\/piattaforme-esami-online-lista\/fasttest-recensione\/","og_site_name":"Accurate Reviews","article_modified_time":"2021-01-25T14:24:43+00:00","og_image":[{"width":717,"height":206,"url":"https:\/\/www.accuratereviews.com\/wp-content\/uploads\/2021\/01\/300x100xfasttest2020.png.pagespeed.ic_.TiermFO8Jr.png","type":"image\/png"}],"twitter_card":"summary_large_image","twitter_misc":{"Tempo di lettura stimato":"2 minuti"},"schema":{"@context":"https:\/\/schema.org","@graph":[{"@type":"WebPage","@id":"https:\/\/www.accuratereviews.com\/it\/piattaforme-esami-online-lista\/fasttest-recensione\/","url":"https:\/\/www.accuratereviews.com\/it\/piattaforme-esami-online-lista\/fasttest-recensione\/","name":"FastTest: piattaforma esami online recensione - Accurate Reviews","isPartOf":{"@id":"https:\/\/www.accuratereviews.com\/it\/#website"},"primaryImageOfPage":{"@id":"https:\/\/www.accuratereviews.com\/it\/piattaforme-esami-online-lista\/fasttest-recensione\/#primaryimage"},"image":{"@id":"https:\/\/www.accuratereviews.com\/it\/piattaforme-esami-online-lista\/fasttest-recensione\/#primaryimage"},"thumbnailUrl":"https:\/\/www.accuratereviews.com\/wp-content\/uploads\/2021\/01\/300x100xfasttest2020.png.pagespeed.ic_.TiermFO8Jr.png","datePublished":"2021-01-13T09:22:36+00:00","dateModified":"2021-01-25T14:24:43+00:00","description":"FastTest: recensione della piattaforma di valutazione, basata su Cloud, sviluppata per creare e fornire esami online da qualsiasi luogo.","breadcrumb":{"@id":"https:\/\/www.accuratereviews.com\/it\/piattaforme-esami-online-lista\/fasttest-recensione\/#breadcrumb"},"inLanguage":"it-IT","potentialAction":[{"@type":"ReadAction","target":["https:\/\/www.accuratereviews.com\/it\/piattaforme-esami-online-lista\/fasttest-recensione\/"]}]},{"@type":"ImageObject","inLanguage":"it-IT","@id":"https:\/\/www.accuratereviews.com\/it\/piattaforme-esami-online-lista\/fasttest-recensione\/#primaryimage","url":"https:\/\/www.accuratereviews.com\/wp-content\/uploads\/2021\/01\/300x100xfasttest2020.png.pagespeed.ic_.TiermFO8Jr.png","contentUrl":"https:\/\/www.accuratereviews.com\/wp-content\/uploads\/2021\/01\/300x100xfasttest2020.png.pagespeed.ic_.TiermFO8Jr.png","width":717,"height":206},{"@type":"BreadcrumbList","@id":"https:\/\/www.accuratereviews.com\/it\/piattaforme-esami-online-lista\/fasttest-recensione\/#breadcrumb","itemListElement":[{"@type":"ListItem","position":1,"name":"Home","item":"https:\/\/www.accuratereviews.com\/it\/"},{"@type":"ListItem","position":2,"name":"Piattaforme di esami online","item":"https:\/\/www.accuratereviews.com\/it\/piattaforme-esami-online-lista\/"},{"@type":"ListItem","position":3,"name":"FastTest"}]},{"@type":"WebSite","@id":"https:\/\/www.accuratereviews.com\/it\/#website","url":"https:\/\/www.accuratereviews.com\/it\/","name":"Accurate Reviews","description":"","potentialAction":[{"@type":"SearchAction","target":{"@type":"EntryPoint","urlTemplate":"https:\/\/www.accuratereviews.com\/it\/?s={search_term_string}"},"query-input":{"@type":"PropertyValueSpecification","valueRequired":true,"valueName":"search_term_string"}}],"inLanguage":"it-IT"}]}},"_links":{"self":[{"href":"https:\/\/www.accuratereviews.com\/it\/wp-json\/wp\/v2\/pages\/35184","targetHints":{"allow":["GET"]}}],"collection":[{"href":"https:\/\/www.accuratereviews.com\/it\/wp-json\/wp\/v2\/pages"}],"about":[{"href":"https:\/\/www.accuratereviews.com\/it\/wp-json\/wp\/v2\/types\/page"}],"author":[{"embeddable":true,"href":"https:\/\/www.accuratereviews.com\/it\/wp-json\/wp\/v2\/users\/17"}],"replies":[{"embeddable":true,"href":"https:\/\/www.accuratereviews.com\/it\/wp-json\/wp\/v2\/comments?post=35184"}],"version-history":[{"count":3,"href":"https:\/\/www.accuratereviews.com\/it\/wp-json\/wp\/v2\/pages\/35184\/revisions"}],"predecessor-version":[{"id":35904,"href":"https:\/\/www.accuratereviews.com\/it\/wp-json\/wp\/v2\/pages\/35184\/revisions\/35904"}],"up":[{"embeddable":true,"href":"https:\/\/www.accuratereviews.com\/it\/wp-json\/wp\/v2\/pages\/34687"}],"wp:featuredmedia":[{"embeddable":true,"href":"https:\/\/www.accuratereviews.com\/it\/wp-json\/wp\/v2\/media\/35186"}],"wp:attachment":[{"href":"https:\/\/www.accuratereviews.com\/it\/wp-json\/wp\/v2\/media?parent=35184"}],"wp:term":[{"taxonomy":"category","embeddable":true,"href":"https:\/\/www.accuratereviews.com\/it\/wp-json\/wp\/v2\/categories?post=35184"},{"taxonomy":"post_tag","embeddable":true,"href":"https:\/\/www.accuratereviews.com\/it\/wp-json\/wp\/v2\/tags?post=35184"},{"taxonomy":"features","embeddable":true,"href":"https:\/\/www.accuratereviews.com\/it\/wp-json\/wp\/v2\/features?post=35184"}],"curies":[{"name":"wp","href":"https:\/\/api.w.org\/{rel}","templated":true}]}}