{"id":35193,"date":"2021-01-13T09:20:11","date_gmt":"2021-01-13T09:20:11","guid":{"rendered":"https:\/\/www.accuratereviews.com\/?page_id=35193"},"modified":"2021-01-25T14:05:34","modified_gmt":"2021-01-25T14:05:34","slug":"enetassess-recensione","status":"publish","type":"page","link":"https:\/\/www.accuratereviews.com\/it\/piattaforme-esami-online-lista\/enetassess-recensione\/","title":{"rendered":"eNetAssess"},"content":{"rendered":"<p><b>eNetAssess<\/b><span style=\"font-weight: 400;\"> \u00e8 una soluzione completa di valutazioni, sviluppata da eCom Scotland per aziende e istituti professionali che prediligono la <\/span><b>formazione online<\/b><span style=\"font-weight: 400;\">. Un programma intuitivo e sicuro che ti permette di risparmiare molto tempo data la possibilit\u00e0 di<\/span><b> creare test formativi o sommativi<\/b><span style=\"font-weight: 400;\"> in pochissimo tempo e risparmiando anche in termini di carta e di impatto ambientale. <\/span><span style=\"font-weight: 400;\"><br \/>\n<\/span><span style=\"font-weight: 400;\">Si tratta di un<\/span><b> software di esami online<\/b><span style=\"font-weight: 400;\">, basato su cloud, che permette a chiunque, anche chi non ha alcuna conoscenza tecnica, di creare sondaggi e analisi, ad esempio sulle esigenze di formazione dell\u2019azienda o per valutare quanto studiato dagli studenti durante il corso.\u00a0<\/span><\/p>\n<h2>ENETASSESS &#8211; VIDEO<\/h2>\n<p>Di seguito un video in cui vengono mostrati tutti i moduli di cui si occupa eCom Scotland, tra i quali troviamo anche eNetAccess:<\/p>\n<div id=\"fluid-wrapper-counter-1\" class=\"g1-fluid-wrapper \" style=\"width:686px;\">\n<div style=\"padding-bottom:56.268221574344%;\"><iframe loading=\"lazy\" title=\"Deploying eLearning and eAssessment within Apprenticeship programmes\" width=\"686\" height=\"386\" src=\"https:\/\/www.youtube.com\/embed\/fNXp85h524w?feature=oembed&amp;wmode=transparent&amp;autohide=1&amp;autoplay=0&amp;disablekb=0&amp;fs=1&amp;loop=0&amp;enablejsapi=1&amp;rel=0&amp;controls=2&amp;showinfo=0&amp;wmode=transparent&amp;autohide=2&amp;autoplay=0&amp;disablekb=0&amp;fs=1&amp;loop=0&amp;enablejsapi=1&amp;rel=0&amp;controls=2&amp;showinfo=1\" frameborder=\"0\" allow=\"accelerometer; autoplay; clipboard-write; encrypted-media; gyroscope; picture-in-picture\" allowfullscreen><\/iframe><\/div>\n<\/div>\n<h3>ENETASSESS &#8211; CARATTERISTICHE<\/h3>\n<ul>\n<li style=\"font-weight: 400;\" aria-level=\"1\"><span style=\"font-weight: 400;\">Ampia gamma di tipi di domande: MCQ, MRQ, saggio, case study, rubrica e su misura\u00a0<\/span><\/li>\n<li style=\"font-weight: 400;\" aria-level=\"1\"><span style=\"font-weight: 400;\">Randomizzazione delle domande per candidato e per valutazione\u00a0<\/span><\/li>\n<li style=\"font-weight: 400;\" aria-level=\"1\"><span style=\"font-weight: 400;\">Ampio numero di ruoli supportati tra cui amministratore, autore, sorvegliante (supervisore), valutatore, verificatore e candidato\u00a0<\/span><\/li>\n<li style=\"font-weight: 400;\" aria-level=\"1\"><span style=\"font-weight: 400;\">Suite completa di rapporti per discente, esaminatore e centro di test<\/span><\/li>\n<li style=\"font-weight: 400;\" aria-level=\"1\"><span style=\"font-weight: 400;\">Personalizzazione del marchio e dello stile dell&#8217;azienda<\/span><\/li>\n<li style=\"font-weight: 400;\" aria-level=\"1\"><span style=\"font-weight: 400;\">Opzione USB sicura per la valutazione in luoghi con scarsa connettivit\u00e0\u00a0<\/span><\/li>\n<li style=\"font-weight: 400;\" aria-level=\"1\"><span style=\"font-weight: 400;\">Consegna sicura tramite modalit\u00e0 kiosk eNetSecure, monitoraggio Internet affidabile e riconnessione automatica\u00a0<\/span><\/li>\n<li style=\"font-weight: 400;\" aria-level=\"1\"><span style=\"font-weight: 400;\">Marcatura automatica<\/span><\/li>\n<li style=\"font-weight: 400;\" aria-level=\"1\"><span style=\"font-weight: 400;\">Certificazione tramite collegamento al servizio di stampa o eNetBadges\u00a0<\/span><\/li>\n<li style=\"font-weight: 400;\" aria-level=\"1\"><span style=\"font-weight: 400;\">Consegna abilitata per dispositivi mobili\u00a0<\/span><\/li>\n<li style=\"font-weight: 400;\" aria-level=\"1\"><span style=\"font-weight: 400;\">Supporto completo da eCom Scotland Helpdesk<\/span><\/li>\n<\/ul>\n<h4>LE NOSTRE RECENSIONI<\/h4>\n<p><strong>&#8220;eNetAssess&#8221;<br \/>\n<\/strong>IN GENERALE: ridotto il nostro lavoro di ufficio, aiutiamo ad automatizzare molti dei nostri processi, gli esami offerti su richiesta e il sistema sono molto apprezzati dagli studenti.<br \/>\nPRO: un prodotto semplice che \u00e8 stato adattato alle nostre esigenze e si \u00e8 dimostrato affidabile nel corso degli anni con un eccellente supporto. Consegnati esami in tutto il mondo con facilit\u00e0.<br \/>\nCONTRO: niente davvero che non mia piaccia &#8211; fa quello che dice<\/p>\n<p><strong>&#8220;Utilizzando il prodotto eNetAssess eCom siamo stati in grado di introdurre valutazioni online a livello globale.&#8221; <\/strong><br \/>\nPRO: il prodotto ha consentito a IWCF di sostituire il nostro database esistente della banca delle domande e aumentare le capacit\u00e0 di reporting e la sicurezza. La consegna sicura tramite la modalit\u00e0 eNetSecure Kiosk \u00e8 un vantaggio dell&#8217;utilizzo di questo prodotto e ci distingue dalle altre organizzazioni che forniscono valutazioni online.<br \/>\nCONTRO: potrebbero apportare miglioramenti alla funzionalit\u00e0 per semplificare le attivit\u00e0 durante la configurazione del sistema. Andando avanti, lavoreremo con il team eCom per adattare alcune caratteristiche che sono particolari per le valutazioni IWCF.<\/p>\n","protected":false},"excerpt":{"rendered":"<p>eNetAssess \u00e8 una soluzione completa di valutazioni, sviluppata da eCom Scotland per aziende e istituti professionali che prediligono la formazione online. Un programma intuitivo e sicuro che ti permette di risparmiare molto tempo data la possibilit\u00e0 di creare test formativi o sommativi in pochissimo tempo e risparmiando anche in termini di carta e di impatto ambientale.<\/p>\n","protected":false},"author":17,"featured_media":35194,"parent":34687,"menu_order":0,"comment_status":"open","ping_status":"closed","template":"g1_template_page_review_new.php","meta":{"_acf_changed":false,"cwp_meta_box_check":"No","cwp_rev_product_name":"","cwp_rev_product_image":"","wppr_links":[],"cwp_rev_price":"","wppr_options":[],"wppr_pros":[],"wppr_cons":[],"_monsterinsights_skip_tracking":false,"_monsterinsights_sitenote_active":false,"_monsterinsights_sitenote_note":"","_monsterinsights_sitenote_category":0,"footnotes":""},"categories":[4660],"tags":[4662,4726,4683,4663,4688,4732],"features":[],"class_list":{"0":"post-35193","1":"page","2":"type-page","3":"status-publish","4":"has-post-thumbnail","6":"category-piattaforme-di-esami-online","7":"tag-esami-online","8":"tag-gestionale-esami-online","9":"tag-piattaforma-di-esami-online","10":"tag-software-esami-online","11":"tag-soluzione-esami-online","12":"tag-valutazioni-aziendali"},"wppr_data":{"cwp_meta_box_check":"No"},"acf":[],"yoast_head":"<!-- This site is optimized with the Yoast SEO plugin v27.4 - https:\/\/yoast.com\/product\/yoast-seo-wordpress\/ -->\n<title>eNetAssess: piattaforma esami online recensione - Accurate Reviews<\/title>\n<meta name=\"description\" content=\"eNetAssess: recensione della piattaforma per creare test formativi o sommativi online in modo semplice e veloce.\" \/>\n<meta name=\"robots\" content=\"index, follow, max-snippet:-1, max-image-preview:large, max-video-preview:-1\" \/>\n<link rel=\"canonical\" href=\"https:\/\/www.accuratereviews.com\/it\/piattaforme-esami-online-lista\/enetassess-recensione\/\" \/>\n<meta property=\"og:locale\" content=\"it_IT\" \/>\n<meta property=\"og:type\" content=\"article\" \/>\n<meta property=\"og:title\" content=\"eNetAssess: piattaforma esami online recensione - Accurate Reviews\" \/>\n<meta property=\"og:description\" content=\"eNetAssess: recensione della piattaforma per creare test formativi o sommativi online in modo semplice e veloce.\" \/>\n<meta property=\"og:url\" content=\"https:\/\/www.accuratereviews.com\/it\/piattaforme-esami-online-lista\/enetassess-recensione\/\" \/>\n<meta property=\"og:site_name\" content=\"Accurate Reviews\" \/>\n<meta property=\"article:modified_time\" content=\"2021-01-25T14:05:34+00:00\" \/>\n<meta property=\"og:image\" content=\"https:\/\/www.accuratereviews.com\/wp-content\/uploads\/2021\/01\/Schermata-2021-01-13-alle-08.51.02.png\" \/>\n\t<meta property=\"og:image:width\" content=\"746\" \/>\n\t<meta property=\"og:image:height\" content=\"460\" \/>\n\t<meta property=\"og:image:type\" content=\"image\/png\" \/>\n<meta name=\"twitter:card\" content=\"summary_large_image\" \/>\n<meta name=\"twitter:label1\" content=\"Tempo di lettura stimato\" \/>\n\t<meta name=\"twitter:data1\" content=\"2 minuti\" \/>\n<script type=\"application\/ld+json\" class=\"yoast-schema-graph\">{\"@context\":\"https:\\\/\\\/schema.org\",\"@graph\":[{\"@type\":\"WebPage\",\"@id\":\"https:\\\/\\\/www.accuratereviews.com\\\/it\\\/piattaforme-esami-online-lista\\\/enetassess-recensione\\\/\",\"url\":\"https:\\\/\\\/www.accuratereviews.com\\\/it\\\/piattaforme-esami-online-lista\\\/enetassess-recensione\\\/\",\"name\":\"eNetAssess: piattaforma esami online recensione - Accurate Reviews\",\"isPartOf\":{\"@id\":\"https:\\\/\\\/www.accuratereviews.com\\\/it\\\/#website\"},\"primaryImageOfPage\":{\"@id\":\"https:\\\/\\\/www.accuratereviews.com\\\/it\\\/piattaforme-esami-online-lista\\\/enetassess-recensione\\\/#primaryimage\"},\"image\":{\"@id\":\"https:\\\/\\\/www.accuratereviews.com\\\/it\\\/piattaforme-esami-online-lista\\\/enetassess-recensione\\\/#primaryimage\"},\"thumbnailUrl\":\"https:\\\/\\\/www.accuratereviews.com\\\/wp-content\\\/uploads\\\/2021\\\/01\\\/Schermata-2021-01-13-alle-08.51.02.png\",\"datePublished\":\"2021-01-13T09:20:11+00:00\",\"dateModified\":\"2021-01-25T14:05:34+00:00\",\"description\":\"eNetAssess: recensione della piattaforma per creare test formativi o sommativi online in modo semplice e veloce.\",\"breadcrumb\":{\"@id\":\"https:\\\/\\\/www.accuratereviews.com\\\/it\\\/piattaforme-esami-online-lista\\\/enetassess-recensione\\\/#breadcrumb\"},\"inLanguage\":\"it-IT\",\"potentialAction\":[{\"@type\":\"ReadAction\",\"target\":[\"https:\\\/\\\/www.accuratereviews.com\\\/it\\\/piattaforme-esami-online-lista\\\/enetassess-recensione\\\/\"]}]},{\"@type\":\"ImageObject\",\"inLanguage\":\"it-IT\",\"@id\":\"https:\\\/\\\/www.accuratereviews.com\\\/it\\\/piattaforme-esami-online-lista\\\/enetassess-recensione\\\/#primaryimage\",\"url\":\"https:\\\/\\\/www.accuratereviews.com\\\/wp-content\\\/uploads\\\/2021\\\/01\\\/Schermata-2021-01-13-alle-08.51.02.png\",\"contentUrl\":\"https:\\\/\\\/www.accuratereviews.com\\\/wp-content\\\/uploads\\\/2021\\\/01\\\/Schermata-2021-01-13-alle-08.51.02.png\",\"width\":746,\"height\":460},{\"@type\":\"BreadcrumbList\",\"@id\":\"https:\\\/\\\/www.accuratereviews.com\\\/it\\\/piattaforme-esami-online-lista\\\/enetassess-recensione\\\/#breadcrumb\",\"itemListElement\":[{\"@type\":\"ListItem\",\"position\":1,\"name\":\"Home\",\"item\":\"https:\\\/\\\/www.accuratereviews.com\\\/it\\\/\"},{\"@type\":\"ListItem\",\"position\":2,\"name\":\"Piattaforme di esami online\",\"item\":\"https:\\\/\\\/www.accuratereviews.com\\\/it\\\/piattaforme-esami-online-lista\\\/\"},{\"@type\":\"ListItem\",\"position\":3,\"name\":\"eNetAssess\"}]},{\"@type\":\"WebSite\",\"@id\":\"https:\\\/\\\/www.accuratereviews.com\\\/it\\\/#website\",\"url\":\"https:\\\/\\\/www.accuratereviews.com\\\/it\\\/\",\"name\":\"Accurate Reviews\",\"description\":\"\",\"potentialAction\":[{\"@type\":\"SearchAction\",\"target\":{\"@type\":\"EntryPoint\",\"urlTemplate\":\"https:\\\/\\\/www.accuratereviews.com\\\/it\\\/?s={search_term_string}\"},\"query-input\":{\"@type\":\"PropertyValueSpecification\",\"valueRequired\":true,\"valueName\":\"search_term_string\"}}],\"inLanguage\":\"it-IT\"}]}<\/script>\n<!-- \/ Yoast SEO plugin. -->","yoast_head_json":{"title":"eNetAssess: piattaforma esami online recensione - Accurate Reviews","description":"eNetAssess: recensione della piattaforma per creare test formativi o sommativi online in modo semplice e veloce.","robots":{"index":"index","follow":"follow","max-snippet":"max-snippet:-1","max-image-preview":"max-image-preview:large","max-video-preview":"max-video-preview:-1"},"canonical":"https:\/\/www.accuratereviews.com\/it\/piattaforme-esami-online-lista\/enetassess-recensione\/","og_locale":"it_IT","og_type":"article","og_title":"eNetAssess: piattaforma esami online recensione - Accurate Reviews","og_description":"eNetAssess: recensione della piattaforma per creare test formativi o sommativi online in modo semplice e veloce.","og_url":"https:\/\/www.accuratereviews.com\/it\/piattaforme-esami-online-lista\/enetassess-recensione\/","og_site_name":"Accurate Reviews","article_modified_time":"2021-01-25T14:05:34+00:00","og_image":[{"width":746,"height":460,"url":"https:\/\/www.accuratereviews.com\/wp-content\/uploads\/2021\/01\/Schermata-2021-01-13-alle-08.51.02.png","type":"image\/png"}],"twitter_card":"summary_large_image","twitter_misc":{"Tempo di lettura stimato":"2 minuti"},"schema":{"@context":"https:\/\/schema.org","@graph":[{"@type":"WebPage","@id":"https:\/\/www.accuratereviews.com\/it\/piattaforme-esami-online-lista\/enetassess-recensione\/","url":"https:\/\/www.accuratereviews.com\/it\/piattaforme-esami-online-lista\/enetassess-recensione\/","name":"eNetAssess: piattaforma esami online recensione - Accurate Reviews","isPartOf":{"@id":"https:\/\/www.accuratereviews.com\/it\/#website"},"primaryImageOfPage":{"@id":"https:\/\/www.accuratereviews.com\/it\/piattaforme-esami-online-lista\/enetassess-recensione\/#primaryimage"},"image":{"@id":"https:\/\/www.accuratereviews.com\/it\/piattaforme-esami-online-lista\/enetassess-recensione\/#primaryimage"},"thumbnailUrl":"https:\/\/www.accuratereviews.com\/wp-content\/uploads\/2021\/01\/Schermata-2021-01-13-alle-08.51.02.png","datePublished":"2021-01-13T09:20:11+00:00","dateModified":"2021-01-25T14:05:34+00:00","description":"eNetAssess: recensione della piattaforma per creare test formativi o sommativi online in modo semplice e veloce.","breadcrumb":{"@id":"https:\/\/www.accuratereviews.com\/it\/piattaforme-esami-online-lista\/enetassess-recensione\/#breadcrumb"},"inLanguage":"it-IT","potentialAction":[{"@type":"ReadAction","target":["https:\/\/www.accuratereviews.com\/it\/piattaforme-esami-online-lista\/enetassess-recensione\/"]}]},{"@type":"ImageObject","inLanguage":"it-IT","@id":"https:\/\/www.accuratereviews.com\/it\/piattaforme-esami-online-lista\/enetassess-recensione\/#primaryimage","url":"https:\/\/www.accuratereviews.com\/wp-content\/uploads\/2021\/01\/Schermata-2021-01-13-alle-08.51.02.png","contentUrl":"https:\/\/www.accuratereviews.com\/wp-content\/uploads\/2021\/01\/Schermata-2021-01-13-alle-08.51.02.png","width":746,"height":460},{"@type":"BreadcrumbList","@id":"https:\/\/www.accuratereviews.com\/it\/piattaforme-esami-online-lista\/enetassess-recensione\/#breadcrumb","itemListElement":[{"@type":"ListItem","position":1,"name":"Home","item":"https:\/\/www.accuratereviews.com\/it\/"},{"@type":"ListItem","position":2,"name":"Piattaforme di esami online","item":"https:\/\/www.accuratereviews.com\/it\/piattaforme-esami-online-lista\/"},{"@type":"ListItem","position":3,"name":"eNetAssess"}]},{"@type":"WebSite","@id":"https:\/\/www.accuratereviews.com\/it\/#website","url":"https:\/\/www.accuratereviews.com\/it\/","name":"Accurate Reviews","description":"","potentialAction":[{"@type":"SearchAction","target":{"@type":"EntryPoint","urlTemplate":"https:\/\/www.accuratereviews.com\/it\/?s={search_term_string}"},"query-input":{"@type":"PropertyValueSpecification","valueRequired":true,"valueName":"search_term_string"}}],"inLanguage":"it-IT"}]}},"_links":{"self":[{"href":"https:\/\/www.accuratereviews.com\/it\/wp-json\/wp\/v2\/pages\/35193","targetHints":{"allow":["GET"]}}],"collection":[{"href":"https:\/\/www.accuratereviews.com\/it\/wp-json\/wp\/v2\/pages"}],"about":[{"href":"https:\/\/www.accuratereviews.com\/it\/wp-json\/wp\/v2\/types\/page"}],"author":[{"embeddable":true,"href":"https:\/\/www.accuratereviews.com\/it\/wp-json\/wp\/v2\/users\/17"}],"replies":[{"embeddable":true,"href":"https:\/\/www.accuratereviews.com\/it\/wp-json\/wp\/v2\/comments?post=35193"}],"version-history":[{"count":3,"href":"https:\/\/www.accuratereviews.com\/it\/wp-json\/wp\/v2\/pages\/35193\/revisions"}],"predecessor-version":[{"id":35886,"href":"https:\/\/www.accuratereviews.com\/it\/wp-json\/wp\/v2\/pages\/35193\/revisions\/35886"}],"up":[{"embeddable":true,"href":"https:\/\/www.accuratereviews.com\/it\/wp-json\/wp\/v2\/pages\/34687"}],"wp:featuredmedia":[{"embeddable":true,"href":"https:\/\/www.accuratereviews.com\/it\/wp-json\/wp\/v2\/media\/35194"}],"wp:attachment":[{"href":"https:\/\/www.accuratereviews.com\/it\/wp-json\/wp\/v2\/media?parent=35193"}],"wp:term":[{"taxonomy":"category","embeddable":true,"href":"https:\/\/www.accuratereviews.com\/it\/wp-json\/wp\/v2\/categories?post=35193"},{"taxonomy":"post_tag","embeddable":true,"href":"https:\/\/www.accuratereviews.com\/it\/wp-json\/wp\/v2\/tags?post=35193"},{"taxonomy":"features","embeddable":true,"href":"https:\/\/www.accuratereviews.com\/it\/wp-json\/wp\/v2\/features?post=35193"}],"curies":[{"name":"wp","href":"https:\/\/api.w.org\/{rel}","templated":true}]}}