{"id":35247,"date":"2021-01-14T11:50:37","date_gmt":"2021-01-14T11:50:37","guid":{"rendered":"https:\/\/www.accuratereviews.com\/?page_id=35247"},"modified":"2021-01-25T13:56:52","modified_gmt":"2021-01-25T13:56:52","slug":"disamina-recensione","status":"publish","type":"page","link":"https:\/\/www.accuratereviews.com\/it\/piattaforme-esami-online-lista\/disamina-recensione\/","title":{"rendered":"Disamina"},"content":{"rendered":"<p><strong>Disamina<\/strong> \u00e8 un <strong>software di valutazione online<\/strong> progettato per organizzazioni e istituti di istruzione per l&#8217;apprendimento, la valutazione e il reclutamento. <span class=\"JLqJ4b ChMk0b\" data-language-for-alternatives=\"it\" data-language-to-translate-into=\"en\" data-phrase-index=\"1\">Il software pu\u00f2 essere utilizzato dagli istituti scolastici per condurre esami di ammissione, esami di apprendimento a distanza, condividere compiti e materiali di studio, certificazioni, prove di borse di studio e quiz.<span class=\"JLqJ4b\" data-language-for-alternatives=\"it\" data-language-to-translate-into=\"en\" data-phrase-index=\"2\"> La piattaforma non \u00e8 limitata solo a questo poich\u00e9 tutti i tipi di aziende possono utilizzare <strong>Disamina<\/strong> per test di reclutamento, valutazioni interne, assunzioni e condivisione di materiali di formazione.\u00a0<\/span><\/span>Il sistema di monitoraggio remoto di Disamina garantisce l&#8217;autenticit\u00e0 durante le prove soprattutto in caso di esami sostenuti a distanza. La soluzione \u00e8 utile per la valutazione del talento, gli esami di fine semestre e le valutazioni di formazione e certificazione.<\/p>\n<h2>DISAMINA &#8211; TUTORIAL<\/h2>\n<p>Guardiamo insieme come pu\u00f2 migliorare il tuo lavoro usando questo <strong>software per esami online<\/strong>:<\/p>\n<div id=\"fluid-wrapper-counter-1\" class=\"g1-fluid-wrapper \" style=\"width:686px;\">\n<div style=\"padding-bottom:56.268221574344%;\"><iframe loading=\"lazy\" title=\"Online Examination Software - Disamina\" width=\"686\" height=\"386\" src=\"https:\/\/www.youtube.com\/embed\/Rt110tn3A3U?feature=oembed&amp;wmode=transparent&amp;autohide=1&amp;autoplay=0&amp;disablekb=0&amp;fs=1&amp;loop=0&amp;enablejsapi=1&amp;rel=0&amp;controls=2&amp;showinfo=0&amp;wmode=transparent&amp;autohide=2&amp;autoplay=0&amp;disablekb=0&amp;fs=1&amp;loop=0&amp;enablejsapi=1&amp;rel=0&amp;controls=2&amp;showinfo=1\" frameborder=\"0\" allow=\"accelerometer; autoplay; clipboard-write; encrypted-media; gyroscope; picture-in-picture\" allowfullscreen><\/iframe><\/div>\n<\/div>\n<h3>DISAMINA &#8211; CARATTERISTICHE<\/h3>\n<ul>\n<li><strong>Sicurezza:<\/strong> completa sicurezza dei dati e monitoraggio degli esami dal vivo per valutazioni eque<\/li>\n<li><strong>Chat dal vivo<\/strong>: rispondi ai quesiti dei candidati in maniera immediata<\/li>\n<li><strong>Proctoring remoto:<\/strong> stato in tempo reale dell&#8217;attivit\u00e0 dei candidati durante l&#8217;esame<\/li>\n<li><strong>Registrazione video:<\/strong> registrazione video dal vivo dei candidati durante le prove<\/li>\n<li><strong>Acquisizione di immagini:<\/strong> cattura immagini dal vivo degli studenti a intervalli fissi<\/li>\n<li><strong>Ecologico:<\/strong> non devi pi\u00f9 sprecare risme di carta per gli esami<\/li>\n<li><strong>Auto registrazione<\/strong>: consenti ai candidati di registrarsi autonomamente per il tuo esame<\/li>\n<li><strong> Test simultaneo<\/strong>: ospita pi\u00f9 esami contemporaneamente in luoghi diversi<\/li>\n<li><strong>Gestione banca delle domande<\/strong>: gestisci domande di tutti i tipi con gerarchia di soggetti e argomenti<\/li>\n<li><strong>Integrazione email \/ SMS<\/strong>: invia notifica ai candidati tramite email o SMS<\/li>\n<li><strong>Importazione \/ esportazione dei dati<\/strong>: importa i tuoi dati da file excel \/ csv o esportali in file excel e pdf<\/li>\n<li><strong>Analisi dettagliata:<\/strong> ottieni l&#8217;analisi dettagliata del risultato e dell&#8217;esame<\/li>\n<\/ul>\n<h4>LE RECENSIONI DEGLI UTENTI<\/h4>\n<h4 class=\"font-weight-bold mb-1 d-flex align-items-center\">Valentina G.&#8221;Molto soddisfatta&#8221;<\/h4>\n<p><strong>Vantaggi: <\/strong>Molto soddisfatta del lavoro svolto da Disamina. Sa davvero come trattare i suoi clienti e come risolvere tutti i dubbi e le preoccupazioni che sorgono.<\/p>\n<p><strong>Inconvenienti: <\/strong>Non ho lamentele su questa azienda solo commenti positivi, perch\u00e9 \u00e8 quello che ho lasciato, una bella impressione nel notare la qualit\u00e0 dei loro servizi e il loro modo di lavorare, ammirevole, se dubitano di Disamina, non pensarci pi\u00f9 e lavora con lei. Un&#8217;ottima compagnia con un ottimo servizio! Lo consiglio<\/p>\n<h4 class=\"font-weight-bold mb-1 d-flex align-items-center\">Darwin C.&#8221;Prodotto completo, supporto eccellente e impegno per miglioramenti guidati dal cliente.&#8221;<\/h4>\n<p><strong>Commenti: <\/strong>Il processo manuale \u00e8 completamente inesistente, il che riduce significativamente il tempo speso per preparare e valutare l&#8217;esame. Il processo \u00e8 molto veloce da ore a secondi.<\/p>\n<p><strong>Vantaggi: <\/strong>La caratteristica fondamentale \u00e8 la capacit\u00e0 di catturare foto \/ video del candidato a intervalli definiti dall&#8217;utente che migliora la convalida del candidato.\u00a0La personalizzazione in base alle esigenze guidate dal cliente \u00e8 di prim&#8217;ordine e il tempo di consegna per i miglioramenti \u00e8 ottima.\u00a0Il software in generale copre tutte le funzionalit\u00e0 richieste, inoltre \u00e8 pi\u00f9 flessibile nell&#8217;utilizzo che contribuisce direttamente a ridurre il tempo speso per la formazione degli utenti e le sessioni di attivit\u00e0.\u00a0Il processo manuale \u00e8 completamente inesistente, il che riduce significativamente il tempo speso per preparare e valutare l&#8217;esame e il processo diventa molto pi\u00f9 veloce da ore a secondi.\u00a0I processi di reporting e preparazione dei certificati sono rapidi e automatizzati per le entit\u00e0 interessate.\u00a0Il processo di invito all&#8217;esame \u00e8 reso pi\u00f9 semplice, remoto e robusto.<\/p>\n<p><strong>Inconvenienti: <\/strong>La funzionalit\u00e0 di reportistica potrebbe essere pi\u00f9 dettagliata nella versione base.\u00a0Tutte le ricerche e gli elenchi non potevano essere gestiti completamente dall&#8217;amministratore senza l&#8217;intervento dello sviluppatore.<\/p>\n","protected":false},"excerpt":{"rendered":"<p>Disamina \u00e8 un software di valutazione online progettato per organizzazioni e istituti di istruzione per l&#8217;apprendimento, la valutazione e il reclutamento. Il software pu\u00f2 essere utilizzato dagli istituti scolastici per condurre esami di ammissione, esami di apprendimento a distanza, condividere compiti e materiali di studio, certificazioni, prove di borse di studio e quiz.<\/p>\n","protected":false},"author":19,"featured_media":35251,"parent":34687,"menu_order":0,"comment_status":"open","ping_status":"closed","template":"g1_template_page_review_new.php","meta":{"_acf_changed":false,"cwp_meta_box_check":"Yes","cwp_rev_product_name":"","cwp_rev_product_image":"","wppr_links":[],"cwp_rev_price":"","wppr_options":[],"wppr_pros":[],"wppr_cons":[],"_monsterinsights_skip_tracking":false,"_monsterinsights_sitenote_active":false,"_monsterinsights_sitenote_note":"","_monsterinsights_sitenote_category":0,"footnotes":""},"categories":[4660],"tags":[396,4786,4691,4727,4686,4684,4685],"features":[],"class_list":{"0":"post-35247","1":"page","2":"type-page","3":"status-publish","4":"has-post-thumbnail","6":"category-piattaforme-di-esami-online","7":"tag-cloud","8":"tag-disamina","9":"tag-exam-software","10":"tag-piattaforma-per-esami-online","11":"tag-programma-per-esami-online","12":"tag-software-per-esami-online","13":"tag-soluzione-per-esami-online"},"wppr_data":{"cwp_meta_box_check":"Yes","cwp_rev_product_name":"","cwp_rev_product_image":"","cwp_image_link":"image","cwp_rev_price":"","wppr_rating":"0.00"},"acf":[],"yoast_head":"<!-- This site is optimized with the Yoast SEO plugin v27.4 - https:\/\/yoast.com\/product\/yoast-seo-wordpress\/ -->\n<title>Disamina: recensione software per esami online - Accurate Reviews<\/title>\n<meta name=\"description\" content=\"Disamina: recensione software valutazione online progettato per istituti di istruzione per l&#039;apprendimento, la valutazione e il reclutamento.\" \/>\n<meta name=\"robots\" content=\"index, follow, max-snippet:-1, max-image-preview:large, max-video-preview:-1\" \/>\n<link rel=\"canonical\" href=\"https:\/\/www.accuratereviews.com\/it\/piattaforme-esami-online-lista\/disamina-recensione\/\" \/>\n<meta property=\"og:locale\" content=\"it_IT\" \/>\n<meta property=\"og:type\" content=\"article\" \/>\n<meta property=\"og:title\" content=\"Disamina: recensione software per esami online - Accurate Reviews\" \/>\n<meta property=\"og:description\" content=\"Disamina: recensione software valutazione online progettato per istituti di istruzione per l&#039;apprendimento, la valutazione e il reclutamento.\" \/>\n<meta property=\"og:url\" content=\"https:\/\/www.accuratereviews.com\/it\/piattaforme-esami-online-lista\/disamina-recensione\/\" \/>\n<meta property=\"og:site_name\" content=\"Accurate Reviews\" \/>\n<meta property=\"article:modified_time\" content=\"2021-01-25T13:56:52+00:00\" \/>\n<meta property=\"og:image\" content=\"https:\/\/www.accuratereviews.com\/wp-content\/uploads\/2021\/01\/disamina.png\" \/>\n\t<meta property=\"og:image:width\" content=\"364\" \/>\n\t<meta property=\"og:image:height\" content=\"260\" \/>\n\t<meta property=\"og:image:type\" content=\"image\/png\" \/>\n<meta name=\"twitter:card\" content=\"summary_large_image\" \/>\n<meta name=\"twitter:label1\" content=\"Tempo di lettura stimato\" \/>\n\t<meta name=\"twitter:data1\" content=\"3 minuti\" \/>\n<script type=\"application\/ld+json\" class=\"yoast-schema-graph\">{\"@context\":\"https:\\\/\\\/schema.org\",\"@graph\":[{\"@type\":\"WebPage\",\"@id\":\"https:\\\/\\\/www.accuratereviews.com\\\/it\\\/piattaforme-esami-online-lista\\\/disamina-recensione\\\/\",\"url\":\"https:\\\/\\\/www.accuratereviews.com\\\/it\\\/piattaforme-esami-online-lista\\\/disamina-recensione\\\/\",\"name\":\"Disamina: recensione software per esami online - Accurate Reviews\",\"isPartOf\":{\"@id\":\"https:\\\/\\\/www.accuratereviews.com\\\/it\\\/#website\"},\"primaryImageOfPage\":{\"@id\":\"https:\\\/\\\/www.accuratereviews.com\\\/it\\\/piattaforme-esami-online-lista\\\/disamina-recensione\\\/#primaryimage\"},\"image\":{\"@id\":\"https:\\\/\\\/www.accuratereviews.com\\\/it\\\/piattaforme-esami-online-lista\\\/disamina-recensione\\\/#primaryimage\"},\"thumbnailUrl\":\"https:\\\/\\\/www.accuratereviews.com\\\/wp-content\\\/uploads\\\/2021\\\/01\\\/disamina.png\",\"datePublished\":\"2021-01-14T11:50:37+00:00\",\"dateModified\":\"2021-01-25T13:56:52+00:00\",\"description\":\"Disamina: recensione software valutazione online progettato per istituti di istruzione per l'apprendimento, la valutazione e il reclutamento.\",\"breadcrumb\":{\"@id\":\"https:\\\/\\\/www.accuratereviews.com\\\/it\\\/piattaforme-esami-online-lista\\\/disamina-recensione\\\/#breadcrumb\"},\"inLanguage\":\"it-IT\",\"potentialAction\":[{\"@type\":\"ReadAction\",\"target\":[\"https:\\\/\\\/www.accuratereviews.com\\\/it\\\/piattaforme-esami-online-lista\\\/disamina-recensione\\\/\"]}]},{\"@type\":\"ImageObject\",\"inLanguage\":\"it-IT\",\"@id\":\"https:\\\/\\\/www.accuratereviews.com\\\/it\\\/piattaforme-esami-online-lista\\\/disamina-recensione\\\/#primaryimage\",\"url\":\"https:\\\/\\\/www.accuratereviews.com\\\/wp-content\\\/uploads\\\/2021\\\/01\\\/disamina.png\",\"contentUrl\":\"https:\\\/\\\/www.accuratereviews.com\\\/wp-content\\\/uploads\\\/2021\\\/01\\\/disamina.png\",\"width\":364,\"height\":260},{\"@type\":\"BreadcrumbList\",\"@id\":\"https:\\\/\\\/www.accuratereviews.com\\\/it\\\/piattaforme-esami-online-lista\\\/disamina-recensione\\\/#breadcrumb\",\"itemListElement\":[{\"@type\":\"ListItem\",\"position\":1,\"name\":\"Home\",\"item\":\"https:\\\/\\\/www.accuratereviews.com\\\/it\\\/\"},{\"@type\":\"ListItem\",\"position\":2,\"name\":\"Piattaforme di esami online\",\"item\":\"https:\\\/\\\/www.accuratereviews.com\\\/it\\\/piattaforme-esami-online-lista\\\/\"},{\"@type\":\"ListItem\",\"position\":3,\"name\":\"Disamina\"}]},{\"@type\":\"WebSite\",\"@id\":\"https:\\\/\\\/www.accuratereviews.com\\\/it\\\/#website\",\"url\":\"https:\\\/\\\/www.accuratereviews.com\\\/it\\\/\",\"name\":\"Accurate Reviews\",\"description\":\"\",\"potentialAction\":[{\"@type\":\"SearchAction\",\"target\":{\"@type\":\"EntryPoint\",\"urlTemplate\":\"https:\\\/\\\/www.accuratereviews.com\\\/it\\\/?s={search_term_string}\"},\"query-input\":{\"@type\":\"PropertyValueSpecification\",\"valueRequired\":true,\"valueName\":\"search_term_string\"}}],\"inLanguage\":\"it-IT\"}]}<\/script>\n<!-- \/ Yoast SEO plugin. -->","yoast_head_json":{"title":"Disamina: recensione software per esami online - Accurate Reviews","description":"Disamina: recensione software valutazione online progettato per istituti di istruzione per l'apprendimento, la valutazione e il reclutamento.","robots":{"index":"index","follow":"follow","max-snippet":"max-snippet:-1","max-image-preview":"max-image-preview:large","max-video-preview":"max-video-preview:-1"},"canonical":"https:\/\/www.accuratereviews.com\/it\/piattaforme-esami-online-lista\/disamina-recensione\/","og_locale":"it_IT","og_type":"article","og_title":"Disamina: recensione software per esami online - Accurate Reviews","og_description":"Disamina: recensione software valutazione online progettato per istituti di istruzione per l'apprendimento, la valutazione e il reclutamento.","og_url":"https:\/\/www.accuratereviews.com\/it\/piattaforme-esami-online-lista\/disamina-recensione\/","og_site_name":"Accurate Reviews","article_modified_time":"2021-01-25T13:56:52+00:00","og_image":[{"width":364,"height":260,"url":"https:\/\/www.accuratereviews.com\/wp-content\/uploads\/2021\/01\/disamina.png","type":"image\/png"}],"twitter_card":"summary_large_image","twitter_misc":{"Tempo di lettura stimato":"3 minuti"},"schema":{"@context":"https:\/\/schema.org","@graph":[{"@type":"WebPage","@id":"https:\/\/www.accuratereviews.com\/it\/piattaforme-esami-online-lista\/disamina-recensione\/","url":"https:\/\/www.accuratereviews.com\/it\/piattaforme-esami-online-lista\/disamina-recensione\/","name":"Disamina: recensione software per esami online - Accurate Reviews","isPartOf":{"@id":"https:\/\/www.accuratereviews.com\/it\/#website"},"primaryImageOfPage":{"@id":"https:\/\/www.accuratereviews.com\/it\/piattaforme-esami-online-lista\/disamina-recensione\/#primaryimage"},"image":{"@id":"https:\/\/www.accuratereviews.com\/it\/piattaforme-esami-online-lista\/disamina-recensione\/#primaryimage"},"thumbnailUrl":"https:\/\/www.accuratereviews.com\/wp-content\/uploads\/2021\/01\/disamina.png","datePublished":"2021-01-14T11:50:37+00:00","dateModified":"2021-01-25T13:56:52+00:00","description":"Disamina: recensione software valutazione online progettato per istituti di istruzione per l'apprendimento, la valutazione e il reclutamento.","breadcrumb":{"@id":"https:\/\/www.accuratereviews.com\/it\/piattaforme-esami-online-lista\/disamina-recensione\/#breadcrumb"},"inLanguage":"it-IT","potentialAction":[{"@type":"ReadAction","target":["https:\/\/www.accuratereviews.com\/it\/piattaforme-esami-online-lista\/disamina-recensione\/"]}]},{"@type":"ImageObject","inLanguage":"it-IT","@id":"https:\/\/www.accuratereviews.com\/it\/piattaforme-esami-online-lista\/disamina-recensione\/#primaryimage","url":"https:\/\/www.accuratereviews.com\/wp-content\/uploads\/2021\/01\/disamina.png","contentUrl":"https:\/\/www.accuratereviews.com\/wp-content\/uploads\/2021\/01\/disamina.png","width":364,"height":260},{"@type":"BreadcrumbList","@id":"https:\/\/www.accuratereviews.com\/it\/piattaforme-esami-online-lista\/disamina-recensione\/#breadcrumb","itemListElement":[{"@type":"ListItem","position":1,"name":"Home","item":"https:\/\/www.accuratereviews.com\/it\/"},{"@type":"ListItem","position":2,"name":"Piattaforme di esami online","item":"https:\/\/www.accuratereviews.com\/it\/piattaforme-esami-online-lista\/"},{"@type":"ListItem","position":3,"name":"Disamina"}]},{"@type":"WebSite","@id":"https:\/\/www.accuratereviews.com\/it\/#website","url":"https:\/\/www.accuratereviews.com\/it\/","name":"Accurate Reviews","description":"","potentialAction":[{"@type":"SearchAction","target":{"@type":"EntryPoint","urlTemplate":"https:\/\/www.accuratereviews.com\/it\/?s={search_term_string}"},"query-input":{"@type":"PropertyValueSpecification","valueRequired":true,"valueName":"search_term_string"}}],"inLanguage":"it-IT"}]}},"_links":{"self":[{"href":"https:\/\/www.accuratereviews.com\/it\/wp-json\/wp\/v2\/pages\/35247","targetHints":{"allow":["GET"]}}],"collection":[{"href":"https:\/\/www.accuratereviews.com\/it\/wp-json\/wp\/v2\/pages"}],"about":[{"href":"https:\/\/www.accuratereviews.com\/it\/wp-json\/wp\/v2\/types\/page"}],"author":[{"embeddable":true,"href":"https:\/\/www.accuratereviews.com\/it\/wp-json\/wp\/v2\/users\/19"}],"replies":[{"embeddable":true,"href":"https:\/\/www.accuratereviews.com\/it\/wp-json\/wp\/v2\/comments?post=35247"}],"version-history":[{"count":12,"href":"https:\/\/www.accuratereviews.com\/it\/wp-json\/wp\/v2\/pages\/35247\/revisions"}],"predecessor-version":[{"id":35880,"href":"https:\/\/www.accuratereviews.com\/it\/wp-json\/wp\/v2\/pages\/35247\/revisions\/35880"}],"up":[{"embeddable":true,"href":"https:\/\/www.accuratereviews.com\/it\/wp-json\/wp\/v2\/pages\/34687"}],"wp:featuredmedia":[{"embeddable":true,"href":"https:\/\/www.accuratereviews.com\/it\/wp-json\/wp\/v2\/media\/35251"}],"wp:attachment":[{"href":"https:\/\/www.accuratereviews.com\/it\/wp-json\/wp\/v2\/media?parent=35247"}],"wp:term":[{"taxonomy":"category","embeddable":true,"href":"https:\/\/www.accuratereviews.com\/it\/wp-json\/wp\/v2\/categories?post=35247"},{"taxonomy":"post_tag","embeddable":true,"href":"https:\/\/www.accuratereviews.com\/it\/wp-json\/wp\/v2\/tags?post=35247"},{"taxonomy":"features","embeddable":true,"href":"https:\/\/www.accuratereviews.com\/it\/wp-json\/wp\/v2\/features?post=35247"}],"curies":[{"name":"wp","href":"https:\/\/api.w.org\/{rel}","templated":true}]}}