{"id":35415,"date":"2021-01-20T10:39:32","date_gmt":"2021-01-20T10:39:32","guid":{"rendered":"https:\/\/www.accuratereviews.com\/?page_id=35415"},"modified":"2021-08-10T15:55:39","modified_gmt":"2021-08-10T15:55:39","slug":"articolo-ospite","status":"publish","type":"page","link":"https:\/\/www.accuratereviews.com\/it\/articolo-ospite\/","title":{"rendered":"Articolo ospite"},"content":{"rendered":"<p>Noi di Accurate Reviews apprezziamo e incoraggiamo il <strong>guest blogging<\/strong>, nonch\u00e9 le persone che per passione o per professione vogliono scrivere articoli per essere letti da un pubblico a loro differente oppure per aumentare l&#8217;autorevolezza o semplicemente aiutare a costruire nuove relazioni.<br \/>\nViceversa i nostri lettori possono usufruire di contenuti, idee, conoscenze, curiosit\u00e0, punti di vista o esperienze di altri scrittori che hanno il piacere di condividere articoli a tema.<br \/>\nOgni &#8220;<strong>articolo ospite<\/strong>&#8221; dovr\u00e0 essere preventivamente revisionato dal nostro staff editoriale prima di ogni pubblicazione.<br \/>\nNon forniamo garanzie n\u00e9 tantomeno tempistiche sulla pubblicazione online degli\u00a0<strong>articoli ospite<\/strong>\u00a0a noi inviati. Ogni testo inviato sar\u00e0 valutato a discrezione della redazione che potr\u00e0 revisionarlo e modificarlo secondo criteri ritenuti da loro opportuni.<br \/>\nAccurate Reviews d\u00e0 la possibilit\u00e0 di segnalare crediti dello scrittore ospite ed eventualmente un<strong> link <\/strong>di tipo <strong><em>nofollow<\/em><\/strong> al proprio sito da mettere in\u00a0 coda al <strong>guest post<\/strong>.<br \/>\nNoi di Accurate Reviews ci impegniamo quotidianamente nel pubblicare articoli e <strong>recensioni dei software<\/strong>, nonostante questo, pubblichiamo numerosi articoli ospite senza chiedere soldi in cambio.<br \/>\nL&#8217;unica richiesta che facciamo \u00e8 quella di ottenere un <strong>link<\/strong> con attributo <em><strong>dofollow<\/strong> <\/em>verso Accurate Reviews al fine di far crescere maggiormente la sua popolarit\u00e0 sul web e aumentare il valore di indicizzazione nei confronti dei motori di ricerca.<\/p>\n<h2>Condizioni fondamentali per scrivere un articolo ospite su accuratereviews.com<\/h2>\n<ul>\n<li>Il tema trattato e il genere deve essere in linea con i contenuti presentati su accuratereviews.com come: <strong>recensioni software<\/strong>, tecnologia, aggiornamenti nel campo software<\/li>\n<li>L&#8217;articolo deve essere <strong>originale<\/strong> e <strong>unico<\/strong>, quindi lo stesso articolo<strong> non deve essere pubblicato online<\/strong> altrove<\/li>\n<li>\n<div>Non devono essere presenti terminologie disdicevoli, insulti, frasi sgarbate, pornografia, opinioni politiche e non deve arrecare offese ad alcuna persona. Inoltre \u00e8 vietata la pubblicit\u00e0 ad aziende nonch\u00e8 sponsorizzazione di prodotti o servizi a parte il software o il prodotto preso in esame nel contenuto<\/div>\n<\/li>\n<li>Ogni articolo deve essere scritto in modo corretto, sia nella forma lessicale che nell&#8217;esposizione e deve presentare una certa qualit\u00e0 di copy writing<\/li>\n<li>Il tema trattato sar\u00e0 a tua completa discrezione, l&#8217;importante che sia inerente la nostra attivit\u00e0.<\/li>\n<li>Non deve essere un annuncio pubblicitario al proprio blog o sito.<\/li>\n<li><span class=\"VIiyi\" lang=\"it\"><span class=\"JLqJ4b ChMk0b\" data-language-for-alternatives=\"it\" data-language-to-translate-into=\"en\" data-phrase-index=\"0\">L&#8217;articolo non pu\u00f2 contenere pi\u00f9 di un <strong>backlink<\/strong> esterno e verr\u00e0 da noi inserito con l&#8217;attributo <strong>nofollow<\/strong>.<\/span><\/span><\/li>\n<\/ul>\n<h3>Consigli<\/h3>\n<ul>\n<li>Cerca di parlare di un contenuto o news non presenti gi\u00e0 su Accurate Reviews e di essere originale, pertanto ti consigliamo di dare uno sguardo ai <a href=\"https:\/\/www.accuratereviews.com\/it\/blog\/\" target=\"_blank\" rel=\"noopener\">nostri articoli gi\u00e0 pubblicati<\/a><\/li>\n<li>Inserisci anche un&#8217; immagine come copertina al tuo articolo, ed eventualmente altre immagini dentro l&#8217;articolo<\/li>\n<li>Utilizza collegamenti esterni, citazioni alle fonti. Sono molto apprezzati i link interni ad Accurate Reviews<\/li>\n<li>Controlla attentamente l&#8217;ortografia e cura al massimo la qualit\u00e0 del contenuto nonch\u00e9 l&#8217;esposizione<\/li>\n<li>Cerca di essere coinvolgente e poco prolisso al fine di attrarre al massimo i tuoi lettori<\/li>\n<li>Inserisci i tags e le keywords che possono aiutare l&#8217;indicizzazione sui motori di ricerca, nonch\u00e9 attirare utenti davvero interessati all&#8217;argomento<\/li>\n<li>Una volta pubblicato l&#8217;articolo condividilo sui tuoi social per comunicarlo ai tuoi lettori.<\/li>\n<\/ul>\n<h4>Conclusioni<\/h4>\n<p>Ora che hai letto le regole per <strong>creare un buon guest post<\/strong> in Accurate Reviews, sei pronto a scrivere il tuo articolo, ad appassionare e attirare il tuo pubblico. Non ti resta che inviarcelo scrivendo direttamente\u00a0<a href=\"mailto:marketing@accuratereviews.com\">qui<\/a>.<\/p>\n","protected":false},"excerpt":{"rendered":"<p>Noi di Accurate Reviews apprezziamo e incoraggiamo il guest blogging, nonch\u00e8 le persone che per passione o per professione vogliono scrivere articoli che per essere letti da un pubblico a loro differente oppure per aumentare l&#8217;autorevolezza o semplicemente aiutare a costruire nuove relazioni. Viceversa i nostri lettori possono usufruire di contenuti, idee, conoscenze, curiosit\u00e0, punti di vista o esperienze di altri scrittori che hanno il piacere di condividere articoli a tema.<\/p>\n","protected":false},"author":16,"featured_media":35527,"parent":0,"menu_order":0,"comment_status":"closed","ping_status":"closed","template":"","meta":{"_acf_changed":false,"cwp_meta_box_check":"Yes","cwp_rev_product_name":"","cwp_rev_product_image":"","wppr_links":[],"cwp_rev_price":"","wppr_options":[],"wppr_pros":[],"wppr_cons":[],"_monsterinsights_skip_tracking":false,"_monsterinsights_sitenote_active":false,"_monsterinsights_sitenote_note":"","_monsterinsights_sitenote_category":0,"footnotes":""},"categories":[],"tags":[4890,4889,4891,4892,4888],"features":[],"class_list":{"0":"post-35415","1":"page","2":"type-page","3":"status-publish","4":"has-post-thumbnail","6":"tag-articoli-ospite","7":"tag-articolo-ospite","8":"tag-creare-un-buon-guest-post","9":"tag-guest-blogging","10":"tag-guest-post"},"wppr_data":{"cwp_meta_box_check":"Yes","cwp_rev_product_name":"","cwp_rev_product_image":"","cwp_image_link":"image","cwp_rev_price":"","wppr_rating":"0.00"},"acf":[],"yoast_head":"<!-- This site is optimized with the Yoast SEO plugin v27.4 - https:\/\/yoast.com\/product\/yoast-seo-wordpress\/ -->\n<title>Articolo ospite consigli e regole per la pubblicazione - Accurate Reviews<\/title>\n<meta name=\"description\" content=\"Gli esperti di Accurate Reviews vi informano sulle regole e sui consigli da seguire per la pubblicazione del vostro articolo sul sito.\" \/>\n<meta name=\"robots\" content=\"index, follow, max-snippet:-1, max-image-preview:large, max-video-preview:-1\" \/>\n<link rel=\"canonical\" href=\"https:\/\/www.accuratereviews.com\/it\/articolo-ospite\/\" \/>\n<meta property=\"og:locale\" content=\"it_IT\" \/>\n<meta property=\"og:type\" content=\"article\" \/>\n<meta property=\"og:title\" content=\"Articolo ospite consigli e regole per la pubblicazione - Accurate Reviews\" \/>\n<meta property=\"og:description\" content=\"Gli esperti di Accurate Reviews vi informano sulle regole e sui consigli da seguire per la pubblicazione del vostro articolo sul sito.\" \/>\n<meta property=\"og:url\" content=\"https:\/\/www.accuratereviews.com\/it\/articolo-ospite\/\" \/>\n<meta property=\"og:site_name\" content=\"Accurate Reviews\" \/>\n<meta property=\"article:modified_time\" content=\"2021-08-10T15:55:39+00:00\" \/>\n<meta property=\"og:image\" content=\"https:\/\/www.accuratereviews.com\/wp-content\/uploads\/2021\/01\/guest-post.jpg\" \/>\n\t<meta property=\"og:image:width\" content=\"1000\" \/>\n\t<meta property=\"og:image:height\" content=\"667\" \/>\n\t<meta property=\"og:image:type\" content=\"image\/jpeg\" \/>\n<meta name=\"twitter:card\" content=\"summary_large_image\" \/>\n<meta name=\"twitter:label1\" content=\"Tempo di lettura stimato\" \/>\n\t<meta name=\"twitter:data1\" content=\"3 minuti\" \/>\n<script type=\"application\/ld+json\" class=\"yoast-schema-graph\">{\"@context\":\"https:\\\/\\\/schema.org\",\"@graph\":[{\"@type\":\"WebPage\",\"@id\":\"https:\\\/\\\/www.accuratereviews.com\\\/it\\\/articolo-ospite\\\/\",\"url\":\"https:\\\/\\\/www.accuratereviews.com\\\/it\\\/articolo-ospite\\\/\",\"name\":\"Articolo ospite consigli e regole per la pubblicazione - Accurate Reviews\",\"isPartOf\":{\"@id\":\"https:\\\/\\\/www.accuratereviews.com\\\/it\\\/#website\"},\"primaryImageOfPage\":{\"@id\":\"https:\\\/\\\/www.accuratereviews.com\\\/it\\\/articolo-ospite\\\/#primaryimage\"},\"image\":{\"@id\":\"https:\\\/\\\/www.accuratereviews.com\\\/it\\\/articolo-ospite\\\/#primaryimage\"},\"thumbnailUrl\":\"https:\\\/\\\/www.accuratereviews.com\\\/wp-content\\\/uploads\\\/2021\\\/01\\\/guest-post.jpg\",\"datePublished\":\"2021-01-20T10:39:32+00:00\",\"dateModified\":\"2021-08-10T15:55:39+00:00\",\"description\":\"Gli esperti di Accurate Reviews vi informano sulle regole e sui consigli da seguire per la pubblicazione del vostro articolo sul sito.\",\"breadcrumb\":{\"@id\":\"https:\\\/\\\/www.accuratereviews.com\\\/it\\\/articolo-ospite\\\/#breadcrumb\"},\"inLanguage\":\"it-IT\",\"potentialAction\":[{\"@type\":\"ReadAction\",\"target\":[\"https:\\\/\\\/www.accuratereviews.com\\\/it\\\/articolo-ospite\\\/\"]}]},{\"@type\":\"ImageObject\",\"inLanguage\":\"it-IT\",\"@id\":\"https:\\\/\\\/www.accuratereviews.com\\\/it\\\/articolo-ospite\\\/#primaryimage\",\"url\":\"https:\\\/\\\/www.accuratereviews.com\\\/wp-content\\\/uploads\\\/2021\\\/01\\\/guest-post.jpg\",\"contentUrl\":\"https:\\\/\\\/www.accuratereviews.com\\\/wp-content\\\/uploads\\\/2021\\\/01\\\/guest-post.jpg\",\"width\":1000,\"height\":667},{\"@type\":\"BreadcrumbList\",\"@id\":\"https:\\\/\\\/www.accuratereviews.com\\\/it\\\/articolo-ospite\\\/#breadcrumb\",\"itemListElement\":[{\"@type\":\"ListItem\",\"position\":1,\"name\":\"Home\",\"item\":\"https:\\\/\\\/www.accuratereviews.com\\\/it\\\/\"},{\"@type\":\"ListItem\",\"position\":2,\"name\":\"Articolo ospite\"}]},{\"@type\":\"WebSite\",\"@id\":\"https:\\\/\\\/www.accuratereviews.com\\\/it\\\/#website\",\"url\":\"https:\\\/\\\/www.accuratereviews.com\\\/it\\\/\",\"name\":\"Accurate Reviews\",\"description\":\"\",\"potentialAction\":[{\"@type\":\"SearchAction\",\"target\":{\"@type\":\"EntryPoint\",\"urlTemplate\":\"https:\\\/\\\/www.accuratereviews.com\\\/it\\\/?s={search_term_string}\"},\"query-input\":{\"@type\":\"PropertyValueSpecification\",\"valueRequired\":true,\"valueName\":\"search_term_string\"}}],\"inLanguage\":\"it-IT\"}]}<\/script>\n<!-- \/ Yoast SEO plugin. -->","yoast_head_json":{"title":"Articolo ospite consigli e regole per la pubblicazione - Accurate Reviews","description":"Gli esperti di Accurate Reviews vi informano sulle regole e sui consigli da seguire per la pubblicazione del vostro articolo sul sito.","robots":{"index":"index","follow":"follow","max-snippet":"max-snippet:-1","max-image-preview":"max-image-preview:large","max-video-preview":"max-video-preview:-1"},"canonical":"https:\/\/www.accuratereviews.com\/it\/articolo-ospite\/","og_locale":"it_IT","og_type":"article","og_title":"Articolo ospite consigli e regole per la pubblicazione - Accurate Reviews","og_description":"Gli esperti di Accurate Reviews vi informano sulle regole e sui consigli da seguire per la pubblicazione del vostro articolo sul sito.","og_url":"https:\/\/www.accuratereviews.com\/it\/articolo-ospite\/","og_site_name":"Accurate Reviews","article_modified_time":"2021-08-10T15:55:39+00:00","og_image":[{"width":1000,"height":667,"url":"https:\/\/www.accuratereviews.com\/wp-content\/uploads\/2021\/01\/guest-post.jpg","type":"image\/jpeg"}],"twitter_card":"summary_large_image","twitter_misc":{"Tempo di lettura stimato":"3 minuti"},"schema":{"@context":"https:\/\/schema.org","@graph":[{"@type":"WebPage","@id":"https:\/\/www.accuratereviews.com\/it\/articolo-ospite\/","url":"https:\/\/www.accuratereviews.com\/it\/articolo-ospite\/","name":"Articolo ospite consigli e regole per la pubblicazione - Accurate Reviews","isPartOf":{"@id":"https:\/\/www.accuratereviews.com\/it\/#website"},"primaryImageOfPage":{"@id":"https:\/\/www.accuratereviews.com\/it\/articolo-ospite\/#primaryimage"},"image":{"@id":"https:\/\/www.accuratereviews.com\/it\/articolo-ospite\/#primaryimage"},"thumbnailUrl":"https:\/\/www.accuratereviews.com\/wp-content\/uploads\/2021\/01\/guest-post.jpg","datePublished":"2021-01-20T10:39:32+00:00","dateModified":"2021-08-10T15:55:39+00:00","description":"Gli esperti di Accurate Reviews vi informano sulle regole e sui consigli da seguire per la pubblicazione del vostro articolo sul sito.","breadcrumb":{"@id":"https:\/\/www.accuratereviews.com\/it\/articolo-ospite\/#breadcrumb"},"inLanguage":"it-IT","potentialAction":[{"@type":"ReadAction","target":["https:\/\/www.accuratereviews.com\/it\/articolo-ospite\/"]}]},{"@type":"ImageObject","inLanguage":"it-IT","@id":"https:\/\/www.accuratereviews.com\/it\/articolo-ospite\/#primaryimage","url":"https:\/\/www.accuratereviews.com\/wp-content\/uploads\/2021\/01\/guest-post.jpg","contentUrl":"https:\/\/www.accuratereviews.com\/wp-content\/uploads\/2021\/01\/guest-post.jpg","width":1000,"height":667},{"@type":"BreadcrumbList","@id":"https:\/\/www.accuratereviews.com\/it\/articolo-ospite\/#breadcrumb","itemListElement":[{"@type":"ListItem","position":1,"name":"Home","item":"https:\/\/www.accuratereviews.com\/it\/"},{"@type":"ListItem","position":2,"name":"Articolo ospite"}]},{"@type":"WebSite","@id":"https:\/\/www.accuratereviews.com\/it\/#website","url":"https:\/\/www.accuratereviews.com\/it\/","name":"Accurate Reviews","description":"","potentialAction":[{"@type":"SearchAction","target":{"@type":"EntryPoint","urlTemplate":"https:\/\/www.accuratereviews.com\/it\/?s={search_term_string}"},"query-input":{"@type":"PropertyValueSpecification","valueRequired":true,"valueName":"search_term_string"}}],"inLanguage":"it-IT"}]}},"_links":{"self":[{"href":"https:\/\/www.accuratereviews.com\/it\/wp-json\/wp\/v2\/pages\/35415","targetHints":{"allow":["GET"]}}],"collection":[{"href":"https:\/\/www.accuratereviews.com\/it\/wp-json\/wp\/v2\/pages"}],"about":[{"href":"https:\/\/www.accuratereviews.com\/it\/wp-json\/wp\/v2\/types\/page"}],"author":[{"embeddable":true,"href":"https:\/\/www.accuratereviews.com\/it\/wp-json\/wp\/v2\/users\/16"}],"replies":[{"embeddable":true,"href":"https:\/\/www.accuratereviews.com\/it\/wp-json\/wp\/v2\/comments?post=35415"}],"version-history":[{"count":22,"href":"https:\/\/www.accuratereviews.com\/it\/wp-json\/wp\/v2\/pages\/35415\/revisions"}],"predecessor-version":[{"id":46529,"href":"https:\/\/www.accuratereviews.com\/it\/wp-json\/wp\/v2\/pages\/35415\/revisions\/46529"}],"wp:featuredmedia":[{"embeddable":true,"href":"https:\/\/www.accuratereviews.com\/it\/wp-json\/wp\/v2\/media\/35527"}],"wp:attachment":[{"href":"https:\/\/www.accuratereviews.com\/it\/wp-json\/wp\/v2\/media?parent=35415"}],"wp:term":[{"taxonomy":"category","embeddable":true,"href":"https:\/\/www.accuratereviews.com\/it\/wp-json\/wp\/v2\/categories?post=35415"},{"taxonomy":"post_tag","embeddable":true,"href":"https:\/\/www.accuratereviews.com\/it\/wp-json\/wp\/v2\/tags?post=35415"},{"taxonomy":"features","embeddable":true,"href":"https:\/\/www.accuratereviews.com\/it\/wp-json\/wp\/v2\/features?post=35415"}],"curies":[{"name":"wp","href":"https:\/\/api.w.org\/{rel}","templated":true}]}}