{"id":35421,"date":"2021-01-18T14:47:04","date_gmt":"2021-01-18T14:47:04","guid":{"rendered":"https:\/\/www.accuratereviews.com\/?page_id=35421"},"modified":"2021-02-02T16:25:33","modified_gmt":"2021-02-02T16:25:33","slug":"bloomerang-recensione","status":"publish","type":"page","link":"https:\/\/www.accuratereviews.com\/it\/piattaforme-per-fundraising\/bloomerang-recensione\/","title":{"rendered":"Bloomerang"},"content":{"rendered":"<p><strong>Bloomerang<\/strong> \u00e8 una <strong>piattaforma per fundraising<\/strong>, costruita per mettere in collegamento il donatore con le organizzazioni non profit in modo tale che possano aumentare le entrate della raccolta fondi. Si tratta di un software basato su <strong>cloud<\/strong> che offre tutti gli strumenti utili per aiutare le associazioni senza scopo di lucro a ottenere maggiore visibilit\u00e0 e consensi.<br \/>\nUno degli obiettivi primari \u00e8 quello di alzare il tasso di <strong>fidelizzazione dei donatori<\/strong> permettendo cos\u00ec l&#8217;avanzamento della campagna. Questi livelli possono essere consultati direttamente sulla dashboard, dove troverai anche le informazioni di contatto dei donatori, ai quali potrai inviare sondaggi via mail per misurare la soddisfazione, l&#8217;impegno e la fiducia della tua organizzazione.<br \/>\nPer essere ancora pi\u00f9 comodo, <strong>Bloomerang<\/strong> ha sviluppato anche l&#8217;app gratuita per i dispositivi iOS cos\u00ec potrai tenere sotto controllo la situazione direttamente dal tuo iPhone.<\/p>\n<h2>COME FUNZIONA BLOOMERANG &#8211; TUTORIAL<\/h2>\n<p>Diamo uno sguardo a questo video per comprendere come utilizzare questo <strong>programma per fundraising<\/strong>:<\/p>\n<div id=\"fluid-wrapper-counter-1\" class=\"g1-fluid-wrapper \" style=\"width:686px;\">\n<div style=\"padding-bottom:56.268221574344%;\"><iframe loading=\"lazy\" title=\"How to Acquire New Donors and Create an Engaging Donor Journey in 2020\" width=\"686\" height=\"386\" src=\"https:\/\/www.youtube.com\/embed\/WKIYJ0nZOUA?feature=oembed&amp;wmode=transparent&amp;autohide=1&amp;autoplay=0&amp;disablekb=0&amp;fs=1&amp;loop=0&amp;enablejsapi=1&amp;rel=0&amp;controls=2&amp;showinfo=0&amp;wmode=transparent&amp;autohide=2&amp;autoplay=0&amp;disablekb=0&amp;fs=1&amp;loop=0&amp;enablejsapi=1&amp;rel=0&amp;controls=2&amp;showinfo=1\" frameborder=\"0\" allow=\"accelerometer; autoplay; clipboard-write; encrypted-media; gyroscope; picture-in-picture\" allowfullscreen><\/iframe><\/div>\n<\/div>\n<h3>BLOOMERANG &#8211; CARATTERISTICHE<\/h3>\n<ul>\n<li style=\"font-weight: 400;\" aria-level=\"1\"><span style=\"font-weight: 400;\"><strong>CRM<\/strong>: gestisci le relazioni non solo con i donatori, ma anche con volontari, sponsor e beneficiari\u00a0<\/span><\/li>\n<li aria-level=\"1\"><strong>Moduli personalizzabili<\/strong>: crea e personalizza moduli per le donazioni online da incorporare direttamente sul sito web dell&#8217;organizzazione non profit<\/li>\n<li style=\"font-weight: 400;\" aria-level=\"1\"><span style=\"font-weight: 400;\"><strong>Marketing via mail<\/strong>: crea e programma newsletter, appelli e riconoscimenti via mail<\/span><\/li>\n<li style=\"font-weight: 400;\" aria-level=\"1\"><span style=\"font-weight: 400;\"><strong>Integrazioni<\/strong>: collegamento con qualsiasi sito web CMS e con app di screening patrimoniale, peer-to-peer e di contabilit\u00e0 dei fondi<\/span><\/li>\n<li style=\"font-weight: 400;\" aria-level=\"1\"><span style=\"font-weight: 400;\"><strong>Misuratore di coinvolgimento<\/strong>: ottieni una panoramica del livello di coinvolgimento attuale di ogni componente, in base alle interazioni passate con la tua organizzazione<\/span><\/li>\n<li style=\"font-weight: 400;\" aria-level=\"1\"><span style=\"font-weight: 400;\"><strong>Punteggio di generosit\u00e0<\/strong>: identifica i tuoi migliori potenziali clienti attraverso i dati di screening filantropici disponibili pubblicamente su ogni componente del tuo database<\/span><\/li>\n<li style=\"font-weight: 400;\" aria-level=\"1\"><span style=\"font-weight: 400;\"><strong>Social media<\/strong>: abbina i tweet ai donatori nel tuo database o identifica i potenziali donatori che stanno parlando di te<\/span><\/li>\n<li style=\"font-weight: 400;\" aria-level=\"1\"><span style=\"font-weight: 400;\"><strong>Report intelligenti<\/strong>: padroneggia i tuoi dati con report semplici e intuitivi che rendono facile evidenziare le informazioni pi\u00f9 rilevanti per gli stakeholder<\/span><\/li>\n<\/ul>\n<h4>LE RECENSIONI DEGLI UTENTI<\/h4>\n<p><b>&#8220;Recensione di Bloomerang&#8221;<br \/>\n<\/b>IN GENERALE: nel complesso, \u00e8 stata un&#8217;esperienza molto interessante. Non esiterei a raccomandare Bloomerang a un altro professionista della raccolta fondi. Ci ha davvero aiutato con la nostra gestione dei donatori.<br \/>\n<span style=\"font-weight: 400;\">PRO: il supporto e la facilit\u00e0 d&#8217;uso sono i due attributi pi\u00f9 preziosi di Bloomerang. Il personale di supporto \u00e8 sempre disponibile e paziente. L&#8217;interfaccia \u00e8 intuitiva, viene costantemente aggiornata e Bloomerang \u00e8 molto ricettivo ai suggerimenti e alle esigenze degli utenti.<br \/>\n<\/span>CONTRO: la conversione \u00e8 stata difficile con il prodotto che stavamo utilizzando prima, ETapestry. Molti dati non erano trasferibili e bisognava controllare riga per riga per correggere i problemi una volta completata la conversione.<\/p>\n<p><b>&#8220;Miglior prodotto per il prezzo&#8221;<br \/>\n<\/b>IN GENERALE: perfetto. Bloomerang \u00e8 esattamente ci\u00f2 che il mio team stava cercando e continua a crescere e migliorare ogni giorno.<br \/>\nPRO: questo software \u00e8 estremamente intuitivo. Tutto \u00e8 spiegato in pop-up, video, articoli e dal team di supporto. Il sistema pu\u00f2 essere rilevato e utilizzato da chiunque nel nostro team.<br \/>\nCONTRO: vorrei che ci fossero aggiunte come l&#8217;ascolto dei social media o il testo. Vorrei anche che ci fosse un&#8217;app. Ma queste caratteristiche costerebbero di pi\u00f9 e il basso costo \u00e8 una delle cose migliori di questo prodotto!<\/p>\n<p><b>&#8220;Adoriamo Bloomerang!&#8221;<br \/>\n<\/b>IN GENERALE: nel complesso, siamo estremamente soddisfatti di Bloomerang! Il passaggio a questo prodotto ha reso i nostri processi quotidiani molto pi\u00f9 semplici.<br \/>\nPRO: apprezziamo molto la semplicit\u00e0 di questo prodotto. \u00c8 facile da imparare, semplice da usare ogni giorno. Il team di Bloomerang \u00e8 stato molto accurato nel ripulire i nostri dati e nell&#8217;aiutarci durante l&#8217;intero processo.\u00a0Anche il supporto di Bloomerang \u00e8 eccellente!<br \/>\nCONTRO: occasionalmente, il nostro team ha difficolt\u00e0 con l&#8217;elemento di segnalazione in Bloomerang. La maggior parte delle volte siamo in grado di ottenere tutto ci\u00f2 di cui abbiamo bisogno dai report. Tuttavia, ci sono momenti in cui la funzione di segnalazione \u00e8 un po&#8217; complessa e difficile da usare.<br \/>\nSiamo grati che il supporto sia disponibile per assistere quando si verificano problemi.<\/p>\n","protected":false},"excerpt":{"rendered":"<p>Bloomerang \u00e8 una piattaforma per fundraising, costruita per mettere in collegamento il donatore con le organizzazioni non profit in modo tale che possano aumentare le entrate della raccolta fondi. Si tratta di un software basato su cloud che offre tutti gli strumenti utili per aiutare le associazioni senza scopo di lucro a ottenere maggiore visibilit\u00e0 e consensi.<br \/>\nUno degli obiettivi primari \u00e8 quello di alzare il tasso di fidelizzazione dei donatori permettendo cos\u00ec l&#8217;avanzamento della campagna.<\/p>\n","protected":false},"author":17,"featured_media":35423,"parent":35419,"menu_order":0,"comment_status":"open","ping_status":"closed","template":"g1_template_page_review_new.php","meta":{"_acf_changed":false,"cwp_meta_box_check":"No","cwp_rev_product_name":"","cwp_rev_product_image":"","wppr_links":[],"cwp_rev_price":"","wppr_options":[],"wppr_pros":[],"wppr_cons":[],"_monsterinsights_skip_tracking":false,"_monsterinsights_sitenote_active":false,"_monsterinsights_sitenote_note":"","_monsterinsights_sitenote_category":0,"footnotes":""},"categories":[4851],"tags":[4860,396,4853,4858,4852,4855,4859,4854],"features":[],"class_list":{"0":"post-35421","1":"page","2":"type-page","3":"status-publish","4":"has-post-thumbnail","6":"category-piattaforme-per-fundraising-categoria","7":"tag-associazioni-senza-scopo-di-lucro","8":"tag-cloud","9":"tag-fundraising","10":"tag-organizzazioni-non-profit","11":"tag-piattaforma-per-fundraising","12":"tag-programma-per-fundraising","13":"tag-raccolta-fondi","14":"tag-software-per-fundraising"},"wppr_data":{"cwp_meta_box_check":"No"},"acf":[],"yoast_head":"<!-- This site is optimized with the Yoast SEO plugin v27.4 - https:\/\/yoast.com\/product\/yoast-seo-wordpress\/ -->\n<title>Bloomerang: piattaforma per fundraising recensione - Accurate Reviews<\/title>\n<meta name=\"description\" content=\"Bloomerang: recensione della piattaforma per fundraising, costruita per mettere in collegamento il donatore con le organizzazioni non profit.\" \/>\n<meta name=\"robots\" content=\"index, follow, max-snippet:-1, max-image-preview:large, max-video-preview:-1\" \/>\n<link rel=\"canonical\" href=\"https:\/\/www.accuratereviews.com\/it\/piattaforme-per-fundraising\/bloomerang-recensione\/\" \/>\n<meta property=\"og:locale\" content=\"it_IT\" \/>\n<meta property=\"og:type\" content=\"article\" \/>\n<meta property=\"og:title\" content=\"Bloomerang: piattaforma per fundraising recensione - Accurate Reviews\" \/>\n<meta property=\"og:description\" content=\"Bloomerang: recensione della piattaforma per fundraising, costruita per mettere in collegamento il donatore con le organizzazioni non profit.\" \/>\n<meta property=\"og:url\" content=\"https:\/\/www.accuratereviews.com\/it\/piattaforme-per-fundraising\/bloomerang-recensione\/\" \/>\n<meta property=\"og:site_name\" content=\"Accurate Reviews\" \/>\n<meta property=\"article:modified_time\" content=\"2021-02-02T16:25:33+00:00\" \/>\n<meta property=\"og:image\" content=\"https:\/\/www.accuratereviews.com\/wp-content\/uploads\/2021\/01\/Bloomerang-Logo-Hor-RGB.png\" \/>\n\t<meta property=\"og:image:width\" content=\"1435\" \/>\n\t<meta property=\"og:image:height\" content=\"259\" \/>\n\t<meta property=\"og:image:type\" content=\"image\/png\" \/>\n<meta name=\"twitter:card\" content=\"summary_large_image\" \/>\n<meta name=\"twitter:label1\" content=\"Tempo di lettura stimato\" \/>\n\t<meta name=\"twitter:data1\" content=\"3 minuti\" \/>\n<script type=\"application\/ld+json\" class=\"yoast-schema-graph\">{\"@context\":\"https:\\\/\\\/schema.org\",\"@graph\":[{\"@type\":\"WebPage\",\"@id\":\"https:\\\/\\\/www.accuratereviews.com\\\/it\\\/piattaforme-per-fundraising\\\/bloomerang-recensione\\\/\",\"url\":\"https:\\\/\\\/www.accuratereviews.com\\\/it\\\/piattaforme-per-fundraising\\\/bloomerang-recensione\\\/\",\"name\":\"Bloomerang: piattaforma per fundraising recensione - Accurate Reviews\",\"isPartOf\":{\"@id\":\"https:\\\/\\\/www.accuratereviews.com\\\/it\\\/#website\"},\"primaryImageOfPage\":{\"@id\":\"https:\\\/\\\/www.accuratereviews.com\\\/it\\\/piattaforme-per-fundraising\\\/bloomerang-recensione\\\/#primaryimage\"},\"image\":{\"@id\":\"https:\\\/\\\/www.accuratereviews.com\\\/it\\\/piattaforme-per-fundraising\\\/bloomerang-recensione\\\/#primaryimage\"},\"thumbnailUrl\":\"https:\\\/\\\/www.accuratereviews.com\\\/wp-content\\\/uploads\\\/2021\\\/01\\\/Bloomerang-Logo-Hor-RGB.png\",\"datePublished\":\"2021-01-18T14:47:04+00:00\",\"dateModified\":\"2021-02-02T16:25:33+00:00\",\"description\":\"Bloomerang: recensione della piattaforma per fundraising, costruita per mettere in collegamento il donatore con le organizzazioni non profit.\",\"breadcrumb\":{\"@id\":\"https:\\\/\\\/www.accuratereviews.com\\\/it\\\/piattaforme-per-fundraising\\\/bloomerang-recensione\\\/#breadcrumb\"},\"inLanguage\":\"it-IT\",\"potentialAction\":[{\"@type\":\"ReadAction\",\"target\":[\"https:\\\/\\\/www.accuratereviews.com\\\/it\\\/piattaforme-per-fundraising\\\/bloomerang-recensione\\\/\"]}]},{\"@type\":\"ImageObject\",\"inLanguage\":\"it-IT\",\"@id\":\"https:\\\/\\\/www.accuratereviews.com\\\/it\\\/piattaforme-per-fundraising\\\/bloomerang-recensione\\\/#primaryimage\",\"url\":\"https:\\\/\\\/www.accuratereviews.com\\\/wp-content\\\/uploads\\\/2021\\\/01\\\/Bloomerang-Logo-Hor-RGB.png\",\"contentUrl\":\"https:\\\/\\\/www.accuratereviews.com\\\/wp-content\\\/uploads\\\/2021\\\/01\\\/Bloomerang-Logo-Hor-RGB.png\",\"width\":1435,\"height\":259},{\"@type\":\"BreadcrumbList\",\"@id\":\"https:\\\/\\\/www.accuratereviews.com\\\/it\\\/piattaforme-per-fundraising\\\/bloomerang-recensione\\\/#breadcrumb\",\"itemListElement\":[{\"@type\":\"ListItem\",\"position\":1,\"name\":\"Home\",\"item\":\"https:\\\/\\\/www.accuratereviews.com\\\/it\\\/\"},{\"@type\":\"ListItem\",\"position\":2,\"name\":\"Piattaforme per fundraising\",\"item\":\"https:\\\/\\\/www.accuratereviews.com\\\/it\\\/piattaforme-per-fundraising\\\/\"},{\"@type\":\"ListItem\",\"position\":3,\"name\":\"Bloomerang\"}]},{\"@type\":\"WebSite\",\"@id\":\"https:\\\/\\\/www.accuratereviews.com\\\/it\\\/#website\",\"url\":\"https:\\\/\\\/www.accuratereviews.com\\\/it\\\/\",\"name\":\"Accurate Reviews\",\"description\":\"\",\"potentialAction\":[{\"@type\":\"SearchAction\",\"target\":{\"@type\":\"EntryPoint\",\"urlTemplate\":\"https:\\\/\\\/www.accuratereviews.com\\\/it\\\/?s={search_term_string}\"},\"query-input\":{\"@type\":\"PropertyValueSpecification\",\"valueRequired\":true,\"valueName\":\"search_term_string\"}}],\"inLanguage\":\"it-IT\"}]}<\/script>\n<!-- \/ Yoast SEO plugin. -->","yoast_head_json":{"title":"Bloomerang: piattaforma per fundraising recensione - Accurate Reviews","description":"Bloomerang: recensione della piattaforma per fundraising, costruita per mettere in collegamento il donatore con le organizzazioni non profit.","robots":{"index":"index","follow":"follow","max-snippet":"max-snippet:-1","max-image-preview":"max-image-preview:large","max-video-preview":"max-video-preview:-1"},"canonical":"https:\/\/www.accuratereviews.com\/it\/piattaforme-per-fundraising\/bloomerang-recensione\/","og_locale":"it_IT","og_type":"article","og_title":"Bloomerang: piattaforma per fundraising recensione - Accurate Reviews","og_description":"Bloomerang: recensione della piattaforma per fundraising, costruita per mettere in collegamento il donatore con le organizzazioni non profit.","og_url":"https:\/\/www.accuratereviews.com\/it\/piattaforme-per-fundraising\/bloomerang-recensione\/","og_site_name":"Accurate Reviews","article_modified_time":"2021-02-02T16:25:33+00:00","og_image":[{"width":1435,"height":259,"url":"https:\/\/www.accuratereviews.com\/wp-content\/uploads\/2021\/01\/Bloomerang-Logo-Hor-RGB.png","type":"image\/png"}],"twitter_card":"summary_large_image","twitter_misc":{"Tempo di lettura stimato":"3 minuti"},"schema":{"@context":"https:\/\/schema.org","@graph":[{"@type":"WebPage","@id":"https:\/\/www.accuratereviews.com\/it\/piattaforme-per-fundraising\/bloomerang-recensione\/","url":"https:\/\/www.accuratereviews.com\/it\/piattaforme-per-fundraising\/bloomerang-recensione\/","name":"Bloomerang: piattaforma per fundraising recensione - Accurate Reviews","isPartOf":{"@id":"https:\/\/www.accuratereviews.com\/it\/#website"},"primaryImageOfPage":{"@id":"https:\/\/www.accuratereviews.com\/it\/piattaforme-per-fundraising\/bloomerang-recensione\/#primaryimage"},"image":{"@id":"https:\/\/www.accuratereviews.com\/it\/piattaforme-per-fundraising\/bloomerang-recensione\/#primaryimage"},"thumbnailUrl":"https:\/\/www.accuratereviews.com\/wp-content\/uploads\/2021\/01\/Bloomerang-Logo-Hor-RGB.png","datePublished":"2021-01-18T14:47:04+00:00","dateModified":"2021-02-02T16:25:33+00:00","description":"Bloomerang: recensione della piattaforma per fundraising, costruita per mettere in collegamento il donatore con le organizzazioni non profit.","breadcrumb":{"@id":"https:\/\/www.accuratereviews.com\/it\/piattaforme-per-fundraising\/bloomerang-recensione\/#breadcrumb"},"inLanguage":"it-IT","potentialAction":[{"@type":"ReadAction","target":["https:\/\/www.accuratereviews.com\/it\/piattaforme-per-fundraising\/bloomerang-recensione\/"]}]},{"@type":"ImageObject","inLanguage":"it-IT","@id":"https:\/\/www.accuratereviews.com\/it\/piattaforme-per-fundraising\/bloomerang-recensione\/#primaryimage","url":"https:\/\/www.accuratereviews.com\/wp-content\/uploads\/2021\/01\/Bloomerang-Logo-Hor-RGB.png","contentUrl":"https:\/\/www.accuratereviews.com\/wp-content\/uploads\/2021\/01\/Bloomerang-Logo-Hor-RGB.png","width":1435,"height":259},{"@type":"BreadcrumbList","@id":"https:\/\/www.accuratereviews.com\/it\/piattaforme-per-fundraising\/bloomerang-recensione\/#breadcrumb","itemListElement":[{"@type":"ListItem","position":1,"name":"Home","item":"https:\/\/www.accuratereviews.com\/it\/"},{"@type":"ListItem","position":2,"name":"Piattaforme per fundraising","item":"https:\/\/www.accuratereviews.com\/it\/piattaforme-per-fundraising\/"},{"@type":"ListItem","position":3,"name":"Bloomerang"}]},{"@type":"WebSite","@id":"https:\/\/www.accuratereviews.com\/it\/#website","url":"https:\/\/www.accuratereviews.com\/it\/","name":"Accurate Reviews","description":"","potentialAction":[{"@type":"SearchAction","target":{"@type":"EntryPoint","urlTemplate":"https:\/\/www.accuratereviews.com\/it\/?s={search_term_string}"},"query-input":{"@type":"PropertyValueSpecification","valueRequired":true,"valueName":"search_term_string"}}],"inLanguage":"it-IT"}]}},"_links":{"self":[{"href":"https:\/\/www.accuratereviews.com\/it\/wp-json\/wp\/v2\/pages\/35421","targetHints":{"allow":["GET"]}}],"collection":[{"href":"https:\/\/www.accuratereviews.com\/it\/wp-json\/wp\/v2\/pages"}],"about":[{"href":"https:\/\/www.accuratereviews.com\/it\/wp-json\/wp\/v2\/types\/page"}],"author":[{"embeddable":true,"href":"https:\/\/www.accuratereviews.com\/it\/wp-json\/wp\/v2\/users\/17"}],"replies":[{"embeddable":true,"href":"https:\/\/www.accuratereviews.com\/it\/wp-json\/wp\/v2\/comments?post=35421"}],"version-history":[{"count":11,"href":"https:\/\/www.accuratereviews.com\/it\/wp-json\/wp\/v2\/pages\/35421\/revisions"}],"predecessor-version":[{"id":36542,"href":"https:\/\/www.accuratereviews.com\/it\/wp-json\/wp\/v2\/pages\/35421\/revisions\/36542"}],"up":[{"embeddable":true,"href":"https:\/\/www.accuratereviews.com\/it\/wp-json\/wp\/v2\/pages\/35419"}],"wp:featuredmedia":[{"embeddable":true,"href":"https:\/\/www.accuratereviews.com\/it\/wp-json\/wp\/v2\/media\/35423"}],"wp:attachment":[{"href":"https:\/\/www.accuratereviews.com\/it\/wp-json\/wp\/v2\/media?parent=35421"}],"wp:term":[{"taxonomy":"category","embeddable":true,"href":"https:\/\/www.accuratereviews.com\/it\/wp-json\/wp\/v2\/categories?post=35421"},{"taxonomy":"post_tag","embeddable":true,"href":"https:\/\/www.accuratereviews.com\/it\/wp-json\/wp\/v2\/tags?post=35421"},{"taxonomy":"features","embeddable":true,"href":"https:\/\/www.accuratereviews.com\/it\/wp-json\/wp\/v2\/features?post=35421"}],"curies":[{"name":"wp","href":"https:\/\/api.w.org\/{rel}","templated":true}]}}