{"id":35436,"date":"2021-01-18T14:45:51","date_gmt":"2021-01-18T14:45:51","guid":{"rendered":"https:\/\/www.accuratereviews.com\/?page_id=35436"},"modified":"2021-02-02T16:19:45","modified_gmt":"2021-02-02T16:19:45","slug":"servant-keeper-recensione","status":"publish","type":"page","link":"https:\/\/www.accuratereviews.com\/it\/piattaforme-per-fundraising\/servant-keeper-recensione\/","title":{"rendered":"Servant Keeper"},"content":{"rendered":"<p><strong>Servant Keeper<\/strong> \u00e8 un<strong> software per fundraising<\/strong> molto semplice da usare, tanto che \u00e8 utilizzato da pi\u00f9 di 30.000 chiese e organizzazioni no profit. \u00c8 composto da strumenti potenti e sofisticati, studiati con l&#8217;obiettivo di essere intuitivi e facili da usare, rendendoli accessibili a chiunque. Questa piattaforma permette di avere sempre a portata di mano i tuoi dati e di risparmiare tempo e fatica poich\u00e9 automatizza i processi quotidiani.<br \/>\nUna caratteristica che sicuramente ti piacer\u00e0 \u00e8 la personalizzazione di <strong>Servant Keeper<\/strong>, che si adatta alle esigenze di tutte le chiese e associazioni senza scopo di lucro che scelgono questa <strong>piattaforma per fundraising<\/strong>. Essendo basato sul cloud, tutti i tuoi dati saranno salvati e potrai decidere di trasferirli su un&#8217;unit\u00e0 flash, su un disco o ovunque tu voglia in qualsiasi momento. Potrai visualizzarli non solo sul tuo computer, ma anche sul tuo smartphone cos\u00ec da poter essere sempre aggiornato.<\/p>\n<h2>COME FUNZIONA SERVANT KEEPER &#8211; TUTORIAL<\/h2>\n<div id=\"fluid-wrapper-counter-1\" class=\"g1-fluid-wrapper \" style=\"width:686px;\">\n<div style=\"padding-bottom:56.268221574344%;\"><iframe loading=\"lazy\" title=\"Servant Keeper church software donor management\" width=\"515\" height=\"386\" src=\"https:\/\/www.youtube.com\/embed\/7YwbVb0Pvbw?feature=oembed&amp;wmode=transparent&amp;autohide=1&amp;autoplay=0&amp;disablekb=0&amp;fs=1&amp;loop=0&amp;enablejsapi=1&amp;rel=0&amp;controls=2&amp;showinfo=0&amp;wmode=transparent&amp;autohide=2&amp;autoplay=0&amp;disablekb=0&amp;fs=1&amp;loop=0&amp;enablejsapi=1&amp;rel=0&amp;controls=2&amp;showinfo=1\" frameborder=\"0\" allow=\"accelerometer; autoplay; clipboard-write; encrypted-media; gyroscope; picture-in-picture\" allowfullscreen><\/iframe><\/div>\n<\/div>\n<h4>SERVANT KEEPER &#8211; CARATTERISTICHE<\/h4>\n<ul>\n<li><strong>Gestione membri<\/strong>: conserva tutte le informazioni, i profili dei membri e dei volontari nel tuo software di gestione della chiesa<\/li>\n<li><strong>Gestione donatori e contributi<\/strong>: grazie all&#8217;integrazione con QuickBooks e altri software di contabilit\u00e0, puoi registrare e monitorare ogni movimento gestendo al meglio donatori e contributi<\/li>\n<li><strong>Gestione sacramenti<\/strong>: tieni traccia di B<span class=\"JLqJ4b\" data-language-for-alternatives=\"it\" data-language-to-translate-into=\"en\" data-phrase-index=\"5\"><span class=\"JLqJ4b ChMk0b\" data-language-for-alternatives=\"it\" data-language-to-translate-into=\"en\" data-phrase-index=\"6\">attesimi, Prime comunioni, Riconciliazioni, Matrimoni, Ordini sacri, Funerali e crea e condividi certificati sacramentali<\/span><\/span><\/li>\n<li><strong>Comunicazione via mail o stampata<\/strong>: utilizza la posta elettronica, crea documenti e lettere personalizzate o utilizza i gruppi e le sincronizzazioni di Sevant Keeper\u00a0per comunicare pi\u00f9 velocemente con chiunque<\/li>\n<li><strong>Gruppi intelligenti<\/strong>: crea gruppi in<span class=\"JLqJ4b\" data-language-for-alternatives=\"it\" data-language-to-translate-into=\"en\" data-phrase-index=\"1\"><span class=\"JLqJ4b ChMk0b\" data-language-for-alternatives=\"it\" data-language-to-translate-into=\"en\" data-phrase-index=\"2\">\u00a0base a qualsiasi criterio in pochi secondi e imposta una posta personalizzata per ciascun gruppo<\/span><\/span><\/li>\n<li><strong>Promemoria e appuntamenti<\/strong>: fissa appuntamenti per te o per gli altri e contrassegna quelli completati. Crea promemoria che ti ricordino della riunione o di follow up per i nuovi utenti<\/li>\n<li><strong>Sistema reportistico<\/strong>: utilizza e personalizza report predefiniti messi a disposizione da Servant Keeper o crea i tuoi per poi condividerli con il resto della comunit\u00e0<\/li>\n<li><strong>App mobile<\/strong>: accedi all&#8217;applicazione da qualsiasi luogo e in qualsiasi momento.<\/li>\n<\/ul>\n<h4>LE RECENSIONI DEGLI UTENTI<\/h4>\n<p><b>&#8220;Assistenza clienti&#8221;<br \/>\n<\/b>IN GENERALE: sto ancora scoprendo Servant Keeper e le cose che posso fare, MA la mia esperienza \u00e8 stata GRANDE! Il personale dell&#8217;HELP DESK \u00e8 paziente ed eccellente docente. Molto informativo e ben informato riguardo al software.<br \/>\nPRO: il software sembra aver preso in considerazione le esigenze di una chiesa e come funziona<br \/>\nCONTRO: non sono ancora sicuro. Sto ancora imparando.<\/p>\n<p><b>&#8220;Di facile utilizzo&#8221;<br \/>\n<\/b>IN GENERALE: Servant Keeper \u00e8 stato di aiuto e sono molto pazienti con me, anche se sono sfidato dalla tecnologia all&#8217;et\u00e0 di 62 anni, non mi sento mai giudicato, anche con la semplicit\u00e0 del programma.<br \/>\nPRO: posso accedere a Servant Keeper dal mio telefono sempre e ovunque<br \/>\nCONTRO: se ho dei problemi, chiamo l&#8217;help desk e mi guidano attraverso qualsiasi cosa su cui abbia dubbi e la risolvono. In conclusione, non riesco a pensare ad aspetti negativi.<\/p>\n<p><b>&#8220;Servant Keeper&#8221;<br \/>\n<\/b>IN GENERALE: \u00e8 un posto per tenere traccia principalmente delle persone nella nostra congregazione. Mi piace poter cercare compleanni, anniversari e stampare un report con il semplice tocco di un pulsante o due.<br \/>\nPRO: Servant Keeper \u00e8 un database molto intuitivo per le chiese che ha anche un hub per le finanze. Posso tenere traccia delle presenze, delle offerte e delle informazioni personali tutto in un unico posto. Stampa facilmente report, buste e directory.<br \/>\nCONTRO: a volte \u00e8 difficile capire la segnalazione e la fusione con altre cose come parole, buste, ecc.<\/p>\n","protected":false},"excerpt":{"rendered":"<p>Servant Keeper \u00e8 un software per fundraising molto semplice da usare tanto che \u00e8 utilizzato da pi\u00f9 di 30.000 chiese e organizzazioni non profit. \u00c8 composto da strumenti potenti e sofisticati, studiati con l&#8217;obiettivo di essere intuitivi e facili da usare, rendendoli accessibili a chiunque. Questa piattaforma ti permette di avere sempre a portata di mano i tuoi dati e di risparmiare tempo e fatica poich\u00e9\u00a0automatizza i processi quotidiani.<\/p>\n","protected":false},"author":17,"featured_media":35437,"parent":35419,"menu_order":0,"comment_status":"open","ping_status":"closed","template":"g1_template_page_review_new.php","meta":{"_acf_changed":false,"cwp_meta_box_check":"No","cwp_rev_product_name":"","cwp_rev_product_image":"","wppr_links":[],"cwp_rev_price":"","wppr_options":[],"wppr_pros":[],"wppr_cons":[],"_monsterinsights_skip_tracking":false,"_monsterinsights_sitenote_active":false,"_monsterinsights_sitenote_note":"","_monsterinsights_sitenote_category":0,"footnotes":""},"categories":[4851],"tags":[396,4853,4858,4852,4855,4854],"features":[],"class_list":{"0":"post-35436","1":"page","2":"type-page","3":"status-publish","4":"has-post-thumbnail","6":"category-piattaforme-per-fundraising-categoria","7":"tag-cloud","8":"tag-fundraising","9":"tag-organizzazioni-non-profit","10":"tag-piattaforma-per-fundraising","11":"tag-programma-per-fundraising","12":"tag-software-per-fundraising"},"wppr_data":{"cwp_meta_box_check":"No"},"acf":[],"yoast_head":"<!-- This site is optimized with the Yoast SEO plugin v27.4 - https:\/\/yoast.com\/product\/yoast-seo-wordpress\/ -->\n<title>Servant Keeper: piattaforma per fundraising - Accurate Reviews<\/title>\n<meta name=\"description\" content=\"Servant Keeper: recensione della piattaforma per fundraising utilizzata da pi\u00f9 di 30.000 chiese e organizzazioni non profit.\" \/>\n<meta name=\"robots\" content=\"index, follow, max-snippet:-1, max-image-preview:large, max-video-preview:-1\" \/>\n<link rel=\"canonical\" href=\"https:\/\/www.accuratereviews.com\/it\/piattaforme-per-fundraising\/servant-keeper-recensione\/\" \/>\n<meta property=\"og:locale\" content=\"it_IT\" \/>\n<meta property=\"og:type\" content=\"article\" \/>\n<meta property=\"og:title\" content=\"Servant Keeper: piattaforma per fundraising - Accurate Reviews\" \/>\n<meta property=\"og:description\" content=\"Servant Keeper: recensione della piattaforma per fundraising utilizzata da pi\u00f9 di 30.000 chiese e organizzazioni non profit.\" \/>\n<meta property=\"og:url\" content=\"https:\/\/www.accuratereviews.com\/it\/piattaforme-per-fundraising\/servant-keeper-recensione\/\" \/>\n<meta property=\"og:site_name\" content=\"Accurate Reviews\" \/>\n<meta property=\"article:modified_time\" content=\"2021-02-02T16:19:45+00:00\" \/>\n<meta property=\"og:image\" content=\"https:\/\/www.accuratereviews.com\/wp-content\/uploads\/2021\/01\/servant-keeper.png\" \/>\n\t<meta property=\"og:image:width\" content=\"499\" \/>\n\t<meta property=\"og:image:height\" content=\"220\" \/>\n\t<meta property=\"og:image:type\" content=\"image\/png\" \/>\n<meta name=\"twitter:card\" content=\"summary_large_image\" \/>\n<meta name=\"twitter:label1\" content=\"Tempo di lettura stimato\" \/>\n\t<meta name=\"twitter:data1\" content=\"3 minuti\" \/>\n<script type=\"application\/ld+json\" class=\"yoast-schema-graph\">{\"@context\":\"https:\\\/\\\/schema.org\",\"@graph\":[{\"@type\":\"WebPage\",\"@id\":\"https:\\\/\\\/www.accuratereviews.com\\\/it\\\/piattaforme-per-fundraising\\\/servant-keeper-recensione\\\/\",\"url\":\"https:\\\/\\\/www.accuratereviews.com\\\/it\\\/piattaforme-per-fundraising\\\/servant-keeper-recensione\\\/\",\"name\":\"Servant Keeper: piattaforma per fundraising - Accurate Reviews\",\"isPartOf\":{\"@id\":\"https:\\\/\\\/www.accuratereviews.com\\\/it\\\/#website\"},\"primaryImageOfPage\":{\"@id\":\"https:\\\/\\\/www.accuratereviews.com\\\/it\\\/piattaforme-per-fundraising\\\/servant-keeper-recensione\\\/#primaryimage\"},\"image\":{\"@id\":\"https:\\\/\\\/www.accuratereviews.com\\\/it\\\/piattaforme-per-fundraising\\\/servant-keeper-recensione\\\/#primaryimage\"},\"thumbnailUrl\":\"https:\\\/\\\/www.accuratereviews.com\\\/wp-content\\\/uploads\\\/2021\\\/01\\\/servant-keeper.png\",\"datePublished\":\"2021-01-18T14:45:51+00:00\",\"dateModified\":\"2021-02-02T16:19:45+00:00\",\"description\":\"Servant Keeper: recensione della piattaforma per fundraising utilizzata da pi\u00f9 di 30.000 chiese e organizzazioni non profit.\",\"breadcrumb\":{\"@id\":\"https:\\\/\\\/www.accuratereviews.com\\\/it\\\/piattaforme-per-fundraising\\\/servant-keeper-recensione\\\/#breadcrumb\"},\"inLanguage\":\"it-IT\",\"potentialAction\":[{\"@type\":\"ReadAction\",\"target\":[\"https:\\\/\\\/www.accuratereviews.com\\\/it\\\/piattaforme-per-fundraising\\\/servant-keeper-recensione\\\/\"]}]},{\"@type\":\"ImageObject\",\"inLanguage\":\"it-IT\",\"@id\":\"https:\\\/\\\/www.accuratereviews.com\\\/it\\\/piattaforme-per-fundraising\\\/servant-keeper-recensione\\\/#primaryimage\",\"url\":\"https:\\\/\\\/www.accuratereviews.com\\\/wp-content\\\/uploads\\\/2021\\\/01\\\/servant-keeper.png\",\"contentUrl\":\"https:\\\/\\\/www.accuratereviews.com\\\/wp-content\\\/uploads\\\/2021\\\/01\\\/servant-keeper.png\",\"width\":499,\"height\":220},{\"@type\":\"BreadcrumbList\",\"@id\":\"https:\\\/\\\/www.accuratereviews.com\\\/it\\\/piattaforme-per-fundraising\\\/servant-keeper-recensione\\\/#breadcrumb\",\"itemListElement\":[{\"@type\":\"ListItem\",\"position\":1,\"name\":\"Home\",\"item\":\"https:\\\/\\\/www.accuratereviews.com\\\/it\\\/\"},{\"@type\":\"ListItem\",\"position\":2,\"name\":\"Piattaforme per fundraising\",\"item\":\"https:\\\/\\\/www.accuratereviews.com\\\/it\\\/piattaforme-per-fundraising\\\/\"},{\"@type\":\"ListItem\",\"position\":3,\"name\":\"Servant Keeper\"}]},{\"@type\":\"WebSite\",\"@id\":\"https:\\\/\\\/www.accuratereviews.com\\\/it\\\/#website\",\"url\":\"https:\\\/\\\/www.accuratereviews.com\\\/it\\\/\",\"name\":\"Accurate Reviews\",\"description\":\"\",\"potentialAction\":[{\"@type\":\"SearchAction\",\"target\":{\"@type\":\"EntryPoint\",\"urlTemplate\":\"https:\\\/\\\/www.accuratereviews.com\\\/it\\\/?s={search_term_string}\"},\"query-input\":{\"@type\":\"PropertyValueSpecification\",\"valueRequired\":true,\"valueName\":\"search_term_string\"}}],\"inLanguage\":\"it-IT\"}]}<\/script>\n<!-- \/ Yoast SEO plugin. -->","yoast_head_json":{"title":"Servant Keeper: piattaforma per fundraising - Accurate Reviews","description":"Servant Keeper: recensione della piattaforma per fundraising utilizzata da pi\u00f9 di 30.000 chiese e organizzazioni non profit.","robots":{"index":"index","follow":"follow","max-snippet":"max-snippet:-1","max-image-preview":"max-image-preview:large","max-video-preview":"max-video-preview:-1"},"canonical":"https:\/\/www.accuratereviews.com\/it\/piattaforme-per-fundraising\/servant-keeper-recensione\/","og_locale":"it_IT","og_type":"article","og_title":"Servant Keeper: piattaforma per fundraising - Accurate Reviews","og_description":"Servant Keeper: recensione della piattaforma per fundraising utilizzata da pi\u00f9 di 30.000 chiese e organizzazioni non profit.","og_url":"https:\/\/www.accuratereviews.com\/it\/piattaforme-per-fundraising\/servant-keeper-recensione\/","og_site_name":"Accurate Reviews","article_modified_time":"2021-02-02T16:19:45+00:00","og_image":[{"width":499,"height":220,"url":"https:\/\/www.accuratereviews.com\/wp-content\/uploads\/2021\/01\/servant-keeper.png","type":"image\/png"}],"twitter_card":"summary_large_image","twitter_misc":{"Tempo di lettura stimato":"3 minuti"},"schema":{"@context":"https:\/\/schema.org","@graph":[{"@type":"WebPage","@id":"https:\/\/www.accuratereviews.com\/it\/piattaforme-per-fundraising\/servant-keeper-recensione\/","url":"https:\/\/www.accuratereviews.com\/it\/piattaforme-per-fundraising\/servant-keeper-recensione\/","name":"Servant Keeper: piattaforma per fundraising - Accurate Reviews","isPartOf":{"@id":"https:\/\/www.accuratereviews.com\/it\/#website"},"primaryImageOfPage":{"@id":"https:\/\/www.accuratereviews.com\/it\/piattaforme-per-fundraising\/servant-keeper-recensione\/#primaryimage"},"image":{"@id":"https:\/\/www.accuratereviews.com\/it\/piattaforme-per-fundraising\/servant-keeper-recensione\/#primaryimage"},"thumbnailUrl":"https:\/\/www.accuratereviews.com\/wp-content\/uploads\/2021\/01\/servant-keeper.png","datePublished":"2021-01-18T14:45:51+00:00","dateModified":"2021-02-02T16:19:45+00:00","description":"Servant Keeper: recensione della piattaforma per fundraising utilizzata da pi\u00f9 di 30.000 chiese e organizzazioni non profit.","breadcrumb":{"@id":"https:\/\/www.accuratereviews.com\/it\/piattaforme-per-fundraising\/servant-keeper-recensione\/#breadcrumb"},"inLanguage":"it-IT","potentialAction":[{"@type":"ReadAction","target":["https:\/\/www.accuratereviews.com\/it\/piattaforme-per-fundraising\/servant-keeper-recensione\/"]}]},{"@type":"ImageObject","inLanguage":"it-IT","@id":"https:\/\/www.accuratereviews.com\/it\/piattaforme-per-fundraising\/servant-keeper-recensione\/#primaryimage","url":"https:\/\/www.accuratereviews.com\/wp-content\/uploads\/2021\/01\/servant-keeper.png","contentUrl":"https:\/\/www.accuratereviews.com\/wp-content\/uploads\/2021\/01\/servant-keeper.png","width":499,"height":220},{"@type":"BreadcrumbList","@id":"https:\/\/www.accuratereviews.com\/it\/piattaforme-per-fundraising\/servant-keeper-recensione\/#breadcrumb","itemListElement":[{"@type":"ListItem","position":1,"name":"Home","item":"https:\/\/www.accuratereviews.com\/it\/"},{"@type":"ListItem","position":2,"name":"Piattaforme per fundraising","item":"https:\/\/www.accuratereviews.com\/it\/piattaforme-per-fundraising\/"},{"@type":"ListItem","position":3,"name":"Servant Keeper"}]},{"@type":"WebSite","@id":"https:\/\/www.accuratereviews.com\/it\/#website","url":"https:\/\/www.accuratereviews.com\/it\/","name":"Accurate Reviews","description":"","potentialAction":[{"@type":"SearchAction","target":{"@type":"EntryPoint","urlTemplate":"https:\/\/www.accuratereviews.com\/it\/?s={search_term_string}"},"query-input":{"@type":"PropertyValueSpecification","valueRequired":true,"valueName":"search_term_string"}}],"inLanguage":"it-IT"}]}},"_links":{"self":[{"href":"https:\/\/www.accuratereviews.com\/it\/wp-json\/wp\/v2\/pages\/35436","targetHints":{"allow":["GET"]}}],"collection":[{"href":"https:\/\/www.accuratereviews.com\/it\/wp-json\/wp\/v2\/pages"}],"about":[{"href":"https:\/\/www.accuratereviews.com\/it\/wp-json\/wp\/v2\/types\/page"}],"author":[{"embeddable":true,"href":"https:\/\/www.accuratereviews.com\/it\/wp-json\/wp\/v2\/users\/17"}],"replies":[{"embeddable":true,"href":"https:\/\/www.accuratereviews.com\/it\/wp-json\/wp\/v2\/comments?post=35436"}],"version-history":[{"count":5,"href":"https:\/\/www.accuratereviews.com\/it\/wp-json\/wp\/v2\/pages\/35436\/revisions"}],"predecessor-version":[{"id":36533,"href":"https:\/\/www.accuratereviews.com\/it\/wp-json\/wp\/v2\/pages\/35436\/revisions\/36533"}],"up":[{"embeddable":true,"href":"https:\/\/www.accuratereviews.com\/it\/wp-json\/wp\/v2\/pages\/35419"}],"wp:featuredmedia":[{"embeddable":true,"href":"https:\/\/www.accuratereviews.com\/it\/wp-json\/wp\/v2\/media\/35437"}],"wp:attachment":[{"href":"https:\/\/www.accuratereviews.com\/it\/wp-json\/wp\/v2\/media?parent=35436"}],"wp:term":[{"taxonomy":"category","embeddable":true,"href":"https:\/\/www.accuratereviews.com\/it\/wp-json\/wp\/v2\/categories?post=35436"},{"taxonomy":"post_tag","embeddable":true,"href":"https:\/\/www.accuratereviews.com\/it\/wp-json\/wp\/v2\/tags?post=35436"},{"taxonomy":"features","embeddable":true,"href":"https:\/\/www.accuratereviews.com\/it\/wp-json\/wp\/v2\/features?post=35436"}],"curies":[{"name":"wp","href":"https:\/\/api.w.org\/{rel}","templated":true}]}}