{"id":35460,"date":"2021-01-19T12:45:43","date_gmt":"2021-01-19T12:45:43","guid":{"rendered":"https:\/\/www.accuratereviews.com\/?page_id=35460"},"modified":"2021-02-02T16:03:08","modified_gmt":"2021-02-02T16:03:08","slug":"donorperfect-fundraising-software-recensione","status":"publish","type":"page","link":"https:\/\/www.accuratereviews.com\/it\/piattaforme-per-fundraising\/donorperfect-fundraising-software-recensione\/","title":{"rendered":"DonorPerfect Fundraising Software"},"content":{"rendered":"<p><strong>DonorPerfect Fundraising Software<\/strong> \u00e8 una <strong>soluzione di raccolta fondi<\/strong> adatta a tutte le organizzazioni no profit. <span class=\"JLqJ4b ChMk0b\" data-language-for-alternatives=\"it\" data-language-to-translate-into=\"en\" data-phrase-index=\"1\">Aiuta gli utenti a gestire donazioni, contatti, ricevute, rapporti, email e iniziative di raccolta fondi da un unico sistema.<span class=\"JLqJ4b\" data-language-for-alternatives=\"it\" data-language-to-translate-into=\"en\" data-phrase-index=\"2\"> L&#8217;analisi e il reporting sulla dashboard fornisce informazioni sull&#8217;andamento dell&#8217;organizzazione. I moduli online integrati inseriscono automaticamente le informazioni sulle somme donate nel database dei soci e possono accettare ed elaborare donazioni ricorrenti. I professionisti dello sviluppo possono utilizzare <strong>DonorPerfect<\/strong> per tenere traccia delle informazioni su donatori, potenziali clienti, volontari, personale e altri componenti, e gli organizzatori di eventi possono utilizzare strumenti della soluzione per gestire aste di beneficenza e altre raccolte fondi.<\/span><\/span><\/p>\n<h2>DONORPERFECT FUNDRAISING SOFTWARE &#8211; TUTORIAL<\/h2>\n<p>Ecco un video in cui illustra come utilizzare al meglio questo <strong>software per la raccolta fondi<\/strong>:<\/p>\n<div id=\"fluid-wrapper-counter-1\" class=\"g1-fluid-wrapper \" style=\"width:686px;\">\n<div style=\"padding-bottom:56.268221574344%;\"><iframe loading=\"lazy\" title=\"DonorPerfect: Your Digital Fundraising Assistant\" width=\"686\" height=\"386\" src=\"https:\/\/www.youtube.com\/embed\/i4KNGlozhaw?feature=oembed&amp;wmode=transparent&amp;autohide=1&amp;autoplay=0&amp;disablekb=0&amp;fs=1&amp;loop=0&amp;enablejsapi=1&amp;rel=0&amp;controls=2&amp;showinfo=0&amp;wmode=transparent&amp;autohide=2&amp;autoplay=0&amp;disablekb=0&amp;fs=1&amp;loop=0&amp;enablejsapi=1&amp;rel=0&amp;controls=2&amp;showinfo=1\" frameborder=\"0\" allow=\"accelerometer; autoplay; clipboard-write; encrypted-media; gyroscope; picture-in-picture\" allowfullscreen><\/iframe><\/div>\n<\/div>\n<h3>DONORPERFECT FUNDRAISING SOFTWARE &#8211; CARATTERISTICHE<\/h3>\n<ul>\n<li><strong>Marketing via email<\/strong>:<span class=\"JLqJ4b\" data-language-for-alternatives=\"it\" data-language-to-translate-into=\"en\" data-phrase-index=\"7\">\u00a0m<span class=\"JLqJ4b ChMk0b\" data-language-for-alternatives=\"it\" data-language-to-translate-into=\"en\" data-phrase-index=\"8\">igliora le tue comunicazioni con i potenti strumenti di Constant Contact<\/span><\/span><\/li>\n<li><strong>Supporto di prim&#8217;ordine:<\/strong> n<span class=\"JLqJ4b\" data-language-for-alternatives=\"it\" data-language-to-translate-into=\"en\" data-phrase-index=\"13\"><span class=\"JLqJ4b ChMk0b\" data-language-for-alternatives=\"it\" data-language-to-translate-into=\"en\" data-phrase-index=\"14\">essun messaggio telefonico automatico. Nessun robot. Solo un servizio rapido e di qualit\u00e0 di persone negli Stati Uniti e in Canada<\/span><\/span><\/li>\n<li><strong>Gestione delle aste:<\/strong><span class=\"JLqJ4b\" data-language-for-alternatives=\"it\" data-language-to-translate-into=\"en\" data-phrase-index=\"21\">\u00a0l<span class=\"JLqJ4b ChMk0b\" data-language-for-alternatives=\"it\" data-language-to-translate-into=\"en\" data-phrase-index=\"22\">e tue aste di raccolta fondi silenziose, live, mobili e online semplificate<\/span><\/span><\/li>\n<li><strong>Flussi di lavoro automatizzati<\/strong>:<span class=\"JLqJ4b\" data-language-for-alternatives=\"it\" data-language-to-translate-into=\"en\" data-phrase-index=\"27\">\u00a0m<span class=\"JLqJ4b ChMk0b\" data-language-for-alternatives=\"it\" data-language-to-translate-into=\"en\" data-phrase-index=\"28\">antieni i tuoi processi interni, indipendentemente da chi sta lavorando<\/span><\/span><\/li>\n<li><strong>Integrazione contabile:<\/strong><span class=\"JLqJ4b\" data-language-for-alternatives=\"it\" data-language-to-translate-into=\"en\" data-phrase-index=\"33\">\u00a0g<span class=\"JLqJ4b ChMk0b\" data-language-for-alternatives=\"it\" data-language-to-translate-into=\"en\" data-phrase-index=\"34\">estisci i tuoi fondi in modo trasparente e sicuro con l&#8217;integrazione Quickbooks<\/span><\/span><\/li>\n<li><strong>Schermi dinamici<\/strong>:<span class=\"JLqJ4b\" data-language-for-alternatives=\"it\" data-language-to-translate-into=\"en\" data-phrase-index=\"39\">\u00a0v<span class=\"JLqJ4b ChMk0b\" data-language-for-alternatives=\"it\" data-language-to-translate-into=\"en\" data-phrase-index=\"40\">isualizza solo i dati di cui hai bisogno. Riduci il disordine, aumenta l&#8217;efficienza.<\/span><\/span><\/li>\n<\/ul>\n<h4>LE RECENSIONI DEGLI UTENTI<\/h4>\n<h4 class=\"font-weight-bold mb-1 d-flex align-items-center\">Jessica B.&#8221;CRM ideale per organizzazioni no profit di medie dimensioni&#8221;<\/h4>\n<p><strong>Commenti: <\/strong>DonorPerfect offre tutto ci\u00f2 di cui abbiamo bisogno in un database CRM. L&#8217;app del telefono, sebbene non offra tutto ci\u00f2 che ottieni dal sito completo, \u00e8 pi\u00f9 che sufficiente per collegarti per ottenere informazioni in movimento.<\/p>\n<p><strong>Vantaggi: <\/strong>Donor Perfect \u00e8 molto intuitivo. L&#8217;integrazione di Quickbooks \u00e8 vitale. L&#8217;integrazione costante dei contatti \u00e8 una funzionalit\u00e0 di cui non avevamo mai pensato di aver bisogno.<\/p>\n<p><strong>Inconvenienti: <\/strong>Esistono alcune limitazioni nei rapporti che di solito possono essere aggirate in qualche modo, ma pu\u00f2 sembrare che tu stia codificando pi\u00f9 che eseguire rapporti. Quella zona \u00e8 meno user-friendly per i nostri dipendenti pi\u00f9 anziani.<\/p>\n<h4 class=\"font-weight-bold mb-1 d-flex align-items-center\">Anne F.&#8221;Ottimo software di gestione dei donatori per una piccola organizzazione&#8221;<\/h4>\n<p><strong>Commenti: <\/strong>La nostra esperienza \u00e8 stata complessivamente eccellente.<\/p>\n<p><strong>Vantaggi: <\/strong>DonorPerfect ha sostituito una vecchia versione di Salesforce ed \u00e8 stato un bel salto in avanti in termini di funzionalit\u00e0, interfaccia utente e vantaggi per la nostra organizzazione.<\/p>\n<p><strong>Inconvenienti: <\/strong>Stiamo ancora cercando di capire alcune delle funzioni di reporting e sarebbe bello se ci fosse una maggiore variet\u00e0 di rapporti &#8220;preconfezionati&#8221; che potrebbero essere modificati.<\/p>\n<h4 class=\"font-weight-bold mb-1 d-flex align-items-center\">Caroline J.&#8221;Twisted Pink ama Donor Perfect&#8221;<\/h4>\n<p><strong>Commenti: <\/strong>Siamo entusiasti del nostro passaggio a Donor Perfect e consigliamo vivamente questo prodotto.<\/p>\n<p><strong>Vantaggi: <\/strong>Il software consente alla nostra organizzazione di rimanere in contatto con i donatori in un modo che non era possibile con il nostro vecchio database. Adoriamo la possibilit\u00e0 di connettere e trattenere i donatori e ottenere rapporti molto facilmente per il nostro consiglio. I moduli del sito web sono un must per la nostra organizzazione!<\/p>\n<p><strong>Inconvenienti: <\/strong>Donor Perfect necessita di una migliore integrazione dell&#8217;asta per eventi che utilizzi messaggi di testo per eventi anzich\u00e9 solo e-mail.<\/p>\n","protected":false},"excerpt":{"rendered":"<p>DonorPerfect Fundraising Software \u00e8 una soluzione di raccolta fondi adatta a tutte le organizzazioni no profit. Aiuta gli utenti a gestire donazioni, contatti, ricevute, rapporti, email e iniziative di raccolta fondi da un unico sistema. L&#8217;analisi e il reporting sulla dashboard fornisce informazioni sull&#8217;andamento dell&#8217;organizzazione.\u00a0<\/p>\n","protected":false},"author":19,"featured_media":35462,"parent":35419,"menu_order":0,"comment_status":"open","ping_status":"closed","template":"g1_template_page_review_new.php","meta":{"_acf_changed":false,"cwp_meta_box_check":"Yes","cwp_rev_product_name":"","cwp_rev_product_image":"","wppr_links":[],"cwp_rev_price":"","wppr_options":[],"wppr_pros":[],"wppr_cons":[],"_monsterinsights_skip_tracking":false,"_monsterinsights_sitenote_active":false,"_monsterinsights_sitenote_note":"","_monsterinsights_sitenote_category":0,"footnotes":""},"categories":[4851],"tags":[4879,4881,4880,4878,4877,4875,4876],"features":[],"class_list":{"0":"post-35460","1":"page","2":"type-page","3":"status-publish","4":"has-post-thumbnail","6":"category-piattaforme-per-fundraising-categoria","7":"tag-donorperfect-fundraising","8":"tag-fundraising-program-it","9":"tag-fundraising-software-it","10":"tag-piattaforma-raccolta-fondi","11":"tag-programma-raccolta-fondi","12":"tag-software-raccolta-fondi","13":"tag-soluzione-raccolta-fondi"},"wppr_data":{"cwp_meta_box_check":"Yes","cwp_rev_product_name":"","cwp_rev_product_image":"","cwp_image_link":"image","cwp_rev_price":"","wppr_rating":"0.00"},"acf":[],"yoast_head":"<!-- This site is optimized with the Yoast SEO plugin v27.4 - https:\/\/yoast.com\/product\/yoast-seo-wordpress\/ -->\n<title>DonorPerfect Fundraising: recensione software fundraising<\/title>\n<meta name=\"description\" content=\"DonorPerfect Fundraising Software: recensione soluzione di raccolta fondi adatta a tutte le organizzazioni no profit.\" \/>\n<meta name=\"robots\" content=\"index, follow, max-snippet:-1, max-image-preview:large, max-video-preview:-1\" \/>\n<link rel=\"canonical\" href=\"https:\/\/www.accuratereviews.com\/it\/piattaforme-per-fundraising\/donorperfect-fundraising-software-recensione\/\" \/>\n<meta property=\"og:locale\" content=\"it_IT\" \/>\n<meta property=\"og:type\" content=\"article\" \/>\n<meta property=\"og:title\" content=\"DonorPerfect Fundraising: recensione software fundraising\" \/>\n<meta property=\"og:description\" content=\"DonorPerfect Fundraising Software: recensione soluzione di raccolta fondi adatta a tutte le organizzazioni no profit.\" \/>\n<meta property=\"og:url\" content=\"https:\/\/www.accuratereviews.com\/it\/piattaforme-per-fundraising\/donorperfect-fundraising-software-recensione\/\" \/>\n<meta property=\"og:site_name\" content=\"Accurate Reviews\" \/>\n<meta property=\"article:modified_time\" content=\"2021-02-02T16:03:08+00:00\" \/>\n<meta property=\"og:image\" content=\"https:\/\/www.accuratereviews.com\/wp-content\/uploads\/2021\/01\/donorperfect.png\" \/>\n\t<meta property=\"og:image:width\" content=\"400\" \/>\n\t<meta property=\"og:image:height\" content=\"200\" \/>\n\t<meta property=\"og:image:type\" content=\"image\/png\" \/>\n<meta name=\"twitter:card\" content=\"summary_large_image\" \/>\n<meta name=\"twitter:label1\" content=\"Tempo di lettura stimato\" \/>\n\t<meta name=\"twitter:data1\" content=\"3 minuti\" \/>\n<script type=\"application\/ld+json\" class=\"yoast-schema-graph\">{\"@context\":\"https:\\\/\\\/schema.org\",\"@graph\":[{\"@type\":\"WebPage\",\"@id\":\"https:\\\/\\\/www.accuratereviews.com\\\/it\\\/piattaforme-per-fundraising\\\/donorperfect-fundraising-software-recensione\\\/\",\"url\":\"https:\\\/\\\/www.accuratereviews.com\\\/it\\\/piattaforme-per-fundraising\\\/donorperfect-fundraising-software-recensione\\\/\",\"name\":\"DonorPerfect Fundraising: recensione software fundraising\",\"isPartOf\":{\"@id\":\"https:\\\/\\\/www.accuratereviews.com\\\/it\\\/#website\"},\"primaryImageOfPage\":{\"@id\":\"https:\\\/\\\/www.accuratereviews.com\\\/it\\\/piattaforme-per-fundraising\\\/donorperfect-fundraising-software-recensione\\\/#primaryimage\"},\"image\":{\"@id\":\"https:\\\/\\\/www.accuratereviews.com\\\/it\\\/piattaforme-per-fundraising\\\/donorperfect-fundraising-software-recensione\\\/#primaryimage\"},\"thumbnailUrl\":\"https:\\\/\\\/www.accuratereviews.com\\\/wp-content\\\/uploads\\\/2021\\\/01\\\/donorperfect.png\",\"datePublished\":\"2021-01-19T12:45:43+00:00\",\"dateModified\":\"2021-02-02T16:03:08+00:00\",\"description\":\"DonorPerfect Fundraising Software: recensione soluzione di raccolta fondi adatta a tutte le organizzazioni no profit.\",\"breadcrumb\":{\"@id\":\"https:\\\/\\\/www.accuratereviews.com\\\/it\\\/piattaforme-per-fundraising\\\/donorperfect-fundraising-software-recensione\\\/#breadcrumb\"},\"inLanguage\":\"it-IT\",\"potentialAction\":[{\"@type\":\"ReadAction\",\"target\":[\"https:\\\/\\\/www.accuratereviews.com\\\/it\\\/piattaforme-per-fundraising\\\/donorperfect-fundraising-software-recensione\\\/\"]}]},{\"@type\":\"ImageObject\",\"inLanguage\":\"it-IT\",\"@id\":\"https:\\\/\\\/www.accuratereviews.com\\\/it\\\/piattaforme-per-fundraising\\\/donorperfect-fundraising-software-recensione\\\/#primaryimage\",\"url\":\"https:\\\/\\\/www.accuratereviews.com\\\/wp-content\\\/uploads\\\/2021\\\/01\\\/donorperfect.png\",\"contentUrl\":\"https:\\\/\\\/www.accuratereviews.com\\\/wp-content\\\/uploads\\\/2021\\\/01\\\/donorperfect.png\",\"width\":400,\"height\":200},{\"@type\":\"BreadcrumbList\",\"@id\":\"https:\\\/\\\/www.accuratereviews.com\\\/it\\\/piattaforme-per-fundraising\\\/donorperfect-fundraising-software-recensione\\\/#breadcrumb\",\"itemListElement\":[{\"@type\":\"ListItem\",\"position\":1,\"name\":\"Home\",\"item\":\"https:\\\/\\\/www.accuratereviews.com\\\/it\\\/\"},{\"@type\":\"ListItem\",\"position\":2,\"name\":\"Piattaforme per fundraising\",\"item\":\"https:\\\/\\\/www.accuratereviews.com\\\/it\\\/piattaforme-per-fundraising\\\/\"},{\"@type\":\"ListItem\",\"position\":3,\"name\":\"DonorPerfect Fundraising Software\"}]},{\"@type\":\"WebSite\",\"@id\":\"https:\\\/\\\/www.accuratereviews.com\\\/it\\\/#website\",\"url\":\"https:\\\/\\\/www.accuratereviews.com\\\/it\\\/\",\"name\":\"Accurate Reviews\",\"description\":\"\",\"potentialAction\":[{\"@type\":\"SearchAction\",\"target\":{\"@type\":\"EntryPoint\",\"urlTemplate\":\"https:\\\/\\\/www.accuratereviews.com\\\/it\\\/?s={search_term_string}\"},\"query-input\":{\"@type\":\"PropertyValueSpecification\",\"valueRequired\":true,\"valueName\":\"search_term_string\"}}],\"inLanguage\":\"it-IT\"}]}<\/script>\n<!-- \/ Yoast SEO plugin. -->","yoast_head_json":{"title":"DonorPerfect Fundraising: recensione software fundraising","description":"DonorPerfect Fundraising Software: recensione soluzione di raccolta fondi adatta a tutte le organizzazioni no profit.","robots":{"index":"index","follow":"follow","max-snippet":"max-snippet:-1","max-image-preview":"max-image-preview:large","max-video-preview":"max-video-preview:-1"},"canonical":"https:\/\/www.accuratereviews.com\/it\/piattaforme-per-fundraising\/donorperfect-fundraising-software-recensione\/","og_locale":"it_IT","og_type":"article","og_title":"DonorPerfect Fundraising: recensione software fundraising","og_description":"DonorPerfect Fundraising Software: recensione soluzione di raccolta fondi adatta a tutte le organizzazioni no profit.","og_url":"https:\/\/www.accuratereviews.com\/it\/piattaforme-per-fundraising\/donorperfect-fundraising-software-recensione\/","og_site_name":"Accurate Reviews","article_modified_time":"2021-02-02T16:03:08+00:00","og_image":[{"width":400,"height":200,"url":"https:\/\/www.accuratereviews.com\/wp-content\/uploads\/2021\/01\/donorperfect.png","type":"image\/png"}],"twitter_card":"summary_large_image","twitter_misc":{"Tempo di lettura stimato":"3 minuti"},"schema":{"@context":"https:\/\/schema.org","@graph":[{"@type":"WebPage","@id":"https:\/\/www.accuratereviews.com\/it\/piattaforme-per-fundraising\/donorperfect-fundraising-software-recensione\/","url":"https:\/\/www.accuratereviews.com\/it\/piattaforme-per-fundraising\/donorperfect-fundraising-software-recensione\/","name":"DonorPerfect Fundraising: recensione software fundraising","isPartOf":{"@id":"https:\/\/www.accuratereviews.com\/it\/#website"},"primaryImageOfPage":{"@id":"https:\/\/www.accuratereviews.com\/it\/piattaforme-per-fundraising\/donorperfect-fundraising-software-recensione\/#primaryimage"},"image":{"@id":"https:\/\/www.accuratereviews.com\/it\/piattaforme-per-fundraising\/donorperfect-fundraising-software-recensione\/#primaryimage"},"thumbnailUrl":"https:\/\/www.accuratereviews.com\/wp-content\/uploads\/2021\/01\/donorperfect.png","datePublished":"2021-01-19T12:45:43+00:00","dateModified":"2021-02-02T16:03:08+00:00","description":"DonorPerfect Fundraising Software: recensione soluzione di raccolta fondi adatta a tutte le organizzazioni no profit.","breadcrumb":{"@id":"https:\/\/www.accuratereviews.com\/it\/piattaforme-per-fundraising\/donorperfect-fundraising-software-recensione\/#breadcrumb"},"inLanguage":"it-IT","potentialAction":[{"@type":"ReadAction","target":["https:\/\/www.accuratereviews.com\/it\/piattaforme-per-fundraising\/donorperfect-fundraising-software-recensione\/"]}]},{"@type":"ImageObject","inLanguage":"it-IT","@id":"https:\/\/www.accuratereviews.com\/it\/piattaforme-per-fundraising\/donorperfect-fundraising-software-recensione\/#primaryimage","url":"https:\/\/www.accuratereviews.com\/wp-content\/uploads\/2021\/01\/donorperfect.png","contentUrl":"https:\/\/www.accuratereviews.com\/wp-content\/uploads\/2021\/01\/donorperfect.png","width":400,"height":200},{"@type":"BreadcrumbList","@id":"https:\/\/www.accuratereviews.com\/it\/piattaforme-per-fundraising\/donorperfect-fundraising-software-recensione\/#breadcrumb","itemListElement":[{"@type":"ListItem","position":1,"name":"Home","item":"https:\/\/www.accuratereviews.com\/it\/"},{"@type":"ListItem","position":2,"name":"Piattaforme per fundraising","item":"https:\/\/www.accuratereviews.com\/it\/piattaforme-per-fundraising\/"},{"@type":"ListItem","position":3,"name":"DonorPerfect Fundraising Software"}]},{"@type":"WebSite","@id":"https:\/\/www.accuratereviews.com\/it\/#website","url":"https:\/\/www.accuratereviews.com\/it\/","name":"Accurate Reviews","description":"","potentialAction":[{"@type":"SearchAction","target":{"@type":"EntryPoint","urlTemplate":"https:\/\/www.accuratereviews.com\/it\/?s={search_term_string}"},"query-input":{"@type":"PropertyValueSpecification","valueRequired":true,"valueName":"search_term_string"}}],"inLanguage":"it-IT"}]}},"_links":{"self":[{"href":"https:\/\/www.accuratereviews.com\/it\/wp-json\/wp\/v2\/pages\/35460","targetHints":{"allow":["GET"]}}],"collection":[{"href":"https:\/\/www.accuratereviews.com\/it\/wp-json\/wp\/v2\/pages"}],"about":[{"href":"https:\/\/www.accuratereviews.com\/it\/wp-json\/wp\/v2\/types\/page"}],"author":[{"embeddable":true,"href":"https:\/\/www.accuratereviews.com\/it\/wp-json\/wp\/v2\/users\/19"}],"replies":[{"embeddable":true,"href":"https:\/\/www.accuratereviews.com\/it\/wp-json\/wp\/v2\/comments?post=35460"}],"version-history":[{"count":13,"href":"https:\/\/www.accuratereviews.com\/it\/wp-json\/wp\/v2\/pages\/35460\/revisions"}],"predecessor-version":[{"id":36517,"href":"https:\/\/www.accuratereviews.com\/it\/wp-json\/wp\/v2\/pages\/35460\/revisions\/36517"}],"up":[{"embeddable":true,"href":"https:\/\/www.accuratereviews.com\/it\/wp-json\/wp\/v2\/pages\/35419"}],"wp:featuredmedia":[{"embeddable":true,"href":"https:\/\/www.accuratereviews.com\/it\/wp-json\/wp\/v2\/media\/35462"}],"wp:attachment":[{"href":"https:\/\/www.accuratereviews.com\/it\/wp-json\/wp\/v2\/media?parent=35460"}],"wp:term":[{"taxonomy":"category","embeddable":true,"href":"https:\/\/www.accuratereviews.com\/it\/wp-json\/wp\/v2\/categories?post=35460"},{"taxonomy":"post_tag","embeddable":true,"href":"https:\/\/www.accuratereviews.com\/it\/wp-json\/wp\/v2\/tags?post=35460"},{"taxonomy":"features","embeddable":true,"href":"https:\/\/www.accuratereviews.com\/it\/wp-json\/wp\/v2\/features?post=35460"}],"curies":[{"name":"wp","href":"https:\/\/api.w.org\/{rel}","templated":true}]}}