{"id":35467,"date":"2021-01-19T12:46:50","date_gmt":"2021-01-19T12:46:50","guid":{"rendered":"https:\/\/www.accuratereviews.com\/?page_id=35467"},"modified":"2021-02-02T16:05:39","modified_gmt":"2021-02-02T16:05:39","slug":"givegab-recensione","status":"publish","type":"page","link":"https:\/\/www.accuratereviews.com\/it\/piattaforme-per-fundraising\/givegab-recensione\/","title":{"rendered":"GiveGab"},"content":{"rendered":"<p class=\"h5 font-weight-bold mt-4\"><strong>GiveGab<\/strong> \u00e8 una <strong>piattaforma per fundraising<\/strong>, creata principalmente per facilitare la raccolta fondi di fondazioni, istituti educativi e organizzazioni no profit. Grazie ai semplici strumenti che offre, potrai organizzare e personalizzare campagne di <strong>raccolta fondi<\/strong> rendendole pi\u00f9 coinvolgenti e raggiungendo un pubblico pi\u00f9 ampio. Visualizza ogni piccolo dettaglio riguardante il coinvolgimento dei sostenitori durante l&#8217;ultima<strong> campagna di crowdfunding<\/strong> cos\u00ec da sapere come interagire al meglio nella prossima, utilizzando ad esempio i social media per aumentare il coinvolgimento delle persone.<br \/>\nScegliendo un software cos\u00ec intuitivo e facile da usare, aumentare i ricavi della tua associazione senza scopo di lucro sar\u00e0 un gioco da ragazzi.<\/p>\n<h2>COME CREARE UNA CAMPAGNA CON GIVEGAB &#8211; TUTORIAL<\/h2>\n<div id=\"fluid-wrapper-counter-1\" class=\"g1-fluid-wrapper \" style=\"width:686px;\">\n<div style=\"padding-bottom:56.268221574344%;\"><iframe loading=\"lazy\" title=\"How To: Create a Campaign on GiveGab\" width=\"515\" height=\"386\" src=\"https:\/\/www.youtube.com\/embed\/C0P4_8tAf9I?feature=oembed&amp;wmode=transparent&amp;autohide=1&amp;autoplay=0&amp;disablekb=0&amp;fs=1&amp;loop=0&amp;enablejsapi=1&amp;rel=0&amp;controls=2&amp;showinfo=0&amp;wmode=transparent&amp;autohide=2&amp;autoplay=0&amp;disablekb=0&amp;fs=1&amp;loop=0&amp;enablejsapi=1&amp;rel=0&amp;controls=2&amp;showinfo=1\" frameborder=\"0\" allow=\"accelerometer; autoplay; clipboard-write; encrypted-media; gyroscope; picture-in-picture\" allowfullscreen><\/iframe><\/div>\n<\/div>\n<h3>GIVEGAB &#8211; CARATTERISTICHE<\/h3>\n<p>Di seguito le sue principali caratteristiche:<\/p>\n<ul>\n<li style=\"font-weight: 400;\" aria-level=\"1\"><span style=\"font-weight: 400;\">Giving Day Strategia di sviluppo<\/span><\/li>\n<li style=\"font-weight: 400;\" aria-level=\"1\"><span style=\"font-weight: 400;\">Piattaforma tecnologica leader del settore<\/span><\/li>\n<li style=\"font-weight: 400;\" aria-level=\"1\"><span style=\"font-weight: 400;\">Supporto dedicato<\/span><\/li>\n<li style=\"font-weight: 400;\" aria-level=\"1\"><span style=\"font-weight: 400;\">Ricezione di mail automatizzata di ringraziamento<\/span><\/li>\n<li style=\"font-weight: 400;\" aria-level=\"1\"><span style=\"font-weight: 400;\">Materiali didattici e formazione<\/span><\/li>\n<li style=\"font-weight: 400;\" aria-level=\"1\"><span style=\"font-weight: 400;\">Classifiche, conti alla rovescia e statistiche in tempo reale<\/span><\/li>\n<li style=\"font-weight: 400;\" aria-level=\"1\"><span style=\"font-weight: 400;\">Meccanismi di pagamento moderni, incluso ApplePay<\/span><\/li>\n<li style=\"font-weight: 400;\" aria-level=\"1\"><span style=\"font-weight: 400;\">Analisi dei dati<\/span><\/li>\n<li style=\"font-weight: 400;\" aria-level=\"1\"><span style=\"font-weight: 400;\">Crowdfunding peer-to-peer e team-based integrato<\/span><\/li>\n<li style=\"font-weight: 400;\" aria-level=\"1\"><span style=\"font-weight: 400;\">Cestino di acquisto multi-regalo<\/span><\/li>\n<li style=\"font-weight: 400;\" aria-level=\"1\"><span style=\"font-weight: 400;\">Gestione tasse (coperte dai donatori)<\/span><\/li>\n<\/ul>\n<h4>LE RECENSIONI DEGLI UTENTI<\/h4>\n<p><b>Facile da usare e supporto straordinario&#8221;<br \/>\n<\/b>IN GENERALE: la nostra giornata di donazioni \u00e8 stata un successo ancora un grande grazie a GiveGab e al suo team, cos\u00ec cordiale e disponibile.<br \/>\nPRO: la piattaforma \u00e8 molto semplice sia per gli utenti front-end che per gli amministratori e ha il 90% delle funzionalit\u00e0 che stavamo cercando. Il team di GiveGab \u00e8 straordinario in termini di supporto.<br \/>\nCONTRO: alcune non erano molto flessibili, quindi non potevamo personalizzarle. \u00c8 stato difficile automatizzare alcune cose (sfide specifiche dei donatori)<\/p>\n<p><b>&#8220;Piattaforma potente, un po&#8217; difficile da navigare come organizzazione con pi\u00f9 campagne\/giorni di donazione&#8221;<br \/>\n<\/b>PRO: mi piace la semplicit\u00e0 dell&#8217;interfaccia utente, una volta che puoi accedervi. Sono stato in grado di creare facilmente la mia storia, caricare un&#8217;immagine, creare livelli di donazione unici e sviluppare un solido messaggio di &#8220;Grazie&#8221; con video per i miei donatori. Sembra che abbia davvero una variet\u00e0 di usi, dalle campagne agli eventi alle giornate di donazioni, anche se sto ancora lavorando su come usarlo. Le mie raccolte fondi peer to peer sono state in grado di creare le proprie pagine individuali, una volta che abbiamo capito come accedervi.<br \/>\nCONTRO: il back-end non \u00e8 sempre facile da navigare, in particolare arrivando dalla home page e dalla &#8220;dashboard&#8221; della mia organizzazione a un Giving Day. Il dashboard elencava un paio di campagne precedenti ma non si collegava immediatamente a NH Gives Days. Allo stesso modo, le mie raccolte fondi peer to peer si sono perse nel back-end durante il tentativo di creare profili o collegare vecchi profili a un nuovo NH Gives Day. Le campagne erano visibili ma non i Giving Days. Inoltre, durante la navigazione tra le campagne e i giorni di donazioni, gli utenti (sia raccoglitori di fondi P2P che donatori) venivano spesso reindirizzati alla pagina principale dell&#8217;organizzazione, NON alla pagina NH Gives, quindi le donazioni non venivano conteggiate nel totale delle nostre donazioni, a nostro discapito della distribuzione dei premi .<\/p>\n<p><b>&#8220;Ho ricevuto risposte molto rapide e utili dall&#8217;assistenza clienti e apprezzo la facilit\u00e0 d&#8217;uso&#8221;<br \/>\n<\/b>PRO: \u00e8 facile da usare. Apprezzo la capacit\u00e0 di creare rapidamente una campagna di raccolta fondi che sia abbastanza personalizzabile e che abbia un bell&#8217;aspetto. Abbiamo avuto ottime interazioni con il team di supporto di GiveGab quando abbiamo riscontrato problemi o domande.<br \/>\nCONTRO: Vorrei che fosse un po&#8217; pi\u00f9 flessibile. Ad esempio, ci piacerebbe utilizzarlo per una pagina di donazione separata (ad es. Diventare un membro) che non ci leghi a una data di fine o a un obiettivo come fa una pagina di campagna. Vorremmo anche avere pi\u00f9 opzioni per incorporare i moduli di donazione sul nostro sito web, quindi potremmo ad esempio includere una donazione generale e un modulo di donazione &#8220;diventa un membro sostenitore&#8221; su una pagina.<\/p>\n","protected":false},"excerpt":{"rendered":"<p>GiveGab \u00e8 una piattaforma per fundraising, creata principalmente per facilitare la raccolta fondi di fondazioni, istituti educativi e organizzazioni no profit. Grazie ai semplici strumenti che offre, potrai organizzare e personalizzare campagne di raccolta fondi rendendole pi\u00f9 coinvolgenti e raggiungendo un pubblico pi\u00f9 ampio.<\/p>\n","protected":false},"author":17,"featured_media":35474,"parent":35419,"menu_order":0,"comment_status":"open","ping_status":"closed","template":"g1_template_page_review_new.php","meta":{"_acf_changed":false,"cwp_meta_box_check":"No","cwp_rev_product_name":"","cwp_rev_product_image":"","wppr_links":[],"cwp_rev_price":"","wppr_options":[],"wppr_pros":[],"wppr_cons":[],"_monsterinsights_skip_tracking":false,"_monsterinsights_sitenote_active":false,"_monsterinsights_sitenote_note":"","_monsterinsights_sitenote_category":0,"footnotes":""},"categories":[4851],"tags":[4853,4882,2209,4852,4855,4859,4854],"features":[],"class_list":{"0":"post-35467","1":"page","2":"type-page","3":"status-publish","4":"has-post-thumbnail","6":"category-piattaforme-per-fundraising-categoria","7":"tag-fundraising","8":"tag-organizzazioni-no-profit","9":"tag-piattaforma-di-raccolta-fondi","10":"tag-piattaforma-per-fundraising","11":"tag-programma-per-fundraising","12":"tag-raccolta-fondi","13":"tag-software-per-fundraising"},"wppr_data":{"cwp_meta_box_check":"No"},"acf":[],"yoast_head":"<!-- This site is optimized with the Yoast SEO plugin v27.4 - https:\/\/yoast.com\/product\/yoast-seo-wordpress\/ -->\n<title>GiveGab: piattaforma per fundraising recensione - Accurate Reviews<\/title>\n<meta name=\"description\" content=\"GiveGab: recensione della piattaforma per fundraising, creata principalmente per facilitare la raccolta fondi delle organizzazioni no profit.\" \/>\n<meta name=\"robots\" content=\"index, follow, max-snippet:-1, max-image-preview:large, max-video-preview:-1\" \/>\n<link rel=\"canonical\" href=\"https:\/\/www.accuratereviews.com\/it\/piattaforme-per-fundraising\/givegab-recensione\/\" \/>\n<meta property=\"og:locale\" content=\"it_IT\" \/>\n<meta property=\"og:type\" content=\"article\" \/>\n<meta property=\"og:title\" content=\"GiveGab: piattaforma per fundraising recensione - Accurate Reviews\" \/>\n<meta property=\"og:description\" content=\"GiveGab: recensione della piattaforma per fundraising, creata principalmente per facilitare la raccolta fondi delle organizzazioni no profit.\" \/>\n<meta property=\"og:url\" content=\"https:\/\/www.accuratereviews.com\/it\/piattaforme-per-fundraising\/givegab-recensione\/\" \/>\n<meta property=\"og:site_name\" content=\"Accurate Reviews\" \/>\n<meta property=\"article:modified_time\" content=\"2021-02-02T16:05:39+00:00\" \/>\n<meta property=\"og:image\" content=\"https:\/\/www.accuratereviews.com\/wp-content\/uploads\/2021\/01\/Unknown-5.png\" \/>\n\t<meta property=\"og:image:width\" content=\"935\" \/>\n\t<meta property=\"og:image:height\" content=\"200\" \/>\n\t<meta property=\"og:image:type\" content=\"image\/png\" \/>\n<meta name=\"twitter:card\" content=\"summary_large_image\" \/>\n<meta name=\"twitter:label1\" content=\"Tempo di lettura stimato\" \/>\n\t<meta name=\"twitter:data1\" content=\"3 minuti\" \/>\n<script type=\"application\/ld+json\" class=\"yoast-schema-graph\">{\"@context\":\"https:\\\/\\\/schema.org\",\"@graph\":[{\"@type\":\"WebPage\",\"@id\":\"https:\\\/\\\/www.accuratereviews.com\\\/it\\\/piattaforme-per-fundraising\\\/givegab-recensione\\\/\",\"url\":\"https:\\\/\\\/www.accuratereviews.com\\\/it\\\/piattaforme-per-fundraising\\\/givegab-recensione\\\/\",\"name\":\"GiveGab: piattaforma per fundraising recensione - Accurate Reviews\",\"isPartOf\":{\"@id\":\"https:\\\/\\\/www.accuratereviews.com\\\/it\\\/#website\"},\"primaryImageOfPage\":{\"@id\":\"https:\\\/\\\/www.accuratereviews.com\\\/it\\\/piattaforme-per-fundraising\\\/givegab-recensione\\\/#primaryimage\"},\"image\":{\"@id\":\"https:\\\/\\\/www.accuratereviews.com\\\/it\\\/piattaforme-per-fundraising\\\/givegab-recensione\\\/#primaryimage\"},\"thumbnailUrl\":\"https:\\\/\\\/www.accuratereviews.com\\\/wp-content\\\/uploads\\\/2021\\\/01\\\/Unknown-5.png\",\"datePublished\":\"2021-01-19T12:46:50+00:00\",\"dateModified\":\"2021-02-02T16:05:39+00:00\",\"description\":\"GiveGab: recensione della piattaforma per fundraising, creata principalmente per facilitare la raccolta fondi delle organizzazioni no profit.\",\"breadcrumb\":{\"@id\":\"https:\\\/\\\/www.accuratereviews.com\\\/it\\\/piattaforme-per-fundraising\\\/givegab-recensione\\\/#breadcrumb\"},\"inLanguage\":\"it-IT\",\"potentialAction\":[{\"@type\":\"ReadAction\",\"target\":[\"https:\\\/\\\/www.accuratereviews.com\\\/it\\\/piattaforme-per-fundraising\\\/givegab-recensione\\\/\"]}]},{\"@type\":\"ImageObject\",\"inLanguage\":\"it-IT\",\"@id\":\"https:\\\/\\\/www.accuratereviews.com\\\/it\\\/piattaforme-per-fundraising\\\/givegab-recensione\\\/#primaryimage\",\"url\":\"https:\\\/\\\/www.accuratereviews.com\\\/wp-content\\\/uploads\\\/2021\\\/01\\\/Unknown-5.png\",\"contentUrl\":\"https:\\\/\\\/www.accuratereviews.com\\\/wp-content\\\/uploads\\\/2021\\\/01\\\/Unknown-5.png\",\"width\":935,\"height\":200},{\"@type\":\"BreadcrumbList\",\"@id\":\"https:\\\/\\\/www.accuratereviews.com\\\/it\\\/piattaforme-per-fundraising\\\/givegab-recensione\\\/#breadcrumb\",\"itemListElement\":[{\"@type\":\"ListItem\",\"position\":1,\"name\":\"Home\",\"item\":\"https:\\\/\\\/www.accuratereviews.com\\\/it\\\/\"},{\"@type\":\"ListItem\",\"position\":2,\"name\":\"Piattaforme per fundraising\",\"item\":\"https:\\\/\\\/www.accuratereviews.com\\\/it\\\/piattaforme-per-fundraising\\\/\"},{\"@type\":\"ListItem\",\"position\":3,\"name\":\"GiveGab\"}]},{\"@type\":\"WebSite\",\"@id\":\"https:\\\/\\\/www.accuratereviews.com\\\/it\\\/#website\",\"url\":\"https:\\\/\\\/www.accuratereviews.com\\\/it\\\/\",\"name\":\"Accurate Reviews\",\"description\":\"\",\"potentialAction\":[{\"@type\":\"SearchAction\",\"target\":{\"@type\":\"EntryPoint\",\"urlTemplate\":\"https:\\\/\\\/www.accuratereviews.com\\\/it\\\/?s={search_term_string}\"},\"query-input\":{\"@type\":\"PropertyValueSpecification\",\"valueRequired\":true,\"valueName\":\"search_term_string\"}}],\"inLanguage\":\"it-IT\"}]}<\/script>\n<!-- \/ Yoast SEO plugin. -->","yoast_head_json":{"title":"GiveGab: piattaforma per fundraising recensione - Accurate Reviews","description":"GiveGab: recensione della piattaforma per fundraising, creata principalmente per facilitare la raccolta fondi delle organizzazioni no profit.","robots":{"index":"index","follow":"follow","max-snippet":"max-snippet:-1","max-image-preview":"max-image-preview:large","max-video-preview":"max-video-preview:-1"},"canonical":"https:\/\/www.accuratereviews.com\/it\/piattaforme-per-fundraising\/givegab-recensione\/","og_locale":"it_IT","og_type":"article","og_title":"GiveGab: piattaforma per fundraising recensione - Accurate Reviews","og_description":"GiveGab: recensione della piattaforma per fundraising, creata principalmente per facilitare la raccolta fondi delle organizzazioni no profit.","og_url":"https:\/\/www.accuratereviews.com\/it\/piattaforme-per-fundraising\/givegab-recensione\/","og_site_name":"Accurate Reviews","article_modified_time":"2021-02-02T16:05:39+00:00","og_image":[{"width":935,"height":200,"url":"https:\/\/www.accuratereviews.com\/wp-content\/uploads\/2021\/01\/Unknown-5.png","type":"image\/png"}],"twitter_card":"summary_large_image","twitter_misc":{"Tempo di lettura stimato":"3 minuti"},"schema":{"@context":"https:\/\/schema.org","@graph":[{"@type":"WebPage","@id":"https:\/\/www.accuratereviews.com\/it\/piattaforme-per-fundraising\/givegab-recensione\/","url":"https:\/\/www.accuratereviews.com\/it\/piattaforme-per-fundraising\/givegab-recensione\/","name":"GiveGab: piattaforma per fundraising recensione - Accurate Reviews","isPartOf":{"@id":"https:\/\/www.accuratereviews.com\/it\/#website"},"primaryImageOfPage":{"@id":"https:\/\/www.accuratereviews.com\/it\/piattaforme-per-fundraising\/givegab-recensione\/#primaryimage"},"image":{"@id":"https:\/\/www.accuratereviews.com\/it\/piattaforme-per-fundraising\/givegab-recensione\/#primaryimage"},"thumbnailUrl":"https:\/\/www.accuratereviews.com\/wp-content\/uploads\/2021\/01\/Unknown-5.png","datePublished":"2021-01-19T12:46:50+00:00","dateModified":"2021-02-02T16:05:39+00:00","description":"GiveGab: recensione della piattaforma per fundraising, creata principalmente per facilitare la raccolta fondi delle organizzazioni no profit.","breadcrumb":{"@id":"https:\/\/www.accuratereviews.com\/it\/piattaforme-per-fundraising\/givegab-recensione\/#breadcrumb"},"inLanguage":"it-IT","potentialAction":[{"@type":"ReadAction","target":["https:\/\/www.accuratereviews.com\/it\/piattaforme-per-fundraising\/givegab-recensione\/"]}]},{"@type":"ImageObject","inLanguage":"it-IT","@id":"https:\/\/www.accuratereviews.com\/it\/piattaforme-per-fundraising\/givegab-recensione\/#primaryimage","url":"https:\/\/www.accuratereviews.com\/wp-content\/uploads\/2021\/01\/Unknown-5.png","contentUrl":"https:\/\/www.accuratereviews.com\/wp-content\/uploads\/2021\/01\/Unknown-5.png","width":935,"height":200},{"@type":"BreadcrumbList","@id":"https:\/\/www.accuratereviews.com\/it\/piattaforme-per-fundraising\/givegab-recensione\/#breadcrumb","itemListElement":[{"@type":"ListItem","position":1,"name":"Home","item":"https:\/\/www.accuratereviews.com\/it\/"},{"@type":"ListItem","position":2,"name":"Piattaforme per fundraising","item":"https:\/\/www.accuratereviews.com\/it\/piattaforme-per-fundraising\/"},{"@type":"ListItem","position":3,"name":"GiveGab"}]},{"@type":"WebSite","@id":"https:\/\/www.accuratereviews.com\/it\/#website","url":"https:\/\/www.accuratereviews.com\/it\/","name":"Accurate Reviews","description":"","potentialAction":[{"@type":"SearchAction","target":{"@type":"EntryPoint","urlTemplate":"https:\/\/www.accuratereviews.com\/it\/?s={search_term_string}"},"query-input":{"@type":"PropertyValueSpecification","valueRequired":true,"valueName":"search_term_string"}}],"inLanguage":"it-IT"}]}},"_links":{"self":[{"href":"https:\/\/www.accuratereviews.com\/it\/wp-json\/wp\/v2\/pages\/35467","targetHints":{"allow":["GET"]}}],"collection":[{"href":"https:\/\/www.accuratereviews.com\/it\/wp-json\/wp\/v2\/pages"}],"about":[{"href":"https:\/\/www.accuratereviews.com\/it\/wp-json\/wp\/v2\/types\/page"}],"author":[{"embeddable":true,"href":"https:\/\/www.accuratereviews.com\/it\/wp-json\/wp\/v2\/users\/17"}],"replies":[{"embeddable":true,"href":"https:\/\/www.accuratereviews.com\/it\/wp-json\/wp\/v2\/comments?post=35467"}],"version-history":[{"count":9,"href":"https:\/\/www.accuratereviews.com\/it\/wp-json\/wp\/v2\/pages\/35467\/revisions"}],"predecessor-version":[{"id":36518,"href":"https:\/\/www.accuratereviews.com\/it\/wp-json\/wp\/v2\/pages\/35467\/revisions\/36518"}],"up":[{"embeddable":true,"href":"https:\/\/www.accuratereviews.com\/it\/wp-json\/wp\/v2\/pages\/35419"}],"wp:featuredmedia":[{"embeddable":true,"href":"https:\/\/www.accuratereviews.com\/it\/wp-json\/wp\/v2\/media\/35474"}],"wp:attachment":[{"href":"https:\/\/www.accuratereviews.com\/it\/wp-json\/wp\/v2\/media?parent=35467"}],"wp:term":[{"taxonomy":"category","embeddable":true,"href":"https:\/\/www.accuratereviews.com\/it\/wp-json\/wp\/v2\/categories?post=35467"},{"taxonomy":"post_tag","embeddable":true,"href":"https:\/\/www.accuratereviews.com\/it\/wp-json\/wp\/v2\/tags?post=35467"},{"taxonomy":"features","embeddable":true,"href":"https:\/\/www.accuratereviews.com\/it\/wp-json\/wp\/v2\/features?post=35467"}],"curies":[{"name":"wp","href":"https:\/\/api.w.org\/{rel}","templated":true}]}}