{"id":35482,"date":"2021-01-19T12:44:17","date_gmt":"2021-01-19T12:44:17","guid":{"rendered":"https:\/\/www.accuratereviews.com\/?page_id=35482"},"modified":"2021-02-02T16:18:06","modified_gmt":"2021-02-02T16:18:06","slug":"neoncrm-recensione","status":"publish","type":"page","link":"https:\/\/www.accuratereviews.com\/it\/piattaforme-per-fundraising\/neoncrm-recensione\/","title":{"rendered":"NeonCRM"},"content":{"rendered":"<p><strong>NeonCRM<\/strong> \u00e8 un <strong>software di gestione delle donazioni<\/strong> per organizzazioni senza scopo di lucro con funzionalit\u00e0 CRM. Ha tre opzioni di prezzo aziendali adatte alle esigenze di organizzazioni o dimensioni diverse. Puoi usarlo sia per la gestione dell&#8217;iscrizione che per la raccolta fondi. La soluzione ti offre anche la possibilit\u00e0 di personalizzare i moduli del tuo sito web. Puoi optare per i semplici moduli con marchio forniti gratuitamente con qualsiasi pacchetto o per quelli personalizzati che fanno risaltare la missione della tua organizzazione. In ogni caso, puoi essere certo di attirare potenziali sostenitori poich\u00e9 i moduli di donazione con marchio ricevono doni pi\u00f9 grandi rispetto a quelli generici. Inoltre, <strong>NeonCRM<\/strong> ti aiuta a tenere traccia delle tue finanze poich\u00e9 hai la possibilit\u00e0 di integrarlo a QuickBooks.<\/p>\n<h2>NEONCRM &#8211; TUTORIAL<\/h2>\n<p>Il video che segue offre una panoramica di questo <strong>software di raccolta fondi<\/strong>:<\/p>\n<div id=\"fluid-wrapper-counter-1\" class=\"g1-fluid-wrapper \" style=\"width:686px;\">\n<div style=\"padding-bottom:56.268221574344%;\"><iframe loading=\"lazy\" title=\"Introducing: New Account About Section\" width=\"686\" height=\"386\" src=\"https:\/\/www.youtube.com\/embed\/eTTWefLnT70?feature=oembed&amp;wmode=transparent&amp;autohide=1&amp;autoplay=0&amp;disablekb=0&amp;fs=1&amp;loop=0&amp;enablejsapi=1&amp;rel=0&amp;controls=2&amp;showinfo=0&amp;wmode=transparent&amp;autohide=2&amp;autoplay=0&amp;disablekb=0&amp;fs=1&amp;loop=0&amp;enablejsapi=1&amp;rel=0&amp;controls=2&amp;showinfo=1\" frameborder=\"0\" allow=\"accelerometer; autoplay; clipboard-write; encrypted-media; gyroscope; picture-in-picture\" allowfullscreen><\/iframe><\/div>\n<\/div>\n<h3>NEONCRM &#8211; CARATTERISTICHE<\/h3>\n<ul>\n<li><strong>Tieni traccia dei dati del donatore<\/strong>: gestisci account donatori individuali, familiari e aziendali, il tutto da una dashboard di facile utilizzo<\/li>\n<li><strong>Interazioni e solleciti<\/strong>: imposta attivit\u00e0 automatiche e promemoria per ciascuno dei tuoi potenziali clienti, in modo da poter costruire rapporti di donatori reali<\/li>\n<li><strong>Monitoraggio dell&#8217;impegno<\/strong>: pianifica e gestisci l&#8217;intenzione del tuo donatore di fare e applicare le donazioni agli impegni esistenti<\/li>\n<li><strong>Moduli personalizzati<\/strong>: crea moduli di donazione con marchio completo per qualsiasi campagna e personalizza il marchio, i campi dei moduli e il contenuto della pagina<\/li>\n<li><strong>Donazioni una tantum e ricorrenti<\/strong>: genera moduli che incoraggino le donazioni ricorrenti, in modo da poter raccogliere di pi\u00f9 in futuro<\/li>\n<li><strong>Flussi di lavoro di follow-up delle donazioni<\/strong>: personalizza il tuo processo di ringraziamento per i donatori con email automatiche, promemoria di attivit\u00e0 e invii<\/li>\n<li><strong> Stampa unione e lettere<\/strong>: stampa lettere di ringraziamento per donazioni o lettere di appello con la stampa unione incorporata<\/li>\n<li><strong>Crea rapporti personalizzati<\/strong>: utilizza tutti i dati nel sistema e personalizza le colonne di output in modo da avere i dati di cui hai bisogno<\/li>\n<li><strong>Rapporti esecutivi di raccolta fondi:<\/strong> ottieni una panoramica di alto livello del rendimento della raccolta fondi della tua organizzazione con visualizzazioni comparative dei risultati della tua organizzazione no profit.<\/li>\n<\/ul>\n<h4>LE RECENSIONI DEGLI UTENTI<\/h4>\n<h4 class=\"font-weight-bold mb-1 d-flex align-items-center\">Greg R&#8221;Va bene, deve essere modernizzato&#8221;<\/h4>\n<p><strong>Vantaggi: <\/strong>Neon ha alcune funzionalit\u00e0 di database potenti e veloci. Troviamo che sia veloce a rispondere quando si cercano record, si generano rapporti o si analizzano dati. \u00c8 anche molto capace di gestire record duplicati e la ricerca \u00e8 molto buona. \u00c8 anche stabile: sembra essere costruito su una base solida e funziona bene.<\/p>\n<p><strong>Inconvenienti: <\/strong>Gran parte di Neon sembra essere stata messa insieme da vecchie generazioni di sviluppo. C&#8217;\u00e8 una mancanza di coerenza nelle interfacce di amministrazione, e mi ritrovo perso nel tentativo di fare la cosa pi\u00f9 semplice (come aggiornare un&#8217;email di sistema) &#8230; e ho preso un anno di informatica come studente universitario. Le email non rispondono ai dispositivi mobili e le pagine web personalizzate sono quasi impossibili da presentare ai nostri membri perch\u00e9 semplicemente non corrispondono affatto al nostro marchio. L&#8217;evento manca di qualsiasi tipo di presentazione in una visualizzazione calendario. Neon aggiorna la propria piattaforma ogni mese, tuttavia, IMHO, si stanno concentrando sulla cosa sbagliata. Mi aspetto che il team di sviluppo l\u00ec presenti per semplificare l&#8217;interfaccia di amministrazione, rendere gli strumenti di base come email, eventi e pagine di registrazione dei membri pi\u00f9 moderni e pronti per i dispositivi mobili. Mi ritrovo a voler passare a una soluzione WordPress per consolidare tutto, ma abbiamo gi\u00e0 investito tempo e denaro in questo, quindi lo faremo per un po &#8216;. Se vai con Neon, ti suggerisco di prevedere tempo (e denaro) per il supporto tecnico e avere qualcuno nello staff o di guardia che possa occuparsi delle parti pi\u00f9 difficili dell&#8217;interfaccia di amministrazione per te.<\/p>\n<h4 class=\"font-weight-bold mb-1 d-flex align-items-center\">Colleen W.&#8221;Amimo l&#8217;applicazione ma hanno il peggior processo di assistenza clienti in assoluto&#8221;<\/h4>\n<p><strong>Commenti: <\/strong>Amiamo\u00a0l&#8217;applicazione, ma il loro processo di assistenza clienti \u00e8 assolutamente il peggiore che abbia mai sperimentato con un&#8217;azienda. Siamo al punto di esaminare un&#8217;altra applicazione ora mentre il team di vendita cerca di salvare l&#8217;account. Abbiamo altre tre organizzazioni che ora sono in attesa che aspettano di vedere se questo verr\u00e0 risolto o ci trasferiremo altrove.<\/p>\n<p><strong>Vantaggi: <\/strong>Non abbiamo niente che non ci piaccia al riguardo.<\/p>\n<p><strong>Inconvenienti: <\/strong>Il software \u00e8 fantastico. L&#8217;unico problema \u00e8 il servizio clienti. Non accettano chiamate in tempo reale, quindi il problema non viene risolto a volte per giorni, settimane e abbiamo persino passato mesi a cercare di sistemare le cose.<\/p>\n<h4 class=\"font-weight-bold mb-1 d-flex align-items-center\">Chelsea G.&#8221;Fantastico sistema di gestione dei donatori basato su cloud&#8221;<\/h4>\n<p><strong>Commenti: <\/strong>Fantastici rappresentanti di vendita e formazione, prodotto molto robusto e le persone che lo hanno progettato e lavorano con voi conoscono la raccolta fondi e le esigenze particolari che derivano sul campo<\/p>\n<p><strong>Vantaggi: <\/strong>Adoro la sua interfaccia facile da usare, il modo in cui tutto \u00e8 collegato, la capacit\u00e0 di tenere traccia di potenziali regali e come si interfaccia perfettamente con il nostro sito web. Inoltre, le donazioni online vengono automaticamente raggruppate nell&#8217;account dell&#8217;utente.<\/p>\n<p><strong>Inconvenienti: <\/strong>ci sono alcune stranezze sui limiti con la segnalazione e la raccolta di fondi sociali, ma sono totalmente cose con cui puoi lavorare per essere creativo.<\/p>\n","protected":false},"excerpt":{"rendered":"<p>NeonCRM \u00e8 un software di gestione delle donazioni per organizzazioni senza scopo di lucro con funzionalit\u00e0 CRM. Ha tre opzioni di prezzo aziendali adatte alle esigenze di organizzazioni o dimensioni diverse. Puoi usarlo sia per la gestione dell&#8217;iscrizione che per la raccolta fondi. La soluzione ti offre anche la possibilit\u00e0 di personalizzare i moduli del tuo sito web.<\/p>\n","protected":false},"author":19,"featured_media":35488,"parent":35419,"menu_order":0,"comment_status":"open","ping_status":"closed","template":"g1_template_page_review_new.php","meta":{"_acf_changed":false,"cwp_meta_box_check":"Yes","cwp_rev_product_name":"","cwp_rev_product_image":"","wppr_links":[],"cwp_rev_price":"","wppr_options":[],"wppr_pros":[],"wppr_cons":[],"_monsterinsights_skip_tracking":false,"_monsterinsights_sitenote_active":false,"_monsterinsights_sitenote_note":"","_monsterinsights_sitenote_category":0,"footnotes":""},"categories":[4851],"tags":[4881,4880,4883,4878,4877,4875,4876],"features":[],"class_list":{"0":"post-35482","1":"page","2":"type-page","3":"status-publish","4":"has-post-thumbnail","6":"category-piattaforme-per-fundraising-categoria","7":"tag-fundraising-program-it","8":"tag-fundraising-software-it","9":"tag-neoncrm","10":"tag-piattaforma-raccolta-fondi","11":"tag-programma-raccolta-fondi","12":"tag-software-raccolta-fondi","13":"tag-soluzione-raccolta-fondi"},"wppr_data":{"cwp_meta_box_check":"Yes","cwp_rev_product_name":"","cwp_rev_product_image":"","cwp_image_link":"image","cwp_rev_price":"","wppr_rating":"0.00"},"acf":[],"yoast_head":"<!-- This site is optimized with the Yoast SEO plugin v27.4 - https:\/\/yoast.com\/product\/yoast-seo-wordpress\/ -->\n<title>NeonCRM: recensione software per fundraising - Accurate Reviews<\/title>\n<meta name=\"description\" content=\"NeonCRM: recensione software di gestione delle donazioni per organizzazioni senza scopo di lucro con funzionalit\u00e0 CRM.\" \/>\n<meta name=\"robots\" content=\"index, follow, max-snippet:-1, max-image-preview:large, max-video-preview:-1\" \/>\n<link rel=\"canonical\" href=\"https:\/\/www.accuratereviews.com\/it\/piattaforme-per-fundraising\/neoncrm-recensione\/\" \/>\n<meta property=\"og:locale\" content=\"it_IT\" \/>\n<meta property=\"og:type\" content=\"article\" \/>\n<meta property=\"og:title\" content=\"NeonCRM: recensione software per fundraising - Accurate Reviews\" \/>\n<meta property=\"og:description\" content=\"NeonCRM: recensione software di gestione delle donazioni per organizzazioni senza scopo di lucro con funzionalit\u00e0 CRM.\" \/>\n<meta property=\"og:url\" content=\"https:\/\/www.accuratereviews.com\/it\/piattaforme-per-fundraising\/neoncrm-recensione\/\" \/>\n<meta property=\"og:site_name\" content=\"Accurate Reviews\" \/>\n<meta property=\"article:modified_time\" content=\"2021-02-02T16:18:06+00:00\" \/>\n<meta property=\"og:image\" content=\"https:\/\/www.accuratereviews.com\/wp-content\/uploads\/2021\/01\/neon.png\" \/>\n\t<meta property=\"og:image:width\" content=\"200\" \/>\n\t<meta property=\"og:image:height\" content=\"200\" \/>\n\t<meta property=\"og:image:type\" content=\"image\/png\" \/>\n<meta name=\"twitter:card\" content=\"summary_large_image\" \/>\n<meta name=\"twitter:label1\" content=\"Tempo di lettura stimato\" \/>\n\t<meta name=\"twitter:data1\" content=\"4 minuti\" \/>\n<script type=\"application\/ld+json\" class=\"yoast-schema-graph\">{\"@context\":\"https:\\\/\\\/schema.org\",\"@graph\":[{\"@type\":\"WebPage\",\"@id\":\"https:\\\/\\\/www.accuratereviews.com\\\/it\\\/piattaforme-per-fundraising\\\/neoncrm-recensione\\\/\",\"url\":\"https:\\\/\\\/www.accuratereviews.com\\\/it\\\/piattaforme-per-fundraising\\\/neoncrm-recensione\\\/\",\"name\":\"NeonCRM: recensione software per fundraising - Accurate Reviews\",\"isPartOf\":{\"@id\":\"https:\\\/\\\/www.accuratereviews.com\\\/it\\\/#website\"},\"primaryImageOfPage\":{\"@id\":\"https:\\\/\\\/www.accuratereviews.com\\\/it\\\/piattaforme-per-fundraising\\\/neoncrm-recensione\\\/#primaryimage\"},\"image\":{\"@id\":\"https:\\\/\\\/www.accuratereviews.com\\\/it\\\/piattaforme-per-fundraising\\\/neoncrm-recensione\\\/#primaryimage\"},\"thumbnailUrl\":\"https:\\\/\\\/www.accuratereviews.com\\\/wp-content\\\/uploads\\\/2021\\\/01\\\/neon.png\",\"datePublished\":\"2021-01-19T12:44:17+00:00\",\"dateModified\":\"2021-02-02T16:18:06+00:00\",\"description\":\"NeonCRM: recensione software di gestione delle donazioni per organizzazioni senza scopo di lucro con funzionalit\u00e0 CRM.\",\"breadcrumb\":{\"@id\":\"https:\\\/\\\/www.accuratereviews.com\\\/it\\\/piattaforme-per-fundraising\\\/neoncrm-recensione\\\/#breadcrumb\"},\"inLanguage\":\"it-IT\",\"potentialAction\":[{\"@type\":\"ReadAction\",\"target\":[\"https:\\\/\\\/www.accuratereviews.com\\\/it\\\/piattaforme-per-fundraising\\\/neoncrm-recensione\\\/\"]}]},{\"@type\":\"ImageObject\",\"inLanguage\":\"it-IT\",\"@id\":\"https:\\\/\\\/www.accuratereviews.com\\\/it\\\/piattaforme-per-fundraising\\\/neoncrm-recensione\\\/#primaryimage\",\"url\":\"https:\\\/\\\/www.accuratereviews.com\\\/wp-content\\\/uploads\\\/2021\\\/01\\\/neon.png\",\"contentUrl\":\"https:\\\/\\\/www.accuratereviews.com\\\/wp-content\\\/uploads\\\/2021\\\/01\\\/neon.png\",\"width\":200,\"height\":200},{\"@type\":\"BreadcrumbList\",\"@id\":\"https:\\\/\\\/www.accuratereviews.com\\\/it\\\/piattaforme-per-fundraising\\\/neoncrm-recensione\\\/#breadcrumb\",\"itemListElement\":[{\"@type\":\"ListItem\",\"position\":1,\"name\":\"Home\",\"item\":\"https:\\\/\\\/www.accuratereviews.com\\\/it\\\/\"},{\"@type\":\"ListItem\",\"position\":2,\"name\":\"Piattaforme per fundraising\",\"item\":\"https:\\\/\\\/www.accuratereviews.com\\\/it\\\/piattaforme-per-fundraising\\\/\"},{\"@type\":\"ListItem\",\"position\":3,\"name\":\"NeonCRM\"}]},{\"@type\":\"WebSite\",\"@id\":\"https:\\\/\\\/www.accuratereviews.com\\\/it\\\/#website\",\"url\":\"https:\\\/\\\/www.accuratereviews.com\\\/it\\\/\",\"name\":\"Accurate Reviews\",\"description\":\"\",\"potentialAction\":[{\"@type\":\"SearchAction\",\"target\":{\"@type\":\"EntryPoint\",\"urlTemplate\":\"https:\\\/\\\/www.accuratereviews.com\\\/it\\\/?s={search_term_string}\"},\"query-input\":{\"@type\":\"PropertyValueSpecification\",\"valueRequired\":true,\"valueName\":\"search_term_string\"}}],\"inLanguage\":\"it-IT\"}]}<\/script>\n<!-- \/ Yoast SEO plugin. -->","yoast_head_json":{"title":"NeonCRM: recensione software per fundraising - Accurate Reviews","description":"NeonCRM: recensione software di gestione delle donazioni per organizzazioni senza scopo di lucro con funzionalit\u00e0 CRM.","robots":{"index":"index","follow":"follow","max-snippet":"max-snippet:-1","max-image-preview":"max-image-preview:large","max-video-preview":"max-video-preview:-1"},"canonical":"https:\/\/www.accuratereviews.com\/it\/piattaforme-per-fundraising\/neoncrm-recensione\/","og_locale":"it_IT","og_type":"article","og_title":"NeonCRM: recensione software per fundraising - Accurate Reviews","og_description":"NeonCRM: recensione software di gestione delle donazioni per organizzazioni senza scopo di lucro con funzionalit\u00e0 CRM.","og_url":"https:\/\/www.accuratereviews.com\/it\/piattaforme-per-fundraising\/neoncrm-recensione\/","og_site_name":"Accurate Reviews","article_modified_time":"2021-02-02T16:18:06+00:00","og_image":[{"width":200,"height":200,"url":"https:\/\/www.accuratereviews.com\/wp-content\/uploads\/2021\/01\/neon.png","type":"image\/png"}],"twitter_card":"summary_large_image","twitter_misc":{"Tempo di lettura stimato":"4 minuti"},"schema":{"@context":"https:\/\/schema.org","@graph":[{"@type":"WebPage","@id":"https:\/\/www.accuratereviews.com\/it\/piattaforme-per-fundraising\/neoncrm-recensione\/","url":"https:\/\/www.accuratereviews.com\/it\/piattaforme-per-fundraising\/neoncrm-recensione\/","name":"NeonCRM: recensione software per fundraising - Accurate Reviews","isPartOf":{"@id":"https:\/\/www.accuratereviews.com\/it\/#website"},"primaryImageOfPage":{"@id":"https:\/\/www.accuratereviews.com\/it\/piattaforme-per-fundraising\/neoncrm-recensione\/#primaryimage"},"image":{"@id":"https:\/\/www.accuratereviews.com\/it\/piattaforme-per-fundraising\/neoncrm-recensione\/#primaryimage"},"thumbnailUrl":"https:\/\/www.accuratereviews.com\/wp-content\/uploads\/2021\/01\/neon.png","datePublished":"2021-01-19T12:44:17+00:00","dateModified":"2021-02-02T16:18:06+00:00","description":"NeonCRM: recensione software di gestione delle donazioni per organizzazioni senza scopo di lucro con funzionalit\u00e0 CRM.","breadcrumb":{"@id":"https:\/\/www.accuratereviews.com\/it\/piattaforme-per-fundraising\/neoncrm-recensione\/#breadcrumb"},"inLanguage":"it-IT","potentialAction":[{"@type":"ReadAction","target":["https:\/\/www.accuratereviews.com\/it\/piattaforme-per-fundraising\/neoncrm-recensione\/"]}]},{"@type":"ImageObject","inLanguage":"it-IT","@id":"https:\/\/www.accuratereviews.com\/it\/piattaforme-per-fundraising\/neoncrm-recensione\/#primaryimage","url":"https:\/\/www.accuratereviews.com\/wp-content\/uploads\/2021\/01\/neon.png","contentUrl":"https:\/\/www.accuratereviews.com\/wp-content\/uploads\/2021\/01\/neon.png","width":200,"height":200},{"@type":"BreadcrumbList","@id":"https:\/\/www.accuratereviews.com\/it\/piattaforme-per-fundraising\/neoncrm-recensione\/#breadcrumb","itemListElement":[{"@type":"ListItem","position":1,"name":"Home","item":"https:\/\/www.accuratereviews.com\/it\/"},{"@type":"ListItem","position":2,"name":"Piattaforme per fundraising","item":"https:\/\/www.accuratereviews.com\/it\/piattaforme-per-fundraising\/"},{"@type":"ListItem","position":3,"name":"NeonCRM"}]},{"@type":"WebSite","@id":"https:\/\/www.accuratereviews.com\/it\/#website","url":"https:\/\/www.accuratereviews.com\/it\/","name":"Accurate Reviews","description":"","potentialAction":[{"@type":"SearchAction","target":{"@type":"EntryPoint","urlTemplate":"https:\/\/www.accuratereviews.com\/it\/?s={search_term_string}"},"query-input":{"@type":"PropertyValueSpecification","valueRequired":true,"valueName":"search_term_string"}}],"inLanguage":"it-IT"}]}},"_links":{"self":[{"href":"https:\/\/www.accuratereviews.com\/it\/wp-json\/wp\/v2\/pages\/35482","targetHints":{"allow":["GET"]}}],"collection":[{"href":"https:\/\/www.accuratereviews.com\/it\/wp-json\/wp\/v2\/pages"}],"about":[{"href":"https:\/\/www.accuratereviews.com\/it\/wp-json\/wp\/v2\/types\/page"}],"author":[{"embeddable":true,"href":"https:\/\/www.accuratereviews.com\/it\/wp-json\/wp\/v2\/users\/19"}],"replies":[{"embeddable":true,"href":"https:\/\/www.accuratereviews.com\/it\/wp-json\/wp\/v2\/comments?post=35482"}],"version-history":[{"count":12,"href":"https:\/\/www.accuratereviews.com\/it\/wp-json\/wp\/v2\/pages\/35482\/revisions"}],"predecessor-version":[{"id":36531,"href":"https:\/\/www.accuratereviews.com\/it\/wp-json\/wp\/v2\/pages\/35482\/revisions\/36531"}],"up":[{"embeddable":true,"href":"https:\/\/www.accuratereviews.com\/it\/wp-json\/wp\/v2\/pages\/35419"}],"wp:featuredmedia":[{"embeddable":true,"href":"https:\/\/www.accuratereviews.com\/it\/wp-json\/wp\/v2\/media\/35488"}],"wp:attachment":[{"href":"https:\/\/www.accuratereviews.com\/it\/wp-json\/wp\/v2\/media?parent=35482"}],"wp:term":[{"taxonomy":"category","embeddable":true,"href":"https:\/\/www.accuratereviews.com\/it\/wp-json\/wp\/v2\/categories?post=35482"},{"taxonomy":"post_tag","embeddable":true,"href":"https:\/\/www.accuratereviews.com\/it\/wp-json\/wp\/v2\/tags?post=35482"},{"taxonomy":"features","embeddable":true,"href":"https:\/\/www.accuratereviews.com\/it\/wp-json\/wp\/v2\/features?post=35482"}],"curies":[{"name":"wp","href":"https:\/\/api.w.org\/{rel}","templated":true}]}}