{"id":35487,"date":"2021-01-19T12:34:03","date_gmt":"2021-01-19T12:34:03","guid":{"rendered":"https:\/\/www.accuratereviews.com\/?page_id=35487"},"modified":"2021-02-02T15:56:10","modified_gmt":"2021-02-02T15:56:10","slug":"blackbaud-raiser-s-edge-nxt-recensione","status":"publish","type":"page","link":"https:\/\/www.accuratereviews.com\/it\/piattaforme-per-fundraising\/blackbaud-raiser-s-edge-nxt-recensione\/","title":{"rendered":"Blackbaud Raiser&#8217;s Edge NXT"},"content":{"rendered":"<p><strong>Blackbaud Raiser&#8217;s Edge NXT<\/strong> \u00e8 una <strong>soluzione di fundraising<\/strong> creata per organizzazioni no profit, fondazioni, istituti educativi, organizzazioni sanitarie che necessitano raccogliere fondi online per offrire i propri servizi. Il suo obiettivo \u00e8 quello di fornire degli strumenti funzionali allo sviluppo di una<strong> campagna di raccolta fondi<\/strong> pi\u00f9 coinvolgente ed efficace. Potrai consultare report che ti informano in maniera accurata su ogni cambiamento della tua organizzazione, dei tuoi sostenitori, scegliendo strumenti di comunicazione in grado di raggiungere e ampliare il tuo pubblico.<br \/>\nSi tratta di una piattaforma online, basata su cloud, utilizzabile ovunque grazie all&#8217;accesso illimitato e garantito dalla connessione internet.<\/p>\n<h2>BLACKBAUD RAISER&#8217;S EDGE NXT &#8211; TUTORIAL<\/h2>\n<div id=\"fluid-wrapper-counter-1\" class=\"g1-fluid-wrapper \" style=\"width:686px;\">\n<div style=\"padding-bottom:56.268221574344%;\"><iframe loading=\"lazy\" title=\"Blackbaud Raiser&#039;s Edge NXT Overview (5:58)\" width=\"686\" height=\"386\" src=\"https:\/\/www.youtube.com\/embed\/fNIfMz70SSs?feature=oembed&amp;wmode=transparent&amp;autohide=1&amp;autoplay=0&amp;disablekb=0&amp;fs=1&amp;loop=0&amp;enablejsapi=1&amp;rel=0&amp;controls=2&amp;showinfo=0&amp;wmode=transparent&amp;autohide=2&amp;autoplay=0&amp;disablekb=0&amp;fs=1&amp;loop=0&amp;enablejsapi=1&amp;rel=0&amp;controls=2&amp;showinfo=1\" frameborder=\"0\" allow=\"accelerometer; autoplay; clipboard-write; encrypted-media; gyroscope; picture-in-picture\" allowfullscreen><\/iframe><\/div>\n<\/div>\n<h3>BLACKBAUD RAISER&#8217;S EDGE NXT &#8211; CARATTERISTICHE<\/h3>\n<ul>\n<li style=\"font-weight: 400;\" aria-level=\"1\"><span style=\"font-weight: 400;\"><strong>Strumenti avanzati<\/strong>: crea la tua campagna di raccolta fondi in modo semplice e veloce<\/span><\/li>\n<li style=\"font-weight: 400;\" aria-level=\"1\"><span style=\"font-weight: 400;\"><strong>Sistema reportistico<\/strong>: visualizza i dati che influiscono sui risultati desiderati con report dettagliati e personalizzabili<\/span><\/li>\n<li style=\"font-weight: 400;\" aria-level=\"1\"><span style=\"font-weight: 400;\"><strong>Strategia di donazioni<\/strong>: sfrutta il potenziale dei dati dati per capire come migliorare l\u2019approccio per raggiungere nuovi sostenitori e coinvolgere quelli esistenti\u00a0<\/span><\/li>\n<li aria-level=\"1\"><strong>Sistema di mappatura<\/strong>: trova pi\u00f9 facilmente quello che stai cercando grazie a questa funzione<\/li>\n<li aria-level=\"1\"><strong>CRM<\/strong>: gestisci al meglio le relazioni con i tuoi sostenitori<\/li>\n<li style=\"font-weight: 400;\" aria-level=\"1\"><strong>Integrazioni finanziarie<\/strong><\/li>\n<li style=\"font-weight: 400;\" aria-level=\"1\"><span style=\"font-weight: 400;\"><strong>Cloud<\/strong>: accedi alla piattaforma ovunque e in qualsiasi momento, rimanendo sempre aggiornato su tutto<\/span><\/li>\n<li style=\"font-weight: 400;\" aria-level=\"1\"><span style=\"font-weight: 400;\"><strong>Online<\/strong>: accedi dal tuo telefono o da qualsiasi dispositivo tu voglia utilizzare<\/span><\/li>\n<li style=\"font-weight: 400;\" aria-level=\"1\"><strong>Configurazione della lingua<\/strong><\/li>\n<\/ul>\n<h4>LE RECENSIONI DEGLI UTENTI<\/h4>\n<p><b>&#8220;Grandi caratteristiche&#8221;<br \/>\n<\/b>IN GENERALE: siamo ancora abbastanza nuovi su NXT. Sono il coordinatore del database, quindi molte funzioni non mi riguardano. Adoro la dashboard e adoro le informazioni che puoi estrarre su un componente. Molto impressionante. Mi piacerebbe un tutorial migliore o una lezione su tutto ci\u00f2 che pu\u00f2 offrire.<br \/>\nSpero che una volta che avremo una raccolta fondi designata utilizzeranno NXT. \u00c8 un ottimo strumento per raccogliere fondi.<br \/>\nPRO: facilit\u00e0 d&#8217;uso &#8211; una volta che inizi a guardarti intorno, puoi fare molto ed \u00e8 abbastanza facile trovare le informazioni di cui hai bisogno.<br \/>\nOttimo per le raccolte fondi in movimento<br \/>\nMolte informazioni<br \/>\nOttime dashboard<br \/>\nCONTRO: ci vuole tempo per abituarsi. Molte funzionalit\u00e0, ma abbiamo bisogno di un modo migliore per imparare tutto ci\u00f2 che pu\u00f2 offrire<\/p>\n<p><b>&#8220;Ottimo prodotto per raccolte fondi in prima linea&#8221;<br \/>\n<\/b>IN GENERALE: il nostro team adora NXT ed \u00e8 stato facile portare tutti a bordo del prodotto.<br \/>\nPRO: Raiser Edge NXT funziona meglio per gli addetti ai regali che lavorano sul campo pi\u00f9 che in ufficio. I report vengono inseriti facilmente tramite qualsiasi app talk to text. La funzione di mappatura consente di trovare componenti in aree specifiche in un processo semplice e riduce la raccolta di informazioni da parte del personale di supporto. Nel complesso NXT \u00e8 il migliore come programma self-service per raccolte fondi.<br \/>\nCONTRO: Raiser Edge NXT non \u00e8 ancora pronto per l&#8217;uso da parte del DBA. Funziona molto bene per la raccolta fondi, ma manca di alcune delle funzionalit\u00e0 per l&#8217;elaborazione pesante.<\/p>\n<p><b>&#8220;Prodotto di fascia alta, servizio clienti scadente&#8221;<br \/>\n<\/b>IN GENERALE: ottimo prodotto, ma la mancanza di servizio al cliente per la fascia di prezzo mi lascia un po&#8217; di amaro in bocca.<br \/>\nPRO: questo \u00e8 sicuramente un bel prodotto che fa tutto ci\u00f2 che promette e ci aiuta a tenere traccia di tutti i nostri donatori.<br \/>\nCONTRO: il prezzo \u00e8 alto per quello che stai ricevendo e l&#8217;assistenza clienti per questo prodotto \u00e8 estremamente scarsa nella migliore delle ipotesi.<\/p>\n","protected":false},"excerpt":{"rendered":"<p>Blackbaud Raisers Edge NXT \u00e8 una soluzione di fundraising creata per organizzazioni no profit, fondazioni, istituti educativi, organizzazioni sanitarie che necessitano raccogliere fondi online per offrire i propri servizi. Il suo obiettivo \u00e8 quello di fornire degli strumenti funzionali allo sviluppo di una campagna di raccolta fondi pi\u00f9 coinvolgente ed efficace.<\/p>\n","protected":false},"author":17,"featured_media":35492,"parent":35419,"menu_order":0,"comment_status":"open","ping_status":"closed","template":"g1_template_page_review_new.php","meta":{"_acf_changed":false,"cwp_meta_box_check":"No","cwp_rev_product_name":"","cwp_rev_product_image":"","wppr_links":[],"cwp_rev_price":"","wppr_options":[],"wppr_pros":[],"wppr_cons":[],"_monsterinsights_skip_tracking":false,"_monsterinsights_sitenote_active":false,"_monsterinsights_sitenote_note":"","_monsterinsights_sitenote_category":0,"footnotes":""},"categories":[4851],"tags":[4853,2209,4852,4855,4877,4859,4854],"features":[],"class_list":{"0":"post-35487","1":"page","2":"type-page","3":"status-publish","4":"has-post-thumbnail","6":"category-piattaforme-per-fundraising-categoria","7":"tag-fundraising","8":"tag-piattaforma-di-raccolta-fondi","9":"tag-piattaforma-per-fundraising","10":"tag-programma-per-fundraising","11":"tag-programma-raccolta-fondi","12":"tag-raccolta-fondi","13":"tag-software-per-fundraising"},"wppr_data":{"cwp_meta_box_check":"No"},"acf":[],"yoast_head":"<!-- This site is optimized with the Yoast SEO plugin v27.4 - https:\/\/yoast.com\/product\/yoast-seo-wordpress\/ -->\n<title>Blackbaud Raiser&#039;s Edge NXT: recensione - Accurate Reviews<\/title>\n<meta name=\"description\" content=\"Blackbaud Raiser&#039;s Edge NXT: recensione della soluzione di fundraising creata per sviluppare una campagna di raccolta fondi pi\u00f9 coinvolgente.\" \/>\n<meta name=\"robots\" content=\"index, follow, max-snippet:-1, max-image-preview:large, max-video-preview:-1\" \/>\n<link rel=\"canonical\" href=\"https:\/\/www.accuratereviews.com\/it\/piattaforme-per-fundraising\/blackbaud-raiser-s-edge-nxt-recensione\/\" \/>\n<meta property=\"og:locale\" content=\"it_IT\" \/>\n<meta property=\"og:type\" content=\"article\" \/>\n<meta property=\"og:title\" content=\"Blackbaud Raiser&#039;s Edge NXT: recensione - Accurate Reviews\" \/>\n<meta property=\"og:description\" content=\"Blackbaud Raiser&#039;s Edge NXT: recensione della soluzione di fundraising creata per sviluppare una campagna di raccolta fondi pi\u00f9 coinvolgente.\" \/>\n<meta property=\"og:url\" content=\"https:\/\/www.accuratereviews.com\/it\/piattaforme-per-fundraising\/blackbaud-raiser-s-edge-nxt-recensione\/\" \/>\n<meta property=\"og:site_name\" content=\"Accurate Reviews\" \/>\n<meta property=\"article:modified_time\" content=\"2021-02-02T15:56:10+00:00\" \/>\n<meta property=\"og:image\" content=\"https:\/\/www.accuratereviews.com\/wp-content\/uploads\/2021\/01\/5d56ddcfcf8afa00486391a2_blackbaud-raisers-edge-logo.png\" \/>\n\t<meta property=\"og:image:width\" content=\"826\" \/>\n\t<meta property=\"og:image:height\" content=\"200\" \/>\n\t<meta property=\"og:image:type\" content=\"image\/png\" \/>\n<meta name=\"twitter:card\" content=\"summary_large_image\" \/>\n<meta name=\"twitter:label1\" content=\"Tempo di lettura stimato\" \/>\n\t<meta name=\"twitter:data1\" content=\"3 minuti\" \/>\n<script type=\"application\/ld+json\" class=\"yoast-schema-graph\">{\"@context\":\"https:\\\/\\\/schema.org\",\"@graph\":[{\"@type\":\"WebPage\",\"@id\":\"https:\\\/\\\/www.accuratereviews.com\\\/it\\\/piattaforme-per-fundraising\\\/blackbaud-raiser-s-edge-nxt-recensione\\\/\",\"url\":\"https:\\\/\\\/www.accuratereviews.com\\\/it\\\/piattaforme-per-fundraising\\\/blackbaud-raiser-s-edge-nxt-recensione\\\/\",\"name\":\"Blackbaud Raiser's Edge NXT: recensione - Accurate Reviews\",\"isPartOf\":{\"@id\":\"https:\\\/\\\/www.accuratereviews.com\\\/it\\\/#website\"},\"primaryImageOfPage\":{\"@id\":\"https:\\\/\\\/www.accuratereviews.com\\\/it\\\/piattaforme-per-fundraising\\\/blackbaud-raiser-s-edge-nxt-recensione\\\/#primaryimage\"},\"image\":{\"@id\":\"https:\\\/\\\/www.accuratereviews.com\\\/it\\\/piattaforme-per-fundraising\\\/blackbaud-raiser-s-edge-nxt-recensione\\\/#primaryimage\"},\"thumbnailUrl\":\"https:\\\/\\\/www.accuratereviews.com\\\/wp-content\\\/uploads\\\/2021\\\/01\\\/5d56ddcfcf8afa00486391a2_blackbaud-raisers-edge-logo.png\",\"datePublished\":\"2021-01-19T12:34:03+00:00\",\"dateModified\":\"2021-02-02T15:56:10+00:00\",\"description\":\"Blackbaud Raiser's Edge NXT: recensione della soluzione di fundraising creata per sviluppare una campagna di raccolta fondi pi\u00f9 coinvolgente.\",\"breadcrumb\":{\"@id\":\"https:\\\/\\\/www.accuratereviews.com\\\/it\\\/piattaforme-per-fundraising\\\/blackbaud-raiser-s-edge-nxt-recensione\\\/#breadcrumb\"},\"inLanguage\":\"it-IT\",\"potentialAction\":[{\"@type\":\"ReadAction\",\"target\":[\"https:\\\/\\\/www.accuratereviews.com\\\/it\\\/piattaforme-per-fundraising\\\/blackbaud-raiser-s-edge-nxt-recensione\\\/\"]}]},{\"@type\":\"ImageObject\",\"inLanguage\":\"it-IT\",\"@id\":\"https:\\\/\\\/www.accuratereviews.com\\\/it\\\/piattaforme-per-fundraising\\\/blackbaud-raiser-s-edge-nxt-recensione\\\/#primaryimage\",\"url\":\"https:\\\/\\\/www.accuratereviews.com\\\/wp-content\\\/uploads\\\/2021\\\/01\\\/5d56ddcfcf8afa00486391a2_blackbaud-raisers-edge-logo.png\",\"contentUrl\":\"https:\\\/\\\/www.accuratereviews.com\\\/wp-content\\\/uploads\\\/2021\\\/01\\\/5d56ddcfcf8afa00486391a2_blackbaud-raisers-edge-logo.png\",\"width\":826,\"height\":200},{\"@type\":\"BreadcrumbList\",\"@id\":\"https:\\\/\\\/www.accuratereviews.com\\\/it\\\/piattaforme-per-fundraising\\\/blackbaud-raiser-s-edge-nxt-recensione\\\/#breadcrumb\",\"itemListElement\":[{\"@type\":\"ListItem\",\"position\":1,\"name\":\"Home\",\"item\":\"https:\\\/\\\/www.accuratereviews.com\\\/it\\\/\"},{\"@type\":\"ListItem\",\"position\":2,\"name\":\"Piattaforme per fundraising\",\"item\":\"https:\\\/\\\/www.accuratereviews.com\\\/it\\\/piattaforme-per-fundraising\\\/\"},{\"@type\":\"ListItem\",\"position\":3,\"name\":\"Blackbaud Raiser&#8217;s Edge NXT\"}]},{\"@type\":\"WebSite\",\"@id\":\"https:\\\/\\\/www.accuratereviews.com\\\/it\\\/#website\",\"url\":\"https:\\\/\\\/www.accuratereviews.com\\\/it\\\/\",\"name\":\"Accurate Reviews\",\"description\":\"\",\"potentialAction\":[{\"@type\":\"SearchAction\",\"target\":{\"@type\":\"EntryPoint\",\"urlTemplate\":\"https:\\\/\\\/www.accuratereviews.com\\\/it\\\/?s={search_term_string}\"},\"query-input\":{\"@type\":\"PropertyValueSpecification\",\"valueRequired\":true,\"valueName\":\"search_term_string\"}}],\"inLanguage\":\"it-IT\"}]}<\/script>\n<!-- \/ Yoast SEO plugin. -->","yoast_head_json":{"title":"Blackbaud Raiser's Edge NXT: recensione - Accurate Reviews","description":"Blackbaud Raiser's Edge NXT: recensione della soluzione di fundraising creata per sviluppare una campagna di raccolta fondi pi\u00f9 coinvolgente.","robots":{"index":"index","follow":"follow","max-snippet":"max-snippet:-1","max-image-preview":"max-image-preview:large","max-video-preview":"max-video-preview:-1"},"canonical":"https:\/\/www.accuratereviews.com\/it\/piattaforme-per-fundraising\/blackbaud-raiser-s-edge-nxt-recensione\/","og_locale":"it_IT","og_type":"article","og_title":"Blackbaud Raiser's Edge NXT: recensione - Accurate Reviews","og_description":"Blackbaud Raiser's Edge NXT: recensione della soluzione di fundraising creata per sviluppare una campagna di raccolta fondi pi\u00f9 coinvolgente.","og_url":"https:\/\/www.accuratereviews.com\/it\/piattaforme-per-fundraising\/blackbaud-raiser-s-edge-nxt-recensione\/","og_site_name":"Accurate Reviews","article_modified_time":"2021-02-02T15:56:10+00:00","og_image":[{"width":826,"height":200,"url":"https:\/\/www.accuratereviews.com\/wp-content\/uploads\/2021\/01\/5d56ddcfcf8afa00486391a2_blackbaud-raisers-edge-logo.png","type":"image\/png"}],"twitter_card":"summary_large_image","twitter_misc":{"Tempo di lettura stimato":"3 minuti"},"schema":{"@context":"https:\/\/schema.org","@graph":[{"@type":"WebPage","@id":"https:\/\/www.accuratereviews.com\/it\/piattaforme-per-fundraising\/blackbaud-raiser-s-edge-nxt-recensione\/","url":"https:\/\/www.accuratereviews.com\/it\/piattaforme-per-fundraising\/blackbaud-raiser-s-edge-nxt-recensione\/","name":"Blackbaud Raiser's Edge NXT: recensione - Accurate Reviews","isPartOf":{"@id":"https:\/\/www.accuratereviews.com\/it\/#website"},"primaryImageOfPage":{"@id":"https:\/\/www.accuratereviews.com\/it\/piattaforme-per-fundraising\/blackbaud-raiser-s-edge-nxt-recensione\/#primaryimage"},"image":{"@id":"https:\/\/www.accuratereviews.com\/it\/piattaforme-per-fundraising\/blackbaud-raiser-s-edge-nxt-recensione\/#primaryimage"},"thumbnailUrl":"https:\/\/www.accuratereviews.com\/wp-content\/uploads\/2021\/01\/5d56ddcfcf8afa00486391a2_blackbaud-raisers-edge-logo.png","datePublished":"2021-01-19T12:34:03+00:00","dateModified":"2021-02-02T15:56:10+00:00","description":"Blackbaud Raiser's Edge NXT: recensione della soluzione di fundraising creata per sviluppare una campagna di raccolta fondi pi\u00f9 coinvolgente.","breadcrumb":{"@id":"https:\/\/www.accuratereviews.com\/it\/piattaforme-per-fundraising\/blackbaud-raiser-s-edge-nxt-recensione\/#breadcrumb"},"inLanguage":"it-IT","potentialAction":[{"@type":"ReadAction","target":["https:\/\/www.accuratereviews.com\/it\/piattaforme-per-fundraising\/blackbaud-raiser-s-edge-nxt-recensione\/"]}]},{"@type":"ImageObject","inLanguage":"it-IT","@id":"https:\/\/www.accuratereviews.com\/it\/piattaforme-per-fundraising\/blackbaud-raiser-s-edge-nxt-recensione\/#primaryimage","url":"https:\/\/www.accuratereviews.com\/wp-content\/uploads\/2021\/01\/5d56ddcfcf8afa00486391a2_blackbaud-raisers-edge-logo.png","contentUrl":"https:\/\/www.accuratereviews.com\/wp-content\/uploads\/2021\/01\/5d56ddcfcf8afa00486391a2_blackbaud-raisers-edge-logo.png","width":826,"height":200},{"@type":"BreadcrumbList","@id":"https:\/\/www.accuratereviews.com\/it\/piattaforme-per-fundraising\/blackbaud-raiser-s-edge-nxt-recensione\/#breadcrumb","itemListElement":[{"@type":"ListItem","position":1,"name":"Home","item":"https:\/\/www.accuratereviews.com\/it\/"},{"@type":"ListItem","position":2,"name":"Piattaforme per fundraising","item":"https:\/\/www.accuratereviews.com\/it\/piattaforme-per-fundraising\/"},{"@type":"ListItem","position":3,"name":"Blackbaud Raiser&#8217;s Edge NXT"}]},{"@type":"WebSite","@id":"https:\/\/www.accuratereviews.com\/it\/#website","url":"https:\/\/www.accuratereviews.com\/it\/","name":"Accurate Reviews","description":"","potentialAction":[{"@type":"SearchAction","target":{"@type":"EntryPoint","urlTemplate":"https:\/\/www.accuratereviews.com\/it\/?s={search_term_string}"},"query-input":{"@type":"PropertyValueSpecification","valueRequired":true,"valueName":"search_term_string"}}],"inLanguage":"it-IT"}]}},"_links":{"self":[{"href":"https:\/\/www.accuratereviews.com\/it\/wp-json\/wp\/v2\/pages\/35487","targetHints":{"allow":["GET"]}}],"collection":[{"href":"https:\/\/www.accuratereviews.com\/it\/wp-json\/wp\/v2\/pages"}],"about":[{"href":"https:\/\/www.accuratereviews.com\/it\/wp-json\/wp\/v2\/types\/page"}],"author":[{"embeddable":true,"href":"https:\/\/www.accuratereviews.com\/it\/wp-json\/wp\/v2\/users\/17"}],"replies":[{"embeddable":true,"href":"https:\/\/www.accuratereviews.com\/it\/wp-json\/wp\/v2\/comments?post=35487"}],"version-history":[{"count":6,"href":"https:\/\/www.accuratereviews.com\/it\/wp-json\/wp\/v2\/pages\/35487\/revisions"}],"predecessor-version":[{"id":36511,"href":"https:\/\/www.accuratereviews.com\/it\/wp-json\/wp\/v2\/pages\/35487\/revisions\/36511"}],"up":[{"embeddable":true,"href":"https:\/\/www.accuratereviews.com\/it\/wp-json\/wp\/v2\/pages\/35419"}],"wp:featuredmedia":[{"embeddable":true,"href":"https:\/\/www.accuratereviews.com\/it\/wp-json\/wp\/v2\/media\/35492"}],"wp:attachment":[{"href":"https:\/\/www.accuratereviews.com\/it\/wp-json\/wp\/v2\/media?parent=35487"}],"wp:term":[{"taxonomy":"category","embeddable":true,"href":"https:\/\/www.accuratereviews.com\/it\/wp-json\/wp\/v2\/categories?post=35487"},{"taxonomy":"post_tag","embeddable":true,"href":"https:\/\/www.accuratereviews.com\/it\/wp-json\/wp\/v2\/tags?post=35487"},{"taxonomy":"features","embeddable":true,"href":"https:\/\/www.accuratereviews.com\/it\/wp-json\/wp\/v2\/features?post=35487"}],"curies":[{"name":"wp","href":"https:\/\/api.w.org\/{rel}","templated":true}]}}