{"id":35544,"date":"2021-01-20T13:55:56","date_gmt":"2021-01-20T13:55:56","guid":{"rendered":"https:\/\/www.accuratereviews.com\/?page_id=35544"},"modified":"2021-02-02T16:21:18","modified_gmt":"2021-02-02T16:21:18","slug":"silent-auction-pro-recensione","status":"publish","type":"page","link":"https:\/\/www.accuratereviews.com\/it\/piattaforme-per-fundraising\/silent-auction-pro-recensione\/","title":{"rendered":"Silent Auction Pro"},"content":{"rendered":"<p><strong>Silent Auction Pro<\/strong> \u00e8 una <strong>piattaforma per fundraising<\/strong> che permette di gestire ogni tipo di asta online, che sia scolastica, della chiesa o di qualsiasi associazione no profit. Si tratta infatti di un vero e proprio <strong>sistema di aste multiutente<\/strong> scelto da numerose organizzazioni di beneficenza nazionali come Ronald McDonald House e The United Way.<br \/>\nQuesto software offre strumenti all&#8217;avanguardia che ti renderanno la vita pi\u00f9 semplice, gestendo meglio il tuo elenco di contatti, creando rapidamente lettere di richiesta di donazioni personalizzate e inviti ai partecipanti. Potrai avere una panoramica generale delle donazioni, visualizzando le statistiche degli eventi per sapere sta proseguendo la tua <strong>campagna di raccolta fondi<\/strong> cos\u00ec da poter apportare modifiche dove necessario.<br \/>\nCon<strong> Silent Auction Pro<\/strong> puoi organizzare tutti i tipi di asta: silenziosa, dal vivo, online e addirittura per i dispositivi mobile, iOS e Android.<\/p>\n<h2>SILENT AUCTION PRO &#8211; TUTORIAL<\/h2>\n<p>Ecco un video che ci mostrer\u00e0 come funziona questo <strong>programma di raccolta fondi<\/strong>:<\/p>\n<div id=\"fluid-wrapper-counter-1\" class=\"g1-fluid-wrapper \" style=\"width:686px;\">\n<div style=\"padding-bottom:56.268221574344%;\"><iframe loading=\"lazy\" title=\"Silent Auction Pro Demonstration \/ Walk-through\" width=\"515\" height=\"386\" src=\"https:\/\/www.youtube.com\/embed\/fhidu1yQ5z0?feature=oembed&amp;wmode=transparent&amp;autohide=1&amp;autoplay=0&amp;disablekb=0&amp;fs=1&amp;loop=0&amp;enablejsapi=1&amp;rel=0&amp;controls=2&amp;showinfo=0&amp;wmode=transparent&amp;autohide=2&amp;autoplay=0&amp;disablekb=0&amp;fs=1&amp;loop=0&amp;enablejsapi=1&amp;rel=0&amp;controls=2&amp;showinfo=1\" frameborder=\"0\" allow=\"accelerometer; autoplay; clipboard-write; encrypted-media; gyroscope; picture-in-picture\" allowfullscreen><\/iframe><\/div>\n<\/div>\n<h3>SILENT AUCTION PRO &#8211; CARATTERISTICHE<\/h3>\n<ul>\n<li>Gestione dei contatti<\/li>\n<li>Inserimento e gestione delle donazioni<\/li>\n<li>Creazione e stampa personalizzabile di lettere di sollecitazione, invito e ringraziamento<\/li>\n<li>Controllo delle statistiche dell&#8217;evento (valore totale delle donazioni, numero di donazioni, totale donazioni per membro, partecipazione ad eventi)<\/li>\n<li>Impostazione promemoria<\/li>\n<li>Certificati regalo<\/li>\n<li>Fatture e ricevute<\/li>\n<li>Team multiutente<\/li>\n<\/ul>\n<h3>LE RECENSIONI DEGLI UTENTI<\/h3>\n<p><b>&#8220;Ottimo servizio clienti&#8221;<br \/>\n<\/b>IN GENERALE: sanno cosa stanno facendo e hanno anche un team molto preparato. Ti aiuteranno anche con suggerimenti e idee per migliorare il tuo evento!<br \/>\nPRO: il team di Silent Auction Pro vuole davvero che il tuo evento abbia successo. Sono sempre disponibili per telefono o email e, sebbene il loro sito Web abbia favolosi tutorial, sono anche bravi nel fornire supporto pratico.<br \/>\nCONTRO: vorrei vedere pi\u00f9 report di analisi<\/p>\n<p><strong>&#8220;Miglior investimento che abbiamo fatto&#8221;<\/strong><br \/>\n<span class=\"JLqJ4b\" data-language-for-alternatives=\"it\" data-language-to-translate-into=\"en\" data-phrase-index=\"1\"> <span class=\"JLqJ4b ChMk0b\" data-language-for-alternatives=\"it\" data-language-to-translate-into=\"en\" data-phrase-index=\"2\">IN GENERALE: il servizio clienti \u00e8 ottimo. Ogni gruppo come coach di eventi che ti aiuta a navigare nella logistica degli eventi. L&#8217;attenzione individuale che ricevi rende l&#8217;apprendimento del software molto facile.<br \/>\nPRO: le funzionalit\u00e0 del database ci hanno convinti inizialmente di questo software. La capacit\u00e0 di comunicare con potenziali donatori tramite email di massa \u00e8 stata un enorme risparmio di tempo. Quando siamo passati alle offerte per dispositivi mobili, abbiamo visto i proventi della nostra asta silenziosa alzarsi quasi il doppio!<br \/>\nCONTRO: il costo \u00e8 un po&#8217; proibitivo quando stai lavorando per raccogliere pi\u00f9 soldi possibile per il tuo gruppo. Tuttavia, abbiamo valutato molte opzioni e Silent Auction Pro ci ha dato il massimo per i nostri soldi.<\/span><\/span><\/p>\n<p><b>&#8220;Ottimo software per il prezzo.&#8221;<br \/>\n<\/b>PRO: mi piace il supporto che riceviamo. La quantit\u00e0 di aiuto disponibile \u00e8 molto utile. Mi piacciono tutti i tutorial sul lato amministratore.<br \/>\nCONTRO: non \u00e8 il pi\u00f9 facile da usare. Ci sono molti passaggi tra la registrazione e l&#8217;offerta.<\/p>\n","protected":false},"excerpt":{"rendered":"<p>Silent Auction Pro \u00e8 una piattaforma per fundraising che permette di gestire ogni tipo di asta online, che sia scolastica, della chiesa o di qualsiasi associazione no profit. Si tratta infatti di un vero e proprio sistema di aste multiutente scelto da numerose organizzazioni di beneficenza nazionali come Ronald McDonald House e The United Way.\u00a0<br \/>\nQuesto software offre strumenti all&#8217;avanguardia che ti renderanno la vita pi\u00f9 semplice, gestendo meglio il tuo elenco di contatti, creando rapidamente lettere di richiesta di donazioni personalizzate e inviti ai partecipanti.<\/p>\n","protected":false},"author":17,"featured_media":35546,"parent":35419,"menu_order":0,"comment_status":"open","ping_status":"closed","template":"g1_template_page_review_new.php","meta":{"_acf_changed":false,"cwp_meta_box_check":"Yes","cwp_rev_product_name":"","cwp_rev_product_image":"","wppr_links":[],"cwp_rev_price":"","wppr_options":[],"wppr_pros":[],"wppr_cons":[],"_monsterinsights_skip_tracking":false,"_monsterinsights_sitenote_active":false,"_monsterinsights_sitenote_note":"","_monsterinsights_sitenote_category":0,"footnotes":""},"categories":[4851],"tags":[4853,2209,4852,4855,4859,4854,4876],"features":[],"class_list":{"0":"post-35544","1":"page","2":"type-page","3":"status-publish","4":"has-post-thumbnail","6":"category-piattaforme-per-fundraising-categoria","7":"tag-fundraising","8":"tag-piattaforma-di-raccolta-fondi","9":"tag-piattaforma-per-fundraising","10":"tag-programma-per-fundraising","11":"tag-raccolta-fondi","12":"tag-software-per-fundraising","13":"tag-soluzione-raccolta-fondi"},"wppr_data":{"cwp_meta_box_check":"Yes","cwp_rev_product_name":"","cwp_rev_product_image":"","cwp_image_link":"image","cwp_rev_price":"","wppr_rating":"0.00"},"acf":[],"yoast_head":"<!-- This site is optimized with the Yoast SEO plugin v27.4 - https:\/\/yoast.com\/product\/yoast-seo-wordpress\/ -->\n<title>Silent Auction Pro: piattaforma per fundraising - Accurate Reviews<\/title>\n<meta name=\"description\" content=\"Silent Auction Pro: recensione della piattaforma per fundraising che permette di gestire ogni tipo di asta per raccogliere fondi.\" \/>\n<meta name=\"robots\" content=\"index, follow, max-snippet:-1, max-image-preview:large, max-video-preview:-1\" \/>\n<link rel=\"canonical\" href=\"https:\/\/www.accuratereviews.com\/it\/piattaforme-per-fundraising\/silent-auction-pro-recensione\/\" \/>\n<meta property=\"og:locale\" content=\"it_IT\" \/>\n<meta property=\"og:type\" content=\"article\" \/>\n<meta property=\"og:title\" content=\"Silent Auction Pro: piattaforma per fundraising - Accurate Reviews\" \/>\n<meta property=\"og:description\" content=\"Silent Auction Pro: recensione della piattaforma per fundraising che permette di gestire ogni tipo di asta per raccogliere fondi.\" \/>\n<meta property=\"og:url\" content=\"https:\/\/www.accuratereviews.com\/it\/piattaforme-per-fundraising\/silent-auction-pro-recensione\/\" \/>\n<meta property=\"og:site_name\" content=\"Accurate Reviews\" \/>\n<meta property=\"article:modified_time\" content=\"2021-02-02T16:21:18+00:00\" \/>\n<meta property=\"og:image\" content=\"https:\/\/www.accuratereviews.com\/wp-content\/uploads\/2021\/01\/Unknown-6.png\" \/>\n\t<meta property=\"og:image:width\" content=\"517\" \/>\n\t<meta property=\"og:image:height\" content=\"220\" \/>\n\t<meta property=\"og:image:type\" content=\"image\/png\" \/>\n<meta name=\"twitter:card\" content=\"summary_large_image\" \/>\n<meta name=\"twitter:label1\" content=\"Tempo di lettura stimato\" \/>\n\t<meta name=\"twitter:data1\" content=\"2 minuti\" \/>\n<script type=\"application\/ld+json\" class=\"yoast-schema-graph\">{\"@context\":\"https:\\\/\\\/schema.org\",\"@graph\":[{\"@type\":\"WebPage\",\"@id\":\"https:\\\/\\\/www.accuratereviews.com\\\/it\\\/piattaforme-per-fundraising\\\/silent-auction-pro-recensione\\\/\",\"url\":\"https:\\\/\\\/www.accuratereviews.com\\\/it\\\/piattaforme-per-fundraising\\\/silent-auction-pro-recensione\\\/\",\"name\":\"Silent Auction Pro: piattaforma per fundraising - Accurate Reviews\",\"isPartOf\":{\"@id\":\"https:\\\/\\\/www.accuratereviews.com\\\/it\\\/#website\"},\"primaryImageOfPage\":{\"@id\":\"https:\\\/\\\/www.accuratereviews.com\\\/it\\\/piattaforme-per-fundraising\\\/silent-auction-pro-recensione\\\/#primaryimage\"},\"image\":{\"@id\":\"https:\\\/\\\/www.accuratereviews.com\\\/it\\\/piattaforme-per-fundraising\\\/silent-auction-pro-recensione\\\/#primaryimage\"},\"thumbnailUrl\":\"https:\\\/\\\/www.accuratereviews.com\\\/wp-content\\\/uploads\\\/2021\\\/01\\\/Unknown-6.png\",\"datePublished\":\"2021-01-20T13:55:56+00:00\",\"dateModified\":\"2021-02-02T16:21:18+00:00\",\"description\":\"Silent Auction Pro: recensione della piattaforma per fundraising che permette di gestire ogni tipo di asta per raccogliere fondi.\",\"breadcrumb\":{\"@id\":\"https:\\\/\\\/www.accuratereviews.com\\\/it\\\/piattaforme-per-fundraising\\\/silent-auction-pro-recensione\\\/#breadcrumb\"},\"inLanguage\":\"it-IT\",\"potentialAction\":[{\"@type\":\"ReadAction\",\"target\":[\"https:\\\/\\\/www.accuratereviews.com\\\/it\\\/piattaforme-per-fundraising\\\/silent-auction-pro-recensione\\\/\"]}]},{\"@type\":\"ImageObject\",\"inLanguage\":\"it-IT\",\"@id\":\"https:\\\/\\\/www.accuratereviews.com\\\/it\\\/piattaforme-per-fundraising\\\/silent-auction-pro-recensione\\\/#primaryimage\",\"url\":\"https:\\\/\\\/www.accuratereviews.com\\\/wp-content\\\/uploads\\\/2021\\\/01\\\/Unknown-6.png\",\"contentUrl\":\"https:\\\/\\\/www.accuratereviews.com\\\/wp-content\\\/uploads\\\/2021\\\/01\\\/Unknown-6.png\",\"width\":517,\"height\":220},{\"@type\":\"BreadcrumbList\",\"@id\":\"https:\\\/\\\/www.accuratereviews.com\\\/it\\\/piattaforme-per-fundraising\\\/silent-auction-pro-recensione\\\/#breadcrumb\",\"itemListElement\":[{\"@type\":\"ListItem\",\"position\":1,\"name\":\"Home\",\"item\":\"https:\\\/\\\/www.accuratereviews.com\\\/it\\\/\"},{\"@type\":\"ListItem\",\"position\":2,\"name\":\"Piattaforme per fundraising\",\"item\":\"https:\\\/\\\/www.accuratereviews.com\\\/it\\\/piattaforme-per-fundraising\\\/\"},{\"@type\":\"ListItem\",\"position\":3,\"name\":\"Silent Auction Pro\"}]},{\"@type\":\"WebSite\",\"@id\":\"https:\\\/\\\/www.accuratereviews.com\\\/it\\\/#website\",\"url\":\"https:\\\/\\\/www.accuratereviews.com\\\/it\\\/\",\"name\":\"Accurate Reviews\",\"description\":\"\",\"potentialAction\":[{\"@type\":\"SearchAction\",\"target\":{\"@type\":\"EntryPoint\",\"urlTemplate\":\"https:\\\/\\\/www.accuratereviews.com\\\/it\\\/?s={search_term_string}\"},\"query-input\":{\"@type\":\"PropertyValueSpecification\",\"valueRequired\":true,\"valueName\":\"search_term_string\"}}],\"inLanguage\":\"it-IT\"}]}<\/script>\n<!-- \/ Yoast SEO plugin. -->","yoast_head_json":{"title":"Silent Auction Pro: piattaforma per fundraising - Accurate Reviews","description":"Silent Auction Pro: recensione della piattaforma per fundraising che permette di gestire ogni tipo di asta per raccogliere fondi.","robots":{"index":"index","follow":"follow","max-snippet":"max-snippet:-1","max-image-preview":"max-image-preview:large","max-video-preview":"max-video-preview:-1"},"canonical":"https:\/\/www.accuratereviews.com\/it\/piattaforme-per-fundraising\/silent-auction-pro-recensione\/","og_locale":"it_IT","og_type":"article","og_title":"Silent Auction Pro: piattaforma per fundraising - Accurate Reviews","og_description":"Silent Auction Pro: recensione della piattaforma per fundraising che permette di gestire ogni tipo di asta per raccogliere fondi.","og_url":"https:\/\/www.accuratereviews.com\/it\/piattaforme-per-fundraising\/silent-auction-pro-recensione\/","og_site_name":"Accurate Reviews","article_modified_time":"2021-02-02T16:21:18+00:00","og_image":[{"width":517,"height":220,"url":"https:\/\/www.accuratereviews.com\/wp-content\/uploads\/2021\/01\/Unknown-6.png","type":"image\/png"}],"twitter_card":"summary_large_image","twitter_misc":{"Tempo di lettura stimato":"2 minuti"},"schema":{"@context":"https:\/\/schema.org","@graph":[{"@type":"WebPage","@id":"https:\/\/www.accuratereviews.com\/it\/piattaforme-per-fundraising\/silent-auction-pro-recensione\/","url":"https:\/\/www.accuratereviews.com\/it\/piattaforme-per-fundraising\/silent-auction-pro-recensione\/","name":"Silent Auction Pro: piattaforma per fundraising - Accurate Reviews","isPartOf":{"@id":"https:\/\/www.accuratereviews.com\/it\/#website"},"primaryImageOfPage":{"@id":"https:\/\/www.accuratereviews.com\/it\/piattaforme-per-fundraising\/silent-auction-pro-recensione\/#primaryimage"},"image":{"@id":"https:\/\/www.accuratereviews.com\/it\/piattaforme-per-fundraising\/silent-auction-pro-recensione\/#primaryimage"},"thumbnailUrl":"https:\/\/www.accuratereviews.com\/wp-content\/uploads\/2021\/01\/Unknown-6.png","datePublished":"2021-01-20T13:55:56+00:00","dateModified":"2021-02-02T16:21:18+00:00","description":"Silent Auction Pro: recensione della piattaforma per fundraising che permette di gestire ogni tipo di asta per raccogliere fondi.","breadcrumb":{"@id":"https:\/\/www.accuratereviews.com\/it\/piattaforme-per-fundraising\/silent-auction-pro-recensione\/#breadcrumb"},"inLanguage":"it-IT","potentialAction":[{"@type":"ReadAction","target":["https:\/\/www.accuratereviews.com\/it\/piattaforme-per-fundraising\/silent-auction-pro-recensione\/"]}]},{"@type":"ImageObject","inLanguage":"it-IT","@id":"https:\/\/www.accuratereviews.com\/it\/piattaforme-per-fundraising\/silent-auction-pro-recensione\/#primaryimage","url":"https:\/\/www.accuratereviews.com\/wp-content\/uploads\/2021\/01\/Unknown-6.png","contentUrl":"https:\/\/www.accuratereviews.com\/wp-content\/uploads\/2021\/01\/Unknown-6.png","width":517,"height":220},{"@type":"BreadcrumbList","@id":"https:\/\/www.accuratereviews.com\/it\/piattaforme-per-fundraising\/silent-auction-pro-recensione\/#breadcrumb","itemListElement":[{"@type":"ListItem","position":1,"name":"Home","item":"https:\/\/www.accuratereviews.com\/it\/"},{"@type":"ListItem","position":2,"name":"Piattaforme per fundraising","item":"https:\/\/www.accuratereviews.com\/it\/piattaforme-per-fundraising\/"},{"@type":"ListItem","position":3,"name":"Silent Auction Pro"}]},{"@type":"WebSite","@id":"https:\/\/www.accuratereviews.com\/it\/#website","url":"https:\/\/www.accuratereviews.com\/it\/","name":"Accurate Reviews","description":"","potentialAction":[{"@type":"SearchAction","target":{"@type":"EntryPoint","urlTemplate":"https:\/\/www.accuratereviews.com\/it\/?s={search_term_string}"},"query-input":{"@type":"PropertyValueSpecification","valueRequired":true,"valueName":"search_term_string"}}],"inLanguage":"it-IT"}]}},"_links":{"self":[{"href":"https:\/\/www.accuratereviews.com\/it\/wp-json\/wp\/v2\/pages\/35544","targetHints":{"allow":["GET"]}}],"collection":[{"href":"https:\/\/www.accuratereviews.com\/it\/wp-json\/wp\/v2\/pages"}],"about":[{"href":"https:\/\/www.accuratereviews.com\/it\/wp-json\/wp\/v2\/types\/page"}],"author":[{"embeddable":true,"href":"https:\/\/www.accuratereviews.com\/it\/wp-json\/wp\/v2\/users\/17"}],"replies":[{"embeddable":true,"href":"https:\/\/www.accuratereviews.com\/it\/wp-json\/wp\/v2\/comments?post=35544"}],"version-history":[{"count":6,"href":"https:\/\/www.accuratereviews.com\/it\/wp-json\/wp\/v2\/pages\/35544\/revisions"}],"predecessor-version":[{"id":36536,"href":"https:\/\/www.accuratereviews.com\/it\/wp-json\/wp\/v2\/pages\/35544\/revisions\/36536"}],"up":[{"embeddable":true,"href":"https:\/\/www.accuratereviews.com\/it\/wp-json\/wp\/v2\/pages\/35419"}],"wp:featuredmedia":[{"embeddable":true,"href":"https:\/\/www.accuratereviews.com\/it\/wp-json\/wp\/v2\/media\/35546"}],"wp:attachment":[{"href":"https:\/\/www.accuratereviews.com\/it\/wp-json\/wp\/v2\/media?parent=35544"}],"wp:term":[{"taxonomy":"category","embeddable":true,"href":"https:\/\/www.accuratereviews.com\/it\/wp-json\/wp\/v2\/categories?post=35544"},{"taxonomy":"post_tag","embeddable":true,"href":"https:\/\/www.accuratereviews.com\/it\/wp-json\/wp\/v2\/tags?post=35544"},{"taxonomy":"features","embeddable":true,"href":"https:\/\/www.accuratereviews.com\/it\/wp-json\/wp\/v2\/features?post=35544"}],"curies":[{"name":"wp","href":"https:\/\/api.w.org\/{rel}","templated":true}]}}