{"id":35550,"date":"2021-01-20T13:47:59","date_gmt":"2021-01-20T13:47:59","guid":{"rendered":"https:\/\/www.accuratereviews.com\/?page_id=35550"},"modified":"2021-02-02T16:14:22","modified_gmt":"2021-02-02T16:14:22","slug":"little-green-light-recensione","status":"publish","type":"page","link":"https:\/\/www.accuratereviews.com\/it\/piattaforme-per-fundraising\/little-green-light-recensione\/","title":{"rendered":"Little Green Light"},"content":{"rendered":"<p><strong>Little Green Light<\/strong> aiuta le organizzazioni no profit di piccole e medie dimensioni a <strong>gestire la raccolta di fondi<\/strong> e gli sforzi di sviluppo offrendo un database di gestione delle relazioni dei membri basato su cloud, nonch\u00e9 pianificazione di eventi, monitoraggio delle attivit\u00e0, fusione di posta e query. La soluzione consente di stabilire flussi di lavoro, come l&#8217;inserimento e il recupero delle informazioni dei membri, l&#8217;aggiunta di donazioni, la registrazione della partecipazione agli eventi e la creazione di campagne di posta. Offre anche funzionalit\u00e0 di ricerca. Estremamente flessibile pu\u00f2 essere integrata con piattaforme di terze parti, consentendo a qualsiasi organizzazione di scalare senza sforzo. Al momento pu\u00f2 essere utilizzata con i seguenti software: Zapier, QuickBooks Online, Constant Contact, MailChimp, Mandrill, Wufoo, Formstack, Stripe, PayPal, ProPay, Wealth Engine, DonorSearch, Fundraising Report Card e SmartyStreets.<\/p>\n<h2>LITTLE GREEN LIGHT &#8211; TUTORIAL<\/h2>\n<p>In questo breve video, scopri come l&#8217;utilizzo del software di gestione delle raccolta fondi pu\u00f2 portare benefici alla tua organizzazione no profit di piccole o medie dimensioni:<\/p>\n<div id=\"fluid-wrapper-counter-1\" class=\"g1-fluid-wrapper \" style=\"width:686px;\">\n<div style=\"padding-bottom:56.268221574344%;\"><iframe loading=\"lazy\" title=\"Introduction to Little Green Light\" width=\"686\" height=\"386\" src=\"https:\/\/www.youtube.com\/embed\/CwuQju4PMJ0?feature=oembed&amp;wmode=transparent&amp;autohide=1&amp;autoplay=0&amp;disablekb=0&amp;fs=1&amp;loop=0&amp;enablejsapi=1&amp;rel=0&amp;controls=2&amp;showinfo=0&amp;wmode=transparent&amp;autohide=2&amp;autoplay=0&amp;disablekb=0&amp;fs=1&amp;loop=0&amp;enablejsapi=1&amp;rel=0&amp;controls=2&amp;showinfo=1\" frameborder=\"0\" allow=\"accelerometer; autoplay; clipboard-write; encrypted-media; gyroscope; picture-in-picture\" allowfullscreen><\/iframe><\/div>\n<\/div>\n<h3>LITTLE GREEN LIGHT &#8211; CARATTERISTICHE<\/h3>\n<ul>\n<li><strong>Profili membri:<\/strong><span class=\"JLqJ4b\" data-language-for-alternatives=\"it\" data-language-to-translate-into=\"en\" data-phrase-index=\"1\">\u00a0p<span class=\"JLqJ4b ChMk0b\" data-language-for-alternatives=\"it\" data-language-to-translate-into=\"en\" data-phrase-index=\"2\">rofili di una pagina, completi di informazioni di contatto, cronologia, relazioni e altro <\/span><\/span><\/li>\n<li><span class=\"JLqJ4b\" data-language-for-alternatives=\"it\" data-language-to-translate-into=\"en\" data-phrase-index=\"1\"><span class=\"JLqJ4b ChMk0b\" data-language-for-alternatives=\"it\" data-language-to-translate-into=\"en\" data-phrase-index=\"2\"><strong>Organizza e collabora<\/strong>: imposta attivit\u00e0, ricevi promemoria, gestisci il tuo calendario<\/span><\/span><\/li>\n<li><span class=\"JLqJ4b\" data-language-for-alternatives=\"it\" data-language-to-translate-into=\"en\" data-phrase-index=\"1\"><span class=\"JLqJ4b ChMk0b\" data-language-for-alternatives=\"it\" data-language-to-translate-into=\"en\" data-phrase-index=\"2\"><strong>Gestione contatti:<\/strong> annota chiamate, riunioni, email e corrispondenza<\/span><\/span><\/li>\n<li><strong>Email personalizzate:<\/strong><span class=\"JLqJ4b\" data-language-for-alternatives=\"it\" data-language-to-translate-into=\"en\" data-phrase-index=\"1\">\u00a0i<span class=\"JLqJ4b ChMk0b\" data-language-for-alternatives=\"it\" data-language-to-translate-into=\"en\" data-phrase-index=\"2\">nvia ricevute personalizzate, promemoria e ringraziamenti tramite email. <\/span><\/span><span class=\"JLqJ4b\" data-language-for-alternatives=\"it\" data-language-to-translate-into=\"en\" data-phrase-index=\"1\"><span class=\"JLqJ4b ChMk0b\" data-language-for-alternatives=\"it\" data-language-to-translate-into=\"en\" data-phrase-index=\"2\">Sincronizza con i record<\/span><\/span><\/li>\n<li><span class=\"JLqJ4b\" data-language-for-alternatives=\"it\" data-language-to-translate-into=\"en\" data-phrase-index=\"1\"><span class=\"JLqJ4b ChMk0b\" data-language-for-alternatives=\"it\" data-language-to-translate-into=\"en\" data-phrase-index=\"2\"><strong>Gestione dei soci:<\/strong> amministra facilmente i membri attivi e le loro scadenze, i loro livelli e le date di rinnovo.\u00a0Registrare gli interessi dei volontari e le ore impegnate e lavorate e molto altro.<\/span><\/span><\/li>\n<li><span class=\"JLqJ4b\" data-language-for-alternatives=\"it\" data-language-to-translate-into=\"en\" data-phrase-index=\"1\"><span class=\"JLqJ4b ChMk0b\" data-language-for-alternatives=\"it\" data-language-to-translate-into=\"en\" data-phrase-index=\"2\"><strong>Stampa unione integrata<\/strong>: produci lettere, etichette e buste. Tieni traccia automaticamente degli invii nei record costituenti.<\/span><\/span><\/li>\n<li><span class=\"JLqJ4b\" data-language-for-alternatives=\"it\" data-language-to-translate-into=\"en\" data-phrase-index=\"1\"><span class=\"JLqJ4b ChMk0b\" data-language-for-alternatives=\"it\" data-language-to-translate-into=\"en\" data-phrase-index=\"2\"><strong>Integrazioni:<\/strong> direttamente integrato con gli strumenti che gi\u00e0 utilizzi: email marketing, contabilit\u00e0, ricerca di potenziali clienti, moduli e altro ancora<\/span><\/span><\/li>\n<li><span class=\"JLqJ4b\" data-language-for-alternatives=\"it\" data-language-to-translate-into=\"en\" data-phrase-index=\"1\"><span class=\"JLqJ4b ChMk0b\" data-language-for-alternatives=\"it\" data-language-to-translate-into=\"en\" data-phrase-index=\"2\"><strong>Moduli personalizzabili<\/strong>: crea moduli personalizzati illimitati. Ottimo per iscrizioni a mailing list, eventi RSVP, iscrizioni di volontari e altro ancora. Ricevi donazioni online e aggiorna automaticamente i record dei componenti<\/span><\/span><\/li>\n<li><strong>Monitoraggio degli obiettivi<\/strong>:<span class=\"JLqJ4b\" data-language-for-alternatives=\"it\" data-language-to-translate-into=\"en\" data-phrase-index=\"6\">\u00a0g<span class=\"JLqJ4b ChMk0b\" data-language-for-alternatives=\"it\" data-language-to-translate-into=\"en\" data-phrase-index=\"7\">estisci le principali richieste di regali e concedi proposte. Imposta attivit\u00e0 e promemoria per monitorare i progressi.<\/span><\/span><\/li>\n<\/ul>\n<h4>LE RECENSIONI DEGLI UTENTI<\/h4>\n<h4 class=\"font-weight-bold mb-1 d-flex align-items-center\">Sarah N.&#8221;La nostra soluzione perfetta&#8221;<\/h4>\n<p><strong>Commenti: <\/strong>Provenendo dal sistema Raiser&#8217;s Edge di Blackbaud, incredibilmente costoso ed eccessivamente complicato, ogni singola cosa di LGL \u00e8 una boccata d&#8217;aria fresca e una gioia da usare. Dal lavoro con il nostro consulente sulla migrazione dei dati all&#8217;uso quotidiano, \u00e8 intuitivo e semplice da usare. Sto ancora imparando nuove e impressionanti funzionalit\u00e0 e ogni volta rimango piacevolmente sorpreso. Gli aggiornamenti implementare risolvono effettivamente i problemi o migliorano la funzionalit\u00e0 (ascoltano i propri utenti!). Il servizio clienti \u00e8 solo email, ma di solito \u00e8 veloce e molto utile. Anche la community di Facebook \u00e8 una bella aggiunta: a volte posso ottenere risposte l\u00ec senza bisogno di contattare l&#8217;assistenza.Vorrei solo che avessimo effettuato il passaggio prima: avremmo risparmiato alla nostra organizzazione decine di migliaia di dollari e a me stesso cos\u00ec tanta frustrazione.<\/p>\n<p><strong>Vantaggi: <\/strong>1. Il prezzo \u00e8 assolutamente imbattibile, soprattutto rispetto al Blackbaud.\u00a02. \u00c8 cos\u00ec semplice da usare. Intuitivo, veloce e facile, ma ricco di funzioni utili.<\/p>\n<p><strong>Inconvenienti: <\/strong>Inizialmente, quello che mi piaceva di meno era che non c&#8217;era supporto telefonico o chat dal vivo; solo email. Ma pi\u00f9 a lungo uso LGL e vedo quanto poco ho bisogno di supporto, e non mi dispiace affatto. Inoltre il supporto email di solito risponde rapidamente e ha la soluzione di cui ho bisogno.<\/p>\n<h4 class=\"font-weight-bold mb-1 d-flex align-items-center\">Rori M.&#8221;Miglior software per organizzazioni no profit&#8221;<\/h4>\n<p><strong>Commenti: <\/strong>Per il prezzo, questa \u00e8 in assoluto la migliore decisione di marketing che il nostro team abbia preso. Fa tutto ci\u00f2 di cui abbiamo bisogno ed \u00e8 su misura per il settore no profit.<\/p>\n<p><strong>Vantaggi: <\/strong>Questo prodotto si integra direttamente con il nostro software di email marketing &#8211; Constant Contact. Siamo stati in grado di creare un modulo su Little Green Light che si collega direttamente al nostro database di contatti e inserirlo direttamente sul nostro sito web. Ogni persona che si iscrive alla nostra newsletter viene inserita direttamente nel nostro database di contatti e nella nostra lista di contatti costante. Ha reso il nostro lavoro pi\u00f9 snello che, per un&#8217;organizzazione senza scopo di lucro con pochissimo personale e risorse, ha fatto un&#8217;enorme differenza nel nostro flusso di lavoro. Un&#8217;altra caratteristica sorprendente \u00e8 la Knowledge Base di Little Green Light. Qualsiasi domanda che potresti avere sulle funzionalit\u00e0 di questo software \u00e8 trattata nella loro knowledge base. \u00c8 facile cercare e trovare le informazioni di cui hai bisogno. Ogni volta che cerco qualcosa, l&#8217;ho trovato facilmente.<\/p>\n<p><strong>Inconvenienti: <\/strong>L&#8217;interfaccia utente potrebbe sicuramente utilizzare un po &#8216;di lavoro. Sembra un po &#8216;obsoleto e pu\u00f2 richiedere un po&#8217; di esplorazione per scoprire tutte le funzionalit\u00e0. Anche il trasferimento originale dei contatti richiedeva molto tempo, ma c&#8217;\u00e8 da aspettarselo con qualsiasi grande passaggio tra software CRM.<\/p>\n<h4 class=\"font-weight-bold mb-1 d-flex align-items-center\">Carlene B.&#8221;Soluzione economica per la gestione dei donatori&#8221;<\/h4>\n<p><strong>Commenti: <\/strong>Sono in grado di ripulire un database che era diventato un orribile pasticcio in GiftWorks Cloud. Sono in grado di identificare e cancellare facilmente donatori duplicati e doni duplicati. (Finora ho rimosso circa 300 componenti duplicati &#8230; circa l&#8217;8% del mio database totale &#8230; circa 100 in pi\u00f9 per andare)<\/p>\n<p><strong>Vantaggi: <\/strong>\u00c8 semplicissimo da imparare e da usare. Tutto ci\u00f2 di cui hai bisogno \u00e8 integrato: la dashboard che ti tiene concentrato su ci\u00f2 che hai (o non hai) sollevato di recente rispetto ai tuoi obiettivi, i rapporti di base (che possono essere personalizzati). La voce del registro del donatore include la verifica dell&#8217;indirizzo postale degli Stati Uniti &#8211; yay! LGL \u00e8 anche chiaro su cosa fa e cosa non fa. Quindi non pretende di collegarsi direttamente a un prodotto peer-to-peer e non sta nemmeno rovinando il mio database caricando una voce duplicata per ogni singola persona che si registra nel prodotto peer-to-peer (che ha un protocollo di nome predefinito diverso).<\/p>\n<p><strong>Inconvenienti: <\/strong>Finora non ho lamentele. Sto gi\u00e0 utilizzando funzionalit\u00e0 che non mi aspettavo (invio di email direttamente tramite il sistema, che consente al contatto di essere automaticamente registrato nel record Costituente). Suppongo che LGL potrebbe essere pi\u00f9 carina. Ma data la scelta tra bello e funzionale, prender\u00f2 un prodotto che funziona ogni giorno.<\/p>\n<p>&nbsp;<\/p>\n","protected":false},"excerpt":{"rendered":"<p>Little Green Light aiuta le organizzazioni no profit di piccole e medie dimensioni a gestire la raccolta di fondi e gli sforzi di sviluppo offrendo un database di gestione delle relazioni dei membri basato su cloud, nonch\u00e9 pianificazione di eventi, monitoraggio delle attivit\u00e0, fusione di posta e query. La soluzione consente di stabilire flussi di lavoro, come l&#8217;inserimento e il recupero delle informazioni dei membri, l&#8217;aggiunta di donazioni, la registrazione della partecipazione agli eventi e la creazione di campagne di posta.<\/p>\n","protected":false},"author":19,"featured_media":35554,"parent":35419,"menu_order":0,"comment_status":"open","ping_status":"closed","template":"g1_template_page_review_new.php","meta":{"_acf_changed":false,"cwp_meta_box_check":"Yes","cwp_rev_product_name":"","cwp_rev_product_image":"","wppr_links":[],"cwp_rev_price":"","wppr_options":[],"wppr_pros":[],"wppr_cons":[],"_monsterinsights_skip_tracking":false,"_monsterinsights_sitenote_active":false,"_monsterinsights_sitenote_note":"","_monsterinsights_sitenote_category":0,"footnotes":""},"categories":[4851],"tags":[4900,4880,4901,4878,4877,4875,4876],"features":[],"class_list":{"0":"post-35550","1":"page","2":"type-page","3":"status-publish","4":"has-post-thumbnail","6":"category-piattaforme-per-fundraising-categoria","7":"tag-fundraising-progam","8":"tag-fundraising-software-it","9":"tag-little-green-light","10":"tag-piattaforma-raccolta-fondi","11":"tag-programma-raccolta-fondi","12":"tag-software-raccolta-fondi","13":"tag-soluzione-raccolta-fondi"},"wppr_data":{"cwp_meta_box_check":"Yes","cwp_rev_product_name":"","cwp_rev_product_image":"","cwp_image_link":"image","cwp_rev_price":"","wppr_rating":"0.00"},"acf":[],"yoast_head":"<!-- This site is optimized with the Yoast SEO plugin v27.4 - https:\/\/yoast.com\/product\/yoast-seo-wordpress\/ -->\n<title>Little Green Light: recensione software per fundraising - Accurate Reviews<\/title>\n<meta name=\"description\" content=\"Little Green Light: recensione piattaforma flessibile per la raccolta fondi e la gestione dei donatori altamente personalizzabile.\" \/>\n<meta name=\"robots\" content=\"index, follow, max-snippet:-1, max-image-preview:large, max-video-preview:-1\" \/>\n<link rel=\"canonical\" href=\"https:\/\/www.accuratereviews.com\/it\/piattaforme-per-fundraising\/little-green-light-recensione\/\" \/>\n<meta property=\"og:locale\" content=\"it_IT\" \/>\n<meta property=\"og:type\" content=\"article\" \/>\n<meta property=\"og:title\" content=\"Little Green Light: recensione software per fundraising - Accurate Reviews\" \/>\n<meta property=\"og:description\" content=\"Little Green Light: recensione piattaforma flessibile per la raccolta fondi e la gestione dei donatori altamente personalizzabile.\" \/>\n<meta property=\"og:url\" content=\"https:\/\/www.accuratereviews.com\/it\/piattaforme-per-fundraising\/little-green-light-recensione\/\" \/>\n<meta property=\"og:site_name\" content=\"Accurate Reviews\" \/>\n<meta property=\"article:modified_time\" content=\"2021-02-02T16:14:22+00:00\" \/>\n<meta property=\"og:image\" content=\"https:\/\/www.accuratereviews.com\/wp-content\/uploads\/2021\/01\/little-green-light.png\" \/>\n\t<meta property=\"og:image:width\" content=\"364\" \/>\n\t<meta property=\"og:image:height\" content=\"364\" \/>\n\t<meta property=\"og:image:type\" content=\"image\/png\" \/>\n<meta name=\"twitter:card\" content=\"summary_large_image\" \/>\n<meta name=\"twitter:label1\" content=\"Tempo di lettura stimato\" \/>\n\t<meta name=\"twitter:data1\" content=\"5 minuti\" \/>\n<script type=\"application\/ld+json\" class=\"yoast-schema-graph\">{\"@context\":\"https:\\\/\\\/schema.org\",\"@graph\":[{\"@type\":\"WebPage\",\"@id\":\"https:\\\/\\\/www.accuratereviews.com\\\/it\\\/piattaforme-per-fundraising\\\/little-green-light-recensione\\\/\",\"url\":\"https:\\\/\\\/www.accuratereviews.com\\\/it\\\/piattaforme-per-fundraising\\\/little-green-light-recensione\\\/\",\"name\":\"Little Green Light: recensione software per fundraising - Accurate Reviews\",\"isPartOf\":{\"@id\":\"https:\\\/\\\/www.accuratereviews.com\\\/it\\\/#website\"},\"primaryImageOfPage\":{\"@id\":\"https:\\\/\\\/www.accuratereviews.com\\\/it\\\/piattaforme-per-fundraising\\\/little-green-light-recensione\\\/#primaryimage\"},\"image\":{\"@id\":\"https:\\\/\\\/www.accuratereviews.com\\\/it\\\/piattaforme-per-fundraising\\\/little-green-light-recensione\\\/#primaryimage\"},\"thumbnailUrl\":\"https:\\\/\\\/www.accuratereviews.com\\\/wp-content\\\/uploads\\\/2021\\\/01\\\/little-green-light.png\",\"datePublished\":\"2021-01-20T13:47:59+00:00\",\"dateModified\":\"2021-02-02T16:14:22+00:00\",\"description\":\"Little Green Light: recensione piattaforma flessibile per la raccolta fondi e la gestione dei donatori altamente personalizzabile.\",\"breadcrumb\":{\"@id\":\"https:\\\/\\\/www.accuratereviews.com\\\/it\\\/piattaforme-per-fundraising\\\/little-green-light-recensione\\\/#breadcrumb\"},\"inLanguage\":\"it-IT\",\"potentialAction\":[{\"@type\":\"ReadAction\",\"target\":[\"https:\\\/\\\/www.accuratereviews.com\\\/it\\\/piattaforme-per-fundraising\\\/little-green-light-recensione\\\/\"]}]},{\"@type\":\"ImageObject\",\"inLanguage\":\"it-IT\",\"@id\":\"https:\\\/\\\/www.accuratereviews.com\\\/it\\\/piattaforme-per-fundraising\\\/little-green-light-recensione\\\/#primaryimage\",\"url\":\"https:\\\/\\\/www.accuratereviews.com\\\/wp-content\\\/uploads\\\/2021\\\/01\\\/little-green-light.png\",\"contentUrl\":\"https:\\\/\\\/www.accuratereviews.com\\\/wp-content\\\/uploads\\\/2021\\\/01\\\/little-green-light.png\",\"width\":364,\"height\":364},{\"@type\":\"BreadcrumbList\",\"@id\":\"https:\\\/\\\/www.accuratereviews.com\\\/it\\\/piattaforme-per-fundraising\\\/little-green-light-recensione\\\/#breadcrumb\",\"itemListElement\":[{\"@type\":\"ListItem\",\"position\":1,\"name\":\"Home\",\"item\":\"https:\\\/\\\/www.accuratereviews.com\\\/it\\\/\"},{\"@type\":\"ListItem\",\"position\":2,\"name\":\"Piattaforme per fundraising\",\"item\":\"https:\\\/\\\/www.accuratereviews.com\\\/it\\\/piattaforme-per-fundraising\\\/\"},{\"@type\":\"ListItem\",\"position\":3,\"name\":\"Little Green Light\"}]},{\"@type\":\"WebSite\",\"@id\":\"https:\\\/\\\/www.accuratereviews.com\\\/it\\\/#website\",\"url\":\"https:\\\/\\\/www.accuratereviews.com\\\/it\\\/\",\"name\":\"Accurate Reviews\",\"description\":\"\",\"potentialAction\":[{\"@type\":\"SearchAction\",\"target\":{\"@type\":\"EntryPoint\",\"urlTemplate\":\"https:\\\/\\\/www.accuratereviews.com\\\/it\\\/?s={search_term_string}\"},\"query-input\":{\"@type\":\"PropertyValueSpecification\",\"valueRequired\":true,\"valueName\":\"search_term_string\"}}],\"inLanguage\":\"it-IT\"}]}<\/script>\n<!-- \/ Yoast SEO plugin. -->","yoast_head_json":{"title":"Little Green Light: recensione software per fundraising - Accurate Reviews","description":"Little Green Light: recensione piattaforma flessibile per la raccolta fondi e la gestione dei donatori altamente personalizzabile.","robots":{"index":"index","follow":"follow","max-snippet":"max-snippet:-1","max-image-preview":"max-image-preview:large","max-video-preview":"max-video-preview:-1"},"canonical":"https:\/\/www.accuratereviews.com\/it\/piattaforme-per-fundraising\/little-green-light-recensione\/","og_locale":"it_IT","og_type":"article","og_title":"Little Green Light: recensione software per fundraising - Accurate Reviews","og_description":"Little Green Light: recensione piattaforma flessibile per la raccolta fondi e la gestione dei donatori altamente personalizzabile.","og_url":"https:\/\/www.accuratereviews.com\/it\/piattaforme-per-fundraising\/little-green-light-recensione\/","og_site_name":"Accurate Reviews","article_modified_time":"2021-02-02T16:14:22+00:00","og_image":[{"width":364,"height":364,"url":"https:\/\/www.accuratereviews.com\/wp-content\/uploads\/2021\/01\/little-green-light.png","type":"image\/png"}],"twitter_card":"summary_large_image","twitter_misc":{"Tempo di lettura stimato":"5 minuti"},"schema":{"@context":"https:\/\/schema.org","@graph":[{"@type":"WebPage","@id":"https:\/\/www.accuratereviews.com\/it\/piattaforme-per-fundraising\/little-green-light-recensione\/","url":"https:\/\/www.accuratereviews.com\/it\/piattaforme-per-fundraising\/little-green-light-recensione\/","name":"Little Green Light: recensione software per fundraising - Accurate Reviews","isPartOf":{"@id":"https:\/\/www.accuratereviews.com\/it\/#website"},"primaryImageOfPage":{"@id":"https:\/\/www.accuratereviews.com\/it\/piattaforme-per-fundraising\/little-green-light-recensione\/#primaryimage"},"image":{"@id":"https:\/\/www.accuratereviews.com\/it\/piattaforme-per-fundraising\/little-green-light-recensione\/#primaryimage"},"thumbnailUrl":"https:\/\/www.accuratereviews.com\/wp-content\/uploads\/2021\/01\/little-green-light.png","datePublished":"2021-01-20T13:47:59+00:00","dateModified":"2021-02-02T16:14:22+00:00","description":"Little Green Light: recensione piattaforma flessibile per la raccolta fondi e la gestione dei donatori altamente personalizzabile.","breadcrumb":{"@id":"https:\/\/www.accuratereviews.com\/it\/piattaforme-per-fundraising\/little-green-light-recensione\/#breadcrumb"},"inLanguage":"it-IT","potentialAction":[{"@type":"ReadAction","target":["https:\/\/www.accuratereviews.com\/it\/piattaforme-per-fundraising\/little-green-light-recensione\/"]}]},{"@type":"ImageObject","inLanguage":"it-IT","@id":"https:\/\/www.accuratereviews.com\/it\/piattaforme-per-fundraising\/little-green-light-recensione\/#primaryimage","url":"https:\/\/www.accuratereviews.com\/wp-content\/uploads\/2021\/01\/little-green-light.png","contentUrl":"https:\/\/www.accuratereviews.com\/wp-content\/uploads\/2021\/01\/little-green-light.png","width":364,"height":364},{"@type":"BreadcrumbList","@id":"https:\/\/www.accuratereviews.com\/it\/piattaforme-per-fundraising\/little-green-light-recensione\/#breadcrumb","itemListElement":[{"@type":"ListItem","position":1,"name":"Home","item":"https:\/\/www.accuratereviews.com\/it\/"},{"@type":"ListItem","position":2,"name":"Piattaforme per fundraising","item":"https:\/\/www.accuratereviews.com\/it\/piattaforme-per-fundraising\/"},{"@type":"ListItem","position":3,"name":"Little Green Light"}]},{"@type":"WebSite","@id":"https:\/\/www.accuratereviews.com\/it\/#website","url":"https:\/\/www.accuratereviews.com\/it\/","name":"Accurate Reviews","description":"","potentialAction":[{"@type":"SearchAction","target":{"@type":"EntryPoint","urlTemplate":"https:\/\/www.accuratereviews.com\/it\/?s={search_term_string}"},"query-input":{"@type":"PropertyValueSpecification","valueRequired":true,"valueName":"search_term_string"}}],"inLanguage":"it-IT"}]}},"_links":{"self":[{"href":"https:\/\/www.accuratereviews.com\/it\/wp-json\/wp\/v2\/pages\/35550","targetHints":{"allow":["GET"]}}],"collection":[{"href":"https:\/\/www.accuratereviews.com\/it\/wp-json\/wp\/v2\/pages"}],"about":[{"href":"https:\/\/www.accuratereviews.com\/it\/wp-json\/wp\/v2\/types\/page"}],"author":[{"embeddable":true,"href":"https:\/\/www.accuratereviews.com\/it\/wp-json\/wp\/v2\/users\/19"}],"replies":[{"embeddable":true,"href":"https:\/\/www.accuratereviews.com\/it\/wp-json\/wp\/v2\/comments?post=35550"}],"version-history":[{"count":11,"href":"https:\/\/www.accuratereviews.com\/it\/wp-json\/wp\/v2\/pages\/35550\/revisions"}],"predecessor-version":[{"id":36528,"href":"https:\/\/www.accuratereviews.com\/it\/wp-json\/wp\/v2\/pages\/35550\/revisions\/36528"}],"up":[{"embeddable":true,"href":"https:\/\/www.accuratereviews.com\/it\/wp-json\/wp\/v2\/pages\/35419"}],"wp:featuredmedia":[{"embeddable":true,"href":"https:\/\/www.accuratereviews.com\/it\/wp-json\/wp\/v2\/media\/35554"}],"wp:attachment":[{"href":"https:\/\/www.accuratereviews.com\/it\/wp-json\/wp\/v2\/media?parent=35550"}],"wp:term":[{"taxonomy":"category","embeddable":true,"href":"https:\/\/www.accuratereviews.com\/it\/wp-json\/wp\/v2\/categories?post=35550"},{"taxonomy":"post_tag","embeddable":true,"href":"https:\/\/www.accuratereviews.com\/it\/wp-json\/wp\/v2\/tags?post=35550"},{"taxonomy":"features","embeddable":true,"href":"https:\/\/www.accuratereviews.com\/it\/wp-json\/wp\/v2\/features?post=35550"}],"curies":[{"name":"wp","href":"https:\/\/api.w.org\/{rel}","templated":true}]}}