{"id":35566,"date":"2021-01-20T13:50:23","date_gmt":"2021-01-20T13:50:23","guid":{"rendered":"https:\/\/www.accuratereviews.com\/?page_id=35566"},"modified":"2021-02-02T16:01:37","modified_gmt":"2021-02-02T16:01:37","slug":"donor-tools-recensione","status":"publish","type":"page","link":"https:\/\/www.accuratereviews.com\/it\/piattaforme-per-fundraising\/donor-tools-recensione\/","title":{"rendered":"Donor Tools"},"content":{"rendered":"<p><strong>Donor Tools<\/strong> \u00e8 una <strong>soluzione di gestione dei donatori<\/strong> basata su <strong>cloud<\/strong> sviluppata da Higher Pixels. La soluzione consente alle organizzazioni per le raccolte fondi di tenere traccia dei contributi di pi\u00f9 donatori. Gli utenti possono creare pagine di raccolta fondi online con moduli di donazione. Queste ultime vengono processate tramite PayPal e registrate automaticamente nel sistema. Una volta elaborati, i membri ricevono un&#8217;email per confermare la ricezione della loro donazione e le raccolte fondi possono generare rapporti che a sua volta vengono filtrate per fondo, fonte, tipo di donazione e data. <strong>Donor Tools<\/strong> si integra anche con QuickBooks per esportare ed elaborare i dati dei donatori per soddisfare i requisiti contabili e fiscali. Le funzioni di etichettatura dei donatori consentono di collocare i donatori in gruppi definiti dall&#8217;utente, il che permette loro di compilare email e elenchi telefonici mirati in base alla storia, agli interessi e al coinvolgimento dei donatori.<\/p>\n<h2>DONOR TOOLS &#8211; TUTORIAL<\/h2>\n<p>Guardiamo come \u00e8 semplice creare la tua prima donazione con questo <strong>software per raccolta fondi<\/strong>:<\/p>\n<div id=\"fluid-wrapper-counter-1\" class=\"g1-fluid-wrapper \" style=\"width:686px;\">\n<div style=\"padding-bottom:56.268221574344%;\"><iframe loading=\"lazy\" title=\"Donor Tools - Creating Your First Donation\" width=\"686\" height=\"386\" src=\"https:\/\/www.youtube.com\/embed\/3QLNQwSP8Zw?feature=oembed&amp;wmode=transparent&amp;autohide=1&amp;autoplay=0&amp;disablekb=0&amp;fs=1&amp;loop=0&amp;enablejsapi=1&amp;rel=0&amp;controls=2&amp;showinfo=0&amp;wmode=transparent&amp;autohide=2&amp;autoplay=0&amp;disablekb=0&amp;fs=1&amp;loop=0&amp;enablejsapi=1&amp;rel=0&amp;controls=2&amp;showinfo=1\" frameborder=\"0\" allow=\"accelerometer; autoplay; clipboard-write; encrypted-media; gyroscope; picture-in-picture\" allowfullscreen><\/iframe><\/div>\n<\/div>\n<h2>DONOR TOOLS &#8211; CARATTERISTICHE<\/h2>\n<ul>\n<li><strong>Gestione delle donazioni:<\/strong> tutte le organizzazioni no profit ad un certo punto incontrano problemi di monitoraggio delle donazioni. <span class=\"JLqJ4b ChMk0b\" data-language-for-alternatives=\"it\" data-language-to-translate-into=\"en\" data-phrase-index=\"3\">Fogli di calcolo enormi, immissione di dati incoerente, volontari che si trasferiscono subito dopo la formazione.<span class=\"JLqJ4b\" data-language-for-alternatives=\"it\" data-language-to-translate-into=\"en\" data-phrase-index=\"4\"> La soluzione risolve questi problemi<\/span><\/span><\/li>\n<li><strong>Tutte le tue donazioni in un unico posto:<\/strong> r<span class=\"JLqJ4b\" data-language-for-alternatives=\"it\" data-language-to-translate-into=\"en\" data-phrase-index=\"1\"><span class=\"JLqJ4b ChMk0b\" data-language-for-alternatives=\"it\" data-language-to-translate-into=\"en\" data-phrase-index=\"2\">icevi assegni, contanti, regali in natura. Sempre pi\u00f9 donazioni stanno arrivando online. Il software offre un modo semplice per acquisire tutte le tue donazioni. Le donazioni online vengono registrate automaticamente e le transazioni fisiche vengono registrate in pochi secondi<\/span><\/span><\/li>\n<li><strong>Browser web supportati<\/strong>: puoi utilizzare qualsiasi browser web come <span class=\"JLqJ4b ChMk0b\" data-language-for-alternatives=\"it\" data-language-to-translate-into=\"en\" data-phrase-index=\"3\">Chrome, Safari, Firefox, IE 11<\/span><\/li>\n<\/ul>\n<h4>LE RECENSIONI DEGLI UTENTI<\/h4>\n<h4 class=\"font-weight-bold mb-1 d-flex align-items-center\">Ian F.&#8221;Il miglior CRM per un piccolo budget &#8230;&#8221;<\/h4>\n<p><strong>Commenti: <\/strong>Dico a ogni piccola organizzazione senza scopo di lucro di considerare DonorTools. Per il prezzo, non puoi trovare un prodotto migliore, per un piccolo negozio con un budget limitato.<\/p>\n<p><strong>Vantaggi: <\/strong>Il prezzo. Il prezzo \u00e8 imbattibile. Per un CRM di gestione dei donatori che copre tutte le basi e ti fornisce tutte le funzionalit\u00e0 necessarie per gestire un piccolo team di sviluppo, non cercare oltre. Questo ha tutto ci\u00f2 di cui avrai bisogno.<\/p>\n<p><strong>Inconvenienti: <\/strong>I rapporti che DonorTools pu\u00f2 eseguire sono standard, ma un po &#8216;limitati per i tipici CRM dei donatori. Certo, ottieni quello per cui paghi, ma puoi comunque volere alcune caratteristiche.<\/p>\n<h4 class=\"font-weight-bold mb-1 d-flex align-items-center\">Deana E.&#8221;Il programma ci ha permesso di utilizzare i bisogni di base per la documentazione dei soci.&#8221;<\/h4>\n<p><strong>Commenti: <\/strong>La possibilit\u00e0 di essere in grado di monitorare i donatori ovunque con accesso online.<\/p>\n<p><strong>Vantaggi: <\/strong>Offre l&#8217;opportunit\u00e0 di visualizzare una cronologia dei donatori donazioni per diversi anni. Inoltre, la possibilit\u00e0 di classificare ogni tipo di donazione.<\/p>\n<p><strong>Inconvenienti: <\/strong>Vorremmo essere in grado di inviare una notifica email per la ricezione di una donazione. Inoltre, la possibilit\u00e0 di stampare etichette direttamente dal programma e di non dover esportare in ACCESS.<\/p>\n<h4>Tyler B.&#8221;Una scelta piuttosto solida!&#8221;<\/h4>\n<p><strong>Commenti: <\/strong>Nel complesso, questo strumento \u00e8 stato una buona soluzione per organizzare e monitorare tutte le nostre donazioni in arrivo. Non \u00e8 il migliore sul mercato, ma \u00e8 molto utile.<\/p>\n<p><strong>Vantaggi: <\/strong>Ho trovato questo software molto facile da usare. Un sacco di software di gestione delle donazioni pu\u00f2 essere molto contorto e travolgente anche solo da guardare. Dopo aver trascorso 10 minuti con Donor Tools, sapevo come fare praticamente tutto ci\u00f2 che avrei dovuto fare regolarmente. \u00c8 strutturato molto facilmente.<\/p>\n<p><strong>Inconvenienti: <\/strong>Almeno nella mia esperienza ho trovato il software stesso un po &#8216;glitch e difettoso. La navigazione nel software e il tentativo di creare rapporti, ad esempio, spesso portavano a pause fino a 7 o 8 secondi mentre il programma trovava il suo orientamento. Sembra che le cose sul lato della codifica non siano del tutto perfette.<\/p>\n<p>&nbsp;<\/p>\n","protected":false},"excerpt":{"rendered":"<p>Donor Tools \u00e8 una soluzione di gestione dei donatori basata su cloud sviluppata da Higher Pixels. La soluzione consente alle organizzazioni per le raccolte fondi di tenere traccia dei contributi di pi\u00f9 donatori. Gli utenti possono creare pagine di raccolta fondi online con moduli di donazione. Quest&#8217;ultime vengono elaborate tramite PayPal e registrate automaticamente nel sistema.<\/p>\n","protected":false},"author":19,"featured_media":35569,"parent":35419,"menu_order":0,"comment_status":"open","ping_status":"closed","template":"g1_template_page_review_new.php","meta":{"_acf_changed":false,"cwp_meta_box_check":"No","cwp_rev_product_name":"","cwp_rev_product_image":"","wppr_links":[],"cwp_rev_price":"","wppr_options":[],"wppr_pros":[],"wppr_cons":[],"_monsterinsights_skip_tracking":false,"_monsterinsights_sitenote_active":false,"_monsterinsights_sitenote_note":"","_monsterinsights_sitenote_category":0,"footnotes":""},"categories":[4851],"tags":[396,4908,4900,4880,4852,4878,4855,4907,4854,4875,4909,4876],"features":[],"class_list":{"0":"post-35566","1":"page","2":"type-page","3":"status-publish","4":"has-post-thumbnail","6":"category-piattaforme-per-fundraising-categoria","7":"tag-cloud","8":"tag-donor-tools","9":"tag-fundraising-progam","10":"tag-fundraising-software-it","11":"tag-piattaforma-per-fundraising","12":"tag-piattaforma-raccolta-fondi","13":"tag-programma-per-fundraising","14":"tag-programma-racconta-fondi","15":"tag-software-per-fundraising","16":"tag-software-raccolta-fondi","17":"tag-soluzione-per-fundraising","18":"tag-soluzione-raccolta-fondi"},"wppr_data":{"cwp_meta_box_check":"No"},"acf":[],"yoast_head":"<!-- This site is optimized with the Yoast SEO plugin v27.4 - https:\/\/yoast.com\/product\/yoast-seo-wordpress\/ -->\n<title>Donor Tools: recensione software per fundraising - Accurate Reviews<\/title>\n<meta name=\"description\" content=\"Donor Tools: recensione soluzione di gestione dei donatori basata su cloud sviluppata da Higher Pixels per piccole e medi organizzazioni.\" \/>\n<meta name=\"robots\" content=\"index, follow, max-snippet:-1, max-image-preview:large, max-video-preview:-1\" \/>\n<link rel=\"canonical\" href=\"https:\/\/www.accuratereviews.com\/it\/piattaforme-per-fundraising\/donor-tools-recensione\/\" \/>\n<meta property=\"og:locale\" content=\"it_IT\" \/>\n<meta property=\"og:type\" content=\"article\" \/>\n<meta property=\"og:title\" content=\"Donor Tools: recensione software per fundraising - Accurate Reviews\" \/>\n<meta property=\"og:description\" content=\"Donor Tools: recensione soluzione di gestione dei donatori basata su cloud sviluppata da Higher Pixels per piccole e medi organizzazioni.\" \/>\n<meta property=\"og:url\" content=\"https:\/\/www.accuratereviews.com\/it\/piattaforme-per-fundraising\/donor-tools-recensione\/\" \/>\n<meta property=\"og:site_name\" content=\"Accurate Reviews\" \/>\n<meta property=\"article:modified_time\" content=\"2021-02-02T16:01:37+00:00\" \/>\n<meta property=\"og:image\" content=\"https:\/\/www.accuratereviews.com\/wp-content\/uploads\/2021\/01\/Donor-Tools.png\" \/>\n\t<meta property=\"og:image:width\" content=\"325\" \/>\n\t<meta property=\"og:image:height\" content=\"260\" \/>\n\t<meta property=\"og:image:type\" content=\"image\/png\" \/>\n<meta name=\"twitter:card\" content=\"summary_large_image\" \/>\n<meta name=\"twitter:label1\" content=\"Tempo di lettura stimato\" \/>\n\t<meta name=\"twitter:data1\" content=\"3 minuti\" \/>\n<script type=\"application\/ld+json\" class=\"yoast-schema-graph\">{\"@context\":\"https:\\\/\\\/schema.org\",\"@graph\":[{\"@type\":\"WebPage\",\"@id\":\"https:\\\/\\\/www.accuratereviews.com\\\/it\\\/piattaforme-per-fundraising\\\/donor-tools-recensione\\\/\",\"url\":\"https:\\\/\\\/www.accuratereviews.com\\\/it\\\/piattaforme-per-fundraising\\\/donor-tools-recensione\\\/\",\"name\":\"Donor Tools: recensione software per fundraising - Accurate Reviews\",\"isPartOf\":{\"@id\":\"https:\\\/\\\/www.accuratereviews.com\\\/it\\\/#website\"},\"primaryImageOfPage\":{\"@id\":\"https:\\\/\\\/www.accuratereviews.com\\\/it\\\/piattaforme-per-fundraising\\\/donor-tools-recensione\\\/#primaryimage\"},\"image\":{\"@id\":\"https:\\\/\\\/www.accuratereviews.com\\\/it\\\/piattaforme-per-fundraising\\\/donor-tools-recensione\\\/#primaryimage\"},\"thumbnailUrl\":\"https:\\\/\\\/www.accuratereviews.com\\\/wp-content\\\/uploads\\\/2021\\\/01\\\/Donor-Tools.png\",\"datePublished\":\"2021-01-20T13:50:23+00:00\",\"dateModified\":\"2021-02-02T16:01:37+00:00\",\"description\":\"Donor Tools: recensione soluzione di gestione dei donatori basata su cloud sviluppata da Higher Pixels per piccole e medi organizzazioni.\",\"breadcrumb\":{\"@id\":\"https:\\\/\\\/www.accuratereviews.com\\\/it\\\/piattaforme-per-fundraising\\\/donor-tools-recensione\\\/#breadcrumb\"},\"inLanguage\":\"it-IT\",\"potentialAction\":[{\"@type\":\"ReadAction\",\"target\":[\"https:\\\/\\\/www.accuratereviews.com\\\/it\\\/piattaforme-per-fundraising\\\/donor-tools-recensione\\\/\"]}]},{\"@type\":\"ImageObject\",\"inLanguage\":\"it-IT\",\"@id\":\"https:\\\/\\\/www.accuratereviews.com\\\/it\\\/piattaforme-per-fundraising\\\/donor-tools-recensione\\\/#primaryimage\",\"url\":\"https:\\\/\\\/www.accuratereviews.com\\\/wp-content\\\/uploads\\\/2021\\\/01\\\/Donor-Tools.png\",\"contentUrl\":\"https:\\\/\\\/www.accuratereviews.com\\\/wp-content\\\/uploads\\\/2021\\\/01\\\/Donor-Tools.png\",\"width\":325,\"height\":260},{\"@type\":\"BreadcrumbList\",\"@id\":\"https:\\\/\\\/www.accuratereviews.com\\\/it\\\/piattaforme-per-fundraising\\\/donor-tools-recensione\\\/#breadcrumb\",\"itemListElement\":[{\"@type\":\"ListItem\",\"position\":1,\"name\":\"Home\",\"item\":\"https:\\\/\\\/www.accuratereviews.com\\\/it\\\/\"},{\"@type\":\"ListItem\",\"position\":2,\"name\":\"Piattaforme per fundraising\",\"item\":\"https:\\\/\\\/www.accuratereviews.com\\\/it\\\/piattaforme-per-fundraising\\\/\"},{\"@type\":\"ListItem\",\"position\":3,\"name\":\"Donor Tools\"}]},{\"@type\":\"WebSite\",\"@id\":\"https:\\\/\\\/www.accuratereviews.com\\\/it\\\/#website\",\"url\":\"https:\\\/\\\/www.accuratereviews.com\\\/it\\\/\",\"name\":\"Accurate Reviews\",\"description\":\"\",\"potentialAction\":[{\"@type\":\"SearchAction\",\"target\":{\"@type\":\"EntryPoint\",\"urlTemplate\":\"https:\\\/\\\/www.accuratereviews.com\\\/it\\\/?s={search_term_string}\"},\"query-input\":{\"@type\":\"PropertyValueSpecification\",\"valueRequired\":true,\"valueName\":\"search_term_string\"}}],\"inLanguage\":\"it-IT\"}]}<\/script>\n<!-- \/ Yoast SEO plugin. -->","yoast_head_json":{"title":"Donor Tools: recensione software per fundraising - Accurate Reviews","description":"Donor Tools: recensione soluzione di gestione dei donatori basata su cloud sviluppata da Higher Pixels per piccole e medi organizzazioni.","robots":{"index":"index","follow":"follow","max-snippet":"max-snippet:-1","max-image-preview":"max-image-preview:large","max-video-preview":"max-video-preview:-1"},"canonical":"https:\/\/www.accuratereviews.com\/it\/piattaforme-per-fundraising\/donor-tools-recensione\/","og_locale":"it_IT","og_type":"article","og_title":"Donor Tools: recensione software per fundraising - Accurate Reviews","og_description":"Donor Tools: recensione soluzione di gestione dei donatori basata su cloud sviluppata da Higher Pixels per piccole e medi organizzazioni.","og_url":"https:\/\/www.accuratereviews.com\/it\/piattaforme-per-fundraising\/donor-tools-recensione\/","og_site_name":"Accurate Reviews","article_modified_time":"2021-02-02T16:01:37+00:00","og_image":[{"width":325,"height":260,"url":"https:\/\/www.accuratereviews.com\/wp-content\/uploads\/2021\/01\/Donor-Tools.png","type":"image\/png"}],"twitter_card":"summary_large_image","twitter_misc":{"Tempo di lettura stimato":"3 minuti"},"schema":{"@context":"https:\/\/schema.org","@graph":[{"@type":"WebPage","@id":"https:\/\/www.accuratereviews.com\/it\/piattaforme-per-fundraising\/donor-tools-recensione\/","url":"https:\/\/www.accuratereviews.com\/it\/piattaforme-per-fundraising\/donor-tools-recensione\/","name":"Donor Tools: recensione software per fundraising - Accurate Reviews","isPartOf":{"@id":"https:\/\/www.accuratereviews.com\/it\/#website"},"primaryImageOfPage":{"@id":"https:\/\/www.accuratereviews.com\/it\/piattaforme-per-fundraising\/donor-tools-recensione\/#primaryimage"},"image":{"@id":"https:\/\/www.accuratereviews.com\/it\/piattaforme-per-fundraising\/donor-tools-recensione\/#primaryimage"},"thumbnailUrl":"https:\/\/www.accuratereviews.com\/wp-content\/uploads\/2021\/01\/Donor-Tools.png","datePublished":"2021-01-20T13:50:23+00:00","dateModified":"2021-02-02T16:01:37+00:00","description":"Donor Tools: recensione soluzione di gestione dei donatori basata su cloud sviluppata da Higher Pixels per piccole e medi organizzazioni.","breadcrumb":{"@id":"https:\/\/www.accuratereviews.com\/it\/piattaforme-per-fundraising\/donor-tools-recensione\/#breadcrumb"},"inLanguage":"it-IT","potentialAction":[{"@type":"ReadAction","target":["https:\/\/www.accuratereviews.com\/it\/piattaforme-per-fundraising\/donor-tools-recensione\/"]}]},{"@type":"ImageObject","inLanguage":"it-IT","@id":"https:\/\/www.accuratereviews.com\/it\/piattaforme-per-fundraising\/donor-tools-recensione\/#primaryimage","url":"https:\/\/www.accuratereviews.com\/wp-content\/uploads\/2021\/01\/Donor-Tools.png","contentUrl":"https:\/\/www.accuratereviews.com\/wp-content\/uploads\/2021\/01\/Donor-Tools.png","width":325,"height":260},{"@type":"BreadcrumbList","@id":"https:\/\/www.accuratereviews.com\/it\/piattaforme-per-fundraising\/donor-tools-recensione\/#breadcrumb","itemListElement":[{"@type":"ListItem","position":1,"name":"Home","item":"https:\/\/www.accuratereviews.com\/it\/"},{"@type":"ListItem","position":2,"name":"Piattaforme per fundraising","item":"https:\/\/www.accuratereviews.com\/it\/piattaforme-per-fundraising\/"},{"@type":"ListItem","position":3,"name":"Donor Tools"}]},{"@type":"WebSite","@id":"https:\/\/www.accuratereviews.com\/it\/#website","url":"https:\/\/www.accuratereviews.com\/it\/","name":"Accurate Reviews","description":"","potentialAction":[{"@type":"SearchAction","target":{"@type":"EntryPoint","urlTemplate":"https:\/\/www.accuratereviews.com\/it\/?s={search_term_string}"},"query-input":{"@type":"PropertyValueSpecification","valueRequired":true,"valueName":"search_term_string"}}],"inLanguage":"it-IT"}]}},"_links":{"self":[{"href":"https:\/\/www.accuratereviews.com\/it\/wp-json\/wp\/v2\/pages\/35566","targetHints":{"allow":["GET"]}}],"collection":[{"href":"https:\/\/www.accuratereviews.com\/it\/wp-json\/wp\/v2\/pages"}],"about":[{"href":"https:\/\/www.accuratereviews.com\/it\/wp-json\/wp\/v2\/types\/page"}],"author":[{"embeddable":true,"href":"https:\/\/www.accuratereviews.com\/it\/wp-json\/wp\/v2\/users\/19"}],"replies":[{"embeddable":true,"href":"https:\/\/www.accuratereviews.com\/it\/wp-json\/wp\/v2\/comments?post=35566"}],"version-history":[{"count":15,"href":"https:\/\/www.accuratereviews.com\/it\/wp-json\/wp\/v2\/pages\/35566\/revisions"}],"predecessor-version":[{"id":36514,"href":"https:\/\/www.accuratereviews.com\/it\/wp-json\/wp\/v2\/pages\/35566\/revisions\/36514"}],"up":[{"embeddable":true,"href":"https:\/\/www.accuratereviews.com\/it\/wp-json\/wp\/v2\/pages\/35419"}],"wp:featuredmedia":[{"embeddable":true,"href":"https:\/\/www.accuratereviews.com\/it\/wp-json\/wp\/v2\/media\/35569"}],"wp:attachment":[{"href":"https:\/\/www.accuratereviews.com\/it\/wp-json\/wp\/v2\/media?parent=35566"}],"wp:term":[{"taxonomy":"category","embeddable":true,"href":"https:\/\/www.accuratereviews.com\/it\/wp-json\/wp\/v2\/categories?post=35566"},{"taxonomy":"post_tag","embeddable":true,"href":"https:\/\/www.accuratereviews.com\/it\/wp-json\/wp\/v2\/tags?post=35566"},{"taxonomy":"features","embeddable":true,"href":"https:\/\/www.accuratereviews.com\/it\/wp-json\/wp\/v2\/features?post=35566"}],"curies":[{"name":"wp","href":"https:\/\/api.w.org\/{rel}","templated":true}]}}