{"id":35643,"date":"2021-01-21T13:29:29","date_gmt":"2021-01-21T13:29:29","guid":{"rendered":"https:\/\/www.accuratereviews.com\/?page_id=35643"},"modified":"2021-02-02T16:12:25","modified_gmt":"2021-02-02T16:12:25","slug":"kindful-recensione","status":"publish","type":"page","link":"https:\/\/www.accuratereviews.com\/it\/piattaforme-per-fundraising\/kindful-recensione\/","title":{"rendered":"Kindful"},"content":{"rendered":"<p><strong>Kindful<\/strong> \u00e8 un <strong>software<\/strong> e database per la<strong> raccolta fondi<\/strong> e la gestione dei donatori basato su <strong>cloud<\/strong> progettato per organizzazioni senza scopo di lucro. Il CRM di Kindful ha un&#8217;interfaccia facile da usare e include profili dettagliati dei donatori. La soluzione \u00e8 ottimizzata per i dispositivi mobili, il che significa che i donatori possono donare direttamente dai loro telefoni cellulari e le organizzazioni no profit possono controllare le loro operazioni e altro ancora, il tutto in tempo reale. <strong>Kindful<\/strong> si integra con molti strumenti di raccolta fondi online come Mailchimp, Eventbrite, QuickBooks e PayPal, consentendo agli utenti di eseguire importazioni multipiattaforma e raccogliere tutti i dati importanti in un hub centrale, riducendo al minimo il tempo di immissione dei dati. Gli utenti possono segmentare i donatori e creare gruppi in base a donazioni, date, eventi e dati demografici, nonch\u00e9 inviare ringraziamenti automatici, emettere ricevute fiscali e campagne email. Con il filtraggio dei dati le organizzazioni non profit possono creare e visualizzare facilmente rapporti e approfondimenti sui dati dinamici personalizzati.<\/p>\n<h2>KLINDFUL &#8211; TUTORIAL<\/h2>\n<p>Guardiamo come \u00e8 semplice integrare questo software per la raccolta fondi con programmi esterni:<\/p>\n<div id=\"fluid-wrapper-counter-1\" class=\"g1-fluid-wrapper \" style=\"width:686px;\">\n<div style=\"padding-bottom:56.268221574344%;\"><iframe loading=\"lazy\" title=\"Kindful Overview Demo | Integrated Nonprofit CRM and Fundraising Tools\" width=\"686\" height=\"386\" src=\"https:\/\/www.youtube.com\/embed\/I9w95y_OW_o?feature=oembed&amp;wmode=transparent&amp;autohide=1&amp;autoplay=0&amp;disablekb=0&amp;fs=1&amp;loop=0&amp;enablejsapi=1&amp;rel=0&amp;controls=2&amp;showinfo=0&amp;wmode=transparent&amp;autohide=2&amp;autoplay=0&amp;disablekb=0&amp;fs=1&amp;loop=0&amp;enablejsapi=1&amp;rel=0&amp;controls=2&amp;showinfo=1\" frameborder=\"0\" allow=\"accelerometer; autoplay; clipboard-write; encrypted-media; gyroscope; picture-in-picture\" allowfullscreen><\/iframe><\/div>\n<\/div>\n<h3>KLINDFUL &#8211; CARATTERISTICHE<\/h3>\n<ul>\n<li><strong>Raccolta fondi online<\/strong>: c<span class=\"JLqJ4b\" data-language-for-alternatives=\"it\" data-language-to-translate-into=\"en\" data-phrase-index=\"1\"><span class=\"JLqJ4b ChMk0b\" data-language-for-alternatives=\"it\" data-language-to-translate-into=\"en\" data-phrase-index=\"2\">rea facilmente bellissime campagne di raccolta fondi online e aggiungile al tuo sito web, social media o campagne di email marketing<\/span><\/span><\/li>\n<li><span class=\"JLqJ4b\" data-language-for-alternatives=\"it\" data-language-to-translate-into=\"en\" data-phrase-index=\"1\"><span class=\"JLqJ4b ChMk0b\" data-language-for-alternatives=\"it\" data-language-to-translate-into=\"en\" data-phrase-index=\"2\"><strong>Pagine di donazione illimitate<\/strong>: le pagine delle donazioni online sono facili da impostare e semplici da compilare e si sincronizzano automaticamente con il tuo database<\/span><\/span><\/li>\n<li><span class=\"JLqJ4b\" data-language-for-alternatives=\"it\" data-language-to-translate-into=\"en\" data-phrase-index=\"1\"><span class=\"JLqJ4b ChMk0b\" data-language-for-alternatives=\"it\" data-language-to-translate-into=\"en\" data-phrase-index=\"2\"><strong>Pulsanti di donazione incorporate<\/strong>: il pulsante rapido e le opzioni popup mantengono i donatori sul tuo sito web, garantendo una migliore esperienza e pi\u00f9 donazioni<\/span><\/span><\/li>\n<li><span class=\"JLqJ4b\" data-language-for-alternatives=\"it\" data-language-to-translate-into=\"en\" data-phrase-index=\"1\"><span class=\"JLqJ4b ChMk0b\" data-language-for-alternatives=\"it\" data-language-to-translate-into=\"en\" data-phrase-index=\"2\"><strong>Biglietteria e registrazione per eventi<\/strong>: crea facilmente pagine di destinazione degli eventi, vendi biglietti, fai il check-in dei partecipanti e crea rapporti sui tuoi dati utilizzando la funzione di registrazione dell&#8217;evento<\/span><\/span><\/li>\n<li><span class=\"JLqJ4b\" data-language-for-alternatives=\"it\" data-language-to-translate-into=\"en\" data-phrase-index=\"1\"><span class=\"JLqJ4b ChMk0b\" data-language-for-alternatives=\"it\" data-language-to-translate-into=\"en\" data-phrase-index=\"2\"><strong>Donazioni ricorrenti:<\/strong> accetta e gestisci facilmente le donazioni ricorrenti consentendo ai tuoi benefattori di scegliere l&#8217;opzione di donazione che funziona meglio per loro<\/span><\/span><\/li>\n<li><span class=\"JLqJ4b\" data-language-for-alternatives=\"it\" data-language-to-translate-into=\"en\" data-phrase-index=\"1\"><span class=\"JLqJ4b ChMk0b\" data-language-for-alternatives=\"it\" data-language-to-translate-into=\"en\" data-phrase-index=\"2\"><strong>Impegni:<\/strong> tieni traccia dei singoli impegni o crea un rapporto sulle entrate per data, campagna o programma<\/span><\/span><\/li>\n<li><span class=\"JLqJ4b\" data-language-for-alternatives=\"it\" data-language-to-translate-into=\"en\" data-phrase-index=\"1\"><span class=\"JLqJ4b ChMk0b\" data-language-for-alternatives=\"it\" data-language-to-translate-into=\"en\" data-phrase-index=\"2\"><strong>Text-to-Give<\/strong>: consenti ai tuoi sostenitori di inviare un SMS con un codice univoco e di donare direttamente dal loro dispositivo mobile<\/span><\/span><\/li>\n<\/ul>\n<h4>LE RECENSIONI DEGLI UTENTI<\/h4>\n<h4 class=\"font-weight-bold mb-1 d-flex align-items-center\">Tara O.&#8221;Un grande regalo per un&#8217;organizzazione no profit in crescita&#8221;<\/h4>\n<p><strong>Commenti: <\/strong>La nostra fidelizzazione dei donatori \u00e8 aumentata, la nostra organizzazione e capacit\u00e0 di comunicazione \u00e8 pi\u00f9 che raddoppiata. Lo amiamo!<\/p>\n<p><strong>Vantaggi: <\/strong>Quando abbiamo deciso di implementare Kindful come nostro software di gestione dei donatori e CRM, non ci siamo resi conto del dono che stavamo facendo a noi stessi come organizzazione. Kindful ci ha permesso di crescere e ridimensionarci in un modo che non era possibile prima dell&#8217;implementazione. Ci ha fornito informazioni e ci ha aiutato a fidelizzare i donatori. Ha ridotto il nostro carico di lavoro e reso possibile la crescita.<\/p>\n<p><strong>Inconvenienti: <\/strong>\u00c8 uno strumento cos\u00ec potente che a volte pu\u00f2 essere difficile da imparare; tuttavia, rispetto ad altri strumenti disponibili, \u00e8 una bellissima interfaccia con una curva di apprendimento poco ripida.<\/p>\n<h4 class=\"font-weight-bold mb-1 d-flex align-items-center\">Jim V.&#8221;Un passo avanti&#8221;<\/h4>\n<p><strong>Commenti: <\/strong>Ad oggi, \u00e8 stata un&#8217;esperienza positiva dall&#8217;immissione dei dati al reporting. Spero, con la recente assunzione di un responsabile amministrativo, che faremo un uso migliore del software.<\/p>\n<p><strong>Vantaggi: <\/strong>Dopo un anno di utilizzo di un altro prodotto, ho chiesto al mio membro del team di esaminare altre opzioni. Dopo aver esaminato diverse opzioni, Kindful sembrava corrispondere alle nostre esigenze e ha affrontato i percorsi che speravamo di percorrere. Siamo ancora nella curva di apprendimento delle molte funzionalit\u00e0, ma il software \u00e8 stato molto utile per ottenere ci\u00f2 di cui avevamo bisogno.<\/p>\n<p><strong>Inconvenienti: <\/strong>Non ho avuto troppe esperienze negative con il software. Vorrei che ci fosse un modo per stampare la dashboard per i rapporti di panoramica per il mio consiglio. Se c&#8217;\u00e8 un modo, vorrei impararlo.<\/p>\n<h4 class=\"font-weight-bold mb-1 d-flex align-items-center\">Jeremy H.&#8221;Kindful\u00a0continua a crescere&#8221;<\/h4>\n<p><strong>Commenti: <\/strong>Avevamo bisogno di un luogo in cui archiviare i dati storici dei donatori e organizzare una campagna di capitali e una campagna di sostegno.<\/p>\n<p><strong>Vantaggi: <\/strong>Facilit\u00e0 di installazione e utilizzo.\u00a0Acquisizione di informazioni da Paypal.\u00a0Ricevute fiscali automatizzate e documenti fiscali di fine anno facili.<\/p>\n<p><strong>Inconvenienti: <\/strong>Mancanza di capacit\u00e0 di configurare e collegare diversi account paypal \/ pagamento a ciascuna delle diverse campagne.<br \/>\nInterazioni imbarazzanti quando sei sia un amministratore e un donatore.\u00a0Personalizzazione limitata delle pagine di donazione rivolte al pubblico.<\/p>\n","protected":false},"excerpt":{"rendered":"<p>Kindful \u00e8 un software e database per la raccolta fondi e la gestione dei donatori basato su cloud progettato per organizzazioni senza scopo di lucro.<\/p>\n","protected":false},"author":19,"featured_media":35652,"parent":35419,"menu_order":0,"comment_status":"open","ping_status":"closed","template":"g1_template_page_review_new.php","meta":{"_acf_changed":false,"cwp_meta_box_check":"No","cwp_rev_product_name":"","cwp_rev_product_image":"","wppr_links":[],"cwp_rev_price":"","wppr_options":[],"wppr_pros":[],"wppr_cons":[],"_monsterinsights_skip_tracking":false,"_monsterinsights_sitenote_active":false,"_monsterinsights_sitenote_note":"","_monsterinsights_sitenote_category":0,"footnotes":""},"categories":[4851],"tags":[396,4900,4880,4918,4852,4855,4854,4909],"features":[],"class_list":{"0":"post-35643","1":"page","2":"type-page","3":"status-publish","4":"has-post-thumbnail","6":"category-piattaforme-per-fundraising-categoria","7":"tag-cloud","8":"tag-fundraising-progam","9":"tag-fundraising-software-it","10":"tag-klindful","11":"tag-piattaforma-per-fundraising","12":"tag-programma-per-fundraising","13":"tag-software-per-fundraising","14":"tag-soluzione-per-fundraising"},"wppr_data":{"cwp_meta_box_check":"No"},"acf":[],"yoast_head":"<!-- This site is optimized with the Yoast SEO plugin v27.4 - https:\/\/yoast.com\/product\/yoast-seo-wordpress\/ -->\n<title>Kindful: recensione software per fundraising - Accurate Reviews<\/title>\n<meta name=\"description\" content=\"Kindful: recensione software per la raccolta fondi e la gestione dei donatori basato su cloud progettato per organizzazioni no profit.\" \/>\n<meta name=\"robots\" content=\"index, follow, max-snippet:-1, max-image-preview:large, max-video-preview:-1\" \/>\n<link rel=\"canonical\" href=\"https:\/\/www.accuratereviews.com\/it\/piattaforme-per-fundraising\/kindful-recensione\/\" \/>\n<meta property=\"og:locale\" content=\"it_IT\" \/>\n<meta property=\"og:type\" content=\"article\" \/>\n<meta property=\"og:title\" content=\"Kindful: recensione software per fundraising - Accurate Reviews\" \/>\n<meta property=\"og:description\" content=\"Kindful: recensione software per la raccolta fondi e la gestione dei donatori basato su cloud progettato per organizzazioni no profit.\" \/>\n<meta property=\"og:url\" content=\"https:\/\/www.accuratereviews.com\/it\/piattaforme-per-fundraising\/kindful-recensione\/\" \/>\n<meta property=\"og:site_name\" content=\"Accurate Reviews\" \/>\n<meta property=\"article:modified_time\" content=\"2021-02-02T16:12:25+00:00\" \/>\n<meta property=\"og:image\" content=\"https:\/\/www.accuratereviews.com\/wp-content\/uploads\/2021\/01\/kindful_tugwi9.png\" \/>\n\t<meta property=\"og:image:width\" content=\"350\" \/>\n\t<meta property=\"og:image:height\" content=\"350\" \/>\n\t<meta property=\"og:image:type\" content=\"image\/png\" \/>\n<meta name=\"twitter:card\" content=\"summary_large_image\" \/>\n<meta name=\"twitter:label1\" content=\"Tempo di lettura stimato\" \/>\n\t<meta name=\"twitter:data1\" content=\"4 minuti\" \/>\n<script type=\"application\/ld+json\" class=\"yoast-schema-graph\">{\"@context\":\"https:\\\/\\\/schema.org\",\"@graph\":[{\"@type\":\"WebPage\",\"@id\":\"https:\\\/\\\/www.accuratereviews.com\\\/it\\\/piattaforme-per-fundraising\\\/kindful-recensione\\\/\",\"url\":\"https:\\\/\\\/www.accuratereviews.com\\\/it\\\/piattaforme-per-fundraising\\\/kindful-recensione\\\/\",\"name\":\"Kindful: recensione software per fundraising - Accurate Reviews\",\"isPartOf\":{\"@id\":\"https:\\\/\\\/www.accuratereviews.com\\\/it\\\/#website\"},\"primaryImageOfPage\":{\"@id\":\"https:\\\/\\\/www.accuratereviews.com\\\/it\\\/piattaforme-per-fundraising\\\/kindful-recensione\\\/#primaryimage\"},\"image\":{\"@id\":\"https:\\\/\\\/www.accuratereviews.com\\\/it\\\/piattaforme-per-fundraising\\\/kindful-recensione\\\/#primaryimage\"},\"thumbnailUrl\":\"https:\\\/\\\/www.accuratereviews.com\\\/wp-content\\\/uploads\\\/2021\\\/01\\\/kindful_tugwi9.png\",\"datePublished\":\"2021-01-21T13:29:29+00:00\",\"dateModified\":\"2021-02-02T16:12:25+00:00\",\"description\":\"Kindful: recensione software per la raccolta fondi e la gestione dei donatori basato su cloud progettato per organizzazioni no profit.\",\"breadcrumb\":{\"@id\":\"https:\\\/\\\/www.accuratereviews.com\\\/it\\\/piattaforme-per-fundraising\\\/kindful-recensione\\\/#breadcrumb\"},\"inLanguage\":\"it-IT\",\"potentialAction\":[{\"@type\":\"ReadAction\",\"target\":[\"https:\\\/\\\/www.accuratereviews.com\\\/it\\\/piattaforme-per-fundraising\\\/kindful-recensione\\\/\"]}]},{\"@type\":\"ImageObject\",\"inLanguage\":\"it-IT\",\"@id\":\"https:\\\/\\\/www.accuratereviews.com\\\/it\\\/piattaforme-per-fundraising\\\/kindful-recensione\\\/#primaryimage\",\"url\":\"https:\\\/\\\/www.accuratereviews.com\\\/wp-content\\\/uploads\\\/2021\\\/01\\\/kindful_tugwi9.png\",\"contentUrl\":\"https:\\\/\\\/www.accuratereviews.com\\\/wp-content\\\/uploads\\\/2021\\\/01\\\/kindful_tugwi9.png\",\"width\":350,\"height\":350},{\"@type\":\"BreadcrumbList\",\"@id\":\"https:\\\/\\\/www.accuratereviews.com\\\/it\\\/piattaforme-per-fundraising\\\/kindful-recensione\\\/#breadcrumb\",\"itemListElement\":[{\"@type\":\"ListItem\",\"position\":1,\"name\":\"Home\",\"item\":\"https:\\\/\\\/www.accuratereviews.com\\\/it\\\/\"},{\"@type\":\"ListItem\",\"position\":2,\"name\":\"Piattaforme per fundraising\",\"item\":\"https:\\\/\\\/www.accuratereviews.com\\\/it\\\/piattaforme-per-fundraising\\\/\"},{\"@type\":\"ListItem\",\"position\":3,\"name\":\"Kindful\"}]},{\"@type\":\"WebSite\",\"@id\":\"https:\\\/\\\/www.accuratereviews.com\\\/it\\\/#website\",\"url\":\"https:\\\/\\\/www.accuratereviews.com\\\/it\\\/\",\"name\":\"Accurate Reviews\",\"description\":\"\",\"potentialAction\":[{\"@type\":\"SearchAction\",\"target\":{\"@type\":\"EntryPoint\",\"urlTemplate\":\"https:\\\/\\\/www.accuratereviews.com\\\/it\\\/?s={search_term_string}\"},\"query-input\":{\"@type\":\"PropertyValueSpecification\",\"valueRequired\":true,\"valueName\":\"search_term_string\"}}],\"inLanguage\":\"it-IT\"}]}<\/script>\n<!-- \/ Yoast SEO plugin. -->","yoast_head_json":{"title":"Kindful: recensione software per fundraising - Accurate Reviews","description":"Kindful: recensione software per la raccolta fondi e la gestione dei donatori basato su cloud progettato per organizzazioni no profit.","robots":{"index":"index","follow":"follow","max-snippet":"max-snippet:-1","max-image-preview":"max-image-preview:large","max-video-preview":"max-video-preview:-1"},"canonical":"https:\/\/www.accuratereviews.com\/it\/piattaforme-per-fundraising\/kindful-recensione\/","og_locale":"it_IT","og_type":"article","og_title":"Kindful: recensione software per fundraising - Accurate Reviews","og_description":"Kindful: recensione software per la raccolta fondi e la gestione dei donatori basato su cloud progettato per organizzazioni no profit.","og_url":"https:\/\/www.accuratereviews.com\/it\/piattaforme-per-fundraising\/kindful-recensione\/","og_site_name":"Accurate Reviews","article_modified_time":"2021-02-02T16:12:25+00:00","og_image":[{"width":350,"height":350,"url":"https:\/\/www.accuratereviews.com\/wp-content\/uploads\/2021\/01\/kindful_tugwi9.png","type":"image\/png"}],"twitter_card":"summary_large_image","twitter_misc":{"Tempo di lettura stimato":"4 minuti"},"schema":{"@context":"https:\/\/schema.org","@graph":[{"@type":"WebPage","@id":"https:\/\/www.accuratereviews.com\/it\/piattaforme-per-fundraising\/kindful-recensione\/","url":"https:\/\/www.accuratereviews.com\/it\/piattaforme-per-fundraising\/kindful-recensione\/","name":"Kindful: recensione software per fundraising - Accurate Reviews","isPartOf":{"@id":"https:\/\/www.accuratereviews.com\/it\/#website"},"primaryImageOfPage":{"@id":"https:\/\/www.accuratereviews.com\/it\/piattaforme-per-fundraising\/kindful-recensione\/#primaryimage"},"image":{"@id":"https:\/\/www.accuratereviews.com\/it\/piattaforme-per-fundraising\/kindful-recensione\/#primaryimage"},"thumbnailUrl":"https:\/\/www.accuratereviews.com\/wp-content\/uploads\/2021\/01\/kindful_tugwi9.png","datePublished":"2021-01-21T13:29:29+00:00","dateModified":"2021-02-02T16:12:25+00:00","description":"Kindful: recensione software per la raccolta fondi e la gestione dei donatori basato su cloud progettato per organizzazioni no profit.","breadcrumb":{"@id":"https:\/\/www.accuratereviews.com\/it\/piattaforme-per-fundraising\/kindful-recensione\/#breadcrumb"},"inLanguage":"it-IT","potentialAction":[{"@type":"ReadAction","target":["https:\/\/www.accuratereviews.com\/it\/piattaforme-per-fundraising\/kindful-recensione\/"]}]},{"@type":"ImageObject","inLanguage":"it-IT","@id":"https:\/\/www.accuratereviews.com\/it\/piattaforme-per-fundraising\/kindful-recensione\/#primaryimage","url":"https:\/\/www.accuratereviews.com\/wp-content\/uploads\/2021\/01\/kindful_tugwi9.png","contentUrl":"https:\/\/www.accuratereviews.com\/wp-content\/uploads\/2021\/01\/kindful_tugwi9.png","width":350,"height":350},{"@type":"BreadcrumbList","@id":"https:\/\/www.accuratereviews.com\/it\/piattaforme-per-fundraising\/kindful-recensione\/#breadcrumb","itemListElement":[{"@type":"ListItem","position":1,"name":"Home","item":"https:\/\/www.accuratereviews.com\/it\/"},{"@type":"ListItem","position":2,"name":"Piattaforme per fundraising","item":"https:\/\/www.accuratereviews.com\/it\/piattaforme-per-fundraising\/"},{"@type":"ListItem","position":3,"name":"Kindful"}]},{"@type":"WebSite","@id":"https:\/\/www.accuratereviews.com\/it\/#website","url":"https:\/\/www.accuratereviews.com\/it\/","name":"Accurate Reviews","description":"","potentialAction":[{"@type":"SearchAction","target":{"@type":"EntryPoint","urlTemplate":"https:\/\/www.accuratereviews.com\/it\/?s={search_term_string}"},"query-input":{"@type":"PropertyValueSpecification","valueRequired":true,"valueName":"search_term_string"}}],"inLanguage":"it-IT"}]}},"_links":{"self":[{"href":"https:\/\/www.accuratereviews.com\/it\/wp-json\/wp\/v2\/pages\/35643","targetHints":{"allow":["GET"]}}],"collection":[{"href":"https:\/\/www.accuratereviews.com\/it\/wp-json\/wp\/v2\/pages"}],"about":[{"href":"https:\/\/www.accuratereviews.com\/it\/wp-json\/wp\/v2\/types\/page"}],"author":[{"embeddable":true,"href":"https:\/\/www.accuratereviews.com\/it\/wp-json\/wp\/v2\/users\/19"}],"replies":[{"embeddable":true,"href":"https:\/\/www.accuratereviews.com\/it\/wp-json\/wp\/v2\/comments?post=35643"}],"version-history":[{"count":20,"href":"https:\/\/www.accuratereviews.com\/it\/wp-json\/wp\/v2\/pages\/35643\/revisions"}],"predecessor-version":[{"id":36525,"href":"https:\/\/www.accuratereviews.com\/it\/wp-json\/wp\/v2\/pages\/35643\/revisions\/36525"}],"up":[{"embeddable":true,"href":"https:\/\/www.accuratereviews.com\/it\/wp-json\/wp\/v2\/pages\/35419"}],"wp:featuredmedia":[{"embeddable":true,"href":"https:\/\/www.accuratereviews.com\/it\/wp-json\/wp\/v2\/media\/35652"}],"wp:attachment":[{"href":"https:\/\/www.accuratereviews.com\/it\/wp-json\/wp\/v2\/media?parent=35643"}],"wp:term":[{"taxonomy":"category","embeddable":true,"href":"https:\/\/www.accuratereviews.com\/it\/wp-json\/wp\/v2\/categories?post=35643"},{"taxonomy":"post_tag","embeddable":true,"href":"https:\/\/www.accuratereviews.com\/it\/wp-json\/wp\/v2\/tags?post=35643"},{"taxonomy":"features","embeddable":true,"href":"https:\/\/www.accuratereviews.com\/it\/wp-json\/wp\/v2\/features?post=35643"}],"curies":[{"name":"wp","href":"https:\/\/api.w.org\/{rel}","templated":true}]}}