{"id":35645,"date":"2021-01-21T13:28:28","date_gmt":"2021-01-21T13:28:28","guid":{"rendered":"https:\/\/www.accuratereviews.com\/?page_id=35645"},"modified":"2021-02-02T15:53:24","modified_gmt":"2021-02-02T15:53:24","slug":"blackbaud-etapestry-recensione","status":"publish","type":"page","link":"https:\/\/www.accuratereviews.com\/it\/piattaforme-per-fundraising\/blackbaud-etapestry-recensione\/","title":{"rendered":"Blackbaud eTapestry"},"content":{"rendered":"<p class=\"h3 mb-1\"><strong>Blackbaud eTapestry<\/strong> \u00e8 un <strong>software di gestione fondi<\/strong> e donatori basato su <strong>cloud<\/strong> progettato per organizzazioni no profit di piccole e medie dimensioni. La soluzione offre funzionalit\u00e0 di gestione di campagne multicanale, sviluppo di siti web e donazioni, eventi e raccolta fondi all&#8217;interno di una suite completa.\u00a0Gli utenti possono progettare ed eseguire le loro email e campagne di social marketing e misurare le loro prestazioni utilizzando i rapporti e la dashboard del programma. Una funzione chiave \u00e8 il &#8220;Social Media Finder&#8221; che consente agli utenti di trovare e tenere traccia degli account dei social media utilizzando <strong>Blackbaud eTapestry<\/strong>. Ci\u00f2 consente agli utenti di arricchire il proprio database fornendo ulteriori informazioni sui social media ai propri account donatori. Gli utenti possono anche impegnarsi in una comunicazione diretta con donatori e potenziali clienti utilizzando le loro informazioni acquisite. Con un modulo integrato di elaborazione dei pagamenti integrato per l&#8217;elaborazione dei pagamenti online gli utenti sono in grado di eseguire tutti i processi di raccolta fondi da un&#8217;unica soluzione e sono meglio organizzati per prendere decisioni riguardanti le pratiche di gestione della raccolta fondi.<\/p>\n<h2>BLACKBAUD ETAPESTRY &#8211; TUTORIAL<\/h2>\n<p>Guarda questo breve video per saperne di pi\u00f9 su questo <strong>software per la raccolta fondi:<\/strong><\/p>\n<div id=\"fluid-wrapper-counter-1\" class=\"g1-fluid-wrapper \" style=\"width:686px;\">\n<div style=\"padding-bottom:56.268221574344%;\"><iframe loading=\"lazy\" title=\"Blackbaud eTapestry\" width=\"686\" height=\"386\" src=\"https:\/\/www.youtube.com\/embed\/yGwuwDhmeIQ?feature=oembed&amp;wmode=transparent&amp;autohide=1&amp;autoplay=0&amp;disablekb=0&amp;fs=1&amp;loop=0&amp;enablejsapi=1&amp;rel=0&amp;controls=2&amp;showinfo=0&amp;wmode=transparent&amp;autohide=2&amp;autoplay=0&amp;disablekb=0&amp;fs=1&amp;loop=0&amp;enablejsapi=1&amp;rel=0&amp;controls=2&amp;showinfo=1\" frameborder=\"0\" allow=\"accelerometer; autoplay; clipboard-write; encrypted-media; gyroscope; picture-in-picture\" allowfullscreen><\/iframe><\/div>\n<\/div>\n<h3>BLACKBAUD ETAPESTRY &#8211; CARATTERISTICHE<\/h3>\n<ul>\n<li>Trova e finanzia i partner giusti per le sovvenzioni<\/li>\n<li><span class=\"JLqJ4b\" data-language-for-alternatives=\"it\" data-language-to-translate-into=\"en\" data-phrase-index=\"1\"><span class=\"JLqJ4b ChMk0b\" data-language-for-alternatives=\"it\" data-language-to-translate-into=\"en\" data-phrase-index=\"2\">Amplifica la tua missione e comunica la tua storia <\/span><\/span><\/li>\n<li><span class=\"JLqJ4b\" data-language-for-alternatives=\"it\" data-language-to-translate-into=\"en\" data-phrase-index=\"1\"><span class=\"JLqJ4b ChMk0b\" data-language-for-alternatives=\"it\" data-language-to-translate-into=\"en\" data-phrase-index=\"2\">Sfrutta i dati e le informazioni per guidare la tua strategia <\/span><\/span><\/li>\n<li><span class=\"JLqJ4b\" data-language-for-alternatives=\"it\" data-language-to-translate-into=\"en\" data-phrase-index=\"1\"><span class=\"JLqJ4b ChMk0b\" data-language-for-alternatives=\"it\" data-language-to-translate-into=\"en\" data-phrase-index=\"2\">Unisciti alla pi\u00f9 grande rete di fondazioni e organizzazioni no profit del mondo<\/span><\/span><\/li>\n<li><span class=\"JLqJ4b\" data-language-for-alternatives=\"it\" data-language-to-translate-into=\"en\" data-phrase-index=\"1\"><span class=\"JLqJ4b ChMk0b\" data-language-for-alternatives=\"it\" data-language-to-translate-into=\"en\" data-phrase-index=\"2\">Connettiti attraverso un&#8217;esperienza utente moderna, coerente e intuitiva <\/span><\/span><\/li>\n<li><span class=\"JLqJ4b\" data-language-for-alternatives=\"it\" data-language-to-translate-into=\"en\" data-phrase-index=\"1\"><span class=\"JLqJ4b ChMk0b\" data-language-for-alternatives=\"it\" data-language-to-translate-into=\"en\" data-phrase-index=\"2\">Promuovi la tua missione attraverso il coinvolgimento condiviso <\/span><\/span><\/li>\n<li><span class=\"JLqJ4b\" data-language-for-alternatives=\"it\" data-language-to-translate-into=\"en\" data-phrase-index=\"1\"><span class=\"JLqJ4b ChMk0b\" data-language-for-alternatives=\"it\" data-language-to-translate-into=\"en\" data-phrase-index=\"2\">Ottieni di pi\u00f9 con un unico partner e una piattaforma progettata per te <\/span><\/span><\/li>\n<li><span class=\"JLqJ4b\" data-language-for-alternatives=\"it\" data-language-to-translate-into=\"en\" data-phrase-index=\"1\"><span class=\"JLqJ4b ChMk0b\" data-language-for-alternatives=\"it\" data-language-to-translate-into=\"en\" data-phrase-index=\"2\">Semplifica i processi e i flussi di lavoro <\/span><\/span><\/li>\n<li><span class=\"JLqJ4b\" data-language-for-alternatives=\"it\" data-language-to-translate-into=\"en\" data-phrase-index=\"1\"><span class=\"JLqJ4b ChMk0b\" data-language-for-alternatives=\"it\" data-language-to-translate-into=\"en\" data-phrase-index=\"2\">Garantire la responsabilit\u00e0 per la gestione e la conformit\u00e0<\/span><\/span><\/li>\n<li><span class=\"JLqJ4b\" data-language-for-alternatives=\"it\" data-language-to-translate-into=\"en\" data-phrase-index=\"1\"><span class=\"JLqJ4b ChMk0b\" data-language-for-alternatives=\"it\" data-language-to-translate-into=\"en\" data-phrase-index=\"2\">Elimina le congetture con approfondimenti che guidano l&#8217;azione e i risultati<\/span><\/span><\/li>\n<\/ul>\n<h4>LE RECENSIONI DEGLI UTENTI<\/h4>\n<h4 class=\"font-weight-bold mb-1 d-flex align-items-center\">Michelle H.&#8221;Ottimo per le organizzazioni piccole che cercano di crescere!&#8221;<\/h4>\n<p><strong>Vantaggi: <\/strong>eTapestry \u00e8 un ottimo strumento CRM entry-level che ti aiuter\u00e0 a familiarizzare con il funzionamento dell&#8217;intero concetto. La mia organizzazione ha utilizzato eTapestry per un bel po &#8216;di tempo e ha funzionato molto bene. Mi \u00e8 piaciuto molto lo strumento Query Builder e le cartelle per mantenere tutte le tue query organizzate!<\/p>\n<p><strong>Inconvenienti: <\/strong>Una volta che la mia organizzazione ha iniziato a crescere di pi\u00f9, avevamo bisogno di uno strumento pi\u00f9 mirato.<\/p>\n<h4 class=\"font-weight-bold mb-1 d-flex align-items-center\">Rose V.&#8221;Ottimo strumento per monitorare i donatori&#8221;<\/h4>\n<p><strong>Commenti: <\/strong>Mi piace molto eTapestry per le donazioni e la divulgazione.<\/p>\n<p><strong>Vantaggi: <\/strong>\u00c8 stato facile da usare e tenere traccia di donazioni e donatori nel tempo.<\/p>\n<p><strong>Inconvenienti: <\/strong>Il monitoraggio delle sovvenzioni potrebbe essere un po &#8216;pi\u00f9 facile da navigare.<\/p>\n<h4 class=\"font-weight-bold mb-1 d-flex align-items-center\">Mandy S.&#8221;Ottimo software per donatori&#8221;<\/h4>\n<p><strong>Commenti: <\/strong>Il team di supporto di eTapestry \u00e8 molto utile e avere una chat dal vivo \u00e8 fantastico. eTapestry ha liberato cos\u00ec tanto del nostro tempo e ci ha aiutato a semplificare i nostri processi.<\/p>\n<p><strong>Vantaggi: <\/strong>Campi definiti dall&#8217;utente facili da creare per soddisfare le esigenze della mia organizzazione. eTapestry \u00e8 un ottimo strumento per il monitoraggio dei volontari, il monitoraggio degli eventi, il monitoraggio delle donazioni e il monitoraggio in natura. Avere uno strumento per tutte queste categorie \u00e8 molto utile.<\/p>\n<p><strong>Inconvenienti: <\/strong>Query e rapporti non sono i pi\u00f9 facili da estrarre. So che le query possono fare molto di pi\u00f9, ma sono le pi\u00f9 difficili da modificare per ottenere le informazioni necessarie ai fini dei rapporti. Inoltre, sarebbe bello avere un modo per assegnare agli utenti i donatori specifici della citt\u00e0. Poich\u00e9 siamo in pi\u00f9 citt\u00e0, l&#8217;accesso degli utenti \u00e8 molto limitato. Devono esserci pi\u00f9 categorie di utenti. E mentre ci espandiamo in altre citt\u00e0, non mi sembra che eTapestry cresca abbastanza con noi.<\/p>\n","protected":false},"excerpt":{"rendered":"<p>Blackbaud eTapestry \u00e8 un software di gestione fondi e donatori basato su cloud progettato per organizzazioni no profit di piccole e medie dimensioni.<\/p>\n","protected":false},"author":19,"featured_media":35661,"parent":35419,"menu_order":0,"comment_status":"open","ping_status":"closed","template":"g1_template_page_review_new.php","meta":{"_acf_changed":false,"cwp_meta_box_check":"Yes","cwp_rev_product_name":"","cwp_rev_product_image":"","wppr_links":[],"cwp_rev_price":"","wppr_options":[],"wppr_pros":[],"wppr_cons":[],"_monsterinsights_skip_tracking":false,"_monsterinsights_sitenote_active":false,"_monsterinsights_sitenote_note":"","_monsterinsights_sitenote_category":0,"footnotes":""},"categories":[4851],"tags":[4919,396,4900,4880,4852,4855,4854,4909],"features":[],"class_list":{"0":"post-35645","1":"page","2":"type-page","3":"status-publish","4":"has-post-thumbnail","6":"category-piattaforme-per-fundraising-categoria","7":"tag-blackbaud-etapestry","8":"tag-cloud","9":"tag-fundraising-progam","10":"tag-fundraising-software-it","11":"tag-piattaforma-per-fundraising","12":"tag-programma-per-fundraising","13":"tag-software-per-fundraising","14":"tag-soluzione-per-fundraising"},"wppr_data":{"cwp_meta_box_check":"Yes","cwp_rev_product_name":"","cwp_rev_product_image":"","cwp_image_link":"image","cwp_rev_price":"","wppr_rating":"0.00"},"acf":[],"yoast_head":"<!-- This site is optimized with the Yoast SEO plugin v27.4 - https:\/\/yoast.com\/product\/yoast-seo-wordpress\/ -->\n<title>Blackbaud eTapestry: fundraising software recensione - Accurate Reviews<\/title>\n<meta name=\"description\" content=\"Blackbaud eTapestry: recensione software di gestione fondi e donatori basato su cloud progettato per organizzazioni no profit.\" \/>\n<meta name=\"robots\" content=\"index, follow, max-snippet:-1, max-image-preview:large, max-video-preview:-1\" \/>\n<link rel=\"canonical\" href=\"https:\/\/www.accuratereviews.com\/it\/piattaforme-per-fundraising\/blackbaud-etapestry-recensione\/\" \/>\n<meta property=\"og:locale\" content=\"it_IT\" \/>\n<meta property=\"og:type\" content=\"article\" \/>\n<meta property=\"og:title\" content=\"Blackbaud eTapestry: fundraising software recensione - Accurate Reviews\" \/>\n<meta property=\"og:description\" content=\"Blackbaud eTapestry: recensione software di gestione fondi e donatori basato su cloud progettato per organizzazioni no profit.\" \/>\n<meta property=\"og:url\" content=\"https:\/\/www.accuratereviews.com\/it\/piattaforme-per-fundraising\/blackbaud-etapestry-recensione\/\" \/>\n<meta property=\"og:site_name\" content=\"Accurate Reviews\" \/>\n<meta property=\"article:modified_time\" content=\"2021-02-02T15:53:24+00:00\" \/>\n<meta property=\"og:image\" content=\"https:\/\/www.accuratereviews.com\/wp-content\/uploads\/2021\/01\/q0BBO1C8.jpg\" \/>\n\t<meta property=\"og:image:width\" content=\"400\" \/>\n\t<meta property=\"og:image:height\" content=\"400\" \/>\n\t<meta property=\"og:image:type\" content=\"image\/jpeg\" \/>\n<meta name=\"twitter:card\" content=\"summary_large_image\" \/>\n<meta name=\"twitter:label1\" content=\"Tempo di lettura stimato\" \/>\n\t<meta name=\"twitter:data1\" content=\"3 minuti\" \/>\n<script type=\"application\/ld+json\" class=\"yoast-schema-graph\">{\"@context\":\"https:\\\/\\\/schema.org\",\"@graph\":[{\"@type\":\"WebPage\",\"@id\":\"https:\\\/\\\/www.accuratereviews.com\\\/it\\\/piattaforme-per-fundraising\\\/blackbaud-etapestry-recensione\\\/\",\"url\":\"https:\\\/\\\/www.accuratereviews.com\\\/it\\\/piattaforme-per-fundraising\\\/blackbaud-etapestry-recensione\\\/\",\"name\":\"Blackbaud eTapestry: fundraising software recensione - Accurate Reviews\",\"isPartOf\":{\"@id\":\"https:\\\/\\\/www.accuratereviews.com\\\/it\\\/#website\"},\"primaryImageOfPage\":{\"@id\":\"https:\\\/\\\/www.accuratereviews.com\\\/it\\\/piattaforme-per-fundraising\\\/blackbaud-etapestry-recensione\\\/#primaryimage\"},\"image\":{\"@id\":\"https:\\\/\\\/www.accuratereviews.com\\\/it\\\/piattaforme-per-fundraising\\\/blackbaud-etapestry-recensione\\\/#primaryimage\"},\"thumbnailUrl\":\"https:\\\/\\\/www.accuratereviews.com\\\/wp-content\\\/uploads\\\/2021\\\/01\\\/q0BBO1C8.jpg\",\"datePublished\":\"2021-01-21T13:28:28+00:00\",\"dateModified\":\"2021-02-02T15:53:24+00:00\",\"description\":\"Blackbaud eTapestry: recensione software di gestione fondi e donatori basato su cloud progettato per organizzazioni no profit.\",\"breadcrumb\":{\"@id\":\"https:\\\/\\\/www.accuratereviews.com\\\/it\\\/piattaforme-per-fundraising\\\/blackbaud-etapestry-recensione\\\/#breadcrumb\"},\"inLanguage\":\"it-IT\",\"potentialAction\":[{\"@type\":\"ReadAction\",\"target\":[\"https:\\\/\\\/www.accuratereviews.com\\\/it\\\/piattaforme-per-fundraising\\\/blackbaud-etapestry-recensione\\\/\"]}]},{\"@type\":\"ImageObject\",\"inLanguage\":\"it-IT\",\"@id\":\"https:\\\/\\\/www.accuratereviews.com\\\/it\\\/piattaforme-per-fundraising\\\/blackbaud-etapestry-recensione\\\/#primaryimage\",\"url\":\"https:\\\/\\\/www.accuratereviews.com\\\/wp-content\\\/uploads\\\/2021\\\/01\\\/q0BBO1C8.jpg\",\"contentUrl\":\"https:\\\/\\\/www.accuratereviews.com\\\/wp-content\\\/uploads\\\/2021\\\/01\\\/q0BBO1C8.jpg\",\"width\":400,\"height\":400},{\"@type\":\"BreadcrumbList\",\"@id\":\"https:\\\/\\\/www.accuratereviews.com\\\/it\\\/piattaforme-per-fundraising\\\/blackbaud-etapestry-recensione\\\/#breadcrumb\",\"itemListElement\":[{\"@type\":\"ListItem\",\"position\":1,\"name\":\"Home\",\"item\":\"https:\\\/\\\/www.accuratereviews.com\\\/it\\\/\"},{\"@type\":\"ListItem\",\"position\":2,\"name\":\"Piattaforme per fundraising\",\"item\":\"https:\\\/\\\/www.accuratereviews.com\\\/it\\\/piattaforme-per-fundraising\\\/\"},{\"@type\":\"ListItem\",\"position\":3,\"name\":\"Blackbaud eTapestry\"}]},{\"@type\":\"WebSite\",\"@id\":\"https:\\\/\\\/www.accuratereviews.com\\\/it\\\/#website\",\"url\":\"https:\\\/\\\/www.accuratereviews.com\\\/it\\\/\",\"name\":\"Accurate Reviews\",\"description\":\"\",\"potentialAction\":[{\"@type\":\"SearchAction\",\"target\":{\"@type\":\"EntryPoint\",\"urlTemplate\":\"https:\\\/\\\/www.accuratereviews.com\\\/it\\\/?s={search_term_string}\"},\"query-input\":{\"@type\":\"PropertyValueSpecification\",\"valueRequired\":true,\"valueName\":\"search_term_string\"}}],\"inLanguage\":\"it-IT\"}]}<\/script>\n<!-- \/ Yoast SEO plugin. -->","yoast_head_json":{"title":"Blackbaud eTapestry: fundraising software recensione - Accurate Reviews","description":"Blackbaud eTapestry: recensione software di gestione fondi e donatori basato su cloud progettato per organizzazioni no profit.","robots":{"index":"index","follow":"follow","max-snippet":"max-snippet:-1","max-image-preview":"max-image-preview:large","max-video-preview":"max-video-preview:-1"},"canonical":"https:\/\/www.accuratereviews.com\/it\/piattaforme-per-fundraising\/blackbaud-etapestry-recensione\/","og_locale":"it_IT","og_type":"article","og_title":"Blackbaud eTapestry: fundraising software recensione - Accurate Reviews","og_description":"Blackbaud eTapestry: recensione software di gestione fondi e donatori basato su cloud progettato per organizzazioni no profit.","og_url":"https:\/\/www.accuratereviews.com\/it\/piattaforme-per-fundraising\/blackbaud-etapestry-recensione\/","og_site_name":"Accurate Reviews","article_modified_time":"2021-02-02T15:53:24+00:00","og_image":[{"width":400,"height":400,"url":"https:\/\/www.accuratereviews.com\/wp-content\/uploads\/2021\/01\/q0BBO1C8.jpg","type":"image\/jpeg"}],"twitter_card":"summary_large_image","twitter_misc":{"Tempo di lettura stimato":"3 minuti"},"schema":{"@context":"https:\/\/schema.org","@graph":[{"@type":"WebPage","@id":"https:\/\/www.accuratereviews.com\/it\/piattaforme-per-fundraising\/blackbaud-etapestry-recensione\/","url":"https:\/\/www.accuratereviews.com\/it\/piattaforme-per-fundraising\/blackbaud-etapestry-recensione\/","name":"Blackbaud eTapestry: fundraising software recensione - Accurate Reviews","isPartOf":{"@id":"https:\/\/www.accuratereviews.com\/it\/#website"},"primaryImageOfPage":{"@id":"https:\/\/www.accuratereviews.com\/it\/piattaforme-per-fundraising\/blackbaud-etapestry-recensione\/#primaryimage"},"image":{"@id":"https:\/\/www.accuratereviews.com\/it\/piattaforme-per-fundraising\/blackbaud-etapestry-recensione\/#primaryimage"},"thumbnailUrl":"https:\/\/www.accuratereviews.com\/wp-content\/uploads\/2021\/01\/q0BBO1C8.jpg","datePublished":"2021-01-21T13:28:28+00:00","dateModified":"2021-02-02T15:53:24+00:00","description":"Blackbaud eTapestry: recensione software di gestione fondi e donatori basato su cloud progettato per organizzazioni no profit.","breadcrumb":{"@id":"https:\/\/www.accuratereviews.com\/it\/piattaforme-per-fundraising\/blackbaud-etapestry-recensione\/#breadcrumb"},"inLanguage":"it-IT","potentialAction":[{"@type":"ReadAction","target":["https:\/\/www.accuratereviews.com\/it\/piattaforme-per-fundraising\/blackbaud-etapestry-recensione\/"]}]},{"@type":"ImageObject","inLanguage":"it-IT","@id":"https:\/\/www.accuratereviews.com\/it\/piattaforme-per-fundraising\/blackbaud-etapestry-recensione\/#primaryimage","url":"https:\/\/www.accuratereviews.com\/wp-content\/uploads\/2021\/01\/q0BBO1C8.jpg","contentUrl":"https:\/\/www.accuratereviews.com\/wp-content\/uploads\/2021\/01\/q0BBO1C8.jpg","width":400,"height":400},{"@type":"BreadcrumbList","@id":"https:\/\/www.accuratereviews.com\/it\/piattaforme-per-fundraising\/blackbaud-etapestry-recensione\/#breadcrumb","itemListElement":[{"@type":"ListItem","position":1,"name":"Home","item":"https:\/\/www.accuratereviews.com\/it\/"},{"@type":"ListItem","position":2,"name":"Piattaforme per fundraising","item":"https:\/\/www.accuratereviews.com\/it\/piattaforme-per-fundraising\/"},{"@type":"ListItem","position":3,"name":"Blackbaud eTapestry"}]},{"@type":"WebSite","@id":"https:\/\/www.accuratereviews.com\/it\/#website","url":"https:\/\/www.accuratereviews.com\/it\/","name":"Accurate Reviews","description":"","potentialAction":[{"@type":"SearchAction","target":{"@type":"EntryPoint","urlTemplate":"https:\/\/www.accuratereviews.com\/it\/?s={search_term_string}"},"query-input":{"@type":"PropertyValueSpecification","valueRequired":true,"valueName":"search_term_string"}}],"inLanguage":"it-IT"}]}},"_links":{"self":[{"href":"https:\/\/www.accuratereviews.com\/it\/wp-json\/wp\/v2\/pages\/35645","targetHints":{"allow":["GET"]}}],"collection":[{"href":"https:\/\/www.accuratereviews.com\/it\/wp-json\/wp\/v2\/pages"}],"about":[{"href":"https:\/\/www.accuratereviews.com\/it\/wp-json\/wp\/v2\/types\/page"}],"author":[{"embeddable":true,"href":"https:\/\/www.accuratereviews.com\/it\/wp-json\/wp\/v2\/users\/19"}],"replies":[{"embeddable":true,"href":"https:\/\/www.accuratereviews.com\/it\/wp-json\/wp\/v2\/comments?post=35645"}],"version-history":[{"count":13,"href":"https:\/\/www.accuratereviews.com\/it\/wp-json\/wp\/v2\/pages\/35645\/revisions"}],"predecessor-version":[{"id":36508,"href":"https:\/\/www.accuratereviews.com\/it\/wp-json\/wp\/v2\/pages\/35645\/revisions\/36508"}],"up":[{"embeddable":true,"href":"https:\/\/www.accuratereviews.com\/it\/wp-json\/wp\/v2\/pages\/35419"}],"wp:featuredmedia":[{"embeddable":true,"href":"https:\/\/www.accuratereviews.com\/it\/wp-json\/wp\/v2\/media\/35661"}],"wp:attachment":[{"href":"https:\/\/www.accuratereviews.com\/it\/wp-json\/wp\/v2\/media?parent=35645"}],"wp:term":[{"taxonomy":"category","embeddable":true,"href":"https:\/\/www.accuratereviews.com\/it\/wp-json\/wp\/v2\/categories?post=35645"},{"taxonomy":"post_tag","embeddable":true,"href":"https:\/\/www.accuratereviews.com\/it\/wp-json\/wp\/v2\/tags?post=35645"},{"taxonomy":"features","embeddable":true,"href":"https:\/\/www.accuratereviews.com\/it\/wp-json\/wp\/v2\/features?post=35645"}],"curies":[{"name":"wp","href":"https:\/\/api.w.org\/{rel}","templated":true}]}}