{"id":35667,"date":"2021-01-21T13:25:53","date_gmt":"2021-01-21T13:25:53","guid":{"rendered":"https:\/\/www.accuratereviews.com\/?page_id=35667"},"modified":"2021-02-09T11:11:54","modified_gmt":"2021-02-09T11:11:54","slug":"auctria-recensione","status":"publish","type":"page","link":"https:\/\/www.accuratereviews.com\/it\/piattaforme-per-fundraising\/auctria-recensione\/","title":{"rendered":"Auctria"},"content":{"rendered":"<p><b>Auctria<\/b><span style=\"font-weight: 400;\"> \u00e8 una potente <\/span><b>piattaforma per fundraising<\/b><span style=\"font-weight: 400;\"> progettata per organizzazioni no profit e gruppi di qualsiasi tipo che organizzano aste per <\/span><b>campagne di raccolta fondi<\/b><span style=\"font-weight: 400;\">. Si tratta di uno strumento semplice da usare che ti permetter\u00e0 di risparmiare tempo e fatica per creare un\u2019asta online davvero coinvolgente, massimizzando la tua raccolta fondi. <\/span><span style=\"font-weight: 400;\"><br \/>\n<\/span><span style=\"font-weight: 400;\">Dispone di una dashboard intuitiva che offre l\u2019accesso a tutti i dettagli e le informazioni di cui hai bisogno: gli articoli dell\u2019asta, i biglietti, i premi della lotteria, le donazioni e molto altro.<br \/>\n<\/span>Con <strong>Auctria<\/strong> potrai creare\u00a0il tuo\u00a0<strong>sito web di aste online<\/strong>, un vero e proprio sito dedicato\u00a0alla condivisione e al collegamento con i donatori e gli offerenti,\u00a0che ti consentir\u00e0 di promuovere al meglio il tuo evento e la tua organizzazione ed \u00e8 disponibile anche per dispositivi <a href=\"https:\/\/apps.apple.com\/us\/app\/auctria-mobile-bidding\/id1388761108\">iOS<\/a> e <a href=\"https:\/\/play.google.com\/store\/apps\/details?id=com.auctria.bidder&amp;hl=en_US&amp;gl=US\">Android<\/a>.<\/p>\n<h2>COME CREARE ASTE ONLINE CON AUCTRIA &#8211; TUTORIAL<\/h2>\n<div id=\"fluid-wrapper-counter-1\" class=\"g1-fluid-wrapper \" style=\"width:686px;\">\n<div style=\"padding-bottom:56.268221574344%;\"><iframe loading=\"lazy\" title=\"Setting Up an Online Auction Using Auctria\" width=\"686\" height=\"386\" src=\"https:\/\/www.youtube.com\/embed\/46Ls3oU6-CQ?feature=oembed&amp;wmode=transparent&amp;autohide=1&amp;autoplay=0&amp;disablekb=0&amp;fs=1&amp;loop=0&amp;enablejsapi=1&amp;rel=0&amp;controls=2&amp;showinfo=0&amp;wmode=transparent&amp;autohide=2&amp;autoplay=0&amp;disablekb=0&amp;fs=1&amp;loop=0&amp;enablejsapi=1&amp;rel=0&amp;controls=2&amp;showinfo=1\" frameborder=\"0\" allow=\"accelerometer; autoplay; clipboard-write; encrypted-media; gyroscope; picture-in-picture\" allowfullscreen><\/iframe><\/div>\n<\/div>\n<h3>AUCTRIA &#8211; CARATTERISTICHE<\/h3>\n<p>Di seguito elenchiamo le sue principali caratteristiche:<\/p>\n<ul>\n<li style=\"font-weight: 400;\" aria-level=\"1\"><span style=\"font-weight: 400;\"><strong>Creazione e gestione dell&#8217;asta<\/strong>: visualizza tutti gli aspetti relativi all&#8217;evento di raccolta fondi<\/span><\/li>\n<li style=\"font-weight: 400;\" aria-level=\"1\"><strong>Gestione donatori, appalti, offerenti, offerte e checkout<\/strong><\/li>\n<li style=\"font-weight: 400;\" aria-level=\"1\"><span style=\"font-weight: 400;\"><strong>Approvvigionamento<\/strong>: traccia l&#8217;intero processo dal contatto del donatore, degli articoli in questione e dell\u2019offerta dell&#8217;asta<\/span><\/li>\n<li style=\"font-weight: 400;\" aria-level=\"1\"><strong>Creazione e stampa di fogli di offerta, pagine di visualizzazione, buoni regalo e catalogo di aste<\/strong><\/li>\n<li style=\"font-weight: 400;\" aria-level=\"1\"><span style=\"font-weight: 400;\"><strong>Checkout-Out<\/strong>: raccogli pagamenti, donazioni, vendite di biglietti e prodotti, stampa o ricevute via e-mail in modo efficiente<\/span><\/li>\n<li style=\"font-weight: 400;\" aria-level=\"1\"><span style=\"font-weight: 400;\"><strong>Sistema reportistico<\/strong>: scarica i report generati dalla piattaforma cos\u00ec da poter avere un quadro generale dell\u2019asta. Sono personalizzabili in base alle tue esigenze<\/span><\/li>\n<li style=\"font-weight: 400;\" aria-level=\"1\"><span style=\"font-weight: 400;\"><strong>Creazione di un sito web<\/strong>: crea il tuo sito web dedicato alla condivisione e al collegamento con i donatori e gli offerenti<\/span><\/li>\n<li style=\"font-weight: 400;\" aria-level=\"1\"><span style=\"font-weight: 400;\"><strong>Multipiattaforma<\/strong>: tutti i membri del team hanno accesso alla piattaforma cos\u00ec che possano collaborare anche da remoto\u00a0<\/span><\/li>\n<li style=\"font-weight: 400;\" aria-level=\"1\"><span style=\"font-weight: 400;\"><strong>App mobile<\/strong>: crea aste online a cui possono accedere tutti gli offerenti dal proprio smartphone (dispositivi iOS e Android)<\/span><\/li>\n<\/ul>\n<h4>LE RECENSIONI DEGLI UTENTI<\/h4>\n<p><b>&#8220;Il miglior software per aste sul mercato&#8221;<br \/>\n<\/b>PRO: gli sviluppatori hanno pensato a tutto in modo che inizialmente coprisse tutte le nostre esigenze di base, ma quando abbiamo acquisito maggiore familiarit\u00e0 con il prodotto, abbiamo scoperto che aveva impostazioni di configurazione avanzate che lo hanno portato davvero al livello successivo. Ha superato le nostre aspettative e la nostra asta \u00e8 andata molto bene. Inoltre ho adorato il loro formato di chat per l&#8217;assistenza clienti. I rappresentanti non solo erano ben informati, ma mi hanno aiutato con il brainstorming su come utilizzare il sistema per soddisfare le esigenze particolari della nostra organizzazione.<br \/>\nCONTRO: questa \u00e8 una piccolezza ma sarebbe bello poter avere modelli di parole disponibili per i fogli di offerta e configurare le tabelle nelle mail degli offerenti e dei biglietti.<\/p>\n<p><b>&#8220;Un ottimo veicolo per le aste&#8221;<br \/>\n<\/b>IN GENERALE: ottimo personale, ottimo prodotto, facile apportare modifiche e l&#8217;ho gi\u00e0 consigliato.<br \/>\nPRO: quando la Florida Restaurant &amp; Lodging Association ci ha chiesto di trovare una piattaforma per un&#8217;asta di beneficenza, abbiamo ricercato tutte le piattaforme principali e abbiamo concluso che Auctria era il miglior rapporto qualit\u00e0-prezzo. Dopo averli selezionati, abbiamo scoperto che era incredibilmente facile da usare senza difficolt\u00e0 nel prodotto. Ottima piattaforma con istruzioni complete.<br \/>\nCONTRO: non c&#8217;\u00e8 stato un solo difetto che ha influenzato la nostra asta, e abbiamo avuto un totale di 3 domande da parte degli offerenti, a cui \u00e8 stata data facilmente risposta<\/p>\n<p><b>&#8220;Per il prezzo, non pu\u00f2 essere battuto&#8221;<br \/>\n<\/b>IN GENERALE: abbiamo utilizzato un software diverso per la nostra prima raccolta fondi di paddle raise ed \u00e8 stato un disastro. Non aveva le funzionalit\u00e0 di Auctria, come l&#8217;invio di ricevute automatiche e un sito Web personalizzabile. Quest&#8217;anno stiamo lavorando per aggiungere la funzione di asta mobile per aumentare i nostri soldi raccolti.<br \/>\nPRO: onestamente, il prezzo. \u00c8 MOLTO meno costoso e ha la maggior parte delle stesse funzioni del software pi\u00f9 costoso. Ha realizzato tutto ci\u00f2 di cui avevamo bisogno.<br \/>\nCONTRO: l&#8217;estetica del design del sito potrebbe richiedere del lavoro. Sarebbe fantastico se si integrasse senza problemi con una piattaforma di web building pi\u00f9 consolidata come Squarespace o Wix, ma mi rendo conto che probabilmente influirebbe sul prezzo.<\/p>\n","protected":false},"excerpt":{"rendered":"<p>Auctria \u00e8 una potetnte piattaforma per fundraising progettata per organizzazioni no profit e gruppi di qualsiasi tipo che organizzano aste per campagne di raccolta fondi. Si tratta di uno strumento semplice da usare che ti permetter\u00e0 di risparmiare tempo e fatica per creare un\u2019asta online davvero coinvolgente, massimizzando la tua raccolta fondi. Dispone di una dashboard intuitiva che offre l\u2019accesso a tutti i dettagli e le informazioni di cui hai bisogno: gli articoli dell\u2019asta, i biglietti, i premi della lotteria, le donazioni e molto altro.<\/p>\n","protected":false},"author":17,"featured_media":35670,"parent":35419,"menu_order":0,"comment_status":"open","ping_status":"closed","template":"g1_template_page_review_new.php","meta":{"_acf_changed":false,"cwp_meta_box_check":"No","cwp_rev_product_name":"","cwp_rev_product_image":"","wppr_links":[],"cwp_rev_price":"","wppr_options":[],"wppr_pros":[],"wppr_cons":[],"_monsterinsights_skip_tracking":false,"_monsterinsights_sitenote_active":false,"_monsterinsights_sitenote_note":"","_monsterinsights_sitenote_category":0,"footnotes":""},"categories":[4851],"tags":[4920,4853,4882,2209,4852,4855,4859,4854,4909],"features":[],"class_list":{"0":"post-35667","1":"page","2":"type-page","3":"status-publish","4":"has-post-thumbnail","6":"category-piattaforme-per-fundraising-categoria","7":"tag-asta-online","8":"tag-fundraising","9":"tag-organizzazioni-no-profit","10":"tag-piattaforma-di-raccolta-fondi","11":"tag-piattaforma-per-fundraising","12":"tag-programma-per-fundraising","13":"tag-raccolta-fondi","14":"tag-software-per-fundraising","15":"tag-soluzione-per-fundraising"},"wppr_data":{"cwp_meta_box_check":"No"},"acf":[],"yoast_head":"<!-- This site is optimized with the Yoast SEO plugin v27.4 - https:\/\/yoast.com\/product\/yoast-seo-wordpress\/ -->\n<title>Auctria: piattaforma per fundraising recensione - Accurate Reviews<\/title>\n<meta name=\"description\" content=\"Auctria: recensione della piattaforma per fundraising progettata per organizzazioni no profit che organizzano aste per la raccolta fondi.\" \/>\n<meta name=\"robots\" content=\"index, follow, max-snippet:-1, max-image-preview:large, max-video-preview:-1\" \/>\n<link rel=\"canonical\" href=\"https:\/\/www.accuratereviews.com\/it\/piattaforme-per-fundraising\/auctria-recensione\/\" \/>\n<meta property=\"og:locale\" content=\"it_IT\" \/>\n<meta property=\"og:type\" content=\"article\" \/>\n<meta property=\"og:title\" content=\"Auctria: piattaforma per fundraising recensione - Accurate Reviews\" \/>\n<meta property=\"og:description\" content=\"Auctria: recensione della piattaforma per fundraising progettata per organizzazioni no profit che organizzano aste per la raccolta fondi.\" \/>\n<meta property=\"og:url\" content=\"https:\/\/www.accuratereviews.com\/it\/piattaforme-per-fundraising\/auctria-recensione\/\" \/>\n<meta property=\"og:site_name\" content=\"Accurate Reviews\" \/>\n<meta property=\"article:modified_time\" content=\"2021-02-09T11:11:54+00:00\" \/>\n<meta property=\"og:image\" content=\"https:\/\/www.accuratereviews.com\/wp-content\/uploads\/2021\/01\/3f172eaa143194d8b2683ae00f229698.jpg\" \/>\n\t<meta property=\"og:image:width\" content=\"280\" \/>\n\t<meta property=\"og:image:height\" content=\"280\" \/>\n\t<meta property=\"og:image:type\" content=\"image\/jpeg\" \/>\n<meta name=\"twitter:card\" content=\"summary_large_image\" \/>\n<meta name=\"twitter:label1\" content=\"Tempo di lettura stimato\" \/>\n\t<meta name=\"twitter:data1\" content=\"3 minuti\" \/>\n<script type=\"application\/ld+json\" class=\"yoast-schema-graph\">{\"@context\":\"https:\\\/\\\/schema.org\",\"@graph\":[{\"@type\":\"WebPage\",\"@id\":\"https:\\\/\\\/www.accuratereviews.com\\\/it\\\/piattaforme-per-fundraising\\\/auctria-recensione\\\/\",\"url\":\"https:\\\/\\\/www.accuratereviews.com\\\/it\\\/piattaforme-per-fundraising\\\/auctria-recensione\\\/\",\"name\":\"Auctria: piattaforma per fundraising recensione - Accurate Reviews\",\"isPartOf\":{\"@id\":\"https:\\\/\\\/www.accuratereviews.com\\\/it\\\/#website\"},\"primaryImageOfPage\":{\"@id\":\"https:\\\/\\\/www.accuratereviews.com\\\/it\\\/piattaforme-per-fundraising\\\/auctria-recensione\\\/#primaryimage\"},\"image\":{\"@id\":\"https:\\\/\\\/www.accuratereviews.com\\\/it\\\/piattaforme-per-fundraising\\\/auctria-recensione\\\/#primaryimage\"},\"thumbnailUrl\":\"https:\\\/\\\/www.accuratereviews.com\\\/wp-content\\\/uploads\\\/2021\\\/01\\\/3f172eaa143194d8b2683ae00f229698.jpg\",\"datePublished\":\"2021-01-21T13:25:53+00:00\",\"dateModified\":\"2021-02-09T11:11:54+00:00\",\"description\":\"Auctria: recensione della piattaforma per fundraising progettata per organizzazioni no profit che organizzano aste per la raccolta fondi.\",\"breadcrumb\":{\"@id\":\"https:\\\/\\\/www.accuratereviews.com\\\/it\\\/piattaforme-per-fundraising\\\/auctria-recensione\\\/#breadcrumb\"},\"inLanguage\":\"it-IT\",\"potentialAction\":[{\"@type\":\"ReadAction\",\"target\":[\"https:\\\/\\\/www.accuratereviews.com\\\/it\\\/piattaforme-per-fundraising\\\/auctria-recensione\\\/\"]}]},{\"@type\":\"ImageObject\",\"inLanguage\":\"it-IT\",\"@id\":\"https:\\\/\\\/www.accuratereviews.com\\\/it\\\/piattaforme-per-fundraising\\\/auctria-recensione\\\/#primaryimage\",\"url\":\"https:\\\/\\\/www.accuratereviews.com\\\/wp-content\\\/uploads\\\/2021\\\/01\\\/3f172eaa143194d8b2683ae00f229698.jpg\",\"contentUrl\":\"https:\\\/\\\/www.accuratereviews.com\\\/wp-content\\\/uploads\\\/2021\\\/01\\\/3f172eaa143194d8b2683ae00f229698.jpg\",\"width\":280,\"height\":280},{\"@type\":\"BreadcrumbList\",\"@id\":\"https:\\\/\\\/www.accuratereviews.com\\\/it\\\/piattaforme-per-fundraising\\\/auctria-recensione\\\/#breadcrumb\",\"itemListElement\":[{\"@type\":\"ListItem\",\"position\":1,\"name\":\"Home\",\"item\":\"https:\\\/\\\/www.accuratereviews.com\\\/it\\\/\"},{\"@type\":\"ListItem\",\"position\":2,\"name\":\"Piattaforme per fundraising\",\"item\":\"https:\\\/\\\/www.accuratereviews.com\\\/it\\\/piattaforme-per-fundraising\\\/\"},{\"@type\":\"ListItem\",\"position\":3,\"name\":\"Auctria\"}]},{\"@type\":\"WebSite\",\"@id\":\"https:\\\/\\\/www.accuratereviews.com\\\/it\\\/#website\",\"url\":\"https:\\\/\\\/www.accuratereviews.com\\\/it\\\/\",\"name\":\"Accurate Reviews\",\"description\":\"\",\"potentialAction\":[{\"@type\":\"SearchAction\",\"target\":{\"@type\":\"EntryPoint\",\"urlTemplate\":\"https:\\\/\\\/www.accuratereviews.com\\\/it\\\/?s={search_term_string}\"},\"query-input\":{\"@type\":\"PropertyValueSpecification\",\"valueRequired\":true,\"valueName\":\"search_term_string\"}}],\"inLanguage\":\"it-IT\"}]}<\/script>\n<!-- \/ Yoast SEO plugin. -->","yoast_head_json":{"title":"Auctria: piattaforma per fundraising recensione - Accurate Reviews","description":"Auctria: recensione della piattaforma per fundraising progettata per organizzazioni no profit che organizzano aste per la raccolta fondi.","robots":{"index":"index","follow":"follow","max-snippet":"max-snippet:-1","max-image-preview":"max-image-preview:large","max-video-preview":"max-video-preview:-1"},"canonical":"https:\/\/www.accuratereviews.com\/it\/piattaforme-per-fundraising\/auctria-recensione\/","og_locale":"it_IT","og_type":"article","og_title":"Auctria: piattaforma per fundraising recensione - Accurate Reviews","og_description":"Auctria: recensione della piattaforma per fundraising progettata per organizzazioni no profit che organizzano aste per la raccolta fondi.","og_url":"https:\/\/www.accuratereviews.com\/it\/piattaforme-per-fundraising\/auctria-recensione\/","og_site_name":"Accurate Reviews","article_modified_time":"2021-02-09T11:11:54+00:00","og_image":[{"width":280,"height":280,"url":"https:\/\/www.accuratereviews.com\/wp-content\/uploads\/2021\/01\/3f172eaa143194d8b2683ae00f229698.jpg","type":"image\/jpeg"}],"twitter_card":"summary_large_image","twitter_misc":{"Tempo di lettura stimato":"3 minuti"},"schema":{"@context":"https:\/\/schema.org","@graph":[{"@type":"WebPage","@id":"https:\/\/www.accuratereviews.com\/it\/piattaforme-per-fundraising\/auctria-recensione\/","url":"https:\/\/www.accuratereviews.com\/it\/piattaforme-per-fundraising\/auctria-recensione\/","name":"Auctria: piattaforma per fundraising recensione - Accurate Reviews","isPartOf":{"@id":"https:\/\/www.accuratereviews.com\/it\/#website"},"primaryImageOfPage":{"@id":"https:\/\/www.accuratereviews.com\/it\/piattaforme-per-fundraising\/auctria-recensione\/#primaryimage"},"image":{"@id":"https:\/\/www.accuratereviews.com\/it\/piattaforme-per-fundraising\/auctria-recensione\/#primaryimage"},"thumbnailUrl":"https:\/\/www.accuratereviews.com\/wp-content\/uploads\/2021\/01\/3f172eaa143194d8b2683ae00f229698.jpg","datePublished":"2021-01-21T13:25:53+00:00","dateModified":"2021-02-09T11:11:54+00:00","description":"Auctria: recensione della piattaforma per fundraising progettata per organizzazioni no profit che organizzano aste per la raccolta fondi.","breadcrumb":{"@id":"https:\/\/www.accuratereviews.com\/it\/piattaforme-per-fundraising\/auctria-recensione\/#breadcrumb"},"inLanguage":"it-IT","potentialAction":[{"@type":"ReadAction","target":["https:\/\/www.accuratereviews.com\/it\/piattaforme-per-fundraising\/auctria-recensione\/"]}]},{"@type":"ImageObject","inLanguage":"it-IT","@id":"https:\/\/www.accuratereviews.com\/it\/piattaforme-per-fundraising\/auctria-recensione\/#primaryimage","url":"https:\/\/www.accuratereviews.com\/wp-content\/uploads\/2021\/01\/3f172eaa143194d8b2683ae00f229698.jpg","contentUrl":"https:\/\/www.accuratereviews.com\/wp-content\/uploads\/2021\/01\/3f172eaa143194d8b2683ae00f229698.jpg","width":280,"height":280},{"@type":"BreadcrumbList","@id":"https:\/\/www.accuratereviews.com\/it\/piattaforme-per-fundraising\/auctria-recensione\/#breadcrumb","itemListElement":[{"@type":"ListItem","position":1,"name":"Home","item":"https:\/\/www.accuratereviews.com\/it\/"},{"@type":"ListItem","position":2,"name":"Piattaforme per fundraising","item":"https:\/\/www.accuratereviews.com\/it\/piattaforme-per-fundraising\/"},{"@type":"ListItem","position":3,"name":"Auctria"}]},{"@type":"WebSite","@id":"https:\/\/www.accuratereviews.com\/it\/#website","url":"https:\/\/www.accuratereviews.com\/it\/","name":"Accurate Reviews","description":"","potentialAction":[{"@type":"SearchAction","target":{"@type":"EntryPoint","urlTemplate":"https:\/\/www.accuratereviews.com\/it\/?s={search_term_string}"},"query-input":{"@type":"PropertyValueSpecification","valueRequired":true,"valueName":"search_term_string"}}],"inLanguage":"it-IT"}]}},"_links":{"self":[{"href":"https:\/\/www.accuratereviews.com\/it\/wp-json\/wp\/v2\/pages\/35667","targetHints":{"allow":["GET"]}}],"collection":[{"href":"https:\/\/www.accuratereviews.com\/it\/wp-json\/wp\/v2\/pages"}],"about":[{"href":"https:\/\/www.accuratereviews.com\/it\/wp-json\/wp\/v2\/types\/page"}],"author":[{"embeddable":true,"href":"https:\/\/www.accuratereviews.com\/it\/wp-json\/wp\/v2\/users\/17"}],"replies":[{"embeddable":true,"href":"https:\/\/www.accuratereviews.com\/it\/wp-json\/wp\/v2\/comments?post=35667"}],"version-history":[{"count":7,"href":"https:\/\/www.accuratereviews.com\/it\/wp-json\/wp\/v2\/pages\/35667\/revisions"}],"predecessor-version":[{"id":37087,"href":"https:\/\/www.accuratereviews.com\/it\/wp-json\/wp\/v2\/pages\/35667\/revisions\/37087"}],"up":[{"embeddable":true,"href":"https:\/\/www.accuratereviews.com\/it\/wp-json\/wp\/v2\/pages\/35419"}],"wp:featuredmedia":[{"embeddable":true,"href":"https:\/\/www.accuratereviews.com\/it\/wp-json\/wp\/v2\/media\/35670"}],"wp:attachment":[{"href":"https:\/\/www.accuratereviews.com\/it\/wp-json\/wp\/v2\/media?parent=35667"}],"wp:term":[{"taxonomy":"category","embeddable":true,"href":"https:\/\/www.accuratereviews.com\/it\/wp-json\/wp\/v2\/categories?post=35667"},{"taxonomy":"post_tag","embeddable":true,"href":"https:\/\/www.accuratereviews.com\/it\/wp-json\/wp\/v2\/tags?post=35667"},{"taxonomy":"features","embeddable":true,"href":"https:\/\/www.accuratereviews.com\/it\/wp-json\/wp\/v2\/features?post=35667"}],"curies":[{"name":"wp","href":"https:\/\/api.w.org\/{rel}","templated":true}]}}