{"id":35717,"date":"2021-01-22T11:56:25","date_gmt":"2021-01-22T11:56:25","guid":{"rendered":"https:\/\/www.accuratereviews.com\/?page_id=35717"},"modified":"2021-02-02T16:10:39","modified_gmt":"2021-02-02T16:10:39","slug":"keela-recensione","status":"publish","type":"page","link":"https:\/\/www.accuratereviews.com\/it\/piattaforme-per-fundraising\/keela-recensione\/","title":{"rendered":"Keela"},"content":{"rendered":"<p><strong>Keela<\/strong> \u00e8 un software completo di strumenti intelligenti e potenti che ti permettono di gestire al meglio una <strong>raccolta fondi.<\/strong> Si rivolge principalmente a<strong> organizzazioni e associazioni senza scopo di lucro<\/strong> che organizzano eventi e campagne per raccogliere fondi. Si pone l\u2019obiettivo di ampliare il pubblico, comunicando direttamente con i donatori e spargendo la voce tramite strumenti di comunicazione davvero efficienti e rafforzando i rapporti non solo con i donatori, ma anche con i volontari e i membri dell\u2019associazione no profit.<br \/>\nGrazie ai report generati automaticamente, potrai analizzare i punti di forza e di debolezza della tua campagna e apportare delle modifiche dove necessario.<br \/>\nUn altro vantaggio che offre questa <strong>piattaforma per fundraising<\/strong> \u00e8 quello di poter essere integrata con numerosi strumenti no profit cos\u00ec da andare incontro alle tue esigenze e a quelle di tutti.<\/p>\n<h2>KEELA \u2013 TUTORIAL<\/h2>\n<p>Di seguito un video che ci mostra come crea una campagna di raccolta fondi con<strong> Keela<\/strong>:<\/p>\n<div id=\"fluid-wrapper-counter-1\" class=\"g1-fluid-wrapper \">\n<div><iframe loading=\"lazy\" title=\"Campaigns | How to create and connect Campaigns in Keela\" src=\"https:\/\/www.youtube.com\/embed\/dbfmfv760xk?feature=oembed&amp;wmode=transparent&amp;autohide=1&amp;autoplay=0&amp;disablekb=0&amp;fs=1&amp;loop=0&amp;enablejsapi=1&amp;rel=0&amp;controls=2&amp;showinfo=0&amp;wmode=transparent&amp;autohide=2&amp;autoplay=0&amp;disablekb=0&amp;fs=1&amp;loop=0&amp;enablejsapi=1&amp;rel=0&amp;controls=2&amp;showinfo=1\" width=\"686\" height=\"386\" frameborder=\"0\" allowfullscreen=\"allowfullscreen\" data-mce-fragment=\"1\"><\/iframe><\/div>\n<\/div>\n<h3>KEELA \u2013 CARATTERISTICHE<\/h3>\n<p>Ecco le sue principali caratteristiche:<\/p>\n<ul>\n<li aria-level=\"1\"><b>Strumenti di gestione della raccolta fondi<\/b>: crea, sperimenta e ottimizza tutte le attivit\u00e0 amministrative che richiede una raccolta fondi cos\u00ec da renderla pi\u00f9 coinvolgente<\/li>\n<li aria-level=\"1\"><b>Intelligence senza scopo di lucro<\/b>: visualizza l\u2019importo ideale da chiedere al donatore, il punteggio di quest\u2019ultimo e fai previsioni sulle probabilit\u00e0 su quali donatori potranno essere presenti alla prossima campagna<\/li>\n<li aria-level=\"1\"><b>CRM<\/b>: gestisci e instaura relazioni migliori con i donatori, con i volontari e con i membri del tuo team<\/li>\n<li aria-level=\"1\"><b>Email marketing<\/b>: utilizza modelli di mail mirati per comunicare con i tuoi donatori, membri e volontari cos\u00ec da tenerli sempre aggiornati su tutto<\/li>\n<li aria-level=\"1\"><b>Sistema reportistico<\/b>: utilizza la dashboard KPI per impostare gli obiettivi della tua campagna e monitora ogni movimento creando report precisi e dettagliati della raccolta fondi<\/li>\n<li aria-level=\"1\"><b>Integrazioni<\/b>: Keela si integra con molti software popolari come SendGrid, PayPal, QuickBooks, MailChimp e Stripe<\/li>\n<\/ul>\n<h4>LE RECENSIONI DEGLI UTENTI<\/h4>\n<p><strong>\u201cUn valore fantastico per organizzare la tua attivit\u00e0\u201d<br \/>\n<\/strong>IN GENERALE: il servizio clienti \u00e8 stato incredibile. Pronto, disponibile e decisamente al di sopra delle mie aspettative. Apprezzo le newsletter che Keela invia: sono pertinenti e tempestive.<br \/>\nPRO: trovo il software molto facile da usare. Il database dei clienti \u00e8 strutturato molto bene e mi piace che tu possa tenere traccia delle mail tramite Gmail. Il creatore di mail \u00e8 un\u2019aggiunta meravigliosa ed \u00e8 molto utile avere un generatore di newsletter integrato direttamente nel software del database.<br \/>\nCONTRO: vorrei che la dashboard fosse pi\u00f9 personalizzabile. Vorrei vedere un po\u2019 di automazione disponibile nella sezione della campagna: sarebbe utile che le mail si attivassero automaticamente.<\/p>\n<p><strong>\u201cServizio clienti molto reattivo\u201d<\/strong><br \/>\nIN GENERALE: Keela \u00e8 un software facile da usare e privo di glitch con un grande team dietro di esso.<br \/>\nPRO: Keela \u00e8 stato facile da implementare e da utilizzare. Il team dell\u2019help desk \u00e8 fantastico e attento a tutte le richieste e ai problemi. Ha funzionalit\u00e0 sufficienti per le nostre esigenze in una piccola organizzazione non profit. I loro sviluppatori rispondono al feedback sulle nostre esigenze.<br \/>\nCONTRO: Keela ha davvero bisogno di una piattaforma mobile e sarebbe fantastico avere una capacit\u00e0 di reporting pi\u00f9 solida; Ho ancora bisogno di creare dei report in fogli di calcolo.<\/p>\n<p><strong>\u201cKeela \u00e8 una scelta solida\u201d<\/strong><br \/>\nIN GENERALE: nel complesso, questa \u00e8 una soluzione intelligente per aiutare nella gestione dei donatori.<br \/>\nPRO: \u00e8 facile da usare e ha la maggior parte delle funzionalit\u00e0 di cui una piccola organizzazione non profit ha bisogno. Le campagne sono facili da impostare ed \u00e8 facile monitorare la provenienza del denaro.<br \/>\nCONTRO: alcuni desideri:<br \/>\nVorrei poter stampare le ricevute fiscali senza doverle scaricare.<br \/>\nVorrei che i report fossero di pi\u00f9 facile accesso.<br \/>\nVorrei avere un\u2019opzione di stampa per le newsletter scaricate come parola o pdf senza le informazioni mail.<\/p>\n","protected":false},"excerpt":{"rendered":"<p>Keela \u00e8 un software completo di strumenti intelligenti e potenti che ti permettono di gestire al meglio una raccolta fondi. Si rivolge principalmente a organizzazioni e associazioni senza scopo di lucro che organizzano eventi e campagne per raccogliere fondi. Si pone l\u2019obiettivo di ampliare il pubblico, comunicando direttamente con i donatori e spargendo la voce tramite strumenti di comunicazione davvero efficienti e rafforzando i rapporti non solo con i donatori, ma anche con i volontari e i membri dell\u2019associazione no profit.<\/p>\n","protected":false},"author":17,"featured_media":35719,"parent":35419,"menu_order":0,"comment_status":"open","ping_status":"closed","template":"g1_template_page_review_new.php","meta":{"_acf_changed":false,"cwp_meta_box_check":"No","cwp_rev_product_name":"","cwp_rev_product_image":"","wppr_links":[],"cwp_rev_price":"","wppr_options":[],"wppr_pros":[],"wppr_cons":[],"_monsterinsights_skip_tracking":false,"_monsterinsights_sitenote_active":false,"_monsterinsights_sitenote_note":"","_monsterinsights_sitenote_category":0,"footnotes":""},"categories":[4851],"tags":[4853,2209,4852,4855,4907,4854,4875,4909],"features":[],"class_list":{"0":"post-35717","1":"page","2":"type-page","3":"status-publish","4":"has-post-thumbnail","6":"category-piattaforme-per-fundraising-categoria","7":"tag-fundraising","8":"tag-piattaforma-di-raccolta-fondi","9":"tag-piattaforma-per-fundraising","10":"tag-programma-per-fundraising","11":"tag-programma-racconta-fondi","12":"tag-software-per-fundraising","13":"tag-software-raccolta-fondi","14":"tag-soluzione-per-fundraising"},"wppr_data":{"cwp_meta_box_check":"No"},"acf":[],"yoast_head":"<!-- This site is optimized with the Yoast SEO plugin v27.4 - https:\/\/yoast.com\/product\/yoast-seo-wordpress\/ -->\n<title>Keela: piattaforma per fundraising recensione - Accurate Reviews<\/title>\n<meta name=\"description\" content=\"Keela: recensione del software completo di strumenti intelligenti e potenti che ti permettono di gestire al meglio una raccolta fondi.\" \/>\n<meta name=\"robots\" content=\"index, follow, max-snippet:-1, max-image-preview:large, max-video-preview:-1\" \/>\n<link rel=\"canonical\" href=\"https:\/\/www.accuratereviews.com\/it\/piattaforme-per-fundraising\/keela-recensione\/\" \/>\n<meta property=\"og:locale\" content=\"it_IT\" \/>\n<meta property=\"og:type\" content=\"article\" \/>\n<meta property=\"og:title\" content=\"Keela: piattaforma per fundraising recensione - Accurate Reviews\" \/>\n<meta property=\"og:description\" content=\"Keela: recensione del software completo di strumenti intelligenti e potenti che ti permettono di gestire al meglio una raccolta fondi.\" \/>\n<meta property=\"og:url\" content=\"https:\/\/www.accuratereviews.com\/it\/piattaforme-per-fundraising\/keela-recensione\/\" \/>\n<meta property=\"og:site_name\" content=\"Accurate Reviews\" \/>\n<meta property=\"article:modified_time\" content=\"2021-02-02T16:10:39+00:00\" \/>\n<meta property=\"og:image\" content=\"https:\/\/www.accuratereviews.com\/wp-content\/uploads\/2021\/01\/keela_purple-640w.png\" \/>\n\t<meta property=\"og:image:width\" content=\"1231\" \/>\n\t<meta property=\"og:image:height\" content=\"288\" \/>\n\t<meta property=\"og:image:type\" content=\"image\/png\" \/>\n<meta name=\"twitter:card\" content=\"summary_large_image\" \/>\n<meta name=\"twitter:label1\" content=\"Tempo di lettura stimato\" \/>\n\t<meta name=\"twitter:data1\" content=\"3 minuti\" \/>\n<script type=\"application\/ld+json\" class=\"yoast-schema-graph\">{\"@context\":\"https:\\\/\\\/schema.org\",\"@graph\":[{\"@type\":\"WebPage\",\"@id\":\"https:\\\/\\\/www.accuratereviews.com\\\/it\\\/piattaforme-per-fundraising\\\/keela-recensione\\\/\",\"url\":\"https:\\\/\\\/www.accuratereviews.com\\\/it\\\/piattaforme-per-fundraising\\\/keela-recensione\\\/\",\"name\":\"Keela: piattaforma per fundraising recensione - Accurate Reviews\",\"isPartOf\":{\"@id\":\"https:\\\/\\\/www.accuratereviews.com\\\/it\\\/#website\"},\"primaryImageOfPage\":{\"@id\":\"https:\\\/\\\/www.accuratereviews.com\\\/it\\\/piattaforme-per-fundraising\\\/keela-recensione\\\/#primaryimage\"},\"image\":{\"@id\":\"https:\\\/\\\/www.accuratereviews.com\\\/it\\\/piattaforme-per-fundraising\\\/keela-recensione\\\/#primaryimage\"},\"thumbnailUrl\":\"https:\\\/\\\/www.accuratereviews.com\\\/wp-content\\\/uploads\\\/2021\\\/01\\\/keela_purple-640w.png\",\"datePublished\":\"2021-01-22T11:56:25+00:00\",\"dateModified\":\"2021-02-02T16:10:39+00:00\",\"description\":\"Keela: recensione del software completo di strumenti intelligenti e potenti che ti permettono di gestire al meglio una raccolta fondi.\",\"breadcrumb\":{\"@id\":\"https:\\\/\\\/www.accuratereviews.com\\\/it\\\/piattaforme-per-fundraising\\\/keela-recensione\\\/#breadcrumb\"},\"inLanguage\":\"it-IT\",\"potentialAction\":[{\"@type\":\"ReadAction\",\"target\":[\"https:\\\/\\\/www.accuratereviews.com\\\/it\\\/piattaforme-per-fundraising\\\/keela-recensione\\\/\"]}]},{\"@type\":\"ImageObject\",\"inLanguage\":\"it-IT\",\"@id\":\"https:\\\/\\\/www.accuratereviews.com\\\/it\\\/piattaforme-per-fundraising\\\/keela-recensione\\\/#primaryimage\",\"url\":\"https:\\\/\\\/www.accuratereviews.com\\\/wp-content\\\/uploads\\\/2021\\\/01\\\/keela_purple-640w.png\",\"contentUrl\":\"https:\\\/\\\/www.accuratereviews.com\\\/wp-content\\\/uploads\\\/2021\\\/01\\\/keela_purple-640w.png\",\"width\":1231,\"height\":288},{\"@type\":\"BreadcrumbList\",\"@id\":\"https:\\\/\\\/www.accuratereviews.com\\\/it\\\/piattaforme-per-fundraising\\\/keela-recensione\\\/#breadcrumb\",\"itemListElement\":[{\"@type\":\"ListItem\",\"position\":1,\"name\":\"Home\",\"item\":\"https:\\\/\\\/www.accuratereviews.com\\\/it\\\/\"},{\"@type\":\"ListItem\",\"position\":2,\"name\":\"Piattaforme per fundraising\",\"item\":\"https:\\\/\\\/www.accuratereviews.com\\\/it\\\/piattaforme-per-fundraising\\\/\"},{\"@type\":\"ListItem\",\"position\":3,\"name\":\"Keela\"}]},{\"@type\":\"WebSite\",\"@id\":\"https:\\\/\\\/www.accuratereviews.com\\\/it\\\/#website\",\"url\":\"https:\\\/\\\/www.accuratereviews.com\\\/it\\\/\",\"name\":\"Accurate Reviews\",\"description\":\"\",\"potentialAction\":[{\"@type\":\"SearchAction\",\"target\":{\"@type\":\"EntryPoint\",\"urlTemplate\":\"https:\\\/\\\/www.accuratereviews.com\\\/it\\\/?s={search_term_string}\"},\"query-input\":{\"@type\":\"PropertyValueSpecification\",\"valueRequired\":true,\"valueName\":\"search_term_string\"}}],\"inLanguage\":\"it-IT\"}]}<\/script>\n<!-- \/ Yoast SEO plugin. -->","yoast_head_json":{"title":"Keela: piattaforma per fundraising recensione - Accurate Reviews","description":"Keela: recensione del software completo di strumenti intelligenti e potenti che ti permettono di gestire al meglio una raccolta fondi.","robots":{"index":"index","follow":"follow","max-snippet":"max-snippet:-1","max-image-preview":"max-image-preview:large","max-video-preview":"max-video-preview:-1"},"canonical":"https:\/\/www.accuratereviews.com\/it\/piattaforme-per-fundraising\/keela-recensione\/","og_locale":"it_IT","og_type":"article","og_title":"Keela: piattaforma per fundraising recensione - Accurate Reviews","og_description":"Keela: recensione del software completo di strumenti intelligenti e potenti che ti permettono di gestire al meglio una raccolta fondi.","og_url":"https:\/\/www.accuratereviews.com\/it\/piattaforme-per-fundraising\/keela-recensione\/","og_site_name":"Accurate Reviews","article_modified_time":"2021-02-02T16:10:39+00:00","og_image":[{"width":1231,"height":288,"url":"https:\/\/www.accuratereviews.com\/wp-content\/uploads\/2021\/01\/keela_purple-640w.png","type":"image\/png"}],"twitter_card":"summary_large_image","twitter_misc":{"Tempo di lettura stimato":"3 minuti"},"schema":{"@context":"https:\/\/schema.org","@graph":[{"@type":"WebPage","@id":"https:\/\/www.accuratereviews.com\/it\/piattaforme-per-fundraising\/keela-recensione\/","url":"https:\/\/www.accuratereviews.com\/it\/piattaforme-per-fundraising\/keela-recensione\/","name":"Keela: piattaforma per fundraising recensione - Accurate Reviews","isPartOf":{"@id":"https:\/\/www.accuratereviews.com\/it\/#website"},"primaryImageOfPage":{"@id":"https:\/\/www.accuratereviews.com\/it\/piattaforme-per-fundraising\/keela-recensione\/#primaryimage"},"image":{"@id":"https:\/\/www.accuratereviews.com\/it\/piattaforme-per-fundraising\/keela-recensione\/#primaryimage"},"thumbnailUrl":"https:\/\/www.accuratereviews.com\/wp-content\/uploads\/2021\/01\/keela_purple-640w.png","datePublished":"2021-01-22T11:56:25+00:00","dateModified":"2021-02-02T16:10:39+00:00","description":"Keela: recensione del software completo di strumenti intelligenti e potenti che ti permettono di gestire al meglio una raccolta fondi.","breadcrumb":{"@id":"https:\/\/www.accuratereviews.com\/it\/piattaforme-per-fundraising\/keela-recensione\/#breadcrumb"},"inLanguage":"it-IT","potentialAction":[{"@type":"ReadAction","target":["https:\/\/www.accuratereviews.com\/it\/piattaforme-per-fundraising\/keela-recensione\/"]}]},{"@type":"ImageObject","inLanguage":"it-IT","@id":"https:\/\/www.accuratereviews.com\/it\/piattaforme-per-fundraising\/keela-recensione\/#primaryimage","url":"https:\/\/www.accuratereviews.com\/wp-content\/uploads\/2021\/01\/keela_purple-640w.png","contentUrl":"https:\/\/www.accuratereviews.com\/wp-content\/uploads\/2021\/01\/keela_purple-640w.png","width":1231,"height":288},{"@type":"BreadcrumbList","@id":"https:\/\/www.accuratereviews.com\/it\/piattaforme-per-fundraising\/keela-recensione\/#breadcrumb","itemListElement":[{"@type":"ListItem","position":1,"name":"Home","item":"https:\/\/www.accuratereviews.com\/it\/"},{"@type":"ListItem","position":2,"name":"Piattaforme per fundraising","item":"https:\/\/www.accuratereviews.com\/it\/piattaforme-per-fundraising\/"},{"@type":"ListItem","position":3,"name":"Keela"}]},{"@type":"WebSite","@id":"https:\/\/www.accuratereviews.com\/it\/#website","url":"https:\/\/www.accuratereviews.com\/it\/","name":"Accurate Reviews","description":"","potentialAction":[{"@type":"SearchAction","target":{"@type":"EntryPoint","urlTemplate":"https:\/\/www.accuratereviews.com\/it\/?s={search_term_string}"},"query-input":{"@type":"PropertyValueSpecification","valueRequired":true,"valueName":"search_term_string"}}],"inLanguage":"it-IT"}]}},"_links":{"self":[{"href":"https:\/\/www.accuratereviews.com\/it\/wp-json\/wp\/v2\/pages\/35717","targetHints":{"allow":["GET"]}}],"collection":[{"href":"https:\/\/www.accuratereviews.com\/it\/wp-json\/wp\/v2\/pages"}],"about":[{"href":"https:\/\/www.accuratereviews.com\/it\/wp-json\/wp\/v2\/types\/page"}],"author":[{"embeddable":true,"href":"https:\/\/www.accuratereviews.com\/it\/wp-json\/wp\/v2\/users\/17"}],"replies":[{"embeddable":true,"href":"https:\/\/www.accuratereviews.com\/it\/wp-json\/wp\/v2\/comments?post=35717"}],"version-history":[{"count":7,"href":"https:\/\/www.accuratereviews.com\/it\/wp-json\/wp\/v2\/pages\/35717\/revisions"}],"predecessor-version":[{"id":36523,"href":"https:\/\/www.accuratereviews.com\/it\/wp-json\/wp\/v2\/pages\/35717\/revisions\/36523"}],"up":[{"embeddable":true,"href":"https:\/\/www.accuratereviews.com\/it\/wp-json\/wp\/v2\/pages\/35419"}],"wp:featuredmedia":[{"embeddable":true,"href":"https:\/\/www.accuratereviews.com\/it\/wp-json\/wp\/v2\/media\/35719"}],"wp:attachment":[{"href":"https:\/\/www.accuratereviews.com\/it\/wp-json\/wp\/v2\/media?parent=35717"}],"wp:term":[{"taxonomy":"category","embeddable":true,"href":"https:\/\/www.accuratereviews.com\/it\/wp-json\/wp\/v2\/categories?post=35717"},{"taxonomy":"post_tag","embeddable":true,"href":"https:\/\/www.accuratereviews.com\/it\/wp-json\/wp\/v2\/tags?post=35717"},{"taxonomy":"features","embeddable":true,"href":"https:\/\/www.accuratereviews.com\/it\/wp-json\/wp\/v2\/features?post=35717"}],"curies":[{"name":"wp","href":"https:\/\/api.w.org\/{rel}","templated":true}]}}