{"id":35727,"date":"2021-01-22T11:52:52","date_gmt":"2021-01-22T11:52:52","guid":{"rendered":"https:\/\/www.accuratereviews.com\/?page_id=35727"},"modified":"2021-02-02T16:15:48","modified_gmt":"2021-02-02T16:15:48","slug":"mobilecause-recensione","status":"publish","type":"page","link":"https:\/\/www.accuratereviews.com\/it\/piattaforme-per-fundraising\/mobilecause-recensione\/","title":{"rendered":"MobileCause"},"content":{"rendered":"<p><strong>MobileCause<\/strong> \u00e8 una <strong>soluzione di raccolta fondi <\/strong>e gestione delle comunicazioni basata su <strong>cloud<\/strong> per organizzazioni no profit di tutte le dimensioni. Le caratteristiche principali includono donazioni online raccolta fondi per eventi con aggiornamento in tempo reale, campagne peer-to-peer e crowdfunding, coinvolgimento dei donatori, messaggistica mobile, comunicazioni email, reportistica e analisi. Con le donazioni online, i benefattori possono donare al momento, iscriversi per diventare volontari, creare le proprie campagne di raccolta fondi o organizzare doni ricorrenti. I moduli online possono essere condivisi su siti web e pagine di social media, nonch\u00e9 tramite testo ed email. L&#8217;interfaccia <strong>MobileCause<\/strong> consente alle organizzazioni no profit e ai donatori di creare moduli personalizzati, sondaggi, registrazioni, petizioni e altro ancora.<\/p>\n<h2>MOBILECAUSE &#8211; TUTORIAL<\/h2>\n<p>Diamo uno sguardo a come usare questo <strong>software per le raccolte fondi<\/strong>:<\/p>\n<div id=\"fluid-wrapper-counter-1\" class=\"g1-fluid-wrapper \" style=\"width:686px;\">\n<div style=\"padding-bottom:56.268221574344%;\"><iframe loading=\"lazy\" title=\"MobileCause: Inspire donors to do more than just give\" width=\"686\" height=\"386\" src=\"https:\/\/www.youtube.com\/embed\/H75N1_-YQlc?feature=oembed&amp;wmode=transparent&amp;autohide=1&amp;autoplay=0&amp;disablekb=0&amp;fs=1&amp;loop=0&amp;enablejsapi=1&amp;rel=0&amp;controls=2&amp;showinfo=0&amp;wmode=transparent&amp;autohide=2&amp;autoplay=0&amp;disablekb=0&amp;fs=1&amp;loop=0&amp;enablejsapi=1&amp;rel=0&amp;controls=2&amp;showinfo=1\" frameborder=\"0\" allow=\"accelerometer; autoplay; clipboard-write; encrypted-media; gyroscope; picture-in-picture\" allowfullscreen><\/iframe><\/div>\n<\/div>\n<h3>MOBILECAUSE &#8211; CARATTERISTICHE<\/h3>\n<ul>\n<li>Gestisci facilmente i partecipanti con biglietti personalizzati, RSVP e check-in rapido per gli eventi<\/li>\n<li>Comunicazioni complete sugli eventi prima, durante e dopo la manifestazione con informazioni di testo ed email, aggiornamenti e ringraziamenti automatici e ricevute<\/li>\n<li>Collabora con il tuo specialista dedicato alla raccolta di fondi che creer\u00e0 sapientemente campagne e messaggi appositamente per te. La pagina dell&#8217;evento diventa l&#8217;hub centrale per tutte le informazioni sugli eventi o sulle campagne di raccolta fondi virtuali. Trasmetti in live streaming la tua diretta Facebook, YouTube o Vimeo nella pagina dell&#8217;evento virtuale<\/li>\n<li>Autorizza i donatori a dare qualsiasi importo in qualsiasi momento e da qualsiasi luogo<\/li>\n<li>Consenti ai tuoi sostenitori di raccogliere fondi per tuo conto. L&#8217;impostazione di una campagna peer-to-peer o di crowdfunding consente alle persone di entrare facilmente in contatto con le proprie reti personali e condividere la tua causa<\/li>\n<li>Le raccolte fondi possono ricevere incoraggiamenti dalla tua organizzazione tramite la piattaforma e aiutarti ad espandere la tua base di donatori del 30%<\/li>\n<li>Raggiungi i tuoi donatori dove si trovano maggiormente: sul loro dispositivo mobile<\/li>\n<li>Promuovi il tuo prossimo evento o campagna, fornisci informazioni sulle crisi e condividi gli aggiornamenti del programma. I sostenitori possono inviare messaggi per richiedere informazioni, iscriversi, fare il \u00a0volontariato, firmare una petizione, partecipare a un sondaggio e altro ancora<\/li>\n<li>Invia promemoria automatici di donazioni tramite testo per massimizzare i tuoi sforzi di raccolta fondi<\/li>\n<li>Con moduli online ottimizzati per dispositivi mobili incorporati nel tuo sito web, i sostenitori possono facilmente iscriversi per fare volontariato per eventi, petizioni, newsletter e altro<\/li>\n<li>Ottieni informazioni dettagliate per migliorare il rendimento della campagna<\/li>\n<li>Monitora i tassi di conversione a livello di account, campagna e modulo. La dashboard interattiva consente il reporting e il monitoraggio delle campagne su richiesta.<\/li>\n<\/ul>\n<h4>LE RECENSIONI DEGLI UTENTI<\/h4>\n<p class=\"font-weight-bold mb-1 d-flex align-items-center\"><strong>Anna T.&#8221;12-2020 Recensione di MobileCause&#8221;<\/strong><\/p>\n<p class=\"font-weight-bold mb-1 d-flex align-items-center\"><strong>Commenti: <\/strong>Nel complesso \u00e8 andato tutto liscio ed \u00e8 facile navigare tra le funzionalit\u00e0 di MobileCause. A volte parti delle pagine non si caricano immediatamente, il che \u00e8 un male, tuttavia l&#8217;unico problema tecnico che abbiamo riscontrato \u00e8 stato durante il grande giorno di donazioni (Giving Tuesday), in cui il sito MobileCause era inattivo, ha avuto un enorme impatto sull&#8217;esperienza di MobileCause in generale. Si spera che questo sia stato risolto per i futuri grandi giorni di donazioni!<\/p>\n<p><strong>Pro: <\/strong>Facile da usare e funziona bene con i nostri sistemi e software esistenti.<\/p>\n<p><strong>Contro: <\/strong>Che il sito MobileCause sia stato disattivato il Giving Tuesday all&#8217;inizio di questo mese: uno dei giorni pi\u00f9 impegnativi per ricevere donazioni nel mondo senza scopo di lucro.<\/p>\n<p class=\"font-weight-bold mb-1 d-flex align-items-center\"><strong>Heather W.&#8221;Ottima piattaforma per raccogliere donazioni online!&#8221;<\/strong><\/p>\n<p><strong>Commenti: <\/strong>Avevamo un disperato bisogno di una piattaforma di donazioni ottimizzata per dispositivi mobili, poich\u00e9 i nostri dati mostravano che oltre l&#8217;80% degli utenti del nostro sito web veniva da noi su un dispositivo mobile. Abbiamo esaminato alcune altre opzioni, ma MobileCause aveva di gran lunga il miglior servizio clienti e le opzioni di prezzo pi\u00f9 convenienti. Siamo stati abbastanza soddisfatti dei risultati negli ultimi 5+ anni di lavoro con loro.<\/p>\n<p><strong>Pro: <\/strong>Questo \u00e8 un prodotto abbastanza facile da usare che ti consente di creare un numero illimitato di moduli di donazione online altamente personalizzati che puoi utilizzare per raccogliere fondi una tantum e ricorrenti da individui e attraverso il crowdfunding. Puoi anche gestire i tuoi eventi e volontari. La sicurezza e la funzionalit\u00e0 sono state eccellenti. I rapporti sono estremamente dettagliati e personalizzabili e le opzioni di prezzo per le organizzazioni no profit sono piuttosto generose e convenienti.<\/p>\n<p><strong>Contro: <\/strong>La creazione e la modifica dei moduli richiede un po &#8216;di tempo per abituarsi all&#8217;inizio, cos\u00ec come la navigazione nei controlli amministrativi. Alcune parti non erano intuitive, ma potevo essere solo io a non riuscire. Una volta che ti sei abituato al sistema, di solito \u00e8 molto facile capire come svolgere i tuoi compiti.<\/p>\n<p class=\"font-weight-bold mb-1 d-flex align-items-center\"><strong>Steve M.&#8221;Software economico e supporto eccellente&#8221;<\/strong><\/p>\n<p><strong>Commenti: <\/strong>Formazione e supporto eccellenti &#8230;. facile da pianificare di anno in anno. Niente sorprese o momenti &#8220;morti&#8221;.<\/p>\n<p><strong>Vantaggi: <\/strong>Le funzionalit\u00e0 aperte e la capacit\u00e0 di gestire le funzionalit\u00e0<\/p>\n<p><strong>Inconvenienti: <\/strong>Quando abbiamo bisogno di aiuto con la strategia o la direzione generale, il team di supporto \u00e8 limitato all&#8217;aiuto tattico per problemi legati alla causa &#8230; ma non \u00e8 in grado di aiutare a cogliere il quadro generale di come MobileCause pu\u00f2 migliorare il nostro dare e la nostra missione.<\/p>\n<p>&nbsp;<\/p>\n","protected":false},"excerpt":{"rendered":"<p>MobileCause \u00e8 una soluzione di raccolta fondi e gestione delle comunicazioni basata su cloud per organizzazioni no profit di tutte le dimensioni. Le caratteristiche principali includono donazioni online raccolta fondi per eventi con aggiornamento in tempo reale, campagne peer-to-peer e crowdfunding ecc. ecc.<\/p>\n","protected":false},"author":19,"featured_media":35733,"parent":35419,"menu_order":0,"comment_status":"open","ping_status":"closed","template":"g1_template_page_review_new.php","meta":{"_acf_changed":false,"cwp_meta_box_check":"Yes","cwp_rev_product_name":"","cwp_rev_product_image":"","wppr_links":[],"cwp_rev_price":"","wppr_options":[],"wppr_pros":[],"wppr_cons":[],"_monsterinsights_skip_tracking":false,"_monsterinsights_sitenote_active":false,"_monsterinsights_sitenote_note":"","_monsterinsights_sitenote_category":0,"footnotes":""},"categories":[4851],"tags":[396,4900,4880,4926,4878,4877,4859,4875,4876],"features":[],"class_list":{"0":"post-35727","1":"page","2":"type-page","3":"status-publish","4":"has-post-thumbnail","6":"category-piattaforme-per-fundraising-categoria","7":"tag-cloud","8":"tag-fundraising-progam","9":"tag-fundraising-software-it","10":"tag-mobilecause","11":"tag-piattaforma-raccolta-fondi","12":"tag-programma-raccolta-fondi","13":"tag-raccolta-fondi","14":"tag-software-raccolta-fondi","15":"tag-soluzione-raccolta-fondi"},"wppr_data":{"cwp_meta_box_check":"Yes","cwp_rev_product_name":"","cwp_rev_product_image":"","cwp_image_link":"image","cwp_rev_price":"","wppr_rating":"0.00"},"acf":[],"yoast_head":"<!-- This site is optimized with the Yoast SEO plugin v27.4 - https:\/\/yoast.com\/product\/yoast-seo-wordpress\/ -->\n<title>MobileCause: recensione software per fundraising - Accurate Reviews<\/title>\n<meta name=\"description\" content=\"MobileCause: recensione soluzione di raccolta fondi e gestione delle comunicazioni basata su cloud per organizzazioni no profit.\" \/>\n<meta name=\"robots\" content=\"index, follow, max-snippet:-1, max-image-preview:large, max-video-preview:-1\" \/>\n<link rel=\"canonical\" href=\"https:\/\/www.accuratereviews.com\/it\/piattaforme-per-fundraising\/mobilecause-recensione\/\" \/>\n<meta property=\"og:locale\" content=\"it_IT\" \/>\n<meta property=\"og:type\" content=\"article\" \/>\n<meta property=\"og:title\" content=\"MobileCause: recensione software per fundraising - Accurate Reviews\" \/>\n<meta property=\"og:description\" content=\"MobileCause: recensione soluzione di raccolta fondi e gestione delle comunicazioni basata su cloud per organizzazioni no profit.\" \/>\n<meta property=\"og:url\" content=\"https:\/\/www.accuratereviews.com\/it\/piattaforme-per-fundraising\/mobilecause-recensione\/\" \/>\n<meta property=\"og:site_name\" content=\"Accurate Reviews\" \/>\n<meta property=\"article:modified_time\" content=\"2021-02-02T16:15:48+00:00\" \/>\n<meta property=\"og:image\" content=\"https:\/\/www.accuratereviews.com\/wp-content\/uploads\/2021\/01\/mobilecause.jpg\" \/>\n\t<meta property=\"og:image:width\" content=\"400\" \/>\n\t<meta property=\"og:image:height\" content=\"400\" \/>\n\t<meta property=\"og:image:type\" content=\"image\/jpeg\" \/>\n<meta name=\"twitter:card\" content=\"summary_large_image\" \/>\n<meta name=\"twitter:label1\" content=\"Tempo di lettura stimato\" \/>\n\t<meta name=\"twitter:data1\" content=\"4 minuti\" \/>\n<script type=\"application\/ld+json\" class=\"yoast-schema-graph\">{\"@context\":\"https:\\\/\\\/schema.org\",\"@graph\":[{\"@type\":\"WebPage\",\"@id\":\"https:\\\/\\\/www.accuratereviews.com\\\/it\\\/piattaforme-per-fundraising\\\/mobilecause-recensione\\\/\",\"url\":\"https:\\\/\\\/www.accuratereviews.com\\\/it\\\/piattaforme-per-fundraising\\\/mobilecause-recensione\\\/\",\"name\":\"MobileCause: recensione software per fundraising - Accurate Reviews\",\"isPartOf\":{\"@id\":\"https:\\\/\\\/www.accuratereviews.com\\\/it\\\/#website\"},\"primaryImageOfPage\":{\"@id\":\"https:\\\/\\\/www.accuratereviews.com\\\/it\\\/piattaforme-per-fundraising\\\/mobilecause-recensione\\\/#primaryimage\"},\"image\":{\"@id\":\"https:\\\/\\\/www.accuratereviews.com\\\/it\\\/piattaforme-per-fundraising\\\/mobilecause-recensione\\\/#primaryimage\"},\"thumbnailUrl\":\"https:\\\/\\\/www.accuratereviews.com\\\/wp-content\\\/uploads\\\/2021\\\/01\\\/mobilecause.jpg\",\"datePublished\":\"2021-01-22T11:52:52+00:00\",\"dateModified\":\"2021-02-02T16:15:48+00:00\",\"description\":\"MobileCause: recensione soluzione di raccolta fondi e gestione delle comunicazioni basata su cloud per organizzazioni no profit.\",\"breadcrumb\":{\"@id\":\"https:\\\/\\\/www.accuratereviews.com\\\/it\\\/piattaforme-per-fundraising\\\/mobilecause-recensione\\\/#breadcrumb\"},\"inLanguage\":\"it-IT\",\"potentialAction\":[{\"@type\":\"ReadAction\",\"target\":[\"https:\\\/\\\/www.accuratereviews.com\\\/it\\\/piattaforme-per-fundraising\\\/mobilecause-recensione\\\/\"]}]},{\"@type\":\"ImageObject\",\"inLanguage\":\"it-IT\",\"@id\":\"https:\\\/\\\/www.accuratereviews.com\\\/it\\\/piattaforme-per-fundraising\\\/mobilecause-recensione\\\/#primaryimage\",\"url\":\"https:\\\/\\\/www.accuratereviews.com\\\/wp-content\\\/uploads\\\/2021\\\/01\\\/mobilecause.jpg\",\"contentUrl\":\"https:\\\/\\\/www.accuratereviews.com\\\/wp-content\\\/uploads\\\/2021\\\/01\\\/mobilecause.jpg\",\"width\":400,\"height\":400},{\"@type\":\"BreadcrumbList\",\"@id\":\"https:\\\/\\\/www.accuratereviews.com\\\/it\\\/piattaforme-per-fundraising\\\/mobilecause-recensione\\\/#breadcrumb\",\"itemListElement\":[{\"@type\":\"ListItem\",\"position\":1,\"name\":\"Home\",\"item\":\"https:\\\/\\\/www.accuratereviews.com\\\/it\\\/\"},{\"@type\":\"ListItem\",\"position\":2,\"name\":\"Piattaforme per fundraising\",\"item\":\"https:\\\/\\\/www.accuratereviews.com\\\/it\\\/piattaforme-per-fundraising\\\/\"},{\"@type\":\"ListItem\",\"position\":3,\"name\":\"MobileCause\"}]},{\"@type\":\"WebSite\",\"@id\":\"https:\\\/\\\/www.accuratereviews.com\\\/it\\\/#website\",\"url\":\"https:\\\/\\\/www.accuratereviews.com\\\/it\\\/\",\"name\":\"Accurate Reviews\",\"description\":\"\",\"potentialAction\":[{\"@type\":\"SearchAction\",\"target\":{\"@type\":\"EntryPoint\",\"urlTemplate\":\"https:\\\/\\\/www.accuratereviews.com\\\/it\\\/?s={search_term_string}\"},\"query-input\":{\"@type\":\"PropertyValueSpecification\",\"valueRequired\":true,\"valueName\":\"search_term_string\"}}],\"inLanguage\":\"it-IT\"}]}<\/script>\n<!-- \/ Yoast SEO plugin. -->","yoast_head_json":{"title":"MobileCause: recensione software per fundraising - Accurate Reviews","description":"MobileCause: recensione soluzione di raccolta fondi e gestione delle comunicazioni basata su cloud per organizzazioni no profit.","robots":{"index":"index","follow":"follow","max-snippet":"max-snippet:-1","max-image-preview":"max-image-preview:large","max-video-preview":"max-video-preview:-1"},"canonical":"https:\/\/www.accuratereviews.com\/it\/piattaforme-per-fundraising\/mobilecause-recensione\/","og_locale":"it_IT","og_type":"article","og_title":"MobileCause: recensione software per fundraising - Accurate Reviews","og_description":"MobileCause: recensione soluzione di raccolta fondi e gestione delle comunicazioni basata su cloud per organizzazioni no profit.","og_url":"https:\/\/www.accuratereviews.com\/it\/piattaforme-per-fundraising\/mobilecause-recensione\/","og_site_name":"Accurate Reviews","article_modified_time":"2021-02-02T16:15:48+00:00","og_image":[{"width":400,"height":400,"url":"https:\/\/www.accuratereviews.com\/wp-content\/uploads\/2021\/01\/mobilecause.jpg","type":"image\/jpeg"}],"twitter_card":"summary_large_image","twitter_misc":{"Tempo di lettura stimato":"4 minuti"},"schema":{"@context":"https:\/\/schema.org","@graph":[{"@type":"WebPage","@id":"https:\/\/www.accuratereviews.com\/it\/piattaforme-per-fundraising\/mobilecause-recensione\/","url":"https:\/\/www.accuratereviews.com\/it\/piattaforme-per-fundraising\/mobilecause-recensione\/","name":"MobileCause: recensione software per fundraising - Accurate Reviews","isPartOf":{"@id":"https:\/\/www.accuratereviews.com\/it\/#website"},"primaryImageOfPage":{"@id":"https:\/\/www.accuratereviews.com\/it\/piattaforme-per-fundraising\/mobilecause-recensione\/#primaryimage"},"image":{"@id":"https:\/\/www.accuratereviews.com\/it\/piattaforme-per-fundraising\/mobilecause-recensione\/#primaryimage"},"thumbnailUrl":"https:\/\/www.accuratereviews.com\/wp-content\/uploads\/2021\/01\/mobilecause.jpg","datePublished":"2021-01-22T11:52:52+00:00","dateModified":"2021-02-02T16:15:48+00:00","description":"MobileCause: recensione soluzione di raccolta fondi e gestione delle comunicazioni basata su cloud per organizzazioni no profit.","breadcrumb":{"@id":"https:\/\/www.accuratereviews.com\/it\/piattaforme-per-fundraising\/mobilecause-recensione\/#breadcrumb"},"inLanguage":"it-IT","potentialAction":[{"@type":"ReadAction","target":["https:\/\/www.accuratereviews.com\/it\/piattaforme-per-fundraising\/mobilecause-recensione\/"]}]},{"@type":"ImageObject","inLanguage":"it-IT","@id":"https:\/\/www.accuratereviews.com\/it\/piattaforme-per-fundraising\/mobilecause-recensione\/#primaryimage","url":"https:\/\/www.accuratereviews.com\/wp-content\/uploads\/2021\/01\/mobilecause.jpg","contentUrl":"https:\/\/www.accuratereviews.com\/wp-content\/uploads\/2021\/01\/mobilecause.jpg","width":400,"height":400},{"@type":"BreadcrumbList","@id":"https:\/\/www.accuratereviews.com\/it\/piattaforme-per-fundraising\/mobilecause-recensione\/#breadcrumb","itemListElement":[{"@type":"ListItem","position":1,"name":"Home","item":"https:\/\/www.accuratereviews.com\/it\/"},{"@type":"ListItem","position":2,"name":"Piattaforme per fundraising","item":"https:\/\/www.accuratereviews.com\/it\/piattaforme-per-fundraising\/"},{"@type":"ListItem","position":3,"name":"MobileCause"}]},{"@type":"WebSite","@id":"https:\/\/www.accuratereviews.com\/it\/#website","url":"https:\/\/www.accuratereviews.com\/it\/","name":"Accurate Reviews","description":"","potentialAction":[{"@type":"SearchAction","target":{"@type":"EntryPoint","urlTemplate":"https:\/\/www.accuratereviews.com\/it\/?s={search_term_string}"},"query-input":{"@type":"PropertyValueSpecification","valueRequired":true,"valueName":"search_term_string"}}],"inLanguage":"it-IT"}]}},"_links":{"self":[{"href":"https:\/\/www.accuratereviews.com\/it\/wp-json\/wp\/v2\/pages\/35727","targetHints":{"allow":["GET"]}}],"collection":[{"href":"https:\/\/www.accuratereviews.com\/it\/wp-json\/wp\/v2\/pages"}],"about":[{"href":"https:\/\/www.accuratereviews.com\/it\/wp-json\/wp\/v2\/types\/page"}],"author":[{"embeddable":true,"href":"https:\/\/www.accuratereviews.com\/it\/wp-json\/wp\/v2\/users\/19"}],"replies":[{"embeddable":true,"href":"https:\/\/www.accuratereviews.com\/it\/wp-json\/wp\/v2\/comments?post=35727"}],"version-history":[{"count":15,"href":"https:\/\/www.accuratereviews.com\/it\/wp-json\/wp\/v2\/pages\/35727\/revisions"}],"predecessor-version":[{"id":36529,"href":"https:\/\/www.accuratereviews.com\/it\/wp-json\/wp\/v2\/pages\/35727\/revisions\/36529"}],"up":[{"embeddable":true,"href":"https:\/\/www.accuratereviews.com\/it\/wp-json\/wp\/v2\/pages\/35419"}],"wp:featuredmedia":[{"embeddable":true,"href":"https:\/\/www.accuratereviews.com\/it\/wp-json\/wp\/v2\/media\/35733"}],"wp:attachment":[{"href":"https:\/\/www.accuratereviews.com\/it\/wp-json\/wp\/v2\/media?parent=35727"}],"wp:term":[{"taxonomy":"category","embeddable":true,"href":"https:\/\/www.accuratereviews.com\/it\/wp-json\/wp\/v2\/categories?post=35727"},{"taxonomy":"post_tag","embeddable":true,"href":"https:\/\/www.accuratereviews.com\/it\/wp-json\/wp\/v2\/tags?post=35727"},{"taxonomy":"features","embeddable":true,"href":"https:\/\/www.accuratereviews.com\/it\/wp-json\/wp\/v2\/features?post=35727"}],"curies":[{"name":"wp","href":"https:\/\/api.w.org\/{rel}","templated":true}]}}