{"id":35769,"date":"2021-01-22T12:16:20","date_gmt":"2021-01-22T12:16:20","guid":{"rendered":"https:\/\/www.accuratereviews.com\/?page_id=35769"},"modified":"2021-01-27T10:49:10","modified_gmt":"2021-01-27T10:49:10","slug":"piattaforme-per-esami-online-guida-utente","status":"publish","type":"page","link":"https:\/\/www.accuratereviews.com\/it\/piattaforme-per-esami-online-guida-utente\/","title":{"rendered":"Piattaforme per esami online"},"content":{"rendered":"<p>In questo periodo di pandemia sostenere esami in presenza, che siano scolastici o relativi al lavoro per un&#8217;eventuale assunzione, \u00e8 diventato piuttosto difficile pertanto \u00e8 necessario trovare soluzioni alternative.<br \/>\nLa guida che seguir\u00e0 mostra le principali <strong>piattaforme per gli esami online<\/strong> che possono fare al caso tuo in base alle funzioni, ai prezzi, alla sicurezza e molto altro.<\/p>\n","protected":false},"excerpt":{"rendered":"<p>In questo periodo di pandemia sostenere esami in presenza, che siano scolastici o relativi al lavoro per un&#8217;eventuale assunzione, \u00e8 diventato piuttosto difficile pertanto \u00e8 necessario trovare soluzioni alternative. La guida che seguir\u00e0 mostra le principali piattaforme per gli esami online che possono fare al caso tuo in base alle funzioni, ai prezzi, alla sicurezza [&hellip;]<\/p>\n","protected":false},"author":16,"featured_media":0,"parent":0,"menu_order":0,"comment_status":"open","ping_status":"closed","template":"g1_template_page_category_userguide.php","meta":{"_acf_changed":false,"cwp_meta_box_check":"No","cwp_rev_product_name":"","cwp_rev_product_image":"","wppr_links":[],"cwp_rev_price":"","wppr_options":[],"wppr_pros":[],"wppr_cons":[],"_monsterinsights_skip_tracking":false,"_monsterinsights_sitenote_active":false,"_monsterinsights_sitenote_note":"","_monsterinsights_sitenote_category":0,"footnotes":""},"categories":[4660],"tags":[4927,4954],"features":[],"class_list":{"0":"post-35769","1":"page","2":"type-page","3":"status-publish","5":"category-piattaforme-di-esami-online","6":"tag-guida-utente-piattaforme-esami-online","7":"tag-recensioni-piattaforme-per-esami-online"},"wppr_data":{"cwp_meta_box_check":"No"},"acf":[],"yoast_head":"<!-- This site is optimized with the Yoast SEO plugin v27.4 - https:\/\/yoast.com\/product\/yoast-seo-wordpress\/ -->\n<title>Le migliori piattaforme per esami online - Accurate Reviews<\/title>\n<meta name=\"description\" content=\"Gli esperti di Accurate Reviews vi guidano nella scelta della migliore piattaforma per esami online che soddisfi tutte le tue esigenze.\" \/>\n<meta name=\"robots\" content=\"index, follow, max-snippet:-1, max-image-preview:large, max-video-preview:-1\" \/>\n<link rel=\"canonical\" href=\"https:\/\/www.accuratereviews.com\/it\/piattaforme-per-esami-online-guida-utente\/\" \/>\n<meta property=\"og:locale\" content=\"it_IT\" \/>\n<meta property=\"og:type\" content=\"article\" \/>\n<meta property=\"og:title\" content=\"Le migliori piattaforme per esami online - Accurate Reviews\" \/>\n<meta property=\"og:description\" content=\"Gli esperti di Accurate Reviews vi guidano nella scelta della migliore piattaforma per esami online che soddisfi tutte le tue esigenze.\" \/>\n<meta property=\"og:url\" content=\"https:\/\/www.accuratereviews.com\/it\/piattaforme-per-esami-online-guida-utente\/\" \/>\n<meta property=\"og:site_name\" content=\"Accurate Reviews\" \/>\n<meta property=\"article:modified_time\" content=\"2021-01-27T10:49:10+00:00\" \/>\n<meta name=\"twitter:card\" content=\"summary_large_image\" \/>\n<meta name=\"twitter:label1\" content=\"Tempo di lettura stimato\" \/>\n\t<meta name=\"twitter:data1\" content=\"1 minuto\" \/>\n<script type=\"application\/ld+json\" class=\"yoast-schema-graph\">{\"@context\":\"https:\\\/\\\/schema.org\",\"@graph\":[{\"@type\":\"WebPage\",\"@id\":\"https:\\\/\\\/www.accuratereviews.com\\\/it\\\/piattaforme-per-esami-online-guida-utente\\\/\",\"url\":\"https:\\\/\\\/www.accuratereviews.com\\\/it\\\/piattaforme-per-esami-online-guida-utente\\\/\",\"name\":\"Le migliori piattaforme per esami online - Accurate Reviews\",\"isPartOf\":{\"@id\":\"https:\\\/\\\/www.accuratereviews.com\\\/it\\\/#website\"},\"datePublished\":\"2021-01-22T12:16:20+00:00\",\"dateModified\":\"2021-01-27T10:49:10+00:00\",\"description\":\"Gli esperti di Accurate Reviews vi guidano nella scelta della migliore piattaforma per esami online che soddisfi tutte le tue esigenze.\",\"breadcrumb\":{\"@id\":\"https:\\\/\\\/www.accuratereviews.com\\\/it\\\/piattaforme-per-esami-online-guida-utente\\\/#breadcrumb\"},\"inLanguage\":\"it-IT\",\"potentialAction\":[{\"@type\":\"ReadAction\",\"target\":[\"https:\\\/\\\/www.accuratereviews.com\\\/it\\\/piattaforme-per-esami-online-guida-utente\\\/\"]}]},{\"@type\":\"BreadcrumbList\",\"@id\":\"https:\\\/\\\/www.accuratereviews.com\\\/it\\\/piattaforme-per-esami-online-guida-utente\\\/#breadcrumb\",\"itemListElement\":[{\"@type\":\"ListItem\",\"position\":1,\"name\":\"Home\",\"item\":\"https:\\\/\\\/www.accuratereviews.com\\\/it\\\/\"},{\"@type\":\"ListItem\",\"position\":2,\"name\":\"Piattaforme per esami online\"}]},{\"@type\":\"WebSite\",\"@id\":\"https:\\\/\\\/www.accuratereviews.com\\\/it\\\/#website\",\"url\":\"https:\\\/\\\/www.accuratereviews.com\\\/it\\\/\",\"name\":\"Accurate Reviews\",\"description\":\"\",\"potentialAction\":[{\"@type\":\"SearchAction\",\"target\":{\"@type\":\"EntryPoint\",\"urlTemplate\":\"https:\\\/\\\/www.accuratereviews.com\\\/it\\\/?s={search_term_string}\"},\"query-input\":{\"@type\":\"PropertyValueSpecification\",\"valueRequired\":true,\"valueName\":\"search_term_string\"}}],\"inLanguage\":\"it-IT\"}]}<\/script>\n<!-- \/ Yoast SEO plugin. -->","yoast_head_json":{"title":"Le migliori piattaforme per esami online - Accurate Reviews","description":"Gli esperti di Accurate Reviews vi guidano nella scelta della migliore piattaforma per esami online che soddisfi tutte le tue esigenze.","robots":{"index":"index","follow":"follow","max-snippet":"max-snippet:-1","max-image-preview":"max-image-preview:large","max-video-preview":"max-video-preview:-1"},"canonical":"https:\/\/www.accuratereviews.com\/it\/piattaforme-per-esami-online-guida-utente\/","og_locale":"it_IT","og_type":"article","og_title":"Le migliori piattaforme per esami online - Accurate Reviews","og_description":"Gli esperti di Accurate Reviews vi guidano nella scelta della migliore piattaforma per esami online che soddisfi tutte le tue esigenze.","og_url":"https:\/\/www.accuratereviews.com\/it\/piattaforme-per-esami-online-guida-utente\/","og_site_name":"Accurate Reviews","article_modified_time":"2021-01-27T10:49:10+00:00","twitter_card":"summary_large_image","twitter_misc":{"Tempo di lettura stimato":"1 minuto"},"schema":{"@context":"https:\/\/schema.org","@graph":[{"@type":"WebPage","@id":"https:\/\/www.accuratereviews.com\/it\/piattaforme-per-esami-online-guida-utente\/","url":"https:\/\/www.accuratereviews.com\/it\/piattaforme-per-esami-online-guida-utente\/","name":"Le migliori piattaforme per esami online - Accurate Reviews","isPartOf":{"@id":"https:\/\/www.accuratereviews.com\/it\/#website"},"datePublished":"2021-01-22T12:16:20+00:00","dateModified":"2021-01-27T10:49:10+00:00","description":"Gli esperti di Accurate Reviews vi guidano nella scelta della migliore piattaforma per esami online che soddisfi tutte le tue esigenze.","breadcrumb":{"@id":"https:\/\/www.accuratereviews.com\/it\/piattaforme-per-esami-online-guida-utente\/#breadcrumb"},"inLanguage":"it-IT","potentialAction":[{"@type":"ReadAction","target":["https:\/\/www.accuratereviews.com\/it\/piattaforme-per-esami-online-guida-utente\/"]}]},{"@type":"BreadcrumbList","@id":"https:\/\/www.accuratereviews.com\/it\/piattaforme-per-esami-online-guida-utente\/#breadcrumb","itemListElement":[{"@type":"ListItem","position":1,"name":"Home","item":"https:\/\/www.accuratereviews.com\/it\/"},{"@type":"ListItem","position":2,"name":"Piattaforme per esami online"}]},{"@type":"WebSite","@id":"https:\/\/www.accuratereviews.com\/it\/#website","url":"https:\/\/www.accuratereviews.com\/it\/","name":"Accurate Reviews","description":"","potentialAction":[{"@type":"SearchAction","target":{"@type":"EntryPoint","urlTemplate":"https:\/\/www.accuratereviews.com\/it\/?s={search_term_string}"},"query-input":{"@type":"PropertyValueSpecification","valueRequired":true,"valueName":"search_term_string"}}],"inLanguage":"it-IT"}]}},"_links":{"self":[{"href":"https:\/\/www.accuratereviews.com\/it\/wp-json\/wp\/v2\/pages\/35769","targetHints":{"allow":["GET"]}}],"collection":[{"href":"https:\/\/www.accuratereviews.com\/it\/wp-json\/wp\/v2\/pages"}],"about":[{"href":"https:\/\/www.accuratereviews.com\/it\/wp-json\/wp\/v2\/types\/page"}],"author":[{"embeddable":true,"href":"https:\/\/www.accuratereviews.com\/it\/wp-json\/wp\/v2\/users\/16"}],"replies":[{"embeddable":true,"href":"https:\/\/www.accuratereviews.com\/it\/wp-json\/wp\/v2\/comments?post=35769"}],"version-history":[{"count":8,"href":"https:\/\/www.accuratereviews.com\/it\/wp-json\/wp\/v2\/pages\/35769\/revisions"}],"predecessor-version":[{"id":36094,"href":"https:\/\/www.accuratereviews.com\/it\/wp-json\/wp\/v2\/pages\/35769\/revisions\/36094"}],"wp:attachment":[{"href":"https:\/\/www.accuratereviews.com\/it\/wp-json\/wp\/v2\/media?parent=35769"}],"wp:term":[{"taxonomy":"category","embeddable":true,"href":"https:\/\/www.accuratereviews.com\/it\/wp-json\/wp\/v2\/categories?post=35769"},{"taxonomy":"post_tag","embeddable":true,"href":"https:\/\/www.accuratereviews.com\/it\/wp-json\/wp\/v2\/tags?post=35769"},{"taxonomy":"features","embeddable":true,"href":"https:\/\/www.accuratereviews.com\/it\/wp-json\/wp\/v2\/features?post=35769"}],"curies":[{"name":"wp","href":"https:\/\/api.w.org\/{rel}","templated":true}]}}