{"id":36348,"date":"2021-02-01T11:29:43","date_gmt":"2021-02-01T11:29:43","guid":{"rendered":"https:\/\/www.accuratereviews.com\/?page_id=36348"},"modified":"2021-02-02T16:07:52","modified_gmt":"2021-02-02T16:07:52","slug":"givesmart-recensione","status":"publish","type":"page","link":"https:\/\/www.accuratereviews.com\/it\/piattaforme-per-fundraising\/givesmart-recensione\/","title":{"rendered":"GiveSmart"},"content":{"rendered":"<p><strong>GiveSmart<\/strong> \u00e8 un&#8217;applicazione <strong>per eventi e aste<\/strong> basata su <strong>cloud<\/strong> e progettata esclusivamente per <strong>enti di beneficenza<\/strong>. <span class=\"JLqJ4b ChMk0b\" data-language-for-alternatives=\"it\" data-language-to-translate-into=\"en\" data-phrase-index=\"1\">Gli algoritmi avanzati aiutano la soluzione a ottimizzare i processi degli eventi, aumentare le entrate e aiutare gli offerenti a risparmiare denaro. Vari tipi di organizzazioni possono utilizzare <strong>GiveSmart<\/strong>, comprese associazioni, gruppi religiosi, scuole primarie e secondarie e organizzazioni senza scopo di lucro, per aiutare a gestire ammissioni, donazioni, appartenenza, iscrizioni, raccolte fondi, eventi e contabilit\u00e0.<span class=\"JLqJ4b\" data-language-for-alternatives=\"it\" data-language-to-translate-into=\"en\" data-phrase-index=\"3\">\u00a0Il programma\u00a0offre strumenti di promozione pre e post evento progettati per aumentare la consapevolezza. Fornisce aggiornamenti in tempo reale insieme a rapporti post-evento sui donatori preziosi o potenziali. Le funzionalit\u00e0 di vendita all&#8217;asta includono un sito web di aste, insieme a funzionalit\u00e0 di vendita.<\/span><\/span><\/p>\n<h2>GIVESMART &#8211; TUTORIAL<\/h2>\n<p>Guardiamo quanto \u00e8 semplice gestire le donazioni con questa <strong>piattaforma per fundraising<\/strong>:<\/p>\n<div id=\"fluid-wrapper-counter-1\" class=\"g1-fluid-wrapper \" style=\"width:686px;\">\n<div style=\"padding-bottom:56.268221574344%;\"><iframe loading=\"lazy\" title=\"GiveSmart Tutorial\" width=\"686\" height=\"386\" src=\"https:\/\/www.youtube.com\/embed\/s9iFN0LFqvE?feature=oembed&amp;wmode=transparent&amp;autohide=1&amp;autoplay=0&amp;disablekb=0&amp;fs=1&amp;loop=0&amp;enablejsapi=1&amp;rel=0&amp;controls=2&amp;showinfo=0&amp;wmode=transparent&amp;autohide=2&amp;autoplay=0&amp;disablekb=0&amp;fs=1&amp;loop=0&amp;enablejsapi=1&amp;rel=0&amp;controls=2&amp;showinfo=1\" frameborder=\"0\" allow=\"accelerometer; autoplay; clipboard-write; encrypted-media; gyroscope; picture-in-picture\" allowfullscreen><\/iframe><\/div>\n<\/div>\n<h3>GIVESMART &#8211; CARATTERISTICHE<\/h3>\n<ul>\n<li><strong>Interfaccia ottimizzata per i dispositivi mobili<\/strong>: la piattaforma \u00e8 facile da personalizzare per adattarsi ai colori e al tema della tua organizzazione. Avere la possibilit\u00e0 di ricevere donazioni tramite testo apre la raccolta fondi a una miriade di nuove opportunit\u00e0 e capacit\u00e0 per tutto l&#8217;anno. Con una parola chiave dedicata per campagna, puoi monitorare il successo e la consapevolezza di ciascuna<\/li>\n<li>Il <strong>reporting in tempo<\/strong> reale e intuitivo \u00e8 disponibile tramite la dashboard e gli strumenti di reporting della piattaforma. Questi dati aiutano a tenere traccia di come stanno andando i tuoi sforzi di raccolta fondi e possono aiutare a guidare le decisioni per il futuro<\/li>\n<li><strong>Distribuisci ospiti e gruppi<\/strong> tra i tavoli assegnati con lo strumento di gestione dei posti a sedere drag-and-drop<\/li>\n<li><strong>Gestisci oggetti d&#8217;asta online<\/strong> e dal vivo in una soluzione facile e intuitiva in cui puoi modificare le descrizioni e i dettagli degli oggetti senza dover fare clic in diverse pagine. Includi immagini e video con le descrizioni degli articoli e aggiungi anche articoli di acquisto istantaneo<\/li>\n<li><strong>Crea e organizza tutte le tue campagne<\/strong> di raccolta fondi in un unico posto. Utilizza l&#8217;hub dell&#8217;organizzazione per clonare le campagne ed eseguirle di nuovo senza perdere i dati del donatore. Ci\u00f2 consente agli eventi annuali di raccolta fondi di essere gi\u00e0 pronti ed efficienti<\/li>\n<li><strong>L&#8217;elaborazione integrata della carta di credito<\/strong> semplifica il checkout e il ritiro per ogni evento e campagna. Utilizzando il software, i tuoi donatori possono pagare tramite telefono e saltare la fila<\/li>\n<li><strong>Genera automaticamente ricevute fiscali<\/strong>, lettere di donazione e lettere di ringraziamento per i donatori in un evento post collettivo per limitare le attivit\u00e0 amministrative relative a questi articoli. I donatori possono richiedere le ricevute tramite email o testo al momento del pagamento<\/li>\n<\/ul>\n<h4>LE RECENSIONI DEGLI UTENTI<\/h4>\n<p class=\"font-weight-bold mb-1 d-flex align-items-center\"><strong>Jill M.&#8221;Il miglior investimento di sempre&#8221;<\/strong><\/p>\n<p><strong>Commenti: <\/strong>Non ho nulla di negativo da dire su questa azienda, sulla piattaforma o sui suoi dipendenti, tutti quelli con cui ho avuto contatti sono stati pi\u00f9 che utili. Il software \u00e8 facile da usare, ma se hai domande, la disponibilit\u00e0 di chat, email o telefono di qualcuno che pu\u00f2 aiutarti \u00e8 incredibile. Sono rapidi ed efficienti, il che ti aiuta a completare l&#8217;attivit\u00e0 e passare alla cosa successiva sulla tua lista!<\/p>\n<p><strong>Pro: <\/strong>Quello che mi piace di PI\u00d9 di questo software \u00e8 il fatto che le persone possono partecipare alla nostra asta da qualsiasi luogo.<\/p>\n<p><strong>Contro: <\/strong>HHHmmmm &#8230;&#8230; il primo anno, il processo di caricamento degli oggetti all&#8217;asta \u00e8 stato un caos, ma hanno aggiornato il software e da allora \u00e8 SUPER friendly.<\/p>\n<p class=\"font-weight-bold mb-1 d-flex align-items-center\"><strong>Beth D.&#8221;Grande risorsa e personale eccezionale&#8221;<\/strong><\/p>\n<p><strong>Commenti: <\/strong>Il personale e la piattaforma sono eccellenti e rendono il mio lavoro molto semplice!<\/p>\n<p><strong>Pro: <\/strong>Givesmart \u00e8 cos\u00ec facile da usare e ci permette di organizzare diversi tipi di eventi di raccolta fondi. Pi\u00f9 lo uso, pi\u00f9 diventa facile e mi ritrovo a pensare a nuovi modi per utilizzare questa piattaforma.<\/p>\n<p><strong>Contro: <\/strong>Il reporting finanziario pu\u00f2 creare un po &#8216;di confusione, ma poich\u00e9 lo maggiormente e con l&#8217;assistenza di Givesmart, sono in grado di navigare molto meglio.<\/p>\n<p class=\"font-weight-bold mb-1 d-flex align-items-center\"><strong>Mindee R.&#8221;Supporto e successo dell&#8217;asta virtuale&#8221;<\/strong><\/p>\n<p><strong>Pro: <\/strong>GiveSmart ti consente di conservare le informazioni sull&#8217;oggetto dell&#8217;asta e sui partecipanti di anno in anno, risparmiando tempo significativo sull&#8217;immissione dei dati.<\/p>\n<p><strong>Contro: <\/strong>La funzionalit\u00e0 di stampa di etichette deve essere ampliata \/ ulteriormente sviluppata.<\/p>\n","protected":false},"excerpt":{"rendered":"<p>GiveSmart \u00e8 un&#8217;applicazione per eventi e aste basata su cloud progettata esclusivamente per enti di beneficenza. Gli algoritmi avanzati aiutano la soluzione a ottimizzare i processi degli eventi, aumentare le entrate e aiutare gli offerenti a risparmiare denaro. Vari tipi di organizzazioni possono utilizzare GiveSmart, comprese associazioni, gruppi religiosi, scuole primarie e secondarie e organizzazioni senza scopo di lucro.<\/p>\n","protected":false},"author":16,"featured_media":36364,"parent":35419,"menu_order":0,"comment_status":"open","ping_status":"closed","template":"g1_template_page_review_new.php","meta":{"_acf_changed":false,"cwp_meta_box_check":"Yes","cwp_rev_product_name":"","cwp_rev_product_image":"","wppr_links":[],"cwp_rev_price":"","wppr_options":[],"wppr_pros":[],"wppr_cons":[],"_monsterinsights_skip_tracking":false,"_monsterinsights_sitenote_active":false,"_monsterinsights_sitenote_note":"","_monsterinsights_sitenote_category":0,"footnotes":""},"categories":[4851],"tags":[396,4992,4852,4855,4854,4909],"features":[],"class_list":{"0":"post-36348","1":"page","2":"type-page","3":"status-publish","4":"has-post-thumbnail","6":"category-piattaforme-per-fundraising-categoria","7":"tag-cloud","8":"tag-givesmart","9":"tag-piattaforma-per-fundraising","10":"tag-programma-per-fundraising","11":"tag-software-per-fundraising","12":"tag-soluzione-per-fundraising"},"wppr_data":{"cwp_meta_box_check":"Yes","cwp_rev_product_name":"","cwp_rev_product_image":"","cwp_image_link":"image","cwp_rev_price":"","wppr_rating":"0.00"},"acf":[],"yoast_head":"<!-- This site is optimized with the Yoast SEO plugin v27.4 - https:\/\/yoast.com\/product\/yoast-seo-wordpress\/ -->\n<title>GiveSmart: recensione software per fundraising - Accurate Reviews<\/title>\n<meta name=\"description\" content=\"GiveSmart: recensione applicazione per eventi e aste basata su cloud progettata esclusivamente per enti di beneficenza.\" \/>\n<meta name=\"robots\" content=\"index, follow, max-snippet:-1, max-image-preview:large, max-video-preview:-1\" \/>\n<link rel=\"canonical\" href=\"https:\/\/www.accuratereviews.com\/it\/piattaforme-per-fundraising\/givesmart-recensione\/\" \/>\n<meta property=\"og:locale\" content=\"it_IT\" \/>\n<meta property=\"og:type\" content=\"article\" \/>\n<meta property=\"og:title\" content=\"GiveSmart: recensione software per fundraising - Accurate Reviews\" \/>\n<meta property=\"og:description\" content=\"GiveSmart: recensione applicazione per eventi e aste basata su cloud progettata esclusivamente per enti di beneficenza.\" \/>\n<meta property=\"og:url\" content=\"https:\/\/www.accuratereviews.com\/it\/piattaforme-per-fundraising\/givesmart-recensione\/\" \/>\n<meta property=\"og:site_name\" content=\"Accurate Reviews\" \/>\n<meta property=\"article:modified_time\" content=\"2021-02-02T16:07:52+00:00\" \/>\n<meta property=\"og:image\" content=\"https:\/\/www.accuratereviews.com\/wp-content\/uploads\/2021\/02\/givesmart.png\" \/>\n\t<meta property=\"og:image:width\" content=\"721\" \/>\n\t<meta property=\"og:image:height\" content=\"467\" \/>\n\t<meta property=\"og:image:type\" content=\"image\/png\" \/>\n<meta name=\"twitter:card\" content=\"summary_large_image\" \/>\n<meta name=\"twitter:label1\" content=\"Tempo di lettura stimato\" \/>\n\t<meta name=\"twitter:data1\" content=\"3 minuti\" \/>\n<script type=\"application\/ld+json\" class=\"yoast-schema-graph\">{\"@context\":\"https:\\\/\\\/schema.org\",\"@graph\":[{\"@type\":\"WebPage\",\"@id\":\"https:\\\/\\\/www.accuratereviews.com\\\/it\\\/piattaforme-per-fundraising\\\/givesmart-recensione\\\/\",\"url\":\"https:\\\/\\\/www.accuratereviews.com\\\/it\\\/piattaforme-per-fundraising\\\/givesmart-recensione\\\/\",\"name\":\"GiveSmart: recensione software per fundraising - Accurate Reviews\",\"isPartOf\":{\"@id\":\"https:\\\/\\\/www.accuratereviews.com\\\/it\\\/#website\"},\"primaryImageOfPage\":{\"@id\":\"https:\\\/\\\/www.accuratereviews.com\\\/it\\\/piattaforme-per-fundraising\\\/givesmart-recensione\\\/#primaryimage\"},\"image\":{\"@id\":\"https:\\\/\\\/www.accuratereviews.com\\\/it\\\/piattaforme-per-fundraising\\\/givesmart-recensione\\\/#primaryimage\"},\"thumbnailUrl\":\"https:\\\/\\\/www.accuratereviews.com\\\/wp-content\\\/uploads\\\/2021\\\/02\\\/givesmart.png\",\"datePublished\":\"2021-02-01T11:29:43+00:00\",\"dateModified\":\"2021-02-02T16:07:52+00:00\",\"description\":\"GiveSmart: recensione applicazione per eventi e aste basata su cloud progettata esclusivamente per enti di beneficenza.\",\"breadcrumb\":{\"@id\":\"https:\\\/\\\/www.accuratereviews.com\\\/it\\\/piattaforme-per-fundraising\\\/givesmart-recensione\\\/#breadcrumb\"},\"inLanguage\":\"it-IT\",\"potentialAction\":[{\"@type\":\"ReadAction\",\"target\":[\"https:\\\/\\\/www.accuratereviews.com\\\/it\\\/piattaforme-per-fundraising\\\/givesmart-recensione\\\/\"]}]},{\"@type\":\"ImageObject\",\"inLanguage\":\"it-IT\",\"@id\":\"https:\\\/\\\/www.accuratereviews.com\\\/it\\\/piattaforme-per-fundraising\\\/givesmart-recensione\\\/#primaryimage\",\"url\":\"https:\\\/\\\/www.accuratereviews.com\\\/wp-content\\\/uploads\\\/2021\\\/02\\\/givesmart.png\",\"contentUrl\":\"https:\\\/\\\/www.accuratereviews.com\\\/wp-content\\\/uploads\\\/2021\\\/02\\\/givesmart.png\",\"width\":721,\"height\":467},{\"@type\":\"BreadcrumbList\",\"@id\":\"https:\\\/\\\/www.accuratereviews.com\\\/it\\\/piattaforme-per-fundraising\\\/givesmart-recensione\\\/#breadcrumb\",\"itemListElement\":[{\"@type\":\"ListItem\",\"position\":1,\"name\":\"Home\",\"item\":\"https:\\\/\\\/www.accuratereviews.com\\\/it\\\/\"},{\"@type\":\"ListItem\",\"position\":2,\"name\":\"Piattaforme per fundraising\",\"item\":\"https:\\\/\\\/www.accuratereviews.com\\\/it\\\/piattaforme-per-fundraising\\\/\"},{\"@type\":\"ListItem\",\"position\":3,\"name\":\"GiveSmart\"}]},{\"@type\":\"WebSite\",\"@id\":\"https:\\\/\\\/www.accuratereviews.com\\\/it\\\/#website\",\"url\":\"https:\\\/\\\/www.accuratereviews.com\\\/it\\\/\",\"name\":\"Accurate Reviews\",\"description\":\"\",\"potentialAction\":[{\"@type\":\"SearchAction\",\"target\":{\"@type\":\"EntryPoint\",\"urlTemplate\":\"https:\\\/\\\/www.accuratereviews.com\\\/it\\\/?s={search_term_string}\"},\"query-input\":{\"@type\":\"PropertyValueSpecification\",\"valueRequired\":true,\"valueName\":\"search_term_string\"}}],\"inLanguage\":\"it-IT\"}]}<\/script>\n<!-- \/ Yoast SEO plugin. -->","yoast_head_json":{"title":"GiveSmart: recensione software per fundraising - Accurate Reviews","description":"GiveSmart: recensione applicazione per eventi e aste basata su cloud progettata esclusivamente per enti di beneficenza.","robots":{"index":"index","follow":"follow","max-snippet":"max-snippet:-1","max-image-preview":"max-image-preview:large","max-video-preview":"max-video-preview:-1"},"canonical":"https:\/\/www.accuratereviews.com\/it\/piattaforme-per-fundraising\/givesmart-recensione\/","og_locale":"it_IT","og_type":"article","og_title":"GiveSmart: recensione software per fundraising - Accurate Reviews","og_description":"GiveSmart: recensione applicazione per eventi e aste basata su cloud progettata esclusivamente per enti di beneficenza.","og_url":"https:\/\/www.accuratereviews.com\/it\/piattaforme-per-fundraising\/givesmart-recensione\/","og_site_name":"Accurate Reviews","article_modified_time":"2021-02-02T16:07:52+00:00","og_image":[{"width":721,"height":467,"url":"https:\/\/www.accuratereviews.com\/wp-content\/uploads\/2021\/02\/givesmart.png","type":"image\/png"}],"twitter_card":"summary_large_image","twitter_misc":{"Tempo di lettura stimato":"3 minuti"},"schema":{"@context":"https:\/\/schema.org","@graph":[{"@type":"WebPage","@id":"https:\/\/www.accuratereviews.com\/it\/piattaforme-per-fundraising\/givesmart-recensione\/","url":"https:\/\/www.accuratereviews.com\/it\/piattaforme-per-fundraising\/givesmart-recensione\/","name":"GiveSmart: recensione software per fundraising - Accurate Reviews","isPartOf":{"@id":"https:\/\/www.accuratereviews.com\/it\/#website"},"primaryImageOfPage":{"@id":"https:\/\/www.accuratereviews.com\/it\/piattaforme-per-fundraising\/givesmart-recensione\/#primaryimage"},"image":{"@id":"https:\/\/www.accuratereviews.com\/it\/piattaforme-per-fundraising\/givesmart-recensione\/#primaryimage"},"thumbnailUrl":"https:\/\/www.accuratereviews.com\/wp-content\/uploads\/2021\/02\/givesmart.png","datePublished":"2021-02-01T11:29:43+00:00","dateModified":"2021-02-02T16:07:52+00:00","description":"GiveSmart: recensione applicazione per eventi e aste basata su cloud progettata esclusivamente per enti di beneficenza.","breadcrumb":{"@id":"https:\/\/www.accuratereviews.com\/it\/piattaforme-per-fundraising\/givesmart-recensione\/#breadcrumb"},"inLanguage":"it-IT","potentialAction":[{"@type":"ReadAction","target":["https:\/\/www.accuratereviews.com\/it\/piattaforme-per-fundraising\/givesmart-recensione\/"]}]},{"@type":"ImageObject","inLanguage":"it-IT","@id":"https:\/\/www.accuratereviews.com\/it\/piattaforme-per-fundraising\/givesmart-recensione\/#primaryimage","url":"https:\/\/www.accuratereviews.com\/wp-content\/uploads\/2021\/02\/givesmart.png","contentUrl":"https:\/\/www.accuratereviews.com\/wp-content\/uploads\/2021\/02\/givesmart.png","width":721,"height":467},{"@type":"BreadcrumbList","@id":"https:\/\/www.accuratereviews.com\/it\/piattaforme-per-fundraising\/givesmart-recensione\/#breadcrumb","itemListElement":[{"@type":"ListItem","position":1,"name":"Home","item":"https:\/\/www.accuratereviews.com\/it\/"},{"@type":"ListItem","position":2,"name":"Piattaforme per fundraising","item":"https:\/\/www.accuratereviews.com\/it\/piattaforme-per-fundraising\/"},{"@type":"ListItem","position":3,"name":"GiveSmart"}]},{"@type":"WebSite","@id":"https:\/\/www.accuratereviews.com\/it\/#website","url":"https:\/\/www.accuratereviews.com\/it\/","name":"Accurate Reviews","description":"","potentialAction":[{"@type":"SearchAction","target":{"@type":"EntryPoint","urlTemplate":"https:\/\/www.accuratereviews.com\/it\/?s={search_term_string}"},"query-input":{"@type":"PropertyValueSpecification","valueRequired":true,"valueName":"search_term_string"}}],"inLanguage":"it-IT"}]}},"_links":{"self":[{"href":"https:\/\/www.accuratereviews.com\/it\/wp-json\/wp\/v2\/pages\/36348","targetHints":{"allow":["GET"]}}],"collection":[{"href":"https:\/\/www.accuratereviews.com\/it\/wp-json\/wp\/v2\/pages"}],"about":[{"href":"https:\/\/www.accuratereviews.com\/it\/wp-json\/wp\/v2\/types\/page"}],"author":[{"embeddable":true,"href":"https:\/\/www.accuratereviews.com\/it\/wp-json\/wp\/v2\/users\/16"}],"replies":[{"embeddable":true,"href":"https:\/\/www.accuratereviews.com\/it\/wp-json\/wp\/v2\/comments?post=36348"}],"version-history":[{"count":14,"href":"https:\/\/www.accuratereviews.com\/it\/wp-json\/wp\/v2\/pages\/36348\/revisions"}],"predecessor-version":[{"id":36521,"href":"https:\/\/www.accuratereviews.com\/it\/wp-json\/wp\/v2\/pages\/36348\/revisions\/36521"}],"up":[{"embeddable":true,"href":"https:\/\/www.accuratereviews.com\/it\/wp-json\/wp\/v2\/pages\/35419"}],"wp:featuredmedia":[{"embeddable":true,"href":"https:\/\/www.accuratereviews.com\/it\/wp-json\/wp\/v2\/media\/36364"}],"wp:attachment":[{"href":"https:\/\/www.accuratereviews.com\/it\/wp-json\/wp\/v2\/media?parent=36348"}],"wp:term":[{"taxonomy":"category","embeddable":true,"href":"https:\/\/www.accuratereviews.com\/it\/wp-json\/wp\/v2\/categories?post=36348"},{"taxonomy":"post_tag","embeddable":true,"href":"https:\/\/www.accuratereviews.com\/it\/wp-json\/wp\/v2\/tags?post=36348"},{"taxonomy":"features","embeddable":true,"href":"https:\/\/www.accuratereviews.com\/it\/wp-json\/wp\/v2\/features?post=36348"}],"curies":[{"name":"wp","href":"https:\/\/api.w.org\/{rel}","templated":true}]}}