{"id":36376,"date":"2021-02-01T16:30:18","date_gmt":"2021-02-01T16:30:18","guid":{"rendered":"https:\/\/www.accuratereviews.com\/?page_id=36376"},"modified":"2021-02-02T16:23:38","modified_gmt":"2021-02-02T16:23:38","slug":"when-i-work-recensione","status":"publish","type":"page","link":"https:\/\/www.accuratereviews.com\/it\/piattaforme-per-fundraising\/when-i-work-recensione\/","title":{"rendered":"When I Work"},"content":{"rendered":"<p><strong>When I Work<\/strong> \u00e8 un software di pianificazione dei dipendenti progettato per <strong>organizzazioni no profit<\/strong> che vogliono automatizzare il proprio lavoro. Si tratta di un programma gratuito che consente di monitorare i tempi e i costi, pianificare le attivit\u00e0 per la <strong>raccolta fondi<\/strong>, migliorare la comunicazione con i dipendenti e i volontari garantendo una crescita dell&#8217;associazione. Offre degli strumenti di pianificazione intuitivi e semplici da utilizzare in grado di offrire al team la possibilit\u00e0 di assumere nuovi dipendenti e volontari, rivedere i turni di lavoro, approvare le richieste di ferie, comunicare con il team grazie a una chat di gruppo e molto altro.<br \/>\nIl vantaggio pi\u00f9 grande di <strong>When I Work<\/strong> \u00e8 sicuramente quello di poterlo utilizzare sia in versione desktop che mobile poich\u00e9 offre anche un&#8217;app gratuita sia per dispositivi iOS che per dispositivi Android.<\/p>\n<h2>WHEN I WORK &#8211; TUTORIAL<\/h2>\n<p>Diamo un&#8217;occhiata a questo video tutorial:<\/p>\n<div id=\"fluid-wrapper-counter-1\" class=\"g1-fluid-wrapper \" style=\"width:686px;\">\n<div style=\"padding-bottom:56.268221574344%;\"><iframe loading=\"lazy\" title=\"When I Work integration with RUN Powered by ADP\u00ae\" width=\"686\" height=\"386\" src=\"https:\/\/www.youtube.com\/embed\/bZ_51EtrbkA?feature=oembed&amp;wmode=transparent&amp;autohide=1&amp;autoplay=0&amp;disablekb=0&amp;fs=1&amp;loop=0&amp;enablejsapi=1&amp;rel=0&amp;controls=2&amp;showinfo=0&amp;wmode=transparent&amp;autohide=2&amp;autoplay=0&amp;disablekb=0&amp;fs=1&amp;loop=0&amp;enablejsapi=1&amp;rel=0&amp;controls=2&amp;showinfo=1\" frameborder=\"0\" allow=\"accelerometer; autoplay; clipboard-write; encrypted-media; gyroscope; picture-in-picture\" allowfullscreen><\/iframe><\/div>\n<\/div>\n<h3>WHEN I WORK &#8211; CARATTERISTICHE<\/h3>\n<p>Di seguito le sue principali caratteristiche:<\/p>\n<ul>\n<li>Pianificazione dei dipendenti<\/li>\n<li><span class=\"JLqJ4b\" data-language-for-alternatives=\"it\" data-language-to-translate-into=\"en\" data-phrase-index=\"1\"><span class=\"JLqJ4b ChMk0b\" data-language-for-alternatives=\"it\" data-language-to-translate-into=\"en\" data-phrase-index=\"2\">Gestione dei turni di lavoro<\/span><\/span><\/li>\n<li><span class=\"JLqJ4b\" data-language-for-alternatives=\"it\" data-language-to-translate-into=\"en\" data-phrase-index=\"1\"><span class=\"JLqJ4b ChMk0b\" data-language-for-alternatives=\"it\" data-language-to-translate-into=\"en\" data-phrase-index=\"2\">Chat di gruppo<\/span><\/span><\/li>\n<li><span class=\"JLqJ4b\" data-language-for-alternatives=\"it\" data-language-to-translate-into=\"en\" data-phrase-index=\"1\"><span class=\"JLqJ4b ChMk0b\" data-language-for-alternatives=\"it\" data-language-to-translate-into=\"en\" data-phrase-index=\"2\"> Notifiche push <\/span><\/span><\/li>\n<li><span class=\"JLqJ4b\" data-language-for-alternatives=\"it\" data-language-to-translate-into=\"en\" data-phrase-index=\"1\"><span class=\"JLqJ4b ChMk0b\" data-language-for-alternatives=\"it\" data-language-to-translate-into=\"en\" data-phrase-index=\"2\">Libro paga<\/span><\/span><\/li>\n<li><span class=\"JLqJ4b\" data-language-for-alternatives=\"it\" data-language-to-translate-into=\"en\" data-phrase-index=\"1\"><span class=\"JLqJ4b ChMk0b\" data-language-for-alternatives=\"it\" data-language-to-translate-into=\"en\" data-phrase-index=\"2\">Calendario (iCal, Outlook,Google Calendar) <\/span><\/span><\/li>\n<li><span class=\"JLqJ4b\" data-language-for-alternatives=\"it\" data-language-to-translate-into=\"en\" data-phrase-index=\"1\"><span class=\"JLqJ4b ChMk0b\" data-language-for-alternatives=\"it\" data-language-to-translate-into=\"en\" data-phrase-index=\"2\">Sistema reportistico <\/span><\/span><\/li>\n<li><span class=\"JLqJ4b\" data-language-for-alternatives=\"it\" data-language-to-translate-into=\"en\" data-phrase-index=\"1\"><span class=\"JLqJ4b ChMk0b\" data-language-for-alternatives=\"it\" data-language-to-translate-into=\"en\" data-phrase-index=\"2\">Posizioni multiple<\/span><\/span><\/li>\n<li><span class=\"JLqJ4b\" data-language-for-alternatives=\"it\" data-language-to-translate-into=\"en\" data-phrase-index=\"1\"><span class=\"JLqJ4b ChMk0b\" data-language-for-alternatives=\"it\" data-language-to-translate-into=\"en\" data-phrase-index=\"2\">Monitoraggio dei candidati<\/span><\/span><\/li>\n<li><span class=\"JLqJ4b\" data-language-for-alternatives=\"it\" data-language-to-translate-into=\"en\" data-phrase-index=\"1\"><span class=\"JLqJ4b ChMk0b\" data-language-for-alternatives=\"it\" data-language-to-translate-into=\"en\" data-phrase-index=\"2\">Accesso via desktop e via mobile<\/span><\/span><\/li>\n<\/ul>\n<h4>LE RECENSIONI DEGLI UTENTI<\/h4>\n<p><span style=\"font-weight: 400;\">Timothy S. <\/span><b>&#8220;Ottimo strumento per manager e dipendenti!&#8221;<\/b> <span style=\"font-weight: 400;\"><br \/>\n<\/span><span style=\"font-weight: 400;\">PRO: la facilit\u00e0 di navigazione nell&#8217;app. La possibilit\u00e0 di utilizzare il software di pianificazione direttamente dall telefono dei dipendenti \u00e8 eccezionale. Ci piace molto anche utilizzare lo strumento di messaggistica. \u00c8 un ottimo modo per parlare a tutti in modo efficiente. <\/span><span style=\"font-weight: 400;\"><br \/>\n<\/span><span style=\"font-weight: 400;\">CONTRO: non ci piace la porzione di aggiunta drop della pianificazione e delle modifiche dei turni. In qualit\u00e0 di staff dirigenziale vorremmo usarlo, ma \u00e8 stato difficile creare un processo per implementarlo che non richieda l&#8217;approvazione del manager. <\/span><\/p>\n<p><span style=\"font-weight: 400;\">Lissa K. <\/span><b>&#8220;Ottimo modo per gestire la tua squadra&#8221; <\/b><b><br \/>\n<\/b><span style=\"font-weight: 400;\">Commenti: ottimo! <\/span><span style=\"font-weight: 400;\"><br \/>\n<\/span><span style=\"font-weight: 400;\">PRO: mi piacciono le funzionalit\u00e0 del turno di consegna e le funzionalit\u00e0 di disponibilit\u00e0\/non disponibilit\u00e0 <\/span><span style=\"font-weight: 400;\"><br \/>\n<\/span><span style=\"font-weight: 400;\">CONTRO: per qualche motivo, i membri del mio team erano in grado di inserire le loro ore settimanali preferite attraverso il loro profilo, ma questo non \u00e8 pi\u00f9 disponibile da quello che posso vedere. Mi piacerebbe rivederlo.\u00a0<\/span><\/p>\n<p><span style=\"font-weight: 400;\">Ken T.<\/span><b> &#8220;Quando lavoro per me funziona!&#8221;<\/b> <span style=\"font-weight: 400;\"><br \/>\n<\/span><span style=\"font-weight: 400;\">Commenti: non ho molti dipendenti nel mio programma &#8211; solo 10, ma gli Inca creano un programma da zero in 5-10 minuti. <\/span><span style=\"font-weight: 400;\"><br \/>\n<\/span><span style=\"font-weight: 400;\">PRO: rende la pianificazione un&#8217;attivit\u00e0 semplice e aggiunge funzionalit\u00e0 come modelli di pianificazione che offrono turni aperti che sono la ciliegina sulla torta! L&#8217;assistenza clienti \u00e8 reattiva e molto disponibile. <\/span><span style=\"font-weight: 400;\"><br \/>\n<\/span><span style=\"font-weight: 400;\">CONTRO: vorrei davvero un collegamento per visualizzare la piena disponibilit\u00e0 di un dipendente direttamente dal programma settimanale. Ho presentato una richiesta, che \u00e8 stata accolta in modo molto positivo. Tuttavia, non \u00e8 ancora successo. <\/span><\/p>\n","protected":false},"excerpt":{"rendered":"<p>When I Work \u00e8 un software di pianificazione dei dipendenti progettato per organizzazioni no profit che vogliono automatizzare il proprio lavoro. Si tratta di un programma gratuito che consente di monitorare i tempi e i costi, pianificare le attivit\u00e0 per la raccolta fondi, migliorare la comunicazione con i dipendenti e i volontari garantendo una crescita dell&#8217;associazione.<\/p>\n","protected":false},"author":17,"featured_media":36399,"parent":35419,"menu_order":0,"comment_status":"open","ping_status":"closed","template":"g1_template_page_review_new.php","meta":{"_acf_changed":false,"cwp_meta_box_check":"No","cwp_rev_product_name":"","cwp_rev_product_image":"","wppr_links":[],"cwp_rev_price":"","wppr_options":[],"wppr_pros":[],"wppr_cons":[],"_monsterinsights_skip_tracking":false,"_monsterinsights_sitenote_active":false,"_monsterinsights_sitenote_note":"","_monsterinsights_sitenote_category":0,"footnotes":""},"categories":[4851],"tags":[4853,4882,2209,4878,4859,4854,4875],"features":[],"class_list":{"0":"post-36376","1":"page","2":"type-page","3":"status-publish","4":"has-post-thumbnail","6":"category-piattaforme-per-fundraising-categoria","7":"tag-fundraising","8":"tag-organizzazioni-no-profit","9":"tag-piattaforma-di-raccolta-fondi","10":"tag-piattaforma-raccolta-fondi","11":"tag-raccolta-fondi","12":"tag-software-per-fundraising","13":"tag-software-raccolta-fondi"},"wppr_data":{"cwp_meta_box_check":"No"},"acf":[],"yoast_head":"<!-- This site is optimized with the Yoast SEO plugin v27.4 - https:\/\/yoast.com\/product\/yoast-seo-wordpress\/ -->\n<title>When I Work: piattaforma fundraising recensione - Accurate Reviews<\/title>\n<meta name=\"description\" content=\"When I Work: software di pianificazione dei dipendenti progettato per organizzazioni no profit che vogliono automatizzare il proprio lavoro.\" \/>\n<meta name=\"robots\" content=\"index, follow, max-snippet:-1, max-image-preview:large, max-video-preview:-1\" \/>\n<link rel=\"canonical\" href=\"https:\/\/www.accuratereviews.com\/it\/piattaforme-per-fundraising\/when-i-work-recensione\/\" \/>\n<meta property=\"og:locale\" content=\"it_IT\" \/>\n<meta property=\"og:type\" content=\"article\" \/>\n<meta property=\"og:title\" content=\"When I Work: piattaforma fundraising recensione - Accurate Reviews\" \/>\n<meta property=\"og:description\" content=\"When I Work: software di pianificazione dei dipendenti progettato per organizzazioni no profit che vogliono automatizzare il proprio lavoro.\" \/>\n<meta property=\"og:url\" content=\"https:\/\/www.accuratereviews.com\/it\/piattaforme-per-fundraising\/when-i-work-recensione\/\" \/>\n<meta property=\"og:site_name\" content=\"Accurate Reviews\" \/>\n<meta property=\"article:modified_time\" content=\"2021-02-02T16:23:38+00:00\" \/>\n<meta property=\"og:image\" content=\"https:\/\/www.accuratereviews.com\/wp-content\/uploads\/2021\/02\/e076e7b0382238def4c14ac45037e80df8d3574652f87572608a961d884acf9f-1-scaled.jpeg\" \/>\n\t<meta property=\"og:image:width\" content=\"2560\" \/>\n\t<meta property=\"og:image:height\" content=\"471\" \/>\n\t<meta property=\"og:image:type\" content=\"image\/jpeg\" \/>\n<meta name=\"twitter:card\" content=\"summary_large_image\" \/>\n<meta name=\"twitter:label1\" content=\"Tempo di lettura stimato\" \/>\n\t<meta name=\"twitter:data1\" content=\"2 minuti\" \/>\n<script type=\"application\/ld+json\" class=\"yoast-schema-graph\">{\"@context\":\"https:\\\/\\\/schema.org\",\"@graph\":[{\"@type\":\"WebPage\",\"@id\":\"https:\\\/\\\/www.accuratereviews.com\\\/it\\\/piattaforme-per-fundraising\\\/when-i-work-recensione\\\/\",\"url\":\"https:\\\/\\\/www.accuratereviews.com\\\/it\\\/piattaforme-per-fundraising\\\/when-i-work-recensione\\\/\",\"name\":\"When I Work: piattaforma fundraising recensione - Accurate Reviews\",\"isPartOf\":{\"@id\":\"https:\\\/\\\/www.accuratereviews.com\\\/it\\\/#website\"},\"primaryImageOfPage\":{\"@id\":\"https:\\\/\\\/www.accuratereviews.com\\\/it\\\/piattaforme-per-fundraising\\\/when-i-work-recensione\\\/#primaryimage\"},\"image\":{\"@id\":\"https:\\\/\\\/www.accuratereviews.com\\\/it\\\/piattaforme-per-fundraising\\\/when-i-work-recensione\\\/#primaryimage\"},\"thumbnailUrl\":\"https:\\\/\\\/www.accuratereviews.com\\\/wp-content\\\/uploads\\\/2021\\\/02\\\/e076e7b0382238def4c14ac45037e80df8d3574652f87572608a961d884acf9f-1-scaled.jpeg\",\"datePublished\":\"2021-02-01T16:30:18+00:00\",\"dateModified\":\"2021-02-02T16:23:38+00:00\",\"description\":\"When I Work: software di pianificazione dei dipendenti progettato per organizzazioni no profit che vogliono automatizzare il proprio lavoro.\",\"breadcrumb\":{\"@id\":\"https:\\\/\\\/www.accuratereviews.com\\\/it\\\/piattaforme-per-fundraising\\\/when-i-work-recensione\\\/#breadcrumb\"},\"inLanguage\":\"it-IT\",\"potentialAction\":[{\"@type\":\"ReadAction\",\"target\":[\"https:\\\/\\\/www.accuratereviews.com\\\/it\\\/piattaforme-per-fundraising\\\/when-i-work-recensione\\\/\"]}]},{\"@type\":\"ImageObject\",\"inLanguage\":\"it-IT\",\"@id\":\"https:\\\/\\\/www.accuratereviews.com\\\/it\\\/piattaforme-per-fundraising\\\/when-i-work-recensione\\\/#primaryimage\",\"url\":\"https:\\\/\\\/www.accuratereviews.com\\\/wp-content\\\/uploads\\\/2021\\\/02\\\/e076e7b0382238def4c14ac45037e80df8d3574652f87572608a961d884acf9f-1-scaled.jpeg\",\"contentUrl\":\"https:\\\/\\\/www.accuratereviews.com\\\/wp-content\\\/uploads\\\/2021\\\/02\\\/e076e7b0382238def4c14ac45037e80df8d3574652f87572608a961d884acf9f-1-scaled.jpeg\",\"width\":2560,\"height\":471},{\"@type\":\"BreadcrumbList\",\"@id\":\"https:\\\/\\\/www.accuratereviews.com\\\/it\\\/piattaforme-per-fundraising\\\/when-i-work-recensione\\\/#breadcrumb\",\"itemListElement\":[{\"@type\":\"ListItem\",\"position\":1,\"name\":\"Home\",\"item\":\"https:\\\/\\\/www.accuratereviews.com\\\/it\\\/\"},{\"@type\":\"ListItem\",\"position\":2,\"name\":\"Piattaforme per fundraising\",\"item\":\"https:\\\/\\\/www.accuratereviews.com\\\/it\\\/piattaforme-per-fundraising\\\/\"},{\"@type\":\"ListItem\",\"position\":3,\"name\":\"When I Work\"}]},{\"@type\":\"WebSite\",\"@id\":\"https:\\\/\\\/www.accuratereviews.com\\\/it\\\/#website\",\"url\":\"https:\\\/\\\/www.accuratereviews.com\\\/it\\\/\",\"name\":\"Accurate Reviews\",\"description\":\"\",\"potentialAction\":[{\"@type\":\"SearchAction\",\"target\":{\"@type\":\"EntryPoint\",\"urlTemplate\":\"https:\\\/\\\/www.accuratereviews.com\\\/it\\\/?s={search_term_string}\"},\"query-input\":{\"@type\":\"PropertyValueSpecification\",\"valueRequired\":true,\"valueName\":\"search_term_string\"}}],\"inLanguage\":\"it-IT\"}]}<\/script>\n<!-- \/ Yoast SEO plugin. -->","yoast_head_json":{"title":"When I Work: piattaforma fundraising recensione - Accurate Reviews","description":"When I Work: software di pianificazione dei dipendenti progettato per organizzazioni no profit che vogliono automatizzare il proprio lavoro.","robots":{"index":"index","follow":"follow","max-snippet":"max-snippet:-1","max-image-preview":"max-image-preview:large","max-video-preview":"max-video-preview:-1"},"canonical":"https:\/\/www.accuratereviews.com\/it\/piattaforme-per-fundraising\/when-i-work-recensione\/","og_locale":"it_IT","og_type":"article","og_title":"When I Work: piattaforma fundraising recensione - Accurate Reviews","og_description":"When I Work: software di pianificazione dei dipendenti progettato per organizzazioni no profit che vogliono automatizzare il proprio lavoro.","og_url":"https:\/\/www.accuratereviews.com\/it\/piattaforme-per-fundraising\/when-i-work-recensione\/","og_site_name":"Accurate Reviews","article_modified_time":"2021-02-02T16:23:38+00:00","og_image":[{"width":2560,"height":471,"url":"https:\/\/www.accuratereviews.com\/wp-content\/uploads\/2021\/02\/e076e7b0382238def4c14ac45037e80df8d3574652f87572608a961d884acf9f-1-scaled.jpeg","type":"image\/jpeg"}],"twitter_card":"summary_large_image","twitter_misc":{"Tempo di lettura stimato":"2 minuti"},"schema":{"@context":"https:\/\/schema.org","@graph":[{"@type":"WebPage","@id":"https:\/\/www.accuratereviews.com\/it\/piattaforme-per-fundraising\/when-i-work-recensione\/","url":"https:\/\/www.accuratereviews.com\/it\/piattaforme-per-fundraising\/when-i-work-recensione\/","name":"When I Work: piattaforma fundraising recensione - Accurate Reviews","isPartOf":{"@id":"https:\/\/www.accuratereviews.com\/it\/#website"},"primaryImageOfPage":{"@id":"https:\/\/www.accuratereviews.com\/it\/piattaforme-per-fundraising\/when-i-work-recensione\/#primaryimage"},"image":{"@id":"https:\/\/www.accuratereviews.com\/it\/piattaforme-per-fundraising\/when-i-work-recensione\/#primaryimage"},"thumbnailUrl":"https:\/\/www.accuratereviews.com\/wp-content\/uploads\/2021\/02\/e076e7b0382238def4c14ac45037e80df8d3574652f87572608a961d884acf9f-1-scaled.jpeg","datePublished":"2021-02-01T16:30:18+00:00","dateModified":"2021-02-02T16:23:38+00:00","description":"When I Work: software di pianificazione dei dipendenti progettato per organizzazioni no profit che vogliono automatizzare il proprio lavoro.","breadcrumb":{"@id":"https:\/\/www.accuratereviews.com\/it\/piattaforme-per-fundraising\/when-i-work-recensione\/#breadcrumb"},"inLanguage":"it-IT","potentialAction":[{"@type":"ReadAction","target":["https:\/\/www.accuratereviews.com\/it\/piattaforme-per-fundraising\/when-i-work-recensione\/"]}]},{"@type":"ImageObject","inLanguage":"it-IT","@id":"https:\/\/www.accuratereviews.com\/it\/piattaforme-per-fundraising\/when-i-work-recensione\/#primaryimage","url":"https:\/\/www.accuratereviews.com\/wp-content\/uploads\/2021\/02\/e076e7b0382238def4c14ac45037e80df8d3574652f87572608a961d884acf9f-1-scaled.jpeg","contentUrl":"https:\/\/www.accuratereviews.com\/wp-content\/uploads\/2021\/02\/e076e7b0382238def4c14ac45037e80df8d3574652f87572608a961d884acf9f-1-scaled.jpeg","width":2560,"height":471},{"@type":"BreadcrumbList","@id":"https:\/\/www.accuratereviews.com\/it\/piattaforme-per-fundraising\/when-i-work-recensione\/#breadcrumb","itemListElement":[{"@type":"ListItem","position":1,"name":"Home","item":"https:\/\/www.accuratereviews.com\/it\/"},{"@type":"ListItem","position":2,"name":"Piattaforme per fundraising","item":"https:\/\/www.accuratereviews.com\/it\/piattaforme-per-fundraising\/"},{"@type":"ListItem","position":3,"name":"When I Work"}]},{"@type":"WebSite","@id":"https:\/\/www.accuratereviews.com\/it\/#website","url":"https:\/\/www.accuratereviews.com\/it\/","name":"Accurate Reviews","description":"","potentialAction":[{"@type":"SearchAction","target":{"@type":"EntryPoint","urlTemplate":"https:\/\/www.accuratereviews.com\/it\/?s={search_term_string}"},"query-input":{"@type":"PropertyValueSpecification","valueRequired":true,"valueName":"search_term_string"}}],"inLanguage":"it-IT"}]}},"_links":{"self":[{"href":"https:\/\/www.accuratereviews.com\/it\/wp-json\/wp\/v2\/pages\/36376","targetHints":{"allow":["GET"]}}],"collection":[{"href":"https:\/\/www.accuratereviews.com\/it\/wp-json\/wp\/v2\/pages"}],"about":[{"href":"https:\/\/www.accuratereviews.com\/it\/wp-json\/wp\/v2\/types\/page"}],"author":[{"embeddable":true,"href":"https:\/\/www.accuratereviews.com\/it\/wp-json\/wp\/v2\/users\/17"}],"replies":[{"embeddable":true,"href":"https:\/\/www.accuratereviews.com\/it\/wp-json\/wp\/v2\/comments?post=36376"}],"version-history":[{"count":8,"href":"https:\/\/www.accuratereviews.com\/it\/wp-json\/wp\/v2\/pages\/36376\/revisions"}],"predecessor-version":[{"id":36507,"href":"https:\/\/www.accuratereviews.com\/it\/wp-json\/wp\/v2\/pages\/36376\/revisions\/36507"}],"up":[{"embeddable":true,"href":"https:\/\/www.accuratereviews.com\/it\/wp-json\/wp\/v2\/pages\/35419"}],"wp:featuredmedia":[{"embeddable":true,"href":"https:\/\/www.accuratereviews.com\/it\/wp-json\/wp\/v2\/media\/36399"}],"wp:attachment":[{"href":"https:\/\/www.accuratereviews.com\/it\/wp-json\/wp\/v2\/media?parent=36376"}],"wp:term":[{"taxonomy":"category","embeddable":true,"href":"https:\/\/www.accuratereviews.com\/it\/wp-json\/wp\/v2\/categories?post=36376"},{"taxonomy":"post_tag","embeddable":true,"href":"https:\/\/www.accuratereviews.com\/it\/wp-json\/wp\/v2\/tags?post=36376"},{"taxonomy":"features","embeddable":true,"href":"https:\/\/www.accuratereviews.com\/it\/wp-json\/wp\/v2\/features?post=36376"}],"curies":[{"name":"wp","href":"https:\/\/api.w.org\/{rel}","templated":true}]}}