{"id":36488,"date":"2021-02-02T13:03:13","date_gmt":"2021-02-02T13:03:13","guid":{"rendered":"https:\/\/www.accuratereviews.com\/?page_id=36488"},"modified":"2021-02-02T15:50:26","modified_gmt":"2021-02-02T15:50:26","slug":"continue-to-give-recensione","status":"publish","type":"page","link":"https:\/\/www.accuratereviews.com\/it\/piattaforme-per-fundraising\/continue-to-give-recensione\/","title":{"rendered":"Continue to Give"},"content":{"rendered":"<p><strong>Continue to Give<\/strong> \u00e8 una <strong>piattaforma per fundraising<\/strong>\u00a0online, progettata principalmente per organizzazioni no profit, chiese, club, organizzazioni missionarie e ministeri. Il suo scopo \u00e8 quello di offrire degli strumenti intuitivi in grado di semplificare il processo di donazione che avviene durante le campagne di <strong>raccolta fondi<\/strong>. Grazie a questo programma potrai focalizzarti maggiormente sul ruolo dei donatori, rimanendo in contatto con loro e mostrando quanto l&#8217;associazione sia realmente grata per il loro contributo.<\/p>\n<p><strong>Continue to Give<\/strong> ha inoltre creato le &#8220;Giving Pages&#8221; per garantire l&#8217;auto-pubblicit\u00e0 attraverso i social media e dispone di un&#8217;app mobile che permette di gestire la donazione direttamente dal proprio smartphone.<\/p>\n<h2>CONTINUE TO GIVE &#8211; TUTORIAL<\/h2>\n<div id=\"fluid-wrapper-counter-1\" class=\"g1-fluid-wrapper \" style=\"width:686px;\">\n<div style=\"padding-bottom:56.268221574344%;\"><iframe loading=\"lazy\" title=\"Continue to Give Tutorial - how to give, split your donation, and set up recurring giving.\" width=\"686\" height=\"386\" src=\"https:\/\/www.youtube.com\/embed\/YawAI9H-5Wc?feature=oembed&amp;wmode=transparent&amp;autohide=1&amp;autoplay=0&amp;disablekb=0&amp;fs=1&amp;loop=0&amp;enablejsapi=1&amp;rel=0&amp;controls=2&amp;showinfo=0&amp;wmode=transparent&amp;autohide=2&amp;autoplay=0&amp;disablekb=0&amp;fs=1&amp;loop=0&amp;enablejsapi=1&amp;rel=0&amp;controls=2&amp;showinfo=1\" frameborder=\"0\" allow=\"accelerometer; autoplay; clipboard-write; encrypted-media; gyroscope; picture-in-picture\" allowfullscreen><\/iframe><\/div>\n<\/div>\n<h3>CONTINUE TO GIVE &#8211; CARATTERISTICHE<\/h3>\n<p>Di seguito le sue principali caratteristiche:<\/p>\n<ul>\n<li>Gestione eventi<\/li>\n<li>Gestione clienti<\/li>\n<li>Gestione donazioni<\/li>\n<li>Gestione contabilit\u00e0<\/li>\n<li>Gestione newsletter<\/li>\n<li>Integrazione CRM<\/li>\n<li>Integrazione email<\/li>\n<li>Applicazione mobile<\/li>\n<li>Generazione QR code<\/li>\n<li>Integrazione social media<\/li>\n<li>Sistema di analisi e report<\/li>\n<\/ul>\n<h4>LE RECENSIONI DEGLI UTENTI<\/h4>\n<p>Joe B. <strong>&#8220;Nove mesi dopo e quasi tutto bene con Continue to Give&#8221;<\/strong><br \/>\nCommenti: ha migliorato la nostra capacit\u00e0 di promuovere donazioni online per la nostra organizzazione no profit e l&#8217;assistenza clienti \u00e8 stata buona. Stiamo ancora crescendo per imparare a utilizzare pi\u00f9 delle sue funzionalit\u00e0 ma siamo soddisfatti del prodotto<br \/>\nPRO: \u00e8 molto semplice e le notifiche sono buone<br \/>\nCONTRO: pi\u00f9 difficile da personalizzare le risposte di ringraziamento a diversi tipi di donazioni<\/p>\n<p>Luisking P.<strong> &#8220;Ottimo strumento per amministrare le donazioni&#8221;<br \/>\n<\/strong>Commenti: l&#8217;esperienza \u00e8 stata piacevole e fantastica. Sono sempre l\u00ec per supportare e aiutare con richieste specifiche.<br \/>\nPRO: \u00e8 compatibile con i dispositivi mobili incluso il tablet. Molto conveniente e affidabile.<br \/>\nCONTRO: vorrei aver scoperto prima questo servizio!<\/p>\n<p>Jennifer A. <strong>&#8220;Piattaforma per fundraising fantastica&#8221;<\/strong><br \/>\nCommenti: la mia esperienza complessiva \u00e8 stata positiva! Il mio cliente mi ha ringraziato per avergli presentato Continue to Give!<br \/>\nPRO: i miei clienti adorano quanto sia semplice usare Continue to Give per le loro esigenze di raccolta fondi. Hanno tutti espresso quanto sia utile il personale di supporto quando hanno domande. La donazione di testo e il QR code facilitano la promozione di donazioni quando si organizzano eventi di raccolta fondi.<br \/>\nCONTRO: non ho sperimentato o sentito parlare di alcun contro di Continue to Give.<\/p>\n","protected":false},"excerpt":{"rendered":"<p>Continue to Give \u00e8 una piattaforma per fundraising\u00a0online, progettata principalmente per organizzazioni no profit, chiese, club, organizzazioni missionarie e ministeri. Il suo scopo \u00e8 quello di offrire degli strumenti intuitivi in grado di semplificare il processo di donazione che avviene durante le campagne di raccolta fondi.<\/p>\n","protected":false},"author":17,"featured_media":36489,"parent":35419,"menu_order":0,"comment_status":"open","ping_status":"closed","template":"g1_template_page_review_new.php","meta":{"_acf_changed":false,"cwp_meta_box_check":"No","cwp_rev_product_name":"","cwp_rev_product_image":"","wppr_links":[],"cwp_rev_price":"","wppr_options":[],"wppr_pros":[],"wppr_cons":[],"_monsterinsights_skip_tracking":false,"_monsterinsights_sitenote_active":false,"_monsterinsights_sitenote_note":"","_monsterinsights_sitenote_category":0,"footnotes":""},"categories":[4851],"tags":[4853,2209,4852,4877,4997,4854,4876],"features":[],"class_list":{"0":"post-36488","1":"page","2":"type-page","3":"status-publish","4":"has-post-thumbnail","6":"category-piattaforme-per-fundraising-categoria","7":"tag-fundraising","8":"tag-piattaforma-di-raccolta-fondi","9":"tag-piattaforma-per-fundraising","10":"tag-programma-raccolta-fondi","11":"tag-racconta-fondi","12":"tag-software-per-fundraising","13":"tag-soluzione-raccolta-fondi"},"wppr_data":{"cwp_meta_box_check":"No"},"acf":[],"yoast_head":"<!-- This site is optimized with the Yoast SEO plugin v27.4 - https:\/\/yoast.com\/product\/yoast-seo-wordpress\/ -->\n<title>Continue to Give: recensione piattaforma fundraising - Accurate Reviews<\/title>\n<meta name=\"description\" content=\"Continue to Give \u00e8 una piattaforma per fundraising, progettata per migliorare le campagne di raccolta fondi di organizzazioni no profit.\" \/>\n<meta name=\"robots\" content=\"index, follow, max-snippet:-1, max-image-preview:large, max-video-preview:-1\" \/>\n<link rel=\"canonical\" href=\"https:\/\/www.accuratereviews.com\/it\/piattaforme-per-fundraising\/continue-to-give-recensione\/\" \/>\n<meta property=\"og:locale\" content=\"it_IT\" \/>\n<meta property=\"og:type\" content=\"article\" \/>\n<meta property=\"og:title\" content=\"Continue to Give: recensione piattaforma fundraising - Accurate Reviews\" \/>\n<meta property=\"og:description\" content=\"Continue to Give \u00e8 una piattaforma per fundraising, progettata per migliorare le campagne di raccolta fondi di organizzazioni no profit.\" \/>\n<meta property=\"og:url\" content=\"https:\/\/www.accuratereviews.com\/it\/piattaforme-per-fundraising\/continue-to-give-recensione\/\" \/>\n<meta property=\"og:site_name\" content=\"Accurate Reviews\" \/>\n<meta property=\"article:modified_time\" content=\"2021-02-02T15:50:26+00:00\" \/>\n<meta property=\"og:image\" content=\"https:\/\/www.accuratereviews.com\/wp-content\/uploads\/2021\/02\/Unknown-1.jpeg\" \/>\n\t<meta property=\"og:image:width\" content=\"225\" \/>\n\t<meta property=\"og:image:height\" content=\"225\" \/>\n\t<meta property=\"og:image:type\" content=\"image\/jpeg\" \/>\n<meta name=\"twitter:card\" content=\"summary_large_image\" \/>\n<meta name=\"twitter:label1\" content=\"Tempo di lettura stimato\" \/>\n\t<meta name=\"twitter:data1\" content=\"2 minuti\" \/>\n<script type=\"application\/ld+json\" class=\"yoast-schema-graph\">{\"@context\":\"https:\\\/\\\/schema.org\",\"@graph\":[{\"@type\":\"WebPage\",\"@id\":\"https:\\\/\\\/www.accuratereviews.com\\\/it\\\/piattaforme-per-fundraising\\\/continue-to-give-recensione\\\/\",\"url\":\"https:\\\/\\\/www.accuratereviews.com\\\/it\\\/piattaforme-per-fundraising\\\/continue-to-give-recensione\\\/\",\"name\":\"Continue to Give: recensione piattaforma fundraising - Accurate Reviews\",\"isPartOf\":{\"@id\":\"https:\\\/\\\/www.accuratereviews.com\\\/it\\\/#website\"},\"primaryImageOfPage\":{\"@id\":\"https:\\\/\\\/www.accuratereviews.com\\\/it\\\/piattaforme-per-fundraising\\\/continue-to-give-recensione\\\/#primaryimage\"},\"image\":{\"@id\":\"https:\\\/\\\/www.accuratereviews.com\\\/it\\\/piattaforme-per-fundraising\\\/continue-to-give-recensione\\\/#primaryimage\"},\"thumbnailUrl\":\"https:\\\/\\\/www.accuratereviews.com\\\/wp-content\\\/uploads\\\/2021\\\/02\\\/Unknown-1.jpeg\",\"datePublished\":\"2021-02-02T13:03:13+00:00\",\"dateModified\":\"2021-02-02T15:50:26+00:00\",\"description\":\"Continue to Give \u00e8 una piattaforma per fundraising, progettata per migliorare le campagne di raccolta fondi di organizzazioni no profit.\",\"breadcrumb\":{\"@id\":\"https:\\\/\\\/www.accuratereviews.com\\\/it\\\/piattaforme-per-fundraising\\\/continue-to-give-recensione\\\/#breadcrumb\"},\"inLanguage\":\"it-IT\",\"potentialAction\":[{\"@type\":\"ReadAction\",\"target\":[\"https:\\\/\\\/www.accuratereviews.com\\\/it\\\/piattaforme-per-fundraising\\\/continue-to-give-recensione\\\/\"]}]},{\"@type\":\"ImageObject\",\"inLanguage\":\"it-IT\",\"@id\":\"https:\\\/\\\/www.accuratereviews.com\\\/it\\\/piattaforme-per-fundraising\\\/continue-to-give-recensione\\\/#primaryimage\",\"url\":\"https:\\\/\\\/www.accuratereviews.com\\\/wp-content\\\/uploads\\\/2021\\\/02\\\/Unknown-1.jpeg\",\"contentUrl\":\"https:\\\/\\\/www.accuratereviews.com\\\/wp-content\\\/uploads\\\/2021\\\/02\\\/Unknown-1.jpeg\",\"width\":225,\"height\":225},{\"@type\":\"BreadcrumbList\",\"@id\":\"https:\\\/\\\/www.accuratereviews.com\\\/it\\\/piattaforme-per-fundraising\\\/continue-to-give-recensione\\\/#breadcrumb\",\"itemListElement\":[{\"@type\":\"ListItem\",\"position\":1,\"name\":\"Home\",\"item\":\"https:\\\/\\\/www.accuratereviews.com\\\/it\\\/\"},{\"@type\":\"ListItem\",\"position\":2,\"name\":\"Piattaforme per fundraising\",\"item\":\"https:\\\/\\\/www.accuratereviews.com\\\/it\\\/piattaforme-per-fundraising\\\/\"},{\"@type\":\"ListItem\",\"position\":3,\"name\":\"Continue to Give\"}]},{\"@type\":\"WebSite\",\"@id\":\"https:\\\/\\\/www.accuratereviews.com\\\/it\\\/#website\",\"url\":\"https:\\\/\\\/www.accuratereviews.com\\\/it\\\/\",\"name\":\"Accurate Reviews\",\"description\":\"\",\"potentialAction\":[{\"@type\":\"SearchAction\",\"target\":{\"@type\":\"EntryPoint\",\"urlTemplate\":\"https:\\\/\\\/www.accuratereviews.com\\\/it\\\/?s={search_term_string}\"},\"query-input\":{\"@type\":\"PropertyValueSpecification\",\"valueRequired\":true,\"valueName\":\"search_term_string\"}}],\"inLanguage\":\"it-IT\"}]}<\/script>\n<!-- \/ Yoast SEO plugin. -->","yoast_head_json":{"title":"Continue to Give: recensione piattaforma fundraising - Accurate Reviews","description":"Continue to Give \u00e8 una piattaforma per fundraising, progettata per migliorare le campagne di raccolta fondi di organizzazioni no profit.","robots":{"index":"index","follow":"follow","max-snippet":"max-snippet:-1","max-image-preview":"max-image-preview:large","max-video-preview":"max-video-preview:-1"},"canonical":"https:\/\/www.accuratereviews.com\/it\/piattaforme-per-fundraising\/continue-to-give-recensione\/","og_locale":"it_IT","og_type":"article","og_title":"Continue to Give: recensione piattaforma fundraising - Accurate Reviews","og_description":"Continue to Give \u00e8 una piattaforma per fundraising, progettata per migliorare le campagne di raccolta fondi di organizzazioni no profit.","og_url":"https:\/\/www.accuratereviews.com\/it\/piattaforme-per-fundraising\/continue-to-give-recensione\/","og_site_name":"Accurate Reviews","article_modified_time":"2021-02-02T15:50:26+00:00","og_image":[{"width":225,"height":225,"url":"https:\/\/www.accuratereviews.com\/wp-content\/uploads\/2021\/02\/Unknown-1.jpeg","type":"image\/jpeg"}],"twitter_card":"summary_large_image","twitter_misc":{"Tempo di lettura stimato":"2 minuti"},"schema":{"@context":"https:\/\/schema.org","@graph":[{"@type":"WebPage","@id":"https:\/\/www.accuratereviews.com\/it\/piattaforme-per-fundraising\/continue-to-give-recensione\/","url":"https:\/\/www.accuratereviews.com\/it\/piattaforme-per-fundraising\/continue-to-give-recensione\/","name":"Continue to Give: recensione piattaforma fundraising - Accurate Reviews","isPartOf":{"@id":"https:\/\/www.accuratereviews.com\/it\/#website"},"primaryImageOfPage":{"@id":"https:\/\/www.accuratereviews.com\/it\/piattaforme-per-fundraising\/continue-to-give-recensione\/#primaryimage"},"image":{"@id":"https:\/\/www.accuratereviews.com\/it\/piattaforme-per-fundraising\/continue-to-give-recensione\/#primaryimage"},"thumbnailUrl":"https:\/\/www.accuratereviews.com\/wp-content\/uploads\/2021\/02\/Unknown-1.jpeg","datePublished":"2021-02-02T13:03:13+00:00","dateModified":"2021-02-02T15:50:26+00:00","description":"Continue to Give \u00e8 una piattaforma per fundraising, progettata per migliorare le campagne di raccolta fondi di organizzazioni no profit.","breadcrumb":{"@id":"https:\/\/www.accuratereviews.com\/it\/piattaforme-per-fundraising\/continue-to-give-recensione\/#breadcrumb"},"inLanguage":"it-IT","potentialAction":[{"@type":"ReadAction","target":["https:\/\/www.accuratereviews.com\/it\/piattaforme-per-fundraising\/continue-to-give-recensione\/"]}]},{"@type":"ImageObject","inLanguage":"it-IT","@id":"https:\/\/www.accuratereviews.com\/it\/piattaforme-per-fundraising\/continue-to-give-recensione\/#primaryimage","url":"https:\/\/www.accuratereviews.com\/wp-content\/uploads\/2021\/02\/Unknown-1.jpeg","contentUrl":"https:\/\/www.accuratereviews.com\/wp-content\/uploads\/2021\/02\/Unknown-1.jpeg","width":225,"height":225},{"@type":"BreadcrumbList","@id":"https:\/\/www.accuratereviews.com\/it\/piattaforme-per-fundraising\/continue-to-give-recensione\/#breadcrumb","itemListElement":[{"@type":"ListItem","position":1,"name":"Home","item":"https:\/\/www.accuratereviews.com\/it\/"},{"@type":"ListItem","position":2,"name":"Piattaforme per fundraising","item":"https:\/\/www.accuratereviews.com\/it\/piattaforme-per-fundraising\/"},{"@type":"ListItem","position":3,"name":"Continue to Give"}]},{"@type":"WebSite","@id":"https:\/\/www.accuratereviews.com\/it\/#website","url":"https:\/\/www.accuratereviews.com\/it\/","name":"Accurate Reviews","description":"","potentialAction":[{"@type":"SearchAction","target":{"@type":"EntryPoint","urlTemplate":"https:\/\/www.accuratereviews.com\/it\/?s={search_term_string}"},"query-input":{"@type":"PropertyValueSpecification","valueRequired":true,"valueName":"search_term_string"}}],"inLanguage":"it-IT"}]}},"_links":{"self":[{"href":"https:\/\/www.accuratereviews.com\/it\/wp-json\/wp\/v2\/pages\/36488","targetHints":{"allow":["GET"]}}],"collection":[{"href":"https:\/\/www.accuratereviews.com\/it\/wp-json\/wp\/v2\/pages"}],"about":[{"href":"https:\/\/www.accuratereviews.com\/it\/wp-json\/wp\/v2\/types\/page"}],"author":[{"embeddable":true,"href":"https:\/\/www.accuratereviews.com\/it\/wp-json\/wp\/v2\/users\/17"}],"replies":[{"embeddable":true,"href":"https:\/\/www.accuratereviews.com\/it\/wp-json\/wp\/v2\/comments?post=36488"}],"version-history":[{"count":6,"href":"https:\/\/www.accuratereviews.com\/it\/wp-json\/wp\/v2\/pages\/36488\/revisions"}],"predecessor-version":[{"id":36506,"href":"https:\/\/www.accuratereviews.com\/it\/wp-json\/wp\/v2\/pages\/36488\/revisions\/36506"}],"up":[{"embeddable":true,"href":"https:\/\/www.accuratereviews.com\/it\/wp-json\/wp\/v2\/pages\/35419"}],"wp:featuredmedia":[{"embeddable":true,"href":"https:\/\/www.accuratereviews.com\/it\/wp-json\/wp\/v2\/media\/36489"}],"wp:attachment":[{"href":"https:\/\/www.accuratereviews.com\/it\/wp-json\/wp\/v2\/media?parent=36488"}],"wp:term":[{"taxonomy":"category","embeddable":true,"href":"https:\/\/www.accuratereviews.com\/it\/wp-json\/wp\/v2\/categories?post=36488"},{"taxonomy":"post_tag","embeddable":true,"href":"https:\/\/www.accuratereviews.com\/it\/wp-json\/wp\/v2\/tags?post=36488"},{"taxonomy":"features","embeddable":true,"href":"https:\/\/www.accuratereviews.com\/it\/wp-json\/wp\/v2\/features?post=36488"}],"curies":[{"name":"wp","href":"https:\/\/api.w.org\/{rel}","templated":true}]}}