{"id":36667,"date":"2021-02-03T15:43:38","date_gmt":"2021-02-03T15:43:38","guid":{"rendered":"https:\/\/www.accuratereviews.com\/?page_id=36667"},"modified":"2021-02-03T15:43:38","modified_gmt":"2021-02-03T15:43:38","slug":"aplos-recensione","status":"publish","type":"page","link":"https:\/\/www.accuratereviews.com\/it\/piattaforme-per-fundraising\/aplos-recensione\/","title":{"rendered":"Aplos"},"content":{"rendered":"<p><strong>Aplos<\/strong> \u00e8 una piattaforma completa che permette, principalmente a organizzazioni no profit e a chiese, di creare e gestire al meglio le <strong>raccolte fondi<\/strong>. Questo <strong>software per fundraising<\/strong> \u00e8 pensato per la gestione delle attivit\u00e0, delle donazioni, delle comunicazioni e delle relazioni con donatori, volontari e altri membri del team. Oltre a includere un sistema CRM intelligente, \u00a0offre un modulo finanziario creato appositamente per gestire la contabilit\u00e0 dei fondi in modo accurato e in un unico luogo, funzionalit\u00e0 importante per le chiese che dispongono di pi\u00f9 immobili.<br \/>\nGrazie a questo <strong>programma di fundraising<\/strong>, potrai creare soluzioni di donazione a misura dei donatori, coinvolgendoli maggiormente nelle attivit\u00e0 della tua associazione.<\/p>\n<h2 class=\"h5 font-weight-bold mt-4\">COME FUNZIONA APLOS &#8211; TUTORIAL<\/h2>\n<div id=\"fluid-wrapper-counter-1\" class=\"g1-fluid-wrapper \" style=\"width:686px;\">\n<div style=\"padding-bottom:56.268221574344%;\"><iframe loading=\"lazy\" title=\"How to set up and use Aplos Accounting | Aplos Webinars\" width=\"686\" height=\"386\" src=\"https:\/\/www.youtube.com\/embed\/L5_sZjJTVXM?feature=oembed&amp;wmode=transparent&amp;autohide=1&amp;autoplay=0&amp;disablekb=0&amp;fs=1&amp;loop=0&amp;enablejsapi=1&amp;rel=0&amp;controls=2&amp;showinfo=0&amp;wmode=transparent&amp;autohide=2&amp;autoplay=0&amp;disablekb=0&amp;fs=1&amp;loop=0&amp;enablejsapi=1&amp;rel=0&amp;controls=2&amp;showinfo=1\" frameborder=\"0\" allow=\"accelerometer; autoplay; clipboard-write; encrypted-media; gyroscope; picture-in-picture\" allowfullscreen><\/iframe><\/div>\n<\/div>\n<h3>APLOS &#8211; CARATTERISTICHE<\/h3>\n<ul>\n<li><strong>Creazione delle donazioni<\/strong>: crea soluzioni di donazione a misura del donatore<\/li>\n<li><strong>Monitoraggio delle donazioni<\/strong>: tieni sotto controllo l&#8217;andamento delle donazioni<\/li>\n<li><strong>Gestione della contabilit\u00e0<\/strong>: gestisci i fondi e le ricevute delle donazioni in modo semplice e accurato<\/li>\n<li><strong>Gestione degli eventi<\/strong>: monitora le attivit\u00e0, vendi i biglietti e fornisci una registrazione sicura dell&#8217;evento<\/li>\n<li><strong>Strumenti intelligenti<\/strong>: grazie a questi strumenti, avrai accesso ad approfondimenti sui donatori e a un lavoro maggiormente automatizzato che ti permette di raccogliere pi\u00f9 fondi<\/li>\n<li><strong>CRM integrato<\/strong>: monitora e migliore l&#8217;attivit\u00e0 di comunicazione, le relazioni, la cronologia delle donazioni e altro<\/li>\n<li><strong>Reporting di raccolta fondi<\/strong>: accedi alla dashboard per la raccolta fondi in cui trovi tutti i report sulle donazioni.<\/li>\n<\/ul>\n<h4>LE RECENSIONI DEGLI UTENTI<\/h4>\n<p>April D. <strong>&#8220;Il vantaggio di Aplos&#8221;<\/strong><br \/>\nCommenti: la nostra contabilit\u00e0 della chiesa \u00e8 molto pi\u00f9 efficiente con Aplos. \u00c8 facile da configurare e utilizzare. Sono in grado di tenere traccia di pi\u00f9 account con facilit\u00e0. Due di noi utilizzano il software quasi quotidianamente e non hanno mai avuto problemi.<br \/>\nPRO: mi piace che questo software sia basato su cloud. Tutte le voci vengono salvate automaticamente e facili da correggere o eliminare. Perch\u00e9 \u00e8 &#8220;nel cloud&#8221; posso accedere da qualsiasi luogo.<br \/>\nCONTRO: invece di usare la terminologia contabile, usano parole o metodi pi\u00f9 semplici. Tutto ha senso, ma ho dovuto abituarmi a parole come tag e scopi.<\/p>\n<p>Michael M.<strong> &#8220;OTTIMO software&#8221;<\/strong><br \/>\nCommenti: la versatilit\u00e0 complessiva di Aplos \u00e8 eccezionale. Monitorare i donatori con un database funzionale \u00e8 meraviglioso. L&#8217;integrazione con WePay \u00e8 fenomenale. E, anche se non l&#8217;ho ancora utilizzato, l&#8217;aspetto della gestione degli eventi ci far\u00e0 risparmiare tempo e denaro.<br \/>\nPRO: \u00e8 stato scritto appositamente per le organizzazioni senza scopo di lucro.<br \/>\nCONTRO: la base di conoscenza potrebbe essere migliorata includendo un migliore riconoscimento delle parole.<\/p>\n<p>Stephanie H. <strong>&#8220;Software facile da usare per organizzazioni no profit&#8221;<\/strong><br \/>\nCommenti: mi \u00e8 piaciuto molto il software e la compatibilit\u00e0 per collegarlo al tuo conto bancario. Questo software in realt\u00e0 aiuta a inviare informazioni ai donatori e impostare donazioni ricorrenti, ecc.<br \/>\nPRO: mi \u00e8 piaciuta la facilit\u00e0 d&#8217;uso e il fatto che potresti chattare con i rappresentanti per aiutare con qualsiasi domanda. Hanno anche fornito webinar gratuiti spesso per assistere con tattiche di raccolta fondi e altre cose.<br \/>\nCONTRO: beh, se utilizzi le loro promozioni \u00e8 conveniente, ma in caso contrario pu\u00f2 essere un po&#8217; costoso per un&#8217;organizzazione no profit iniziale.<\/p>\n","protected":false},"excerpt":{"rendered":"<p>Aplos \u00e8 una piattaforma completa che permette, principalmente a organizzazioni no profit e a chiese di creare e gestire al meglio le raccolte fondi. Infatti questo software per fundraising \u00e8 pensato per la gestione delle attivit\u00e0, delle donazioni, delle comunicazioni e delle relazioni con i donatori, volontari e altri membri del team.<\/p>\n","protected":false},"author":17,"featured_media":36669,"parent":35419,"menu_order":0,"comment_status":"open","ping_status":"closed","template":"g1_template_page_review_new.php","meta":{"_acf_changed":false,"cwp_meta_box_check":"No","cwp_rev_product_name":"","cwp_rev_product_image":"","wppr_links":[],"cwp_rev_price":"","wppr_options":[],"wppr_pros":[],"wppr_cons":[],"_monsterinsights_skip_tracking":false,"_monsterinsights_sitenote_active":false,"_monsterinsights_sitenote_note":"","_monsterinsights_sitenote_category":0,"footnotes":""},"categories":[4851],"tags":[4853,2209,4852,4859,4875,4909],"features":[],"class_list":{"0":"post-36667","1":"page","2":"type-page","3":"status-publish","4":"has-post-thumbnail","6":"category-piattaforme-per-fundraising-categoria","7":"tag-fundraising","8":"tag-piattaforma-di-raccolta-fondi","9":"tag-piattaforma-per-fundraising","10":"tag-raccolta-fondi","11":"tag-software-raccolta-fondi","12":"tag-soluzione-per-fundraising"},"wppr_data":{"cwp_meta_box_check":"No"},"acf":[],"yoast_head":"<!-- This site is optimized with the Yoast SEO plugin v27.4 - https:\/\/yoast.com\/product\/yoast-seo-wordpress\/ -->\n<title>Aplos: recensione fundraising software - Accurate Reviews<\/title>\n<meta name=\"description\" content=\"Aplos \u00e8 una piattaforma completa che permette a organizzazioni no profit e a chiese di creare e gestire al meglio le loro raccolte fondi.\" \/>\n<meta name=\"robots\" content=\"index, follow, max-snippet:-1, max-image-preview:large, max-video-preview:-1\" \/>\n<link rel=\"canonical\" href=\"https:\/\/www.accuratereviews.com\/it\/piattaforme-per-fundraising\/aplos-recensione\/\" \/>\n<meta property=\"og:locale\" content=\"it_IT\" \/>\n<meta property=\"og:type\" content=\"article\" \/>\n<meta property=\"og:title\" content=\"Aplos: recensione fundraising software - Accurate Reviews\" \/>\n<meta property=\"og:description\" content=\"Aplos \u00e8 una piattaforma completa che permette a organizzazioni no profit e a chiese di creare e gestire al meglio le loro raccolte fondi.\" \/>\n<meta property=\"og:url\" content=\"https:\/\/www.accuratereviews.com\/it\/piattaforme-per-fundraising\/aplos-recensione\/\" \/>\n<meta property=\"og:site_name\" content=\"Accurate Reviews\" \/>\n<meta property=\"og:image\" content=\"https:\/\/www.accuratereviews.com\/wp-content\/uploads\/2021\/02\/aplos_new.png\" \/>\n\t<meta property=\"og:image:width\" content=\"852\" \/>\n\t<meta property=\"og:image:height\" content=\"273\" \/>\n\t<meta property=\"og:image:type\" content=\"image\/png\" \/>\n<meta name=\"twitter:card\" content=\"summary_large_image\" \/>\n<meta name=\"twitter:label1\" content=\"Tempo di lettura stimato\" \/>\n\t<meta name=\"twitter:data1\" content=\"3 minuti\" \/>\n<script type=\"application\/ld+json\" class=\"yoast-schema-graph\">{\"@context\":\"https:\\\/\\\/schema.org\",\"@graph\":[{\"@type\":\"WebPage\",\"@id\":\"https:\\\/\\\/www.accuratereviews.com\\\/it\\\/piattaforme-per-fundraising\\\/aplos-recensione\\\/\",\"url\":\"https:\\\/\\\/www.accuratereviews.com\\\/it\\\/piattaforme-per-fundraising\\\/aplos-recensione\\\/\",\"name\":\"Aplos: recensione fundraising software - Accurate Reviews\",\"isPartOf\":{\"@id\":\"https:\\\/\\\/www.accuratereviews.com\\\/it\\\/#website\"},\"primaryImageOfPage\":{\"@id\":\"https:\\\/\\\/www.accuratereviews.com\\\/it\\\/piattaforme-per-fundraising\\\/aplos-recensione\\\/#primaryimage\"},\"image\":{\"@id\":\"https:\\\/\\\/www.accuratereviews.com\\\/it\\\/piattaforme-per-fundraising\\\/aplos-recensione\\\/#primaryimage\"},\"thumbnailUrl\":\"https:\\\/\\\/www.accuratereviews.com\\\/wp-content\\\/uploads\\\/2021\\\/02\\\/aplos_new.png\",\"datePublished\":\"2021-02-03T15:43:38+00:00\",\"description\":\"Aplos \u00e8 una piattaforma completa che permette a organizzazioni no profit e a chiese di creare e gestire al meglio le loro raccolte fondi.\",\"breadcrumb\":{\"@id\":\"https:\\\/\\\/www.accuratereviews.com\\\/it\\\/piattaforme-per-fundraising\\\/aplos-recensione\\\/#breadcrumb\"},\"inLanguage\":\"it-IT\",\"potentialAction\":[{\"@type\":\"ReadAction\",\"target\":[\"https:\\\/\\\/www.accuratereviews.com\\\/it\\\/piattaforme-per-fundraising\\\/aplos-recensione\\\/\"]}]},{\"@type\":\"ImageObject\",\"inLanguage\":\"it-IT\",\"@id\":\"https:\\\/\\\/www.accuratereviews.com\\\/it\\\/piattaforme-per-fundraising\\\/aplos-recensione\\\/#primaryimage\",\"url\":\"https:\\\/\\\/www.accuratereviews.com\\\/wp-content\\\/uploads\\\/2021\\\/02\\\/aplos_new.png\",\"contentUrl\":\"https:\\\/\\\/www.accuratereviews.com\\\/wp-content\\\/uploads\\\/2021\\\/02\\\/aplos_new.png\",\"width\":852,\"height\":273},{\"@type\":\"BreadcrumbList\",\"@id\":\"https:\\\/\\\/www.accuratereviews.com\\\/it\\\/piattaforme-per-fundraising\\\/aplos-recensione\\\/#breadcrumb\",\"itemListElement\":[{\"@type\":\"ListItem\",\"position\":1,\"name\":\"Home\",\"item\":\"https:\\\/\\\/www.accuratereviews.com\\\/it\\\/\"},{\"@type\":\"ListItem\",\"position\":2,\"name\":\"Piattaforme per fundraising\",\"item\":\"https:\\\/\\\/www.accuratereviews.com\\\/it\\\/piattaforme-per-fundraising\\\/\"},{\"@type\":\"ListItem\",\"position\":3,\"name\":\"Aplos\"}]},{\"@type\":\"WebSite\",\"@id\":\"https:\\\/\\\/www.accuratereviews.com\\\/it\\\/#website\",\"url\":\"https:\\\/\\\/www.accuratereviews.com\\\/it\\\/\",\"name\":\"Accurate Reviews\",\"description\":\"\",\"potentialAction\":[{\"@type\":\"SearchAction\",\"target\":{\"@type\":\"EntryPoint\",\"urlTemplate\":\"https:\\\/\\\/www.accuratereviews.com\\\/it\\\/?s={search_term_string}\"},\"query-input\":{\"@type\":\"PropertyValueSpecification\",\"valueRequired\":true,\"valueName\":\"search_term_string\"}}],\"inLanguage\":\"it-IT\"}]}<\/script>\n<!-- \/ Yoast SEO plugin. -->","yoast_head_json":{"title":"Aplos: recensione fundraising software - Accurate Reviews","description":"Aplos \u00e8 una piattaforma completa che permette a organizzazioni no profit e a chiese di creare e gestire al meglio le loro raccolte fondi.","robots":{"index":"index","follow":"follow","max-snippet":"max-snippet:-1","max-image-preview":"max-image-preview:large","max-video-preview":"max-video-preview:-1"},"canonical":"https:\/\/www.accuratereviews.com\/it\/piattaforme-per-fundraising\/aplos-recensione\/","og_locale":"it_IT","og_type":"article","og_title":"Aplos: recensione fundraising software - Accurate Reviews","og_description":"Aplos \u00e8 una piattaforma completa che permette a organizzazioni no profit e a chiese di creare e gestire al meglio le loro raccolte fondi.","og_url":"https:\/\/www.accuratereviews.com\/it\/piattaforme-per-fundraising\/aplos-recensione\/","og_site_name":"Accurate Reviews","og_image":[{"width":852,"height":273,"url":"https:\/\/www.accuratereviews.com\/wp-content\/uploads\/2021\/02\/aplos_new.png","type":"image\/png"}],"twitter_card":"summary_large_image","twitter_misc":{"Tempo di lettura stimato":"3 minuti"},"schema":{"@context":"https:\/\/schema.org","@graph":[{"@type":"WebPage","@id":"https:\/\/www.accuratereviews.com\/it\/piattaforme-per-fundraising\/aplos-recensione\/","url":"https:\/\/www.accuratereviews.com\/it\/piattaforme-per-fundraising\/aplos-recensione\/","name":"Aplos: recensione fundraising software - Accurate Reviews","isPartOf":{"@id":"https:\/\/www.accuratereviews.com\/it\/#website"},"primaryImageOfPage":{"@id":"https:\/\/www.accuratereviews.com\/it\/piattaforme-per-fundraising\/aplos-recensione\/#primaryimage"},"image":{"@id":"https:\/\/www.accuratereviews.com\/it\/piattaforme-per-fundraising\/aplos-recensione\/#primaryimage"},"thumbnailUrl":"https:\/\/www.accuratereviews.com\/wp-content\/uploads\/2021\/02\/aplos_new.png","datePublished":"2021-02-03T15:43:38+00:00","description":"Aplos \u00e8 una piattaforma completa che permette a organizzazioni no profit e a chiese di creare e gestire al meglio le loro raccolte fondi.","breadcrumb":{"@id":"https:\/\/www.accuratereviews.com\/it\/piattaforme-per-fundraising\/aplos-recensione\/#breadcrumb"},"inLanguage":"it-IT","potentialAction":[{"@type":"ReadAction","target":["https:\/\/www.accuratereviews.com\/it\/piattaforme-per-fundraising\/aplos-recensione\/"]}]},{"@type":"ImageObject","inLanguage":"it-IT","@id":"https:\/\/www.accuratereviews.com\/it\/piattaforme-per-fundraising\/aplos-recensione\/#primaryimage","url":"https:\/\/www.accuratereviews.com\/wp-content\/uploads\/2021\/02\/aplos_new.png","contentUrl":"https:\/\/www.accuratereviews.com\/wp-content\/uploads\/2021\/02\/aplos_new.png","width":852,"height":273},{"@type":"BreadcrumbList","@id":"https:\/\/www.accuratereviews.com\/it\/piattaforme-per-fundraising\/aplos-recensione\/#breadcrumb","itemListElement":[{"@type":"ListItem","position":1,"name":"Home","item":"https:\/\/www.accuratereviews.com\/it\/"},{"@type":"ListItem","position":2,"name":"Piattaforme per fundraising","item":"https:\/\/www.accuratereviews.com\/it\/piattaforme-per-fundraising\/"},{"@type":"ListItem","position":3,"name":"Aplos"}]},{"@type":"WebSite","@id":"https:\/\/www.accuratereviews.com\/it\/#website","url":"https:\/\/www.accuratereviews.com\/it\/","name":"Accurate Reviews","description":"","potentialAction":[{"@type":"SearchAction","target":{"@type":"EntryPoint","urlTemplate":"https:\/\/www.accuratereviews.com\/it\/?s={search_term_string}"},"query-input":{"@type":"PropertyValueSpecification","valueRequired":true,"valueName":"search_term_string"}}],"inLanguage":"it-IT"}]}},"_links":{"self":[{"href":"https:\/\/www.accuratereviews.com\/it\/wp-json\/wp\/v2\/pages\/36667","targetHints":{"allow":["GET"]}}],"collection":[{"href":"https:\/\/www.accuratereviews.com\/it\/wp-json\/wp\/v2\/pages"}],"about":[{"href":"https:\/\/www.accuratereviews.com\/it\/wp-json\/wp\/v2\/types\/page"}],"author":[{"embeddable":true,"href":"https:\/\/www.accuratereviews.com\/it\/wp-json\/wp\/v2\/users\/17"}],"replies":[{"embeddable":true,"href":"https:\/\/www.accuratereviews.com\/it\/wp-json\/wp\/v2\/comments?post=36667"}],"version-history":[{"count":4,"href":"https:\/\/www.accuratereviews.com\/it\/wp-json\/wp\/v2\/pages\/36667\/revisions"}],"predecessor-version":[{"id":36678,"href":"https:\/\/www.accuratereviews.com\/it\/wp-json\/wp\/v2\/pages\/36667\/revisions\/36678"}],"up":[{"embeddable":true,"href":"https:\/\/www.accuratereviews.com\/it\/wp-json\/wp\/v2\/pages\/35419"}],"wp:featuredmedia":[{"embeddable":true,"href":"https:\/\/www.accuratereviews.com\/it\/wp-json\/wp\/v2\/media\/36669"}],"wp:attachment":[{"href":"https:\/\/www.accuratereviews.com\/it\/wp-json\/wp\/v2\/media?parent=36667"}],"wp:term":[{"taxonomy":"category","embeddable":true,"href":"https:\/\/www.accuratereviews.com\/it\/wp-json\/wp\/v2\/categories?post=36667"},{"taxonomy":"post_tag","embeddable":true,"href":"https:\/\/www.accuratereviews.com\/it\/wp-json\/wp\/v2\/tags?post=36667"},{"taxonomy":"features","embeddable":true,"href":"https:\/\/www.accuratereviews.com\/it\/wp-json\/wp\/v2\/features?post=36667"}],"curies":[{"name":"wp","href":"https:\/\/api.w.org\/{rel}","templated":true}]}}