{"id":36736,"date":"2021-02-04T13:23:17","date_gmt":"2021-02-04T13:23:17","guid":{"rendered":"https:\/\/www.accuratereviews.com\/?page_id=36736"},"modified":"2021-02-04T14:32:26","modified_gmt":"2021-02-04T14:32:26","slug":"pushpay-recensione","status":"publish","type":"page","link":"https:\/\/www.accuratereviews.com\/it\/piattaforme-per-fundraising\/pushpay-recensione\/","title":{"rendered":"Pushpay"},"content":{"rendered":"<p><strong>Pushpay<\/strong> \u00e8 una <strong>piattaforma digitale di donazioni<\/strong> e coinvolgimento progettata per aiutare le chiese a gestire i processi relativi alle donazioni e alla raccolta fondi. Consente alle organizzazioni di aumentare la generosit\u00e0 e la partecipazione, interagire con le comunit\u00e0 e semplificare i flussi di lavoro finanziari. <strong>Pushpay<\/strong> consente ai leader della chiesa di creare un&#8217;applicazione mobile personalizzata con funzionalit\u00e0 come notifiche push, badge delle app e altri campi personalizzabili per migliorare il valore del marchio. Gli utenti possono anche inviare lettere di ringraziamento personalizzate ai donatori e aggiornamenti sui progressi della campagna ai donatori. Inoltre, i membri della comunit\u00e0 possono mantenere e modificare le loro informazioni personali all&#8217;interno dei loro profili nell&#8217;applicazione della chiesa. <strong>Pushpay<\/strong> viene fornito con un portale di amministrazione, che consente alle aziende di automatizzare le attivit\u00e0 amministrative e ridurre il lavoro manuale attraverso la reportistica basata su informazioni approfondite.<\/p>\n<h2>PUSHPAY &#8211; TUTORIAL<\/h2>\n<p>Ecco un tutorial in cui mostra come usare questo <strong>software per fundraising<\/strong>:<\/p>\n<div id=\"fluid-wrapper-counter-1\" class=\"g1-fluid-wrapper \" style=\"width:686px;\">\n<div style=\"padding-bottom:56.268221574344%;\"><iframe loading=\"lazy\" title=\"PushPay Tutorial Video: Our New Giving Platform\" width=\"686\" height=\"386\" src=\"https:\/\/www.youtube.com\/embed\/NAX-jgf1sGY?feature=oembed&amp;wmode=transparent&amp;autohide=1&amp;autoplay=0&amp;disablekb=0&amp;fs=1&amp;loop=0&amp;enablejsapi=1&amp;rel=0&amp;controls=2&amp;showinfo=0&amp;wmode=transparent&amp;autohide=2&amp;autoplay=0&amp;disablekb=0&amp;fs=1&amp;loop=0&amp;enablejsapi=1&amp;rel=0&amp;controls=2&amp;showinfo=1\" frameborder=\"0\" allow=\"accelerometer; autoplay; clipboard-write; encrypted-media; gyroscope; picture-in-picture\" allowfullscreen><\/iframe><\/div>\n<\/div>\n<h3>PUSHPAY &#8211; CARATTERISTICHE<\/h3>\n<ul>\n<li>Una suite completa di strumenti per le donazioni digitali che rendono pi\u00f9 facile, veloce e sicuro<\/li>\n<li><span class=\"JLqJ4b\" data-language-for-alternatives=\"it\" data-language-to-translate-into=\"en\" data-phrase-index=\"1\"><span class=\"JLqJ4b ChMk0b\" data-language-for-alternatives=\"it\" data-language-to-translate-into=\"en\" data-phrase-index=\"2\">App personalizzate per una vera esperienza mobile first per la tua congregazione<\/span><\/span><\/li>\n<li><span class=\"JLqJ4b\" data-language-for-alternatives=\"it\" data-language-to-translate-into=\"en\" data-phrase-index=\"1\"><span class=\"JLqJ4b ChMk0b\" data-language-for-alternatives=\"it\" data-language-to-translate-into=\"en\" data-phrase-index=\"2\">La dashboard di sviluppo dei donatori ti dar\u00e0 una visione delle tendenze nella tua chiesa, da una panoramica completa a raccomandazioni personalizzate<\/span><\/span><\/li>\n<li><span class=\"JLqJ4b\" data-language-for-alternatives=\"it\" data-language-to-translate-into=\"en\" data-phrase-index=\"1\"><span class=\"JLqJ4b ChMk0b\" data-language-for-alternatives=\"it\" data-language-to-translate-into=\"en\" data-phrase-index=\"2\">Software di gestione della chiesa che collega il tuo database \u00a0per aiutarti a conoscere, crescere e mantenere rapporti con i tuoi benefattori<\/span><\/span><\/li>\n<li><span class=\"VIiyi\" lang=\"it\"><span class=\"JLqJ4b ChMk0b\" data-language-for-alternatives=\"it\" data-language-to-translate-into=\"en\" data-phrase-index=\"0\"><span class=\"JLqJ4b\" data-language-for-alternatives=\"it\" data-language-to-translate-into=\"en\" data-phrase-index=\"1\">Integrazione app dell&#8217;organizzazione con altre piattaforme<\/span><\/span><\/span><\/li>\n<\/ul>\n<h4>LE RECENSIONI DEGLI UTENTI<\/h4>\n<p class=\"font-weight-bold mb-1 d-flex align-items-center\"><strong>Joshua B.&#8221;Donazioni online e app semplificate per le chiese&#8221;<\/strong><\/p>\n<p><strong>Commenti: <\/strong>Ha reso la creazione di un&#8217;app per la chiesa e la donazione online \u00a0pi\u00f9 semplice di quanto avrei mai potuto immaginare. La personalizzazione dell&#8217;app \u00e8 facile e non richiede alcuna esperienza di codifica o web design. Ci sono anche ottime spiegazioni e assistenza clienti. La donazione online \u00e8 semplice e ti consente di impostare un regalo e un importo ricorrenti e consente pi\u00f9 tipi di pagamento. \u00c8 anche facilmente accessibile tramite i collegamenti al sito web attraverso l&#8217;app e inviando un messaggio di testo con la nostra parola in codice e numero specifici. Consiglio a tutte le chiese di provare entrambi questi servizi, soprattutto perch\u00e9 COVID ha reso le forme di comunicazione e pagamento senza contatto pi\u00f9 necessarie che mai.<\/p>\n<p><strong>Pro: <\/strong>App facile da personalizzare, nessuna codifica coinvolta. Aggiornamenti istantanei all&#8217;app man mano che la modifichi. Possibilit\u00e0 di inviare notifiche a tutti gli utenti dell&#8217;app. Le donazioni online hanno molte opzioni per i tipi di pagamento e le opzioni per la ripetizione.<\/p>\n<p><strong>Contro: <\/strong>Copia e incolla di testo non funziona in alcune aree dell&#8217;aggiornamento del testo nella tua app. Il caricamento delle foto a volte richiede pi\u00f9 tentativi poich\u00e9 non viene visualizzato dopo il primo tentativo.<\/p>\n<p class=\"font-weight-bold mb-1 d-flex align-items-center\"><strong>Ko-ko O.&#8221;Ti aiuta a rimanere in cima alle tue donazioni&#8221;<\/strong><\/p>\n<p><strong>Commenti: <\/strong>Mi \u00e8 piaciuto usare Pushpay. \u00c8 molto conveniente dare, specialmente durante questa pandemia, quando molte persone stanno frequentando la chiesa online.<\/p>\n<p><strong>Pro: <\/strong>Uso il mio smartphone per fare la maggior parte delle mie donazioni online e con Pushpay posso donare facilmente e in modo sicuro alla mia chiesa locale. Mi piace anche poter guardare indietro e vedere un elenco di transazioni precedenti.<\/p>\n<p><strong>Contro: <\/strong>Se ci fosse una caratteristica che vorrei aggiungere, sarebbe la possibilit\u00e0 per l&#8217;utente di impostare promemoria da dare in un giorno \/ ora predeterminato. L&#8217;utente pu\u00f2 specificare se desidera ricevere un messaggio di testo o un promemoria email. So che nel software \u00e8 incorporata una funzionalit\u00e0 Ricorrente, ma l&#8217;importo che offro settimanalmente cambia in base all&#8217;importo del reddito che ho ricevuto quella settimana, quindi quell&#8217;opzione non funzionerebbe per me. Penso che la cosa migliore sarebbe solo avere la possibilit\u00e0 di inviare un promemoria all&#8217;utente.<\/p>\n<p class=\"font-weight-bold mb-1 d-flex align-items-center\"><strong>Tony M.&#8221;Pushpay&#8221;<\/strong><\/p>\n<p><strong>Commenti: <\/strong>Sono soddisfatto del software e consiglierei a chiunque di usarlo.<\/p>\n<p><strong>Vantaggi: <\/strong>Pushpay sull&#8217;app \u00e8 cos\u00ec facile da usare per dare il mio contributo alla mia chiesa settimanalmente. Salvando tutte le informazioni necessarie su Pushpay, tutto ci\u00f2 di cui ho bisogno \u00e8 premere un pulsante sulla mia app una volta e poi il denaro viene trasferito automaticamente dalla mia banca alla mia chiesa. \u00e9 cos\u00ec facile da usare.<\/p>\n<p><strong>Inconvenienti: <\/strong>Nessuna recensione negativa su questo software. Il software \u00e8 cos\u00ec facile e semplice da usare e lo uso settimanalmente.<\/p>\n<p>&nbsp;<\/p>\n","protected":false},"excerpt":{"rendered":"<p>Pushpay \u00e8 una piattaforma digitale di donazioni e coinvolgimento progettata per aiutare le chiese a gestire i processi relativi alle donazioni e alla raccolta fondi. Consente alle organizzazioni di aumentare la generosit\u00e0 e la partecipazione, interagire con le comunit\u00e0 e semplificare i flussi di lavoro finanziari.<\/p>\n","protected":false},"author":16,"featured_media":36745,"parent":35419,"menu_order":0,"comment_status":"open","ping_status":"closed","template":"g1_template_page_review_new.php","meta":{"_acf_changed":false,"cwp_meta_box_check":"Yes","cwp_rev_product_name":"","cwp_rev_product_image":"","wppr_links":[],"cwp_rev_price":"","wppr_options":[],"wppr_pros":[],"wppr_cons":[],"_monsterinsights_skip_tracking":false,"_monsterinsights_sitenote_active":false,"_monsterinsights_sitenote_note":"","_monsterinsights_sitenote_category":0,"footnotes":""},"categories":[4851],"tags":[4852,5006,5007,4854,4909],"features":[],"class_list":{"0":"post-36736","1":"page","2":"type-page","3":"status-publish","4":"has-post-thumbnail","6":"category-piattaforme-per-fundraising-categoria","7":"tag-piattaforma-per-fundraising","8":"tag-programma-per-fundrasing","9":"tag-pushpay","10":"tag-software-per-fundraising","11":"tag-soluzione-per-fundraising"},"wppr_data":{"cwp_meta_box_check":"Yes","cwp_rev_product_name":"","cwp_rev_product_image":"","cwp_image_link":"image","cwp_rev_price":"","wppr_rating":"0.00"},"acf":[],"yoast_head":"<!-- This site is optimized with the Yoast SEO plugin v27.4 - https:\/\/yoast.com\/product\/yoast-seo-wordpress\/ -->\n<title>Pushpay: recensione software per fundraising - Accurate Reviews<\/title>\n<meta name=\"description\" content=\"Pushpay: recensione piattaforma digitale per donazioni sviluppata per le chiese per gestire i processi relativi alla raccolta fondi.\" \/>\n<meta name=\"robots\" content=\"index, follow, max-snippet:-1, max-image-preview:large, max-video-preview:-1\" \/>\n<link rel=\"canonical\" href=\"https:\/\/www.accuratereviews.com\/it\/piattaforme-per-fundraising\/pushpay-recensione\/\" \/>\n<meta property=\"og:locale\" content=\"it_IT\" \/>\n<meta property=\"og:type\" content=\"article\" \/>\n<meta property=\"og:title\" content=\"Pushpay: recensione software per fundraising - Accurate Reviews\" \/>\n<meta property=\"og:description\" content=\"Pushpay: recensione piattaforma digitale per donazioni sviluppata per le chiese per gestire i processi relativi alla raccolta fondi.\" \/>\n<meta property=\"og:url\" content=\"https:\/\/www.accuratereviews.com\/it\/piattaforme-per-fundraising\/pushpay-recensione\/\" \/>\n<meta property=\"og:site_name\" content=\"Accurate Reviews\" \/>\n<meta property=\"article:modified_time\" content=\"2021-02-04T14:32:26+00:00\" \/>\n<meta property=\"og:image\" content=\"https:\/\/www.accuratereviews.com\/wp-content\/uploads\/2021\/02\/Pushpay.png\" \/>\n\t<meta property=\"og:image:width\" content=\"220\" \/>\n\t<meta property=\"og:image:height\" content=\"220\" \/>\n\t<meta property=\"og:image:type\" content=\"image\/png\" \/>\n<meta name=\"twitter:card\" content=\"summary_large_image\" \/>\n<meta name=\"twitter:label1\" content=\"Tempo di lettura stimato\" \/>\n\t<meta name=\"twitter:data1\" content=\"4 minuti\" \/>\n<script type=\"application\/ld+json\" class=\"yoast-schema-graph\">{\"@context\":\"https:\\\/\\\/schema.org\",\"@graph\":[{\"@type\":\"WebPage\",\"@id\":\"https:\\\/\\\/www.accuratereviews.com\\\/it\\\/piattaforme-per-fundraising\\\/pushpay-recensione\\\/\",\"url\":\"https:\\\/\\\/www.accuratereviews.com\\\/it\\\/piattaforme-per-fundraising\\\/pushpay-recensione\\\/\",\"name\":\"Pushpay: recensione software per fundraising - Accurate Reviews\",\"isPartOf\":{\"@id\":\"https:\\\/\\\/www.accuratereviews.com\\\/it\\\/#website\"},\"primaryImageOfPage\":{\"@id\":\"https:\\\/\\\/www.accuratereviews.com\\\/it\\\/piattaforme-per-fundraising\\\/pushpay-recensione\\\/#primaryimage\"},\"image\":{\"@id\":\"https:\\\/\\\/www.accuratereviews.com\\\/it\\\/piattaforme-per-fundraising\\\/pushpay-recensione\\\/#primaryimage\"},\"thumbnailUrl\":\"https:\\\/\\\/www.accuratereviews.com\\\/wp-content\\\/uploads\\\/2021\\\/02\\\/Pushpay.png\",\"datePublished\":\"2021-02-04T13:23:17+00:00\",\"dateModified\":\"2021-02-04T14:32:26+00:00\",\"description\":\"Pushpay: recensione piattaforma digitale per donazioni sviluppata per le chiese per gestire i processi relativi alla raccolta fondi.\",\"breadcrumb\":{\"@id\":\"https:\\\/\\\/www.accuratereviews.com\\\/it\\\/piattaforme-per-fundraising\\\/pushpay-recensione\\\/#breadcrumb\"},\"inLanguage\":\"it-IT\",\"potentialAction\":[{\"@type\":\"ReadAction\",\"target\":[\"https:\\\/\\\/www.accuratereviews.com\\\/it\\\/piattaforme-per-fundraising\\\/pushpay-recensione\\\/\"]}]},{\"@type\":\"ImageObject\",\"inLanguage\":\"it-IT\",\"@id\":\"https:\\\/\\\/www.accuratereviews.com\\\/it\\\/piattaforme-per-fundraising\\\/pushpay-recensione\\\/#primaryimage\",\"url\":\"https:\\\/\\\/www.accuratereviews.com\\\/wp-content\\\/uploads\\\/2021\\\/02\\\/Pushpay.png\",\"contentUrl\":\"https:\\\/\\\/www.accuratereviews.com\\\/wp-content\\\/uploads\\\/2021\\\/02\\\/Pushpay.png\",\"width\":220,\"height\":220},{\"@type\":\"BreadcrumbList\",\"@id\":\"https:\\\/\\\/www.accuratereviews.com\\\/it\\\/piattaforme-per-fundraising\\\/pushpay-recensione\\\/#breadcrumb\",\"itemListElement\":[{\"@type\":\"ListItem\",\"position\":1,\"name\":\"Home\",\"item\":\"https:\\\/\\\/www.accuratereviews.com\\\/it\\\/\"},{\"@type\":\"ListItem\",\"position\":2,\"name\":\"Piattaforme per fundraising\",\"item\":\"https:\\\/\\\/www.accuratereviews.com\\\/it\\\/piattaforme-per-fundraising\\\/\"},{\"@type\":\"ListItem\",\"position\":3,\"name\":\"Pushpay\"}]},{\"@type\":\"WebSite\",\"@id\":\"https:\\\/\\\/www.accuratereviews.com\\\/it\\\/#website\",\"url\":\"https:\\\/\\\/www.accuratereviews.com\\\/it\\\/\",\"name\":\"Accurate Reviews\",\"description\":\"\",\"potentialAction\":[{\"@type\":\"SearchAction\",\"target\":{\"@type\":\"EntryPoint\",\"urlTemplate\":\"https:\\\/\\\/www.accuratereviews.com\\\/it\\\/?s={search_term_string}\"},\"query-input\":{\"@type\":\"PropertyValueSpecification\",\"valueRequired\":true,\"valueName\":\"search_term_string\"}}],\"inLanguage\":\"it-IT\"}]}<\/script>\n<!-- \/ Yoast SEO plugin. -->","yoast_head_json":{"title":"Pushpay: recensione software per fundraising - Accurate Reviews","description":"Pushpay: recensione piattaforma digitale per donazioni sviluppata per le chiese per gestire i processi relativi alla raccolta fondi.","robots":{"index":"index","follow":"follow","max-snippet":"max-snippet:-1","max-image-preview":"max-image-preview:large","max-video-preview":"max-video-preview:-1"},"canonical":"https:\/\/www.accuratereviews.com\/it\/piattaforme-per-fundraising\/pushpay-recensione\/","og_locale":"it_IT","og_type":"article","og_title":"Pushpay: recensione software per fundraising - Accurate Reviews","og_description":"Pushpay: recensione piattaforma digitale per donazioni sviluppata per le chiese per gestire i processi relativi alla raccolta fondi.","og_url":"https:\/\/www.accuratereviews.com\/it\/piattaforme-per-fundraising\/pushpay-recensione\/","og_site_name":"Accurate Reviews","article_modified_time":"2021-02-04T14:32:26+00:00","og_image":[{"width":220,"height":220,"url":"https:\/\/www.accuratereviews.com\/wp-content\/uploads\/2021\/02\/Pushpay.png","type":"image\/png"}],"twitter_card":"summary_large_image","twitter_misc":{"Tempo di lettura stimato":"4 minuti"},"schema":{"@context":"https:\/\/schema.org","@graph":[{"@type":"WebPage","@id":"https:\/\/www.accuratereviews.com\/it\/piattaforme-per-fundraising\/pushpay-recensione\/","url":"https:\/\/www.accuratereviews.com\/it\/piattaforme-per-fundraising\/pushpay-recensione\/","name":"Pushpay: recensione software per fundraising - Accurate Reviews","isPartOf":{"@id":"https:\/\/www.accuratereviews.com\/it\/#website"},"primaryImageOfPage":{"@id":"https:\/\/www.accuratereviews.com\/it\/piattaforme-per-fundraising\/pushpay-recensione\/#primaryimage"},"image":{"@id":"https:\/\/www.accuratereviews.com\/it\/piattaforme-per-fundraising\/pushpay-recensione\/#primaryimage"},"thumbnailUrl":"https:\/\/www.accuratereviews.com\/wp-content\/uploads\/2021\/02\/Pushpay.png","datePublished":"2021-02-04T13:23:17+00:00","dateModified":"2021-02-04T14:32:26+00:00","description":"Pushpay: recensione piattaforma digitale per donazioni sviluppata per le chiese per gestire i processi relativi alla raccolta fondi.","breadcrumb":{"@id":"https:\/\/www.accuratereviews.com\/it\/piattaforme-per-fundraising\/pushpay-recensione\/#breadcrumb"},"inLanguage":"it-IT","potentialAction":[{"@type":"ReadAction","target":["https:\/\/www.accuratereviews.com\/it\/piattaforme-per-fundraising\/pushpay-recensione\/"]}]},{"@type":"ImageObject","inLanguage":"it-IT","@id":"https:\/\/www.accuratereviews.com\/it\/piattaforme-per-fundraising\/pushpay-recensione\/#primaryimage","url":"https:\/\/www.accuratereviews.com\/wp-content\/uploads\/2021\/02\/Pushpay.png","contentUrl":"https:\/\/www.accuratereviews.com\/wp-content\/uploads\/2021\/02\/Pushpay.png","width":220,"height":220},{"@type":"BreadcrumbList","@id":"https:\/\/www.accuratereviews.com\/it\/piattaforme-per-fundraising\/pushpay-recensione\/#breadcrumb","itemListElement":[{"@type":"ListItem","position":1,"name":"Home","item":"https:\/\/www.accuratereviews.com\/it\/"},{"@type":"ListItem","position":2,"name":"Piattaforme per fundraising","item":"https:\/\/www.accuratereviews.com\/it\/piattaforme-per-fundraising\/"},{"@type":"ListItem","position":3,"name":"Pushpay"}]},{"@type":"WebSite","@id":"https:\/\/www.accuratereviews.com\/it\/#website","url":"https:\/\/www.accuratereviews.com\/it\/","name":"Accurate Reviews","description":"","potentialAction":[{"@type":"SearchAction","target":{"@type":"EntryPoint","urlTemplate":"https:\/\/www.accuratereviews.com\/it\/?s={search_term_string}"},"query-input":{"@type":"PropertyValueSpecification","valueRequired":true,"valueName":"search_term_string"}}],"inLanguage":"it-IT"}]}},"_links":{"self":[{"href":"https:\/\/www.accuratereviews.com\/it\/wp-json\/wp\/v2\/pages\/36736","targetHints":{"allow":["GET"]}}],"collection":[{"href":"https:\/\/www.accuratereviews.com\/it\/wp-json\/wp\/v2\/pages"}],"about":[{"href":"https:\/\/www.accuratereviews.com\/it\/wp-json\/wp\/v2\/types\/page"}],"author":[{"embeddable":true,"href":"https:\/\/www.accuratereviews.com\/it\/wp-json\/wp\/v2\/users\/16"}],"replies":[{"embeddable":true,"href":"https:\/\/www.accuratereviews.com\/it\/wp-json\/wp\/v2\/comments?post=36736"}],"version-history":[{"count":12,"href":"https:\/\/www.accuratereviews.com\/it\/wp-json\/wp\/v2\/pages\/36736\/revisions"}],"predecessor-version":[{"id":36795,"href":"https:\/\/www.accuratereviews.com\/it\/wp-json\/wp\/v2\/pages\/36736\/revisions\/36795"}],"up":[{"embeddable":true,"href":"https:\/\/www.accuratereviews.com\/it\/wp-json\/wp\/v2\/pages\/35419"}],"wp:featuredmedia":[{"embeddable":true,"href":"https:\/\/www.accuratereviews.com\/it\/wp-json\/wp\/v2\/media\/36745"}],"wp:attachment":[{"href":"https:\/\/www.accuratereviews.com\/it\/wp-json\/wp\/v2\/media?parent=36736"}],"wp:term":[{"taxonomy":"category","embeddable":true,"href":"https:\/\/www.accuratereviews.com\/it\/wp-json\/wp\/v2\/categories?post=36736"},{"taxonomy":"post_tag","embeddable":true,"href":"https:\/\/www.accuratereviews.com\/it\/wp-json\/wp\/v2\/tags?post=36736"},{"taxonomy":"features","embeddable":true,"href":"https:\/\/www.accuratereviews.com\/it\/wp-json\/wp\/v2\/features?post=36736"}],"curies":[{"name":"wp","href":"https:\/\/api.w.org\/{rel}","templated":true}]}}