{"id":36737,"date":"2021-02-04T13:24:39","date_gmt":"2021-02-04T13:24:39","guid":{"rendered":"https:\/\/www.accuratereviews.com\/?page_id=36737"},"modified":"2021-02-04T13:24:39","modified_gmt":"2021-02-04T13:24:39","slug":"donately-recensione","status":"publish","type":"page","link":"https:\/\/www.accuratereviews.com\/it\/piattaforme-per-fundraising\/donately-recensione\/","title":{"rendered":"Donately"},"content":{"rendered":"<p><strong>Donately<\/strong> \u00e8 una<strong> soluzione per fundraising<\/strong> che permette a organizzazioni no profit, fondazioni, chiese e altre associazioni di aumentare le donazioni per le <strong>raccolte fondi<\/strong>. Dotata di un&#8217;interfaccia user friendly e offrendo degli strumenti semplici da usare, i donatori saranno maggiormente coinvolti nelle attivit\u00e0 e nel sostenere la tua causa.<br \/>\nIl vantaggio di utilizzare una <strong>piattaforma per fundraising online<\/strong> \u00e8 sicuramente quello di raccogliere donazioni in maniera digitale, risparmiando tempo e fatica grazie ai moduli personalizzati per le donazioni, alle pagine di raccolta fondi, ai messaggi di testo rivolti ai donatori e molto altro ancora.<\/p>\n<h2>DONATELY &#8211; TUTORIAL<\/h2>\n<p>In questo video tutorial vedremo come funziona <strong>Donately<\/strong>:<\/p>\n<div id=\"fluid-wrapper-counter-1\" class=\"g1-fluid-wrapper \" style=\"width:686px;\">\n<div style=\"padding-bottom:56.268221574344%;\"><iframe loading=\"lazy\" title=\"Donately Donation Platform Demo\" width=\"686\" height=\"386\" src=\"https:\/\/www.youtube.com\/embed\/IS-3YNBxrAE?feature=oembed&amp;wmode=transparent&amp;autohide=1&amp;autoplay=0&amp;disablekb=0&amp;fs=1&amp;loop=0&amp;enablejsapi=1&amp;rel=0&amp;controls=2&amp;showinfo=0&amp;wmode=transparent&amp;autohide=2&amp;autoplay=0&amp;disablekb=0&amp;fs=1&amp;loop=0&amp;enablejsapi=1&amp;rel=0&amp;controls=2&amp;showinfo=1\" frameborder=\"0\" allow=\"accelerometer; autoplay; clipboard-write; encrypted-media; gyroscope; picture-in-picture\" allowfullscreen><\/iframe><\/div>\n<\/div>\n<h3>DONATELY &#8211; CARATTERISTICHE<\/h3>\n<p>Di seguito le sue principali caratteristiche:<\/p>\n<ul>\n<li><strong>Pagine di donazioni personalizzabili<\/strong>: collega i tuoi contenuti a queste pagine in modo tale da convertire i visitatori in donatori e raccogliere pi\u00f9 fondi in meno tempo<\/li>\n<li><strong>Moduli di donazione personalizzati<\/strong>: personalizza e incorpora questi moduli nel tuo sito web o dedica una parte specifica della tua pagina di donazione e permetti l&#8217;accesso a tutti grazie alle numerose possibilit\u00e0 di pagamento, tramite carta di credito, ACH o PayPal<\/li>\n<li><strong>Dashboard moderno<\/strong>: accedi a una dashboard user friendly e intuitiva cos\u00ec da poter risparmiare tempo nel processo delle donazioni<\/li>\n<li><strong>Messaggi di testo<\/strong>: interagisci con la tua comunit\u00e0 utilizzando questo metodo di comunicazione che ti permetter\u00e0 di raccogliere donazioni, migliorare le iscrizioni a raccolte fondi peer-to-peer, diffondere informazioni importanti e molto altro ancora<\/li>\n<li><strong>Integrazioni<\/strong>: sincronizza i dati delle tue donazioni con le tue app preferite cos\u00ec da avere tutto a portata di mano.<\/li>\n<\/ul>\n<h4>LE RECENSIONI DEGLI UTENTI<\/h4>\n<p><strong>Cory P. &#8220;Ottimo strumento di raccolta fondi!&#8221;<\/strong><br \/>\nCommenti: mentre raccoglievamo fondi per la nostra campagna, \u00e8 stato incredibilmente facile raccogliere consensi. Inoltre, anche attrarre donatori \u00e8 stato semplice.<br \/>\nPRO: Donately \u00e8 facile da configurare, navigare e ottenere supporto quando necessario (il che, grazie alla sua interfaccia user-friendly, \u00e8 molto raro).<br \/>\nCONTRO: le tariffe mensili sono alte per la nostra organizzazione ma la tariffa al completamento di una campagna \u00e8 una delle pi\u00f9 basse.<\/p>\n<p><strong>Bhagya M. &#8220;Il modo migliore per accettare le donazioni!&#8221;<\/strong><br \/>\nCommenti: Donately ha aiutato molto il nostro team a ottenere supporto da tutto il mondo affinch\u00e9 le nostre startup iniziassero. Lo consiglio.<br \/>\nPRO: addebitano solo una commissione di elaborazione, che \u00e8 una percentuale molto piccola. Con questi servizi, i donatori possono donare tramite molte opzioni. E l&#8217;utente pu\u00f2 personalizzare la pagina delle donazioni in base alle necessit\u00e0. Il servizio clienti \u00e8 davvero cordiale e disponibile.<br \/>\nCONTRO: quando si incorpora il modulo in altri siti Web, a volte si verificano problemi. Hai bisogno di supporto per pi\u00f9 servizi. Aggiungere funzionalit\u00e0 per supportare anche altre valute.<\/p>\n<p><strong>Zach I. &#8220;Donately \u00e8 fantastico&#8221;<\/strong><br \/>\nCommenti: \u00e8 una grande azienda, ci ha permesso di passare da un software preistorico antiquato a qualcosa di social media friendly, asceticamente piacevole e una piattaforma che i nostri stimati volontari possono effettivamente utilizzare! Grazie Donately per aver cambiato le nostre vite!<br \/>\nPRO: facile da usare e continua a migliorare.<br \/>\nCONTRO: alcune funzionalit\u00e0 non sono del tutto quelle che vorremmo. Ad esempio, se sono un donatore a lungo termine per una raccolta fondi di qualcuno, l&#8217;ID desidera stampare il nostro report sulle donazioni di fine anno o un intervallo di date selezionato. Dal lato delle organizzazioni posso farlo, ma dal lato dei donatori non cos\u00ec tanto.<\/p>\n","protected":false},"excerpt":{"rendered":"<p>Donately \u00e8 una soluzione per fundraising che permette a organizzazioni no profit, fondazioni, chiese e altre associazioni di aumentare le donazioni per le raccolte fondi. Dotata di un&#8217;interfaccia user friendly e offrendo degli strumenti semplici da usare, i donatori saranno maggiormente coinvolti nelle attivit\u00e0 e nel sostenere la tua causa.<\/p>\n","protected":false},"author":17,"featured_media":36742,"parent":35419,"menu_order":0,"comment_status":"open","ping_status":"closed","template":"g1_template_page_review_new.php","meta":{"_acf_changed":false,"cwp_meta_box_check":"No","cwp_rev_product_name":"","cwp_rev_product_image":"","wppr_links":[],"cwp_rev_price":"","wppr_options":[],"wppr_pros":[],"wppr_cons":[],"_monsterinsights_skip_tracking":false,"_monsterinsights_sitenote_active":false,"_monsterinsights_sitenote_note":"","_monsterinsights_sitenote_category":0,"footnotes":""},"categories":[4851],"tags":[4853,4852,5004,4859,4854,4935,4909],"features":[],"class_list":{"0":"post-36737","1":"page","2":"type-page","3":"status-publish","4":"has-post-thumbnail","6":"category-piattaforme-per-fundraising-categoria","7":"tag-fundraising","8":"tag-piattaforma-per-fundraising","9":"tag-programma-di-raccolta-fondi","10":"tag-raccolta-fondi","11":"tag-software-per-fundraising","12":"tag-software-per-fundraising-recensione","13":"tag-soluzione-per-fundraising"},"wppr_data":{"cwp_meta_box_check":"No"},"acf":[],"yoast_head":"<!-- This site is optimized with the Yoast SEO plugin v27.4 - https:\/\/yoast.com\/product\/yoast-seo-wordpress\/ -->\n<title>Donately: recensione piattaforma di fundraising - Accurate Reviews<\/title>\n<meta name=\"description\" content=\"Donately \u00e8 una soluzione per fundraising che permette alle organizzazioni no profit di aumentare le donazioni per le raccolte fondi.\" \/>\n<meta name=\"robots\" content=\"index, follow, max-snippet:-1, max-image-preview:large, max-video-preview:-1\" \/>\n<link rel=\"canonical\" href=\"https:\/\/www.accuratereviews.com\/it\/piattaforme-per-fundraising\/donately-recensione\/\" \/>\n<meta property=\"og:locale\" content=\"it_IT\" \/>\n<meta property=\"og:type\" content=\"article\" \/>\n<meta property=\"og:title\" content=\"Donately: recensione piattaforma di fundraising - Accurate Reviews\" \/>\n<meta property=\"og:description\" content=\"Donately \u00e8 una soluzione per fundraising che permette alle organizzazioni no profit di aumentare le donazioni per le raccolte fondi.\" \/>\n<meta property=\"og:url\" content=\"https:\/\/www.accuratereviews.com\/it\/piattaforme-per-fundraising\/donately-recensione\/\" \/>\n<meta property=\"og:site_name\" content=\"Accurate Reviews\" \/>\n<meta property=\"og:image\" content=\"https:\/\/www.accuratereviews.com\/wp-content\/uploads\/2021\/02\/Unknown-1.png\" \/>\n\t<meta property=\"og:image:width\" content=\"267\" \/>\n\t<meta property=\"og:image:height\" content=\"200\" \/>\n\t<meta property=\"og:image:type\" content=\"image\/png\" \/>\n<meta name=\"twitter:card\" content=\"summary_large_image\" \/>\n<meta name=\"twitter:label1\" content=\"Tempo di lettura stimato\" \/>\n\t<meta name=\"twitter:data1\" content=\"3 minuti\" \/>\n<script type=\"application\/ld+json\" class=\"yoast-schema-graph\">{\"@context\":\"https:\\\/\\\/schema.org\",\"@graph\":[{\"@type\":\"WebPage\",\"@id\":\"https:\\\/\\\/www.accuratereviews.com\\\/it\\\/piattaforme-per-fundraising\\\/donately-recensione\\\/\",\"url\":\"https:\\\/\\\/www.accuratereviews.com\\\/it\\\/piattaforme-per-fundraising\\\/donately-recensione\\\/\",\"name\":\"Donately: recensione piattaforma di fundraising - Accurate Reviews\",\"isPartOf\":{\"@id\":\"https:\\\/\\\/www.accuratereviews.com\\\/it\\\/#website\"},\"primaryImageOfPage\":{\"@id\":\"https:\\\/\\\/www.accuratereviews.com\\\/it\\\/piattaforme-per-fundraising\\\/donately-recensione\\\/#primaryimage\"},\"image\":{\"@id\":\"https:\\\/\\\/www.accuratereviews.com\\\/it\\\/piattaforme-per-fundraising\\\/donately-recensione\\\/#primaryimage\"},\"thumbnailUrl\":\"https:\\\/\\\/www.accuratereviews.com\\\/wp-content\\\/uploads\\\/2021\\\/02\\\/Unknown-1.png\",\"datePublished\":\"2021-02-04T13:24:39+00:00\",\"description\":\"Donately \u00e8 una soluzione per fundraising che permette alle organizzazioni no profit di aumentare le donazioni per le raccolte fondi.\",\"breadcrumb\":{\"@id\":\"https:\\\/\\\/www.accuratereviews.com\\\/it\\\/piattaforme-per-fundraising\\\/donately-recensione\\\/#breadcrumb\"},\"inLanguage\":\"it-IT\",\"potentialAction\":[{\"@type\":\"ReadAction\",\"target\":[\"https:\\\/\\\/www.accuratereviews.com\\\/it\\\/piattaforme-per-fundraising\\\/donately-recensione\\\/\"]}]},{\"@type\":\"ImageObject\",\"inLanguage\":\"it-IT\",\"@id\":\"https:\\\/\\\/www.accuratereviews.com\\\/it\\\/piattaforme-per-fundraising\\\/donately-recensione\\\/#primaryimage\",\"url\":\"https:\\\/\\\/www.accuratereviews.com\\\/wp-content\\\/uploads\\\/2021\\\/02\\\/Unknown-1.png\",\"contentUrl\":\"https:\\\/\\\/www.accuratereviews.com\\\/wp-content\\\/uploads\\\/2021\\\/02\\\/Unknown-1.png\",\"width\":267,\"height\":200},{\"@type\":\"BreadcrumbList\",\"@id\":\"https:\\\/\\\/www.accuratereviews.com\\\/it\\\/piattaforme-per-fundraising\\\/donately-recensione\\\/#breadcrumb\",\"itemListElement\":[{\"@type\":\"ListItem\",\"position\":1,\"name\":\"Home\",\"item\":\"https:\\\/\\\/www.accuratereviews.com\\\/it\\\/\"},{\"@type\":\"ListItem\",\"position\":2,\"name\":\"Piattaforme per fundraising\",\"item\":\"https:\\\/\\\/www.accuratereviews.com\\\/it\\\/piattaforme-per-fundraising\\\/\"},{\"@type\":\"ListItem\",\"position\":3,\"name\":\"Donately\"}]},{\"@type\":\"WebSite\",\"@id\":\"https:\\\/\\\/www.accuratereviews.com\\\/it\\\/#website\",\"url\":\"https:\\\/\\\/www.accuratereviews.com\\\/it\\\/\",\"name\":\"Accurate Reviews\",\"description\":\"\",\"potentialAction\":[{\"@type\":\"SearchAction\",\"target\":{\"@type\":\"EntryPoint\",\"urlTemplate\":\"https:\\\/\\\/www.accuratereviews.com\\\/it\\\/?s={search_term_string}\"},\"query-input\":{\"@type\":\"PropertyValueSpecification\",\"valueRequired\":true,\"valueName\":\"search_term_string\"}}],\"inLanguage\":\"it-IT\"}]}<\/script>\n<!-- \/ Yoast SEO plugin. -->","yoast_head_json":{"title":"Donately: recensione piattaforma di fundraising - Accurate Reviews","description":"Donately \u00e8 una soluzione per fundraising che permette alle organizzazioni no profit di aumentare le donazioni per le raccolte fondi.","robots":{"index":"index","follow":"follow","max-snippet":"max-snippet:-1","max-image-preview":"max-image-preview:large","max-video-preview":"max-video-preview:-1"},"canonical":"https:\/\/www.accuratereviews.com\/it\/piattaforme-per-fundraising\/donately-recensione\/","og_locale":"it_IT","og_type":"article","og_title":"Donately: recensione piattaforma di fundraising - Accurate Reviews","og_description":"Donately \u00e8 una soluzione per fundraising che permette alle organizzazioni no profit di aumentare le donazioni per le raccolte fondi.","og_url":"https:\/\/www.accuratereviews.com\/it\/piattaforme-per-fundraising\/donately-recensione\/","og_site_name":"Accurate Reviews","og_image":[{"width":267,"height":200,"url":"https:\/\/www.accuratereviews.com\/wp-content\/uploads\/2021\/02\/Unknown-1.png","type":"image\/png"}],"twitter_card":"summary_large_image","twitter_misc":{"Tempo di lettura stimato":"3 minuti"},"schema":{"@context":"https:\/\/schema.org","@graph":[{"@type":"WebPage","@id":"https:\/\/www.accuratereviews.com\/it\/piattaforme-per-fundraising\/donately-recensione\/","url":"https:\/\/www.accuratereviews.com\/it\/piattaforme-per-fundraising\/donately-recensione\/","name":"Donately: recensione piattaforma di fundraising - Accurate Reviews","isPartOf":{"@id":"https:\/\/www.accuratereviews.com\/it\/#website"},"primaryImageOfPage":{"@id":"https:\/\/www.accuratereviews.com\/it\/piattaforme-per-fundraising\/donately-recensione\/#primaryimage"},"image":{"@id":"https:\/\/www.accuratereviews.com\/it\/piattaforme-per-fundraising\/donately-recensione\/#primaryimage"},"thumbnailUrl":"https:\/\/www.accuratereviews.com\/wp-content\/uploads\/2021\/02\/Unknown-1.png","datePublished":"2021-02-04T13:24:39+00:00","description":"Donately \u00e8 una soluzione per fundraising che permette alle organizzazioni no profit di aumentare le donazioni per le raccolte fondi.","breadcrumb":{"@id":"https:\/\/www.accuratereviews.com\/it\/piattaforme-per-fundraising\/donately-recensione\/#breadcrumb"},"inLanguage":"it-IT","potentialAction":[{"@type":"ReadAction","target":["https:\/\/www.accuratereviews.com\/it\/piattaforme-per-fundraising\/donately-recensione\/"]}]},{"@type":"ImageObject","inLanguage":"it-IT","@id":"https:\/\/www.accuratereviews.com\/it\/piattaforme-per-fundraising\/donately-recensione\/#primaryimage","url":"https:\/\/www.accuratereviews.com\/wp-content\/uploads\/2021\/02\/Unknown-1.png","contentUrl":"https:\/\/www.accuratereviews.com\/wp-content\/uploads\/2021\/02\/Unknown-1.png","width":267,"height":200},{"@type":"BreadcrumbList","@id":"https:\/\/www.accuratereviews.com\/it\/piattaforme-per-fundraising\/donately-recensione\/#breadcrumb","itemListElement":[{"@type":"ListItem","position":1,"name":"Home","item":"https:\/\/www.accuratereviews.com\/it\/"},{"@type":"ListItem","position":2,"name":"Piattaforme per fundraising","item":"https:\/\/www.accuratereviews.com\/it\/piattaforme-per-fundraising\/"},{"@type":"ListItem","position":3,"name":"Donately"}]},{"@type":"WebSite","@id":"https:\/\/www.accuratereviews.com\/it\/#website","url":"https:\/\/www.accuratereviews.com\/it\/","name":"Accurate Reviews","description":"","potentialAction":[{"@type":"SearchAction","target":{"@type":"EntryPoint","urlTemplate":"https:\/\/www.accuratereviews.com\/it\/?s={search_term_string}"},"query-input":{"@type":"PropertyValueSpecification","valueRequired":true,"valueName":"search_term_string"}}],"inLanguage":"it-IT"}]}},"_links":{"self":[{"href":"https:\/\/www.accuratereviews.com\/it\/wp-json\/wp\/v2\/pages\/36737","targetHints":{"allow":["GET"]}}],"collection":[{"href":"https:\/\/www.accuratereviews.com\/it\/wp-json\/wp\/v2\/pages"}],"about":[{"href":"https:\/\/www.accuratereviews.com\/it\/wp-json\/wp\/v2\/types\/page"}],"author":[{"embeddable":true,"href":"https:\/\/www.accuratereviews.com\/it\/wp-json\/wp\/v2\/users\/17"}],"replies":[{"embeddable":true,"href":"https:\/\/www.accuratereviews.com\/it\/wp-json\/wp\/v2\/comments?post=36737"}],"version-history":[{"count":9,"href":"https:\/\/www.accuratereviews.com\/it\/wp-json\/wp\/v2\/pages\/36737\/revisions"}],"predecessor-version":[{"id":36776,"href":"https:\/\/www.accuratereviews.com\/it\/wp-json\/wp\/v2\/pages\/36737\/revisions\/36776"}],"up":[{"embeddable":true,"href":"https:\/\/www.accuratereviews.com\/it\/wp-json\/wp\/v2\/pages\/35419"}],"wp:featuredmedia":[{"embeddable":true,"href":"https:\/\/www.accuratereviews.com\/it\/wp-json\/wp\/v2\/media\/36742"}],"wp:attachment":[{"href":"https:\/\/www.accuratereviews.com\/it\/wp-json\/wp\/v2\/media?parent=36737"}],"wp:term":[{"taxonomy":"category","embeddable":true,"href":"https:\/\/www.accuratereviews.com\/it\/wp-json\/wp\/v2\/categories?post=36737"},{"taxonomy":"post_tag","embeddable":true,"href":"https:\/\/www.accuratereviews.com\/it\/wp-json\/wp\/v2\/tags?post=36737"},{"taxonomy":"features","embeddable":true,"href":"https:\/\/www.accuratereviews.com\/it\/wp-json\/wp\/v2\/features?post=36737"}],"curies":[{"name":"wp","href":"https:\/\/api.w.org\/{rel}","templated":true}]}}