{"id":36815,"date":"2021-02-05T12:34:59","date_gmt":"2021-02-05T12:34:59","guid":{"rendered":"https:\/\/www.accuratereviews.com\/?page_id=36815"},"modified":"2021-02-05T14:06:53","modified_gmt":"2021-02-05T14:06:53","slug":"salsa-engage-recensione","status":"publish","type":"page","link":"https:\/\/www.accuratereviews.com\/it\/piattaforme-per-fundraising\/salsa-engage-recensione\/","title":{"rendered":"Salsa Engage"},"content":{"rendered":"<p><strong>Salsa Engage<\/strong> \u00e8 un <strong>sistema di raccolta fondi<\/strong> basato su <strong>cloud<\/strong> per organizzazioni senza scopo di lucro di tutti i tipi e dimensioni, progettato per assistere nel targeting, nel coinvolgimento e nella comunicazione con i donatori, accelerando cos\u00ec la raccolta fondi. Nel sistema sono integrati strumenti per l&#8217;email marketing, le donazioni online e l&#8217;elaborazione dei pagamenti, la gestione degli eventi e delle iscrizioni, l&#8217;analisi delle campagne, i rapporti e altro ancora. <strong>Salsa Engage<\/strong> consente agli utenti di inviare email personalizzate, utilizzando l&#8217;editor di email drag-and-drop per personalizzare layout e contenuto. Le integrazioni con i social media consentono agli utenti di interagire su Facebook e Twitter senza lasciare il programma, con la possibilit\u00e0 di pubblicare post o tweet immediatamente o programmarli per un orario o una data precisi.<\/p>\n<h2>SALSA ENGAGE &#8211; TUTORIAL<\/h2>\n<p>Il breve video che segue mostra come sfruttare al meglio le funzioni di questo <strong>software per fundraising<\/strong>:<\/p>\n<div id=\"fluid-wrapper-counter-1\" class=\"g1-fluid-wrapper \" style=\"width:686px;\">\n<div style=\"padding-bottom:56.268221574344%;\"><iframe loading=\"lazy\" title=\"Peer to Peer Fundraising Software in Salsa Engage\" width=\"686\" height=\"386\" src=\"https:\/\/www.youtube.com\/embed\/4y_26FVgZyg?feature=oembed&amp;wmode=transparent&amp;autohide=1&amp;autoplay=0&amp;disablekb=0&amp;fs=1&amp;loop=0&amp;enablejsapi=1&amp;rel=0&amp;controls=2&amp;showinfo=0&amp;wmode=transparent&amp;autohide=2&amp;autoplay=0&amp;disablekb=0&amp;fs=1&amp;loop=0&amp;enablejsapi=1&amp;rel=0&amp;controls=2&amp;showinfo=1\" frameborder=\"0\" allow=\"accelerometer; autoplay; clipboard-write; encrypted-media; gyroscope; picture-in-picture\" allowfullscreen><\/iframe><\/div>\n<\/div>\n<h3>SALSA ENGAGE &#8211; CARATTERISTICHE<\/h3>\n<ul>\n<li>Profili ricchi di informazioni sui donatori<\/li>\n<li><span class=\"JLqJ4b\" data-language-for-alternatives=\"it\" data-language-to-translate-into=\"en\" data-phrase-index=\"1\"><span class=\"JLqJ4b ChMk0b\" data-language-for-alternatives=\"it\" data-language-to-translate-into=\"en\" data-phrase-index=\"2\">Campi personalizzati illimitati <\/span><\/span><\/li>\n<li><span class=\"JLqJ4b\" data-language-for-alternatives=\"it\" data-language-to-translate-into=\"en\" data-phrase-index=\"1\"><span class=\"JLqJ4b ChMk0b\" data-language-for-alternatives=\"it\" data-language-to-translate-into=\"en\" data-phrase-index=\"2\">Gestione dei movimenti <\/span><\/span><\/li>\n<li><span class=\"JLqJ4b\" data-language-for-alternatives=\"it\" data-language-to-translate-into=\"en\" data-phrase-index=\"1\"><span class=\"JLqJ4b ChMk0b\" data-language-for-alternatives=\"it\" data-language-to-translate-into=\"en\" data-phrase-index=\"2\">Elaborazione unificata di donazioni offline e online <\/span><\/span><\/li>\n<li><span class=\"JLqJ4b\" data-language-for-alternatives=\"it\" data-language-to-translate-into=\"en\" data-phrase-index=\"1\"><span class=\"JLqJ4b ChMk0b\" data-language-for-alternatives=\"it\" data-language-to-translate-into=\"en\" data-phrase-index=\"2\">Dashboard e rapporti sulle prestazioni \u00a0<\/span><\/span><\/li>\n<li><span class=\"JLqJ4b\" data-language-for-alternatives=\"it\" data-language-to-translate-into=\"en\" data-phrase-index=\"1\"><span class=\"JLqJ4b ChMk0b\" data-language-for-alternatives=\"it\" data-language-to-translate-into=\"en\" data-phrase-index=\"2\">Campagne ed eventi peer to peer<\/span><\/span><\/li>\n<li><span class=\"JLqJ4b\" data-language-for-alternatives=\"it\" data-language-to-translate-into=\"en\" data-phrase-index=\"1\"><span class=\"JLqJ4b ChMk0b\" data-language-for-alternatives=\"it\" data-language-to-translate-into=\"en\" data-phrase-index=\"2\">Raccolta fondi online <\/span><\/span><\/li>\n<li><span class=\"JLqJ4b\" data-language-for-alternatives=\"it\" data-language-to-translate-into=\"en\" data-phrase-index=\"1\"><span class=\"JLqJ4b ChMk0b\" data-language-for-alternatives=\"it\" data-language-to-translate-into=\"en\" data-phrase-index=\"2\">Advocacy multicanale <\/span><\/span><\/li>\n<li><span class=\"JLqJ4b\" data-language-for-alternatives=\"it\" data-language-to-translate-into=\"en\" data-phrase-index=\"1\"><span class=\"JLqJ4b ChMk0b\" data-language-for-alternatives=\"it\" data-language-to-translate-into=\"en\" data-phrase-index=\"2\">Email e automazione del marketing <\/span><\/span><\/li>\n<li><span class=\"JLqJ4b\" data-language-for-alternatives=\"it\" data-language-to-translate-into=\"en\" data-phrase-index=\"1\"><span class=\"JLqJ4b ChMk0b\" data-language-for-alternatives=\"it\" data-language-to-translate-into=\"en\" data-phrase-index=\"2\">Messaggistica di testo automatizzata <\/span><\/span><\/li>\n<li><span class=\"JLqJ4b\" data-language-for-alternatives=\"it\" data-language-to-translate-into=\"en\" data-phrase-index=\"1\"><span class=\"JLqJ4b ChMk0b\" data-language-for-alternatives=\"it\" data-language-to-translate-into=\"en\" data-phrase-index=\"2\">Gestione del flusso di lavoro<\/span><\/span><\/li>\n<li><span class=\"JLqJ4b\" data-language-for-alternatives=\"it\" data-language-to-translate-into=\"en\" data-phrase-index=\"1\"><span class=\"JLqJ4b ChMk0b\" data-language-for-alternatives=\"it\" data-language-to-translate-into=\"en\" data-phrase-index=\"2\"> Integrazione bidirezionale con Salesforce <\/span><\/span><\/li>\n<li><span class=\"JLqJ4b\" data-language-for-alternatives=\"it\" data-language-to-translate-into=\"en\" data-phrase-index=\"1\"><span class=\"JLqJ4b ChMk0b\" data-language-for-alternatives=\"it\" data-language-to-translate-into=\"en\" data-phrase-index=\"2\">Opzioni di integrazione configurabili <\/span><\/span><\/li>\n<li><span class=\"JLqJ4b\" data-language-for-alternatives=\"it\" data-language-to-translate-into=\"en\" data-phrase-index=\"1\"><span class=\"JLqJ4b ChMk0b\" data-language-for-alternatives=\"it\" data-language-to-translate-into=\"en\" data-phrase-index=\"2\">Corrispondenza intelligente dei contatti <\/span><\/span><\/li>\n<li><span class=\"JLqJ4b\" data-language-for-alternatives=\"it\" data-language-to-translate-into=\"en\" data-phrase-index=\"1\"><span class=\"JLqJ4b ChMk0b\" data-language-for-alternatives=\"it\" data-language-to-translate-into=\"en\" data-phrase-index=\"2\">Modelli intelligenti <\/span><\/span><\/li>\n<\/ul>\n<h4>LE RECENSIONI DEGLI UTENTI<\/h4>\n<p class=\"font-weight-bold mb-1 d-flex align-items-center\"><strong>Brittany P. &#8220;Salsa \u00e8 un&#8217;ottima opzione per le organizzazioni no profit con un budget&#8221;<\/strong><\/p>\n<p><strong>Commenti: <\/strong>molto positivo. ascoltano il feedback su come migliorare il sistema e investono denaro per svilupparlo. Lavora con te per risolvere i problemi che potresti avere e creare soluzioni alternative se necessario.<\/p>\n<p><strong>Pro: <\/strong>il servizio clienti \u00e8 una risorsa! Puoi chiedere a qualcuno al telefono di rispondere alle tue domande e anche una risposta rapida via email. Fanno un buon lavoro investendo nell&#8217;aggiornamento del sistema per portare pi\u00f9 funzioni ad esso. per le fasce di prezzo un ottimo strumento che le organizzazioni no profit possono utilizzare per una variet\u00e0 di funzioni, eblast peer to peer, pagine di donazioni<\/p>\n<p><strong>Contro: <\/strong>vorrei che avessero un&#8217;opzione di chat istantanea dal vivo per domande e anche pi\u00f9 corsi di formazione mensili e come altre organizzazioni no profit utilizzano il sistema per stimolare il networking ed essere una risorsa nel settore<\/p>\n<p><strong>Alan C.&#8221;Ottimo prodotto &#8230; ottimo servizio!&#8221;<\/strong><\/p>\n<p><strong>Commenti: <\/strong>Consiglio vivamente a tutte le organizzazioni no profit, grandi e piccole. L&#8217;azienda si prende cura di te e lavora con te per assicurarti che tu sia felice e esperto del loro prodotto!<\/p>\n<p><strong>Pro: <\/strong>\u00e8 facile da usare e ha molte funzionalit\u00e0, molte delle quali non ho ancora esplorato. Migliorano continuamente i loro prodotti e dispongono del miglior servizio clienti del settore. Ci aiuta a fare ci\u00f2 che dobbiamo fare in modo efficiente ed efficace.\u00a0Il modulo dell&#8217;asta \u00e8 stato fantastico e ci ha aiutato a gestire in modo efficace la nostra asta, ringraziando i nostri partecipanti, donatori e acquirenti.<\/p>\n<p><strong>Contro: <\/strong>Ci saranno sempre modi per migliorare un prodotto come questo, probabilmente qualcosa di diverso per ogni organizzazione che lo utilizza, ma per i soldi e la flessibilit\u00e0, non c&#8217;\u00e8 prodotto migliore l\u00e0 fuori.<\/p>\n<p class=\"font-weight-bold mb-1 d-flex align-items-center\"><strong>Adrienne ..&#8221;Direttore aziendale&#8221;<\/strong><\/p>\n<p><strong>Commenti: <\/strong>Salsa ha un ottimo programma di formazione e il loro servizio clienti \u00e8 molto gentile ed \u00e8 in grado di aiutarmi quando ho bisogno di assistenza. Salsa Engage consente a una piccola organizzazione no profit di permettersi moduli per eventi personalizzati.<\/p>\n<p><strong>Vantaggi: <\/strong>Ci permette di personalizzare i moduli online per eventi di raccolta fondi a un prezzo conveniente. Facile da usare e generare rapporti.<\/p>\n<p><strong>Inconvenienti: <\/strong>Non mi piace il fatto che le informazioni sulla donazione fluiscano nel sistema senza alcun modo per approvarle.<\/p>\n","protected":false},"excerpt":{"rendered":"<p>Salsa Engage \u00e8 un sistema di raccolta fondi basato su cloud per organizzazioni senza scopo di lucro di tutti i tipi e dimensioni, progettato per assistere nel targeting, nel coinvolgimento e nella comunicazione con i donatori per accelerare la raccolta fondi.<\/p>\n","protected":false},"author":16,"featured_media":36825,"parent":35419,"menu_order":0,"comment_status":"open","ping_status":"closed","template":"g1_template_page_review_new.php","meta":{"_acf_changed":false,"cwp_meta_box_check":"No","cwp_rev_product_name":"","cwp_rev_product_image":"","wppr_links":[],"cwp_rev_price":"","wppr_options":[],"wppr_pros":[],"wppr_cons":[],"_monsterinsights_skip_tracking":false,"_monsterinsights_sitenote_active":false,"_monsterinsights_sitenote_note":"","_monsterinsights_sitenote_category":0,"footnotes":""},"categories":[4851],"tags":[396,4852,5010,4855,5013,4859,5014,4854,5012,4909,5011],"features":[],"class_list":{"0":"post-36815","1":"page","2":"type-page","3":"status-publish","4":"has-post-thumbnail","6":"category-piattaforme-per-fundraising-categoria","7":"tag-cloud","8":"tag-piattaforma-per-fundraising","9":"tag-piattaforma-per-raccolta-fondi","10":"tag-programma-per-fundraising","11":"tag-programma-per-raccolta-fondi","12":"tag-raccolta-fondi","13":"tag-salsa-engage","14":"tag-software-per-fundraising","15":"tag-software-per-raccolta-fondi","16":"tag-soluzione-per-fundraising","17":"tag-soluzione-per-raccolta-fondi"},"wppr_data":{"cwp_meta_box_check":"No"},"acf":[],"yoast_head":"<!-- This site is optimized with the Yoast SEO plugin v27.4 - https:\/\/yoast.com\/product\/yoast-seo-wordpress\/ -->\n<title>Salsa Engage: recensione software per fundraising - Accurate Reviews<\/title>\n<meta name=\"description\" content=\"Salsa Engage: recensione sistema di raccolta fondi basato su cloud per organizzazioni senza scopo di lucro di tutti i tipi e dimensioni.\" \/>\n<meta name=\"robots\" content=\"index, follow, max-snippet:-1, max-image-preview:large, max-video-preview:-1\" \/>\n<link rel=\"canonical\" href=\"https:\/\/www.accuratereviews.com\/it\/piattaforme-per-fundraising\/salsa-engage-recensione\/\" \/>\n<meta property=\"og:locale\" content=\"it_IT\" \/>\n<meta property=\"og:type\" content=\"article\" \/>\n<meta property=\"og:title\" content=\"Salsa Engage: recensione software per fundraising - Accurate Reviews\" \/>\n<meta property=\"og:description\" content=\"Salsa Engage: recensione sistema di raccolta fondi basato su cloud per organizzazioni senza scopo di lucro di tutti i tipi e dimensioni.\" \/>\n<meta property=\"og:url\" content=\"https:\/\/www.accuratereviews.com\/it\/piattaforme-per-fundraising\/salsa-engage-recensione\/\" \/>\n<meta property=\"og:site_name\" content=\"Accurate Reviews\" \/>\n<meta property=\"article:modified_time\" content=\"2021-02-05T14:06:53+00:00\" \/>\n<meta property=\"og:image\" content=\"https:\/\/www.accuratereviews.com\/wp-content\/uploads\/2021\/02\/salsa-250x250-1.jpg\" \/>\n\t<meta property=\"og:image:width\" content=\"250\" \/>\n\t<meta property=\"og:image:height\" content=\"250\" \/>\n\t<meta property=\"og:image:type\" content=\"image\/jpeg\" \/>\n<meta name=\"twitter:card\" content=\"summary_large_image\" \/>\n<meta name=\"twitter:label1\" content=\"Tempo di lettura stimato\" \/>\n\t<meta name=\"twitter:data1\" content=\"3 minuti\" \/>\n<script type=\"application\/ld+json\" class=\"yoast-schema-graph\">{\"@context\":\"https:\\\/\\\/schema.org\",\"@graph\":[{\"@type\":\"WebPage\",\"@id\":\"https:\\\/\\\/www.accuratereviews.com\\\/it\\\/piattaforme-per-fundraising\\\/salsa-engage-recensione\\\/\",\"url\":\"https:\\\/\\\/www.accuratereviews.com\\\/it\\\/piattaforme-per-fundraising\\\/salsa-engage-recensione\\\/\",\"name\":\"Salsa Engage: recensione software per fundraising - Accurate Reviews\",\"isPartOf\":{\"@id\":\"https:\\\/\\\/www.accuratereviews.com\\\/it\\\/#website\"},\"primaryImageOfPage\":{\"@id\":\"https:\\\/\\\/www.accuratereviews.com\\\/it\\\/piattaforme-per-fundraising\\\/salsa-engage-recensione\\\/#primaryimage\"},\"image\":{\"@id\":\"https:\\\/\\\/www.accuratereviews.com\\\/it\\\/piattaforme-per-fundraising\\\/salsa-engage-recensione\\\/#primaryimage\"},\"thumbnailUrl\":\"https:\\\/\\\/www.accuratereviews.com\\\/wp-content\\\/uploads\\\/2021\\\/02\\\/salsa-250x250-1.jpg\",\"datePublished\":\"2021-02-05T12:34:59+00:00\",\"dateModified\":\"2021-02-05T14:06:53+00:00\",\"description\":\"Salsa Engage: recensione sistema di raccolta fondi basato su cloud per organizzazioni senza scopo di lucro di tutti i tipi e dimensioni.\",\"breadcrumb\":{\"@id\":\"https:\\\/\\\/www.accuratereviews.com\\\/it\\\/piattaforme-per-fundraising\\\/salsa-engage-recensione\\\/#breadcrumb\"},\"inLanguage\":\"it-IT\",\"potentialAction\":[{\"@type\":\"ReadAction\",\"target\":[\"https:\\\/\\\/www.accuratereviews.com\\\/it\\\/piattaforme-per-fundraising\\\/salsa-engage-recensione\\\/\"]}]},{\"@type\":\"ImageObject\",\"inLanguage\":\"it-IT\",\"@id\":\"https:\\\/\\\/www.accuratereviews.com\\\/it\\\/piattaforme-per-fundraising\\\/salsa-engage-recensione\\\/#primaryimage\",\"url\":\"https:\\\/\\\/www.accuratereviews.com\\\/wp-content\\\/uploads\\\/2021\\\/02\\\/salsa-250x250-1.jpg\",\"contentUrl\":\"https:\\\/\\\/www.accuratereviews.com\\\/wp-content\\\/uploads\\\/2021\\\/02\\\/salsa-250x250-1.jpg\",\"width\":250,\"height\":250},{\"@type\":\"BreadcrumbList\",\"@id\":\"https:\\\/\\\/www.accuratereviews.com\\\/it\\\/piattaforme-per-fundraising\\\/salsa-engage-recensione\\\/#breadcrumb\",\"itemListElement\":[{\"@type\":\"ListItem\",\"position\":1,\"name\":\"Home\",\"item\":\"https:\\\/\\\/www.accuratereviews.com\\\/it\\\/\"},{\"@type\":\"ListItem\",\"position\":2,\"name\":\"Piattaforme per fundraising\",\"item\":\"https:\\\/\\\/www.accuratereviews.com\\\/it\\\/piattaforme-per-fundraising\\\/\"},{\"@type\":\"ListItem\",\"position\":3,\"name\":\"Salsa Engage\"}]},{\"@type\":\"WebSite\",\"@id\":\"https:\\\/\\\/www.accuratereviews.com\\\/it\\\/#website\",\"url\":\"https:\\\/\\\/www.accuratereviews.com\\\/it\\\/\",\"name\":\"Accurate Reviews\",\"description\":\"\",\"potentialAction\":[{\"@type\":\"SearchAction\",\"target\":{\"@type\":\"EntryPoint\",\"urlTemplate\":\"https:\\\/\\\/www.accuratereviews.com\\\/it\\\/?s={search_term_string}\"},\"query-input\":{\"@type\":\"PropertyValueSpecification\",\"valueRequired\":true,\"valueName\":\"search_term_string\"}}],\"inLanguage\":\"it-IT\"}]}<\/script>\n<!-- \/ Yoast SEO plugin. -->","yoast_head_json":{"title":"Salsa Engage: recensione software per fundraising - Accurate Reviews","description":"Salsa Engage: recensione sistema di raccolta fondi basato su cloud per organizzazioni senza scopo di lucro di tutti i tipi e dimensioni.","robots":{"index":"index","follow":"follow","max-snippet":"max-snippet:-1","max-image-preview":"max-image-preview:large","max-video-preview":"max-video-preview:-1"},"canonical":"https:\/\/www.accuratereviews.com\/it\/piattaforme-per-fundraising\/salsa-engage-recensione\/","og_locale":"it_IT","og_type":"article","og_title":"Salsa Engage: recensione software per fundraising - Accurate Reviews","og_description":"Salsa Engage: recensione sistema di raccolta fondi basato su cloud per organizzazioni senza scopo di lucro di tutti i tipi e dimensioni.","og_url":"https:\/\/www.accuratereviews.com\/it\/piattaforme-per-fundraising\/salsa-engage-recensione\/","og_site_name":"Accurate Reviews","article_modified_time":"2021-02-05T14:06:53+00:00","og_image":[{"width":250,"height":250,"url":"https:\/\/www.accuratereviews.com\/wp-content\/uploads\/2021\/02\/salsa-250x250-1.jpg","type":"image\/jpeg"}],"twitter_card":"summary_large_image","twitter_misc":{"Tempo di lettura stimato":"3 minuti"},"schema":{"@context":"https:\/\/schema.org","@graph":[{"@type":"WebPage","@id":"https:\/\/www.accuratereviews.com\/it\/piattaforme-per-fundraising\/salsa-engage-recensione\/","url":"https:\/\/www.accuratereviews.com\/it\/piattaforme-per-fundraising\/salsa-engage-recensione\/","name":"Salsa Engage: recensione software per fundraising - Accurate Reviews","isPartOf":{"@id":"https:\/\/www.accuratereviews.com\/it\/#website"},"primaryImageOfPage":{"@id":"https:\/\/www.accuratereviews.com\/it\/piattaforme-per-fundraising\/salsa-engage-recensione\/#primaryimage"},"image":{"@id":"https:\/\/www.accuratereviews.com\/it\/piattaforme-per-fundraising\/salsa-engage-recensione\/#primaryimage"},"thumbnailUrl":"https:\/\/www.accuratereviews.com\/wp-content\/uploads\/2021\/02\/salsa-250x250-1.jpg","datePublished":"2021-02-05T12:34:59+00:00","dateModified":"2021-02-05T14:06:53+00:00","description":"Salsa Engage: recensione sistema di raccolta fondi basato su cloud per organizzazioni senza scopo di lucro di tutti i tipi e dimensioni.","breadcrumb":{"@id":"https:\/\/www.accuratereviews.com\/it\/piattaforme-per-fundraising\/salsa-engage-recensione\/#breadcrumb"},"inLanguage":"it-IT","potentialAction":[{"@type":"ReadAction","target":["https:\/\/www.accuratereviews.com\/it\/piattaforme-per-fundraising\/salsa-engage-recensione\/"]}]},{"@type":"ImageObject","inLanguage":"it-IT","@id":"https:\/\/www.accuratereviews.com\/it\/piattaforme-per-fundraising\/salsa-engage-recensione\/#primaryimage","url":"https:\/\/www.accuratereviews.com\/wp-content\/uploads\/2021\/02\/salsa-250x250-1.jpg","contentUrl":"https:\/\/www.accuratereviews.com\/wp-content\/uploads\/2021\/02\/salsa-250x250-1.jpg","width":250,"height":250},{"@type":"BreadcrumbList","@id":"https:\/\/www.accuratereviews.com\/it\/piattaforme-per-fundraising\/salsa-engage-recensione\/#breadcrumb","itemListElement":[{"@type":"ListItem","position":1,"name":"Home","item":"https:\/\/www.accuratereviews.com\/it\/"},{"@type":"ListItem","position":2,"name":"Piattaforme per fundraising","item":"https:\/\/www.accuratereviews.com\/it\/piattaforme-per-fundraising\/"},{"@type":"ListItem","position":3,"name":"Salsa Engage"}]},{"@type":"WebSite","@id":"https:\/\/www.accuratereviews.com\/it\/#website","url":"https:\/\/www.accuratereviews.com\/it\/","name":"Accurate Reviews","description":"","potentialAction":[{"@type":"SearchAction","target":{"@type":"EntryPoint","urlTemplate":"https:\/\/www.accuratereviews.com\/it\/?s={search_term_string}"},"query-input":{"@type":"PropertyValueSpecification","valueRequired":true,"valueName":"search_term_string"}}],"inLanguage":"it-IT"}]}},"_links":{"self":[{"href":"https:\/\/www.accuratereviews.com\/it\/wp-json\/wp\/v2\/pages\/36815","targetHints":{"allow":["GET"]}}],"collection":[{"href":"https:\/\/www.accuratereviews.com\/it\/wp-json\/wp\/v2\/pages"}],"about":[{"href":"https:\/\/www.accuratereviews.com\/it\/wp-json\/wp\/v2\/types\/page"}],"author":[{"embeddable":true,"href":"https:\/\/www.accuratereviews.com\/it\/wp-json\/wp\/v2\/users\/16"}],"replies":[{"embeddable":true,"href":"https:\/\/www.accuratereviews.com\/it\/wp-json\/wp\/v2\/comments?post=36815"}],"version-history":[{"count":11,"href":"https:\/\/www.accuratereviews.com\/it\/wp-json\/wp\/v2\/pages\/36815\/revisions"}],"predecessor-version":[{"id":36897,"href":"https:\/\/www.accuratereviews.com\/it\/wp-json\/wp\/v2\/pages\/36815\/revisions\/36897"}],"up":[{"embeddable":true,"href":"https:\/\/www.accuratereviews.com\/it\/wp-json\/wp\/v2\/pages\/35419"}],"wp:featuredmedia":[{"embeddable":true,"href":"https:\/\/www.accuratereviews.com\/it\/wp-json\/wp\/v2\/media\/36825"}],"wp:attachment":[{"href":"https:\/\/www.accuratereviews.com\/it\/wp-json\/wp\/v2\/media?parent=36815"}],"wp:term":[{"taxonomy":"category","embeddable":true,"href":"https:\/\/www.accuratereviews.com\/it\/wp-json\/wp\/v2\/categories?post=36815"},{"taxonomy":"post_tag","embeddable":true,"href":"https:\/\/www.accuratereviews.com\/it\/wp-json\/wp\/v2\/tags?post=36815"},{"taxonomy":"features","embeddable":true,"href":"https:\/\/www.accuratereviews.com\/it\/wp-json\/wp\/v2\/features?post=36815"}],"curies":[{"name":"wp","href":"https:\/\/api.w.org\/{rel}","templated":true}]}}