{"id":36885,"date":"2021-02-05T14:42:32","date_gmt":"2021-02-05T14:42:32","guid":{"rendered":"https:\/\/www.accuratereviews.com\/?page_id=36885"},"modified":"2021-02-05T14:42:32","modified_gmt":"2021-02-05T14:42:32","slug":"flipcause-recensione","status":"publish","type":"page","link":"https:\/\/www.accuratereviews.com\/it\/piattaforme-per-fundraising\/flipcause-recensione\/","title":{"rendered":"Flipcause"},"content":{"rendered":"<p><strong>Flipcause<\/strong>\u00a0\u00e8\u00a0<span style=\"font-weight: 400;\">un<strong> software per fundraising<\/strong> che si rivolge principalmente alle organizzazioni no profit pi\u00f9 piccole che hanno bisogno di creare <strong>campagne di raccolta fondi<\/strong> pi\u00f9 efficaci, che siano in grado di raggiungere maggiore visibilit\u00e0. Si tratta di una piattaforma online che offre strumenti intuitivi e semplici da usare attraverso i quali \u00e8 possibile ottenere un sito web disponibile sia in versione desktop che in versione mobile per i dispositivi iOS e Android. <\/span><span style=\"font-weight: 400;\"><br \/>\n<\/span><span style=\"font-weight: 400;\">L\u2019obiettivo di <strong>Flipcause<\/strong> \u00e8 quello di coinvolgere maggiormente i tuoi sostenitori, offrendoti una visione olistica dei progressi della raccolta fondi della tua organizzazione.\u00a0<\/span><\/p>\n<h2>FLIPCAUSE &#8211; VIDEO INTRODUTTIVO<\/h2>\n<div id=\"fluid-wrapper-counter-1\" class=\"g1-fluid-wrapper \" style=\"width:686px;\">\n<div style=\"padding-bottom:56.268221574344%;\"><iframe loading=\"lazy\" title=\"Introducing Flipcause\" width=\"686\" height=\"386\" src=\"https:\/\/www.youtube.com\/embed\/EabPZJhUyVU?feature=oembed&amp;wmode=transparent&amp;autohide=1&amp;autoplay=0&amp;disablekb=0&amp;fs=1&amp;loop=0&amp;enablejsapi=1&amp;rel=0&amp;controls=2&amp;showinfo=0&amp;wmode=transparent&amp;autohide=2&amp;autoplay=0&amp;disablekb=0&amp;fs=1&amp;loop=0&amp;enablejsapi=1&amp;rel=0&amp;controls=2&amp;showinfo=1\" frameborder=\"0\" allow=\"accelerometer; autoplay; clipboard-write; encrypted-media; gyroscope; picture-in-picture\" allowfullscreen><\/iframe><\/div>\n<\/div>\n<h3>FLIPCAUSE &#8211; CARATTERISTICHE<\/h3>\n<p>Di seguito le sue principali caratteristiche:<\/p>\n<ul>\n<li style=\"font-weight: 400;\" aria-level=\"1\"><span style=\"font-weight: 400;\"><strong>Creazione di campagne di raccolta fondi personalizzate<\/strong>: crea campagne pi\u00f9 coinvolgenti ed efficaci<\/span><\/li>\n<li style=\"font-weight: 400;\" aria-level=\"1\"><span style=\"font-weight: 400;\"><strong>Creazione di un sito web<\/strong>: ottieni un sito web reattivo sia in versione desktop che in versione mobile<\/span><\/li>\n<li style=\"font-weight: 400;\" aria-level=\"1\"><span style=\"font-weight: 400;\"><strong>Strumenti di engagement<\/strong>: garantisci una migliore interazione tra i sostenitori e tra la tua azienda e una gestione dei pagamenti pi\u00f9 semplice e rapida\u00a0<\/span><\/li>\n<li style=\"font-weight: 400;\" aria-level=\"1\"><span style=\"font-weight: 400;\"><strong>Dashboard intuitiva<\/strong>: accedi a una visuale completa di tutte le attivit\u00e0, dei dati dei donatori e delle fatture fiscali\u00a0<\/span><\/li>\n<li style=\"font-weight: 400;\" aria-level=\"1\"><span style=\"font-weight: 400;\"><strong>Sistema reportistico<\/strong>: visualizza i progressi della tua campagna di raccolta fondi<\/span><\/li>\n<li style=\"font-weight: 400;\" aria-level=\"1\"><span style=\"font-weight: 400;\"><strong>Processo di pagamento integrato<\/strong>: una volta raggiunto l\u2019obiettivo della campagna, avrai libero accesso ai tuoi fondi<\/span><\/li>\n<\/ul>\n<h3>LE RECENSIONI DEGLI UTENTI<\/h3>\n<p>Katie M. <strong>&#8220;Sono cos\u00ec felice di aver trovato Flipcause&#8221;<\/strong><br \/>\nCommenti: ho adorato Flipcause! \u00c8 esattamente quello che stavamo cercando anche ad un ottimo prezzo!<br \/>\nPRO: il team \u00e8 molto attento alle nostre esigenze. Ogni volta che abbiamo bisogno di fare qualcosa o abbiamo una domanda, le nostre richieste vengono gestite tempestivamente e non ho mai l&#8217;impressione che le mie esigenze non siano importanti. Adoro anche la possibilit\u00e0 di integrarlo con il nostro sito web! E la possibilit\u00e0 di monitorare automaticamente i dati dei donatori in un unico posto dalle transazioni rende il mio lavoro molto pi\u00f9 semplice<br \/>\nCONTRO: il processo di creazione del report pu\u00f2 essere un po&#8217; impegnativo. Alcune cose richiedono pi\u00f9 passaggi di quanto sembri necessario.<\/p>\n<p>Mindy K. <strong>&#8220;Flipcause \u00e8 la bomba&#8221;<\/strong><br \/>\nCommenti: Flipcause sin dal primo giorno \u00e8 stata un&#8217;azienda eccezionale con cui lavorare. Il servizio clienti che ho ricevuto \u00e8 stato eccezionale. La facilit\u00e0 d&#8217;uso e la formazione sono eccezionali. Non solo hanno mantenuto le loro promesse, ma hanno fatto meglio e hanno intensificato quando l&#8217;offerta Techsoup \u00e8 terminata e ci ha comunque fornito gli stessi vantaggi.<br \/>\nPRO: come fa non piacere? Il prezzo, il supporto, la facilit\u00e0 d&#8217;uso: dopo aver esaminato molte opzioni, Flipcause \u00e8 stata senza dubbio la soluzione migliore per noi.<br \/>\nCONTRO: non vedo l&#8217;ora che la componente di mailing di massa venga pubblicata. Questa \u00e8 l&#8217;unica cosa che manca per rendere questo pacchetto perfetto secondo me.<\/p>\n<p>Nancy B. &#8220;Flipcause \u00e8 INCREDIBILE!&#8221;<br \/>\nCommenti: la mia esperienza con Flipcause \u00e8 stata meravigliosa.<br \/>\nPRO: questo software \u00e8 incredibilmente facile da usare. \u00c8 intuitivo. Eravamo un utente beta per il CRM e adoro il nostro nuovo database. Super semplice da usare. Apportare modifiche al nostro sito web \u00e8 facile, anche molto intuitivo. In realt\u00e0 non riesco a credere che questo prodotto non sia il numero 1 nel settore. \u00c8 facile da usare e il servizio clienti \u00e8 eccellente. Qualsiasi domanda ho ricevuto risposta entro il giorno e ho persino chiamato fuori orario e ho avuto assistenza clienti. Non posso dire abbastanza bene di Flipcause. Li amo.<br \/>\nCONTRO: niente. Assolutamente niente. Questo prodotto \u00e8 fantastico. Il servizio clienti \u00e8 eccellente.<\/p>\n","protected":false},"excerpt":{"rendered":"<p>Flipcause\u00a0\u00e8\u00a0un software per fundraising che si rivolge principalmente alle organizzazioni no profit pi\u00f9 piccole che hanno bisogno di creare campagne di raccolta fondi pi\u00f9 efficaci, che siano in grado di raggiungere maggiore visibilit\u00e0. Si tratta di una piattaforma online che offre strumenti intuitivi e semplici da usare.<\/p>\n","protected":false},"author":17,"featured_media":36893,"parent":35419,"menu_order":0,"comment_status":"open","ping_status":"closed","template":"g1_template_page_review_new.php","meta":{"_acf_changed":false,"cwp_meta_box_check":"No","cwp_rev_product_name":"","cwp_rev_product_image":"","wppr_links":[],"cwp_rev_price":"","wppr_options":[],"wppr_pros":[],"wppr_cons":[],"_monsterinsights_skip_tracking":false,"_monsterinsights_sitenote_active":false,"_monsterinsights_sitenote_note":"","_monsterinsights_sitenote_category":0,"footnotes":""},"categories":[4851],"tags":[4853,2209,4852,5004,4859,4854,4909],"features":[],"class_list":{"0":"post-36885","1":"page","2":"type-page","3":"status-publish","4":"has-post-thumbnail","6":"category-piattaforme-per-fundraising-categoria","7":"tag-fundraising","8":"tag-piattaforma-di-raccolta-fondi","9":"tag-piattaforma-per-fundraising","10":"tag-programma-di-raccolta-fondi","11":"tag-raccolta-fondi","12":"tag-software-per-fundraising","13":"tag-soluzione-per-fundraising"},"wppr_data":{"cwp_meta_box_check":"No"},"acf":[],"yoast_head":"<!-- This site is optimized with the Yoast SEO plugin v27.4 - https:\/\/yoast.com\/product\/yoast-seo-wordpress\/ -->\n<title>Flipcause: software per fundraising recensione - Accurate Reviews<\/title>\n<meta name=\"description\" content=\"Flipcause\u00a0\u00e8\u00a0un software per fundraising che si rivolge principalmente alle organizzazioni no profit pi\u00f9 piccole.\" \/>\n<meta name=\"robots\" content=\"index, follow, max-snippet:-1, max-image-preview:large, max-video-preview:-1\" \/>\n<link rel=\"canonical\" href=\"https:\/\/www.accuratereviews.com\/it\/piattaforme-per-fundraising\/flipcause-recensione\/\" \/>\n<meta property=\"og:locale\" content=\"it_IT\" \/>\n<meta property=\"og:type\" content=\"article\" \/>\n<meta property=\"og:title\" content=\"Flipcause: software per fundraising recensione - Accurate Reviews\" \/>\n<meta property=\"og:description\" content=\"Flipcause\u00a0\u00e8\u00a0un software per fundraising che si rivolge principalmente alle organizzazioni no profit pi\u00f9 piccole.\" \/>\n<meta property=\"og:url\" content=\"https:\/\/www.accuratereviews.com\/it\/piattaforme-per-fundraising\/flipcause-recensione\/\" \/>\n<meta property=\"og:site_name\" content=\"Accurate Reviews\" \/>\n<meta property=\"og:image\" content=\"https:\/\/www.accuratereviews.com\/wp-content\/uploads\/2021\/02\/Unknown-12.28.47.png\" \/>\n\t<meta property=\"og:image:width\" content=\"722\" \/>\n\t<meta property=\"og:image:height\" content=\"220\" \/>\n\t<meta property=\"og:image:type\" content=\"image\/png\" \/>\n<meta name=\"twitter:card\" content=\"summary_large_image\" \/>\n<meta name=\"twitter:label1\" content=\"Tempo di lettura stimato\" \/>\n\t<meta name=\"twitter:data1\" content=\"3 minuti\" \/>\n<script type=\"application\/ld+json\" class=\"yoast-schema-graph\">{\"@context\":\"https:\\\/\\\/schema.org\",\"@graph\":[{\"@type\":\"WebPage\",\"@id\":\"https:\\\/\\\/www.accuratereviews.com\\\/it\\\/piattaforme-per-fundraising\\\/flipcause-recensione\\\/\",\"url\":\"https:\\\/\\\/www.accuratereviews.com\\\/it\\\/piattaforme-per-fundraising\\\/flipcause-recensione\\\/\",\"name\":\"Flipcause: software per fundraising recensione - Accurate Reviews\",\"isPartOf\":{\"@id\":\"https:\\\/\\\/www.accuratereviews.com\\\/it\\\/#website\"},\"primaryImageOfPage\":{\"@id\":\"https:\\\/\\\/www.accuratereviews.com\\\/it\\\/piattaforme-per-fundraising\\\/flipcause-recensione\\\/#primaryimage\"},\"image\":{\"@id\":\"https:\\\/\\\/www.accuratereviews.com\\\/it\\\/piattaforme-per-fundraising\\\/flipcause-recensione\\\/#primaryimage\"},\"thumbnailUrl\":\"https:\\\/\\\/www.accuratereviews.com\\\/wp-content\\\/uploads\\\/2021\\\/02\\\/Unknown-12.28.47.png\",\"datePublished\":\"2021-02-05T14:42:32+00:00\",\"description\":\"Flipcause\u00a0\u00e8\u00a0un software per fundraising che si rivolge principalmente alle organizzazioni no profit pi\u00f9 piccole.\",\"breadcrumb\":{\"@id\":\"https:\\\/\\\/www.accuratereviews.com\\\/it\\\/piattaforme-per-fundraising\\\/flipcause-recensione\\\/#breadcrumb\"},\"inLanguage\":\"it-IT\",\"potentialAction\":[{\"@type\":\"ReadAction\",\"target\":[\"https:\\\/\\\/www.accuratereviews.com\\\/it\\\/piattaforme-per-fundraising\\\/flipcause-recensione\\\/\"]}]},{\"@type\":\"ImageObject\",\"inLanguage\":\"it-IT\",\"@id\":\"https:\\\/\\\/www.accuratereviews.com\\\/it\\\/piattaforme-per-fundraising\\\/flipcause-recensione\\\/#primaryimage\",\"url\":\"https:\\\/\\\/www.accuratereviews.com\\\/wp-content\\\/uploads\\\/2021\\\/02\\\/Unknown-12.28.47.png\",\"contentUrl\":\"https:\\\/\\\/www.accuratereviews.com\\\/wp-content\\\/uploads\\\/2021\\\/02\\\/Unknown-12.28.47.png\",\"width\":722,\"height\":220},{\"@type\":\"BreadcrumbList\",\"@id\":\"https:\\\/\\\/www.accuratereviews.com\\\/it\\\/piattaforme-per-fundraising\\\/flipcause-recensione\\\/#breadcrumb\",\"itemListElement\":[{\"@type\":\"ListItem\",\"position\":1,\"name\":\"Home\",\"item\":\"https:\\\/\\\/www.accuratereviews.com\\\/it\\\/\"},{\"@type\":\"ListItem\",\"position\":2,\"name\":\"Piattaforme per fundraising\",\"item\":\"https:\\\/\\\/www.accuratereviews.com\\\/it\\\/piattaforme-per-fundraising\\\/\"},{\"@type\":\"ListItem\",\"position\":3,\"name\":\"Flipcause\"}]},{\"@type\":\"WebSite\",\"@id\":\"https:\\\/\\\/www.accuratereviews.com\\\/it\\\/#website\",\"url\":\"https:\\\/\\\/www.accuratereviews.com\\\/it\\\/\",\"name\":\"Accurate Reviews\",\"description\":\"\",\"potentialAction\":[{\"@type\":\"SearchAction\",\"target\":{\"@type\":\"EntryPoint\",\"urlTemplate\":\"https:\\\/\\\/www.accuratereviews.com\\\/it\\\/?s={search_term_string}\"},\"query-input\":{\"@type\":\"PropertyValueSpecification\",\"valueRequired\":true,\"valueName\":\"search_term_string\"}}],\"inLanguage\":\"it-IT\"}]}<\/script>\n<!-- \/ Yoast SEO plugin. -->","yoast_head_json":{"title":"Flipcause: software per fundraising recensione - Accurate Reviews","description":"Flipcause\u00a0\u00e8\u00a0un software per fundraising che si rivolge principalmente alle organizzazioni no profit pi\u00f9 piccole.","robots":{"index":"index","follow":"follow","max-snippet":"max-snippet:-1","max-image-preview":"max-image-preview:large","max-video-preview":"max-video-preview:-1"},"canonical":"https:\/\/www.accuratereviews.com\/it\/piattaforme-per-fundraising\/flipcause-recensione\/","og_locale":"it_IT","og_type":"article","og_title":"Flipcause: software per fundraising recensione - Accurate Reviews","og_description":"Flipcause\u00a0\u00e8\u00a0un software per fundraising che si rivolge principalmente alle organizzazioni no profit pi\u00f9 piccole.","og_url":"https:\/\/www.accuratereviews.com\/it\/piattaforme-per-fundraising\/flipcause-recensione\/","og_site_name":"Accurate Reviews","og_image":[{"width":722,"height":220,"url":"https:\/\/www.accuratereviews.com\/wp-content\/uploads\/2021\/02\/Unknown-12.28.47.png","type":"image\/png"}],"twitter_card":"summary_large_image","twitter_misc":{"Tempo di lettura stimato":"3 minuti"},"schema":{"@context":"https:\/\/schema.org","@graph":[{"@type":"WebPage","@id":"https:\/\/www.accuratereviews.com\/it\/piattaforme-per-fundraising\/flipcause-recensione\/","url":"https:\/\/www.accuratereviews.com\/it\/piattaforme-per-fundraising\/flipcause-recensione\/","name":"Flipcause: software per fundraising recensione - Accurate Reviews","isPartOf":{"@id":"https:\/\/www.accuratereviews.com\/it\/#website"},"primaryImageOfPage":{"@id":"https:\/\/www.accuratereviews.com\/it\/piattaforme-per-fundraising\/flipcause-recensione\/#primaryimage"},"image":{"@id":"https:\/\/www.accuratereviews.com\/it\/piattaforme-per-fundraising\/flipcause-recensione\/#primaryimage"},"thumbnailUrl":"https:\/\/www.accuratereviews.com\/wp-content\/uploads\/2021\/02\/Unknown-12.28.47.png","datePublished":"2021-02-05T14:42:32+00:00","description":"Flipcause\u00a0\u00e8\u00a0un software per fundraising che si rivolge principalmente alle organizzazioni no profit pi\u00f9 piccole.","breadcrumb":{"@id":"https:\/\/www.accuratereviews.com\/it\/piattaforme-per-fundraising\/flipcause-recensione\/#breadcrumb"},"inLanguage":"it-IT","potentialAction":[{"@type":"ReadAction","target":["https:\/\/www.accuratereviews.com\/it\/piattaforme-per-fundraising\/flipcause-recensione\/"]}]},{"@type":"ImageObject","inLanguage":"it-IT","@id":"https:\/\/www.accuratereviews.com\/it\/piattaforme-per-fundraising\/flipcause-recensione\/#primaryimage","url":"https:\/\/www.accuratereviews.com\/wp-content\/uploads\/2021\/02\/Unknown-12.28.47.png","contentUrl":"https:\/\/www.accuratereviews.com\/wp-content\/uploads\/2021\/02\/Unknown-12.28.47.png","width":722,"height":220},{"@type":"BreadcrumbList","@id":"https:\/\/www.accuratereviews.com\/it\/piattaforme-per-fundraising\/flipcause-recensione\/#breadcrumb","itemListElement":[{"@type":"ListItem","position":1,"name":"Home","item":"https:\/\/www.accuratereviews.com\/it\/"},{"@type":"ListItem","position":2,"name":"Piattaforme per fundraising","item":"https:\/\/www.accuratereviews.com\/it\/piattaforme-per-fundraising\/"},{"@type":"ListItem","position":3,"name":"Flipcause"}]},{"@type":"WebSite","@id":"https:\/\/www.accuratereviews.com\/it\/#website","url":"https:\/\/www.accuratereviews.com\/it\/","name":"Accurate Reviews","description":"","potentialAction":[{"@type":"SearchAction","target":{"@type":"EntryPoint","urlTemplate":"https:\/\/www.accuratereviews.com\/it\/?s={search_term_string}"},"query-input":{"@type":"PropertyValueSpecification","valueRequired":true,"valueName":"search_term_string"}}],"inLanguage":"it-IT"}]}},"_links":{"self":[{"href":"https:\/\/www.accuratereviews.com\/it\/wp-json\/wp\/v2\/pages\/36885","targetHints":{"allow":["GET"]}}],"collection":[{"href":"https:\/\/www.accuratereviews.com\/it\/wp-json\/wp\/v2\/pages"}],"about":[{"href":"https:\/\/www.accuratereviews.com\/it\/wp-json\/wp\/v2\/types\/page"}],"author":[{"embeddable":true,"href":"https:\/\/www.accuratereviews.com\/it\/wp-json\/wp\/v2\/users\/17"}],"replies":[{"embeddable":true,"href":"https:\/\/www.accuratereviews.com\/it\/wp-json\/wp\/v2\/comments?post=36885"}],"version-history":[{"count":4,"href":"https:\/\/www.accuratereviews.com\/it\/wp-json\/wp\/v2\/pages\/36885\/revisions"}],"predecessor-version":[{"id":36915,"href":"https:\/\/www.accuratereviews.com\/it\/wp-json\/wp\/v2\/pages\/36885\/revisions\/36915"}],"up":[{"embeddable":true,"href":"https:\/\/www.accuratereviews.com\/it\/wp-json\/wp\/v2\/pages\/35419"}],"wp:featuredmedia":[{"embeddable":true,"href":"https:\/\/www.accuratereviews.com\/it\/wp-json\/wp\/v2\/media\/36893"}],"wp:attachment":[{"href":"https:\/\/www.accuratereviews.com\/it\/wp-json\/wp\/v2\/media?parent=36885"}],"wp:term":[{"taxonomy":"category","embeddable":true,"href":"https:\/\/www.accuratereviews.com\/it\/wp-json\/wp\/v2\/categories?post=36885"},{"taxonomy":"post_tag","embeddable":true,"href":"https:\/\/www.accuratereviews.com\/it\/wp-json\/wp\/v2\/tags?post=36885"},{"taxonomy":"features","embeddable":true,"href":"https:\/\/www.accuratereviews.com\/it\/wp-json\/wp\/v2\/features?post=36885"}],"curies":[{"name":"wp","href":"https:\/\/api.w.org\/{rel}","templated":true}]}}