{"id":37530,"date":"2021-02-22T14:05:38","date_gmt":"2021-02-22T14:05:38","guid":{"rendered":"https:\/\/www.accuratereviews.com\/?page_id=37530"},"modified":"2021-02-22T14:05:38","modified_gmt":"2021-02-22T14:05:38","slug":"cis-utility-billing-recensione","status":"publish","type":"page","link":"https:\/\/www.accuratereviews.com\/it\/programmi-per-bollette\/cis-utility-billing-recensione\/","title":{"rendered":"CIS Utility Billing"},"content":{"rendered":"<p><strong>CIS Utility Billing<\/strong> \u00e8 una <strong>soluzione basata sul web<\/strong> progettata per assistere i Comuni nella <strong>lettura dei contatori<\/strong> e nella gestione della tariffe. Le caratteristiche principali includono il controllo, la scansione degli assegni, la pianificazione dei processi, la fatturazione elettronica, la gestione degli account dei clienti, i rapporti e gli avvisi. L&#8217;applicazione \u00e8 dotata di una funzione di lettura automatica dei contatori, che consente ai supervisori di raccogliere dati sui consumi e sullo stato di acqua, fognature, gas, elettricit\u00e0 e rifiuti e trasformarli per facilitare la fatturazione. I manager possono utilizzare il modulo di gestione delle risorse di lavoro per monitorare le apparecchiature, assegnare compiti ai dipendenti e programmare la manutenzione degli impianti. Inoltre, con il portale self-service, i clienti possono visualizzare i dati di utilizzo individuali e connettersi con i fornitori di utenze per controllare i pagamenti delle fatture.<\/p>\n<h2>CIS UTILITY BILLING &#8211; TUTORIAL<\/h2>\n<p>Ecco un video in cui illustra come pu\u00f2 aiutarti questo <strong>programma per bollette<\/strong> nel tuo lavoro:<\/p>\n<div id=\"fluid-wrapper-counter-1\" class=\"g1-fluid-wrapper \" style=\"width:686px;\">\n<div style=\"padding-bottom:56.268221574344%;\"><iframe loading=\"lazy\" title=\"CUSI | Utility Billing Software\" width=\"686\" height=\"386\" src=\"https:\/\/www.youtube.com\/embed\/vMeZac7Vqy4?feature=oembed&amp;wmode=transparent&amp;autohide=1&amp;autoplay=0&amp;disablekb=0&amp;fs=1&amp;loop=0&amp;enablejsapi=1&amp;rel=0&amp;controls=2&amp;showinfo=0&amp;wmode=transparent&amp;autohide=2&amp;autoplay=0&amp;disablekb=0&amp;fs=1&amp;loop=0&amp;enablejsapi=1&amp;rel=0&amp;controls=2&amp;showinfo=1\" frameborder=\"0\" allow=\"accelerometer; autoplay; clipboard-write; encrypted-media; gyroscope; picture-in-picture\" allowfullscreen><\/iframe><\/div>\n<\/div>\n<h2>CIS UTILITY BILLING &#8211; CARATTERISTICHE<\/h2>\n<ul>\n<li>Lettura automatica dei contatori<\/li>\n<li>Fatturazione e gestione dei pagamenti<\/li>\n<li>Amministrazione aziendale<\/li>\n<li>Gestione account cliente<\/li>\n<li>Avvisi di eventi e pianificazione dei processi<\/li>\n<li>Gestione del contatore<\/li>\n<li>Servizi e soluzioni di pagamento<\/li>\n<li>Gestione della struttura tariffaria<\/li>\n<li>Controlli di sicurezza e audit<\/li>\n<li>Analisi dei dati di utilizzo<\/li>\n<li>Intercettazione di assegni bancari<\/li>\n<\/ul>\n<h4>LE RECENSIONI DEGLI UTENTI<\/h4>\n<p class=\"font-weight-bold mb-1 d-flex align-items-center\"><strong>Swapnil P.&#8221;Ottimo software, servizio straordinario&#8221;<\/strong><\/p>\n<p><strong>Pro: <\/strong>\u00c8 cos\u00ec facile e conveniente sincronizzare le letture del contatore con questo prodotto. Lo uso da un po &#8216;di tempo e mi assicuro anche di aggiornarlo ogni volta che \u00e8 disponibile un nuovo aggiornamento. Il servizio clienti in particolare \u00e8 davvero degno di nota. Molto paziente e ben addestrato.<\/p>\n<p><strong>Contro: <\/strong>Finora non ho mai avuto esperienze negative con questo prodotto e spero di non averne mai pi\u00f9 in futuro. Quindi lo consiglier\u00f2 a tutti.<\/p>\n<p><strong>Jerry L.&#8221;Eccellente software di fatturazione delle utenze&#8221;<\/strong><\/p>\n<p><strong>Vantaggi: <\/strong>Il personale di supporto tecnico \u00e8 INCREDIBILE! Molto competente e professionale. Ci sono cos\u00ec tante opzioni e funzioni con questo software. \u00c8 molto dettagliato e ci sono tanti moduli diversi per aiutare a gestire ogni aspetto del business. Ha anche funzioni di reporting molto dettagliate.<\/p>\n<p><strong>Inconvenienti: <\/strong>A volte il programma impiega un po &#8216;pi\u00f9 di tempo per caricare le informazioni, in particolare durante i processi ad alta intensit\u00e0 di memoria come il calcolo delle bollette o l&#8217;esecuzione di rapporti dettagliati con molti criteri.<\/p>\n<p class=\"font-weight-bold mb-1 d-flex align-items-center\"><strong>Tanya S.&#8221;La migliore compagnia di sempre!&#8221;<\/strong><\/p>\n<p><strong>Commenti: <\/strong>Lavoro in NDWS da 20 anni e il CUSI era il sistema di fatturazione quando ho iniziato. Non avevo alcuna formazione dalla persona prima di me ed ero l&#8217;unico in ufficio in quel momento. Quindi inutile dire che ero molto al telefono con loro allora. Negli anni il CUSI non ha fatto altro che migliorare sempre di pi\u00f9. Sono grato di essere cresciuto con persone cos\u00ec fantastiche che sono disposte a rimanere al telefono con te per tutto il tempo necessario per ottenere le cose chieste. Grazie di tutto CUSI!<\/p>\n<p>&nbsp;<\/p>\n","protected":false},"excerpt":{"rendered":"<p>CIS Utility Billing \u00e8 una soluzione basata sul web progettata per assistere i comuni nella lettura dei contatori e nella gestione della tariffe. Le caratteristiche principali includono il controllo, la scansione degli assegni, la pianificazione dei processi, la fatturazione elettronica, la gestione degli account dei clienti, i rapporti e gli avvisi.<\/p>\n","protected":false},"author":19,"featured_media":37536,"parent":37528,"menu_order":0,"comment_status":"open","ping_status":"closed","template":"g1_template_page_review_new.php","meta":{"_acf_changed":false,"cwp_meta_box_check":"Yes","cwp_rev_product_name":"","cwp_rev_product_image":"","wppr_links":[],"cwp_rev_price":"","wppr_options":[],"wppr_pros":[],"wppr_cons":[],"_monsterinsights_skip_tracking":false,"_monsterinsights_sitenote_active":false,"_monsterinsights_sitenote_note":"","_monsterinsights_sitenote_category":0,"footnotes":""},"categories":[5020],"tags":[5126,5127,5128,5122,5125,5123,5124],"features":[],"class_list":{"0":"post-37530","1":"page","2":"type-page","3":"status-publish","4":"has-post-thumbnail","6":"category-programmi-per-bollette-categoria","7":"tag-cis-utility-billing","8":"tag-gestione-delle-tariffe","9":"tag-letture-dei-contatori","10":"tag-piattaforma-per-bollette","11":"tag-programma-per-bollette","12":"tag-software-per-bollete","13":"tag-soluzione-per-bollette"},"wppr_data":{"cwp_meta_box_check":"Yes","cwp_rev_product_name":"","cwp_rev_product_image":"","cwp_image_link":"image","cwp_rev_price":"","wppr_rating":"0.00"},"acf":[],"yoast_head":"<!-- This site is optimized with the Yoast SEO plugin v27.4 - https:\/\/yoast.com\/product\/yoast-seo-wordpress\/ -->\n<title>CIS Utility Billing: recensione programmi per bollette - Accurate Reviews<\/title>\n<meta name=\"description\" content=\"CIS Utility Billing: recensione soluzione basata sul web per assistere i comuni nella lettura dei contatori e nella gestione delle tariffe.\" \/>\n<meta name=\"robots\" content=\"index, follow, max-snippet:-1, max-image-preview:large, max-video-preview:-1\" \/>\n<link rel=\"canonical\" href=\"https:\/\/www.accuratereviews.com\/it\/programmi-per-bollette\/cis-utility-billing-recensione\/\" \/>\n<meta property=\"og:locale\" content=\"it_IT\" \/>\n<meta property=\"og:type\" content=\"article\" \/>\n<meta property=\"og:title\" content=\"CIS Utility Billing: recensione programmi per bollette - Accurate Reviews\" \/>\n<meta property=\"og:description\" content=\"CIS Utility Billing: recensione soluzione basata sul web per assistere i comuni nella lettura dei contatori e nella gestione delle tariffe.\" \/>\n<meta property=\"og:url\" content=\"https:\/\/www.accuratereviews.com\/it\/programmi-per-bollette\/cis-utility-billing-recensione\/\" \/>\n<meta property=\"og:site_name\" content=\"Accurate Reviews\" \/>\n<meta property=\"og:image\" content=\"https:\/\/www.accuratereviews.com\/wp-content\/uploads\/2021\/02\/cusi.jpeg\" \/>\n\t<meta property=\"og:image:width\" content=\"225\" \/>\n\t<meta property=\"og:image:height\" content=\"225\" \/>\n\t<meta property=\"og:image:type\" content=\"image\/jpeg\" \/>\n<meta name=\"twitter:card\" content=\"summary_large_image\" \/>\n<meta name=\"twitter:label1\" content=\"Tempo di lettura stimato\" \/>\n\t<meta name=\"twitter:data1\" content=\"3 minuti\" \/>\n<script type=\"application\/ld+json\" class=\"yoast-schema-graph\">{\"@context\":\"https:\\\/\\\/schema.org\",\"@graph\":[{\"@type\":\"WebPage\",\"@id\":\"https:\\\/\\\/www.accuratereviews.com\\\/it\\\/programmi-per-bollette\\\/cis-utility-billing-recensione\\\/\",\"url\":\"https:\\\/\\\/www.accuratereviews.com\\\/it\\\/programmi-per-bollette\\\/cis-utility-billing-recensione\\\/\",\"name\":\"CIS Utility Billing: recensione programmi per bollette - Accurate Reviews\",\"isPartOf\":{\"@id\":\"https:\\\/\\\/www.accuratereviews.com\\\/it\\\/#website\"},\"primaryImageOfPage\":{\"@id\":\"https:\\\/\\\/www.accuratereviews.com\\\/it\\\/programmi-per-bollette\\\/cis-utility-billing-recensione\\\/#primaryimage\"},\"image\":{\"@id\":\"https:\\\/\\\/www.accuratereviews.com\\\/it\\\/programmi-per-bollette\\\/cis-utility-billing-recensione\\\/#primaryimage\"},\"thumbnailUrl\":\"https:\\\/\\\/www.accuratereviews.com\\\/wp-content\\\/uploads\\\/2021\\\/02\\\/cusi.jpeg\",\"datePublished\":\"2021-02-22T14:05:38+00:00\",\"description\":\"CIS Utility Billing: recensione soluzione basata sul web per assistere i comuni nella lettura dei contatori e nella gestione delle tariffe.\",\"breadcrumb\":{\"@id\":\"https:\\\/\\\/www.accuratereviews.com\\\/it\\\/programmi-per-bollette\\\/cis-utility-billing-recensione\\\/#breadcrumb\"},\"inLanguage\":\"it-IT\",\"potentialAction\":[{\"@type\":\"ReadAction\",\"target\":[\"https:\\\/\\\/www.accuratereviews.com\\\/it\\\/programmi-per-bollette\\\/cis-utility-billing-recensione\\\/\"]}]},{\"@type\":\"ImageObject\",\"inLanguage\":\"it-IT\",\"@id\":\"https:\\\/\\\/www.accuratereviews.com\\\/it\\\/programmi-per-bollette\\\/cis-utility-billing-recensione\\\/#primaryimage\",\"url\":\"https:\\\/\\\/www.accuratereviews.com\\\/wp-content\\\/uploads\\\/2021\\\/02\\\/cusi.jpeg\",\"contentUrl\":\"https:\\\/\\\/www.accuratereviews.com\\\/wp-content\\\/uploads\\\/2021\\\/02\\\/cusi.jpeg\",\"width\":225,\"height\":225},{\"@type\":\"BreadcrumbList\",\"@id\":\"https:\\\/\\\/www.accuratereviews.com\\\/it\\\/programmi-per-bollette\\\/cis-utility-billing-recensione\\\/#breadcrumb\",\"itemListElement\":[{\"@type\":\"ListItem\",\"position\":1,\"name\":\"Home\",\"item\":\"https:\\\/\\\/www.accuratereviews.com\\\/it\\\/\"},{\"@type\":\"ListItem\",\"position\":2,\"name\":\"Programmi per bollette\",\"item\":\"https:\\\/\\\/www.accuratereviews.com\\\/it\\\/programmi-per-bollette\\\/\"},{\"@type\":\"ListItem\",\"position\":3,\"name\":\"CIS Utility Billing\"}]},{\"@type\":\"WebSite\",\"@id\":\"https:\\\/\\\/www.accuratereviews.com\\\/it\\\/#website\",\"url\":\"https:\\\/\\\/www.accuratereviews.com\\\/it\\\/\",\"name\":\"Accurate Reviews\",\"description\":\"\",\"potentialAction\":[{\"@type\":\"SearchAction\",\"target\":{\"@type\":\"EntryPoint\",\"urlTemplate\":\"https:\\\/\\\/www.accuratereviews.com\\\/it\\\/?s={search_term_string}\"},\"query-input\":{\"@type\":\"PropertyValueSpecification\",\"valueRequired\":true,\"valueName\":\"search_term_string\"}}],\"inLanguage\":\"it-IT\"}]}<\/script>\n<!-- \/ Yoast SEO plugin. -->","yoast_head_json":{"title":"CIS Utility Billing: recensione programmi per bollette - Accurate Reviews","description":"CIS Utility Billing: recensione soluzione basata sul web per assistere i comuni nella lettura dei contatori e nella gestione delle tariffe.","robots":{"index":"index","follow":"follow","max-snippet":"max-snippet:-1","max-image-preview":"max-image-preview:large","max-video-preview":"max-video-preview:-1"},"canonical":"https:\/\/www.accuratereviews.com\/it\/programmi-per-bollette\/cis-utility-billing-recensione\/","og_locale":"it_IT","og_type":"article","og_title":"CIS Utility Billing: recensione programmi per bollette - Accurate Reviews","og_description":"CIS Utility Billing: recensione soluzione basata sul web per assistere i comuni nella lettura dei contatori e nella gestione delle tariffe.","og_url":"https:\/\/www.accuratereviews.com\/it\/programmi-per-bollette\/cis-utility-billing-recensione\/","og_site_name":"Accurate Reviews","og_image":[{"width":225,"height":225,"url":"https:\/\/www.accuratereviews.com\/wp-content\/uploads\/2021\/02\/cusi.jpeg","type":"image\/jpeg"}],"twitter_card":"summary_large_image","twitter_misc":{"Tempo di lettura stimato":"3 minuti"},"schema":{"@context":"https:\/\/schema.org","@graph":[{"@type":"WebPage","@id":"https:\/\/www.accuratereviews.com\/it\/programmi-per-bollette\/cis-utility-billing-recensione\/","url":"https:\/\/www.accuratereviews.com\/it\/programmi-per-bollette\/cis-utility-billing-recensione\/","name":"CIS Utility Billing: recensione programmi per bollette - Accurate Reviews","isPartOf":{"@id":"https:\/\/www.accuratereviews.com\/it\/#website"},"primaryImageOfPage":{"@id":"https:\/\/www.accuratereviews.com\/it\/programmi-per-bollette\/cis-utility-billing-recensione\/#primaryimage"},"image":{"@id":"https:\/\/www.accuratereviews.com\/it\/programmi-per-bollette\/cis-utility-billing-recensione\/#primaryimage"},"thumbnailUrl":"https:\/\/www.accuratereviews.com\/wp-content\/uploads\/2021\/02\/cusi.jpeg","datePublished":"2021-02-22T14:05:38+00:00","description":"CIS Utility Billing: recensione soluzione basata sul web per assistere i comuni nella lettura dei contatori e nella gestione delle tariffe.","breadcrumb":{"@id":"https:\/\/www.accuratereviews.com\/it\/programmi-per-bollette\/cis-utility-billing-recensione\/#breadcrumb"},"inLanguage":"it-IT","potentialAction":[{"@type":"ReadAction","target":["https:\/\/www.accuratereviews.com\/it\/programmi-per-bollette\/cis-utility-billing-recensione\/"]}]},{"@type":"ImageObject","inLanguage":"it-IT","@id":"https:\/\/www.accuratereviews.com\/it\/programmi-per-bollette\/cis-utility-billing-recensione\/#primaryimage","url":"https:\/\/www.accuratereviews.com\/wp-content\/uploads\/2021\/02\/cusi.jpeg","contentUrl":"https:\/\/www.accuratereviews.com\/wp-content\/uploads\/2021\/02\/cusi.jpeg","width":225,"height":225},{"@type":"BreadcrumbList","@id":"https:\/\/www.accuratereviews.com\/it\/programmi-per-bollette\/cis-utility-billing-recensione\/#breadcrumb","itemListElement":[{"@type":"ListItem","position":1,"name":"Home","item":"https:\/\/www.accuratereviews.com\/it\/"},{"@type":"ListItem","position":2,"name":"Programmi per bollette","item":"https:\/\/www.accuratereviews.com\/it\/programmi-per-bollette\/"},{"@type":"ListItem","position":3,"name":"CIS Utility Billing"}]},{"@type":"WebSite","@id":"https:\/\/www.accuratereviews.com\/it\/#website","url":"https:\/\/www.accuratereviews.com\/it\/","name":"Accurate Reviews","description":"","potentialAction":[{"@type":"SearchAction","target":{"@type":"EntryPoint","urlTemplate":"https:\/\/www.accuratereviews.com\/it\/?s={search_term_string}"},"query-input":{"@type":"PropertyValueSpecification","valueRequired":true,"valueName":"search_term_string"}}],"inLanguage":"it-IT"}]}},"_links":{"self":[{"href":"https:\/\/www.accuratereviews.com\/it\/wp-json\/wp\/v2\/pages\/37530","targetHints":{"allow":["GET"]}}],"collection":[{"href":"https:\/\/www.accuratereviews.com\/it\/wp-json\/wp\/v2\/pages"}],"about":[{"href":"https:\/\/www.accuratereviews.com\/it\/wp-json\/wp\/v2\/types\/page"}],"author":[{"embeddable":true,"href":"https:\/\/www.accuratereviews.com\/it\/wp-json\/wp\/v2\/users\/19"}],"replies":[{"embeddable":true,"href":"https:\/\/www.accuratereviews.com\/it\/wp-json\/wp\/v2\/comments?post=37530"}],"version-history":[{"count":13,"href":"https:\/\/www.accuratereviews.com\/it\/wp-json\/wp\/v2\/pages\/37530\/revisions"}],"predecessor-version":[{"id":37621,"href":"https:\/\/www.accuratereviews.com\/it\/wp-json\/wp\/v2\/pages\/37530\/revisions\/37621"}],"up":[{"embeddable":true,"href":"https:\/\/www.accuratereviews.com\/it\/wp-json\/wp\/v2\/pages\/37528"}],"wp:featuredmedia":[{"embeddable":true,"href":"https:\/\/www.accuratereviews.com\/it\/wp-json\/wp\/v2\/media\/37536"}],"wp:attachment":[{"href":"https:\/\/www.accuratereviews.com\/it\/wp-json\/wp\/v2\/media?parent=37530"}],"wp:term":[{"taxonomy":"category","embeddable":true,"href":"https:\/\/www.accuratereviews.com\/it\/wp-json\/wp\/v2\/categories?post=37530"},{"taxonomy":"post_tag","embeddable":true,"href":"https:\/\/www.accuratereviews.com\/it\/wp-json\/wp\/v2\/tags?post=37530"},{"taxonomy":"features","embeddable":true,"href":"https:\/\/www.accuratereviews.com\/it\/wp-json\/wp\/v2\/features?post=37530"}],"curies":[{"name":"wp","href":"https:\/\/api.w.org\/{rel}","templated":true}]}}