{"id":37548,"date":"2021-02-22T14:02:27","date_gmt":"2021-02-22T14:02:27","guid":{"rendered":"https:\/\/www.accuratereviews.com\/?page_id=37548"},"modified":"2021-02-22T17:05:06","modified_gmt":"2021-02-22T17:05:06","slug":"utilitybilling-recensione","status":"publish","type":"page","link":"https:\/\/www.accuratereviews.com\/it\/programmi-per-bollette\/utilitybilling-recensione\/","title":{"rendered":"UtilityBilling"},"content":{"rendered":"<p><strong>UtilityBilling<\/strong> \u00e8 un <strong>software completo di fatturazione delle utenze<\/strong> adatto per piccole startup o grandi aziende. La piattaforma offre fatturazione misurata, graduale e forfettaria, con pagamenti semplificati e lettura dei contatori. Gli utenti possono impostare promemoria automatici di pagamento tramite posta elettronica, visualizzare rapporti e persino lavorare mentre sono in movimento utilizzando l&#8217;app mobile. Il modulo <strong>UtilityBilling<\/strong> CRM (Customer Relationship Management) aiuta a tenere traccia di clienti, contatori e pagamenti in un&#8217;unica posizione. Il portale clienti permette a loro di pagare le bollette online. Le organizzazioni possono utilizzare la procedura guidata di fatturazione in quattro passaggi per inviare le fatture ai clienti tramite posta elettronica, nonch\u00e9 inviare automaticamente promemoria personalizzati e avvisi di riscossione.<\/p>\n<h2>UTILITYBILLING &#8211; TUTORIAL<\/h2>\n<p>Guardiamo insieme questo tutorial per vedere come utilizzare per la prima volta questo <strong>programma per bollette<\/strong>:<\/p>\n<div id=\"fluid-wrapper-counter-1\" class=\"g1-fluid-wrapper \" style=\"width:686px;\">\n<div style=\"padding-bottom:56.268221574344%;\"><iframe loading=\"lazy\" title=\"Utility Billing Get Started 1 - Enter Organization Details\" width=\"515\" height=\"386\" src=\"https:\/\/www.youtube.com\/embed\/DE8_VnDKL4A?list=PLWoJ92Ye2JuRw8dPM3A3hQoDTDFlbA2xT\" frameborder=\"0\" allow=\"accelerometer; autoplay; clipboard-write; encrypted-media; gyroscope; picture-in-picture\" allowfullscreen><\/iframe><\/div>\n<\/div>\n<h3>UTILITYBILLING &#8211; CARATTERISTICHE<\/h3>\n<ul>\n<li><strong>Fatture fuori dagli schemi:<\/strong> le fatture dei clienti sono un canale di comunicazione chiave. Nuovi formati dell&#8217;interfaccia ti danno la libert\u00e0 di scelta e la possibilit\u00e0 di cambiare. Fornisce fatturazione HTML completamente configurabile in base alle tue esigenze<\/li>\n<li><strong>Integrata con vari tipi di pagamento:<\/strong> la nuova integrazione dei pagamenti Waterworks accetta PAYPAL, addebito diretto da AMEX, VISA, MASTERCARD e conti bancari il che significa puoi pagare velocemente. Ci\u00f2 significa meno tempo speso a chiamare i clienti<\/li>\n<li><strong>Allocazione dei pagamenti semplificata<\/strong>: con Waterworks l&#8217;allocazione dei pagamenti \u00e8 semplice. Se il pagamento ha una corrispondenza esatta, verr\u00e0 assegnato automaticamente. In caso contrario avrai la possibilit\u00e0 di selezionare le tue allocazioni in linea con le tue regole aziendali<\/li>\n<li><strong>Funziona su molti dispositivi<\/strong>: il sistema \u00e8 ottimizzato per Mac e PC, il che significa che qualsiasi browser potr\u00e0 essere utilizzato<\/li>\n<li><strong>Assistenza clienti di prim&#8217;ordine<\/strong>: esamina una delle oltre 30 referenze dei clienti per vedere che il servizio clienti offerto da oltre 25 anni<\/li>\n<\/ul>\n<h4>LE RECENSIONI DEGLI UTENTI<\/h4>\n<p class=\"font-weight-bold mb-1 d-flex align-items-center\"><strong>Sharon L.&#8221;Eccellente programma di fatturazione dell&#8217;acqua&#8221;<\/strong><\/p>\n<p><strong>Commenti: <\/strong>Utilizziamo questo prodotto dalla met\u00e0 degli anni &#8217;90 e ne siamo rimasti soddisfatti. \u00c8 stato semplice da configurare e da imparare. Ogni volta che si verificava un problema, l&#8217;aiuto era solo una semplice email o telefonata con una risposta e una soluzione immediata. Eventuali suggerimenti per migliorare il prodotto o aggiungere un rapporto sono stati presi in considerazione durante l&#8217;aggiornamento successivo. A proposito, le notifiche email vengono sempre inviate in caso di aggiornamento. Ho parlato con molte sedi che hanno speso migliaia di dollari in pacchetti software costosi e fantasiosi e non erano contenti del risultato. Consiglierei Waterworks a chiunque disponga di un sistema di fatturazione dell&#8217;acqua, grande o piccolo. Fantastico prodotto!<\/p>\n<p class=\"font-weight-bold mb-1 d-flex align-items-center\"><strong>Michael W.&#8221;Il software Waterworks \u00e8 molto pi\u00f9 intuitivo del nostro software di fatturazione delle utenze&#8221;<\/strong><\/p>\n<p><strong>Commenti: <\/strong>Essendo una piccola citt\u00e0 non potevamo giustificare il costo di un costoso software di contabilit\u00e0 municipale. Abbiamo deciso di adattare Quickbooks alle nostre esigenze di contabilit\u00e0 e avevamo bisogno di un pacchetto software per la fatturazione delle utenze che si interfacciasse con Quickbooks. Waterworks ha soddisfatto questa esigenza e altro ancora. La transizione dal nostro precedente software di fatturazione delle utenze \u00e8 avvenuta in modo rapido e preciso. Il servizio clienti di Waterworks \u00e8 sempre stato cordiale, reattivo, tempestivo e competente. Il nostro personale contabile non potrebbe essere pi\u00f9 soddisfatto e anche il nostro revisore \u00e8 soddisfatto della capacit\u00e0 di reporting del software.<\/p>\n<p class=\"font-weight-bold mb-1 d-flex align-items-center\"><strong>Melanie C.&#8221;Software straordinario&#8221;<\/strong><\/p>\n<p><strong>Commenti: <\/strong>Questo software \u00e8 molto facile da capire, veloce da imparare a usare e se hai qualche domanda, nessuna problema, hanno un buon servizio clienti. Non \u00e8 solo come chiedere aiuto a un&#8217;azienda, ma a un amico. Quando chiamo Terri \u00e8 come ricevere un aiuto personale da un amico che sa tutto della mia azienda e di me come persona. Non ho mai o mai intenzione di passare a qualcun altro.<\/p>\n<p>&nbsp;<\/p>\n","protected":false},"excerpt":{"rendered":"<p>UtilityBilling \u00e8 un software completo di fatturazione delle utenze adatto per piccole startup o grandi aziende. La piattaforma offre fatturazione misurata, graduale e forfettaria, con pagamenti semplificati e lettura dei contatori. Gli utenti possono impostare promemoria automatici di pagamento tramite posta elettronica, visualizzare rapporti e persino lavorare mentre sono in movimento utilizzando l&#8217;app mobile.<\/p>\n","protected":false},"author":19,"featured_media":37553,"parent":37528,"menu_order":0,"comment_status":"open","ping_status":"closed","template":"g1_template_page_review_new.php","meta":{"_acf_changed":false,"cwp_meta_box_check":"Yes","cwp_rev_product_name":"","cwp_rev_product_image":"","wppr_links":[],"cwp_rev_price":"","wppr_options":[],"wppr_pros":[],"wppr_cons":[],"_monsterinsights_skip_tracking":false,"_monsterinsights_sitenote_active":false,"_monsterinsights_sitenote_note":"","_monsterinsights_sitenote_category":0,"footnotes":""},"categories":[5020],"tags":[396,5122,5125,5121,5124,5129],"features":[],"class_list":{"0":"post-37548","1":"page","2":"type-page","3":"status-publish","4":"has-post-thumbnail","6":"category-programmi-per-bollette-categoria","7":"tag-cloud","8":"tag-piattaforma-per-bollette","9":"tag-programma-per-bollette","10":"tag-software-per-bollette","11":"tag-soluzione-per-bollette","12":"tag-utility-billing"},"wppr_data":{"cwp_meta_box_check":"Yes","cwp_rev_product_name":"","cwp_rev_product_image":"","cwp_image_link":"image","cwp_rev_price":"","wppr_rating":"0.00"},"acf":[],"yoast_head":"<!-- This site is optimized with the Yoast SEO plugin v27.4 - https:\/\/yoast.com\/product\/yoast-seo-wordpress\/ -->\n<title>UtilityBilling: recensione programma per bollette - Accurate Reviews<\/title>\n<meta name=\"description\" content=\"UtilityBilling: recensione software completo di fatturazione delle utenze adatto per piccole startup o grandi aziende.\" \/>\n<meta name=\"robots\" content=\"index, follow, max-snippet:-1, max-image-preview:large, max-video-preview:-1\" \/>\n<link rel=\"canonical\" href=\"https:\/\/www.accuratereviews.com\/it\/programmi-per-bollette\/utilitybilling-recensione\/\" \/>\n<meta property=\"og:locale\" content=\"it_IT\" \/>\n<meta property=\"og:type\" content=\"article\" \/>\n<meta property=\"og:title\" content=\"UtilityBilling: recensione programma per bollette - Accurate Reviews\" \/>\n<meta property=\"og:description\" content=\"UtilityBilling: recensione software completo di fatturazione delle utenze adatto per piccole startup o grandi aziende.\" \/>\n<meta property=\"og:url\" content=\"https:\/\/www.accuratereviews.com\/it\/programmi-per-bollette\/utilitybilling-recensione\/\" \/>\n<meta property=\"og:site_name\" content=\"Accurate Reviews\" \/>\n<meta property=\"article:modified_time\" content=\"2021-02-22T17:05:06+00:00\" \/>\n<meta property=\"og:image\" content=\"https:\/\/www.accuratereviews.com\/wp-content\/uploads\/2021\/02\/utility-billing-in-the-cloud.png\" \/>\n\t<meta property=\"og:image:width\" content=\"600\" \/>\n\t<meta property=\"og:image:height\" content=\"315\" \/>\n\t<meta property=\"og:image:type\" content=\"image\/png\" \/>\n<meta name=\"twitter:card\" content=\"summary_large_image\" \/>\n<meta name=\"twitter:label1\" content=\"Tempo di lettura stimato\" \/>\n\t<meta name=\"twitter:data1\" content=\"3 minuti\" \/>\n<script type=\"application\/ld+json\" class=\"yoast-schema-graph\">{\"@context\":\"https:\\\/\\\/schema.org\",\"@graph\":[{\"@type\":\"WebPage\",\"@id\":\"https:\\\/\\\/www.accuratereviews.com\\\/it\\\/programmi-per-bollette\\\/utilitybilling-recensione\\\/\",\"url\":\"https:\\\/\\\/www.accuratereviews.com\\\/it\\\/programmi-per-bollette\\\/utilitybilling-recensione\\\/\",\"name\":\"UtilityBilling: recensione programma per bollette - Accurate Reviews\",\"isPartOf\":{\"@id\":\"https:\\\/\\\/www.accuratereviews.com\\\/it\\\/#website\"},\"primaryImageOfPage\":{\"@id\":\"https:\\\/\\\/www.accuratereviews.com\\\/it\\\/programmi-per-bollette\\\/utilitybilling-recensione\\\/#primaryimage\"},\"image\":{\"@id\":\"https:\\\/\\\/www.accuratereviews.com\\\/it\\\/programmi-per-bollette\\\/utilitybilling-recensione\\\/#primaryimage\"},\"thumbnailUrl\":\"https:\\\/\\\/www.accuratereviews.com\\\/wp-content\\\/uploads\\\/2021\\\/02\\\/utility-billing-in-the-cloud.png\",\"datePublished\":\"2021-02-22T14:02:27+00:00\",\"dateModified\":\"2021-02-22T17:05:06+00:00\",\"description\":\"UtilityBilling: recensione software completo di fatturazione delle utenze adatto per piccole startup o grandi aziende.\",\"breadcrumb\":{\"@id\":\"https:\\\/\\\/www.accuratereviews.com\\\/it\\\/programmi-per-bollette\\\/utilitybilling-recensione\\\/#breadcrumb\"},\"inLanguage\":\"it-IT\",\"potentialAction\":[{\"@type\":\"ReadAction\",\"target\":[\"https:\\\/\\\/www.accuratereviews.com\\\/it\\\/programmi-per-bollette\\\/utilitybilling-recensione\\\/\"]}]},{\"@type\":\"ImageObject\",\"inLanguage\":\"it-IT\",\"@id\":\"https:\\\/\\\/www.accuratereviews.com\\\/it\\\/programmi-per-bollette\\\/utilitybilling-recensione\\\/#primaryimage\",\"url\":\"https:\\\/\\\/www.accuratereviews.com\\\/wp-content\\\/uploads\\\/2021\\\/02\\\/utility-billing-in-the-cloud.png\",\"contentUrl\":\"https:\\\/\\\/www.accuratereviews.com\\\/wp-content\\\/uploads\\\/2021\\\/02\\\/utility-billing-in-the-cloud.png\",\"width\":600,\"height\":315},{\"@type\":\"BreadcrumbList\",\"@id\":\"https:\\\/\\\/www.accuratereviews.com\\\/it\\\/programmi-per-bollette\\\/utilitybilling-recensione\\\/#breadcrumb\",\"itemListElement\":[{\"@type\":\"ListItem\",\"position\":1,\"name\":\"Home\",\"item\":\"https:\\\/\\\/www.accuratereviews.com\\\/it\\\/\"},{\"@type\":\"ListItem\",\"position\":2,\"name\":\"Programmi per bollette\",\"item\":\"https:\\\/\\\/www.accuratereviews.com\\\/it\\\/programmi-per-bollette\\\/\"},{\"@type\":\"ListItem\",\"position\":3,\"name\":\"UtilityBilling\"}]},{\"@type\":\"WebSite\",\"@id\":\"https:\\\/\\\/www.accuratereviews.com\\\/it\\\/#website\",\"url\":\"https:\\\/\\\/www.accuratereviews.com\\\/it\\\/\",\"name\":\"Accurate Reviews\",\"description\":\"\",\"potentialAction\":[{\"@type\":\"SearchAction\",\"target\":{\"@type\":\"EntryPoint\",\"urlTemplate\":\"https:\\\/\\\/www.accuratereviews.com\\\/it\\\/?s={search_term_string}\"},\"query-input\":{\"@type\":\"PropertyValueSpecification\",\"valueRequired\":true,\"valueName\":\"search_term_string\"}}],\"inLanguage\":\"it-IT\"}]}<\/script>\n<!-- \/ Yoast SEO plugin. -->","yoast_head_json":{"title":"UtilityBilling: recensione programma per bollette - Accurate Reviews","description":"UtilityBilling: recensione software completo di fatturazione delle utenze adatto per piccole startup o grandi aziende.","robots":{"index":"index","follow":"follow","max-snippet":"max-snippet:-1","max-image-preview":"max-image-preview:large","max-video-preview":"max-video-preview:-1"},"canonical":"https:\/\/www.accuratereviews.com\/it\/programmi-per-bollette\/utilitybilling-recensione\/","og_locale":"it_IT","og_type":"article","og_title":"UtilityBilling: recensione programma per bollette - Accurate Reviews","og_description":"UtilityBilling: recensione software completo di fatturazione delle utenze adatto per piccole startup o grandi aziende.","og_url":"https:\/\/www.accuratereviews.com\/it\/programmi-per-bollette\/utilitybilling-recensione\/","og_site_name":"Accurate Reviews","article_modified_time":"2021-02-22T17:05:06+00:00","og_image":[{"width":600,"height":315,"url":"https:\/\/www.accuratereviews.com\/wp-content\/uploads\/2021\/02\/utility-billing-in-the-cloud.png","type":"image\/png"}],"twitter_card":"summary_large_image","twitter_misc":{"Tempo di lettura stimato":"3 minuti"},"schema":{"@context":"https:\/\/schema.org","@graph":[{"@type":"WebPage","@id":"https:\/\/www.accuratereviews.com\/it\/programmi-per-bollette\/utilitybilling-recensione\/","url":"https:\/\/www.accuratereviews.com\/it\/programmi-per-bollette\/utilitybilling-recensione\/","name":"UtilityBilling: recensione programma per bollette - Accurate Reviews","isPartOf":{"@id":"https:\/\/www.accuratereviews.com\/it\/#website"},"primaryImageOfPage":{"@id":"https:\/\/www.accuratereviews.com\/it\/programmi-per-bollette\/utilitybilling-recensione\/#primaryimage"},"image":{"@id":"https:\/\/www.accuratereviews.com\/it\/programmi-per-bollette\/utilitybilling-recensione\/#primaryimage"},"thumbnailUrl":"https:\/\/www.accuratereviews.com\/wp-content\/uploads\/2021\/02\/utility-billing-in-the-cloud.png","datePublished":"2021-02-22T14:02:27+00:00","dateModified":"2021-02-22T17:05:06+00:00","description":"UtilityBilling: recensione software completo di fatturazione delle utenze adatto per piccole startup o grandi aziende.","breadcrumb":{"@id":"https:\/\/www.accuratereviews.com\/it\/programmi-per-bollette\/utilitybilling-recensione\/#breadcrumb"},"inLanguage":"it-IT","potentialAction":[{"@type":"ReadAction","target":["https:\/\/www.accuratereviews.com\/it\/programmi-per-bollette\/utilitybilling-recensione\/"]}]},{"@type":"ImageObject","inLanguage":"it-IT","@id":"https:\/\/www.accuratereviews.com\/it\/programmi-per-bollette\/utilitybilling-recensione\/#primaryimage","url":"https:\/\/www.accuratereviews.com\/wp-content\/uploads\/2021\/02\/utility-billing-in-the-cloud.png","contentUrl":"https:\/\/www.accuratereviews.com\/wp-content\/uploads\/2021\/02\/utility-billing-in-the-cloud.png","width":600,"height":315},{"@type":"BreadcrumbList","@id":"https:\/\/www.accuratereviews.com\/it\/programmi-per-bollette\/utilitybilling-recensione\/#breadcrumb","itemListElement":[{"@type":"ListItem","position":1,"name":"Home","item":"https:\/\/www.accuratereviews.com\/it\/"},{"@type":"ListItem","position":2,"name":"Programmi per bollette","item":"https:\/\/www.accuratereviews.com\/it\/programmi-per-bollette\/"},{"@type":"ListItem","position":3,"name":"UtilityBilling"}]},{"@type":"WebSite","@id":"https:\/\/www.accuratereviews.com\/it\/#website","url":"https:\/\/www.accuratereviews.com\/it\/","name":"Accurate Reviews","description":"","potentialAction":[{"@type":"SearchAction","target":{"@type":"EntryPoint","urlTemplate":"https:\/\/www.accuratereviews.com\/it\/?s={search_term_string}"},"query-input":{"@type":"PropertyValueSpecification","valueRequired":true,"valueName":"search_term_string"}}],"inLanguage":"it-IT"}]}},"_links":{"self":[{"href":"https:\/\/www.accuratereviews.com\/it\/wp-json\/wp\/v2\/pages\/37548","targetHints":{"allow":["GET"]}}],"collection":[{"href":"https:\/\/www.accuratereviews.com\/it\/wp-json\/wp\/v2\/pages"}],"about":[{"href":"https:\/\/www.accuratereviews.com\/it\/wp-json\/wp\/v2\/types\/page"}],"author":[{"embeddable":true,"href":"https:\/\/www.accuratereviews.com\/it\/wp-json\/wp\/v2\/users\/19"}],"replies":[{"embeddable":true,"href":"https:\/\/www.accuratereviews.com\/it\/wp-json\/wp\/v2\/comments?post=37548"}],"version-history":[{"count":15,"href":"https:\/\/www.accuratereviews.com\/it\/wp-json\/wp\/v2\/pages\/37548\/revisions"}],"predecessor-version":[{"id":37627,"href":"https:\/\/www.accuratereviews.com\/it\/wp-json\/wp\/v2\/pages\/37548\/revisions\/37627"}],"up":[{"embeddable":true,"href":"https:\/\/www.accuratereviews.com\/it\/wp-json\/wp\/v2\/pages\/37528"}],"wp:featuredmedia":[{"embeddable":true,"href":"https:\/\/www.accuratereviews.com\/it\/wp-json\/wp\/v2\/media\/37553"}],"wp:attachment":[{"href":"https:\/\/www.accuratereviews.com\/it\/wp-json\/wp\/v2\/media?parent=37548"}],"wp:term":[{"taxonomy":"category","embeddable":true,"href":"https:\/\/www.accuratereviews.com\/it\/wp-json\/wp\/v2\/categories?post=37548"},{"taxonomy":"post_tag","embeddable":true,"href":"https:\/\/www.accuratereviews.com\/it\/wp-json\/wp\/v2\/tags?post=37548"},{"taxonomy":"features","embeddable":true,"href":"https:\/\/www.accuratereviews.com\/it\/wp-json\/wp\/v2\/features?post=37548"}],"curies":[{"name":"wp","href":"https:\/\/api.w.org\/{rel}","templated":true}]}}