{"id":37631,"date":"2021-02-23T12:56:43","date_gmt":"2021-02-23T12:56:43","guid":{"rendered":"https:\/\/www.accuratereviews.com\/?page_id=37631"},"modified":"2021-02-23T12:58:12","modified_gmt":"2021-02-23T12:58:12","slug":"munibilling-recensione","status":"publish","type":"page","link":"https:\/\/www.accuratereviews.com\/it\/programmi-per-bollette\/munibilling-recensione\/","title":{"rendered":"MuniBilling"},"content":{"rendered":"<p><strong>MuniBilling<\/strong> \u00e8 un<strong> programma per bollette<\/strong> che si rivolge principalmente a societ\u00e0 e associazioni di gestione privata, Comuni e Universit\u00e0 con il fine ultimo di fornire un servizio di fatturazione completo e semplice da usare. Si tratta di una piattaforma basata su cloud, utilizzata per gestire meglio le spese, le commissioni, le bollette, i report e tutte le attivit\u00e0 che normalmente richiedono tempi pi\u00f9 lunghi. \u00c8 un software sicuro che offre un servizio di lockbox, una vera e propria cassetta di sicurezza per i pagamenti delle bollette. Per quanto riguarda le fatture, <strong>MuniBilling<\/strong> \u00e8 molto pi\u00f9 rapido poich\u00e9 emette ed invia tutte le fatture elettronicamente ai tuoi clienti. Inoltre pu\u00f2 essere integrato con numerose altre applicazioni cos\u00ec da permettere un collegamento con gli strumenti che ti servono.<\/p>\n<h2>MUNIBILLING &#8211; TUTORIAL<\/h2>\n<p>Ecco un video in cui viene spiegato come funziona questo programma e come viene integrato a Rackspace per migliorare i servizi offerti ai clienti:<\/p>\n<div id=\"fluid-wrapper-counter-1\" class=\"g1-fluid-wrapper \" style=\"width:686px;\">\n<div style=\"padding-bottom:56.268221574344%;\"><iframe loading=\"lazy\" title=\"How MuniBilling uses Rackspace to better serve its customers\" width=\"686\" height=\"386\" src=\"https:\/\/www.youtube.com\/embed\/8VzAo44kQDw?feature=oembed&amp;wmode=transparent&amp;autohide=1&amp;autoplay=0&amp;disablekb=0&amp;fs=1&amp;loop=0&amp;enablejsapi=1&amp;rel=0&amp;controls=2&amp;showinfo=0&amp;wmode=transparent&amp;autohide=2&amp;autoplay=0&amp;disablekb=0&amp;fs=1&amp;loop=0&amp;enablejsapi=1&amp;rel=0&amp;controls=2&amp;showinfo=1\" frameborder=\"0\" allow=\"accelerometer; autoplay; clipboard-write; encrypted-media; gyroscope; picture-in-picture\" allowfullscreen><\/iframe><\/div>\n<\/div>\n<h3>MUNIBILLING &#8211; CARATTERISTICHE<\/h3>\n<p>Di seguito le sue principali caratteristiche:<\/p>\n<ul>\n<li><strong>Basato su cloud<\/strong>: sfrutta la comodit\u00e0 di poter lavorare in qualsiasi momento e da qualsiasi postazione lavorativa, che sia il tuo ufficio o la spiaggia<\/li>\n<li><strong>Servizio di stampa<\/strong>: ricevi le buste gi\u00e0 stampate con le bollette cos\u00ec da risparmiare tempo e spese di stampa<\/li>\n<li><strong>Fatturazione elettronica<\/strong>: i\u00a0tuoi clienti riceveranno tutte le fatture elettronicamente in modo semplice, veloce e senza costi aggiuntivi<\/li>\n<li><strong>Portale clienti<\/strong>: i tuoi clienti potranno accedere in ogni momento al portale<\/li>\n<li><strong>Ordini di servizio<\/strong>: crea facilmente\u00a0e assegnali all&#8217;interno della piattaforma con note, navigazione e facile input per il tuo team<\/li>\n<li><strong>Pagamenti Lockbox<\/strong>: il pagamento delle bollette avviene in modo sicuro grazie ad una vera e propria cassetta di sicurezza per i tuoi pagamenti<\/li>\n<li><strong>Integrazioni<\/strong>: potrai integrare altre applicazioni e strumenti che preferisci<\/li>\n<li><strong>Elaborazione dei pagamenti integrata<\/strong> attraverso tutte le principali carte\u00a0di credito statunitensi e pagamenti ACH per telefono o online<\/li>\n<li><strong>Integrazioni con tutti i sistemi\u00a0di contatori<\/strong> e dispositivi di lettura dei contatori, riflettendo i dati dei contatori nella piattaforma<\/li>\n<\/ul>\n<h4>LE RECENSIONI DEGLI UTENTI<\/h4>\n<p><strong>Julie P. &#8220;Recensione di MuniBilling&#8221;<\/strong><br \/>\nCOMMENTI: MuniBilling con il team di conversione \u00e8 stato di grande aiuto nell&#8217;aiutare a far funzionare questo programma per il nostro cliente<br \/>\nPRO: il team di supporto \u00e8 molto disponibile e paziente<br \/>\nCONTRO: vorrei vedere altre opzioni di report<\/p>\n<p><strong>Heather M. &#8220;MERAVIGLIOSO!&#8221;<\/strong><br \/>\nCOMMENTI: fantastico supporto clienti. \u00c8 stato in grado di parlare con me, ha lanciato l&#8217;intero processo di cui avevo bisogno. sempre disposto ad aiutare!<br \/>\nPRO: molto semplice da usare!! Utente totalmente nuovo e ho trovato questo sistema incredibilmente facile<br \/>\nCONTRO: non ho trovato nulla che non mi piaccia di questo software!<\/p>\n<p><strong>Danielle J. &#8220;Servizio di prima classe&#8221;<\/strong><br \/>\nPRO: il servizio clienti durante il passaggio \u00e8 stato assolutamente fantastico. Siamo stati in grado di entrare in contatto con il supporto in molti modi diversi ogni volta che ne avevamo bisogno. Il programma \u00e8 cos\u00ec intuitivo e le funzionalit\u00e0 hanno un senso. Sembra quasi che sia stato personalizzato solo per noi!<br \/>\nCONTRO: la transizione ha richiesto molte raccolte e revisioni di dati piuttosto dettagliate, ma c&#8217;\u00e8 da aspettarselo quando si effettua un cambiamento di questa portata. Tuttavia, il personale di Munibilling \u00e8 stato molto disponibile e paziente. Eventuali singhiozzi sono stati risolti volontariamente e in modo molto tempestivo. Non ho davvero nulla di negativo da dire.<\/p>\n","protected":false},"excerpt":{"rendered":"<p>MuniBilling \u00e8 un programma per bollette che si rivolge principalmente a societ\u00e0 e associazioni di gestione privata, comuni, universit\u00e0 con il fine ultimo di fornire un servizio di fatturazione completo e semplice da usare. Si tratta di una piattaforma basata su cloud, utilizzata per gestire meglio le spese, le commissioni, le bollette, i report e tutte le attivit\u00e0 che normalmente richiedono tempi pi\u00f9 lunghi.<\/p>\n","protected":false},"author":17,"featured_media":37632,"parent":37528,"menu_order":0,"comment_status":"open","ping_status":"closed","template":"g1_template_page_review_new.php","meta":{"_acf_changed":false,"cwp_meta_box_check":"No","cwp_rev_product_name":"","cwp_rev_product_image":"","wppr_links":[],"cwp_rev_price":"","wppr_options":[],"wppr_pros":[],"wppr_cons":[],"_monsterinsights_skip_tracking":false,"_monsterinsights_sitenote_active":false,"_monsterinsights_sitenote_note":"","_monsterinsights_sitenote_category":0,"footnotes":""},"categories":[5020],"tags":[5122,5125,5119,365,5121,5120,5124],"features":[],"class_list":{"0":"post-37631","1":"page","2":"type-page","3":"status-publish","4":"has-post-thumbnail","6":"category-programmi-per-bollette-categoria","7":"tag-piattaforma-per-bollette","8":"tag-programma-per-bollette","9":"tag-programmi-per-bollette","10":"tag-software-di-fatturazione","11":"tag-software-per-bollette","12":"tag-soluzione-di-fatturazione","13":"tag-soluzione-per-bollette"},"wppr_data":{"cwp_meta_box_check":"No"},"acf":[],"yoast_head":"<!-- This site is optimized with the Yoast SEO plugin v27.4 - https:\/\/yoast.com\/product\/yoast-seo-wordpress\/ -->\n<title>MuniBilling: recensione programma bollette - Accurate Reviews<\/title>\n<meta name=\"description\" content=\"MuniBilling: recensione del programma per bollette basato su cloud, utilizzato per gestire meglio le spese, le commissioni e le bollette.\" \/>\n<meta name=\"robots\" content=\"index, follow, max-snippet:-1, max-image-preview:large, max-video-preview:-1\" \/>\n<link rel=\"canonical\" href=\"https:\/\/www.accuratereviews.com\/it\/programmi-per-bollette\/munibilling-recensione\/\" \/>\n<meta property=\"og:locale\" content=\"it_IT\" \/>\n<meta property=\"og:type\" content=\"article\" \/>\n<meta property=\"og:title\" content=\"MuniBilling: recensione programma bollette - Accurate Reviews\" \/>\n<meta property=\"og:description\" content=\"MuniBilling: recensione del programma per bollette basato su cloud, utilizzato per gestire meglio le spese, le commissioni e le bollette.\" \/>\n<meta property=\"og:url\" content=\"https:\/\/www.accuratereviews.com\/it\/programmi-per-bollette\/munibilling-recensione\/\" \/>\n<meta property=\"og:site_name\" content=\"Accurate Reviews\" \/>\n<meta property=\"article:modified_time\" content=\"2021-02-23T12:58:12+00:00\" \/>\n<meta property=\"og:image\" content=\"https:\/\/www.accuratereviews.com\/wp-content\/uploads\/2021\/02\/Schermata-2021-02-23-alle-10.04.20.png\" \/>\n\t<meta property=\"og:image:width\" content=\"584\" \/>\n\t<meta property=\"og:image:height\" content=\"262\" \/>\n\t<meta property=\"og:image:type\" content=\"image\/png\" \/>\n<meta name=\"twitter:card\" content=\"summary_large_image\" \/>\n<meta name=\"twitter:label1\" content=\"Tempo di lettura stimato\" \/>\n\t<meta name=\"twitter:data1\" content=\"3 minuti\" \/>\n<script type=\"application\/ld+json\" class=\"yoast-schema-graph\">{\"@context\":\"https:\\\/\\\/schema.org\",\"@graph\":[{\"@type\":\"WebPage\",\"@id\":\"https:\\\/\\\/www.accuratereviews.com\\\/it\\\/programmi-per-bollette\\\/munibilling-recensione\\\/\",\"url\":\"https:\\\/\\\/www.accuratereviews.com\\\/it\\\/programmi-per-bollette\\\/munibilling-recensione\\\/\",\"name\":\"MuniBilling: recensione programma bollette - Accurate Reviews\",\"isPartOf\":{\"@id\":\"https:\\\/\\\/www.accuratereviews.com\\\/it\\\/#website\"},\"primaryImageOfPage\":{\"@id\":\"https:\\\/\\\/www.accuratereviews.com\\\/it\\\/programmi-per-bollette\\\/munibilling-recensione\\\/#primaryimage\"},\"image\":{\"@id\":\"https:\\\/\\\/www.accuratereviews.com\\\/it\\\/programmi-per-bollette\\\/munibilling-recensione\\\/#primaryimage\"},\"thumbnailUrl\":\"https:\\\/\\\/www.accuratereviews.com\\\/wp-content\\\/uploads\\\/2021\\\/02\\\/Schermata-2021-02-23-alle-10.04.20.png\",\"datePublished\":\"2021-02-23T12:56:43+00:00\",\"dateModified\":\"2021-02-23T12:58:12+00:00\",\"description\":\"MuniBilling: recensione del programma per bollette basato su cloud, utilizzato per gestire meglio le spese, le commissioni e le bollette.\",\"breadcrumb\":{\"@id\":\"https:\\\/\\\/www.accuratereviews.com\\\/it\\\/programmi-per-bollette\\\/munibilling-recensione\\\/#breadcrumb\"},\"inLanguage\":\"it-IT\",\"potentialAction\":[{\"@type\":\"ReadAction\",\"target\":[\"https:\\\/\\\/www.accuratereviews.com\\\/it\\\/programmi-per-bollette\\\/munibilling-recensione\\\/\"]}]},{\"@type\":\"ImageObject\",\"inLanguage\":\"it-IT\",\"@id\":\"https:\\\/\\\/www.accuratereviews.com\\\/it\\\/programmi-per-bollette\\\/munibilling-recensione\\\/#primaryimage\",\"url\":\"https:\\\/\\\/www.accuratereviews.com\\\/wp-content\\\/uploads\\\/2021\\\/02\\\/Schermata-2021-02-23-alle-10.04.20.png\",\"contentUrl\":\"https:\\\/\\\/www.accuratereviews.com\\\/wp-content\\\/uploads\\\/2021\\\/02\\\/Schermata-2021-02-23-alle-10.04.20.png\",\"width\":584,\"height\":262},{\"@type\":\"BreadcrumbList\",\"@id\":\"https:\\\/\\\/www.accuratereviews.com\\\/it\\\/programmi-per-bollette\\\/munibilling-recensione\\\/#breadcrumb\",\"itemListElement\":[{\"@type\":\"ListItem\",\"position\":1,\"name\":\"Home\",\"item\":\"https:\\\/\\\/www.accuratereviews.com\\\/it\\\/\"},{\"@type\":\"ListItem\",\"position\":2,\"name\":\"Programmi per bollette\",\"item\":\"https:\\\/\\\/www.accuratereviews.com\\\/it\\\/programmi-per-bollette\\\/\"},{\"@type\":\"ListItem\",\"position\":3,\"name\":\"MuniBilling\"}]},{\"@type\":\"WebSite\",\"@id\":\"https:\\\/\\\/www.accuratereviews.com\\\/it\\\/#website\",\"url\":\"https:\\\/\\\/www.accuratereviews.com\\\/it\\\/\",\"name\":\"Accurate Reviews\",\"description\":\"\",\"potentialAction\":[{\"@type\":\"SearchAction\",\"target\":{\"@type\":\"EntryPoint\",\"urlTemplate\":\"https:\\\/\\\/www.accuratereviews.com\\\/it\\\/?s={search_term_string}\"},\"query-input\":{\"@type\":\"PropertyValueSpecification\",\"valueRequired\":true,\"valueName\":\"search_term_string\"}}],\"inLanguage\":\"it-IT\"}]}<\/script>\n<!-- \/ Yoast SEO plugin. -->","yoast_head_json":{"title":"MuniBilling: recensione programma bollette - Accurate Reviews","description":"MuniBilling: recensione del programma per bollette basato su cloud, utilizzato per gestire meglio le spese, le commissioni e le bollette.","robots":{"index":"index","follow":"follow","max-snippet":"max-snippet:-1","max-image-preview":"max-image-preview:large","max-video-preview":"max-video-preview:-1"},"canonical":"https:\/\/www.accuratereviews.com\/it\/programmi-per-bollette\/munibilling-recensione\/","og_locale":"it_IT","og_type":"article","og_title":"MuniBilling: recensione programma bollette - Accurate Reviews","og_description":"MuniBilling: recensione del programma per bollette basato su cloud, utilizzato per gestire meglio le spese, le commissioni e le bollette.","og_url":"https:\/\/www.accuratereviews.com\/it\/programmi-per-bollette\/munibilling-recensione\/","og_site_name":"Accurate Reviews","article_modified_time":"2021-02-23T12:58:12+00:00","og_image":[{"width":584,"height":262,"url":"https:\/\/www.accuratereviews.com\/wp-content\/uploads\/2021\/02\/Schermata-2021-02-23-alle-10.04.20.png","type":"image\/png"}],"twitter_card":"summary_large_image","twitter_misc":{"Tempo di lettura stimato":"3 minuti"},"schema":{"@context":"https:\/\/schema.org","@graph":[{"@type":"WebPage","@id":"https:\/\/www.accuratereviews.com\/it\/programmi-per-bollette\/munibilling-recensione\/","url":"https:\/\/www.accuratereviews.com\/it\/programmi-per-bollette\/munibilling-recensione\/","name":"MuniBilling: recensione programma bollette - Accurate Reviews","isPartOf":{"@id":"https:\/\/www.accuratereviews.com\/it\/#website"},"primaryImageOfPage":{"@id":"https:\/\/www.accuratereviews.com\/it\/programmi-per-bollette\/munibilling-recensione\/#primaryimage"},"image":{"@id":"https:\/\/www.accuratereviews.com\/it\/programmi-per-bollette\/munibilling-recensione\/#primaryimage"},"thumbnailUrl":"https:\/\/www.accuratereviews.com\/wp-content\/uploads\/2021\/02\/Schermata-2021-02-23-alle-10.04.20.png","datePublished":"2021-02-23T12:56:43+00:00","dateModified":"2021-02-23T12:58:12+00:00","description":"MuniBilling: recensione del programma per bollette basato su cloud, utilizzato per gestire meglio le spese, le commissioni e le bollette.","breadcrumb":{"@id":"https:\/\/www.accuratereviews.com\/it\/programmi-per-bollette\/munibilling-recensione\/#breadcrumb"},"inLanguage":"it-IT","potentialAction":[{"@type":"ReadAction","target":["https:\/\/www.accuratereviews.com\/it\/programmi-per-bollette\/munibilling-recensione\/"]}]},{"@type":"ImageObject","inLanguage":"it-IT","@id":"https:\/\/www.accuratereviews.com\/it\/programmi-per-bollette\/munibilling-recensione\/#primaryimage","url":"https:\/\/www.accuratereviews.com\/wp-content\/uploads\/2021\/02\/Schermata-2021-02-23-alle-10.04.20.png","contentUrl":"https:\/\/www.accuratereviews.com\/wp-content\/uploads\/2021\/02\/Schermata-2021-02-23-alle-10.04.20.png","width":584,"height":262},{"@type":"BreadcrumbList","@id":"https:\/\/www.accuratereviews.com\/it\/programmi-per-bollette\/munibilling-recensione\/#breadcrumb","itemListElement":[{"@type":"ListItem","position":1,"name":"Home","item":"https:\/\/www.accuratereviews.com\/it\/"},{"@type":"ListItem","position":2,"name":"Programmi per bollette","item":"https:\/\/www.accuratereviews.com\/it\/programmi-per-bollette\/"},{"@type":"ListItem","position":3,"name":"MuniBilling"}]},{"@type":"WebSite","@id":"https:\/\/www.accuratereviews.com\/it\/#website","url":"https:\/\/www.accuratereviews.com\/it\/","name":"Accurate Reviews","description":"","potentialAction":[{"@type":"SearchAction","target":{"@type":"EntryPoint","urlTemplate":"https:\/\/www.accuratereviews.com\/it\/?s={search_term_string}"},"query-input":{"@type":"PropertyValueSpecification","valueRequired":true,"valueName":"search_term_string"}}],"inLanguage":"it-IT"}]}},"_links":{"self":[{"href":"https:\/\/www.accuratereviews.com\/it\/wp-json\/wp\/v2\/pages\/37631","targetHints":{"allow":["GET"]}}],"collection":[{"href":"https:\/\/www.accuratereviews.com\/it\/wp-json\/wp\/v2\/pages"}],"about":[{"href":"https:\/\/www.accuratereviews.com\/it\/wp-json\/wp\/v2\/types\/page"}],"author":[{"embeddable":true,"href":"https:\/\/www.accuratereviews.com\/it\/wp-json\/wp\/v2\/users\/17"}],"replies":[{"embeddable":true,"href":"https:\/\/www.accuratereviews.com\/it\/wp-json\/wp\/v2\/comments?post=37631"}],"version-history":[{"count":7,"href":"https:\/\/www.accuratereviews.com\/it\/wp-json\/wp\/v2\/pages\/37631\/revisions"}],"predecessor-version":[{"id":37681,"href":"https:\/\/www.accuratereviews.com\/it\/wp-json\/wp\/v2\/pages\/37631\/revisions\/37681"}],"up":[{"embeddable":true,"href":"https:\/\/www.accuratereviews.com\/it\/wp-json\/wp\/v2\/pages\/37528"}],"wp:featuredmedia":[{"embeddable":true,"href":"https:\/\/www.accuratereviews.com\/it\/wp-json\/wp\/v2\/media\/37632"}],"wp:attachment":[{"href":"https:\/\/www.accuratereviews.com\/it\/wp-json\/wp\/v2\/media?parent=37631"}],"wp:term":[{"taxonomy":"category","embeddable":true,"href":"https:\/\/www.accuratereviews.com\/it\/wp-json\/wp\/v2\/categories?post=37631"},{"taxonomy":"post_tag","embeddable":true,"href":"https:\/\/www.accuratereviews.com\/it\/wp-json\/wp\/v2\/tags?post=37631"},{"taxonomy":"features","embeddable":true,"href":"https:\/\/www.accuratereviews.com\/it\/wp-json\/wp\/v2\/features?post=37631"}],"curies":[{"name":"wp","href":"https:\/\/api.w.org\/{rel}","templated":true}]}}