{"id":37636,"date":"2021-02-23T12:50:39","date_gmt":"2021-02-23T12:50:39","guid":{"rendered":"https:\/\/www.accuratereviews.com\/?page_id=37636"},"modified":"2021-02-23T12:50:39","modified_gmt":"2021-02-23T12:50:39","slug":"el-dorado-utility-billing-recensione","status":"publish","type":"page","link":"https:\/\/www.accuratereviews.com\/it\/programmi-per-bollette\/el-dorado-utility-billing-recensione\/","title":{"rendered":"El Dorado Utility Billing"},"content":{"rendered":"<p><strong>El Dorado Utility Billing<\/strong> \u00e8 una <strong>soluzione di fatturazione delle utenze<\/strong> basata su <strong>cloud<\/strong> progettata per assistere Comuni, gestori di propriet\u00e0 e fornitori di servizi per il calcolo automatico e la creazione di fatture. Le caratteristiche principali includono il monitoraggio del consumo, la gestione dell&#8217;account del cliente e il reporting finanziario. Il software include un modulo multi-contatore, che aiuta i proprietari di immobili a creare e inviare fatture ai residenti per vari servizi comunitari come acqua, gas ed elettricit\u00e0. I supervisori possono utilizzare il sistema degli ordini di lavoro per assegnare i ticket di servizio ai tecnici tramite messaggi di testo, impostare le priorit\u00e0 del lavoro e tenere traccia dello stato dei ticket e dell&#8217;avanzamento del lavoro. I clienti possono visualizzare estratti conto attuali e passati, programmare pagamenti, inviare problemi e aggiornare le informazioni di fatturazione personali tramite un portale self-service.<\/p>\n<h2>EL DORADO UTILITY BILLING &#8211; TUTORIAL<\/h2>\n<p>Ecco come questo <strong>programma per le bollette<\/strong> ti far\u00e0 risparmiare tempo nel tuo lavoro:<\/p>\n<div id=\"fluid-wrapper-counter-1\" class=\"g1-fluid-wrapper \" style=\"width:686px;\">\n<div style=\"padding-bottom:56.268221574344%;\"><iframe loading=\"lazy\" title=\"Utility Billing\" width=\"686\" height=\"386\" src=\"https:\/\/www.youtube.com\/embed\/Mbw3dzYlHqc?feature=oembed&amp;wmode=transparent&amp;autohide=1&amp;autoplay=0&amp;disablekb=0&amp;fs=1&amp;loop=0&amp;enablejsapi=1&amp;rel=0&amp;controls=2&amp;showinfo=0&amp;wmode=transparent&amp;autohide=2&amp;autoplay=0&amp;disablekb=0&amp;fs=1&amp;loop=0&amp;enablejsapi=1&amp;rel=0&amp;controls=2&amp;showinfo=1\" frameborder=\"0\" allow=\"accelerometer; autoplay; clipboard-write; encrypted-media; gyroscope; picture-in-picture\" allowfullscreen><\/iframe><\/div>\n<\/div>\n<h3>EL DORADO UTILITY BILLING &#8211; CARATTERISTICHE<\/h3>\n<ul>\n<li>Ricco di funzionalit\u00e0 creato pensando alla sicurezza<\/li>\n<li>Fattura per tariffa fissa, contatore, multiutility, allocazione e RUB<\/li>\n<li>Scalabile per archiviare tutte le transazioni inclusi utilizzo, fatturazione, pagamenti, arrotondamenti, storni, penali per ritardo, addebiti speciali e ordini di servizio<\/li>\n<li>Controlli integrati per eliminare gli errori di fatturazione<\/li>\n<li>Migliora la riscossione delle bollette monitorando gli assegni, i privilegi, le penali in ritardo e la cronologia delle chiusure<\/li>\n<li>Include oltre 40 rapporti standard con la possibilit\u00e0 di personalizzare i propri rapporti<\/li>\n<li>Barra di navigazione del flusso di lavoro intuitiva per guidarti attraverso il processo di fatturazione<\/li>\n<li>Interfaccia di lettura contatori automatizzata e processo di cambio contatori<\/li>\n<li>Pubblica pagamenti rapidamente con sincronizzazione online, importazione batch o griglia di pagamento cliente<\/li>\n<li>Promemoria in tempo reale<\/li>\n<li>Dashboard aziendale con saldi aperti, pagamenti odierni e ordini di servizio<\/li>\n<li>Stampa di estratti conto e ricevute<\/li>\n<li>Individua i contatori con la mappatura GEO<\/li>\n<\/ul>\n<h4>LE RECENSIONI DEGLI UTENTI<\/h4>\n<p class=\"font-weight-bold mb-1 d-flex align-items-center\"><strong>James H.&#8221;Provalo, non guarderai mai indietro!&#8221;<\/strong><\/p>\n<p><strong>Commenti: <\/strong>La nostra relazione con El Dorado \u00e8 stata una vera amicizia. Non solo un rapporto cliente fornitore. Onestamente li sentiamo come se facessero parte del nostro team, lavorando per i nostri obiettivi. Si sentono come una famiglia.<\/p>\n<p><strong>Pro: <\/strong>La facilit\u00e0 con cui integra il nostro flusso di lavoro quotidiano. Dalla fatturazione ai clienti alla ricezione di pagamenti di ogni tipo. Di recente abbiamo avviato il nostro programma AMR con Itron. El Dorado si fece avanti. Il supporto tecnico durante la transizione \u00e8 stato irreprensibile.<\/p>\n<p><strong>Contro: <\/strong>Come utenti da oltre 10 anni, non ci perdiamo davvero molto. Ogni volta che abbiamo trovato qualcosa che pensiamo potrebbe piacerci, una chiamata e di solito viene implementata molto rapidamente. \u00c8 quasi come averne uno tuo\u00a0Reparto IT!<\/p>\n<p class=\"font-weight-bold mb-1 d-flex align-items-center\"><strong>Michael B.&#8221;Software di utilit\u00e0 dell&#8217;acqua&#8221;<\/strong><\/p>\n<p><strong>Commenti: <\/strong>Curve di apprendimento, supporto assistito con procedura dettagliata e configurazione della risoluzione dei problemi validi. Molto professionale dalle vendite all&#8217;installazione e alla creazione di account.<\/p>\n<p><strong>Pro: <\/strong>Servizio clienti e vendite molto eccellenti. Il software ha curve di apprendimento, come tutti i software. Ha tutte le funzionalit\u00e0 moderne, fatturazione, registrazione del contatore dell&#8217;acqua, collegamento con una bella funzionalit\u00e0 per tablet.<\/p>\n<p><strong>Contro: <\/strong>L&#8217;app per tablet dovrebbe avere una funzione di trasferimento automatico rispetto al trasferimento del file.<\/p>\n<p class=\"font-weight-bold mb-1 d-flex align-items-center\"><strong>Jeanne M.&#8221;Software di fatturazione di utilit\u00e0 El Dorado&#8221;<\/strong><\/p>\n<p><strong>Commenti: <\/strong>Amo il programma e non credo che potrei gestire la mia attivit\u00e0 senza di esso. Ho sempre sperimentato un servizio clienti meraviglioso da parte delle persone meravigliose collegate a questa azienda.<\/p>\n<p><strong>Pro: <\/strong>Faccio la contabilit\u00e0 per tre piccole societ\u00e0 idriche e questo software mi permette di passare rapidamente da un&#8217;azienda all&#8217;altra. \u00c8 facile da usare e soddisfa tutte le mie esigenze di fatturazione e archiviazione.<\/p>\n<p><strong>Contro: <\/strong>Ho una versione precedente del programma e utilizza un software separato (Crystal Reports) per compilare i report. In questa versione, i rapporti non sono cos\u00ec facili da personalizzare come vorrei, ma sono sicuro che \u00e8 migliorato nelle versioni pi\u00f9 recenti del software El Dorado Utility Billing.<\/p>\n","protected":false},"excerpt":{"rendered":"<p>El Dorado Utility Billing \u00e8 una soluzione di fatturazione delle utenze basata su cloud progettata per assistere comuni, gestori di propriet\u00e0 e fornitori di servizi per il calcolo automatico delle fatture e la creazione di fatture. Le caratteristiche principali includono il monitoraggio del consumo, la gestione dell&#8217;account del cliente e il reporting finanziario.<\/p>\n","protected":false},"author":16,"featured_media":37638,"parent":37528,"menu_order":0,"comment_status":"open","ping_status":"closed","template":"g1_template_page_review_new.php","meta":{"_acf_changed":false,"cwp_meta_box_check":"No","cwp_rev_product_name":"","cwp_rev_product_image":"","wppr_links":[],"cwp_rev_price":"","wppr_options":[],"wppr_pros":[],"wppr_cons":[],"_monsterinsights_skip_tracking":false,"_monsterinsights_sitenote_active":false,"_monsterinsights_sitenote_note":"","_monsterinsights_sitenote_category":0,"footnotes":""},"categories":[5020],"tags":[396,5155,5122,5125,5121,5124],"features":[],"class_list":{"0":"post-37636","1":"page","2":"type-page","3":"status-publish","4":"has-post-thumbnail","6":"category-programmi-per-bollette-categoria","7":"tag-cloud","8":"tag-el-dorado-utility-billing","9":"tag-piattaforma-per-bollette","10":"tag-programma-per-bollette","11":"tag-software-per-bollette","12":"tag-soluzione-per-bollette"},"wppr_data":{"cwp_meta_box_check":"No"},"acf":[],"yoast_head":"<!-- This site is optimized with the Yoast SEO plugin v27.4 - https:\/\/yoast.com\/product\/yoast-seo-wordpress\/ -->\n<title>El Dorado Utility Billing: recensione programma bollette - Accurate Reviews<\/title>\n<meta name=\"description\" content=\"El Dorado Utility Billing: recensione soluzione di fatturazione delle utenze basata su cloud progettata per comuni e gestori di propriet\u00e0.\" \/>\n<meta name=\"robots\" content=\"index, follow, max-snippet:-1, max-image-preview:large, max-video-preview:-1\" \/>\n<link rel=\"canonical\" href=\"https:\/\/www.accuratereviews.com\/it\/programmi-per-bollette\/el-dorado-utility-billing-recensione\/\" \/>\n<meta property=\"og:locale\" content=\"it_IT\" \/>\n<meta property=\"og:type\" content=\"article\" \/>\n<meta property=\"og:title\" content=\"El Dorado Utility Billing: recensione programma bollette - Accurate Reviews\" \/>\n<meta property=\"og:description\" content=\"El Dorado Utility Billing: recensione soluzione di fatturazione delle utenze basata su cloud progettata per comuni e gestori di propriet\u00e0.\" \/>\n<meta property=\"og:url\" content=\"https:\/\/www.accuratereviews.com\/it\/programmi-per-bollette\/el-dorado-utility-billing-recensione\/\" \/>\n<meta property=\"og:site_name\" content=\"Accurate Reviews\" \/>\n<meta property=\"og:image\" content=\"https:\/\/www.accuratereviews.com\/wp-content\/uploads\/2021\/02\/Schermata-2021-02-23-alle-10.47.39.png\" \/>\n\t<meta property=\"og:image:width\" content=\"482\" \/>\n\t<meta property=\"og:image:height\" content=\"206\" \/>\n\t<meta property=\"og:image:type\" content=\"image\/png\" \/>\n<meta name=\"twitter:card\" content=\"summary_large_image\" \/>\n<meta name=\"twitter:label1\" content=\"Tempo di lettura stimato\" \/>\n\t<meta name=\"twitter:data1\" content=\"3 minuti\" \/>\n<script type=\"application\/ld+json\" class=\"yoast-schema-graph\">{\"@context\":\"https:\\\/\\\/schema.org\",\"@graph\":[{\"@type\":\"WebPage\",\"@id\":\"https:\\\/\\\/www.accuratereviews.com\\\/it\\\/programmi-per-bollette\\\/el-dorado-utility-billing-recensione\\\/\",\"url\":\"https:\\\/\\\/www.accuratereviews.com\\\/it\\\/programmi-per-bollette\\\/el-dorado-utility-billing-recensione\\\/\",\"name\":\"El Dorado Utility Billing: recensione programma bollette - Accurate Reviews\",\"isPartOf\":{\"@id\":\"https:\\\/\\\/www.accuratereviews.com\\\/it\\\/#website\"},\"primaryImageOfPage\":{\"@id\":\"https:\\\/\\\/www.accuratereviews.com\\\/it\\\/programmi-per-bollette\\\/el-dorado-utility-billing-recensione\\\/#primaryimage\"},\"image\":{\"@id\":\"https:\\\/\\\/www.accuratereviews.com\\\/it\\\/programmi-per-bollette\\\/el-dorado-utility-billing-recensione\\\/#primaryimage\"},\"thumbnailUrl\":\"https:\\\/\\\/www.accuratereviews.com\\\/wp-content\\\/uploads\\\/2021\\\/02\\\/Schermata-2021-02-23-alle-10.47.39.png\",\"datePublished\":\"2021-02-23T12:50:39+00:00\",\"description\":\"El Dorado Utility Billing: recensione soluzione di fatturazione delle utenze basata su cloud progettata per comuni e gestori di propriet\u00e0.\",\"breadcrumb\":{\"@id\":\"https:\\\/\\\/www.accuratereviews.com\\\/it\\\/programmi-per-bollette\\\/el-dorado-utility-billing-recensione\\\/#breadcrumb\"},\"inLanguage\":\"it-IT\",\"potentialAction\":[{\"@type\":\"ReadAction\",\"target\":[\"https:\\\/\\\/www.accuratereviews.com\\\/it\\\/programmi-per-bollette\\\/el-dorado-utility-billing-recensione\\\/\"]}]},{\"@type\":\"ImageObject\",\"inLanguage\":\"it-IT\",\"@id\":\"https:\\\/\\\/www.accuratereviews.com\\\/it\\\/programmi-per-bollette\\\/el-dorado-utility-billing-recensione\\\/#primaryimage\",\"url\":\"https:\\\/\\\/www.accuratereviews.com\\\/wp-content\\\/uploads\\\/2021\\\/02\\\/Schermata-2021-02-23-alle-10.47.39.png\",\"contentUrl\":\"https:\\\/\\\/www.accuratereviews.com\\\/wp-content\\\/uploads\\\/2021\\\/02\\\/Schermata-2021-02-23-alle-10.47.39.png\",\"width\":482,\"height\":206},{\"@type\":\"BreadcrumbList\",\"@id\":\"https:\\\/\\\/www.accuratereviews.com\\\/it\\\/programmi-per-bollette\\\/el-dorado-utility-billing-recensione\\\/#breadcrumb\",\"itemListElement\":[{\"@type\":\"ListItem\",\"position\":1,\"name\":\"Home\",\"item\":\"https:\\\/\\\/www.accuratereviews.com\\\/it\\\/\"},{\"@type\":\"ListItem\",\"position\":2,\"name\":\"Programmi per bollette\",\"item\":\"https:\\\/\\\/www.accuratereviews.com\\\/it\\\/programmi-per-bollette\\\/\"},{\"@type\":\"ListItem\",\"position\":3,\"name\":\"El Dorado Utility Billing\"}]},{\"@type\":\"WebSite\",\"@id\":\"https:\\\/\\\/www.accuratereviews.com\\\/it\\\/#website\",\"url\":\"https:\\\/\\\/www.accuratereviews.com\\\/it\\\/\",\"name\":\"Accurate Reviews\",\"description\":\"\",\"potentialAction\":[{\"@type\":\"SearchAction\",\"target\":{\"@type\":\"EntryPoint\",\"urlTemplate\":\"https:\\\/\\\/www.accuratereviews.com\\\/it\\\/?s={search_term_string}\"},\"query-input\":{\"@type\":\"PropertyValueSpecification\",\"valueRequired\":true,\"valueName\":\"search_term_string\"}}],\"inLanguage\":\"it-IT\"}]}<\/script>\n<!-- \/ Yoast SEO plugin. -->","yoast_head_json":{"title":"El Dorado Utility Billing: recensione programma bollette - Accurate Reviews","description":"El Dorado Utility Billing: recensione soluzione di fatturazione delle utenze basata su cloud progettata per comuni e gestori di propriet\u00e0.","robots":{"index":"index","follow":"follow","max-snippet":"max-snippet:-1","max-image-preview":"max-image-preview:large","max-video-preview":"max-video-preview:-1"},"canonical":"https:\/\/www.accuratereviews.com\/it\/programmi-per-bollette\/el-dorado-utility-billing-recensione\/","og_locale":"it_IT","og_type":"article","og_title":"El Dorado Utility Billing: recensione programma bollette - Accurate Reviews","og_description":"El Dorado Utility Billing: recensione soluzione di fatturazione delle utenze basata su cloud progettata per comuni e gestori di propriet\u00e0.","og_url":"https:\/\/www.accuratereviews.com\/it\/programmi-per-bollette\/el-dorado-utility-billing-recensione\/","og_site_name":"Accurate Reviews","og_image":[{"width":482,"height":206,"url":"https:\/\/www.accuratereviews.com\/wp-content\/uploads\/2021\/02\/Schermata-2021-02-23-alle-10.47.39.png","type":"image\/png"}],"twitter_card":"summary_large_image","twitter_misc":{"Tempo di lettura stimato":"3 minuti"},"schema":{"@context":"https:\/\/schema.org","@graph":[{"@type":"WebPage","@id":"https:\/\/www.accuratereviews.com\/it\/programmi-per-bollette\/el-dorado-utility-billing-recensione\/","url":"https:\/\/www.accuratereviews.com\/it\/programmi-per-bollette\/el-dorado-utility-billing-recensione\/","name":"El Dorado Utility Billing: recensione programma bollette - Accurate Reviews","isPartOf":{"@id":"https:\/\/www.accuratereviews.com\/it\/#website"},"primaryImageOfPage":{"@id":"https:\/\/www.accuratereviews.com\/it\/programmi-per-bollette\/el-dorado-utility-billing-recensione\/#primaryimage"},"image":{"@id":"https:\/\/www.accuratereviews.com\/it\/programmi-per-bollette\/el-dorado-utility-billing-recensione\/#primaryimage"},"thumbnailUrl":"https:\/\/www.accuratereviews.com\/wp-content\/uploads\/2021\/02\/Schermata-2021-02-23-alle-10.47.39.png","datePublished":"2021-02-23T12:50:39+00:00","description":"El Dorado Utility Billing: recensione soluzione di fatturazione delle utenze basata su cloud progettata per comuni e gestori di propriet\u00e0.","breadcrumb":{"@id":"https:\/\/www.accuratereviews.com\/it\/programmi-per-bollette\/el-dorado-utility-billing-recensione\/#breadcrumb"},"inLanguage":"it-IT","potentialAction":[{"@type":"ReadAction","target":["https:\/\/www.accuratereviews.com\/it\/programmi-per-bollette\/el-dorado-utility-billing-recensione\/"]}]},{"@type":"ImageObject","inLanguage":"it-IT","@id":"https:\/\/www.accuratereviews.com\/it\/programmi-per-bollette\/el-dorado-utility-billing-recensione\/#primaryimage","url":"https:\/\/www.accuratereviews.com\/wp-content\/uploads\/2021\/02\/Schermata-2021-02-23-alle-10.47.39.png","contentUrl":"https:\/\/www.accuratereviews.com\/wp-content\/uploads\/2021\/02\/Schermata-2021-02-23-alle-10.47.39.png","width":482,"height":206},{"@type":"BreadcrumbList","@id":"https:\/\/www.accuratereviews.com\/it\/programmi-per-bollette\/el-dorado-utility-billing-recensione\/#breadcrumb","itemListElement":[{"@type":"ListItem","position":1,"name":"Home","item":"https:\/\/www.accuratereviews.com\/it\/"},{"@type":"ListItem","position":2,"name":"Programmi per bollette","item":"https:\/\/www.accuratereviews.com\/it\/programmi-per-bollette\/"},{"@type":"ListItem","position":3,"name":"El Dorado Utility Billing"}]},{"@type":"WebSite","@id":"https:\/\/www.accuratereviews.com\/it\/#website","url":"https:\/\/www.accuratereviews.com\/it\/","name":"Accurate Reviews","description":"","potentialAction":[{"@type":"SearchAction","target":{"@type":"EntryPoint","urlTemplate":"https:\/\/www.accuratereviews.com\/it\/?s={search_term_string}"},"query-input":{"@type":"PropertyValueSpecification","valueRequired":true,"valueName":"search_term_string"}}],"inLanguage":"it-IT"}]}},"_links":{"self":[{"href":"https:\/\/www.accuratereviews.com\/it\/wp-json\/wp\/v2\/pages\/37636","targetHints":{"allow":["GET"]}}],"collection":[{"href":"https:\/\/www.accuratereviews.com\/it\/wp-json\/wp\/v2\/pages"}],"about":[{"href":"https:\/\/www.accuratereviews.com\/it\/wp-json\/wp\/v2\/types\/page"}],"author":[{"embeddable":true,"href":"https:\/\/www.accuratereviews.com\/it\/wp-json\/wp\/v2\/users\/16"}],"replies":[{"embeddable":true,"href":"https:\/\/www.accuratereviews.com\/it\/wp-json\/wp\/v2\/comments?post=37636"}],"version-history":[{"count":10,"href":"https:\/\/www.accuratereviews.com\/it\/wp-json\/wp\/v2\/pages\/37636\/revisions"}],"predecessor-version":[{"id":37678,"href":"https:\/\/www.accuratereviews.com\/it\/wp-json\/wp\/v2\/pages\/37636\/revisions\/37678"}],"up":[{"embeddable":true,"href":"https:\/\/www.accuratereviews.com\/it\/wp-json\/wp\/v2\/pages\/37528"}],"wp:featuredmedia":[{"embeddable":true,"href":"https:\/\/www.accuratereviews.com\/it\/wp-json\/wp\/v2\/media\/37638"}],"wp:attachment":[{"href":"https:\/\/www.accuratereviews.com\/it\/wp-json\/wp\/v2\/media?parent=37636"}],"wp:term":[{"taxonomy":"category","embeddable":true,"href":"https:\/\/www.accuratereviews.com\/it\/wp-json\/wp\/v2\/categories?post=37636"},{"taxonomy":"post_tag","embeddable":true,"href":"https:\/\/www.accuratereviews.com\/it\/wp-json\/wp\/v2\/tags?post=37636"},{"taxonomy":"features","embeddable":true,"href":"https:\/\/www.accuratereviews.com\/it\/wp-json\/wp\/v2\/features?post=37636"}],"curies":[{"name":"wp","href":"https:\/\/api.w.org\/{rel}","templated":true}]}}