{"id":37655,"date":"2021-02-23T12:59:19","date_gmt":"2021-02-23T12:59:19","guid":{"rendered":"https:\/\/www.accuratereviews.com\/?page_id=37655"},"modified":"2021-02-23T12:59:19","modified_gmt":"2021-02-23T12:59:19","slug":"rural-billing-recensione","status":"publish","type":"page","link":"https:\/\/www.accuratereviews.com\/it\/programmi-per-bollette\/rural-billing-recensione\/","title":{"rendered":"Rural Billing"},"content":{"rendered":"<p><strong>Rural Billing<\/strong> \u00e8 un <strong>software di fatturazione<\/strong> creato per aziende private di piccole e medie dimensioni con l&#8217;intento di migliorare e facilitare la gestione delle spese, delle commissioni, delle tariffe differenziate e forfettarie, delle bollette e di tutte le utenze aziendali. Dispone di un servizio di <strong>fatturazione elettronica<\/strong> e di un sistema di pagamenti online. Il prezzo \u00e8 accessibile a tutti, poich\u00e9 si basa sul numero di clienti che serve la tua azienda.<br \/>\nOffre un pacchetto completo, semplice da installare e da usare e con un supporto clienti davvero efficiente, disponibile e in grado di fornire assistenza di alta qualit\u00e0.<\/p>\n<h2>RURAL BILLING &#8211; VIDEO INTRODUTTIVO<\/h2>\n<p>Di seguito un breve video che introduce questo <strong>programma per bollette<\/strong>:<\/p>\n<div id=\"fluid-wrapper-counter-1\" class=\"g1-fluid-wrapper \" style=\"width:686px;\">\n<div style=\"padding-bottom:56.268221574344%;\"><iframe loading=\"lazy\" title=\"Rural Billing Overview\" width=\"686\" height=\"386\" src=\"https:\/\/www.youtube.com\/embed\/vav58eNDPVo?feature=oembed&amp;wmode=transparent&amp;autohide=1&amp;autoplay=0&amp;disablekb=0&amp;fs=1&amp;loop=0&amp;enablejsapi=1&amp;rel=0&amp;controls=2&amp;showinfo=0&amp;wmode=transparent&amp;autohide=2&amp;autoplay=0&amp;disablekb=0&amp;fs=1&amp;loop=0&amp;enablejsapi=1&amp;rel=0&amp;controls=2&amp;showinfo=1\" frameborder=\"0\" allow=\"accelerometer; autoplay; clipboard-write; encrypted-media; gyroscope; picture-in-picture\" allowfullscreen><\/iframe><\/div>\n<\/div>\n<h3>RURAL BILLING &#8211; CARATTERISTICHE<\/h3>\n<p>Diamo un&#8217;occhiata alle sue caratteristiche principali:<\/p>\n<ul>\n<li><strong>Flessibilit\u00e0<\/strong>: scegli tu il numero di clienti che vuoi servire (il prezzo si basa su questo numero)<\/li>\n<li><strong>Installazione semplice<\/strong>: aggiungi clienti, commissioni, tariffe differenziate, tariffe forfettarie in modo semplice e veloce<\/li>\n<li><strong>Principali fornitori di contatori<\/strong>: Rural Billing si interfaccia con fornitori come\u00a0Sensus, Neptune, Mueller, Master Meter e altri<\/li>\n<li><strong>Sistema di pagamenti online e\u00a0di fatturazione elettronica<\/strong>: funzionali per migliorare il flusso di cassa e ridurre i costi<\/li>\n<li><strong>Assistenza di alta qualit\u00e0<\/strong>: affidati ad un supporto clienti sempre disponibile a soddisfare le tue esigenze e quelle dei tuoi clienti<\/li>\n<\/ul>\n<h4>LE RECENSIONI DEGLI UTENTI<\/h4>\n<p><strong>Bobbie sue H. &#8220;Ottimo prodotto&#8221;<\/strong><br \/>\nCOMMENTI: bisognerebbe lasciare pi\u00f9 spazio per le note e integrare un modo pi\u00f9 semplice per trasferire i proprietari.<br \/>\nPRO: il software \u00e8 facile da usare.<br \/>\nCONTRO: non abbiamo avuto grossi problemi con questo software &#8230; quando abbiamo iniziato a utilizzarlo non siamo stati in grado di salvare i report in formato .pdf, ma \u00e8 stato aggiornato subito dopo. Sarebbe utile se ci fosse pi\u00f9 spazio per inserire note sugli account dei proprietari e un modo pi\u00f9 semplice per mostrare il trasferimento di propriet\u00e0.<\/p>\n<p><strong>C. darren R. &#8220;Rural Billing \u00e8 di gran lunga il software pi\u00f9 facile da usare che abbiamo visto confrontandolo con gli altri.&#8221;<\/strong><br \/>\nCOMMENTI: tutta la tecnologia attualmente disponibile, rispetto al software stesso, ma soprattutto il servizio clienti. Riceviamo tutti gli aggiornamenti quando diventano disponibili, ma riceviamo un servizio clienti tempestivo che mi piace. In caso di problemi, inviamo semplicemente un&#8217;email e di solito entro poche ore riceviamo una risposta che indica quando e come verr\u00e0 risolto. Non ricordo di aver mai dovuto chiedere aiuto, il che \u00e8 carino.<br \/>\nPRO: \u00e8 semplice e facile da usare, con accesso rapido alle informazioni sull&#8217;account. Non ci sono schermate o informazioni inutili per navigare durante l&#8217;analisi delle richieste dei clienti.<br \/>\nCONTRO: l&#8217;unica cosa che mi viene in mente \u00e8 che la schermata dell&#8217;attivit\u00e0 si riflette su due pagine invece di una, quando si scelgono le date predefinite. A parte questo, non ho lamentele.<\/p>\n<p><strong>Monica B. &#8220;Ottimo prodotto&#8221;<\/strong><br \/>\nCOMMENTI: questo \u00e8 un fantastico programma di fatturazione dell&#8217;acqua della nostra piccola comunit\u00e0.<br \/>\nPRO: mi piace la facilit\u00e0 d&#8217;uso di questo programma. Sono stato inserito nel programma senza formazione o assistenza ed \u00e8 stato molto facile almeno iniziare.<br \/>\nCONTRO: non mi piace che tu non possa cercare ordini di lavoro per ogni account specifico. Devi passare attraverso ogni ordine di lavoro che hai creato per trovarlo.<\/p>\n","protected":false},"excerpt":{"rendered":"<p>Rural Billing \u00e8 un software di fatturazione creato per aziende private di piccole e medie dimensioni con l&#8217;intento di migliorare e facilitare la gestione delle spese, delle commissioni, delle tariffe differenziate e forfettarie, delle bollette e di tutte le utenze aziendali. Dispone di un servizio di fatturazione elettronica e di un sistema di pagamenti online; inoltre il prezzo \u00e8 accessibile a tutti poich\u00e9 si basa sul numero di clienti che serve la tua azienda.<\/p>\n","protected":false},"author":17,"featured_media":37656,"parent":37528,"menu_order":0,"comment_status":"open","ping_status":"closed","template":"g1_template_page_review_new.php","meta":{"_acf_changed":false,"cwp_meta_box_check":"No","cwp_rev_product_name":"","cwp_rev_product_image":"","wppr_links":[],"cwp_rev_price":"","wppr_options":[],"wppr_pros":[],"wppr_cons":[],"_monsterinsights_skip_tracking":false,"_monsterinsights_sitenote_active":false,"_monsterinsights_sitenote_note":"","_monsterinsights_sitenote_category":0,"footnotes":""},"categories":[5020],"tags":[5157,333,5158,5159,5122,5125,5123,5124],"features":[],"class_list":{"0":"post-37655","1":"page","2":"type-page","3":"status-publish","4":"has-post-thumbnail","6":"category-programmi-per-bollette-categoria","7":"tag-bollette","8":"tag-fatturazione","9":"tag-fatturazione-delle-utenze","10":"tag-fatturazione-utenze","11":"tag-piattaforma-per-bollette","12":"tag-programma-per-bollette","13":"tag-software-per-bollete","14":"tag-soluzione-per-bollette"},"wppr_data":{"cwp_meta_box_check":"No"},"acf":[],"yoast_head":"<!-- This site is optimized with the Yoast SEO plugin v27.4 - https:\/\/yoast.com\/product\/yoast-seo-wordpress\/ -->\n<title>Rural Billing: recensione programma bollette - Accurate Reviews<\/title>\n<meta name=\"description\" content=\"Rural Billing \u00e8 un software di fatturazione creato per facilitare la gestione delle utenze di aziende private di piccole e medie dimensioni.\" \/>\n<meta name=\"robots\" content=\"index, follow, max-snippet:-1, max-image-preview:large, max-video-preview:-1\" \/>\n<link rel=\"canonical\" href=\"https:\/\/www.accuratereviews.com\/it\/programmi-per-bollette\/rural-billing-recensione\/\" \/>\n<meta property=\"og:locale\" content=\"it_IT\" \/>\n<meta property=\"og:type\" content=\"article\" \/>\n<meta property=\"og:title\" content=\"Rural Billing: recensione programma bollette - Accurate Reviews\" \/>\n<meta property=\"og:description\" content=\"Rural Billing \u00e8 un software di fatturazione creato per facilitare la gestione delle utenze di aziende private di piccole e medie dimensioni.\" \/>\n<meta property=\"og:url\" content=\"https:\/\/www.accuratereviews.com\/it\/programmi-per-bollette\/rural-billing-recensione\/\" \/>\n<meta property=\"og:site_name\" content=\"Accurate Reviews\" \/>\n<meta property=\"og:image\" content=\"https:\/\/www.accuratereviews.com\/wp-content\/uploads\/2021\/02\/Schermata-2021-02-23-alle-12.01.44.png\" \/>\n\t<meta property=\"og:image:width\" content=\"786\" \/>\n\t<meta property=\"og:image:height\" content=\"210\" \/>\n\t<meta property=\"og:image:type\" content=\"image\/png\" \/>\n<meta name=\"twitter:card\" content=\"summary_large_image\" \/>\n<meta name=\"twitter:label1\" content=\"Tempo di lettura stimato\" \/>\n\t<meta name=\"twitter:data1\" content=\"3 minuti\" \/>\n<script type=\"application\/ld+json\" class=\"yoast-schema-graph\">{\"@context\":\"https:\\\/\\\/schema.org\",\"@graph\":[{\"@type\":\"WebPage\",\"@id\":\"https:\\\/\\\/www.accuratereviews.com\\\/it\\\/programmi-per-bollette\\\/rural-billing-recensione\\\/\",\"url\":\"https:\\\/\\\/www.accuratereviews.com\\\/it\\\/programmi-per-bollette\\\/rural-billing-recensione\\\/\",\"name\":\"Rural Billing: recensione programma bollette - Accurate Reviews\",\"isPartOf\":{\"@id\":\"https:\\\/\\\/www.accuratereviews.com\\\/it\\\/#website\"},\"primaryImageOfPage\":{\"@id\":\"https:\\\/\\\/www.accuratereviews.com\\\/it\\\/programmi-per-bollette\\\/rural-billing-recensione\\\/#primaryimage\"},\"image\":{\"@id\":\"https:\\\/\\\/www.accuratereviews.com\\\/it\\\/programmi-per-bollette\\\/rural-billing-recensione\\\/#primaryimage\"},\"thumbnailUrl\":\"https:\\\/\\\/www.accuratereviews.com\\\/wp-content\\\/uploads\\\/2021\\\/02\\\/Schermata-2021-02-23-alle-12.01.44.png\",\"datePublished\":\"2021-02-23T12:59:19+00:00\",\"description\":\"Rural Billing \u00e8 un software di fatturazione creato per facilitare la gestione delle utenze di aziende private di piccole e medie dimensioni.\",\"breadcrumb\":{\"@id\":\"https:\\\/\\\/www.accuratereviews.com\\\/it\\\/programmi-per-bollette\\\/rural-billing-recensione\\\/#breadcrumb\"},\"inLanguage\":\"it-IT\",\"potentialAction\":[{\"@type\":\"ReadAction\",\"target\":[\"https:\\\/\\\/www.accuratereviews.com\\\/it\\\/programmi-per-bollette\\\/rural-billing-recensione\\\/\"]}]},{\"@type\":\"ImageObject\",\"inLanguage\":\"it-IT\",\"@id\":\"https:\\\/\\\/www.accuratereviews.com\\\/it\\\/programmi-per-bollette\\\/rural-billing-recensione\\\/#primaryimage\",\"url\":\"https:\\\/\\\/www.accuratereviews.com\\\/wp-content\\\/uploads\\\/2021\\\/02\\\/Schermata-2021-02-23-alle-12.01.44.png\",\"contentUrl\":\"https:\\\/\\\/www.accuratereviews.com\\\/wp-content\\\/uploads\\\/2021\\\/02\\\/Schermata-2021-02-23-alle-12.01.44.png\",\"width\":786,\"height\":210},{\"@type\":\"BreadcrumbList\",\"@id\":\"https:\\\/\\\/www.accuratereviews.com\\\/it\\\/programmi-per-bollette\\\/rural-billing-recensione\\\/#breadcrumb\",\"itemListElement\":[{\"@type\":\"ListItem\",\"position\":1,\"name\":\"Home\",\"item\":\"https:\\\/\\\/www.accuratereviews.com\\\/it\\\/\"},{\"@type\":\"ListItem\",\"position\":2,\"name\":\"Programmi per bollette\",\"item\":\"https:\\\/\\\/www.accuratereviews.com\\\/it\\\/programmi-per-bollette\\\/\"},{\"@type\":\"ListItem\",\"position\":3,\"name\":\"Rural Billing\"}]},{\"@type\":\"WebSite\",\"@id\":\"https:\\\/\\\/www.accuratereviews.com\\\/it\\\/#website\",\"url\":\"https:\\\/\\\/www.accuratereviews.com\\\/it\\\/\",\"name\":\"Accurate Reviews\",\"description\":\"\",\"potentialAction\":[{\"@type\":\"SearchAction\",\"target\":{\"@type\":\"EntryPoint\",\"urlTemplate\":\"https:\\\/\\\/www.accuratereviews.com\\\/it\\\/?s={search_term_string}\"},\"query-input\":{\"@type\":\"PropertyValueSpecification\",\"valueRequired\":true,\"valueName\":\"search_term_string\"}}],\"inLanguage\":\"it-IT\"}]}<\/script>\n<!-- \/ Yoast SEO plugin. -->","yoast_head_json":{"title":"Rural Billing: recensione programma bollette - Accurate Reviews","description":"Rural Billing \u00e8 un software di fatturazione creato per facilitare la gestione delle utenze di aziende private di piccole e medie dimensioni.","robots":{"index":"index","follow":"follow","max-snippet":"max-snippet:-1","max-image-preview":"max-image-preview:large","max-video-preview":"max-video-preview:-1"},"canonical":"https:\/\/www.accuratereviews.com\/it\/programmi-per-bollette\/rural-billing-recensione\/","og_locale":"it_IT","og_type":"article","og_title":"Rural Billing: recensione programma bollette - Accurate Reviews","og_description":"Rural Billing \u00e8 un software di fatturazione creato per facilitare la gestione delle utenze di aziende private di piccole e medie dimensioni.","og_url":"https:\/\/www.accuratereviews.com\/it\/programmi-per-bollette\/rural-billing-recensione\/","og_site_name":"Accurate Reviews","og_image":[{"width":786,"height":210,"url":"https:\/\/www.accuratereviews.com\/wp-content\/uploads\/2021\/02\/Schermata-2021-02-23-alle-12.01.44.png","type":"image\/png"}],"twitter_card":"summary_large_image","twitter_misc":{"Tempo di lettura stimato":"3 minuti"},"schema":{"@context":"https:\/\/schema.org","@graph":[{"@type":"WebPage","@id":"https:\/\/www.accuratereviews.com\/it\/programmi-per-bollette\/rural-billing-recensione\/","url":"https:\/\/www.accuratereviews.com\/it\/programmi-per-bollette\/rural-billing-recensione\/","name":"Rural Billing: recensione programma bollette - Accurate Reviews","isPartOf":{"@id":"https:\/\/www.accuratereviews.com\/it\/#website"},"primaryImageOfPage":{"@id":"https:\/\/www.accuratereviews.com\/it\/programmi-per-bollette\/rural-billing-recensione\/#primaryimage"},"image":{"@id":"https:\/\/www.accuratereviews.com\/it\/programmi-per-bollette\/rural-billing-recensione\/#primaryimage"},"thumbnailUrl":"https:\/\/www.accuratereviews.com\/wp-content\/uploads\/2021\/02\/Schermata-2021-02-23-alle-12.01.44.png","datePublished":"2021-02-23T12:59:19+00:00","description":"Rural Billing \u00e8 un software di fatturazione creato per facilitare la gestione delle utenze di aziende private di piccole e medie dimensioni.","breadcrumb":{"@id":"https:\/\/www.accuratereviews.com\/it\/programmi-per-bollette\/rural-billing-recensione\/#breadcrumb"},"inLanguage":"it-IT","potentialAction":[{"@type":"ReadAction","target":["https:\/\/www.accuratereviews.com\/it\/programmi-per-bollette\/rural-billing-recensione\/"]}]},{"@type":"ImageObject","inLanguage":"it-IT","@id":"https:\/\/www.accuratereviews.com\/it\/programmi-per-bollette\/rural-billing-recensione\/#primaryimage","url":"https:\/\/www.accuratereviews.com\/wp-content\/uploads\/2021\/02\/Schermata-2021-02-23-alle-12.01.44.png","contentUrl":"https:\/\/www.accuratereviews.com\/wp-content\/uploads\/2021\/02\/Schermata-2021-02-23-alle-12.01.44.png","width":786,"height":210},{"@type":"BreadcrumbList","@id":"https:\/\/www.accuratereviews.com\/it\/programmi-per-bollette\/rural-billing-recensione\/#breadcrumb","itemListElement":[{"@type":"ListItem","position":1,"name":"Home","item":"https:\/\/www.accuratereviews.com\/it\/"},{"@type":"ListItem","position":2,"name":"Programmi per bollette","item":"https:\/\/www.accuratereviews.com\/it\/programmi-per-bollette\/"},{"@type":"ListItem","position":3,"name":"Rural Billing"}]},{"@type":"WebSite","@id":"https:\/\/www.accuratereviews.com\/it\/#website","url":"https:\/\/www.accuratereviews.com\/it\/","name":"Accurate Reviews","description":"","potentialAction":[{"@type":"SearchAction","target":{"@type":"EntryPoint","urlTemplate":"https:\/\/www.accuratereviews.com\/it\/?s={search_term_string}"},"query-input":{"@type":"PropertyValueSpecification","valueRequired":true,"valueName":"search_term_string"}}],"inLanguage":"it-IT"}]}},"_links":{"self":[{"href":"https:\/\/www.accuratereviews.com\/it\/wp-json\/wp\/v2\/pages\/37655","targetHints":{"allow":["GET"]}}],"collection":[{"href":"https:\/\/www.accuratereviews.com\/it\/wp-json\/wp\/v2\/pages"}],"about":[{"href":"https:\/\/www.accuratereviews.com\/it\/wp-json\/wp\/v2\/types\/page"}],"author":[{"embeddable":true,"href":"https:\/\/www.accuratereviews.com\/it\/wp-json\/wp\/v2\/users\/17"}],"replies":[{"embeddable":true,"href":"https:\/\/www.accuratereviews.com\/it\/wp-json\/wp\/v2\/comments?post=37655"}],"version-history":[{"count":3,"href":"https:\/\/www.accuratereviews.com\/it\/wp-json\/wp\/v2\/pages\/37655\/revisions"}],"predecessor-version":[{"id":37683,"href":"https:\/\/www.accuratereviews.com\/it\/wp-json\/wp\/v2\/pages\/37655\/revisions\/37683"}],"up":[{"embeddable":true,"href":"https:\/\/www.accuratereviews.com\/it\/wp-json\/wp\/v2\/pages\/37528"}],"wp:featuredmedia":[{"embeddable":true,"href":"https:\/\/www.accuratereviews.com\/it\/wp-json\/wp\/v2\/media\/37656"}],"wp:attachment":[{"href":"https:\/\/www.accuratereviews.com\/it\/wp-json\/wp\/v2\/media?parent=37655"}],"wp:term":[{"taxonomy":"category","embeddable":true,"href":"https:\/\/www.accuratereviews.com\/it\/wp-json\/wp\/v2\/categories?post=37655"},{"taxonomy":"post_tag","embeddable":true,"href":"https:\/\/www.accuratereviews.com\/it\/wp-json\/wp\/v2\/tags?post=37655"},{"taxonomy":"features","embeddable":true,"href":"https:\/\/www.accuratereviews.com\/it\/wp-json\/wp\/v2\/features?post=37655"}],"curies":[{"name":"wp","href":"https:\/\/api.w.org\/{rel}","templated":true}]}}