{"id":37686,"date":"2021-02-24T11:40:26","date_gmt":"2021-02-24T11:40:26","guid":{"rendered":"https:\/\/www.accuratereviews.com\/?page_id=37686"},"modified":"2021-02-24T11:40:26","modified_gmt":"2021-02-24T11:40:26","slug":"diversified-billing-recensione","status":"publish","type":"page","link":"https:\/\/www.accuratereviews.com\/it\/programmi-per-bollette\/diversified-billing-recensione\/","title":{"rendered":"Diversified Billing"},"content":{"rendered":"<p><strong>Diversified Billing<\/strong> \u00e8 un <strong>sistema di fatturazione<\/strong> delle utenze che consente alle aziende di gestire il servizio clienti e le operazioni di elaborazione dei pagamenti. \u00c8 disponibile come software LAN installato o come applicazione cloud ed \u00e8 progettato per la fatturazione di acqua, fognature, rifiuti, elettricit\u00e0 e gas. La fatturazione diversificata pu\u00f2 essere personalizzata in base ai requisiti aziendali. La piattaforma crea automaticamente un calendario principale scorrevole con ogni attivit\u00e0 per gestire l&#8217;intero ciclo di fatturazione, dalla lettura dei contatori agli avvisi di chiusura. Fornisce inoltre la dashboard ai manager con una canalizzazione di stato in tempo reale per ogni attivit\u00e0, consentendo ai supervisori di monitorare facilmente le operazioni in tutta l&#8217;organizzazione. Consente inoltre alle aziende di semplificare le operazioni di servizio clienti, generare report specifici per l&#8217;account e inviare PDF tramite posta elettronica o generare stampe.<\/p>\n<h2>DIVERSIFIED BILLING &#8211; TUTORIAL<\/h2>\n<p>Questo video mostra i benefici di usare questo<strong> programma per bollette<\/strong>:<\/p>\n<div id=\"fluid-wrapper-counter-1\" class=\"g1-fluid-wrapper \" style=\"width:686px;\">\n<div style=\"padding-bottom:56.268221574344%;\"><iframe loading=\"lazy\" title=\"Diverisified Billing Overview\" width=\"686\" height=\"386\" src=\"https:\/\/www.youtube.com\/embed\/7iJuTBPl_OU?feature=oembed&amp;wmode=transparent&amp;autohide=1&amp;autoplay=0&amp;disablekb=0&amp;fs=1&amp;loop=0&amp;enablejsapi=1&amp;rel=0&amp;controls=2&amp;showinfo=0&amp;wmode=transparent&amp;autohide=2&amp;autoplay=0&amp;disablekb=0&amp;fs=1&amp;loop=0&amp;enablejsapi=1&amp;rel=0&amp;controls=2&amp;showinfo=1\" frameborder=\"0\" allow=\"accelerometer; autoplay; clipboard-write; encrypted-media; gyroscope; picture-in-picture\" allowfullscreen><\/iframe><\/div>\n<\/div>\n<h2>DIVERSIFIED BILLING &#8211; CARATTERISTICHE<\/h2>\n<ul>\n<li><strong>Fatturazione ricorrente progettata per risparmiare tempo e denaro:<\/strong> indipendentemente dal fatto che le tue fatture siano fisse o a consumo, puoi alimentare il tuo ciclo di fatturazione con assist automatici e controlli degli errori in ogni fase del processo<\/li>\n<li><strong>Strumenti di elaborazione dei pagamenti progettati per eliminare la sequenza di tasti:<\/strong> accelera il tuo processo di fatturazione e migliora la precisione con la suite di strumenti di elaborazione dei pagamenti.<\/li>\n<li><strong>Sistemi di contabilit\u00e0 completamente integrati:<\/strong> \u00a0la soluzione rappresenta due sistemi contabili modulari. Entrambi ti consentono di scegliere solo i moduli richiesti dalla tua azienda e possono essere completamente integrati con gli strumenti di elaborazione della fatturazione e delle ricevute.<\/li>\n<li><strong>Il portale web del cliente consente l&#8217;accesso all&#8217;account, pagamenti online 24 ore su 24, 7 giorni su 7:<\/strong> offri l&#8217;accesso online alle informazioni chiave dell&#8217;account e la possibilit\u00e0 di pagare le bollette online quando si vuole<\/li>\n<li><strong>Ordini di lavoro da mobile:<\/strong> genera ordini di lavoro elettronicamente. Regola pianificazioni e priorit\u00e0, ottenendo lo stato del lavoro in tempo reale.<\/li>\n<\/ul>\n<h4>LE RECENSIONI DEGLI UTENTI<\/h4>\n<p class=\"font-weight-bold mb-1 d-flex align-items-center\"><strong>Susan D.&#8221;Porta l&#8217;efficienza a un livello completamente nuovo.&#8221;<\/strong><\/p>\n<p><strong>Commenti: <\/strong>Sono molto soddisfatto del software. Il servizio clienti \u00e8 veloce, cordiale e competente. Hanno il background per sapere cosa voglio e come eseguirlo. Hanno davvero reso le cose pi\u00f9 semplici per il nostro ufficio e devo loro gratitudine.<\/p>\n<p><strong>Pro: <\/strong>Il codice a barre stampato su ogni fattura rende molto veloce il compito di registrare i pagamenti. Quello che mi occorreva 4 ore per un grosso deposito ora richiede solo 45 minuti.<\/p>\n<p><strong>Contro: <\/strong>Come la maggior parte degli altri software, mancano le opzioni per gli sforzi di raccolta.<\/p>\n<p class=\"font-weight-bold mb-1 d-flex align-items-center\"><strong>Heather D.&#8221;Revisione della fatturazione dell&#8217;utilit\u00e0 visiva&#8221;<\/strong><\/p>\n<p><strong>Commenti: <\/strong>Si sono verificati problemi minimi con questo software e se si sono verificati sono stati risolti entro uno o due giorni.<\/p>\n<p><strong>Pro: <\/strong>Adoro il modo in cui, in ogni processo che devi eseguire, il software ti guida sostanzialmente attraverso ogni passaggio.<\/p>\n<p><strong>Contro:<\/strong>\u00a0confusione del \u00a0proprietario per l&#8217;invio delle fatture via mail<\/p>\n<p class=\"font-weight-bold mb-1 d-flex align-items-center\"><strong>Kelly R.&#8221;Diversified Billing recensione&#8221;<\/strong><\/p>\n<p><strong>Commenti: <\/strong>Nel complesso, il software ha funzionato molto bene per noi. Ci sono funzionalit\u00e0 aggiuntive che sarebbe bello avere ma siamo molto soddisfatti.<\/p>\n<p><strong>Pro: <\/strong>la fatturazione del software \u00e8 molto facile da usare. Il personale \u00e8 molto disponibile quando contattato per problemi.<\/p>\n<p><strong>Contro: <\/strong>Sebbene i rapporti siano molto buoni, sarebbe bello poter personalizzare alcuni rapporti per stampare le informazioni specifiche di cui abbiamo bisogno.<\/p>\n","protected":false},"excerpt":{"rendered":"<p>Diversified Billing \u00e8 un sistema di fatturazione delle utenze che consente alle aziende di gestire il servizio clienti e le operazioni di elaborazione dei pagamenti. \u00c8 disponibile come software LAN installato o come applicazione cloud ed \u00e8 progettato per la fatturazione di acqua, fognature, rifiuti, elettricit\u00e0 e gas.\u00a0<\/p>\n","protected":false},"author":16,"featured_media":37690,"parent":37528,"menu_order":0,"comment_status":"open","ping_status":"closed","template":"g1_template_page_review_new.php","meta":{"_acf_changed":false,"cwp_meta_box_check":"Yes","cwp_rev_product_name":"","cwp_rev_product_image":"","wppr_links":[],"cwp_rev_price":"","wppr_options":[],"wppr_pros":[],"wppr_cons":[],"_monsterinsights_skip_tracking":false,"_monsterinsights_sitenote_active":false,"_monsterinsights_sitenote_note":"","_monsterinsights_sitenote_category":0,"footnotes":""},"categories":[5020],"tags":[5166,5165,5119,5121,5164],"features":[],"class_list":{"0":"post-37686","1":"page","2":"type-page","3":"status-publish","4":"has-post-thumbnail","6":"category-programmi-per-bollette-categoria","7":"tag-diversified-billing","8":"tag-piattaforme-per-bollette","9":"tag-programmi-per-bollette","10":"tag-software-per-bollette","11":"tag-soluzioni-per-bollette"},"wppr_data":{"cwp_meta_box_check":"Yes","cwp_rev_product_name":"","cwp_rev_product_image":"","cwp_image_link":"image","cwp_rev_price":"","wppr_rating":"0.00"},"acf":[],"yoast_head":"<!-- This site is optimized with the Yoast SEO plugin v27.4 - https:\/\/yoast.com\/product\/yoast-seo-wordpress\/ -->\n<title>Diversified Billing: recensione programma bollette - Accurate Reviews<\/title>\n<meta name=\"description\" content=\"Diversified Billing: recensione sistema di fatturazione delle utenze che consente alle aziende di gestire il servizio clienti e i pagamenti.\" \/>\n<meta name=\"robots\" content=\"index, follow, max-snippet:-1, max-image-preview:large, max-video-preview:-1\" \/>\n<link rel=\"canonical\" href=\"https:\/\/www.accuratereviews.com\/it\/programmi-per-bollette\/diversified-billing-recensione\/\" \/>\n<meta property=\"og:locale\" content=\"it_IT\" \/>\n<meta property=\"og:type\" content=\"article\" \/>\n<meta property=\"og:title\" content=\"Diversified Billing: recensione programma bollette - Accurate Reviews\" \/>\n<meta property=\"og:description\" content=\"Diversified Billing: recensione sistema di fatturazione delle utenze che consente alle aziende di gestire il servizio clienti e i pagamenti.\" \/>\n<meta property=\"og:url\" content=\"https:\/\/www.accuratereviews.com\/it\/programmi-per-bollette\/diversified-billing-recensione\/\" \/>\n<meta property=\"og:site_name\" content=\"Accurate Reviews\" \/>\n<meta property=\"og:image\" content=\"https:\/\/www.accuratereviews.com\/wp-content\/uploads\/2021\/02\/DIV3.png\" \/>\n\t<meta property=\"og:image:width\" content=\"200\" \/>\n\t<meta property=\"og:image:height\" content=\"200\" \/>\n\t<meta property=\"og:image:type\" content=\"image\/png\" \/>\n<meta name=\"twitter:card\" content=\"summary_large_image\" \/>\n<meta name=\"twitter:label1\" content=\"Tempo di lettura stimato\" \/>\n\t<meta name=\"twitter:data1\" content=\"3 minuti\" \/>\n<script type=\"application\/ld+json\" class=\"yoast-schema-graph\">{\"@context\":\"https:\\\/\\\/schema.org\",\"@graph\":[{\"@type\":\"WebPage\",\"@id\":\"https:\\\/\\\/www.accuratereviews.com\\\/it\\\/programmi-per-bollette\\\/diversified-billing-recensione\\\/\",\"url\":\"https:\\\/\\\/www.accuratereviews.com\\\/it\\\/programmi-per-bollette\\\/diversified-billing-recensione\\\/\",\"name\":\"Diversified Billing: recensione programma bollette - Accurate Reviews\",\"isPartOf\":{\"@id\":\"https:\\\/\\\/www.accuratereviews.com\\\/it\\\/#website\"},\"primaryImageOfPage\":{\"@id\":\"https:\\\/\\\/www.accuratereviews.com\\\/it\\\/programmi-per-bollette\\\/diversified-billing-recensione\\\/#primaryimage\"},\"image\":{\"@id\":\"https:\\\/\\\/www.accuratereviews.com\\\/it\\\/programmi-per-bollette\\\/diversified-billing-recensione\\\/#primaryimage\"},\"thumbnailUrl\":\"https:\\\/\\\/www.accuratereviews.com\\\/wp-content\\\/uploads\\\/2021\\\/02\\\/DIV3.png\",\"datePublished\":\"2021-02-24T11:40:26+00:00\",\"description\":\"Diversified Billing: recensione sistema di fatturazione delle utenze che consente alle aziende di gestire il servizio clienti e i pagamenti.\",\"breadcrumb\":{\"@id\":\"https:\\\/\\\/www.accuratereviews.com\\\/it\\\/programmi-per-bollette\\\/diversified-billing-recensione\\\/#breadcrumb\"},\"inLanguage\":\"it-IT\",\"potentialAction\":[{\"@type\":\"ReadAction\",\"target\":[\"https:\\\/\\\/www.accuratereviews.com\\\/it\\\/programmi-per-bollette\\\/diversified-billing-recensione\\\/\"]}]},{\"@type\":\"ImageObject\",\"inLanguage\":\"it-IT\",\"@id\":\"https:\\\/\\\/www.accuratereviews.com\\\/it\\\/programmi-per-bollette\\\/diversified-billing-recensione\\\/#primaryimage\",\"url\":\"https:\\\/\\\/www.accuratereviews.com\\\/wp-content\\\/uploads\\\/2021\\\/02\\\/DIV3.png\",\"contentUrl\":\"https:\\\/\\\/www.accuratereviews.com\\\/wp-content\\\/uploads\\\/2021\\\/02\\\/DIV3.png\",\"width\":200,\"height\":200},{\"@type\":\"BreadcrumbList\",\"@id\":\"https:\\\/\\\/www.accuratereviews.com\\\/it\\\/programmi-per-bollette\\\/diversified-billing-recensione\\\/#breadcrumb\",\"itemListElement\":[{\"@type\":\"ListItem\",\"position\":1,\"name\":\"Home\",\"item\":\"https:\\\/\\\/www.accuratereviews.com\\\/it\\\/\"},{\"@type\":\"ListItem\",\"position\":2,\"name\":\"Programmi per bollette\",\"item\":\"https:\\\/\\\/www.accuratereviews.com\\\/it\\\/programmi-per-bollette\\\/\"},{\"@type\":\"ListItem\",\"position\":3,\"name\":\"Diversified Billing\"}]},{\"@type\":\"WebSite\",\"@id\":\"https:\\\/\\\/www.accuratereviews.com\\\/it\\\/#website\",\"url\":\"https:\\\/\\\/www.accuratereviews.com\\\/it\\\/\",\"name\":\"Accurate Reviews\",\"description\":\"\",\"potentialAction\":[{\"@type\":\"SearchAction\",\"target\":{\"@type\":\"EntryPoint\",\"urlTemplate\":\"https:\\\/\\\/www.accuratereviews.com\\\/it\\\/?s={search_term_string}\"},\"query-input\":{\"@type\":\"PropertyValueSpecification\",\"valueRequired\":true,\"valueName\":\"search_term_string\"}}],\"inLanguage\":\"it-IT\"}]}<\/script>\n<!-- \/ Yoast SEO plugin. -->","yoast_head_json":{"title":"Diversified Billing: recensione programma bollette - Accurate Reviews","description":"Diversified Billing: recensione sistema di fatturazione delle utenze che consente alle aziende di gestire il servizio clienti e i pagamenti.","robots":{"index":"index","follow":"follow","max-snippet":"max-snippet:-1","max-image-preview":"max-image-preview:large","max-video-preview":"max-video-preview:-1"},"canonical":"https:\/\/www.accuratereviews.com\/it\/programmi-per-bollette\/diversified-billing-recensione\/","og_locale":"it_IT","og_type":"article","og_title":"Diversified Billing: recensione programma bollette - Accurate Reviews","og_description":"Diversified Billing: recensione sistema di fatturazione delle utenze che consente alle aziende di gestire il servizio clienti e i pagamenti.","og_url":"https:\/\/www.accuratereviews.com\/it\/programmi-per-bollette\/diversified-billing-recensione\/","og_site_name":"Accurate Reviews","og_image":[{"width":200,"height":200,"url":"https:\/\/www.accuratereviews.com\/wp-content\/uploads\/2021\/02\/DIV3.png","type":"image\/png"}],"twitter_card":"summary_large_image","twitter_misc":{"Tempo di lettura stimato":"3 minuti"},"schema":{"@context":"https:\/\/schema.org","@graph":[{"@type":"WebPage","@id":"https:\/\/www.accuratereviews.com\/it\/programmi-per-bollette\/diversified-billing-recensione\/","url":"https:\/\/www.accuratereviews.com\/it\/programmi-per-bollette\/diversified-billing-recensione\/","name":"Diversified Billing: recensione programma bollette - Accurate Reviews","isPartOf":{"@id":"https:\/\/www.accuratereviews.com\/it\/#website"},"primaryImageOfPage":{"@id":"https:\/\/www.accuratereviews.com\/it\/programmi-per-bollette\/diversified-billing-recensione\/#primaryimage"},"image":{"@id":"https:\/\/www.accuratereviews.com\/it\/programmi-per-bollette\/diversified-billing-recensione\/#primaryimage"},"thumbnailUrl":"https:\/\/www.accuratereviews.com\/wp-content\/uploads\/2021\/02\/DIV3.png","datePublished":"2021-02-24T11:40:26+00:00","description":"Diversified Billing: recensione sistema di fatturazione delle utenze che consente alle aziende di gestire il servizio clienti e i pagamenti.","breadcrumb":{"@id":"https:\/\/www.accuratereviews.com\/it\/programmi-per-bollette\/diversified-billing-recensione\/#breadcrumb"},"inLanguage":"it-IT","potentialAction":[{"@type":"ReadAction","target":["https:\/\/www.accuratereviews.com\/it\/programmi-per-bollette\/diversified-billing-recensione\/"]}]},{"@type":"ImageObject","inLanguage":"it-IT","@id":"https:\/\/www.accuratereviews.com\/it\/programmi-per-bollette\/diversified-billing-recensione\/#primaryimage","url":"https:\/\/www.accuratereviews.com\/wp-content\/uploads\/2021\/02\/DIV3.png","contentUrl":"https:\/\/www.accuratereviews.com\/wp-content\/uploads\/2021\/02\/DIV3.png","width":200,"height":200},{"@type":"BreadcrumbList","@id":"https:\/\/www.accuratereviews.com\/it\/programmi-per-bollette\/diversified-billing-recensione\/#breadcrumb","itemListElement":[{"@type":"ListItem","position":1,"name":"Home","item":"https:\/\/www.accuratereviews.com\/it\/"},{"@type":"ListItem","position":2,"name":"Programmi per bollette","item":"https:\/\/www.accuratereviews.com\/it\/programmi-per-bollette\/"},{"@type":"ListItem","position":3,"name":"Diversified Billing"}]},{"@type":"WebSite","@id":"https:\/\/www.accuratereviews.com\/it\/#website","url":"https:\/\/www.accuratereviews.com\/it\/","name":"Accurate Reviews","description":"","potentialAction":[{"@type":"SearchAction","target":{"@type":"EntryPoint","urlTemplate":"https:\/\/www.accuratereviews.com\/it\/?s={search_term_string}"},"query-input":{"@type":"PropertyValueSpecification","valueRequired":true,"valueName":"search_term_string"}}],"inLanguage":"it-IT"}]}},"_links":{"self":[{"href":"https:\/\/www.accuratereviews.com\/it\/wp-json\/wp\/v2\/pages\/37686","targetHints":{"allow":["GET"]}}],"collection":[{"href":"https:\/\/www.accuratereviews.com\/it\/wp-json\/wp\/v2\/pages"}],"about":[{"href":"https:\/\/www.accuratereviews.com\/it\/wp-json\/wp\/v2\/types\/page"}],"author":[{"embeddable":true,"href":"https:\/\/www.accuratereviews.com\/it\/wp-json\/wp\/v2\/users\/16"}],"replies":[{"embeddable":true,"href":"https:\/\/www.accuratereviews.com\/it\/wp-json\/wp\/v2\/comments?post=37686"}],"version-history":[{"count":12,"href":"https:\/\/www.accuratereviews.com\/it\/wp-json\/wp\/v2\/pages\/37686\/revisions"}],"predecessor-version":[{"id":37727,"href":"https:\/\/www.accuratereviews.com\/it\/wp-json\/wp\/v2\/pages\/37686\/revisions\/37727"}],"up":[{"embeddable":true,"href":"https:\/\/www.accuratereviews.com\/it\/wp-json\/wp\/v2\/pages\/37528"}],"wp:featuredmedia":[{"embeddable":true,"href":"https:\/\/www.accuratereviews.com\/it\/wp-json\/wp\/v2\/media\/37690"}],"wp:attachment":[{"href":"https:\/\/www.accuratereviews.com\/it\/wp-json\/wp\/v2\/media?parent=37686"}],"wp:term":[{"taxonomy":"category","embeddable":true,"href":"https:\/\/www.accuratereviews.com\/it\/wp-json\/wp\/v2\/categories?post=37686"},{"taxonomy":"post_tag","embeddable":true,"href":"https:\/\/www.accuratereviews.com\/it\/wp-json\/wp\/v2\/tags?post=37686"},{"taxonomy":"features","embeddable":true,"href":"https:\/\/www.accuratereviews.com\/it\/wp-json\/wp\/v2\/features?post=37686"}],"curies":[{"name":"wp","href":"https:\/\/api.w.org\/{rel}","templated":true}]}}